{"id":4872,"date":"2022-02-20T17:08:57","date_gmt":"2022-02-20T17:08:57","guid":{"rendered":"https:\/\/medicinasinc.com\/sl\/?post_type=product&#038;p=4872"},"modified":"2022-03-19T00:51:29","modified_gmt":"2022-03-19T00:51:29","slug":"kupiti-gelato-shatter","status":"publish","type":"product","link":"https:\/\/medicinasinc.com\/sl\/product\/kupiti-gelato-shatter\/","title":{"rendered":"Kupite Gelato Shatter"},"content":{"rendered":"<p>Gelato Shatter \u2013 Premium Indica Dominant Hybrid \u2013 55% Indica\/45% Sativa<\/p>\n<p>Gelato, imenovan tudi &#8216;Larry Bird&#8217;, je hibridni sev z rahlo prevladujo\u010do indico, ustvarjen s kri\u017eanjem Sunset Sherbert in Tanki metini skavtski pi\u0161kotki. Njegova prijetna aroma bo pritegnila tudi najbolj izku\u0161enega uporabnika. Ima sladko, skoraj tortasto aromo, ki jo poudarjajo note sve\u017ee sivke in borovnic. Medtem ko je Gelato obo\u017eevan zaradi njegovega prijetnega okusa, je najbolj znan po svojih evfori\u010dnih lastnostih. Neizku\u0161enim uporabnikom svetujemo previdnost, saj ta sev v nekaj minutah po kajenju povzro\u010di mo\u010dan mo\u017eganski dvig. Ti mo\u010dni mo\u017eganski u\u010dinki ne bodo pustili uporabnika zaspanega ali zaprtega na kav\u010du, temve\u010d bodo spodbujali pozitivno razmi\u0161ljanje in osredoto\u010deno energijo. Ko se ta evforija postopoma krepi, telo vstopi v bla\u017eeno stanje spro\u0161\u010denosti, s \u010dimer se uporabnik popolnoma sprosti. Zaradi mo\u010dnih, a uravnote\u017eenih u\u010dinkov Gelato je idealen za zdravljenje razli\u010dnih stanj, vklju\u010dno z mi\u0161i\u010dnimi kr\u010di, migrenskimi glavoboli, kroni\u010dno utrujenostjo in kroni\u010dno bole\u010dino, ki jo povzro\u010da vnetje.<\/p>\n","protected":false},"excerpt":{"rendered":"<p>Kupite Gelato Shatter za prodajo v Zdru\u017eenem kraljestvu, Evropi &#8211; Najvi\u0161ja polica najve\u010dje spletne ambulante na svetu, Buy My Weed Online.<\/p>\n<ul>\n<li>Po\u0161iljanje po vsem svetu<\/li>\n<li><strong>Ocena: AAAAA<\/strong><\/li>\n<li><strong>Za ve\u010dja naro\u010dila nas kontaktirajte<\/strong>\u00a0.<\/li>\n<\/ul>\n","protected":false},"featured_media":4887,"comment_status":"open","ping_status":"closed","template":"","meta":[],"product_brand":[],"product_cat":[777],"product_tag":[],"class_list":{"0":"post-4872","1":"product","2":"type-product","3":"status-publish","4":"has-post-thumbnail","6":"product_cat-kupiti-razbiti","8":"first","9":"instock","10":"shipping-taxable","11":"purchasable","12":"product-type-variable","13":"has-default-attributes"},"yoast_head":"<!-- This site is optimized with the Yoast SEO plugin v27.3 - https:\/\/yoast.com\/product\/yoast-seo-wordpress\/ -->\n<title>Kupite Gelato Shatter - najbolj\u0161a najbolj\u0161a zdravila na svetu<\/title>\n<meta name=\"description\" content=\"Kupite Gelato Shatter za prodajo UK,Europe - Top Shelf online Europe iz najve\u010dje spletne ambulante,Buy My Weed Online.\" \/>\n<meta name=\"robots\" content=\"index, follow, max-snippet:-1, max-image-preview:large, max-video-preview:-1\" \/>\n<link rel=\"canonical\" href=\"https:\/\/medicinasinc.com\/sl\/product\/kupiti-gelato-shatter\/\" \/>\n<meta property=\"og:locale\" content=\"en_US\" \/>\n<meta property=\"og:type\" content=\"article\" \/>\n<meta property=\"og:title\" content=\"Kupite Gelato Shatter - najbolj\u0161a najbolj\u0161a zdravila na svetu\" \/>\n<meta property=\"og:description\" content=\"Kupite Gelato Shatter za prodajo UK,Europe - Top Shelf online Europe iz najve\u010dje spletne ambulante,Buy My Weed Online.\" \/>\n<meta property=\"og:url\" content=\"https:\/\/medicinasinc.com\/sl\/product\/kupiti-gelato-shatter\/\" \/>\n<meta property=\"og:site_name\" content=\"Medicinas Inc\" \/>\n<meta property=\"article:modified_time\" content=\"2022-03-19T00:51:29+00:00\" \/>\n<meta property=\"og:image\" content=\"https:\/\/medicinasinc.com\/sl\/wp-content\/uploads\/sites\/7\/2022\/02\/Buy-Gelato-Shatter.jpg\" \/>\n\t<meta property=\"og:image:width\" content=\"600\" \/>\n\t<meta property=\"og:image:height\" content=\"600\" \/>\n\t<meta property=\"og:image:type\" content=\"image\/jpeg\" \/>\n<meta name=\"twitter:card\" content=\"summary_large_image\" \/>\n<meta name=\"twitter:label1\" content=\"Est. reading time\" \/>\n\t<meta name=\"twitter:data1\" content=\"1 minute\" \/>\n<script type=\"application\/ld+json\" class=\"yoast-schema-graph\">{\"@context\":\"https:\\\/\\\/schema.org\",\"@graph\":[{\"@type\":\"WebPage\",\"@id\":\"https:\\\/\\\/medicinasinc.com\\\/sl\\\/product\\\/kupiti-gelato-shatter\\\/\",\"url\":\"https:\\\/\\\/medicinasinc.com\\\/sl\\\/product\\\/kupiti-gelato-shatter\\\/\",\"name\":\"Kupite Gelato Shatter - najbolj\u0161a najbolj\u0161a zdravila na svetu\",\"isPartOf\":{\"@id\":\"https:\\\/\\\/medicinasinc.com\\\/sl\\\/#website\"},\"primaryImageOfPage\":{\"@id\":\"https:\\\/\\\/medicinasinc.com\\\/sl\\\/product\\\/kupiti-gelato-shatter\\\/#primaryimage\"},\"image\":{\"@id\":\"https:\\\/\\\/medicinasinc.com\\\/sl\\\/product\\\/kupiti-gelato-shatter\\\/#primaryimage\"},\"thumbnailUrl\":\"https:\\\/\\\/medicinasinc.com\\\/sl\\\/wp-content\\\/uploads\\\/sites\\\/7\\\/2022\\\/02\\\/Buy-Gelato-Shatter.jpg\",\"datePublished\":\"2022-02-20T17:08:57+00:00\",\"dateModified\":\"2022-03-19T00:51:29+00:00\",\"description\":\"Kupite Gelato Shatter za prodajo UK,Europe - Top Shelf online Europe iz najve\u010dje spletne ambulante,Buy My Weed Online.\",\"breadcrumb\":{\"@id\":\"https:\\\/\\\/medicinasinc.com\\\/sl\\\/product\\\/kupiti-gelato-shatter\\\/#breadcrumb\"},\"inLanguage\":\"en-US\",\"potentialAction\":[{\"@type\":\"ReadAction\",\"target\":[\"https:\\\/\\\/medicinasinc.com\\\/sl\\\/product\\\/kupiti-gelato-shatter\\\/\"]}]},{\"@type\":\"ImageObject\",\"inLanguage\":\"en-US\",\"@id\":\"https:\\\/\\\/medicinasinc.com\\\/sl\\\/product\\\/kupiti-gelato-shatter\\\/#primaryimage\",\"url\":\"https:\\\/\\\/medicinasinc.com\\\/sl\\\/wp-content\\\/uploads\\\/sites\\\/7\\\/2022\\\/02\\\/Buy-Gelato-Shatter.jpg\",\"contentUrl\":\"https:\\\/\\\/medicinasinc.com\\\/sl\\\/wp-content\\\/uploads\\\/sites\\\/7\\\/2022\\\/02\\\/Buy-Gelato-Shatter.jpg\",\"width\":600,\"height\":600},{\"@type\":\"BreadcrumbList\",\"@id\":\"https:\\\/\\\/medicinasinc.com\\\/sl\\\/product\\\/kupiti-gelato-shatter\\\/#breadcrumb\",\"itemListElement\":[{\"@type\":\"ListItem\",\"position\":1,\"name\":\"Nakupujte\",\"item\":\"https:\\\/\\\/medicinasinc.com\\\/sl\\\/nakupujte\\\/\"},{\"@type\":\"ListItem\",\"position\":2,\"name\":\"Kupite Gelato Shatter\"}]},{\"@type\":\"WebSite\",\"@id\":\"https:\\\/\\\/medicinasinc.com\\\/sl\\\/#website\",\"url\":\"https:\\\/\\\/medicinasinc.com\\\/sl\\\/\",\"name\":\"Medicinas Inc\",\"description\":\"Health Medical Clinic\",\"potentialAction\":[{\"@type\":\"SearchAction\",\"target\":{\"@type\":\"EntryPoint\",\"urlTemplate\":\"https:\\\/\\\/medicinasinc.com\\\/sl\\\/?s={search_term_string}\"},\"query-input\":{\"@type\":\"PropertyValueSpecification\",\"valueRequired\":true,\"valueName\":\"search_term_string\"}}],\"inLanguage\":\"en-US\"}]}<\/script>\n<!-- \/ Yoast SEO plugin. -->","yoast_head_json":{"title":"Kupite Gelato Shatter - najbolj\u0161a najbolj\u0161a zdravila na svetu","description":"Kupite Gelato Shatter za prodajo UK,Europe - Top Shelf online Europe iz najve\u010dje spletne ambulante,Buy My Weed Online.","robots":{"index":"index","follow":"follow","max-snippet":"max-snippet:-1","max-image-preview":"max-image-preview:large","max-video-preview":"max-video-preview:-1"},"canonical":"https:\/\/medicinasinc.com\/sl\/product\/kupiti-gelato-shatter\/","og_locale":"en_US","og_type":"article","og_title":"Kupite Gelato Shatter - najbolj\u0161a najbolj\u0161a zdravila na svetu","og_description":"Kupite Gelato Shatter za prodajo UK,Europe - Top Shelf online Europe iz najve\u010dje spletne ambulante,Buy My Weed Online.","og_url":"https:\/\/medicinasinc.com\/sl\/product\/kupiti-gelato-shatter\/","og_site_name":"Medicinas Inc","article_modified_time":"2022-03-19T00:51:29+00:00","og_image":[{"width":600,"height":600,"url":"https:\/\/medicinasinc.com\/sl\/wp-content\/uploads\/sites\/7\/2022\/02\/Buy-Gelato-Shatter.jpg","type":"image\/jpeg"}],"twitter_card":"summary_large_image","twitter_misc":{"Est. reading time":"1 minute"},"schema":{"@context":"https:\/\/schema.org","@graph":[{"@type":"WebPage","@id":"https:\/\/medicinasinc.com\/sl\/product\/kupiti-gelato-shatter\/","url":"https:\/\/medicinasinc.com\/sl\/product\/kupiti-gelato-shatter\/","name":"Kupite Gelato Shatter - najbolj\u0161a najbolj\u0161a zdravila na svetu","isPartOf":{"@id":"https:\/\/medicinasinc.com\/sl\/#website"},"primaryImageOfPage":{"@id":"https:\/\/medicinasinc.com\/sl\/product\/kupiti-gelato-shatter\/#primaryimage"},"image":{"@id":"https:\/\/medicinasinc.com\/sl\/product\/kupiti-gelato-shatter\/#primaryimage"},"thumbnailUrl":"https:\/\/medicinasinc.com\/sl\/wp-content\/uploads\/sites\/7\/2022\/02\/Buy-Gelato-Shatter.jpg","datePublished":"2022-02-20T17:08:57+00:00","dateModified":"2022-03-19T00:51:29+00:00","description":"Kupite Gelato Shatter za prodajo UK,Europe - Top Shelf online Europe iz najve\u010dje spletne ambulante,Buy My Weed Online.","breadcrumb":{"@id":"https:\/\/medicinasinc.com\/sl\/product\/kupiti-gelato-shatter\/#breadcrumb"},"inLanguage":"en-US","potentialAction":[{"@type":"ReadAction","target":["https:\/\/medicinasinc.com\/sl\/product\/kupiti-gelato-shatter\/"]}]},{"@type":"ImageObject","inLanguage":"en-US","@id":"https:\/\/medicinasinc.com\/sl\/product\/kupiti-gelato-shatter\/#primaryimage","url":"https:\/\/medicinasinc.com\/sl\/wp-content\/uploads\/sites\/7\/2022\/02\/Buy-Gelato-Shatter.jpg","contentUrl":"https:\/\/medicinasinc.com\/sl\/wp-content\/uploads\/sites\/7\/2022\/02\/Buy-Gelato-Shatter.jpg","width":600,"height":600},{"@type":"BreadcrumbList","@id":"https:\/\/medicinasinc.com\/sl\/product\/kupiti-gelato-shatter\/#breadcrumb","itemListElement":[{"@type":"ListItem","position":1,"name":"Nakupujte","item":"https:\/\/medicinasinc.com\/sl\/nakupujte\/"},{"@type":"ListItem","position":2,"name":"Kupite Gelato Shatter"}]},{"@type":"WebSite","@id":"https:\/\/medicinasinc.com\/sl\/#website","url":"https:\/\/medicinasinc.com\/sl\/","name":"Medicinas Inc","description":"Health Medical Clinic","potentialAction":[{"@type":"SearchAction","target":{"@type":"EntryPoint","urlTemplate":"https:\/\/medicinasinc.com\/sl\/?s={search_term_string}"},"query-input":{"@type":"PropertyValueSpecification","valueRequired":true,"valueName":"search_term_string"}}],"inLanguage":"en-US"}]}},"_links":{"self":[{"href":"https:\/\/medicinasinc.com\/sl\/wp-json\/wp\/v2\/product\/4872","targetHints":{"allow":["GET"]}}],"collection":[{"href":"https:\/\/medicinasinc.com\/sl\/wp-json\/wp\/v2\/product"}],"about":[{"href":"https:\/\/medicinasinc.com\/sl\/wp-json\/wp\/v2\/types\/product"}],"replies":[{"embeddable":true,"href":"https:\/\/medicinasinc.com\/sl\/wp-json\/wp\/v2\/comments?post=4872"}],"wp:featuredmedia":[{"embeddable":true,"href":"https:\/\/medicinasinc.com\/sl\/wp-json\/wp\/v2\/media\/4887"}],"wp:attachment":[{"href":"https:\/\/medicinasinc.com\/sl\/wp-json\/wp\/v2\/media?parent=4872"}],"wp:term":[{"taxonomy":"product_brand","embeddable":true,"href":"https:\/\/medicinasinc.com\/sl\/wp-json\/wp\/v2\/product_brand?post=4872"},{"taxonomy":"product_cat","embeddable":true,"href":"https:\/\/medicinasinc.com\/sl\/wp-json\/wp\/v2\/product_cat?post=4872"},{"taxonomy":"product_tag","embeddable":true,"href":"https:\/\/medicinasinc.com\/sl\/wp-json\/wp\/v2\/product_tag?post=4872"}],"curies":[{"name":"wp","href":"https:\/\/api.w.org\/{rel}","templated":true}]}}