{"id":4871,"date":"2022-02-20T17:08:15","date_gmt":"2022-02-20T17:08:15","guid":{"rendered":"https:\/\/medicinasinc.com\/sl\/?post_type=product&#038;p=4871"},"modified":"2022-03-19T00:51:42","modified_gmt":"2022-03-19T00:51:42","slug":"kupi-borovnica-nuken-shatter-top-shelf","status":"publish","type":"product","link":"https:\/\/medicinasinc.com\/sl\/product\/kupi-borovnica-nuken-shatter-top-shelf\/","title":{"rendered":"Kupite Blueberry Nuken Shatter \u2013 zgornja polica"},"content":{"rendered":"<div class=\"descblock ff\">Nuken zagotavlja zdravilne prednosti indic brez utrujenosti ali sedacije, povezane z indicami. Nuken ustvari dolgotrajno in izjemno spro\u0161\u010dujo\u010de telo, hkrati pa uporabniku omogo\u010da izvajanje nalog in interakcijo s prijatelji. Ko se u\u010dinki seva okrepijo, bodo uporabniki ob\u010dutili rahel ob\u010dutek segrevanja, ki se za\u010dne v hrbtenici in se postopoma \u0161iri po telesu, kar laj\u0161a morebitno bole\u010dino ali nelagodje v mi\u0161icah. Te u\u010dinke spremlja intenzivna introspekcija, zaradi \u010desar se lahko nekateri novi uporabniki po\u010dutijo nekoliko dezorientirane. Nuken se uporablja za zdravljenje kroni\u010dne bole\u010dine in vnetja, pa tudi blage depresije, anksioznosti in kroni\u010dnega stresa.<\/div>\n<div class=\"product-next-previous\">\n<div class=\"product-prev\"><\/div><\/div>\n","protected":false},"excerpt":{"rendered":"<p>Kupite Blueberry Nuken Shatter UK, Evropa na spletu v spletni ambulanti bestglobalmeds, EZ Weed Online Cannabis Dispensary.<\/p>\n<ul>\n<li>Po\u0161iljanje po vsem svetu<\/li>\n<li><strong>Razred: AAAAA<\/strong><\/li>\n<li><strong>Obrnite se na nas<\/strong>\u00a0za ve\u010dja naro\u010dila<\/li>\n<li>DPD Post Xpresspost BREZPLA\u010cNA po\u0161tnina za naro\u010dila nad 200 USD<\/li>\n<\/ul>\n","protected":false},"featured_media":4885,"comment_status":"open","ping_status":"closed","template":"","meta":[],"product_brand":[],"product_cat":[777],"product_tag":[],"class_list":{"0":"post-4871","1":"product","2":"type-product","3":"status-publish","4":"has-post-thumbnail","6":"product_cat-kupiti-razbiti","8":"first","9":"instock","10":"shipping-taxable","11":"purchasable","12":"product-type-variable","13":"has-default-attributes"},"yoast_head":"<!-- This site is optimized with the Yoast SEO plugin v27.3 - https:\/\/yoast.com\/product\/yoast-seo-wordpress\/ -->\n<title>Kupite Blueberry Nuken Shatter \u2013 najvi\u0161ja polica \u2013 najbolj\u0161a najbolj\u0161a zdravila na svetu<\/title>\n<meta name=\"description\" content=\"Kupite Blueberry Nuken Shatter UK, Europe na spletu v spletni ambulanti #1 v Kanadi, Best Global Weed Online Cannabis Dispensary.\" \/>\n<meta name=\"robots\" content=\"index, follow, max-snippet:-1, max-image-preview:large, max-video-preview:-1\" \/>\n<link rel=\"canonical\" href=\"https:\/\/medicinasinc.com\/sl\/product\/kupi-borovnica-nuken-shatter-top-shelf\/\" \/>\n<meta property=\"og:locale\" content=\"en_US\" \/>\n<meta property=\"og:type\" content=\"article\" \/>\n<meta property=\"og:title\" content=\"Kupite Blueberry Nuken Shatter \u2013 najvi\u0161ja polica \u2013 najbolj\u0161a najbolj\u0161a zdravila na svetu\" \/>\n<meta property=\"og:description\" content=\"Kupite Blueberry Nuken Shatter UK, Europe na spletu v spletni ambulanti #1 v Kanadi, Best Global Weed Online Cannabis Dispensary.\" \/>\n<meta property=\"og:url\" content=\"https:\/\/medicinasinc.com\/sl\/product\/kupi-borovnica-nuken-shatter-top-shelf\/\" \/>\n<meta property=\"og:site_name\" content=\"Medicinas Inc\" \/>\n<meta property=\"article:modified_time\" content=\"2022-03-19T00:51:42+00:00\" \/>\n<meta property=\"og:image\" content=\"https:\/\/medicinasinc.com\/sl\/wp-content\/uploads\/sites\/7\/2022\/02\/Buy-Blueberry-Nuken-Shatter.jpg\" \/>\n\t<meta property=\"og:image:width\" content=\"600\" \/>\n\t<meta property=\"og:image:height\" content=\"600\" \/>\n\t<meta property=\"og:image:type\" content=\"image\/jpeg\" \/>\n<meta name=\"twitter:card\" content=\"summary_large_image\" \/>\n<meta name=\"twitter:label1\" content=\"Est. reading time\" \/>\n\t<meta name=\"twitter:data1\" content=\"1 minute\" \/>\n<script type=\"application\/ld+json\" class=\"yoast-schema-graph\">{\"@context\":\"https:\\\/\\\/schema.org\",\"@graph\":[{\"@type\":\"WebPage\",\"@id\":\"https:\\\/\\\/medicinasinc.com\\\/sl\\\/product\\\/kupi-borovnica-nuken-shatter-top-shelf\\\/\",\"url\":\"https:\\\/\\\/medicinasinc.com\\\/sl\\\/product\\\/kupi-borovnica-nuken-shatter-top-shelf\\\/\",\"name\":\"Kupite Blueberry Nuken Shatter \u2013 najvi\u0161ja polica \u2013 najbolj\u0161a najbolj\u0161a zdravila na svetu\",\"isPartOf\":{\"@id\":\"https:\\\/\\\/medicinasinc.com\\\/sl\\\/#website\"},\"primaryImageOfPage\":{\"@id\":\"https:\\\/\\\/medicinasinc.com\\\/sl\\\/product\\\/kupi-borovnica-nuken-shatter-top-shelf\\\/#primaryimage\"},\"image\":{\"@id\":\"https:\\\/\\\/medicinasinc.com\\\/sl\\\/product\\\/kupi-borovnica-nuken-shatter-top-shelf\\\/#primaryimage\"},\"thumbnailUrl\":\"https:\\\/\\\/medicinasinc.com\\\/sl\\\/wp-content\\\/uploads\\\/sites\\\/7\\\/2022\\\/02\\\/Buy-Blueberry-Nuken-Shatter.jpg\",\"datePublished\":\"2022-02-20T17:08:15+00:00\",\"dateModified\":\"2022-03-19T00:51:42+00:00\",\"description\":\"Kupite Blueberry Nuken Shatter UK, Europe na spletu v spletni ambulanti #1 v Kanadi, Best Global Weed Online Cannabis Dispensary.\",\"breadcrumb\":{\"@id\":\"https:\\\/\\\/medicinasinc.com\\\/sl\\\/product\\\/kupi-borovnica-nuken-shatter-top-shelf\\\/#breadcrumb\"},\"inLanguage\":\"en-US\",\"potentialAction\":[{\"@type\":\"ReadAction\",\"target\":[\"https:\\\/\\\/medicinasinc.com\\\/sl\\\/product\\\/kupi-borovnica-nuken-shatter-top-shelf\\\/\"]}]},{\"@type\":\"ImageObject\",\"inLanguage\":\"en-US\",\"@id\":\"https:\\\/\\\/medicinasinc.com\\\/sl\\\/product\\\/kupi-borovnica-nuken-shatter-top-shelf\\\/#primaryimage\",\"url\":\"https:\\\/\\\/medicinasinc.com\\\/sl\\\/wp-content\\\/uploads\\\/sites\\\/7\\\/2022\\\/02\\\/Buy-Blueberry-Nuken-Shatter.jpg\",\"contentUrl\":\"https:\\\/\\\/medicinasinc.com\\\/sl\\\/wp-content\\\/uploads\\\/sites\\\/7\\\/2022\\\/02\\\/Buy-Blueberry-Nuken-Shatter.jpg\",\"width\":600,\"height\":600},{\"@type\":\"BreadcrumbList\",\"@id\":\"https:\\\/\\\/medicinasinc.com\\\/sl\\\/product\\\/kupi-borovnica-nuken-shatter-top-shelf\\\/#breadcrumb\",\"itemListElement\":[{\"@type\":\"ListItem\",\"position\":1,\"name\":\"Nakupujte\",\"item\":\"https:\\\/\\\/medicinasinc.com\\\/sl\\\/nakupujte\\\/\"},{\"@type\":\"ListItem\",\"position\":2,\"name\":\"Kupite Blueberry Nuken Shatter \u2013 zgornja polica\"}]},{\"@type\":\"WebSite\",\"@id\":\"https:\\\/\\\/medicinasinc.com\\\/sl\\\/#website\",\"url\":\"https:\\\/\\\/medicinasinc.com\\\/sl\\\/\",\"name\":\"Medicinas Inc\",\"description\":\"Health Medical Clinic\",\"potentialAction\":[{\"@type\":\"SearchAction\",\"target\":{\"@type\":\"EntryPoint\",\"urlTemplate\":\"https:\\\/\\\/medicinasinc.com\\\/sl\\\/?s={search_term_string}\"},\"query-input\":{\"@type\":\"PropertyValueSpecification\",\"valueRequired\":true,\"valueName\":\"search_term_string\"}}],\"inLanguage\":\"en-US\"}]}<\/script>\n<!-- \/ Yoast SEO plugin. -->","yoast_head_json":{"title":"Kupite Blueberry Nuken Shatter \u2013 najvi\u0161ja polica \u2013 najbolj\u0161a najbolj\u0161a zdravila na svetu","description":"Kupite Blueberry Nuken Shatter UK, Europe na spletu v spletni ambulanti #1 v Kanadi, Best Global Weed Online Cannabis Dispensary.","robots":{"index":"index","follow":"follow","max-snippet":"max-snippet:-1","max-image-preview":"max-image-preview:large","max-video-preview":"max-video-preview:-1"},"canonical":"https:\/\/medicinasinc.com\/sl\/product\/kupi-borovnica-nuken-shatter-top-shelf\/","og_locale":"en_US","og_type":"article","og_title":"Kupite Blueberry Nuken Shatter \u2013 najvi\u0161ja polica \u2013 najbolj\u0161a najbolj\u0161a zdravila na svetu","og_description":"Kupite Blueberry Nuken Shatter UK, Europe na spletu v spletni ambulanti #1 v Kanadi, Best Global Weed Online Cannabis Dispensary.","og_url":"https:\/\/medicinasinc.com\/sl\/product\/kupi-borovnica-nuken-shatter-top-shelf\/","og_site_name":"Medicinas Inc","article_modified_time":"2022-03-19T00:51:42+00:00","og_image":[{"width":600,"height":600,"url":"https:\/\/medicinasinc.com\/sl\/wp-content\/uploads\/sites\/7\/2022\/02\/Buy-Blueberry-Nuken-Shatter.jpg","type":"image\/jpeg"}],"twitter_card":"summary_large_image","twitter_misc":{"Est. reading time":"1 minute"},"schema":{"@context":"https:\/\/schema.org","@graph":[{"@type":"WebPage","@id":"https:\/\/medicinasinc.com\/sl\/product\/kupi-borovnica-nuken-shatter-top-shelf\/","url":"https:\/\/medicinasinc.com\/sl\/product\/kupi-borovnica-nuken-shatter-top-shelf\/","name":"Kupite Blueberry Nuken Shatter \u2013 najvi\u0161ja polica \u2013 najbolj\u0161a najbolj\u0161a zdravila na svetu","isPartOf":{"@id":"https:\/\/medicinasinc.com\/sl\/#website"},"primaryImageOfPage":{"@id":"https:\/\/medicinasinc.com\/sl\/product\/kupi-borovnica-nuken-shatter-top-shelf\/#primaryimage"},"image":{"@id":"https:\/\/medicinasinc.com\/sl\/product\/kupi-borovnica-nuken-shatter-top-shelf\/#primaryimage"},"thumbnailUrl":"https:\/\/medicinasinc.com\/sl\/wp-content\/uploads\/sites\/7\/2022\/02\/Buy-Blueberry-Nuken-Shatter.jpg","datePublished":"2022-02-20T17:08:15+00:00","dateModified":"2022-03-19T00:51:42+00:00","description":"Kupite Blueberry Nuken Shatter UK, Europe na spletu v spletni ambulanti #1 v Kanadi, Best Global Weed Online Cannabis Dispensary.","breadcrumb":{"@id":"https:\/\/medicinasinc.com\/sl\/product\/kupi-borovnica-nuken-shatter-top-shelf\/#breadcrumb"},"inLanguage":"en-US","potentialAction":[{"@type":"ReadAction","target":["https:\/\/medicinasinc.com\/sl\/product\/kupi-borovnica-nuken-shatter-top-shelf\/"]}]},{"@type":"ImageObject","inLanguage":"en-US","@id":"https:\/\/medicinasinc.com\/sl\/product\/kupi-borovnica-nuken-shatter-top-shelf\/#primaryimage","url":"https:\/\/medicinasinc.com\/sl\/wp-content\/uploads\/sites\/7\/2022\/02\/Buy-Blueberry-Nuken-Shatter.jpg","contentUrl":"https:\/\/medicinasinc.com\/sl\/wp-content\/uploads\/sites\/7\/2022\/02\/Buy-Blueberry-Nuken-Shatter.jpg","width":600,"height":600},{"@type":"BreadcrumbList","@id":"https:\/\/medicinasinc.com\/sl\/product\/kupi-borovnica-nuken-shatter-top-shelf\/#breadcrumb","itemListElement":[{"@type":"ListItem","position":1,"name":"Nakupujte","item":"https:\/\/medicinasinc.com\/sl\/nakupujte\/"},{"@type":"ListItem","position":2,"name":"Kupite Blueberry Nuken Shatter \u2013 zgornja polica"}]},{"@type":"WebSite","@id":"https:\/\/medicinasinc.com\/sl\/#website","url":"https:\/\/medicinasinc.com\/sl\/","name":"Medicinas Inc","description":"Health Medical Clinic","potentialAction":[{"@type":"SearchAction","target":{"@type":"EntryPoint","urlTemplate":"https:\/\/medicinasinc.com\/sl\/?s={search_term_string}"},"query-input":{"@type":"PropertyValueSpecification","valueRequired":true,"valueName":"search_term_string"}}],"inLanguage":"en-US"}]}},"_links":{"self":[{"href":"https:\/\/medicinasinc.com\/sl\/wp-json\/wp\/v2\/product\/4871","targetHints":{"allow":["GET"]}}],"collection":[{"href":"https:\/\/medicinasinc.com\/sl\/wp-json\/wp\/v2\/product"}],"about":[{"href":"https:\/\/medicinasinc.com\/sl\/wp-json\/wp\/v2\/types\/product"}],"replies":[{"embeddable":true,"href":"https:\/\/medicinasinc.com\/sl\/wp-json\/wp\/v2\/comments?post=4871"}],"wp:featuredmedia":[{"embeddable":true,"href":"https:\/\/medicinasinc.com\/sl\/wp-json\/wp\/v2\/media\/4885"}],"wp:attachment":[{"href":"https:\/\/medicinasinc.com\/sl\/wp-json\/wp\/v2\/media?parent=4871"}],"wp:term":[{"taxonomy":"product_brand","embeddable":true,"href":"https:\/\/medicinasinc.com\/sl\/wp-json\/wp\/v2\/product_brand?post=4871"},{"taxonomy":"product_cat","embeddable":true,"href":"https:\/\/medicinasinc.com\/sl\/wp-json\/wp\/v2\/product_cat?post=4871"},{"taxonomy":"product_tag","embeddable":true,"href":"https:\/\/medicinasinc.com\/sl\/wp-json\/wp\/v2\/product_tag?post=4871"}],"curies":[{"name":"wp","href":"https:\/\/api.w.org\/{rel}","templated":true}]}}