{"id":4861,"date":"2022-02-20T17:01:48","date_gmt":"2022-02-20T17:01:48","guid":{"rendered":"https:\/\/medicinasinc.com\/sl\/?post_type=product&#038;p=4861"},"modified":"2022-03-19T00:51:50","modified_gmt":"2022-03-19T00:51:50","slug":"buy-lsd-100mcg-blotters","status":"publish","type":"product","link":"https:\/\/medicinasinc.com\/sl\/product\/buy-lsd-100mcg-blotters\/","title":{"rendered":"Kupite LSD 100mcg BLOTTERJE"},"content":{"rendered":"<p>LSD 100mcg BLOTTERJE je mogo\u010de kupiti na spletu.<\/p>\n<p>LSD 100mcg BLOTTERJE lahko kupite na spletu. Prodajamo tudi zavihke LSD. Za dodatne informacije o LSD obi\u0161\u010dite to stran.<\/p>\n<p>Spletni nakup LSD (dietilamid lizirgi\u010dne kisline) soli\/pihalnik papirja<\/p>\n<p>&nbsp;<\/p>\n<p>LSD (Lysergic Acid Diethylamide) Acid Diethylamide), skraj\u0161ano LSD ali LSD-25, je polsinteti\u010dno psihodeli\u010dno zdravilo iz dru\u017eine ergolinov, ki je dobro znano po svojih psiholo\u0161kih u\u010dinkih.<br \/> Na spletu lahko kupite poceni LSD (Lysergic Acid Diethylamide) blotter papir (po nizki ceni )<br \/> Kemikalije &amp; Pra\u0161ki za raziskave<br \/> Neza\u0161\u010ditena blagovna znamka<br \/> Kislina, kopalne soli, blotter, blotter papir, kemikalije, hiti, LSD, LSD-25, Lysergic Acid, Lysergic Acid Diethylamid, papir, raziskovalne kemikalije in blotter papirji, lizerginska kislina, dietilamid lizergi\u010dne kisline, sol, list<\/p>\n","protected":false},"excerpt":{"rendered":"<div class=\"woocommerce-product-details__short-description\">\n<p>LSD 100mcg BLOTTERJE lahko kupite na spletu. Kupite LSD 100mcg BLOTTERS v prahu po zni\u017eani ceni | Kje kupiti LSD 100mcg BLOTTERS prah na spletu. Spletni nakup dietilamidnih pihalcev lizergi\u010dne kisline &#8211; LSD BLOTTERJE naprodaj<\/p>\n<p>Spletni trgovci prodajajo LSD (pihalni papir) sol\/pihalnik.<br \/> Cena izdelka je naslednja: za list (pihalnik)<\/p>\n<\/p><\/div>\n","protected":false},"featured_media":4876,"comment_status":"open","ping_status":"closed","template":"","meta":[],"product_brand":[],"product_cat":[703],"product_tag":[745,746,747,748,749,750,771,752,753,759,772,774,755,756,751,769,754,760,763,761,762,766,767,764,768,757,770,773,758,765,775,776],"class_list":{"0":"post-4861","1":"product","2":"type-product","3":"status-publish","4":"has-post-thumbnail","6":"product_cat-kupi-psihedelina-mamila","7":"product_tag-1p-lsd-buy-usa","8":"product_tag-1p-lsd-blotter-100-mcg","9":"product_tag-are-lsd","10":"product_tag-art-sheets-edible","11":"product_tag-bloter","12":"product_tag-blotter-acid-na-prodaj","13":"product_tag-lizergina-kislina-dietilamid-blotterazzi","14":"product_tag-buy-lsd-blotter-sheets","15":"product_tag-buy-lsd-blotters-legal-highs-online","16":"product_tag-lsd-blotter-stroek","17":"product_tag-lizergina-kislina-dietilamid-blottery","18":"product_tag-lizergina-kislina-dietilamid-ulina-imena","19":"product_tag-kako-lahko-pove-e-je-tvoj-lsd-blotter-resnien-ali-eden-iz-druine-2c","20":"product_tag-kako-do-you-use-a-lsd-blotter-tab","21":"product_tag-kupi-1-p-lsd","22":"product_tag-lsd-zavihki-kupi","23":"product_tag-buy-lizergina-kislina-dietilamid-blotter-list","24":"product_tag-lsd-blotter-hofmann","25":"product_tag-lsd-blotter-listovi","26":"product_tag-lsd-blotter-paper-acid","27":"product_tag-lsd-blotter-sheet","28":"product_tag-lsd-blotter-shramba","29":"product_tag-lsd-blotter-tab-size","30":"product_tag-lsd-blotter-shop","31":"product_tag-lsd-blotters-dose","32":"product_tag-lsd-andra-sa-c2-b6kte-a-c2-a4ven-efter","33":"product_tag-lsd-za-nakup","34":"product_tag-lizergina-kislina-dietilamid-za-prodajo","35":"product_tag-lsd-blotter-art-for-sales","36":"product_tag-spletno-mesto-lsd-blotter","37":"product_tag-where-can-i-buy-blotter-paper","38":"product_tag-why-do-lsd-blotter-tabs-have-designs-on-them","40":"first","41":"instock","42":"shipping-taxable","43":"purchasable","44":"product-type-variable","45":"has-default-attributes"},"yoast_head":"<!-- This site is optimized with the Yoast SEO plugin v27.3 - https:\/\/yoast.com\/product\/yoast-seo-wordpress\/ -->\n<title>Kupite LSD 100mcg BLOTTERJE - Najbolj\u0161a najbolj\u0161a zdravila na svetu<\/title>\n<meta name=\"description\" content=\"Kupite LSD 100 mcg pihala v Evropi, Zdru\u017eeno kraljestvo za prodajo 1-propionil-LSD (aka 1P-LSD pihala) po odli\u010dni ceni. Kliknite na spletno stran in naro\u010dite \u0161e danes!\" \/>\n<meta name=\"robots\" content=\"index, follow, max-snippet:-1, max-image-preview:large, max-video-preview:-1\" \/>\n<link rel=\"canonical\" href=\"https:\/\/medicinasinc.com\/sl\/product\/buy-lsd-100mcg-blotters\/\" \/>\n<meta property=\"og:locale\" content=\"en_US\" \/>\n<meta property=\"og:type\" content=\"article\" \/>\n<meta property=\"og:title\" content=\"Kupite LSD 100mcg BLOTTERJE - Najbolj\u0161a najbolj\u0161a zdravila na svetu\" \/>\n<meta property=\"og:description\" content=\"Kupite LSD 100 mcg pihala v Evropi, Zdru\u017eeno kraljestvo za prodajo 1-propionil-LSD (aka 1P-LSD pihala) po odli\u010dni ceni. Kliknite na spletno stran in naro\u010dite \u0161e danes!\" \/>\n<meta property=\"og:url\" content=\"https:\/\/medicinasinc.com\/sl\/product\/buy-lsd-100mcg-blotters\/\" \/>\n<meta property=\"og:site_name\" content=\"Medicinas Inc\" \/>\n<meta property=\"article:modified_time\" content=\"2022-03-19T00:51:50+00:00\" \/>\n<meta property=\"og:image\" content=\"https:\/\/medicinasinc.com\/sl\/wp-content\/uploads\/sites\/7\/2022\/02\/Buy-LSD-100mcg-blotters-1.jpg\" \/>\n\t<meta property=\"og:image:width\" content=\"960\" \/>\n\t<meta property=\"og:image:height\" content=\"720\" \/>\n\t<meta property=\"og:image:type\" content=\"image\/jpeg\" \/>\n<meta name=\"twitter:card\" content=\"summary_large_image\" \/>\n<meta name=\"twitter:label1\" content=\"Est. reading time\" \/>\n\t<meta name=\"twitter:data1\" content=\"1 minute\" \/>\n<script type=\"application\/ld+json\" class=\"yoast-schema-graph\">{\"@context\":\"https:\\\/\\\/schema.org\",\"@graph\":[{\"@type\":\"WebPage\",\"@id\":\"https:\\\/\\\/medicinasinc.com\\\/sl\\\/product\\\/buy-lsd-100mcg-blotters\\\/\",\"url\":\"https:\\\/\\\/medicinasinc.com\\\/sl\\\/product\\\/buy-lsd-100mcg-blotters\\\/\",\"name\":\"Kupite LSD 100mcg BLOTTERJE - Najbolj\u0161a najbolj\u0161a zdravila na svetu\",\"isPartOf\":{\"@id\":\"https:\\\/\\\/medicinasinc.com\\\/sl\\\/#website\"},\"primaryImageOfPage\":{\"@id\":\"https:\\\/\\\/medicinasinc.com\\\/sl\\\/product\\\/buy-lsd-100mcg-blotters\\\/#primaryimage\"},\"image\":{\"@id\":\"https:\\\/\\\/medicinasinc.com\\\/sl\\\/product\\\/buy-lsd-100mcg-blotters\\\/#primaryimage\"},\"thumbnailUrl\":\"https:\\\/\\\/medicinasinc.com\\\/sl\\\/wp-content\\\/uploads\\\/sites\\\/7\\\/2022\\\/02\\\/Buy-LSD-100mcg-blotters-1.jpg\",\"datePublished\":\"2022-02-20T17:01:48+00:00\",\"dateModified\":\"2022-03-19T00:51:50+00:00\",\"description\":\"Kupite LSD 100 mcg pihala v Evropi, Zdru\u017eeno kraljestvo za prodajo 1-propionil-LSD (aka 1P-LSD pihala) po odli\u010dni ceni. Kliknite na spletno stran in naro\u010dite \u0161e danes!\",\"breadcrumb\":{\"@id\":\"https:\\\/\\\/medicinasinc.com\\\/sl\\\/product\\\/buy-lsd-100mcg-blotters\\\/#breadcrumb\"},\"inLanguage\":\"en-US\",\"potentialAction\":[{\"@type\":\"ReadAction\",\"target\":[\"https:\\\/\\\/medicinasinc.com\\\/sl\\\/product\\\/buy-lsd-100mcg-blotters\\\/\"]}]},{\"@type\":\"ImageObject\",\"inLanguage\":\"en-US\",\"@id\":\"https:\\\/\\\/medicinasinc.com\\\/sl\\\/product\\\/buy-lsd-100mcg-blotters\\\/#primaryimage\",\"url\":\"https:\\\/\\\/medicinasinc.com\\\/sl\\\/wp-content\\\/uploads\\\/sites\\\/7\\\/2022\\\/02\\\/Buy-LSD-100mcg-blotters-1.jpg\",\"contentUrl\":\"https:\\\/\\\/medicinasinc.com\\\/sl\\\/wp-content\\\/uploads\\\/sites\\\/7\\\/2022\\\/02\\\/Buy-LSD-100mcg-blotters-1.jpg\",\"width\":960,\"height\":720},{\"@type\":\"BreadcrumbList\",\"@id\":\"https:\\\/\\\/medicinasinc.com\\\/sl\\\/product\\\/buy-lsd-100mcg-blotters\\\/#breadcrumb\",\"itemListElement\":[{\"@type\":\"ListItem\",\"position\":1,\"name\":\"Nakupujte\",\"item\":\"https:\\\/\\\/medicinasinc.com\\\/sl\\\/nakupujte\\\/\"},{\"@type\":\"ListItem\",\"position\":2,\"name\":\"Kupite LSD 100mcg BLOTTERJE\"}]},{\"@type\":\"WebSite\",\"@id\":\"https:\\\/\\\/medicinasinc.com\\\/sl\\\/#website\",\"url\":\"https:\\\/\\\/medicinasinc.com\\\/sl\\\/\",\"name\":\"Medicinas Inc\",\"description\":\"Health Medical Clinic\",\"potentialAction\":[{\"@type\":\"SearchAction\",\"target\":{\"@type\":\"EntryPoint\",\"urlTemplate\":\"https:\\\/\\\/medicinasinc.com\\\/sl\\\/?s={search_term_string}\"},\"query-input\":{\"@type\":\"PropertyValueSpecification\",\"valueRequired\":true,\"valueName\":\"search_term_string\"}}],\"inLanguage\":\"en-US\"}]}<\/script>\n<!-- \/ Yoast SEO plugin. -->","yoast_head_json":{"title":"Kupite LSD 100mcg BLOTTERJE - Najbolj\u0161a najbolj\u0161a zdravila na svetu","description":"Kupite LSD 100 mcg pihala v Evropi, Zdru\u017eeno kraljestvo za prodajo 1-propionil-LSD (aka 1P-LSD pihala) po odli\u010dni ceni. Kliknite na spletno stran in naro\u010dite \u0161e danes!","robots":{"index":"index","follow":"follow","max-snippet":"max-snippet:-1","max-image-preview":"max-image-preview:large","max-video-preview":"max-video-preview:-1"},"canonical":"https:\/\/medicinasinc.com\/sl\/product\/buy-lsd-100mcg-blotters\/","og_locale":"en_US","og_type":"article","og_title":"Kupite LSD 100mcg BLOTTERJE - Najbolj\u0161a najbolj\u0161a zdravila na svetu","og_description":"Kupite LSD 100 mcg pihala v Evropi, Zdru\u017eeno kraljestvo za prodajo 1-propionil-LSD (aka 1P-LSD pihala) po odli\u010dni ceni. Kliknite na spletno stran in naro\u010dite \u0161e danes!","og_url":"https:\/\/medicinasinc.com\/sl\/product\/buy-lsd-100mcg-blotters\/","og_site_name":"Medicinas Inc","article_modified_time":"2022-03-19T00:51:50+00:00","og_image":[{"width":960,"height":720,"url":"https:\/\/medicinasinc.com\/sl\/wp-content\/uploads\/sites\/7\/2022\/02\/Buy-LSD-100mcg-blotters-1.jpg","type":"image\/jpeg"}],"twitter_card":"summary_large_image","twitter_misc":{"Est. reading time":"1 minute"},"schema":{"@context":"https:\/\/schema.org","@graph":[{"@type":"WebPage","@id":"https:\/\/medicinasinc.com\/sl\/product\/buy-lsd-100mcg-blotters\/","url":"https:\/\/medicinasinc.com\/sl\/product\/buy-lsd-100mcg-blotters\/","name":"Kupite LSD 100mcg BLOTTERJE - Najbolj\u0161a najbolj\u0161a zdravila na svetu","isPartOf":{"@id":"https:\/\/medicinasinc.com\/sl\/#website"},"primaryImageOfPage":{"@id":"https:\/\/medicinasinc.com\/sl\/product\/buy-lsd-100mcg-blotters\/#primaryimage"},"image":{"@id":"https:\/\/medicinasinc.com\/sl\/product\/buy-lsd-100mcg-blotters\/#primaryimage"},"thumbnailUrl":"https:\/\/medicinasinc.com\/sl\/wp-content\/uploads\/sites\/7\/2022\/02\/Buy-LSD-100mcg-blotters-1.jpg","datePublished":"2022-02-20T17:01:48+00:00","dateModified":"2022-03-19T00:51:50+00:00","description":"Kupite LSD 100 mcg pihala v Evropi, Zdru\u017eeno kraljestvo za prodajo 1-propionil-LSD (aka 1P-LSD pihala) po odli\u010dni ceni. Kliknite na spletno stran in naro\u010dite \u0161e danes!","breadcrumb":{"@id":"https:\/\/medicinasinc.com\/sl\/product\/buy-lsd-100mcg-blotters\/#breadcrumb"},"inLanguage":"en-US","potentialAction":[{"@type":"ReadAction","target":["https:\/\/medicinasinc.com\/sl\/product\/buy-lsd-100mcg-blotters\/"]}]},{"@type":"ImageObject","inLanguage":"en-US","@id":"https:\/\/medicinasinc.com\/sl\/product\/buy-lsd-100mcg-blotters\/#primaryimage","url":"https:\/\/medicinasinc.com\/sl\/wp-content\/uploads\/sites\/7\/2022\/02\/Buy-LSD-100mcg-blotters-1.jpg","contentUrl":"https:\/\/medicinasinc.com\/sl\/wp-content\/uploads\/sites\/7\/2022\/02\/Buy-LSD-100mcg-blotters-1.jpg","width":960,"height":720},{"@type":"BreadcrumbList","@id":"https:\/\/medicinasinc.com\/sl\/product\/buy-lsd-100mcg-blotters\/#breadcrumb","itemListElement":[{"@type":"ListItem","position":1,"name":"Nakupujte","item":"https:\/\/medicinasinc.com\/sl\/nakupujte\/"},{"@type":"ListItem","position":2,"name":"Kupite LSD 100mcg BLOTTERJE"}]},{"@type":"WebSite","@id":"https:\/\/medicinasinc.com\/sl\/#website","url":"https:\/\/medicinasinc.com\/sl\/","name":"Medicinas Inc","description":"Health Medical Clinic","potentialAction":[{"@type":"SearchAction","target":{"@type":"EntryPoint","urlTemplate":"https:\/\/medicinasinc.com\/sl\/?s={search_term_string}"},"query-input":{"@type":"PropertyValueSpecification","valueRequired":true,"valueName":"search_term_string"}}],"inLanguage":"en-US"}]}},"_links":{"self":[{"href":"https:\/\/medicinasinc.com\/sl\/wp-json\/wp\/v2\/product\/4861","targetHints":{"allow":["GET"]}}],"collection":[{"href":"https:\/\/medicinasinc.com\/sl\/wp-json\/wp\/v2\/product"}],"about":[{"href":"https:\/\/medicinasinc.com\/sl\/wp-json\/wp\/v2\/types\/product"}],"replies":[{"embeddable":true,"href":"https:\/\/medicinasinc.com\/sl\/wp-json\/wp\/v2\/comments?post=4861"}],"wp:featuredmedia":[{"embeddable":true,"href":"https:\/\/medicinasinc.com\/sl\/wp-json\/wp\/v2\/media\/4876"}],"wp:attachment":[{"href":"https:\/\/medicinasinc.com\/sl\/wp-json\/wp\/v2\/media?parent=4861"}],"wp:term":[{"taxonomy":"product_brand","embeddable":true,"href":"https:\/\/medicinasinc.com\/sl\/wp-json\/wp\/v2\/product_brand?post=4861"},{"taxonomy":"product_cat","embeddable":true,"href":"https:\/\/medicinasinc.com\/sl\/wp-json\/wp\/v2\/product_cat?post=4861"},{"taxonomy":"product_tag","embeddable":true,"href":"https:\/\/medicinasinc.com\/sl\/wp-json\/wp\/v2\/product_tag?post=4861"}],"curies":[{"name":"wp","href":"https:\/\/api.w.org\/{rel}","templated":true}]}}