{"id":4859,"date":"2022-02-20T17:00:55","date_gmt":"2022-02-20T17:00:55","guid":{"rendered":"https:\/\/medicinasinc.com\/sl\/?post_type=product&#038;p=4859"},"modified":"2022-03-19T00:52:01","modified_gmt":"2022-03-19T00:52:01","slug":"kupi-kakovost-al-lad-blotters","status":"publish","type":"product","link":"https:\/\/medicinasinc.com\/sl\/product\/kupi-kakovost-al-lad-blotters\/","title":{"rendered":"Kupite kakovostne pihalnike AL-LAD"},"content":{"rendered":"<p>Kupite poceni pihalnike AL-LAD na spletu. 150 mcg AL-LAD pihalci.<\/p>\n<p>Kaj pravzaprav je AL-LAD?<\/p>\n<p>6-alil-6-nor-<\/p>\n<p>AL-LAD, pogosteje imenovan kot LSD, je psihedeli\u010dno zdravilo z lastnostmi, podobnimi LSD (dietilamid lizergi\u010dne kisline). Prvi\u010d je bil sintetiziran leta 1976 in je od takrat postal priljubljeno zdravilo na trgu za &#8220;raziskovalne kemikalije&#8221; in &#8220;nove psihoaktivne snovi&#8221;. AL-LAD proizvaja psihoaktivni &#8220;trip&#8221;, ki je zelo podoben tistemu pri LSD-ju.<\/p>\n<p>AL-LAD je bil prvi\u010d uporabljen za rekreacijo na Irskem in v Zdru\u017eenem kraljestvu. Predstavljeno je bilo v knjigi Aleksandra Shulgina iz leta 1997 TIHKAL (Triptamini, ki sem jih poznal in ljubil). Posledi\u010dno se je priljubljenost zdravila raz\u0161irila po vsem svetu. Zdaj ljudje po vsem svetu, vklju\u010dno z Zdru\u017eenimi dr\u017eavami, eksperimentirajo z drogo.<\/p>\n<p>Pravni status AL-LAD je nekoliko dvoumen. Po zvezni zakonodaji v Zdru\u017eenih dr\u017eavah ni razvr\u0161\u010den kot nadzorovana snov. Vendar je analog LSD-ja, kar pomeni, da lahko prodaja ali posest z namenom distribucije povzro\u010di pregon v skladu z Zveznim analognim zakonom.<\/p>\n<p>Potovanja AL-LAD so v ve\u010dini na\u010dinov podobna potovanju z LSD. Zdravilo se jemlje peroralno, pogosto prek blotter papirja. Posledi\u010dno se u\u010dinki za\u010dnejo kazati dvajset minut do eno uro po zau\u017eitju. Uporabniki bodo naleteli na naslednje:<\/p>\n<p>Spodbujanje ali pove\u010danje energije<br \/> Evforija<br \/> Mravljin\u010denje ali odrevenelost okon\u010din<br \/> Preob\u010dutljivost<br \/> Vizualna dezorientacija<br \/> Halucinacije p&gt; <\/p>\n<p>Med mo\u017enimi \u0161kodljivimi u\u010dinki uporabe AL-LAD so naslednji:<br \/> Te\u017eave s koncentracijo ali razmi\u0161ljanjem<br \/> Pove\u010dan sr\u010dni utrip<br \/> Temperaturna nihanja v telesu<br \/> Slabost<br \/> Zablode<br \/> Zanke negativnih misli<br \/> Kr\u010denje \u017eil (zategovanje krvnih \u017eil)<br \/> Popadki<\/p>\n<p>LSD je ena najbolj raziskanih psihedeli\u010dnih substanc. Kljub oznaki \u00bbraziskovalno zdravilo\u00ab je bilo o AL-LAD izvedenih zelo malo dejanskih znanstvenih raziskav. To pomeni, da seznam neposrednih posledic morda ni iz\u010drpen. Poleg tega je raziskav o dolgoro\u010dnih u\u010dinkih zdravila malo ali sploh ni.<\/p>\n<p>Dolgotrajna zloraba halucinogena ima lahko razli\u010dne negativne posledice. HPPD je stanje, v katerem oseba do\u017eivi spontane prebliske vidnih popa\u010denj ali halucinacij. To kroni\u010dno motnjo so opazili pri posameznikih, ki so uporabljali razli\u010dne halucinogene snovi, vklju\u010dno z LSD, gobami in DMT.<\/p>\n","protected":false},"excerpt":{"rendered":"<p>Nakup pihalcev AL-LAD poceni za prodajo UK, Evropa na spletu. 6-alil-6-nor-LSD je psihodeli\u010dni lizergamid, znan tudi kot AL LAD (dietilamid lizerginske kisline). 150 mcg pihalcev AL-LAD.<\/p>\n<p>Najmanj\u0161e naro\u010dilo je 15 pihalcev.<\/p>\n","protected":false},"featured_media":4874,"comment_status":"open","ping_status":"closed","template":"","meta":[],"product_brand":[],"product_cat":[703],"product_tag":[],"class_list":{"0":"post-4859","1":"product","2":"type-product","3":"status-publish","4":"has-post-thumbnail","6":"product_cat-kupi-psihedelina-mamila","8":"first","9":"instock","10":"shipping-taxable","11":"purchasable","12":"product-type-variable","13":"has-default-attributes"},"yoast_head":"<!-- This site is optimized with the Yoast SEO plugin v27.3 - https:\/\/yoast.com\/product\/yoast-seo-wordpress\/ -->\n<title>Kupite kakovostne pihalnike AL-LAD - najbolj\u0161a najbolj\u0161a zdravila na svetu<\/title>\n<meta name=\"description\" content=\"Kupite pihalnike AL-LAD poceni za prodajo UK, Evropa na spletu. 6-alil-6-nor-LSD je psihodeli\u010dni lizergamid, znan tudi kot AL LAD (dietilamid lizerginske kisline). 150 mcg AL-LAD blotterji.\" \/>\n<meta name=\"robots\" content=\"index, follow, max-snippet:-1, max-image-preview:large, max-video-preview:-1\" \/>\n<link rel=\"canonical\" href=\"https:\/\/medicinasinc.com\/sl\/product\/kupi-kakovost-al-lad-blotters\/\" \/>\n<meta property=\"og:locale\" content=\"en_US\" \/>\n<meta property=\"og:type\" content=\"article\" \/>\n<meta property=\"og:title\" content=\"Kupite kakovostne pihalnike AL-LAD - najbolj\u0161a najbolj\u0161a zdravila na svetu\" \/>\n<meta property=\"og:description\" content=\"Kupite pihalnike AL-LAD poceni za prodajo UK, Evropa na spletu. 6-alil-6-nor-LSD je psihodeli\u010dni lizergamid, znan tudi kot AL LAD (dietilamid lizerginske kisline). 150 mcg AL-LAD blotterji.\" \/>\n<meta property=\"og:url\" content=\"https:\/\/medicinasinc.com\/sl\/product\/kupi-kakovost-al-lad-blotters\/\" \/>\n<meta property=\"og:site_name\" content=\"Medicinas Inc\" \/>\n<meta property=\"article:modified_time\" content=\"2022-03-19T00:52:01+00:00\" \/>\n<meta property=\"og:image\" content=\"https:\/\/medicinasinc.com\/sl\/wp-content\/uploads\/sites\/7\/2022\/02\/Buy-Quality-AL-LAD-blotters.jpg\" \/>\n\t<meta property=\"og:image:width\" content=\"225\" \/>\n\t<meta property=\"og:image:height\" content=\"225\" \/>\n\t<meta property=\"og:image:type\" content=\"image\/jpeg\" \/>\n<meta name=\"twitter:card\" content=\"summary_large_image\" \/>\n<meta name=\"twitter:label1\" content=\"Est. reading time\" \/>\n\t<meta name=\"twitter:data1\" content=\"2 minutes\" \/>\n<script type=\"application\/ld+json\" class=\"yoast-schema-graph\">{\"@context\":\"https:\\\/\\\/schema.org\",\"@graph\":[{\"@type\":\"WebPage\",\"@id\":\"https:\\\/\\\/medicinasinc.com\\\/sl\\\/product\\\/kupi-kakovost-al-lad-blotters\\\/\",\"url\":\"https:\\\/\\\/medicinasinc.com\\\/sl\\\/product\\\/kupi-kakovost-al-lad-blotters\\\/\",\"name\":\"Kupite kakovostne pihalnike AL-LAD - najbolj\u0161a najbolj\u0161a zdravila na svetu\",\"isPartOf\":{\"@id\":\"https:\\\/\\\/medicinasinc.com\\\/sl\\\/#website\"},\"primaryImageOfPage\":{\"@id\":\"https:\\\/\\\/medicinasinc.com\\\/sl\\\/product\\\/kupi-kakovost-al-lad-blotters\\\/#primaryimage\"},\"image\":{\"@id\":\"https:\\\/\\\/medicinasinc.com\\\/sl\\\/product\\\/kupi-kakovost-al-lad-blotters\\\/#primaryimage\"},\"thumbnailUrl\":\"https:\\\/\\\/medicinasinc.com\\\/sl\\\/wp-content\\\/uploads\\\/sites\\\/7\\\/2022\\\/02\\\/Buy-Quality-AL-LAD-blotters.jpg\",\"datePublished\":\"2022-02-20T17:00:55+00:00\",\"dateModified\":\"2022-03-19T00:52:01+00:00\",\"description\":\"Kupite pihalnike AL-LAD poceni za prodajo UK, Evropa na spletu. 6-alil-6-nor-LSD je psihodeli\u010dni lizergamid, znan tudi kot AL LAD (dietilamid lizerginske kisline). 150 mcg AL-LAD blotterji.\",\"breadcrumb\":{\"@id\":\"https:\\\/\\\/medicinasinc.com\\\/sl\\\/product\\\/kupi-kakovost-al-lad-blotters\\\/#breadcrumb\"},\"inLanguage\":\"en-US\",\"potentialAction\":[{\"@type\":\"ReadAction\",\"target\":[\"https:\\\/\\\/medicinasinc.com\\\/sl\\\/product\\\/kupi-kakovost-al-lad-blotters\\\/\"]}]},{\"@type\":\"ImageObject\",\"inLanguage\":\"en-US\",\"@id\":\"https:\\\/\\\/medicinasinc.com\\\/sl\\\/product\\\/kupi-kakovost-al-lad-blotters\\\/#primaryimage\",\"url\":\"https:\\\/\\\/medicinasinc.com\\\/sl\\\/wp-content\\\/uploads\\\/sites\\\/7\\\/2022\\\/02\\\/Buy-Quality-AL-LAD-blotters.jpg\",\"contentUrl\":\"https:\\\/\\\/medicinasinc.com\\\/sl\\\/wp-content\\\/uploads\\\/sites\\\/7\\\/2022\\\/02\\\/Buy-Quality-AL-LAD-blotters.jpg\",\"width\":225,\"height\":225},{\"@type\":\"BreadcrumbList\",\"@id\":\"https:\\\/\\\/medicinasinc.com\\\/sl\\\/product\\\/kupi-kakovost-al-lad-blotters\\\/#breadcrumb\",\"itemListElement\":[{\"@type\":\"ListItem\",\"position\":1,\"name\":\"Nakupujte\",\"item\":\"https:\\\/\\\/medicinasinc.com\\\/sl\\\/nakupujte\\\/\"},{\"@type\":\"ListItem\",\"position\":2,\"name\":\"Kupite kakovostne pihalnike AL-LAD\"}]},{\"@type\":\"WebSite\",\"@id\":\"https:\\\/\\\/medicinasinc.com\\\/sl\\\/#website\",\"url\":\"https:\\\/\\\/medicinasinc.com\\\/sl\\\/\",\"name\":\"Medicinas Inc\",\"description\":\"Health Medical Clinic\",\"potentialAction\":[{\"@type\":\"SearchAction\",\"target\":{\"@type\":\"EntryPoint\",\"urlTemplate\":\"https:\\\/\\\/medicinasinc.com\\\/sl\\\/?s={search_term_string}\"},\"query-input\":{\"@type\":\"PropertyValueSpecification\",\"valueRequired\":true,\"valueName\":\"search_term_string\"}}],\"inLanguage\":\"en-US\"}]}<\/script>\n<!-- \/ Yoast SEO plugin. -->","yoast_head_json":{"title":"Kupite kakovostne pihalnike AL-LAD - najbolj\u0161a najbolj\u0161a zdravila na svetu","description":"Kupite pihalnike AL-LAD poceni za prodajo UK, Evropa na spletu. 6-alil-6-nor-LSD je psihodeli\u010dni lizergamid, znan tudi kot AL LAD (dietilamid lizerginske kisline). 150 mcg AL-LAD blotterji.","robots":{"index":"index","follow":"follow","max-snippet":"max-snippet:-1","max-image-preview":"max-image-preview:large","max-video-preview":"max-video-preview:-1"},"canonical":"https:\/\/medicinasinc.com\/sl\/product\/kupi-kakovost-al-lad-blotters\/","og_locale":"en_US","og_type":"article","og_title":"Kupite kakovostne pihalnike AL-LAD - najbolj\u0161a najbolj\u0161a zdravila na svetu","og_description":"Kupite pihalnike AL-LAD poceni za prodajo UK, Evropa na spletu. 6-alil-6-nor-LSD je psihodeli\u010dni lizergamid, znan tudi kot AL LAD (dietilamid lizerginske kisline). 150 mcg AL-LAD blotterji.","og_url":"https:\/\/medicinasinc.com\/sl\/product\/kupi-kakovost-al-lad-blotters\/","og_site_name":"Medicinas Inc","article_modified_time":"2022-03-19T00:52:01+00:00","og_image":[{"width":225,"height":225,"url":"https:\/\/medicinasinc.com\/sl\/wp-content\/uploads\/sites\/7\/2022\/02\/Buy-Quality-AL-LAD-blotters.jpg","type":"image\/jpeg"}],"twitter_card":"summary_large_image","twitter_misc":{"Est. reading time":"2 minutes"},"schema":{"@context":"https:\/\/schema.org","@graph":[{"@type":"WebPage","@id":"https:\/\/medicinasinc.com\/sl\/product\/kupi-kakovost-al-lad-blotters\/","url":"https:\/\/medicinasinc.com\/sl\/product\/kupi-kakovost-al-lad-blotters\/","name":"Kupite kakovostne pihalnike AL-LAD - najbolj\u0161a najbolj\u0161a zdravila na svetu","isPartOf":{"@id":"https:\/\/medicinasinc.com\/sl\/#website"},"primaryImageOfPage":{"@id":"https:\/\/medicinasinc.com\/sl\/product\/kupi-kakovost-al-lad-blotters\/#primaryimage"},"image":{"@id":"https:\/\/medicinasinc.com\/sl\/product\/kupi-kakovost-al-lad-blotters\/#primaryimage"},"thumbnailUrl":"https:\/\/medicinasinc.com\/sl\/wp-content\/uploads\/sites\/7\/2022\/02\/Buy-Quality-AL-LAD-blotters.jpg","datePublished":"2022-02-20T17:00:55+00:00","dateModified":"2022-03-19T00:52:01+00:00","description":"Kupite pihalnike AL-LAD poceni za prodajo UK, Evropa na spletu. 6-alil-6-nor-LSD je psihodeli\u010dni lizergamid, znan tudi kot AL LAD (dietilamid lizerginske kisline). 150 mcg AL-LAD blotterji.","breadcrumb":{"@id":"https:\/\/medicinasinc.com\/sl\/product\/kupi-kakovost-al-lad-blotters\/#breadcrumb"},"inLanguage":"en-US","potentialAction":[{"@type":"ReadAction","target":["https:\/\/medicinasinc.com\/sl\/product\/kupi-kakovost-al-lad-blotters\/"]}]},{"@type":"ImageObject","inLanguage":"en-US","@id":"https:\/\/medicinasinc.com\/sl\/product\/kupi-kakovost-al-lad-blotters\/#primaryimage","url":"https:\/\/medicinasinc.com\/sl\/wp-content\/uploads\/sites\/7\/2022\/02\/Buy-Quality-AL-LAD-blotters.jpg","contentUrl":"https:\/\/medicinasinc.com\/sl\/wp-content\/uploads\/sites\/7\/2022\/02\/Buy-Quality-AL-LAD-blotters.jpg","width":225,"height":225},{"@type":"BreadcrumbList","@id":"https:\/\/medicinasinc.com\/sl\/product\/kupi-kakovost-al-lad-blotters\/#breadcrumb","itemListElement":[{"@type":"ListItem","position":1,"name":"Nakupujte","item":"https:\/\/medicinasinc.com\/sl\/nakupujte\/"},{"@type":"ListItem","position":2,"name":"Kupite kakovostne pihalnike AL-LAD"}]},{"@type":"WebSite","@id":"https:\/\/medicinasinc.com\/sl\/#website","url":"https:\/\/medicinasinc.com\/sl\/","name":"Medicinas Inc","description":"Health Medical Clinic","potentialAction":[{"@type":"SearchAction","target":{"@type":"EntryPoint","urlTemplate":"https:\/\/medicinasinc.com\/sl\/?s={search_term_string}"},"query-input":{"@type":"PropertyValueSpecification","valueRequired":true,"valueName":"search_term_string"}}],"inLanguage":"en-US"}]}},"_links":{"self":[{"href":"https:\/\/medicinasinc.com\/sl\/wp-json\/wp\/v2\/product\/4859","targetHints":{"allow":["GET"]}}],"collection":[{"href":"https:\/\/medicinasinc.com\/sl\/wp-json\/wp\/v2\/product"}],"about":[{"href":"https:\/\/medicinasinc.com\/sl\/wp-json\/wp\/v2\/types\/product"}],"replies":[{"embeddable":true,"href":"https:\/\/medicinasinc.com\/sl\/wp-json\/wp\/v2\/comments?post=4859"}],"wp:featuredmedia":[{"embeddable":true,"href":"https:\/\/medicinasinc.com\/sl\/wp-json\/wp\/v2\/media\/4874"}],"wp:attachment":[{"href":"https:\/\/medicinasinc.com\/sl\/wp-json\/wp\/v2\/media?parent=4859"}],"wp:term":[{"taxonomy":"product_brand","embeddable":true,"href":"https:\/\/medicinasinc.com\/sl\/wp-json\/wp\/v2\/product_brand?post=4859"},{"taxonomy":"product_cat","embeddable":true,"href":"https:\/\/medicinasinc.com\/sl\/wp-json\/wp\/v2\/product_cat?post=4859"},{"taxonomy":"product_tag","embeddable":true,"href":"https:\/\/medicinasinc.com\/sl\/wp-json\/wp\/v2\/product_tag?post=4859"}],"curies":[{"name":"wp","href":"https:\/\/api.w.org\/{rel}","templated":true}]}}