{"id":4854,"date":"2022-02-20T16:56:44","date_gmt":"2022-02-20T16:56:44","guid":{"rendered":"https:\/\/medicinasinc.com\/sl\/?post_type=product&#038;p=4854"},"modified":"2022-03-19T00:52:12","modified_gmt":"2022-03-19T00:52:12","slug":"kupi-lsd-tekocina-200ug-drop","status":"publish","type":"product","link":"https:\/\/medicinasinc.com\/sl\/product\/kupi-lsd-tekocina-200ug-drop\/","title":{"rendered":"Kupite LSD teko\u010di 200ug Drop"},"content":{"rendered":"<p>Kupite teko\u010di LSD 200ug &amp; spustite na spletu po zni\u017eani ceni.<\/p>\n<p>Kaj je teko\u010di LSD?<\/p>\n<p>LSD ali dietilamid lizergi\u010dne kisline je halucinogena snov, pridobljena iz kemikalije, ki jo najdemo v glivi r\u017ei. Najbolj je znan po svoji uporabi v protikulturi iz \u0161estdesetih let prej\u0161njega stoletja, kasnej\u0161a prepoved pa ji je prinesla prete\u017eno negativen ugled.<\/p>\n<p>Albert Hofmann, \u0161vicarski znanstvenik, je sintetiziral LSD leta 1938 v svojem laboratoriju v Z\u00fcrichu. Leta 1943, ko je neka koli\u010dina v sledovih pri\u0161la v stik z njegovo ko\u017eo, je nepri\u010dakovano odkril njene halucinogene lastnosti.<\/p>\n<p>Nakup LSD LSD je zelo mo\u010dan halucinogen z ogromnimi terapevtskimi, duhovnimi in kulturnimi posledicami.<\/p>\n<p>Kupite teko\u010di LSD 200ug &amp; spustite na spletu po zni\u017eani ceni \u2013 Farmakologija<\/p>\n<p>LSD ob zau\u017eitju deluje kot aktivator 5-HT (serotoninskih) receptorjev, hkrati pa znatno pove\u010da raven serotonina v mo\u017eganih z zaviranjem sistemov, ki uravnavajo serotonin. Kupite teko\u010di LSD 200ug &amp; spustite na spletu po zni\u017eani ceni. Cena 200ug teko\u010dega LSD-ja LSD LSD daje prednost podtipu 2A od 15 serotoninskih receptorjev, ki jih najdemo v mo\u017eganih (5-HT2A). Receptor 5-HT2A je vklju\u010den v kognitivne procese prefrontalne skorje. To je klju\u010dnega pomena, saj \u0161tevilne koristi LSD izhajajo iz njegove vpletenosti v prefrontalno skorjo.<\/p>\n<p>Kako se LSD sintetizira?<\/p>\n<p>Proizvodnja LSD zahteva mo\u010dno delovno znanje organske kemije, a. popolnoma opremljen laboratorij (vklju\u010dno z mo\u017enostjo sterilizacije opreme in dostopom do temne sobe) in ve\u010d kemikalij, ki jih je trenutno prepovedana prodaja ali pa jih skrbno spremlja Agencija za boj proti drogam (DEA). Za razliko od kemikalij, ki se uporabljajo za izdelavo metamfetamina, jih ne najdemo v obi\u010dajno uporabljenih gospodinjskih predmetih.<\/p>\n<p>Prefrontalna skorja naj bi bila vklju\u010dena v kompleksno na\u010drtovanje kognitivnega vedenja, izra\u017eanje osebnosti, sprejemanje odlo\u010ditev in moderiranje dru\u017ebenega vedenja. . Kupite teko\u010di LSD 200ug &amp; spustite na spletu po zni\u017eani ceni. Poleg tega je klju\u010dnega pomena za \u010dlovekovo sposobnost, da obdeluje podatke iz vseh drugih mo\u017eganskih sistemov in posledi\u010dno sprejema ciljno usmerjene odlo\u010ditve.<\/p>\n<p>Dietilamid lizirgi\u010dne kisline, pogosteje imenovan LSD, je psihoaktivna snov, ki je spremeni zaznavanje in povzro\u010di halucinacije.<\/p>\n","protected":false},"excerpt":{"rendered":"<p>LSD Liquid 200ug kapljica za prodajo v Zdru\u017eenem kraljestvu, Evropi po najbolj\u0161i tr\u017eni ceni. Vsi na\u0161i izdelki so narejeni iz popolnoma naravnih sestavin brez THC-ja. Naro\u010dite na spletu zdaj!<\/p>\n<p>Kupite teko\u010di lsd 200ug &amp; spustite na spletu po zni\u017eani ceni. Nakup LSD je preprost postopek; je na voljo na spletu v Zdru\u017eenih dr\u017eavah Amerike.<\/p>\n<p>200 ug stro\u0161kov &#8211; 350<\/p>\n<p>&nbsp;<\/p>\n<p>&nbsp;<\/p>\n","protected":false},"featured_media":4868,"comment_status":"open","ping_status":"closed","template":"","meta":[],"product_brand":[],"product_cat":[703],"product_tag":[],"class_list":{"0":"post-4854","1":"product","2":"type-product","3":"status-publish","4":"has-post-thumbnail","6":"product_cat-kupi-psihedelina-mamila","8":"first","9":"instock","10":"shipping-taxable","11":"purchasable","12":"product-type-simple"},"yoast_head":"<!-- This site is optimized with the Yoast SEO plugin v27.3 - https:\/\/yoast.com\/product\/yoast-seo-wordpress\/ -->\n<title>Kupite LSD teko\u010di 200ug Drop - Best Best Global Meds<\/title>\n<meta name=\"description\" content=\"Kupite LSD Liquid 200ug drop v Zdru\u017eenem kraljestvu, Evropa za prodajo po najbolj\u0161i tr\u017eni ceni. Vsi na\u0161i izdelki so narejeni iz \u010distih naravnih sestavin brez THC-ja. Naro\u010dite na spletu zdaj!\" \/>\n<meta name=\"robots\" content=\"index, follow, max-snippet:-1, max-image-preview:large, max-video-preview:-1\" \/>\n<link rel=\"canonical\" href=\"https:\/\/medicinasinc.com\/sl\/product\/kupi-lsd-tekocina-200ug-drop\/\" \/>\n<meta property=\"og:locale\" content=\"en_US\" \/>\n<meta property=\"og:type\" content=\"article\" \/>\n<meta property=\"og:title\" content=\"Kupite LSD teko\u010di 200ug Drop - Best Best Global Meds\" \/>\n<meta property=\"og:description\" content=\"Kupite LSD Liquid 200ug drop v Zdru\u017eenem kraljestvu, Evropa za prodajo po najbolj\u0161i tr\u017eni ceni. Vsi na\u0161i izdelki so narejeni iz \u010distih naravnih sestavin brez THC-ja. Naro\u010dite na spletu zdaj!\" \/>\n<meta property=\"og:url\" content=\"https:\/\/medicinasinc.com\/sl\/product\/kupi-lsd-tekocina-200ug-drop\/\" \/>\n<meta property=\"og:site_name\" content=\"Medicinas Inc\" \/>\n<meta property=\"article:modified_time\" content=\"2022-03-19T00:52:12+00:00\" \/>\n<meta property=\"og:image\" content=\"https:\/\/medicinasinc.com\/sl\/wp-content\/uploads\/sites\/7\/2022\/02\/Buy-LSD-liquid-200ug-Drop.jpg\" \/>\n\t<meta property=\"og:image:width\" content=\"363\" \/>\n\t<meta property=\"og:image:height\" content=\"445\" \/>\n\t<meta property=\"og:image:type\" content=\"image\/jpeg\" \/>\n<meta name=\"twitter:card\" content=\"summary_large_image\" \/>\n<meta name=\"twitter:label1\" content=\"Est. reading time\" \/>\n\t<meta name=\"twitter:data1\" content=\"2 minutes\" \/>\n<script type=\"application\/ld+json\" class=\"yoast-schema-graph\">{\"@context\":\"https:\\\/\\\/schema.org\",\"@graph\":[{\"@type\":\"WebPage\",\"@id\":\"https:\\\/\\\/medicinasinc.com\\\/sl\\\/product\\\/kupi-lsd-tekocina-200ug-drop\\\/\",\"url\":\"https:\\\/\\\/medicinasinc.com\\\/sl\\\/product\\\/kupi-lsd-tekocina-200ug-drop\\\/\",\"name\":\"Kupite LSD teko\u010di 200ug Drop - Best Best Global Meds\",\"isPartOf\":{\"@id\":\"https:\\\/\\\/medicinasinc.com\\\/sl\\\/#website\"},\"primaryImageOfPage\":{\"@id\":\"https:\\\/\\\/medicinasinc.com\\\/sl\\\/product\\\/kupi-lsd-tekocina-200ug-drop\\\/#primaryimage\"},\"image\":{\"@id\":\"https:\\\/\\\/medicinasinc.com\\\/sl\\\/product\\\/kupi-lsd-tekocina-200ug-drop\\\/#primaryimage\"},\"thumbnailUrl\":\"https:\\\/\\\/medicinasinc.com\\\/sl\\\/wp-content\\\/uploads\\\/sites\\\/7\\\/2022\\\/02\\\/Buy-LSD-liquid-200ug-Drop.jpg\",\"datePublished\":\"2022-02-20T16:56:44+00:00\",\"dateModified\":\"2022-03-19T00:52:12+00:00\",\"description\":\"Kupite LSD Liquid 200ug drop v Zdru\u017eenem kraljestvu, Evropa za prodajo po najbolj\u0161i tr\u017eni ceni. Vsi na\u0161i izdelki so narejeni iz \u010distih naravnih sestavin brez THC-ja. Naro\u010dite na spletu zdaj!\",\"breadcrumb\":{\"@id\":\"https:\\\/\\\/medicinasinc.com\\\/sl\\\/product\\\/kupi-lsd-tekocina-200ug-drop\\\/#breadcrumb\"},\"inLanguage\":\"en-US\",\"potentialAction\":[{\"@type\":\"ReadAction\",\"target\":[\"https:\\\/\\\/medicinasinc.com\\\/sl\\\/product\\\/kupi-lsd-tekocina-200ug-drop\\\/\"]}]},{\"@type\":\"ImageObject\",\"inLanguage\":\"en-US\",\"@id\":\"https:\\\/\\\/medicinasinc.com\\\/sl\\\/product\\\/kupi-lsd-tekocina-200ug-drop\\\/#primaryimage\",\"url\":\"https:\\\/\\\/medicinasinc.com\\\/sl\\\/wp-content\\\/uploads\\\/sites\\\/7\\\/2022\\\/02\\\/Buy-LSD-liquid-200ug-Drop.jpg\",\"contentUrl\":\"https:\\\/\\\/medicinasinc.com\\\/sl\\\/wp-content\\\/uploads\\\/sites\\\/7\\\/2022\\\/02\\\/Buy-LSD-liquid-200ug-Drop.jpg\",\"width\":363,\"height\":445},{\"@type\":\"BreadcrumbList\",\"@id\":\"https:\\\/\\\/medicinasinc.com\\\/sl\\\/product\\\/kupi-lsd-tekocina-200ug-drop\\\/#breadcrumb\",\"itemListElement\":[{\"@type\":\"ListItem\",\"position\":1,\"name\":\"Nakupujte\",\"item\":\"https:\\\/\\\/medicinasinc.com\\\/sl\\\/nakupujte\\\/\"},{\"@type\":\"ListItem\",\"position\":2,\"name\":\"Kupite LSD teko\u010di 200ug Drop\"}]},{\"@type\":\"WebSite\",\"@id\":\"https:\\\/\\\/medicinasinc.com\\\/sl\\\/#website\",\"url\":\"https:\\\/\\\/medicinasinc.com\\\/sl\\\/\",\"name\":\"Medicinas Inc\",\"description\":\"Health Medical Clinic\",\"potentialAction\":[{\"@type\":\"SearchAction\",\"target\":{\"@type\":\"EntryPoint\",\"urlTemplate\":\"https:\\\/\\\/medicinasinc.com\\\/sl\\\/?s={search_term_string}\"},\"query-input\":{\"@type\":\"PropertyValueSpecification\",\"valueRequired\":true,\"valueName\":\"search_term_string\"}}],\"inLanguage\":\"en-US\"}]}<\/script>\n<!-- \/ Yoast SEO plugin. -->","yoast_head_json":{"title":"Kupite LSD teko\u010di 200ug Drop - Best Best Global Meds","description":"Kupite LSD Liquid 200ug drop v Zdru\u017eenem kraljestvu, Evropa za prodajo po najbolj\u0161i tr\u017eni ceni. Vsi na\u0161i izdelki so narejeni iz \u010distih naravnih sestavin brez THC-ja. Naro\u010dite na spletu zdaj!","robots":{"index":"index","follow":"follow","max-snippet":"max-snippet:-1","max-image-preview":"max-image-preview:large","max-video-preview":"max-video-preview:-1"},"canonical":"https:\/\/medicinasinc.com\/sl\/product\/kupi-lsd-tekocina-200ug-drop\/","og_locale":"en_US","og_type":"article","og_title":"Kupite LSD teko\u010di 200ug Drop - Best Best Global Meds","og_description":"Kupite LSD Liquid 200ug drop v Zdru\u017eenem kraljestvu, Evropa za prodajo po najbolj\u0161i tr\u017eni ceni. Vsi na\u0161i izdelki so narejeni iz \u010distih naravnih sestavin brez THC-ja. Naro\u010dite na spletu zdaj!","og_url":"https:\/\/medicinasinc.com\/sl\/product\/kupi-lsd-tekocina-200ug-drop\/","og_site_name":"Medicinas Inc","article_modified_time":"2022-03-19T00:52:12+00:00","og_image":[{"width":363,"height":445,"url":"https:\/\/medicinasinc.com\/sl\/wp-content\/uploads\/sites\/7\/2022\/02\/Buy-LSD-liquid-200ug-Drop.jpg","type":"image\/jpeg"}],"twitter_card":"summary_large_image","twitter_misc":{"Est. reading time":"2 minutes"},"schema":{"@context":"https:\/\/schema.org","@graph":[{"@type":"WebPage","@id":"https:\/\/medicinasinc.com\/sl\/product\/kupi-lsd-tekocina-200ug-drop\/","url":"https:\/\/medicinasinc.com\/sl\/product\/kupi-lsd-tekocina-200ug-drop\/","name":"Kupite LSD teko\u010di 200ug Drop - Best Best Global Meds","isPartOf":{"@id":"https:\/\/medicinasinc.com\/sl\/#website"},"primaryImageOfPage":{"@id":"https:\/\/medicinasinc.com\/sl\/product\/kupi-lsd-tekocina-200ug-drop\/#primaryimage"},"image":{"@id":"https:\/\/medicinasinc.com\/sl\/product\/kupi-lsd-tekocina-200ug-drop\/#primaryimage"},"thumbnailUrl":"https:\/\/medicinasinc.com\/sl\/wp-content\/uploads\/sites\/7\/2022\/02\/Buy-LSD-liquid-200ug-Drop.jpg","datePublished":"2022-02-20T16:56:44+00:00","dateModified":"2022-03-19T00:52:12+00:00","description":"Kupite LSD Liquid 200ug drop v Zdru\u017eenem kraljestvu, Evropa za prodajo po najbolj\u0161i tr\u017eni ceni. Vsi na\u0161i izdelki so narejeni iz \u010distih naravnih sestavin brez THC-ja. Naro\u010dite na spletu zdaj!","breadcrumb":{"@id":"https:\/\/medicinasinc.com\/sl\/product\/kupi-lsd-tekocina-200ug-drop\/#breadcrumb"},"inLanguage":"en-US","potentialAction":[{"@type":"ReadAction","target":["https:\/\/medicinasinc.com\/sl\/product\/kupi-lsd-tekocina-200ug-drop\/"]}]},{"@type":"ImageObject","inLanguage":"en-US","@id":"https:\/\/medicinasinc.com\/sl\/product\/kupi-lsd-tekocina-200ug-drop\/#primaryimage","url":"https:\/\/medicinasinc.com\/sl\/wp-content\/uploads\/sites\/7\/2022\/02\/Buy-LSD-liquid-200ug-Drop.jpg","contentUrl":"https:\/\/medicinasinc.com\/sl\/wp-content\/uploads\/sites\/7\/2022\/02\/Buy-LSD-liquid-200ug-Drop.jpg","width":363,"height":445},{"@type":"BreadcrumbList","@id":"https:\/\/medicinasinc.com\/sl\/product\/kupi-lsd-tekocina-200ug-drop\/#breadcrumb","itemListElement":[{"@type":"ListItem","position":1,"name":"Nakupujte","item":"https:\/\/medicinasinc.com\/sl\/nakupujte\/"},{"@type":"ListItem","position":2,"name":"Kupite LSD teko\u010di 200ug Drop"}]},{"@type":"WebSite","@id":"https:\/\/medicinasinc.com\/sl\/#website","url":"https:\/\/medicinasinc.com\/sl\/","name":"Medicinas Inc","description":"Health Medical Clinic","potentialAction":[{"@type":"SearchAction","target":{"@type":"EntryPoint","urlTemplate":"https:\/\/medicinasinc.com\/sl\/?s={search_term_string}"},"query-input":{"@type":"PropertyValueSpecification","valueRequired":true,"valueName":"search_term_string"}}],"inLanguage":"en-US"}]}},"_links":{"self":[{"href":"https:\/\/medicinasinc.com\/sl\/wp-json\/wp\/v2\/product\/4854","targetHints":{"allow":["GET"]}}],"collection":[{"href":"https:\/\/medicinasinc.com\/sl\/wp-json\/wp\/v2\/product"}],"about":[{"href":"https:\/\/medicinasinc.com\/sl\/wp-json\/wp\/v2\/types\/product"}],"replies":[{"embeddable":true,"href":"https:\/\/medicinasinc.com\/sl\/wp-json\/wp\/v2\/comments?post=4854"}],"wp:featuredmedia":[{"embeddable":true,"href":"https:\/\/medicinasinc.com\/sl\/wp-json\/wp\/v2\/media\/4868"}],"wp:attachment":[{"href":"https:\/\/medicinasinc.com\/sl\/wp-json\/wp\/v2\/media?parent=4854"}],"wp:term":[{"taxonomy":"product_brand","embeddable":true,"href":"https:\/\/medicinasinc.com\/sl\/wp-json\/wp\/v2\/product_brand?post=4854"},{"taxonomy":"product_cat","embeddable":true,"href":"https:\/\/medicinasinc.com\/sl\/wp-json\/wp\/v2\/product_cat?post=4854"},{"taxonomy":"product_tag","embeddable":true,"href":"https:\/\/medicinasinc.com\/sl\/wp-json\/wp\/v2\/product_tag?post=4854"}],"curies":[{"name":"wp","href":"https:\/\/api.w.org\/{rel}","templated":true}]}}