{"id":4849,"date":"2022-02-20T16:51:26","date_gmt":"2022-02-20T16:51:26","guid":{"rendered":"https:\/\/medicinasinc.com\/sl\/?post_type=product&#038;p=4849"},"modified":"2022-03-19T00:52:24","modified_gmt":"2022-03-19T00:52:24","slug":"kupi-ibogain-prah","status":"publish","type":"product","link":"https:\/\/medicinasinc.com\/sl\/product\/kupi-ibogain-prah\/","title":{"rendered":"Kupite Ibogain v prahu"},"content":{"rendered":"<p>Ibogain hidroklorid<\/p>\n<p>Ibogain HCL je naravno prisotna psihoaktivna snov, ki jo najdemo v rastlinah iz dru\u017eine Apocynaceae, vklju\u010dno s Tabernanthe iboga, Voacanga africana in Tabernaemontana undulata.<\/p>\n<p>Je disociativno psihodeli\u010dno. Preliminarne raziskave ka\u017eejo, da je lahko koristen pri zdravljenju odvisnosti od drog. Ibogain je na voljo za nakup. Ibogain HCL je mogo\u010de kupiti na spletu. Ibogain hidroklorid v prahu. Ibogain je mogo\u010de kupiti na spletu.<\/p>\n<p>Poleg tega so od leta 2016 na voljo \u0161tevilne oblike ibogaina, od korenine v prahu, ki vsebuje izredno sledove ibogaina in ima zelo majhen u\u010dinek, \u010de se uporablja za laj\u0161anje opioidov. odtegnitvenih simptomov do visoko pre\u010di\u0161\u010denega, 99,7-odstotno \u010distega ibogaina HCL. Ibogain HCL za prodajo na spletu<\/p>\n<p>Ibogain hidroklorid za prodajo<\/p>\n<p>Za za\u010detek uporabljamo Ibogain HCL 99,7 % \u010diste farmacevtske kakovosti v centru za zdravljenje ibogaina Meds Consulting. Ne uporabljamo poceni polsinteti\u010dnega ibogaina, pridobljenega iz Voacanga africana, niti ne uporabljamo izvle\u010dkov TA (skupni alkaloid) ali PTA (pre\u010di\u0161\u010den skupni alkaloid). Ibogain je mogo\u010de kupiti na spletu.<\/p>\n<p>Na\u0161e surovine izvirajo iz Kameruna (ne iz Gabona) prek kme\u010dke zadruge, ki \u017ee od sredine devetdesetih let prej\u0161njega stoletja prideluje TA iboga za na\u0161o uporabo, pri \u010demer uporablja okolju prijazno in trajnostno kmetijstvo. vaje. Ne uporabljamo materialov s \u010drnih ali sivih trgov, ki niso znani glede izvora ali \u010distosti. Ibogain HCL je mogo\u010de kupiti na spletu.<\/p>\n<p>Na\u0161 ibogain hidroklorid je bil izdelan v laboratoriju, ki je skladen s cGMP in je v skladu z vsemi smernicami USFDA. Meds Consulting uporablja naj\u010distej\u0161i Ibogain HCL, ki je na voljo pri uporabi naravne kemije izdelkov; na\u0161i materiali so certificirani 99,7 % \u010disti s HPLC testom.<\/p>\n<p>Psihoaktivne lastnosti ibogaina<\/p>\n<p>Za za\u010detek psihoaktivne lastnosti ibogaina ustvarjajo izbolj\u0161ano duhovno izku\u0161njo. Pacient pridobi globok vpogled, ki mu daje jasnost o svojem \u017eivljenju in ga motivira za psiholo\u0161ke spremembe in \u017eivljenje brez drog. Ibogain je na voljo za nakup.<\/p>\n<p>Ibogain ima po \u0161tudijah velik potencial za zdravljenje odvisnosti od trdih drog, kot so heroin, metadon, kokain, crack in alkohol. Poleg tega obstajajo dokazi, da je koristen pri zdravljenju odvisnosti od tobaka. Ibogain je mogo\u010de kupiti na spletu.<\/p>\n<p>Poleg tega ibogain ponuja mo\u017enosti za psihoterapijo in duhovnega u\u010ditelja. Poleg tega se ibogain lahko uporablja v psihoterapiji za zdravljenje u\u010dinkov travme ali pogojevanja. Ibogain je na voljo za nakup.<\/p>\n<p>Ali je terapija u\u010dinkovita in varna?<\/p>\n<p>Posamezniki ob\u010dasno i\u0161\u010dejo ibogain za prodajo v upanju, da se bodo podvrgli terapiji z ibogainom zaradi odvisnosti od opiatov. Vendar, kot pri vsakem zdravljenju, terapija z ibogainom ne zagotavlja uspeha. Najbolj\u0161i ibogain hidroklorid v prahu<\/p>\n<p>Poleg tega se lahko s terapijo z ibogainom HCL pomaga posamezniku pri premagovanju odvisnosti od opiatov. Ibogain je na voljo za nakup.<\/p>\n<p>Poleg tega ibogain pomaga ponastaviti kemi\u010dne ravni v mo\u017eganih, vendar so mo\u017egani relativno hitro fizi\u010dno odvisni od ibogaina. \u010ce torej posameznik naenkrat zau\u017eije preveliko koli\u010dino ibogaina, lahko utrpi smrtonosni prevelik odmerek. Ibogain je mogo\u010de kupiti na spletu.<\/p>\n<p>Vsi ibogain niso enaki. Razli\u010dni materiali imajo lahko izrazito razli\u010dne u\u010dinke. Na\u0161 ibogain je identi\u010den tistemu, ki je bil uporabljen v vseh monografijah, objavljenih v strokovnih revijah do sedaj, in dokazuje domnevno sposobnost ibogaina za laj\u0161anje odtegnitvenih simptomov, povezanih z motnjami zlorabe polisubstanc. Ibogain je mogo\u010de kupiti na spletu.<\/p>\n<p>Zagotavljamo najvarnej\u0161i in naju\u010dinkovitej\u0161i program razstrupljanja ibogaina na svetu z uporabo naj\u010distej\u0161ega ibogain hidroklorida, ki je na voljo na planetu. Ibogain hidroklorid v prahu.<\/p>\n","protected":false},"excerpt":{"rendered":"<div class=\"woocommerce-product-details__short-description\">\n<p>Kupite ibogain v prahu iz Afrike v Zdru\u017eenem kraljestvu, Evropa za prodajo na najbolj\u0161em spletnem mestu, Ibogain za prodajo na spletu. Pridobite lubje korenin Iboga, Ibogain hcl, Iboga TA, Ibogaine kapsule in voacanga in pridobite ibogain.<\/p>\n<p>Ibogain HCL (hidroklorid) je izoliran iz na\u0161ega ekstrakta Iboga TA in je ~95-99 % \u010dist ibogain HCL.<\/p>\n<\/p><\/div>\n","protected":false},"featured_media":4862,"comment_status":"open","ping_status":"closed","template":"","meta":[],"product_brand":[],"product_cat":[703],"product_tag":[725,728,729,730,731,733,734,737,738,736,735,741,726,727,732,739,740,742,743,744],"class_list":{"0":"post-4849","1":"product","2":"type-product","3":"status-publish","4":"has-post-thumbnail","6":"product_cat-kupi-psihedelina-mamila","7":"product_tag-bois-sacre","8":"product_tag-buy-iboga-root-bark","9":"product_tag-buy-iboga-root-bark-chips","10":"product_tag-buy-iboga-root-bark-online","11":"product_tag-buy-ibogaine","12":"product_tag-eboka","13":"product_tag-iboga-na-prodaj","14":"product_tag-iboga-root-bark-chips-for-sale","15":"product_tag-iboga-root-bark-for-for-sale","16":"product_tag-iboga-root-nazaj-za-prodaj","17":"product_tag-iboga-v-prahu","18":"product_tag-ibogaine-for-sale","19":"product_tag-kupi-iboga","20":"product_tag-buy-iboga-root-back","21":"product_tag-kupi-ibogain-online","22":"product_tag-iboga-koren-lubje-na-prodaj","23":"product_tag-iboga-root-lubje-za-prodaja-online","24":"product_tag-order-iboga-online","25":"product_tag-ista-iboga-prah-na-prodaj","26":"product_tag-tabernanthe-iboga","28":"first","29":"instock","30":"shipping-taxable","31":"purchasable","32":"product-type-variable","33":"has-default-attributes"},"yoast_head":"<!-- This site is optimized with the Yoast SEO plugin v27.3 - https:\/\/yoast.com\/product\/yoast-seo-wordpress\/ -->\n<title>Kupite Ibogain v prahu - Iboga za prodajo - Najbolj\u0161a najbolj\u0161a zdravila na svetu<\/title>\n<meta name=\"description\" content=\"Kupite Ibogain v prahu iz Afrike v Zdru\u017eenem kraljestvu, Evropa za prodajo na najbolj\u0161em spletnem mestu, Ibogain za prodajo na spletu. Pridobite lubje korenin Iboga, Ibogaine hcl, Iboga TA, Ibogaine kapsule in voacanga in pridobite ibogain.\" \/>\n<meta name=\"robots\" content=\"index, follow, max-snippet:-1, max-image-preview:large, max-video-preview:-1\" \/>\n<link rel=\"canonical\" href=\"https:\/\/medicinasinc.com\/sl\/product\/kupi-ibogain-prah\/\" \/>\n<meta property=\"og:locale\" content=\"en_US\" \/>\n<meta property=\"og:type\" content=\"article\" \/>\n<meta property=\"og:title\" content=\"Kupite Ibogain v prahu - Iboga za prodajo - Najbolj\u0161a najbolj\u0161a zdravila na svetu\" \/>\n<meta property=\"og:description\" content=\"Kupite Ibogain v prahu iz Afrike v Zdru\u017eenem kraljestvu, Evropa za prodajo na najbolj\u0161em spletnem mestu, Ibogain za prodajo na spletu. Pridobite lubje korenin Iboga, Ibogaine hcl, Iboga TA, Ibogaine kapsule in voacanga in pridobite ibogain.\" \/>\n<meta property=\"og:url\" content=\"https:\/\/medicinasinc.com\/sl\/product\/kupi-ibogain-prah\/\" \/>\n<meta property=\"og:site_name\" content=\"Medicinas Inc\" \/>\n<meta property=\"article:modified_time\" content=\"2022-03-19T00:52:24+00:00\" \/>\n<meta property=\"og:image\" content=\"https:\/\/medicinasinc.com\/sl\/wp-content\/uploads\/sites\/7\/2022\/02\/Buy-Ibogaine-Powder.webp\" \/>\n\t<meta property=\"og:image:width\" content=\"400\" \/>\n\t<meta property=\"og:image:height\" content=\"533\" \/>\n\t<meta property=\"og:image:type\" content=\"image\/webp\" \/>\n<meta name=\"twitter:card\" content=\"summary_large_image\" \/>\n<meta name=\"twitter:label1\" content=\"Est. reading time\" \/>\n\t<meta name=\"twitter:data1\" content=\"3 minutes\" \/>\n<script type=\"application\/ld+json\" class=\"yoast-schema-graph\">{\"@context\":\"https:\\\/\\\/schema.org\",\"@graph\":[{\"@type\":\"WebPage\",\"@id\":\"https:\\\/\\\/medicinasinc.com\\\/sl\\\/product\\\/kupi-ibogain-prah\\\/\",\"url\":\"https:\\\/\\\/medicinasinc.com\\\/sl\\\/product\\\/kupi-ibogain-prah\\\/\",\"name\":\"Kupite Ibogain v prahu - Iboga za prodajo - Najbolj\u0161a najbolj\u0161a zdravila na svetu\",\"isPartOf\":{\"@id\":\"https:\\\/\\\/medicinasinc.com\\\/sl\\\/#website\"},\"primaryImageOfPage\":{\"@id\":\"https:\\\/\\\/medicinasinc.com\\\/sl\\\/product\\\/kupi-ibogain-prah\\\/#primaryimage\"},\"image\":{\"@id\":\"https:\\\/\\\/medicinasinc.com\\\/sl\\\/product\\\/kupi-ibogain-prah\\\/#primaryimage\"},\"thumbnailUrl\":\"https:\\\/\\\/medicinasinc.com\\\/sl\\\/wp-content\\\/uploads\\\/sites\\\/7\\\/2022\\\/02\\\/Buy-Ibogaine-Powder.webp\",\"datePublished\":\"2022-02-20T16:51:26+00:00\",\"dateModified\":\"2022-03-19T00:52:24+00:00\",\"description\":\"Kupite Ibogain v prahu iz Afrike v Zdru\u017eenem kraljestvu, Evropa za prodajo na najbolj\u0161em spletnem mestu, Ibogain za prodajo na spletu. Pridobite lubje korenin Iboga, Ibogaine hcl, Iboga TA, Ibogaine kapsule in voacanga in pridobite ibogain.\",\"breadcrumb\":{\"@id\":\"https:\\\/\\\/medicinasinc.com\\\/sl\\\/product\\\/kupi-ibogain-prah\\\/#breadcrumb\"},\"inLanguage\":\"en-US\",\"potentialAction\":[{\"@type\":\"ReadAction\",\"target\":[\"https:\\\/\\\/medicinasinc.com\\\/sl\\\/product\\\/kupi-ibogain-prah\\\/\"]}]},{\"@type\":\"ImageObject\",\"inLanguage\":\"en-US\",\"@id\":\"https:\\\/\\\/medicinasinc.com\\\/sl\\\/product\\\/kupi-ibogain-prah\\\/#primaryimage\",\"url\":\"https:\\\/\\\/medicinasinc.com\\\/sl\\\/wp-content\\\/uploads\\\/sites\\\/7\\\/2022\\\/02\\\/Buy-Ibogaine-Powder.webp\",\"contentUrl\":\"https:\\\/\\\/medicinasinc.com\\\/sl\\\/wp-content\\\/uploads\\\/sites\\\/7\\\/2022\\\/02\\\/Buy-Ibogaine-Powder.webp\",\"width\":400,\"height\":533},{\"@type\":\"BreadcrumbList\",\"@id\":\"https:\\\/\\\/medicinasinc.com\\\/sl\\\/product\\\/kupi-ibogain-prah\\\/#breadcrumb\",\"itemListElement\":[{\"@type\":\"ListItem\",\"position\":1,\"name\":\"Nakupujte\",\"item\":\"https:\\\/\\\/medicinasinc.com\\\/sl\\\/nakupujte\\\/\"},{\"@type\":\"ListItem\",\"position\":2,\"name\":\"Kupite Ibogain v prahu\"}]},{\"@type\":\"WebSite\",\"@id\":\"https:\\\/\\\/medicinasinc.com\\\/sl\\\/#website\",\"url\":\"https:\\\/\\\/medicinasinc.com\\\/sl\\\/\",\"name\":\"Medicinas Inc\",\"description\":\"Health Medical Clinic\",\"potentialAction\":[{\"@type\":\"SearchAction\",\"target\":{\"@type\":\"EntryPoint\",\"urlTemplate\":\"https:\\\/\\\/medicinasinc.com\\\/sl\\\/?s={search_term_string}\"},\"query-input\":{\"@type\":\"PropertyValueSpecification\",\"valueRequired\":true,\"valueName\":\"search_term_string\"}}],\"inLanguage\":\"en-US\"}]}<\/script>\n<!-- \/ Yoast SEO plugin. -->","yoast_head_json":{"title":"Kupite Ibogain v prahu - Iboga za prodajo - Najbolj\u0161a najbolj\u0161a zdravila na svetu","description":"Kupite Ibogain v prahu iz Afrike v Zdru\u017eenem kraljestvu, Evropa za prodajo na najbolj\u0161em spletnem mestu, Ibogain za prodajo na spletu. Pridobite lubje korenin Iboga, Ibogaine hcl, Iboga TA, Ibogaine kapsule in voacanga in pridobite ibogain.","robots":{"index":"index","follow":"follow","max-snippet":"max-snippet:-1","max-image-preview":"max-image-preview:large","max-video-preview":"max-video-preview:-1"},"canonical":"https:\/\/medicinasinc.com\/sl\/product\/kupi-ibogain-prah\/","og_locale":"en_US","og_type":"article","og_title":"Kupite Ibogain v prahu - Iboga za prodajo - Najbolj\u0161a najbolj\u0161a zdravila na svetu","og_description":"Kupite Ibogain v prahu iz Afrike v Zdru\u017eenem kraljestvu, Evropa za prodajo na najbolj\u0161em spletnem mestu, Ibogain za prodajo na spletu. Pridobite lubje korenin Iboga, Ibogaine hcl, Iboga TA, Ibogaine kapsule in voacanga in pridobite ibogain.","og_url":"https:\/\/medicinasinc.com\/sl\/product\/kupi-ibogain-prah\/","og_site_name":"Medicinas Inc","article_modified_time":"2022-03-19T00:52:24+00:00","og_image":[{"width":400,"height":533,"url":"https:\/\/medicinasinc.com\/sl\/wp-content\/uploads\/sites\/7\/2022\/02\/Buy-Ibogaine-Powder.webp","type":"image\/webp"}],"twitter_card":"summary_large_image","twitter_misc":{"Est. reading time":"3 minutes"},"schema":{"@context":"https:\/\/schema.org","@graph":[{"@type":"WebPage","@id":"https:\/\/medicinasinc.com\/sl\/product\/kupi-ibogain-prah\/","url":"https:\/\/medicinasinc.com\/sl\/product\/kupi-ibogain-prah\/","name":"Kupite Ibogain v prahu - Iboga za prodajo - Najbolj\u0161a najbolj\u0161a zdravila na svetu","isPartOf":{"@id":"https:\/\/medicinasinc.com\/sl\/#website"},"primaryImageOfPage":{"@id":"https:\/\/medicinasinc.com\/sl\/product\/kupi-ibogain-prah\/#primaryimage"},"image":{"@id":"https:\/\/medicinasinc.com\/sl\/product\/kupi-ibogain-prah\/#primaryimage"},"thumbnailUrl":"https:\/\/medicinasinc.com\/sl\/wp-content\/uploads\/sites\/7\/2022\/02\/Buy-Ibogaine-Powder.webp","datePublished":"2022-02-20T16:51:26+00:00","dateModified":"2022-03-19T00:52:24+00:00","description":"Kupite Ibogain v prahu iz Afrike v Zdru\u017eenem kraljestvu, Evropa za prodajo na najbolj\u0161em spletnem mestu, Ibogain za prodajo na spletu. Pridobite lubje korenin Iboga, Ibogaine hcl, Iboga TA, Ibogaine kapsule in voacanga in pridobite ibogain.","breadcrumb":{"@id":"https:\/\/medicinasinc.com\/sl\/product\/kupi-ibogain-prah\/#breadcrumb"},"inLanguage":"en-US","potentialAction":[{"@type":"ReadAction","target":["https:\/\/medicinasinc.com\/sl\/product\/kupi-ibogain-prah\/"]}]},{"@type":"ImageObject","inLanguage":"en-US","@id":"https:\/\/medicinasinc.com\/sl\/product\/kupi-ibogain-prah\/#primaryimage","url":"https:\/\/medicinasinc.com\/sl\/wp-content\/uploads\/sites\/7\/2022\/02\/Buy-Ibogaine-Powder.webp","contentUrl":"https:\/\/medicinasinc.com\/sl\/wp-content\/uploads\/sites\/7\/2022\/02\/Buy-Ibogaine-Powder.webp","width":400,"height":533},{"@type":"BreadcrumbList","@id":"https:\/\/medicinasinc.com\/sl\/product\/kupi-ibogain-prah\/#breadcrumb","itemListElement":[{"@type":"ListItem","position":1,"name":"Nakupujte","item":"https:\/\/medicinasinc.com\/sl\/nakupujte\/"},{"@type":"ListItem","position":2,"name":"Kupite Ibogain v prahu"}]},{"@type":"WebSite","@id":"https:\/\/medicinasinc.com\/sl\/#website","url":"https:\/\/medicinasinc.com\/sl\/","name":"Medicinas Inc","description":"Health Medical Clinic","potentialAction":[{"@type":"SearchAction","target":{"@type":"EntryPoint","urlTemplate":"https:\/\/medicinasinc.com\/sl\/?s={search_term_string}"},"query-input":{"@type":"PropertyValueSpecification","valueRequired":true,"valueName":"search_term_string"}}],"inLanguage":"en-US"}]}},"_links":{"self":[{"href":"https:\/\/medicinasinc.com\/sl\/wp-json\/wp\/v2\/product\/4849","targetHints":{"allow":["GET"]}}],"collection":[{"href":"https:\/\/medicinasinc.com\/sl\/wp-json\/wp\/v2\/product"}],"about":[{"href":"https:\/\/medicinasinc.com\/sl\/wp-json\/wp\/v2\/types\/product"}],"replies":[{"embeddable":true,"href":"https:\/\/medicinasinc.com\/sl\/wp-json\/wp\/v2\/comments?post=4849"}],"wp:featuredmedia":[{"embeddable":true,"href":"https:\/\/medicinasinc.com\/sl\/wp-json\/wp\/v2\/media\/4862"}],"wp:attachment":[{"href":"https:\/\/medicinasinc.com\/sl\/wp-json\/wp\/v2\/media?parent=4849"}],"wp:term":[{"taxonomy":"product_brand","embeddable":true,"href":"https:\/\/medicinasinc.com\/sl\/wp-json\/wp\/v2\/product_brand?post=4849"},{"taxonomy":"product_cat","embeddable":true,"href":"https:\/\/medicinasinc.com\/sl\/wp-json\/wp\/v2\/product_cat?post=4849"},{"taxonomy":"product_tag","embeddable":true,"href":"https:\/\/medicinasinc.com\/sl\/wp-json\/wp\/v2\/product_tag?post=4849"}],"curies":[{"name":"wp","href":"https:\/\/api.w.org\/{rel}","templated":true}]}}