{"id":4848,"date":"2022-02-20T16:50:30","date_gmt":"2022-02-20T16:50:30","guid":{"rendered":"https:\/\/medicinasinc.com\/sl\/?post_type=product&#038;p=4848"},"modified":"2022-03-19T00:52:35","modified_gmt":"2022-03-19T00:52:35","slug":"kupi-ketamin-prah","status":"publish","type":"product","link":"https:\/\/medicinasinc.com\/sl\/product\/kupi-ketamin-prah\/","title":{"rendered":"Kupite ketamin v prahu"},"content":{"rendered":"<p>Ketamin v prahu lahko kupite na spletu.<\/p>\n<p>Kupite ketamin v prahu za obvladovanje pooperativne bole\u010dine<br \/> Pooperativna bole\u010dina se pojavi po ve\u010dji operaciji, ki vklju\u010duje rez in cepljenje. Lahko traja od dva do pet dni, zato je za njegovo izkoreninjenje potrebno ustrezno zdravljenje. Neustrezen nadzor lahko povzro\u010di nepremi\u010dnost, te\u017eje pridobivanje funkcije in zapoznelo okrevanje. Cilj je ubla\u017eiti nelagodje s \u010dim manj stranskimi u\u010dinki. Kljub dolgoletnemu napredku pri obvladovanju bole\u010din ostajajo primarni ostanki pooperativne terapije anestetiki, kot je ketamin v prahu za prodajo. Ve\u017eejo se na receptorje centralnega \u017eiv\u010dnega sistema in zavirajo prenos bole\u010dinskih signalov. Ima hiter za\u010detek delovanja in enourni u\u010dinek. Tisti, ki so odgovorni za dajanje zdravila, bi morali zagotoviti, da ne pride do smrtonosnih interakcij.<\/p>\n<p>Najbolj\u0161a zdravila na svetu \u2013 edini vir cenovno ugodnega ketamina v prahu<br \/> \u0160irok izbor zdravil na recept je zdaj dostopen brez premikanja palec od lokacije. Pri Best Global Meds lahko naro\u010dite ketamin v prahu od doma ali v pisarni. Trudimo se, da bi bilo spletno nakupovanje za na\u0161e stranke preprosto in varno. Zato sprejemamo razli\u010dne na\u010dine pla\u010dila, vklju\u010dno s kriptovalutami, in \u0161\u010ditimo podatke o va\u0161i kreditni kartici s \u0161ifriranjem kreditne kartice. Poleg tega je postopek po\u0161iljanja brez tveganja. Sodelujemo z uglednimi prevozniki, da zagotovimo va\u0161a zdravila in jih po\u0161ljemo neposredno na dom.<\/p>\n<p>\u010ce imate kakr\u0161na koli vpra\u0161anja o nas ali na\u0161ih izdelkih, se obrnite na enega od na\u0161ih vodstvenih delavcev. Z veseljem vam bomo odgovorili na vsa va\u0161a vpra\u0161anja!<\/p>\n","protected":false},"excerpt":{"rendered":"<div class=\"woocommerce-product-details__short-description\">\n<p>Kupite ketamin v prahu Po\u0161iljanje v Evropsko unijo, pla\u010dilo preko Bitcoin. Ketamin v prahu s popustom &#8211; nakup raziskovalnih kemikalij v Evropi. Najve\u010dji evropski prodajalec ketamina v prahu.<\/p>\n<p>Ketamin v prahu je mogo\u010de kupiti na spletu. Spletni nakup ketamina HCL v prahu \u2013 Spletni nakup ketamina v prahu \u2013 Naro\u010ditev ketamina v prahu<\/p>\n<\/p><\/div>\n","protected":false},"featured_media":4860,"comment_status":"open","ping_status":"closed","template":"","meta":[],"product_brand":[],"product_cat":[703],"product_tag":[],"class_list":{"0":"post-4848","1":"product","2":"type-product","3":"status-publish","4":"has-post-thumbnail","6":"product_cat-kupi-psihedelina-mamila","8":"first","9":"instock","10":"shipping-taxable","11":"purchasable","12":"product-type-variable","13":"has-default-attributes"},"yoast_head":"<!-- This site is optimized with the Yoast SEO plugin v27.3 - https:\/\/yoast.com\/product\/yoast-seo-wordpress\/ -->\n<title>Kupite ketamin v prahu - razprodaja ketamina v Evropi - najbolj\u0161a najbolj\u0161a zdravila na svetu<\/title>\n<meta name=\"description\" content=\"Kupite ketamin v prahu za prodajo Po\u0161iljanje v EU, pla\u010dilo z bitcoini. Poceni dobavitelj ketaminskega prahu - kupite raziskovalne kemikalije v Evropi. Trgovina ketamin v prahu v Evropi.\" \/>\n<meta name=\"robots\" content=\"index, follow, max-snippet:-1, max-image-preview:large, max-video-preview:-1\" \/>\n<link rel=\"canonical\" href=\"https:\/\/medicinasinc.com\/sl\/product\/kupi-ketamin-prah\/\" \/>\n<meta property=\"og:locale\" content=\"en_US\" \/>\n<meta property=\"og:type\" content=\"article\" \/>\n<meta property=\"og:title\" content=\"Kupite ketamin v prahu - razprodaja ketamina v Evropi - najbolj\u0161a najbolj\u0161a zdravila na svetu\" \/>\n<meta property=\"og:description\" content=\"Kupite ketamin v prahu za prodajo Po\u0161iljanje v EU, pla\u010dilo z bitcoini. Poceni dobavitelj ketaminskega prahu - kupite raziskovalne kemikalije v Evropi. Trgovina ketamin v prahu v Evropi.\" \/>\n<meta property=\"og:url\" content=\"https:\/\/medicinasinc.com\/sl\/product\/kupi-ketamin-prah\/\" \/>\n<meta property=\"og:site_name\" content=\"Medicinas Inc\" \/>\n<meta property=\"article:modified_time\" content=\"2022-03-19T00:52:35+00:00\" \/>\n<meta property=\"og:image\" content=\"https:\/\/medicinasinc.com\/sl\/wp-content\/uploads\/sites\/7\/2022\/02\/Buy-Ketamine-powder.jpg\" \/>\n\t<meta property=\"og:image:width\" content=\"900\" \/>\n\t<meta property=\"og:image:height\" content=\"675\" \/>\n\t<meta property=\"og:image:type\" content=\"image\/jpeg\" \/>\n<meta name=\"twitter:card\" content=\"summary_large_image\" \/>\n<meta name=\"twitter:label1\" content=\"Est. reading time\" \/>\n\t<meta name=\"twitter:data1\" content=\"2 minutes\" \/>\n<script type=\"application\/ld+json\" class=\"yoast-schema-graph\">{\"@context\":\"https:\\\/\\\/schema.org\",\"@graph\":[{\"@type\":\"WebPage\",\"@id\":\"https:\\\/\\\/medicinasinc.com\\\/sl\\\/product\\\/kupi-ketamin-prah\\\/\",\"url\":\"https:\\\/\\\/medicinasinc.com\\\/sl\\\/product\\\/kupi-ketamin-prah\\\/\",\"name\":\"Kupite ketamin v prahu - razprodaja ketamina v Evropi - najbolj\u0161a najbolj\u0161a zdravila na svetu\",\"isPartOf\":{\"@id\":\"https:\\\/\\\/medicinasinc.com\\\/sl\\\/#website\"},\"primaryImageOfPage\":{\"@id\":\"https:\\\/\\\/medicinasinc.com\\\/sl\\\/product\\\/kupi-ketamin-prah\\\/#primaryimage\"},\"image\":{\"@id\":\"https:\\\/\\\/medicinasinc.com\\\/sl\\\/product\\\/kupi-ketamin-prah\\\/#primaryimage\"},\"thumbnailUrl\":\"https:\\\/\\\/medicinasinc.com\\\/sl\\\/wp-content\\\/uploads\\\/sites\\\/7\\\/2022\\\/02\\\/Buy-Ketamine-powder.jpg\",\"datePublished\":\"2022-02-20T16:50:30+00:00\",\"dateModified\":\"2022-03-19T00:52:35+00:00\",\"description\":\"Kupite ketamin v prahu za prodajo Po\u0161iljanje v EU, pla\u010dilo z bitcoini. Poceni dobavitelj ketaminskega prahu - kupite raziskovalne kemikalije v Evropi. Trgovina ketamin v prahu v Evropi.\",\"breadcrumb\":{\"@id\":\"https:\\\/\\\/medicinasinc.com\\\/sl\\\/product\\\/kupi-ketamin-prah\\\/#breadcrumb\"},\"inLanguage\":\"en-US\",\"potentialAction\":[{\"@type\":\"ReadAction\",\"target\":[\"https:\\\/\\\/medicinasinc.com\\\/sl\\\/product\\\/kupi-ketamin-prah\\\/\"]}]},{\"@type\":\"ImageObject\",\"inLanguage\":\"en-US\",\"@id\":\"https:\\\/\\\/medicinasinc.com\\\/sl\\\/product\\\/kupi-ketamin-prah\\\/#primaryimage\",\"url\":\"https:\\\/\\\/medicinasinc.com\\\/sl\\\/wp-content\\\/uploads\\\/sites\\\/7\\\/2022\\\/02\\\/Buy-Ketamine-powder.jpg\",\"contentUrl\":\"https:\\\/\\\/medicinasinc.com\\\/sl\\\/wp-content\\\/uploads\\\/sites\\\/7\\\/2022\\\/02\\\/Buy-Ketamine-powder.jpg\",\"width\":900,\"height\":675},{\"@type\":\"BreadcrumbList\",\"@id\":\"https:\\\/\\\/medicinasinc.com\\\/sl\\\/product\\\/kupi-ketamin-prah\\\/#breadcrumb\",\"itemListElement\":[{\"@type\":\"ListItem\",\"position\":1,\"name\":\"Nakupujte\",\"item\":\"https:\\\/\\\/medicinasinc.com\\\/sl\\\/nakupujte\\\/\"},{\"@type\":\"ListItem\",\"position\":2,\"name\":\"Kupite ketamin v prahu\"}]},{\"@type\":\"WebSite\",\"@id\":\"https:\\\/\\\/medicinasinc.com\\\/sl\\\/#website\",\"url\":\"https:\\\/\\\/medicinasinc.com\\\/sl\\\/\",\"name\":\"Medicinas Inc\",\"description\":\"Health Medical Clinic\",\"potentialAction\":[{\"@type\":\"SearchAction\",\"target\":{\"@type\":\"EntryPoint\",\"urlTemplate\":\"https:\\\/\\\/medicinasinc.com\\\/sl\\\/?s={search_term_string}\"},\"query-input\":{\"@type\":\"PropertyValueSpecification\",\"valueRequired\":true,\"valueName\":\"search_term_string\"}}],\"inLanguage\":\"en-US\"}]}<\/script>\n<!-- \/ Yoast SEO plugin. -->","yoast_head_json":{"title":"Kupite ketamin v prahu - razprodaja ketamina v Evropi - najbolj\u0161a najbolj\u0161a zdravila na svetu","description":"Kupite ketamin v prahu za prodajo Po\u0161iljanje v EU, pla\u010dilo z bitcoini. Poceni dobavitelj ketaminskega prahu - kupite raziskovalne kemikalije v Evropi. Trgovina ketamin v prahu v Evropi.","robots":{"index":"index","follow":"follow","max-snippet":"max-snippet:-1","max-image-preview":"max-image-preview:large","max-video-preview":"max-video-preview:-1"},"canonical":"https:\/\/medicinasinc.com\/sl\/product\/kupi-ketamin-prah\/","og_locale":"en_US","og_type":"article","og_title":"Kupite ketamin v prahu - razprodaja ketamina v Evropi - najbolj\u0161a najbolj\u0161a zdravila na svetu","og_description":"Kupite ketamin v prahu za prodajo Po\u0161iljanje v EU, pla\u010dilo z bitcoini. Poceni dobavitelj ketaminskega prahu - kupite raziskovalne kemikalije v Evropi. Trgovina ketamin v prahu v Evropi.","og_url":"https:\/\/medicinasinc.com\/sl\/product\/kupi-ketamin-prah\/","og_site_name":"Medicinas Inc","article_modified_time":"2022-03-19T00:52:35+00:00","og_image":[{"width":900,"height":675,"url":"https:\/\/medicinasinc.com\/sl\/wp-content\/uploads\/sites\/7\/2022\/02\/Buy-Ketamine-powder.jpg","type":"image\/jpeg"}],"twitter_card":"summary_large_image","twitter_misc":{"Est. reading time":"2 minutes"},"schema":{"@context":"https:\/\/schema.org","@graph":[{"@type":"WebPage","@id":"https:\/\/medicinasinc.com\/sl\/product\/kupi-ketamin-prah\/","url":"https:\/\/medicinasinc.com\/sl\/product\/kupi-ketamin-prah\/","name":"Kupite ketamin v prahu - razprodaja ketamina v Evropi - najbolj\u0161a najbolj\u0161a zdravila na svetu","isPartOf":{"@id":"https:\/\/medicinasinc.com\/sl\/#website"},"primaryImageOfPage":{"@id":"https:\/\/medicinasinc.com\/sl\/product\/kupi-ketamin-prah\/#primaryimage"},"image":{"@id":"https:\/\/medicinasinc.com\/sl\/product\/kupi-ketamin-prah\/#primaryimage"},"thumbnailUrl":"https:\/\/medicinasinc.com\/sl\/wp-content\/uploads\/sites\/7\/2022\/02\/Buy-Ketamine-powder.jpg","datePublished":"2022-02-20T16:50:30+00:00","dateModified":"2022-03-19T00:52:35+00:00","description":"Kupite ketamin v prahu za prodajo Po\u0161iljanje v EU, pla\u010dilo z bitcoini. Poceni dobavitelj ketaminskega prahu - kupite raziskovalne kemikalije v Evropi. Trgovina ketamin v prahu v Evropi.","breadcrumb":{"@id":"https:\/\/medicinasinc.com\/sl\/product\/kupi-ketamin-prah\/#breadcrumb"},"inLanguage":"en-US","potentialAction":[{"@type":"ReadAction","target":["https:\/\/medicinasinc.com\/sl\/product\/kupi-ketamin-prah\/"]}]},{"@type":"ImageObject","inLanguage":"en-US","@id":"https:\/\/medicinasinc.com\/sl\/product\/kupi-ketamin-prah\/#primaryimage","url":"https:\/\/medicinasinc.com\/sl\/wp-content\/uploads\/sites\/7\/2022\/02\/Buy-Ketamine-powder.jpg","contentUrl":"https:\/\/medicinasinc.com\/sl\/wp-content\/uploads\/sites\/7\/2022\/02\/Buy-Ketamine-powder.jpg","width":900,"height":675},{"@type":"BreadcrumbList","@id":"https:\/\/medicinasinc.com\/sl\/product\/kupi-ketamin-prah\/#breadcrumb","itemListElement":[{"@type":"ListItem","position":1,"name":"Nakupujte","item":"https:\/\/medicinasinc.com\/sl\/nakupujte\/"},{"@type":"ListItem","position":2,"name":"Kupite ketamin v prahu"}]},{"@type":"WebSite","@id":"https:\/\/medicinasinc.com\/sl\/#website","url":"https:\/\/medicinasinc.com\/sl\/","name":"Medicinas Inc","description":"Health Medical Clinic","potentialAction":[{"@type":"SearchAction","target":{"@type":"EntryPoint","urlTemplate":"https:\/\/medicinasinc.com\/sl\/?s={search_term_string}"},"query-input":{"@type":"PropertyValueSpecification","valueRequired":true,"valueName":"search_term_string"}}],"inLanguage":"en-US"}]}},"_links":{"self":[{"href":"https:\/\/medicinasinc.com\/sl\/wp-json\/wp\/v2\/product\/4848","targetHints":{"allow":["GET"]}}],"collection":[{"href":"https:\/\/medicinasinc.com\/sl\/wp-json\/wp\/v2\/product"}],"about":[{"href":"https:\/\/medicinasinc.com\/sl\/wp-json\/wp\/v2\/types\/product"}],"replies":[{"embeddable":true,"href":"https:\/\/medicinasinc.com\/sl\/wp-json\/wp\/v2\/comments?post=4848"}],"wp:featuredmedia":[{"embeddable":true,"href":"https:\/\/medicinasinc.com\/sl\/wp-json\/wp\/v2\/media\/4860"}],"wp:attachment":[{"href":"https:\/\/medicinasinc.com\/sl\/wp-json\/wp\/v2\/media?parent=4848"}],"wp:term":[{"taxonomy":"product_brand","embeddable":true,"href":"https:\/\/medicinasinc.com\/sl\/wp-json\/wp\/v2\/product_brand?post=4848"},{"taxonomy":"product_cat","embeddable":true,"href":"https:\/\/medicinasinc.com\/sl\/wp-json\/wp\/v2\/product_cat?post=4848"},{"taxonomy":"product_tag","embeddable":true,"href":"https:\/\/medicinasinc.com\/sl\/wp-json\/wp\/v2\/product_tag?post=4848"}],"curies":[{"name":"wp","href":"https:\/\/api.w.org\/{rel}","templated":true}]}}