{"id":4830,"date":"2022-02-20T16:34:51","date_gmt":"2022-02-20T16:34:51","guid":{"rendered":"https:\/\/medicinasinc.com\/sl\/?post_type=product&#038;p=4830"},"modified":"2022-03-19T00:52:46","modified_gmt":"2022-03-19T00:52:46","slug":"kupi-kristal-met","status":"publish","type":"product","link":"https:\/\/medicinasinc.com\/sl\/product\/kupi-kristal-met\/","title":{"rendered":"Kupite Crystal Meth"},"content":{"rendered":"<p>Kje kupiti Crystal Meth \u2013 Metamfetamin<\/p>\n<p>Pripravljen kupiti Crystal Meth, znan tudi kot met iz dragih kamnov, je zdravilo za stimulacijo osrednjega \u017eiv\u010dnega sistema (CNS), ki ima \u0161tevilne podobnosti z amfetamini, drugo na svetu najbolj priljubljen razred nezakonitih zdravil, za maryjane.<br \/> Tako kot amfetamin spodbuja pove\u010dano aktivnost, zmanj\u0161a lakoto in splo\u0161no dobro po\u010dutje.<\/p>\n<p>Obstaja nekaj priznanih uporab v medicini za uporabo pri zdravilih. Crystal Meth \u2013 Metamfetamin, vklju\u010dno z zdravljenjem narkolepsije, pomanjkanja zmo\u017enosti dosledne koncentracije in za trenutno uporabo, kot je debelost; vendar so te medicinske uporabe omejene.<\/p>\n<p>Crystal Meth, tako kot kokain, je mogo\u010de kaditi. Chemical Inc. prodaja Crystal Meth \u2013 Metamfetamine.<\/p>\n<p>Metamfetamini se uporabljajo za zdravljenje naslednjih stanj:<\/p>\n<p>ADHDs narkolepsija<\/p>\n<p>Prijave v medicini so omejene.<\/p>\n<p>Crystal Meth \u2013 Metamfetamin, tako kot kokain, je mogo\u010de kaditi.<\/p>\n<p>Kupite Crystal Meth z Bitcoini<\/p>\n<p>Crystal Meth \u2013 Metamfetamin se uporablja za zdravljenje naslednjih stanj:<\/p>\n<p>Debelost, hiperaktivna motnja narkolepsija Posledi\u010dno spodbuja pove\u010dano delovanje, zmanj\u0161ano lakoto in splo\u0161ni ob\u010dutek blaginje. \u010ce se uporablja v prekomerni koli\u010dini, ima postopoma uni\u010dujo\u010de u\u010dinke na primarni senzori\u010dni sistem.<br \/> \u010ce menite, da ste med jemanjem zdravila morda zanosili, se nemudoma posvetujte s svojim specialistom, da se izognete zapletom.<br \/> \u010ce imate te\u017eave s srcem,<\/p>\n<p>Metamfetamini imajo \u0161tevilne negativne posledice, vklju\u010dno z naslednjimi:<\/p>\n<p>Povi\u0161an sr\u010dni utrip<br \/> Zvi\u0161anje telesne temperature<br \/> Pove\u010danje hitrosti pri kateri spro\u0161\u010da<br \/> \u0160tudentje z raz\u0161irjenimi zenicami<br \/> Tremor \u010custva, podobna navdu\u0161enju<br \/> Pove\u010dana tesnoba<br \/> Razdra\u017eljivost<br \/> Paranoja<br \/> Nasilno in izmikajo\u010de vedenje<br \/> Hiperaktivnost na za\u010dasna osnova. Posvetujte se s strokovnjakom glede mo\u017enosti zdravljenja.<\/p>\n<p>Izogibanje porciji metamfetaminov ni te\u017eko, vendar se izogibajte dvojnim meritvam.<\/p>\n<p>&nbsp;<\/p>\n<p> &nbsp;<\/p>\n<p>&nbsp;<\/p>\n<p>&nbsp;<\/p>\n<p>&nbsp;<\/p>\n<p>&nbsp;<\/p>\n<p>Medhamfetamin je namenjen ohraniti fokus, wh sl zlorablja, lahko zlahka povzro\u010di resne zdravstvene te\u017eave, zato je iskanje krizne pomo\u010di pri kvalificiranih zdravstvenih strokovnjakih najbolj\u0161i na\u010din ukrepanja.<\/p>\n<p>&nbsp;<\/p>\n<p>&nbsp;<\/p>\n<p>&nbsp;<\/p>\n<p>&nbsp;<\/p>\n<p>&nbsp;<\/p>\n<p>&nbsp;<\/p>\n<p>Najbolj\u0161a zdravila na svetu. ponuja Crystal Meth \u2013 Metamfetamin za prodajo na spletu.<\/p>\n<p>Poleg tega hranite metamfetamine pri sobni temperaturi na obmo\u010djih brez svetlobe in toplote. Podobno tega zdravila ne izpirajte. Va\u0161i otroci in hi\u0161ni ljubljen\u010dki ne smejo biti na noben na\u010din izpostavljeni temu zdravilu.<\/p>\n<p>Lahko pa kupite Crystal Meth \u2013 Metamfetamin na spletu pri najbolj uglednem spletnem prodajalcu \u2013 Chemical Inc.<\/p>\n<p> Kupite metamfetamine brez recepta, metamfetamini so na voljo za nakup na spletu po najbolj\u0161i mo\u017eni ceni.<br \/> Kupite naju\u010dinkovitej\u0161a zdravila zdaj!<br \/> Spletni nakup Crystal Meth<\/p>\n<p>Uporabniki metamfetamina naj poi\u0161\u010dejo takoj\u0161nje zdravljenje.<\/p>\n<p>\u010ceprav je veliko fizi\u010dnih simptomov mogo\u010de odpraviti s pravilnim zdravljenjem, je napredovalo staranje in zobno gnilobo te\u017eje odpraviti, \u0161koda pa je pogosto nepopravljiva.<\/p>\n<p>Poleg tega je uporaba metamfetamina. lahko povzro\u010di psihozo ali psihoti\u010dno vedenje, pri katerem uporabniki izgubijo stik z realnostjo in do\u017eivijo hude blodnje, paranojo, halucinacije in obsesivno vedenje, ki jim prepre\u010duje, da bi resni\u010dno razumeli \u0161kodo, ki si jo povzro\u010dajo.<\/p>\n<p>To lahko povzro\u010di. je klju\u010dnega pomena za odvisnika nemudoma poi\u0161\u010dite pomo\u010d, sicer bodo utrpeli te fizi\u010dne in psihi\u010dne posledice ter druge pogoste simptome, kot so uni\u010deni odnosi, finan\u010dna stiska in kazenske obto\u017ebe.<\/p>\n<p>Skoraj vsaka dru\u017eina je prizadeta zaradi odvisnosti, ki se \u0161iri. opusto\u0161enje fizi\u010dnega in du\u0161evnega zdravja, odnosov in osebnih financ. matere, o\u010detje, bratje, sestre, h\u010dere in sinovi so vsi vklju\u010deni v to kategorijo.<\/p>\n<p>Nih\u010de ni imun na grozljive dolgoro\u010dne posledice zlorabe trdih drog.<br \/> Sledi streznitev PRAVI ljudje.<\/p>\n<p>Podlegli smo privla\u010dnosti uporabe drog \u2013 v tem primeru metamfetamina \u2013 in njene uni\u010dujo\u010de posledice so preve\u010d o\u010ditne.<br \/> \u010ce se vi ali va\u0161a ljubljena oseba spopadate z odvisnost od metamfetamina, ali \u010de vas zanima ve\u010d, obi\u0161\u010dite naslednja spletna mesta za pomo\u010d pri okrevanju.<\/p>\n<p>&nbsp;<\/p>\n<p>ne\u017eeleni u\u010dinki metamfetamina, struktura metamfetamina, kako dolgo deluje metamfetamin ostati v va\u0161em sistemu, kako kaditi metamfetamin, heroin, kokain, metamfetamin, cigarete in alkohol so vsi primeri ________., roza metamfetamin, smr\u010danje kristalnega metamfetamina, cene metamfetamina Kak\u0161en je okus metamfetamina, koliko \u010dasa ostane v va\u0161em urinu , in kako izgleda metamfetamin? super metamfetamin, stranski u\u010dinki metamfetamina, struktura metamfetamina, kako dolgo ostane metamfetamin v va\u0161em sistemu, kako kaditi metamfetamin, heroin, kokain, metamfetamin, cigarete in alkohol, so vsi primeri ________., roza metamfetamina, smrkajo\u010di kristali, cene metamfetamina Kak\u0161en je okus metamfetamina, kako dolgo ostane v urinu in kako je metamfetamin videti? metamfetamin supr\u00eame<\/p>\n","protected":false},"excerpt":{"rendered":"<p>Kupite kristalni metamfetamin za prodajo UK, Evropa Azija, metamfetamin Spletni nakup metamfetamina pri nas, mi vam lahko dostavimo od koder koli po vsem svetu.<\/p>\n<p>Kupite tablete kristalnega metamfetamina na spletu \u2013 kupite metamfetamin 96,8 odstotkov \u010distega kristala \u2013 Kje kupiti kristalni metamfetamin na spletu \u2013 Kupite 96,8-odstotno \u010dist led metamfetamin \u2013 Kupite metamfetamin na spletu<\/p>\n","protected":false},"featured_media":4844,"comment_status":"open","ping_status":"closed","template":"","meta":[],"product_brand":[],"product_cat":[703],"product_tag":[704,705,706,707,709,710,711,712,715,716,717,720,714,708,719,721,722,718,713,723,724],"class_list":{"0":"post-4830","1":"product","2":"type-product","3":"status-publish","4":"has-post-thumbnail","6":"product_cat-kupi-psihedelina-mamila","7":"product_tag-buy-crystal-meth-in-australia","8":"product_tag-buy-crystal-meth-in-france","9":"product_tag-buy-crystal-meth-in-germany","10":"product_tag-buy-crystal-meth-in-spain","11":"product_tag-kristal-met-avstralija","12":"product_tag-crystal-meth-drugs","13":"product_tag-crystal-meth-effects","14":"product_tag-kristal-met-nemija","15":"product_tag-kristal-met-panija","16":"product_tag-crystal-meth-sweden","17":"product_tag-crystal-meth-vendor-france","18":"product_tag-kako-je-kristal-met-dim","19":"product_tag-kristal-met-cev","20":"product_tag-kristal-s","21":"product_tag-lame-crystal-met","22":"product_tag-meth-crystal","23":"product_tag-pictures-of-crystal-meth","24":"product_tag-kristal-met-vendor-usa","25":"product_tag-kristal-met-sl","26":"product_tag-snorting-crystal-meth","27":"product_tag-what-is-crystal-meth","29":"first","30":"instock","31":"shipping-taxable","32":"purchasable","33":"product-type-variable"},"yoast_head":"<!-- This site is optimized with the Yoast SEO plugin v27.3 - https:\/\/yoast.com\/product\/yoast-seo-wordpress\/ -->\n<title>Kupite Crystal Meth - Metamfetamin - Najbolj\u0161a najbolj\u0161a zdravila na svetu<\/title>\n<meta name=\"description\" content=\"Kupite kristalni metamfetamin za prodajo Velika Britanija, Evropa Azija, Metamfetamin Spletni nakup metamfetamina pri nas, mi vam lahko dostavimo od koder koli po vsem svetu.\" \/>\n<meta name=\"robots\" content=\"index, follow, max-snippet:-1, max-image-preview:large, max-video-preview:-1\" \/>\n<link rel=\"canonical\" href=\"https:\/\/medicinasinc.com\/sl\/product\/kupi-kristal-met\/\" \/>\n<meta property=\"og:locale\" content=\"en_US\" \/>\n<meta property=\"og:type\" content=\"article\" \/>\n<meta property=\"og:title\" content=\"Kupite Crystal Meth - Metamfetamin - Najbolj\u0161a najbolj\u0161a zdravila na svetu\" \/>\n<meta property=\"og:description\" content=\"Kupite kristalni metamfetamin za prodajo Velika Britanija, Evropa Azija, Metamfetamin Spletni nakup metamfetamina pri nas, mi vam lahko dostavimo od koder koli po vsem svetu.\" \/>\n<meta property=\"og:url\" content=\"https:\/\/medicinasinc.com\/sl\/product\/kupi-kristal-met\/\" \/>\n<meta property=\"og:site_name\" content=\"Medicinas Inc\" \/>\n<meta property=\"article:modified_time\" content=\"2022-03-19T00:52:46+00:00\" \/>\n<meta property=\"og:image\" content=\"https:\/\/medicinasinc.com\/sl\/wp-content\/uploads\/sites\/7\/2022\/02\/Buy-Crystal-Meth-1.jpg\" \/>\n\t<meta property=\"og:image:width\" content=\"1024\" \/>\n\t<meta property=\"og:image:height\" content=\"768\" \/>\n\t<meta property=\"og:image:type\" content=\"image\/jpeg\" \/>\n<meta name=\"twitter:card\" content=\"summary_large_image\" \/>\n<meta name=\"twitter:label1\" content=\"Est. reading time\" \/>\n\t<meta name=\"twitter:data1\" content=\"4 minutes\" \/>\n<script type=\"application\/ld+json\" class=\"yoast-schema-graph\">{\"@context\":\"https:\\\/\\\/schema.org\",\"@graph\":[{\"@type\":\"WebPage\",\"@id\":\"https:\\\/\\\/medicinasinc.com\\\/sl\\\/product\\\/kupi-kristal-met\\\/\",\"url\":\"https:\\\/\\\/medicinasinc.com\\\/sl\\\/product\\\/kupi-kristal-met\\\/\",\"name\":\"Kupite Crystal Meth - Metamfetamin - Najbolj\u0161a najbolj\u0161a zdravila na svetu\",\"isPartOf\":{\"@id\":\"https:\\\/\\\/medicinasinc.com\\\/sl\\\/#website\"},\"primaryImageOfPage\":{\"@id\":\"https:\\\/\\\/medicinasinc.com\\\/sl\\\/product\\\/kupi-kristal-met\\\/#primaryimage\"},\"image\":{\"@id\":\"https:\\\/\\\/medicinasinc.com\\\/sl\\\/product\\\/kupi-kristal-met\\\/#primaryimage\"},\"thumbnailUrl\":\"https:\\\/\\\/medicinasinc.com\\\/sl\\\/wp-content\\\/uploads\\\/sites\\\/7\\\/2022\\\/02\\\/Buy-Crystal-Meth-1.jpg\",\"datePublished\":\"2022-02-20T16:34:51+00:00\",\"dateModified\":\"2022-03-19T00:52:46+00:00\",\"description\":\"Kupite kristalni metamfetamin za prodajo Velika Britanija, Evropa Azija, Metamfetamin Spletni nakup metamfetamina pri nas, mi vam lahko dostavimo od koder koli po vsem svetu.\",\"breadcrumb\":{\"@id\":\"https:\\\/\\\/medicinasinc.com\\\/sl\\\/product\\\/kupi-kristal-met\\\/#breadcrumb\"},\"inLanguage\":\"en-US\",\"potentialAction\":[{\"@type\":\"ReadAction\",\"target\":[\"https:\\\/\\\/medicinasinc.com\\\/sl\\\/product\\\/kupi-kristal-met\\\/\"]}]},{\"@type\":\"ImageObject\",\"inLanguage\":\"en-US\",\"@id\":\"https:\\\/\\\/medicinasinc.com\\\/sl\\\/product\\\/kupi-kristal-met\\\/#primaryimage\",\"url\":\"https:\\\/\\\/medicinasinc.com\\\/sl\\\/wp-content\\\/uploads\\\/sites\\\/7\\\/2022\\\/02\\\/Buy-Crystal-Meth-1.jpg\",\"contentUrl\":\"https:\\\/\\\/medicinasinc.com\\\/sl\\\/wp-content\\\/uploads\\\/sites\\\/7\\\/2022\\\/02\\\/Buy-Crystal-Meth-1.jpg\",\"width\":1024,\"height\":768},{\"@type\":\"BreadcrumbList\",\"@id\":\"https:\\\/\\\/medicinasinc.com\\\/sl\\\/product\\\/kupi-kristal-met\\\/#breadcrumb\",\"itemListElement\":[{\"@type\":\"ListItem\",\"position\":1,\"name\":\"Nakupujte\",\"item\":\"https:\\\/\\\/medicinasinc.com\\\/sl\\\/nakupujte\\\/\"},{\"@type\":\"ListItem\",\"position\":2,\"name\":\"Kupite Crystal Meth\"}]},{\"@type\":\"WebSite\",\"@id\":\"https:\\\/\\\/medicinasinc.com\\\/sl\\\/#website\",\"url\":\"https:\\\/\\\/medicinasinc.com\\\/sl\\\/\",\"name\":\"Medicinas Inc\",\"description\":\"Health Medical Clinic\",\"potentialAction\":[{\"@type\":\"SearchAction\",\"target\":{\"@type\":\"EntryPoint\",\"urlTemplate\":\"https:\\\/\\\/medicinasinc.com\\\/sl\\\/?s={search_term_string}\"},\"query-input\":{\"@type\":\"PropertyValueSpecification\",\"valueRequired\":true,\"valueName\":\"search_term_string\"}}],\"inLanguage\":\"en-US\"}]}<\/script>\n<!-- \/ Yoast SEO plugin. -->","yoast_head_json":{"title":"Kupite Crystal Meth - Metamfetamin - Najbolj\u0161a najbolj\u0161a zdravila na svetu","description":"Kupite kristalni metamfetamin za prodajo Velika Britanija, Evropa Azija, Metamfetamin Spletni nakup metamfetamina pri nas, mi vam lahko dostavimo od koder koli po vsem svetu.","robots":{"index":"index","follow":"follow","max-snippet":"max-snippet:-1","max-image-preview":"max-image-preview:large","max-video-preview":"max-video-preview:-1"},"canonical":"https:\/\/medicinasinc.com\/sl\/product\/kupi-kristal-met\/","og_locale":"en_US","og_type":"article","og_title":"Kupite Crystal Meth - Metamfetamin - Najbolj\u0161a najbolj\u0161a zdravila na svetu","og_description":"Kupite kristalni metamfetamin za prodajo Velika Britanija, Evropa Azija, Metamfetamin Spletni nakup metamfetamina pri nas, mi vam lahko dostavimo od koder koli po vsem svetu.","og_url":"https:\/\/medicinasinc.com\/sl\/product\/kupi-kristal-met\/","og_site_name":"Medicinas Inc","article_modified_time":"2022-03-19T00:52:46+00:00","og_image":[{"width":1024,"height":768,"url":"https:\/\/medicinasinc.com\/sl\/wp-content\/uploads\/sites\/7\/2022\/02\/Buy-Crystal-Meth-1.jpg","type":"image\/jpeg"}],"twitter_card":"summary_large_image","twitter_misc":{"Est. reading time":"4 minutes"},"schema":{"@context":"https:\/\/schema.org","@graph":[{"@type":"WebPage","@id":"https:\/\/medicinasinc.com\/sl\/product\/kupi-kristal-met\/","url":"https:\/\/medicinasinc.com\/sl\/product\/kupi-kristal-met\/","name":"Kupite Crystal Meth - Metamfetamin - Najbolj\u0161a najbolj\u0161a zdravila na svetu","isPartOf":{"@id":"https:\/\/medicinasinc.com\/sl\/#website"},"primaryImageOfPage":{"@id":"https:\/\/medicinasinc.com\/sl\/product\/kupi-kristal-met\/#primaryimage"},"image":{"@id":"https:\/\/medicinasinc.com\/sl\/product\/kupi-kristal-met\/#primaryimage"},"thumbnailUrl":"https:\/\/medicinasinc.com\/sl\/wp-content\/uploads\/sites\/7\/2022\/02\/Buy-Crystal-Meth-1.jpg","datePublished":"2022-02-20T16:34:51+00:00","dateModified":"2022-03-19T00:52:46+00:00","description":"Kupite kristalni metamfetamin za prodajo Velika Britanija, Evropa Azija, Metamfetamin Spletni nakup metamfetamina pri nas, mi vam lahko dostavimo od koder koli po vsem svetu.","breadcrumb":{"@id":"https:\/\/medicinasinc.com\/sl\/product\/kupi-kristal-met\/#breadcrumb"},"inLanguage":"en-US","potentialAction":[{"@type":"ReadAction","target":["https:\/\/medicinasinc.com\/sl\/product\/kupi-kristal-met\/"]}]},{"@type":"ImageObject","inLanguage":"en-US","@id":"https:\/\/medicinasinc.com\/sl\/product\/kupi-kristal-met\/#primaryimage","url":"https:\/\/medicinasinc.com\/sl\/wp-content\/uploads\/sites\/7\/2022\/02\/Buy-Crystal-Meth-1.jpg","contentUrl":"https:\/\/medicinasinc.com\/sl\/wp-content\/uploads\/sites\/7\/2022\/02\/Buy-Crystal-Meth-1.jpg","width":1024,"height":768},{"@type":"BreadcrumbList","@id":"https:\/\/medicinasinc.com\/sl\/product\/kupi-kristal-met\/#breadcrumb","itemListElement":[{"@type":"ListItem","position":1,"name":"Nakupujte","item":"https:\/\/medicinasinc.com\/sl\/nakupujte\/"},{"@type":"ListItem","position":2,"name":"Kupite Crystal Meth"}]},{"@type":"WebSite","@id":"https:\/\/medicinasinc.com\/sl\/#website","url":"https:\/\/medicinasinc.com\/sl\/","name":"Medicinas Inc","description":"Health Medical Clinic","potentialAction":[{"@type":"SearchAction","target":{"@type":"EntryPoint","urlTemplate":"https:\/\/medicinasinc.com\/sl\/?s={search_term_string}"},"query-input":{"@type":"PropertyValueSpecification","valueRequired":true,"valueName":"search_term_string"}}],"inLanguage":"en-US"}]}},"_links":{"self":[{"href":"https:\/\/medicinasinc.com\/sl\/wp-json\/wp\/v2\/product\/4830","targetHints":{"allow":["GET"]}}],"collection":[{"href":"https:\/\/medicinasinc.com\/sl\/wp-json\/wp\/v2\/product"}],"about":[{"href":"https:\/\/medicinasinc.com\/sl\/wp-json\/wp\/v2\/types\/product"}],"replies":[{"embeddable":true,"href":"https:\/\/medicinasinc.com\/sl\/wp-json\/wp\/v2\/comments?post=4830"}],"wp:featuredmedia":[{"embeddable":true,"href":"https:\/\/medicinasinc.com\/sl\/wp-json\/wp\/v2\/media\/4844"}],"wp:attachment":[{"href":"https:\/\/medicinasinc.com\/sl\/wp-json\/wp\/v2\/media?parent=4830"}],"wp:term":[{"taxonomy":"product_brand","embeddable":true,"href":"https:\/\/medicinasinc.com\/sl\/wp-json\/wp\/v2\/product_brand?post=4830"},{"taxonomy":"product_cat","embeddable":true,"href":"https:\/\/medicinasinc.com\/sl\/wp-json\/wp\/v2\/product_cat?post=4830"},{"taxonomy":"product_tag","embeddable":true,"href":"https:\/\/medicinasinc.com\/sl\/wp-json\/wp\/v2\/product_tag?post=4830"}],"curies":[{"name":"wp","href":"https:\/\/api.w.org\/{rel}","templated":true}]}}