{"id":4829,"date":"2022-02-20T16:33:58","date_gmt":"2022-02-20T16:33:58","guid":{"rendered":"https:\/\/medicinasinc.com\/sl\/?post_type=product&#038;p=4829"},"modified":"2022-03-19T00:52:55","modified_gmt":"2022-03-19T00:52:55","slug":"kupi-tekocina-lsd","status":"publish","type":"product","link":"https:\/\/medicinasinc.com\/sl\/product\/kupi-tekocina-lsd\/","title":{"rendered":"Kupite teko\u010di LSD"},"content":{"rendered":"<p>Kupite teko\u010di LSD po zni\u017eani ceni na spletu<\/p>\n<p>Tako kot pri Green Cracku (in ne smemo ga zamenjevati z LSD) je tudi Acid sev, poimenovan po blago psihoaktivni snovi. \u010ce upo\u0161tevamo vse stvari, ima Acid mo\u010d in zdru\u017euje nasprotne intuitivne u\u010dinke z zmedeno di\u0161avo. Acid je sev, ki so ga razvili Paradise Seeds, rejci Delahaze in Sensi Star. Izhaja iz dednih zna\u010dilnosti najbolj priljubljenega seva New York Sour Diesel. Njegova privla\u010dnost mu je prinesla tretje mesto na \u0161panskem Copa THC Valencia 2016 za najbolj\u0161o ro\u017eo, pridelano v zaprtih prostorih. Ocenjuje se, da je vsebnost THC v jedku med 16 in 23%.<\/p>\n<p>Jedko ble\u0161\u010di s srednje do ogromnimi ocenjenimi cvetovi, ki imajo zgibno lopato obliko, ki spominja na miniaturna bo\u017ei\u010dna drevesca, ki se zategnejo od \u0161iroke okrogle osnove do koni\u010dasta konica. S svojo kompaktno, gosto strukturo ti brsti nedvomno prevladujejo indica. Listi so svetlo zara\u0161\u010deni zelene barve in so zviti z valovitimi pesti\u010di zemeljske barve. Nazadnje, pene\u010de bele trihome pokrivajo notranjo in zunanjo povr\u0161ino cvetov kisline, s \u010dimer dajejo sevu psihoaktivne lastnosti in ote\u017eujejo lo\u010devanje brstov brez pomo\u010di predelovalca.<\/p>\n<p>\u010ce se pravilno razbremeni, ima kislina res svoj u\u010dinek. rahlo kisla di\u0161ava, ki jo kompenzira oster pridih citrusov. Prav tako obstajajo trdne, mo\u0161usne osnovne note, ki spominjajo na glineno zemljo in kadilo. Medtem pa lo\u010devanje ali granuliranje teh gostih nug proizvaja adstringentne izpu\u0161ne pline, ki dajejo mati\u010dnemu sevu New York Sour Diesel oster in dobro znan okus. Ko se gorljivi materiali v\u017egejo v liniji ali spoju, Acid proizvede gladek, lahko zau\u017eit dim. Ob izdihu ta gost dim pusti priokus po limoni in dizelskem motorju.<\/p>\n<p>Jedkost se za\u010dne postopoma in izkrivlja kadil\u010devo dojemanje njihovih zunanjih nadgradenj. Dolo\u010deni zvoki se lahko oja\u010dajo, kot da bi bili ustvarjeni v odmevalni komori. Poleg tega lahko izraziti toni in svetle lu\u010di dobijo nov pomen. Ko ti oprijemljivi u\u010dinki postanejo izjemni, se za\u010dnejo pojavljati bolj \u017eivahna halucinogena \u010dude\u017ea, podobna notranjim in zunanjim izkrivljanjem vpogleda in trdnemu ob\u010dutku \u0161irjenja \u010dasa. Kadilci lahko s\u010dasoma ob\u010dutijo namerno ute\u017eitev okoli sveti\u0161\u010d in limfnih organov ter rahlo pove\u010dano slinjenje. Ti tresljaji se razvijejo v poplave spro\u0161\u010danja, ki potujejo po hrbtenici in ven skozi osrednji \u017eiv\u010dni sistem in dodatke. \u010ceprav ti laj\u0161ajo\u010di u\u010dinki morda ne bodo popolnoma imobilizirali strank, se lahko po\u010dutijo prisiljene sprostiti se v najbli\u017ejih prijetnih okoljskih dejavnikih.<\/p>\n<p>Za jedko stanje je zna\u010dilna tudi mo\u017eganska miselnost, v kateri se kadilec lahko pove\u017ee z nenavadnimi mislimi ali idejami. , se jim zdijo bolj fascinantne kot v vsakem primeru. Tak\u0161no odkrito seznanjeno sklepanje je lahko u\u010dinkovita metoda za odkrivanje novih re\u0161itev za zmedene probleme ali za obvladovanje posebnih delovnih opravkov. S\u010dasoma \u2013 ali ko se meritev pove\u010da \u2013 postanejo psiholo\u0161ki u\u010dinki kisline bolj \u010dudoviti kot o\u010ditni, zaradi \u010desar je vsaka prej\u0161nja u\u010dinkovitost ni\u010dna in neveljavna. Zaradi progresivne izgube energije je ta sev najbolje u\u017eivati \u200b\u200bpozno zve\u010der ali pono\u010di.<\/p>\n<p>Teko\u010di LSD 200ug\/kapljica, kislina za prodajo na spletu, LSD za prodajo na spletu, nakup lsd prek spleta, LSD kislina naprodaj na spletu, lsd spletna trgovina, teko\u010di lsd naprodaj, kislina naprodaj na spletu<\/p>\n","protected":false},"excerpt":{"rendered":"<p>Spletni nakup LSD teko\u010di LSD, podrobnosti Lysergid (LSD) je polsinteti\u010dni halucinogen in je ena najmo\u010dnej\u0161ih znanih drog. Rekreacijska uporaba .<\/p>\n<p>Kupite poceni teko\u010di LSD na spletu. Pravi teko\u010di LSD za prodajo na spletu | Nakup teko\u010dega LSD na spletu | Kupite teko\u010di LSD za prodajo| Kupi poceni teko\u010di LSD | Kje kupiti teko\u010di LSD na spletu<\/p>\n","protected":false},"featured_media":4842,"comment_status":"open","ping_status":"closed","template":"","meta":[],"product_brand":[],"product_cat":[703],"product_tag":[],"class_list":{"0":"post-4829","1":"product","2":"type-product","3":"status-publish","4":"has-post-thumbnail","6":"product_cat-kupi-psihedelina-mamila","8":"first","9":"instock","10":"shipping-taxable","11":"purchasable","12":"product-type-variable","13":"has-default-attributes"},"yoast_head":"<!-- This site is optimized with the Yoast SEO plugin v27.3 - https:\/\/yoast.com\/product\/yoast-seo-wordpress\/ -->\n<title>Kupite teko\u010di LSD - najbolj\u0161a najbolj\u0161a zdravila na svetu<\/title>\n<meta name=\"description\" content=\"Spletni nakup LSD teko\u010di LSD, podrobnosti Lysergid (LSD) je polsinteti\u010dni halucinogen in je ena najmo\u010dnej\u0161ih znanih drog. Rekreacijska uporaba.\" \/>\n<meta name=\"robots\" content=\"index, follow, max-snippet:-1, max-image-preview:large, max-video-preview:-1\" \/>\n<link rel=\"canonical\" href=\"https:\/\/medicinasinc.com\/sl\/product\/kupi-tekocina-lsd\/\" \/>\n<meta property=\"og:locale\" content=\"en_US\" \/>\n<meta property=\"og:type\" content=\"article\" \/>\n<meta property=\"og:title\" content=\"Kupite teko\u010di LSD - najbolj\u0161a najbolj\u0161a zdravila na svetu\" \/>\n<meta property=\"og:description\" content=\"Spletni nakup LSD teko\u010di LSD, podrobnosti Lysergid (LSD) je polsinteti\u010dni halucinogen in je ena najmo\u010dnej\u0161ih znanih drog. Rekreacijska uporaba.\" \/>\n<meta property=\"og:url\" content=\"https:\/\/medicinasinc.com\/sl\/product\/kupi-tekocina-lsd\/\" \/>\n<meta property=\"og:site_name\" content=\"Medicinas Inc\" \/>\n<meta property=\"article:modified_time\" content=\"2022-03-19T00:52:55+00:00\" \/>\n<meta property=\"og:image\" content=\"https:\/\/medicinasinc.com\/sl\/wp-content\/uploads\/sites\/7\/2022\/02\/Buy-Liquid-LSD.jpg\" \/>\n\t<meta property=\"og:image:width\" content=\"512\" \/>\n\t<meta property=\"og:image:height\" content=\"512\" \/>\n\t<meta property=\"og:image:type\" content=\"image\/jpeg\" \/>\n<meta name=\"twitter:card\" content=\"summary_large_image\" \/>\n<meta name=\"twitter:label1\" content=\"Est. reading time\" \/>\n\t<meta name=\"twitter:data1\" content=\"3 minutes\" \/>\n<script type=\"application\/ld+json\" class=\"yoast-schema-graph\">{\"@context\":\"https:\\\/\\\/schema.org\",\"@graph\":[{\"@type\":\"WebPage\",\"@id\":\"https:\\\/\\\/medicinasinc.com\\\/sl\\\/product\\\/kupi-tekocina-lsd\\\/\",\"url\":\"https:\\\/\\\/medicinasinc.com\\\/sl\\\/product\\\/kupi-tekocina-lsd\\\/\",\"name\":\"Kupite teko\u010di LSD - najbolj\u0161a najbolj\u0161a zdravila na svetu\",\"isPartOf\":{\"@id\":\"https:\\\/\\\/medicinasinc.com\\\/sl\\\/#website\"},\"primaryImageOfPage\":{\"@id\":\"https:\\\/\\\/medicinasinc.com\\\/sl\\\/product\\\/kupi-tekocina-lsd\\\/#primaryimage\"},\"image\":{\"@id\":\"https:\\\/\\\/medicinasinc.com\\\/sl\\\/product\\\/kupi-tekocina-lsd\\\/#primaryimage\"},\"thumbnailUrl\":\"https:\\\/\\\/medicinasinc.com\\\/sl\\\/wp-content\\\/uploads\\\/sites\\\/7\\\/2022\\\/02\\\/Buy-Liquid-LSD.jpg\",\"datePublished\":\"2022-02-20T16:33:58+00:00\",\"dateModified\":\"2022-03-19T00:52:55+00:00\",\"description\":\"Spletni nakup LSD teko\u010di LSD, podrobnosti Lysergid (LSD) je polsinteti\u010dni halucinogen in je ena najmo\u010dnej\u0161ih znanih drog. Rekreacijska uporaba.\",\"breadcrumb\":{\"@id\":\"https:\\\/\\\/medicinasinc.com\\\/sl\\\/product\\\/kupi-tekocina-lsd\\\/#breadcrumb\"},\"inLanguage\":\"en-US\",\"potentialAction\":[{\"@type\":\"ReadAction\",\"target\":[\"https:\\\/\\\/medicinasinc.com\\\/sl\\\/product\\\/kupi-tekocina-lsd\\\/\"]}]},{\"@type\":\"ImageObject\",\"inLanguage\":\"en-US\",\"@id\":\"https:\\\/\\\/medicinasinc.com\\\/sl\\\/product\\\/kupi-tekocina-lsd\\\/#primaryimage\",\"url\":\"https:\\\/\\\/medicinasinc.com\\\/sl\\\/wp-content\\\/uploads\\\/sites\\\/7\\\/2022\\\/02\\\/Buy-Liquid-LSD.jpg\",\"contentUrl\":\"https:\\\/\\\/medicinasinc.com\\\/sl\\\/wp-content\\\/uploads\\\/sites\\\/7\\\/2022\\\/02\\\/Buy-Liquid-LSD.jpg\",\"width\":512,\"height\":512},{\"@type\":\"BreadcrumbList\",\"@id\":\"https:\\\/\\\/medicinasinc.com\\\/sl\\\/product\\\/kupi-tekocina-lsd\\\/#breadcrumb\",\"itemListElement\":[{\"@type\":\"ListItem\",\"position\":1,\"name\":\"Nakupujte\",\"item\":\"https:\\\/\\\/medicinasinc.com\\\/sl\\\/nakupujte\\\/\"},{\"@type\":\"ListItem\",\"position\":2,\"name\":\"Kupite teko\u010di LSD\"}]},{\"@type\":\"WebSite\",\"@id\":\"https:\\\/\\\/medicinasinc.com\\\/sl\\\/#website\",\"url\":\"https:\\\/\\\/medicinasinc.com\\\/sl\\\/\",\"name\":\"Medicinas Inc\",\"description\":\"Health Medical Clinic\",\"potentialAction\":[{\"@type\":\"SearchAction\",\"target\":{\"@type\":\"EntryPoint\",\"urlTemplate\":\"https:\\\/\\\/medicinasinc.com\\\/sl\\\/?s={search_term_string}\"},\"query-input\":{\"@type\":\"PropertyValueSpecification\",\"valueRequired\":true,\"valueName\":\"search_term_string\"}}],\"inLanguage\":\"en-US\"}]}<\/script>\n<!-- \/ Yoast SEO plugin. -->","yoast_head_json":{"title":"Kupite teko\u010di LSD - najbolj\u0161a najbolj\u0161a zdravila na svetu","description":"Spletni nakup LSD teko\u010di LSD, podrobnosti Lysergid (LSD) je polsinteti\u010dni halucinogen in je ena najmo\u010dnej\u0161ih znanih drog. Rekreacijska uporaba.","robots":{"index":"index","follow":"follow","max-snippet":"max-snippet:-1","max-image-preview":"max-image-preview:large","max-video-preview":"max-video-preview:-1"},"canonical":"https:\/\/medicinasinc.com\/sl\/product\/kupi-tekocina-lsd\/","og_locale":"en_US","og_type":"article","og_title":"Kupite teko\u010di LSD - najbolj\u0161a najbolj\u0161a zdravila na svetu","og_description":"Spletni nakup LSD teko\u010di LSD, podrobnosti Lysergid (LSD) je polsinteti\u010dni halucinogen in je ena najmo\u010dnej\u0161ih znanih drog. Rekreacijska uporaba.","og_url":"https:\/\/medicinasinc.com\/sl\/product\/kupi-tekocina-lsd\/","og_site_name":"Medicinas Inc","article_modified_time":"2022-03-19T00:52:55+00:00","og_image":[{"width":512,"height":512,"url":"https:\/\/medicinasinc.com\/sl\/wp-content\/uploads\/sites\/7\/2022\/02\/Buy-Liquid-LSD.jpg","type":"image\/jpeg"}],"twitter_card":"summary_large_image","twitter_misc":{"Est. reading time":"3 minutes"},"schema":{"@context":"https:\/\/schema.org","@graph":[{"@type":"WebPage","@id":"https:\/\/medicinasinc.com\/sl\/product\/kupi-tekocina-lsd\/","url":"https:\/\/medicinasinc.com\/sl\/product\/kupi-tekocina-lsd\/","name":"Kupite teko\u010di LSD - najbolj\u0161a najbolj\u0161a zdravila na svetu","isPartOf":{"@id":"https:\/\/medicinasinc.com\/sl\/#website"},"primaryImageOfPage":{"@id":"https:\/\/medicinasinc.com\/sl\/product\/kupi-tekocina-lsd\/#primaryimage"},"image":{"@id":"https:\/\/medicinasinc.com\/sl\/product\/kupi-tekocina-lsd\/#primaryimage"},"thumbnailUrl":"https:\/\/medicinasinc.com\/sl\/wp-content\/uploads\/sites\/7\/2022\/02\/Buy-Liquid-LSD.jpg","datePublished":"2022-02-20T16:33:58+00:00","dateModified":"2022-03-19T00:52:55+00:00","description":"Spletni nakup LSD teko\u010di LSD, podrobnosti Lysergid (LSD) je polsinteti\u010dni halucinogen in je ena najmo\u010dnej\u0161ih znanih drog. Rekreacijska uporaba.","breadcrumb":{"@id":"https:\/\/medicinasinc.com\/sl\/product\/kupi-tekocina-lsd\/#breadcrumb"},"inLanguage":"en-US","potentialAction":[{"@type":"ReadAction","target":["https:\/\/medicinasinc.com\/sl\/product\/kupi-tekocina-lsd\/"]}]},{"@type":"ImageObject","inLanguage":"en-US","@id":"https:\/\/medicinasinc.com\/sl\/product\/kupi-tekocina-lsd\/#primaryimage","url":"https:\/\/medicinasinc.com\/sl\/wp-content\/uploads\/sites\/7\/2022\/02\/Buy-Liquid-LSD.jpg","contentUrl":"https:\/\/medicinasinc.com\/sl\/wp-content\/uploads\/sites\/7\/2022\/02\/Buy-Liquid-LSD.jpg","width":512,"height":512},{"@type":"BreadcrumbList","@id":"https:\/\/medicinasinc.com\/sl\/product\/kupi-tekocina-lsd\/#breadcrumb","itemListElement":[{"@type":"ListItem","position":1,"name":"Nakupujte","item":"https:\/\/medicinasinc.com\/sl\/nakupujte\/"},{"@type":"ListItem","position":2,"name":"Kupite teko\u010di LSD"}]},{"@type":"WebSite","@id":"https:\/\/medicinasinc.com\/sl\/#website","url":"https:\/\/medicinasinc.com\/sl\/","name":"Medicinas Inc","description":"Health Medical Clinic","potentialAction":[{"@type":"SearchAction","target":{"@type":"EntryPoint","urlTemplate":"https:\/\/medicinasinc.com\/sl\/?s={search_term_string}"},"query-input":{"@type":"PropertyValueSpecification","valueRequired":true,"valueName":"search_term_string"}}],"inLanguage":"en-US"}]}},"_links":{"self":[{"href":"https:\/\/medicinasinc.com\/sl\/wp-json\/wp\/v2\/product\/4829","targetHints":{"allow":["GET"]}}],"collection":[{"href":"https:\/\/medicinasinc.com\/sl\/wp-json\/wp\/v2\/product"}],"about":[{"href":"https:\/\/medicinasinc.com\/sl\/wp-json\/wp\/v2\/types\/product"}],"replies":[{"embeddable":true,"href":"https:\/\/medicinasinc.com\/sl\/wp-json\/wp\/v2\/comments?post=4829"}],"wp:featuredmedia":[{"embeddable":true,"href":"https:\/\/medicinasinc.com\/sl\/wp-json\/wp\/v2\/media\/4842"}],"wp:attachment":[{"href":"https:\/\/medicinasinc.com\/sl\/wp-json\/wp\/v2\/media?parent=4829"}],"wp:term":[{"taxonomy":"product_brand","embeddable":true,"href":"https:\/\/medicinasinc.com\/sl\/wp-json\/wp\/v2\/product_brand?post=4829"},{"taxonomy":"product_cat","embeddable":true,"href":"https:\/\/medicinasinc.com\/sl\/wp-json\/wp\/v2\/product_cat?post=4829"},{"taxonomy":"product_tag","embeddable":true,"href":"https:\/\/medicinasinc.com\/sl\/wp-json\/wp\/v2\/product_tag?post=4829"}],"curies":[{"name":"wp","href":"https:\/\/api.w.org\/{rel}","templated":true}]}}