{"id":4810,"date":"2022-02-20T16:18:47","date_gmt":"2022-02-20T16:18:47","guid":{"rendered":"https:\/\/medicinasinc.com\/sl\/?post_type=product&#038;p=4810"},"modified":"2022-03-19T00:53:16","modified_gmt":"2022-03-19T00:53:16","slug":"buy-thca-crystals-top-shelf","status":"publish","type":"product","link":"https:\/\/medicinasinc.com\/sl\/product\/buy-thca-crystals-top-shelf\/","title":{"rendered":"Kupite THCA kristale &#8211; zgornja polica"},"content":{"rendered":"<p>Kristalni THCA<\/p>\n<p>THCA Crystalline, imenovan tudi &#8220;kristali&#8221;, &#8220;kristali THC&#8221; ali &#8220;diamanti&#8221;, je koncentrat konoplje v trdnem stanju. Ima videz grobega sladkorja, ki se obi\u010dajno uporablja za okrasitev sladkornih pi\u0161kotov ali za ble\u0161\u010de\u010de vrhove pe\u010denih sadnih pit. Crystalline je izdelan za odstranjevanje rastlinskih snovi in \u200b\u200bterpenov, ki so zna\u010dilne aromati\u010dne in aromati\u010dne zna\u010dilnosti sorte ali seva konoplje.<\/p>\n<p>POMEN THCA Crystalline<\/p>\n<p>Morda ste \u017ee sli\u0161ali izraz &#8220;&#8221; THC kristali&#8221; ali &#8220;THC kristalini\u010dni&#8221; se uporablja za ozna\u010devanje kristalnega, vendar THC, ki povzro\u010da opojno visoko, ni kristalin\u010den; kemi\u010dno THC ne more tvoriti kristalne strukture. Z drugimi besedami, tisto, kar pogosto imenujemo &#8220;kristali THC&#8221;, ni \u010disti THC, ampak oblika \u010distega THCA. V \u010dasu u\u017eivanja THCA kristalizira v aktivni THC z dekarboksilacijo. Crystalline se proizvaja z enim samim kanabinoidom. THCA, CBDA in CBD so edini kanabinoidi, ki so na voljo v kristalni obliki. Kdor zau\u017eije THCA, CBDA ali CBD, ne bo do\u017eivel opojne visoke vrednosti, \u010deprav se bo THCA ob segrevanju pretvoril v THC, zaradi \u010desar je kristalin opojen.<\/p>\n<p>KAKO USTVARITI KRISTALINI\u010cNI THCA<\/p>\n<p>Kristalni THCA. se pogosto kadi ali ma\u017ee z nastavkom. Dab rig je naprava za kajenje, podobna majhni vodni bongi, ki upari segreti kristal za vdihavanje v posameznih odmerjenih odmerkih. Kristalini se pogosto zau\u017eijejo peroralno, bodisi kot sestavina u\u017eitnih jedi ali raztopljeni v olju, da ustvarijo tinkturi podoben izdelek. Kristale pogosto raztopimo v rastlinskem olju ali maslu in jih uporabimo kot sestavino doma\u010dih jedi. Rastlinska in koprena olja sta najpogosteje uporabljena topila za raztapljanje kristalov, da se ustvari tinkturi podoben izdelek.<\/p>\n","protected":false},"excerpt":{"rendered":"<p>Kupite thca crystalline na spletu v Evropi, thca crystal naprodaj, kristalne diamante na Nizozemskem, thc crystalline blizu mene, thc kristale za prodajo v Evropi.<\/p>\n<ul>\n<li>Po\u0161iljanje po vsem svetu<\/li>\n<li><strong>A koncentrat, sestavljen iz 97-99 % THC-ja<\/strong><\/li>\n<li><strong>99 % \u010distega THC-A<\/strong><\/li>\n<li><strong>Pi\u0161ite nam <\/strong>\u00a0za ve\u010dja naro\u010dila<\/li>\n<\/ul>\n","protected":false},"featured_media":4823,"comment_status":"open","ping_status":"closed","template":"","meta":[],"product_brand":[],"product_cat":[702],"product_tag":[],"class_list":{"0":"post-4810","1":"product","2":"type-product","3":"status-publish","4":"has-post-thumbnail","6":"product_cat-kupi-konabis-vosek","8":"first","9":"instock","10":"shipping-taxable","11":"purchasable","12":"product-type-variable","13":"has-default-attributes"},"yoast_head":"<!-- This site is optimized with the Yoast SEO plugin v27.3 - https:\/\/yoast.com\/product\/yoast-seo-wordpress\/ -->\n<title>Kupite kristale THCA - zgornja polica - najbolj\u0161a najbolj\u0161a zdravila na svetu<\/title>\n<meta name=\"description\" content=\"Kupite thca crystalline na spletu Evropa, thca kristal naprodaj, kristalni diamanti NL, thc crystalline blizu mene, kupite thc kristale v Evropi.\" \/>\n<meta name=\"robots\" content=\"index, follow, max-snippet:-1, max-image-preview:large, max-video-preview:-1\" \/>\n<link rel=\"canonical\" href=\"https:\/\/medicinasinc.com\/sl\/product\/buy-thca-crystals-top-shelf\/\" \/>\n<meta property=\"og:locale\" content=\"en_US\" \/>\n<meta property=\"og:type\" content=\"article\" \/>\n<meta property=\"og:title\" content=\"Kupite kristale THCA - zgornja polica - najbolj\u0161a najbolj\u0161a zdravila na svetu\" \/>\n<meta property=\"og:description\" content=\"Kupite thca crystalline na spletu Evropa, thca kristal naprodaj, kristalni diamanti NL, thc crystalline blizu mene, kupite thc kristale v Evropi.\" \/>\n<meta property=\"og:url\" content=\"https:\/\/medicinasinc.com\/sl\/product\/buy-thca-crystals-top-shelf\/\" \/>\n<meta property=\"og:site_name\" content=\"Medicinas Inc\" \/>\n<meta property=\"article:modified_time\" content=\"2022-03-19T00:53:16+00:00\" \/>\n<meta property=\"og:image\" content=\"https:\/\/medicinasinc.com\/sl\/wp-content\/uploads\/sites\/7\/2022\/02\/Buy-THCA-Crystals-Top-Shelf.jpg\" \/>\n\t<meta property=\"og:image:width\" content=\"600\" \/>\n\t<meta property=\"og:image:height\" content=\"600\" \/>\n\t<meta property=\"og:image:type\" content=\"image\/jpeg\" \/>\n<meta name=\"twitter:card\" content=\"summary_large_image\" \/>\n<meta name=\"twitter:label1\" content=\"Est. reading time\" \/>\n\t<meta name=\"twitter:data1\" content=\"2 minutes\" \/>\n<script type=\"application\/ld+json\" class=\"yoast-schema-graph\">{\"@context\":\"https:\\\/\\\/schema.org\",\"@graph\":[{\"@type\":\"WebPage\",\"@id\":\"https:\\\/\\\/medicinasinc.com\\\/sl\\\/product\\\/buy-thca-crystals-top-shelf\\\/\",\"url\":\"https:\\\/\\\/medicinasinc.com\\\/sl\\\/product\\\/buy-thca-crystals-top-shelf\\\/\",\"name\":\"Kupite kristale THCA - zgornja polica - najbolj\u0161a najbolj\u0161a zdravila na svetu\",\"isPartOf\":{\"@id\":\"https:\\\/\\\/medicinasinc.com\\\/sl\\\/#website\"},\"primaryImageOfPage\":{\"@id\":\"https:\\\/\\\/medicinasinc.com\\\/sl\\\/product\\\/buy-thca-crystals-top-shelf\\\/#primaryimage\"},\"image\":{\"@id\":\"https:\\\/\\\/medicinasinc.com\\\/sl\\\/product\\\/buy-thca-crystals-top-shelf\\\/#primaryimage\"},\"thumbnailUrl\":\"https:\\\/\\\/medicinasinc.com\\\/sl\\\/wp-content\\\/uploads\\\/sites\\\/7\\\/2022\\\/02\\\/Buy-THCA-Crystals-Top-Shelf.jpg\",\"datePublished\":\"2022-02-20T16:18:47+00:00\",\"dateModified\":\"2022-03-19T00:53:16+00:00\",\"description\":\"Kupite thca crystalline na spletu Evropa, thca kristal naprodaj, kristalni diamanti NL, thc crystalline blizu mene, kupite thc kristale v Evropi.\",\"breadcrumb\":{\"@id\":\"https:\\\/\\\/medicinasinc.com\\\/sl\\\/product\\\/buy-thca-crystals-top-shelf\\\/#breadcrumb\"},\"inLanguage\":\"en-US\",\"potentialAction\":[{\"@type\":\"ReadAction\",\"target\":[\"https:\\\/\\\/medicinasinc.com\\\/sl\\\/product\\\/buy-thca-crystals-top-shelf\\\/\"]}]},{\"@type\":\"ImageObject\",\"inLanguage\":\"en-US\",\"@id\":\"https:\\\/\\\/medicinasinc.com\\\/sl\\\/product\\\/buy-thca-crystals-top-shelf\\\/#primaryimage\",\"url\":\"https:\\\/\\\/medicinasinc.com\\\/sl\\\/wp-content\\\/uploads\\\/sites\\\/7\\\/2022\\\/02\\\/Buy-THCA-Crystals-Top-Shelf.jpg\",\"contentUrl\":\"https:\\\/\\\/medicinasinc.com\\\/sl\\\/wp-content\\\/uploads\\\/sites\\\/7\\\/2022\\\/02\\\/Buy-THCA-Crystals-Top-Shelf.jpg\",\"width\":600,\"height\":600},{\"@type\":\"BreadcrumbList\",\"@id\":\"https:\\\/\\\/medicinasinc.com\\\/sl\\\/product\\\/buy-thca-crystals-top-shelf\\\/#breadcrumb\",\"itemListElement\":[{\"@type\":\"ListItem\",\"position\":1,\"name\":\"Nakupujte\",\"item\":\"https:\\\/\\\/medicinasinc.com\\\/sl\\\/nakupujte\\\/\"},{\"@type\":\"ListItem\",\"position\":2,\"name\":\"Kupite THCA kristale &#8211; zgornja polica\"}]},{\"@type\":\"WebSite\",\"@id\":\"https:\\\/\\\/medicinasinc.com\\\/sl\\\/#website\",\"url\":\"https:\\\/\\\/medicinasinc.com\\\/sl\\\/\",\"name\":\"Medicinas Inc\",\"description\":\"Health Medical Clinic\",\"potentialAction\":[{\"@type\":\"SearchAction\",\"target\":{\"@type\":\"EntryPoint\",\"urlTemplate\":\"https:\\\/\\\/medicinasinc.com\\\/sl\\\/?s={search_term_string}\"},\"query-input\":{\"@type\":\"PropertyValueSpecification\",\"valueRequired\":true,\"valueName\":\"search_term_string\"}}],\"inLanguage\":\"en-US\"}]}<\/script>\n<!-- \/ Yoast SEO plugin. -->","yoast_head_json":{"title":"Kupite kristale THCA - zgornja polica - najbolj\u0161a najbolj\u0161a zdravila na svetu","description":"Kupite thca crystalline na spletu Evropa, thca kristal naprodaj, kristalni diamanti NL, thc crystalline blizu mene, kupite thc kristale v Evropi.","robots":{"index":"index","follow":"follow","max-snippet":"max-snippet:-1","max-image-preview":"max-image-preview:large","max-video-preview":"max-video-preview:-1"},"canonical":"https:\/\/medicinasinc.com\/sl\/product\/buy-thca-crystals-top-shelf\/","og_locale":"en_US","og_type":"article","og_title":"Kupite kristale THCA - zgornja polica - najbolj\u0161a najbolj\u0161a zdravila na svetu","og_description":"Kupite thca crystalline na spletu Evropa, thca kristal naprodaj, kristalni diamanti NL, thc crystalline blizu mene, kupite thc kristale v Evropi.","og_url":"https:\/\/medicinasinc.com\/sl\/product\/buy-thca-crystals-top-shelf\/","og_site_name":"Medicinas Inc","article_modified_time":"2022-03-19T00:53:16+00:00","og_image":[{"width":600,"height":600,"url":"https:\/\/medicinasinc.com\/sl\/wp-content\/uploads\/sites\/7\/2022\/02\/Buy-THCA-Crystals-Top-Shelf.jpg","type":"image\/jpeg"}],"twitter_card":"summary_large_image","twitter_misc":{"Est. reading time":"2 minutes"},"schema":{"@context":"https:\/\/schema.org","@graph":[{"@type":"WebPage","@id":"https:\/\/medicinasinc.com\/sl\/product\/buy-thca-crystals-top-shelf\/","url":"https:\/\/medicinasinc.com\/sl\/product\/buy-thca-crystals-top-shelf\/","name":"Kupite kristale THCA - zgornja polica - najbolj\u0161a najbolj\u0161a zdravila na svetu","isPartOf":{"@id":"https:\/\/medicinasinc.com\/sl\/#website"},"primaryImageOfPage":{"@id":"https:\/\/medicinasinc.com\/sl\/product\/buy-thca-crystals-top-shelf\/#primaryimage"},"image":{"@id":"https:\/\/medicinasinc.com\/sl\/product\/buy-thca-crystals-top-shelf\/#primaryimage"},"thumbnailUrl":"https:\/\/medicinasinc.com\/sl\/wp-content\/uploads\/sites\/7\/2022\/02\/Buy-THCA-Crystals-Top-Shelf.jpg","datePublished":"2022-02-20T16:18:47+00:00","dateModified":"2022-03-19T00:53:16+00:00","description":"Kupite thca crystalline na spletu Evropa, thca kristal naprodaj, kristalni diamanti NL, thc crystalline blizu mene, kupite thc kristale v Evropi.","breadcrumb":{"@id":"https:\/\/medicinasinc.com\/sl\/product\/buy-thca-crystals-top-shelf\/#breadcrumb"},"inLanguage":"en-US","potentialAction":[{"@type":"ReadAction","target":["https:\/\/medicinasinc.com\/sl\/product\/buy-thca-crystals-top-shelf\/"]}]},{"@type":"ImageObject","inLanguage":"en-US","@id":"https:\/\/medicinasinc.com\/sl\/product\/buy-thca-crystals-top-shelf\/#primaryimage","url":"https:\/\/medicinasinc.com\/sl\/wp-content\/uploads\/sites\/7\/2022\/02\/Buy-THCA-Crystals-Top-Shelf.jpg","contentUrl":"https:\/\/medicinasinc.com\/sl\/wp-content\/uploads\/sites\/7\/2022\/02\/Buy-THCA-Crystals-Top-Shelf.jpg","width":600,"height":600},{"@type":"BreadcrumbList","@id":"https:\/\/medicinasinc.com\/sl\/product\/buy-thca-crystals-top-shelf\/#breadcrumb","itemListElement":[{"@type":"ListItem","position":1,"name":"Nakupujte","item":"https:\/\/medicinasinc.com\/sl\/nakupujte\/"},{"@type":"ListItem","position":2,"name":"Kupite THCA kristale &#8211; zgornja polica"}]},{"@type":"WebSite","@id":"https:\/\/medicinasinc.com\/sl\/#website","url":"https:\/\/medicinasinc.com\/sl\/","name":"Medicinas Inc","description":"Health Medical Clinic","potentialAction":[{"@type":"SearchAction","target":{"@type":"EntryPoint","urlTemplate":"https:\/\/medicinasinc.com\/sl\/?s={search_term_string}"},"query-input":{"@type":"PropertyValueSpecification","valueRequired":true,"valueName":"search_term_string"}}],"inLanguage":"en-US"}]}},"_links":{"self":[{"href":"https:\/\/medicinasinc.com\/sl\/wp-json\/wp\/v2\/product\/4810","targetHints":{"allow":["GET"]}}],"collection":[{"href":"https:\/\/medicinasinc.com\/sl\/wp-json\/wp\/v2\/product"}],"about":[{"href":"https:\/\/medicinasinc.com\/sl\/wp-json\/wp\/v2\/types\/product"}],"replies":[{"embeddable":true,"href":"https:\/\/medicinasinc.com\/sl\/wp-json\/wp\/v2\/comments?post=4810"}],"wp:featuredmedia":[{"embeddable":true,"href":"https:\/\/medicinasinc.com\/sl\/wp-json\/wp\/v2\/media\/4823"}],"wp:attachment":[{"href":"https:\/\/medicinasinc.com\/sl\/wp-json\/wp\/v2\/media?parent=4810"}],"wp:term":[{"taxonomy":"product_brand","embeddable":true,"href":"https:\/\/medicinasinc.com\/sl\/wp-json\/wp\/v2\/product_brand?post=4810"},{"taxonomy":"product_cat","embeddable":true,"href":"https:\/\/medicinasinc.com\/sl\/wp-json\/wp\/v2\/product_cat?post=4810"},{"taxonomy":"product_tag","embeddable":true,"href":"https:\/\/medicinasinc.com\/sl\/wp-json\/wp\/v2\/product_tag?post=4810"}],"curies":[{"name":"wp","href":"https:\/\/api.w.org\/{rel}","templated":true}]}}