{"id":4808,"date":"2022-02-20T16:17:53","date_gmt":"2022-02-20T16:17:53","guid":{"rendered":"https:\/\/medicinasinc.com\/sl\/?post_type=product&#038;p=4808"},"modified":"2022-03-19T00:53:25","modified_gmt":"2022-03-19T00:53:25","slug":"buy-1p-lsd-100mcg-blotters","status":"publish","type":"product","link":"https:\/\/medicinasinc.com\/sl\/product\/buy-1p-lsd-100mcg-blotters\/","title":{"rendered":"Kupite 1P-LSD 100 mcg pihalnike"},"content":{"rendered":"<p>Kupite 1P-LSD 100 mcg pihala po zni\u017eani ceni na spletu.<\/p>\n<p>L.S.D. je prete\u017eno sev Indica, ki je dobil ime po izjemno halucinogenem zdravilu zaradi izredno halucinogenega in mo\u017eganskega visokega seva. Napetost se za\u010dne z energi\u010dnim ob\u010dutkom veselja, ki lahko zamegli um in pusti nekaj strank popolnoma zmedenih in \u00bbintelektualno zaljubljenih\u00ab. Kljub mo\u010dni mo\u017eganski stimulaciji nekatere stranke poro\u010dajo, da se po uporabi LSD po\u010dutijo bolj inovativne ali dru\u017eabne.<\/p>\n<p>Kupite 1P-LSD 100 mcg bloterjev na spletu po zni\u017eani ceni.<\/p>\n<p>Ta raven du\u0161evne stimulacije je izjemno nenavadna. za Indico. Kot bi lahko pri\u010dakovali od snovi, pridobljene iz Indike, L.S.D. ima tudi tipi\u010dne u\u010dinke na telo, ki izhajajo iz Indica. Stranke pogosto opazijo revolucionarni u\u010dinek desenzibilizacije telesa eno do dve uri po zau\u017eitju, ko ve\u010dina mo\u017eganskega u\u010dinka izgine. Ne\u017eeleni u\u010dinki lahko vklju\u010dujejo vate v ustih, suhe o\u010di, zaspanost, glavobole in blago nezaupanje.<\/p>\n<p>V ve\u010dini se ta sev lahko uporablja kadar koli v dnevu za laj\u0161anje blage do hude stalne utripajo\u010de bole\u010dine. LSD se pogosto predpisuje za pomo\u010d pri obvladovanju pritiska, nelagodja ali nesre\u010de. Poleg tega bolniki sev uporabljajo za zdravljenje nespe\u010dnosti, nekateri pa ga uporabljajo za boj proti glavobolom.<\/p>\n<p>L.S.D. je kri\u017eanec med Mazarjem in izjemno starim asortimanom skunk, Skunk #1, ki ga je ustvarila Barney&#8217;s Farm. \u010ceprav ta sorta ni priporo\u010dljiva za nove proizvajalce, je izjemno enostavna za gojenje zaradi odpornosti na \u0161tevilne oku\u017ebe in zmo\u017enosti gojenja tako na prostem kot v zaprtih prostorih. S \u010dasom cvetenja med 65 in 78 dnevi, L.S.D. lahko proizvede do 650 gramov na kvadratni meter. Ob\u010dasno prese\u017ee 60 centimetrov v dol\u017eino, sev se obi\u010dajno kon\u010da aprila na ju\u017enem ekvatorju in oktobra na severnem. Ta sev ima vsebnost THC-ja do 24 %.<\/p>\n","protected":false},"excerpt":{"rendered":"<p>Kje lahko kupim 1P-LSD bloterje? Najbolj\u0161e raziskovalne kemikalije na trgu &#8211; Hitra dostava! Kupite 1P-LSD Blotterje prek Bitcoina, ban\u010dnega nakazila in drugih metod.<\/p>\n","protected":false},"featured_media":4821,"comment_status":"open","ping_status":"closed","template":"","meta":[],"product_brand":[],"product_cat":[703],"product_tag":[],"class_list":{"0":"post-4808","1":"product","2":"type-product","3":"status-publish","4":"has-post-thumbnail","6":"product_cat-kupi-psihedelina-mamila","8":"first","9":"instock","10":"shipping-taxable","11":"purchasable","12":"product-type-variable","13":"has-default-attributes"},"yoast_head":"<!-- This site is optimized with the Yoast SEO plugin v27.3 - https:\/\/yoast.com\/product\/yoast-seo-wordpress\/ -->\n<title>Kupite 1P-LSD poceni 100 mcg pihalnike - najbolj\u0161a globalna zdravila<\/title>\n<meta name=\"description\" content=\"Naro\u010dite 1P-LSD blotterje? Najbolj\u0161e raziskovalne kemikalije - hitra dostava! Kupite 1P-LSD blotterje z Bitcoini, ban\u010dnim nakazilom in \u0161e ve\u010d.\" \/>\n<meta name=\"robots\" content=\"index, follow, max-snippet:-1, max-image-preview:large, max-video-preview:-1\" \/>\n<link rel=\"canonical\" href=\"https:\/\/medicinasinc.com\/sl\/product\/buy-1p-lsd-100mcg-blotters\/\" \/>\n<meta property=\"og:locale\" content=\"en_US\" \/>\n<meta property=\"og:type\" content=\"article\" \/>\n<meta property=\"og:title\" content=\"Kupite 1P-LSD poceni 100 mcg pihalnike - najbolj\u0161a globalna zdravila\" \/>\n<meta property=\"og:description\" content=\"Naro\u010dite 1P-LSD blotterje? Najbolj\u0161e raziskovalne kemikalije - hitra dostava! Kupite 1P-LSD blotterje z Bitcoini, ban\u010dnim nakazilom in \u0161e ve\u010d.\" \/>\n<meta property=\"og:url\" content=\"https:\/\/medicinasinc.com\/sl\/product\/buy-1p-lsd-100mcg-blotters\/\" \/>\n<meta property=\"og:site_name\" content=\"Medicinas Inc\" \/>\n<meta property=\"article:modified_time\" content=\"2022-03-19T00:53:25+00:00\" \/>\n<meta property=\"og:image\" content=\"https:\/\/medicinasinc.com\/sl\/wp-content\/uploads\/sites\/7\/2022\/02\/Buy-1P-LSD-100mcg-Blotters-cheap-online.jpg\" \/>\n\t<meta property=\"og:image:width\" content=\"600\" \/>\n\t<meta property=\"og:image:height\" content=\"600\" \/>\n\t<meta property=\"og:image:type\" content=\"image\/jpeg\" \/>\n<meta name=\"twitter:card\" content=\"summary_large_image\" \/>\n<meta name=\"twitter:label1\" content=\"Est. reading time\" \/>\n\t<meta name=\"twitter:data1\" content=\"2 minutes\" \/>\n<script type=\"application\/ld+json\" class=\"yoast-schema-graph\">{\"@context\":\"https:\\\/\\\/schema.org\",\"@graph\":[{\"@type\":\"WebPage\",\"@id\":\"https:\\\/\\\/medicinasinc.com\\\/sl\\\/product\\\/buy-1p-lsd-100mcg-blotters\\\/\",\"url\":\"https:\\\/\\\/medicinasinc.com\\\/sl\\\/product\\\/buy-1p-lsd-100mcg-blotters\\\/\",\"name\":\"Kupite 1P-LSD poceni 100 mcg pihalnike - najbolj\u0161a globalna zdravila\",\"isPartOf\":{\"@id\":\"https:\\\/\\\/medicinasinc.com\\\/sl\\\/#website\"},\"primaryImageOfPage\":{\"@id\":\"https:\\\/\\\/medicinasinc.com\\\/sl\\\/product\\\/buy-1p-lsd-100mcg-blotters\\\/#primaryimage\"},\"image\":{\"@id\":\"https:\\\/\\\/medicinasinc.com\\\/sl\\\/product\\\/buy-1p-lsd-100mcg-blotters\\\/#primaryimage\"},\"thumbnailUrl\":\"https:\\\/\\\/medicinasinc.com\\\/sl\\\/wp-content\\\/uploads\\\/sites\\\/7\\\/2022\\\/02\\\/Buy-1P-LSD-100mcg-Blotters-cheap-online.jpg\",\"datePublished\":\"2022-02-20T16:17:53+00:00\",\"dateModified\":\"2022-03-19T00:53:25+00:00\",\"description\":\"Naro\u010dite 1P-LSD blotterje? Najbolj\u0161e raziskovalne kemikalije - hitra dostava! Kupite 1P-LSD blotterje z Bitcoini, ban\u010dnim nakazilom in \u0161e ve\u010d.\",\"breadcrumb\":{\"@id\":\"https:\\\/\\\/medicinasinc.com\\\/sl\\\/product\\\/buy-1p-lsd-100mcg-blotters\\\/#breadcrumb\"},\"inLanguage\":\"en-US\",\"potentialAction\":[{\"@type\":\"ReadAction\",\"target\":[\"https:\\\/\\\/medicinasinc.com\\\/sl\\\/product\\\/buy-1p-lsd-100mcg-blotters\\\/\"]}]},{\"@type\":\"ImageObject\",\"inLanguage\":\"en-US\",\"@id\":\"https:\\\/\\\/medicinasinc.com\\\/sl\\\/product\\\/buy-1p-lsd-100mcg-blotters\\\/#primaryimage\",\"url\":\"https:\\\/\\\/medicinasinc.com\\\/sl\\\/wp-content\\\/uploads\\\/sites\\\/7\\\/2022\\\/02\\\/Buy-1P-LSD-100mcg-Blotters-cheap-online.jpg\",\"contentUrl\":\"https:\\\/\\\/medicinasinc.com\\\/sl\\\/wp-content\\\/uploads\\\/sites\\\/7\\\/2022\\\/02\\\/Buy-1P-LSD-100mcg-Blotters-cheap-online.jpg\",\"width\":600,\"height\":600},{\"@type\":\"BreadcrumbList\",\"@id\":\"https:\\\/\\\/medicinasinc.com\\\/sl\\\/product\\\/buy-1p-lsd-100mcg-blotters\\\/#breadcrumb\",\"itemListElement\":[{\"@type\":\"ListItem\",\"position\":1,\"name\":\"Nakupujte\",\"item\":\"https:\\\/\\\/medicinasinc.com\\\/sl\\\/nakupujte\\\/\"},{\"@type\":\"ListItem\",\"position\":2,\"name\":\"Kupite 1P-LSD 100 mcg pihalnike\"}]},{\"@type\":\"WebSite\",\"@id\":\"https:\\\/\\\/medicinasinc.com\\\/sl\\\/#website\",\"url\":\"https:\\\/\\\/medicinasinc.com\\\/sl\\\/\",\"name\":\"Medicinas Inc\",\"description\":\"Health Medical Clinic\",\"potentialAction\":[{\"@type\":\"SearchAction\",\"target\":{\"@type\":\"EntryPoint\",\"urlTemplate\":\"https:\\\/\\\/medicinasinc.com\\\/sl\\\/?s={search_term_string}\"},\"query-input\":{\"@type\":\"PropertyValueSpecification\",\"valueRequired\":true,\"valueName\":\"search_term_string\"}}],\"inLanguage\":\"en-US\"}]}<\/script>\n<!-- \/ Yoast SEO plugin. -->","yoast_head_json":{"title":"Kupite 1P-LSD poceni 100 mcg pihalnike - najbolj\u0161a globalna zdravila","description":"Naro\u010dite 1P-LSD blotterje? Najbolj\u0161e raziskovalne kemikalije - hitra dostava! Kupite 1P-LSD blotterje z Bitcoini, ban\u010dnim nakazilom in \u0161e ve\u010d.","robots":{"index":"index","follow":"follow","max-snippet":"max-snippet:-1","max-image-preview":"max-image-preview:large","max-video-preview":"max-video-preview:-1"},"canonical":"https:\/\/medicinasinc.com\/sl\/product\/buy-1p-lsd-100mcg-blotters\/","og_locale":"en_US","og_type":"article","og_title":"Kupite 1P-LSD poceni 100 mcg pihalnike - najbolj\u0161a globalna zdravila","og_description":"Naro\u010dite 1P-LSD blotterje? Najbolj\u0161e raziskovalne kemikalije - hitra dostava! Kupite 1P-LSD blotterje z Bitcoini, ban\u010dnim nakazilom in \u0161e ve\u010d.","og_url":"https:\/\/medicinasinc.com\/sl\/product\/buy-1p-lsd-100mcg-blotters\/","og_site_name":"Medicinas Inc","article_modified_time":"2022-03-19T00:53:25+00:00","og_image":[{"width":600,"height":600,"url":"https:\/\/medicinasinc.com\/sl\/wp-content\/uploads\/sites\/7\/2022\/02\/Buy-1P-LSD-100mcg-Blotters-cheap-online.jpg","type":"image\/jpeg"}],"twitter_card":"summary_large_image","twitter_misc":{"Est. reading time":"2 minutes"},"schema":{"@context":"https:\/\/schema.org","@graph":[{"@type":"WebPage","@id":"https:\/\/medicinasinc.com\/sl\/product\/buy-1p-lsd-100mcg-blotters\/","url":"https:\/\/medicinasinc.com\/sl\/product\/buy-1p-lsd-100mcg-blotters\/","name":"Kupite 1P-LSD poceni 100 mcg pihalnike - najbolj\u0161a globalna zdravila","isPartOf":{"@id":"https:\/\/medicinasinc.com\/sl\/#website"},"primaryImageOfPage":{"@id":"https:\/\/medicinasinc.com\/sl\/product\/buy-1p-lsd-100mcg-blotters\/#primaryimage"},"image":{"@id":"https:\/\/medicinasinc.com\/sl\/product\/buy-1p-lsd-100mcg-blotters\/#primaryimage"},"thumbnailUrl":"https:\/\/medicinasinc.com\/sl\/wp-content\/uploads\/sites\/7\/2022\/02\/Buy-1P-LSD-100mcg-Blotters-cheap-online.jpg","datePublished":"2022-02-20T16:17:53+00:00","dateModified":"2022-03-19T00:53:25+00:00","description":"Naro\u010dite 1P-LSD blotterje? Najbolj\u0161e raziskovalne kemikalije - hitra dostava! Kupite 1P-LSD blotterje z Bitcoini, ban\u010dnim nakazilom in \u0161e ve\u010d.","breadcrumb":{"@id":"https:\/\/medicinasinc.com\/sl\/product\/buy-1p-lsd-100mcg-blotters\/#breadcrumb"},"inLanguage":"en-US","potentialAction":[{"@type":"ReadAction","target":["https:\/\/medicinasinc.com\/sl\/product\/buy-1p-lsd-100mcg-blotters\/"]}]},{"@type":"ImageObject","inLanguage":"en-US","@id":"https:\/\/medicinasinc.com\/sl\/product\/buy-1p-lsd-100mcg-blotters\/#primaryimage","url":"https:\/\/medicinasinc.com\/sl\/wp-content\/uploads\/sites\/7\/2022\/02\/Buy-1P-LSD-100mcg-Blotters-cheap-online.jpg","contentUrl":"https:\/\/medicinasinc.com\/sl\/wp-content\/uploads\/sites\/7\/2022\/02\/Buy-1P-LSD-100mcg-Blotters-cheap-online.jpg","width":600,"height":600},{"@type":"BreadcrumbList","@id":"https:\/\/medicinasinc.com\/sl\/product\/buy-1p-lsd-100mcg-blotters\/#breadcrumb","itemListElement":[{"@type":"ListItem","position":1,"name":"Nakupujte","item":"https:\/\/medicinasinc.com\/sl\/nakupujte\/"},{"@type":"ListItem","position":2,"name":"Kupite 1P-LSD 100 mcg pihalnike"}]},{"@type":"WebSite","@id":"https:\/\/medicinasinc.com\/sl\/#website","url":"https:\/\/medicinasinc.com\/sl\/","name":"Medicinas Inc","description":"Health Medical Clinic","potentialAction":[{"@type":"SearchAction","target":{"@type":"EntryPoint","urlTemplate":"https:\/\/medicinasinc.com\/sl\/?s={search_term_string}"},"query-input":{"@type":"PropertyValueSpecification","valueRequired":true,"valueName":"search_term_string"}}],"inLanguage":"en-US"}]}},"_links":{"self":[{"href":"https:\/\/medicinasinc.com\/sl\/wp-json\/wp\/v2\/product\/4808","targetHints":{"allow":["GET"]}}],"collection":[{"href":"https:\/\/medicinasinc.com\/sl\/wp-json\/wp\/v2\/product"}],"about":[{"href":"https:\/\/medicinasinc.com\/sl\/wp-json\/wp\/v2\/types\/product"}],"replies":[{"embeddable":true,"href":"https:\/\/medicinasinc.com\/sl\/wp-json\/wp\/v2\/comments?post=4808"}],"wp:featuredmedia":[{"embeddable":true,"href":"https:\/\/medicinasinc.com\/sl\/wp-json\/wp\/v2\/media\/4821"}],"wp:attachment":[{"href":"https:\/\/medicinasinc.com\/sl\/wp-json\/wp\/v2\/media?parent=4808"}],"wp:term":[{"taxonomy":"product_brand","embeddable":true,"href":"https:\/\/medicinasinc.com\/sl\/wp-json\/wp\/v2\/product_brand?post=4808"},{"taxonomy":"product_cat","embeddable":true,"href":"https:\/\/medicinasinc.com\/sl\/wp-json\/wp\/v2\/product_cat?post=4808"},{"taxonomy":"product_tag","embeddable":true,"href":"https:\/\/medicinasinc.com\/sl\/wp-json\/wp\/v2\/product_tag?post=4808"}],"curies":[{"name":"wp","href":"https:\/\/api.w.org\/{rel}","templated":true}]}}