{"id":4794,"date":"2022-02-20T16:06:08","date_gmt":"2022-02-20T16:06:08","guid":{"rendered":"https:\/\/medicinasinc.com\/sl\/?post_type=product&#038;p=4794"},"modified":"2022-03-19T00:53:47","modified_gmt":"2022-03-19T00:53:47","slug":"buy-nyc-diesel-budder-top-shelf","status":"publish","type":"product","link":"https:\/\/medicinasinc.com\/sl\/product\/buy-nyc-diesel-budder-top-shelf\/","title":{"rendered":"Kupite NYC Diesel Budder \u2013 zgornja polica"},"content":{"rendered":"<p>Kupite New York City Diesel Budder \u2013 zgornja polica<\/p>\n<p>NYC Diesel je 60-odstotna sorta Sativa, ki je kri\u017eanec med mehi\u0161ko in afganistansko genetiko landrace. Mo\u010dno di\u0161i po trpkih grenivkah in kislih citrusih. NYC Diesel je odli\u010den dnevni napor zaradi visoke mo\u017eganske stimulacije, ki spodbuja du\u0161evno jasnost in budnost. Poleg energijskih u\u010dinkov, NYC Diesel dviguje razpolo\u017eenje in spodbuja ustvarjalnost, zaradi \u010desar je u\u010dinkovito zdravljenje depresije. S\u010dasoma u\u010dinki tega seva povzro\u010dijo blago stanje sprostitve v telesu, ki ne povzro\u010di zaspanosti, lahko pa pri nekaterih uporabnikih spodbudi apetit. Naju\u010dinkovitej\u0161a uporaba NYC Diesel je pri zdravljenju anksioznosti\/socialne anksioznosti, depresije, kroni\u010dne bole\u010dine, izgube apetita in slabega razpolo\u017eenja.<\/p>\n","protected":false},"excerpt":{"rendered":"<p>Kupite NYC Diesel Budderl &#8211; Ta 60-odstotno prevladujo\u010da sorta Sativa je kri\u017eanec med mehi\u0161kimi in afganistanskimi sortami zdaj na voljo po najbolj\u0161i ceni.<\/p>\n<ul>\n<li>Po\u0161iljanje po vsem svetu<\/li>\n<li><strong>Koncentrat, sestavljen iz 97 -99 % THC<\/strong><\/li>\n<li><strong>99 % \u010dist THC-A<\/strong><\/li>\n<li><strong>Obrnite se na nas<\/strong>\u00a0za ve\u010dja naro\u010dila<\/li>\n<\/ul>\n","protected":false},"featured_media":4807,"comment_status":"open","ping_status":"closed","template":"","meta":[],"product_brand":[],"product_cat":[702],"product_tag":[],"class_list":{"0":"post-4794","1":"product","2":"type-product","3":"status-publish","4":"has-post-thumbnail","6":"product_cat-kupi-konabis-vosek","8":"first","9":"instock","10":"shipping-taxable","11":"purchasable","12":"product-type-variable","13":"has-default-attributes"},"yoast_head":"<!-- This site is optimized with the Yoast SEO plugin v27.3 - https:\/\/yoast.com\/product\/yoast-seo-wordpress\/ -->\n<title>Kupite NYC Diesel Budder \u2013 najvi\u0161ja polica \u2013 najbolj\u0161a najbolj\u0161a zdravila na svetu<\/title>\n<meta name=\"description\" content=\"Kupite NYC Diesel Budderl - kri\u017eanec med mehi\u0161kimi in afganistanskimi de\u017eelami, je 60-odstotno prevladujo\u010da sorta Sativa, ki je zdaj na voljo za prodajo po najbolj\u0161i ceni.\" \/>\n<meta name=\"robots\" content=\"index, follow, max-snippet:-1, max-image-preview:large, max-video-preview:-1\" \/>\n<link rel=\"canonical\" href=\"https:\/\/medicinasinc.com\/sl\/product\/buy-nyc-diesel-budder-top-shelf\/\" \/>\n<meta property=\"og:locale\" content=\"en_US\" \/>\n<meta property=\"og:type\" content=\"article\" \/>\n<meta property=\"og:title\" content=\"Kupite NYC Diesel Budder \u2013 najvi\u0161ja polica \u2013 najbolj\u0161a najbolj\u0161a zdravila na svetu\" \/>\n<meta property=\"og:description\" content=\"Kupite NYC Diesel Budderl - kri\u017eanec med mehi\u0161kimi in afganistanskimi de\u017eelami, je 60-odstotno prevladujo\u010da sorta Sativa, ki je zdaj na voljo za prodajo po najbolj\u0161i ceni.\" \/>\n<meta property=\"og:url\" content=\"https:\/\/medicinasinc.com\/sl\/product\/buy-nyc-diesel-budder-top-shelf\/\" \/>\n<meta property=\"og:site_name\" content=\"Medicinas Inc\" \/>\n<meta property=\"article:modified_time\" content=\"2022-03-19T00:53:47+00:00\" \/>\n<meta property=\"og:image\" content=\"https:\/\/medicinasinc.com\/sl\/wp-content\/uploads\/sites\/7\/2022\/02\/Buy-NYC-Diesel-Budder..jpg\" \/>\n\t<meta property=\"og:image:width\" content=\"600\" \/>\n\t<meta property=\"og:image:height\" content=\"600\" \/>\n\t<meta property=\"og:image:type\" content=\"image\/jpeg\" \/>\n<meta name=\"twitter:card\" content=\"summary_large_image\" \/>\n<meta name=\"twitter:label1\" content=\"Est. reading time\" \/>\n\t<meta name=\"twitter:data1\" content=\"1 minute\" \/>\n<script type=\"application\/ld+json\" class=\"yoast-schema-graph\">{\"@context\":\"https:\\\/\\\/schema.org\",\"@graph\":[{\"@type\":\"WebPage\",\"@id\":\"https:\\\/\\\/medicinasinc.com\\\/sl\\\/product\\\/buy-nyc-diesel-budder-top-shelf\\\/\",\"url\":\"https:\\\/\\\/medicinasinc.com\\\/sl\\\/product\\\/buy-nyc-diesel-budder-top-shelf\\\/\",\"name\":\"Kupite NYC Diesel Budder \u2013 najvi\u0161ja polica \u2013 najbolj\u0161a najbolj\u0161a zdravila na svetu\",\"isPartOf\":{\"@id\":\"https:\\\/\\\/medicinasinc.com\\\/sl\\\/#website\"},\"primaryImageOfPage\":{\"@id\":\"https:\\\/\\\/medicinasinc.com\\\/sl\\\/product\\\/buy-nyc-diesel-budder-top-shelf\\\/#primaryimage\"},\"image\":{\"@id\":\"https:\\\/\\\/medicinasinc.com\\\/sl\\\/product\\\/buy-nyc-diesel-budder-top-shelf\\\/#primaryimage\"},\"thumbnailUrl\":\"https:\\\/\\\/medicinasinc.com\\\/sl\\\/wp-content\\\/uploads\\\/sites\\\/7\\\/2022\\\/02\\\/Buy-NYC-Diesel-Budder..jpg\",\"datePublished\":\"2022-02-20T16:06:08+00:00\",\"dateModified\":\"2022-03-19T00:53:47+00:00\",\"description\":\"Kupite NYC Diesel Budderl - kri\u017eanec med mehi\u0161kimi in afganistanskimi de\u017eelami, je 60-odstotno prevladujo\u010da sorta Sativa, ki je zdaj na voljo za prodajo po najbolj\u0161i ceni.\",\"breadcrumb\":{\"@id\":\"https:\\\/\\\/medicinasinc.com\\\/sl\\\/product\\\/buy-nyc-diesel-budder-top-shelf\\\/#breadcrumb\"},\"inLanguage\":\"en-US\",\"potentialAction\":[{\"@type\":\"ReadAction\",\"target\":[\"https:\\\/\\\/medicinasinc.com\\\/sl\\\/product\\\/buy-nyc-diesel-budder-top-shelf\\\/\"]}]},{\"@type\":\"ImageObject\",\"inLanguage\":\"en-US\",\"@id\":\"https:\\\/\\\/medicinasinc.com\\\/sl\\\/product\\\/buy-nyc-diesel-budder-top-shelf\\\/#primaryimage\",\"url\":\"https:\\\/\\\/medicinasinc.com\\\/sl\\\/wp-content\\\/uploads\\\/sites\\\/7\\\/2022\\\/02\\\/Buy-NYC-Diesel-Budder..jpg\",\"contentUrl\":\"https:\\\/\\\/medicinasinc.com\\\/sl\\\/wp-content\\\/uploads\\\/sites\\\/7\\\/2022\\\/02\\\/Buy-NYC-Diesel-Budder..jpg\",\"width\":600,\"height\":600},{\"@type\":\"BreadcrumbList\",\"@id\":\"https:\\\/\\\/medicinasinc.com\\\/sl\\\/product\\\/buy-nyc-diesel-budder-top-shelf\\\/#breadcrumb\",\"itemListElement\":[{\"@type\":\"ListItem\",\"position\":1,\"name\":\"Nakupujte\",\"item\":\"https:\\\/\\\/medicinasinc.com\\\/sl\\\/nakupujte\\\/\"},{\"@type\":\"ListItem\",\"position\":2,\"name\":\"Kupite NYC Diesel Budder \u2013 zgornja polica\"}]},{\"@type\":\"WebSite\",\"@id\":\"https:\\\/\\\/medicinasinc.com\\\/sl\\\/#website\",\"url\":\"https:\\\/\\\/medicinasinc.com\\\/sl\\\/\",\"name\":\"Medicinas Inc\",\"description\":\"Health Medical Clinic\",\"potentialAction\":[{\"@type\":\"SearchAction\",\"target\":{\"@type\":\"EntryPoint\",\"urlTemplate\":\"https:\\\/\\\/medicinasinc.com\\\/sl\\\/?s={search_term_string}\"},\"query-input\":{\"@type\":\"PropertyValueSpecification\",\"valueRequired\":true,\"valueName\":\"search_term_string\"}}],\"inLanguage\":\"en-US\"}]}<\/script>\n<!-- \/ Yoast SEO plugin. -->","yoast_head_json":{"title":"Kupite NYC Diesel Budder \u2013 najvi\u0161ja polica \u2013 najbolj\u0161a najbolj\u0161a zdravila na svetu","description":"Kupite NYC Diesel Budderl - kri\u017eanec med mehi\u0161kimi in afganistanskimi de\u017eelami, je 60-odstotno prevladujo\u010da sorta Sativa, ki je zdaj na voljo za prodajo po najbolj\u0161i ceni.","robots":{"index":"index","follow":"follow","max-snippet":"max-snippet:-1","max-image-preview":"max-image-preview:large","max-video-preview":"max-video-preview:-1"},"canonical":"https:\/\/medicinasinc.com\/sl\/product\/buy-nyc-diesel-budder-top-shelf\/","og_locale":"en_US","og_type":"article","og_title":"Kupite NYC Diesel Budder \u2013 najvi\u0161ja polica \u2013 najbolj\u0161a najbolj\u0161a zdravila na svetu","og_description":"Kupite NYC Diesel Budderl - kri\u017eanec med mehi\u0161kimi in afganistanskimi de\u017eelami, je 60-odstotno prevladujo\u010da sorta Sativa, ki je zdaj na voljo za prodajo po najbolj\u0161i ceni.","og_url":"https:\/\/medicinasinc.com\/sl\/product\/buy-nyc-diesel-budder-top-shelf\/","og_site_name":"Medicinas Inc","article_modified_time":"2022-03-19T00:53:47+00:00","og_image":[{"width":600,"height":600,"url":"https:\/\/medicinasinc.com\/sl\/wp-content\/uploads\/sites\/7\/2022\/02\/Buy-NYC-Diesel-Budder..jpg","type":"image\/jpeg"}],"twitter_card":"summary_large_image","twitter_misc":{"Est. reading time":"1 minute"},"schema":{"@context":"https:\/\/schema.org","@graph":[{"@type":"WebPage","@id":"https:\/\/medicinasinc.com\/sl\/product\/buy-nyc-diesel-budder-top-shelf\/","url":"https:\/\/medicinasinc.com\/sl\/product\/buy-nyc-diesel-budder-top-shelf\/","name":"Kupite NYC Diesel Budder \u2013 najvi\u0161ja polica \u2013 najbolj\u0161a najbolj\u0161a zdravila na svetu","isPartOf":{"@id":"https:\/\/medicinasinc.com\/sl\/#website"},"primaryImageOfPage":{"@id":"https:\/\/medicinasinc.com\/sl\/product\/buy-nyc-diesel-budder-top-shelf\/#primaryimage"},"image":{"@id":"https:\/\/medicinasinc.com\/sl\/product\/buy-nyc-diesel-budder-top-shelf\/#primaryimage"},"thumbnailUrl":"https:\/\/medicinasinc.com\/sl\/wp-content\/uploads\/sites\/7\/2022\/02\/Buy-NYC-Diesel-Budder..jpg","datePublished":"2022-02-20T16:06:08+00:00","dateModified":"2022-03-19T00:53:47+00:00","description":"Kupite NYC Diesel Budderl - kri\u017eanec med mehi\u0161kimi in afganistanskimi de\u017eelami, je 60-odstotno prevladujo\u010da sorta Sativa, ki je zdaj na voljo za prodajo po najbolj\u0161i ceni.","breadcrumb":{"@id":"https:\/\/medicinasinc.com\/sl\/product\/buy-nyc-diesel-budder-top-shelf\/#breadcrumb"},"inLanguage":"en-US","potentialAction":[{"@type":"ReadAction","target":["https:\/\/medicinasinc.com\/sl\/product\/buy-nyc-diesel-budder-top-shelf\/"]}]},{"@type":"ImageObject","inLanguage":"en-US","@id":"https:\/\/medicinasinc.com\/sl\/product\/buy-nyc-diesel-budder-top-shelf\/#primaryimage","url":"https:\/\/medicinasinc.com\/sl\/wp-content\/uploads\/sites\/7\/2022\/02\/Buy-NYC-Diesel-Budder..jpg","contentUrl":"https:\/\/medicinasinc.com\/sl\/wp-content\/uploads\/sites\/7\/2022\/02\/Buy-NYC-Diesel-Budder..jpg","width":600,"height":600},{"@type":"BreadcrumbList","@id":"https:\/\/medicinasinc.com\/sl\/product\/buy-nyc-diesel-budder-top-shelf\/#breadcrumb","itemListElement":[{"@type":"ListItem","position":1,"name":"Nakupujte","item":"https:\/\/medicinasinc.com\/sl\/nakupujte\/"},{"@type":"ListItem","position":2,"name":"Kupite NYC Diesel Budder \u2013 zgornja polica"}]},{"@type":"WebSite","@id":"https:\/\/medicinasinc.com\/sl\/#website","url":"https:\/\/medicinasinc.com\/sl\/","name":"Medicinas Inc","description":"Health Medical Clinic","potentialAction":[{"@type":"SearchAction","target":{"@type":"EntryPoint","urlTemplate":"https:\/\/medicinasinc.com\/sl\/?s={search_term_string}"},"query-input":{"@type":"PropertyValueSpecification","valueRequired":true,"valueName":"search_term_string"}}],"inLanguage":"en-US"}]}},"_links":{"self":[{"href":"https:\/\/medicinasinc.com\/sl\/wp-json\/wp\/v2\/product\/4794","targetHints":{"allow":["GET"]}}],"collection":[{"href":"https:\/\/medicinasinc.com\/sl\/wp-json\/wp\/v2\/product"}],"about":[{"href":"https:\/\/medicinasinc.com\/sl\/wp-json\/wp\/v2\/types\/product"}],"replies":[{"embeddable":true,"href":"https:\/\/medicinasinc.com\/sl\/wp-json\/wp\/v2\/comments?post=4794"}],"wp:featuredmedia":[{"embeddable":true,"href":"https:\/\/medicinasinc.com\/sl\/wp-json\/wp\/v2\/media\/4807"}],"wp:attachment":[{"href":"https:\/\/medicinasinc.com\/sl\/wp-json\/wp\/v2\/media?parent=4794"}],"wp:term":[{"taxonomy":"product_brand","embeddable":true,"href":"https:\/\/medicinasinc.com\/sl\/wp-json\/wp\/v2\/product_brand?post=4794"},{"taxonomy":"product_cat","embeddable":true,"href":"https:\/\/medicinasinc.com\/sl\/wp-json\/wp\/v2\/product_cat?post=4794"},{"taxonomy":"product_tag","embeddable":true,"href":"https:\/\/medicinasinc.com\/sl\/wp-json\/wp\/v2\/product_tag?post=4794"}],"curies":[{"name":"wp","href":"https:\/\/api.w.org\/{rel}","templated":true}]}}