{"id":4779,"date":"2022-02-20T15:55:42","date_gmt":"2022-02-20T15:55:42","guid":{"rendered":"https:\/\/medicinasinc.com\/sl\/?post_type=product&#038;p=4779"},"modified":"2022-03-19T00:54:02","modified_gmt":"2022-03-19T00:54:02","slug":"buy-alaskan-thunder-fuck-budder-top-shelf","status":"publish","type":"product","link":"https:\/\/medicinasinc.com\/sl\/product\/buy-alaskan-thunder-fuck-budder-top-shelf\/","title":{"rendered":"Kupite Alaskan Thunder Fuck Budder \u2013 zgornja polica"},"content":{"rendered":"<p>Kupite Alaskan Thunder Fuck Budder \u2013 vrhunska kakovost<\/p>\n<p>Alaskan Thunder Fuck, skraj\u0161ano ATF, Matanuska Thunder Fuck ali Matanuska Tundra, je redka prevladujo\u010da sorta sative, ki izvira iz doline Matanuska na Aljaski. Domneva se, da je nastala kot kri\u017eanec med sativo iz severne Kalifornije in ruskim ruderalisom, preden so jo v poznih sedemdesetih letih prej\u0161njega stoletja kri\u017eali z afganistansko genetiko. Ta sev ima ostro aromo, ki zdru\u017euje bor in limono z notami skunka in mentola. ATF je obo\u017eevan zaradi svojih lastnosti stimuliranja apetita in lastnosti, podobnih plazilcem. Visok ATF se za\u010dne z izbruhom mo\u017eganske stimulacije, ki spodbuja socialno interakcijo in ustvarjalnost. Ko se intenzivnost evforije pove\u010da, se telo za\u010dne spro\u0161\u010dati in nastopi lakota. Alaskan Thunder Fuck se lahko uporablja za zdravljenje kroni\u010dnega stresa, depresije in blage do zmerne bole\u010dine.<\/p>\n","protected":false},"excerpt":{"rendered":"<p>Kupite Alaskan Thunder Fuck Budder \u2013 vrhunska kakovost<\/p>\n<p>&nbsp;<\/p>\n<ul>\n<li>Dostava po vsem svetu<\/li>\n<li>Najmanj\u0161a koli\u010dina naro\u010dila je <strong>3<\/strong><\/li>\n<li><strong>Obrnite se na nas<\/strong>\u00a0za ve\u010dja naro\u010dila<\/li>\n<\/ul>\n","protected":false},"featured_media":4793,"comment_status":"open","ping_status":"closed","template":"","meta":[],"product_brand":[],"product_cat":[702],"product_tag":[],"class_list":{"0":"post-4779","1":"product","2":"type-product","3":"status-publish","4":"has-post-thumbnail","6":"product_cat-kupi-konabis-vosek","8":"first","9":"instock","10":"shipping-taxable","11":"purchasable","12":"product-type-variable","13":"has-default-attributes"},"yoast_head":"<!-- This site is optimized with the Yoast SEO plugin v27.3 - https:\/\/yoast.com\/product\/yoast-seo-wordpress\/ -->\n<title>Kupite Alaskan Thunder Fuck Budder \u2013 zgornja polica - Medicinas Inc<\/title>\n<meta name=\"description\" content=\"Kupite Alaskan Thunder Fuck Budder \u2013 vrhunska kakovost\" \/>\n<meta name=\"robots\" content=\"index, follow, max-snippet:-1, max-image-preview:large, max-video-preview:-1\" \/>\n<link rel=\"canonical\" href=\"https:\/\/medicinasinc.com\/sl\/product\/buy-alaskan-thunder-fuck-budder-top-shelf\/\" \/>\n<meta property=\"og:locale\" content=\"en_US\" \/>\n<meta property=\"og:type\" content=\"article\" \/>\n<meta property=\"og:title\" content=\"Kupite Alaskan Thunder Fuck Budder \u2013 zgornja polica - Medicinas Inc\" \/>\n<meta property=\"og:description\" content=\"Kupite Alaskan Thunder Fuck Budder \u2013 vrhunska kakovost\" \/>\n<meta property=\"og:url\" content=\"https:\/\/medicinasinc.com\/sl\/product\/buy-alaskan-thunder-fuck-budder-top-shelf\/\" \/>\n<meta property=\"og:site_name\" content=\"Medicinas Inc\" \/>\n<meta property=\"article:modified_time\" content=\"2022-03-19T00:54:02+00:00\" \/>\n<meta property=\"og:image\" content=\"https:\/\/medicinasinc.com\/sl\/wp-content\/uploads\/sites\/7\/2022\/02\/Buy-Alaskan-Thunder-Fuck-Budder.jpg\" \/>\n\t<meta property=\"og:image:width\" content=\"600\" \/>\n\t<meta property=\"og:image:height\" content=\"600\" \/>\n\t<meta property=\"og:image:type\" content=\"image\/jpeg\" \/>\n<meta name=\"twitter:card\" content=\"summary_large_image\" \/>\n<meta name=\"twitter:label1\" content=\"Est. reading time\" \/>\n\t<meta name=\"twitter:data1\" content=\"1 minute\" \/>\n<script type=\"application\/ld+json\" class=\"yoast-schema-graph\">{\"@context\":\"https:\\\/\\\/schema.org\",\"@graph\":[{\"@type\":\"WebPage\",\"@id\":\"https:\\\/\\\/medicinasinc.com\\\/sl\\\/product\\\/buy-alaskan-thunder-fuck-budder-top-shelf\\\/\",\"url\":\"https:\\\/\\\/medicinasinc.com\\\/sl\\\/product\\\/buy-alaskan-thunder-fuck-budder-top-shelf\\\/\",\"name\":\"Kupite Alaskan Thunder Fuck Budder \u2013 zgornja polica - Medicinas Inc\",\"isPartOf\":{\"@id\":\"https:\\\/\\\/medicinasinc.com\\\/sl\\\/#website\"},\"primaryImageOfPage\":{\"@id\":\"https:\\\/\\\/medicinasinc.com\\\/sl\\\/product\\\/buy-alaskan-thunder-fuck-budder-top-shelf\\\/#primaryimage\"},\"image\":{\"@id\":\"https:\\\/\\\/medicinasinc.com\\\/sl\\\/product\\\/buy-alaskan-thunder-fuck-budder-top-shelf\\\/#primaryimage\"},\"thumbnailUrl\":\"https:\\\/\\\/medicinasinc.com\\\/sl\\\/wp-content\\\/uploads\\\/sites\\\/7\\\/2022\\\/02\\\/Buy-Alaskan-Thunder-Fuck-Budder.jpg\",\"datePublished\":\"2022-02-20T15:55:42+00:00\",\"dateModified\":\"2022-03-19T00:54:02+00:00\",\"description\":\"Kupite Alaskan Thunder Fuck Budder \u2013 vrhunska kakovost\",\"breadcrumb\":{\"@id\":\"https:\\\/\\\/medicinasinc.com\\\/sl\\\/product\\\/buy-alaskan-thunder-fuck-budder-top-shelf\\\/#breadcrumb\"},\"inLanguage\":\"en-US\",\"potentialAction\":[{\"@type\":\"ReadAction\",\"target\":[\"https:\\\/\\\/medicinasinc.com\\\/sl\\\/product\\\/buy-alaskan-thunder-fuck-budder-top-shelf\\\/\"]}]},{\"@type\":\"ImageObject\",\"inLanguage\":\"en-US\",\"@id\":\"https:\\\/\\\/medicinasinc.com\\\/sl\\\/product\\\/buy-alaskan-thunder-fuck-budder-top-shelf\\\/#primaryimage\",\"url\":\"https:\\\/\\\/medicinasinc.com\\\/sl\\\/wp-content\\\/uploads\\\/sites\\\/7\\\/2022\\\/02\\\/Buy-Alaskan-Thunder-Fuck-Budder.jpg\",\"contentUrl\":\"https:\\\/\\\/medicinasinc.com\\\/sl\\\/wp-content\\\/uploads\\\/sites\\\/7\\\/2022\\\/02\\\/Buy-Alaskan-Thunder-Fuck-Budder.jpg\",\"width\":600,\"height\":600},{\"@type\":\"BreadcrumbList\",\"@id\":\"https:\\\/\\\/medicinasinc.com\\\/sl\\\/product\\\/buy-alaskan-thunder-fuck-budder-top-shelf\\\/#breadcrumb\",\"itemListElement\":[{\"@type\":\"ListItem\",\"position\":1,\"name\":\"Nakupujte\",\"item\":\"https:\\\/\\\/medicinasinc.com\\\/sl\\\/nakupujte\\\/\"},{\"@type\":\"ListItem\",\"position\":2,\"name\":\"Kupite Alaskan Thunder Fuck Budder \u2013 zgornja polica\"}]},{\"@type\":\"WebSite\",\"@id\":\"https:\\\/\\\/medicinasinc.com\\\/sl\\\/#website\",\"url\":\"https:\\\/\\\/medicinasinc.com\\\/sl\\\/\",\"name\":\"Medicinas Inc\",\"description\":\"Health Medical Clinic\",\"potentialAction\":[{\"@type\":\"SearchAction\",\"target\":{\"@type\":\"EntryPoint\",\"urlTemplate\":\"https:\\\/\\\/medicinasinc.com\\\/sl\\\/?s={search_term_string}\"},\"query-input\":{\"@type\":\"PropertyValueSpecification\",\"valueRequired\":true,\"valueName\":\"search_term_string\"}}],\"inLanguage\":\"en-US\"}]}<\/script>\n<!-- \/ Yoast SEO plugin. -->","yoast_head_json":{"title":"Kupite Alaskan Thunder Fuck Budder \u2013 zgornja polica - Medicinas Inc","description":"Kupite Alaskan Thunder Fuck Budder \u2013 vrhunska kakovost","robots":{"index":"index","follow":"follow","max-snippet":"max-snippet:-1","max-image-preview":"max-image-preview:large","max-video-preview":"max-video-preview:-1"},"canonical":"https:\/\/medicinasinc.com\/sl\/product\/buy-alaskan-thunder-fuck-budder-top-shelf\/","og_locale":"en_US","og_type":"article","og_title":"Kupite Alaskan Thunder Fuck Budder \u2013 zgornja polica - Medicinas Inc","og_description":"Kupite Alaskan Thunder Fuck Budder \u2013 vrhunska kakovost","og_url":"https:\/\/medicinasinc.com\/sl\/product\/buy-alaskan-thunder-fuck-budder-top-shelf\/","og_site_name":"Medicinas Inc","article_modified_time":"2022-03-19T00:54:02+00:00","og_image":[{"width":600,"height":600,"url":"https:\/\/medicinasinc.com\/sl\/wp-content\/uploads\/sites\/7\/2022\/02\/Buy-Alaskan-Thunder-Fuck-Budder.jpg","type":"image\/jpeg"}],"twitter_card":"summary_large_image","twitter_misc":{"Est. reading time":"1 minute"},"schema":{"@context":"https:\/\/schema.org","@graph":[{"@type":"WebPage","@id":"https:\/\/medicinasinc.com\/sl\/product\/buy-alaskan-thunder-fuck-budder-top-shelf\/","url":"https:\/\/medicinasinc.com\/sl\/product\/buy-alaskan-thunder-fuck-budder-top-shelf\/","name":"Kupite Alaskan Thunder Fuck Budder \u2013 zgornja polica - Medicinas Inc","isPartOf":{"@id":"https:\/\/medicinasinc.com\/sl\/#website"},"primaryImageOfPage":{"@id":"https:\/\/medicinasinc.com\/sl\/product\/buy-alaskan-thunder-fuck-budder-top-shelf\/#primaryimage"},"image":{"@id":"https:\/\/medicinasinc.com\/sl\/product\/buy-alaskan-thunder-fuck-budder-top-shelf\/#primaryimage"},"thumbnailUrl":"https:\/\/medicinasinc.com\/sl\/wp-content\/uploads\/sites\/7\/2022\/02\/Buy-Alaskan-Thunder-Fuck-Budder.jpg","datePublished":"2022-02-20T15:55:42+00:00","dateModified":"2022-03-19T00:54:02+00:00","description":"Kupite Alaskan Thunder Fuck Budder \u2013 vrhunska kakovost","breadcrumb":{"@id":"https:\/\/medicinasinc.com\/sl\/product\/buy-alaskan-thunder-fuck-budder-top-shelf\/#breadcrumb"},"inLanguage":"en-US","potentialAction":[{"@type":"ReadAction","target":["https:\/\/medicinasinc.com\/sl\/product\/buy-alaskan-thunder-fuck-budder-top-shelf\/"]}]},{"@type":"ImageObject","inLanguage":"en-US","@id":"https:\/\/medicinasinc.com\/sl\/product\/buy-alaskan-thunder-fuck-budder-top-shelf\/#primaryimage","url":"https:\/\/medicinasinc.com\/sl\/wp-content\/uploads\/sites\/7\/2022\/02\/Buy-Alaskan-Thunder-Fuck-Budder.jpg","contentUrl":"https:\/\/medicinasinc.com\/sl\/wp-content\/uploads\/sites\/7\/2022\/02\/Buy-Alaskan-Thunder-Fuck-Budder.jpg","width":600,"height":600},{"@type":"BreadcrumbList","@id":"https:\/\/medicinasinc.com\/sl\/product\/buy-alaskan-thunder-fuck-budder-top-shelf\/#breadcrumb","itemListElement":[{"@type":"ListItem","position":1,"name":"Nakupujte","item":"https:\/\/medicinasinc.com\/sl\/nakupujte\/"},{"@type":"ListItem","position":2,"name":"Kupite Alaskan Thunder Fuck Budder \u2013 zgornja polica"}]},{"@type":"WebSite","@id":"https:\/\/medicinasinc.com\/sl\/#website","url":"https:\/\/medicinasinc.com\/sl\/","name":"Medicinas Inc","description":"Health Medical Clinic","potentialAction":[{"@type":"SearchAction","target":{"@type":"EntryPoint","urlTemplate":"https:\/\/medicinasinc.com\/sl\/?s={search_term_string}"},"query-input":{"@type":"PropertyValueSpecification","valueRequired":true,"valueName":"search_term_string"}}],"inLanguage":"en-US"}]}},"_links":{"self":[{"href":"https:\/\/medicinasinc.com\/sl\/wp-json\/wp\/v2\/product\/4779","targetHints":{"allow":["GET"]}}],"collection":[{"href":"https:\/\/medicinasinc.com\/sl\/wp-json\/wp\/v2\/product"}],"about":[{"href":"https:\/\/medicinasinc.com\/sl\/wp-json\/wp\/v2\/types\/product"}],"replies":[{"embeddable":true,"href":"https:\/\/medicinasinc.com\/sl\/wp-json\/wp\/v2\/comments?post=4779"}],"wp:featuredmedia":[{"embeddable":true,"href":"https:\/\/medicinasinc.com\/sl\/wp-json\/wp\/v2\/media\/4793"}],"wp:attachment":[{"href":"https:\/\/medicinasinc.com\/sl\/wp-json\/wp\/v2\/media?parent=4779"}],"wp:term":[{"taxonomy":"product_brand","embeddable":true,"href":"https:\/\/medicinasinc.com\/sl\/wp-json\/wp\/v2\/product_brand?post=4779"},{"taxonomy":"product_cat","embeddable":true,"href":"https:\/\/medicinasinc.com\/sl\/wp-json\/wp\/v2\/product_cat?post=4779"},{"taxonomy":"product_tag","embeddable":true,"href":"https:\/\/medicinasinc.com\/sl\/wp-json\/wp\/v2\/product_tag?post=4779"}],"curies":[{"name":"wp","href":"https:\/\/api.w.org\/{rel}","templated":true}]}}