{"id":4768,"date":"2022-02-20T15:46:58","date_gmt":"2022-02-20T15:46:58","guid":{"rendered":"https:\/\/medicinasinc.com\/sl\/?post_type=product&#038;p=4768"},"modified":"2022-03-19T00:54:11","modified_gmt":"2022-03-19T00:54:11","slug":"kupi-k2-sprej-za-kadilo","status":"publish","type":"product","link":"https:\/\/medicinasinc.com\/sl\/product\/kupi-k2-sprej-za-kadilo\/","title":{"rendered":"Kupite pr\u0161ilo za kadilo K2"},"content":{"rendered":"<p>Spletni nakup spreja za kadilo K2<\/p>\n<p>Poleg tega prodajamo tudi papir K2.<\/p>\n<p>K2 pr\u0161ilo je na voljo za nakup. Je brez vonja in barve.<\/p>\n<p>25 ml zadostuje za pr\u0161enje celotnega lista papirja A4.<\/p>\n<p>Okus in K2 sta dve najpogostej\u0161i imeni za sinteti\u010dno marihuano. Zgrajeni so iz posu\u0161enega rastlinskega materiala, ki je bil prepojen z in\u017eenirskim kanabinoidom. Oblikovani kanabinoidi so sinteti\u010dne spojine, ki delujejo na mo\u017eganske kanabinoidne receptorje na enak na\u010din kot Delta9-tetrahidrokanabinol (THC). Posamezniki, ki uporabljajo Spice, poro\u010dajo, da imajo podobne ob\u010dutke kot tisti, ki so povezani z marihuano. Marihuana je rastlina, ki vsebuje kanabinoide, ki so me\u0161anice. Okus in K2 sta dva izraza, ki se nana\u0161ata na zbirko receptov, imenovanih oblikovani (izdelani) kanabinoidi. Izdelane so iz posu\u0161enih rastlinskih materialov, ki so bili po\u0161kropljeni s sinteti\u010dnimi kemikalijami, ki spreminjajo um. Analitiki so ta proizvedena zdravila sprva uredili, da bi jih uporabili pri pregledu.<\/p>\n<p>Poleg tega je K2 na voljo v teko\u010di obliki, ki se razgradi v e-cigaretah. Poleg tega ga kadijo v pipah, d\u017eointih ali pripravljajo \u010daj. K2 nato potresemo na rastline, papir in vlakna v teko\u010dem stanju. \u010ceprav so u\u010dinki kajenja Spice lahko podobni tistim pri kajenju marihuane, je glavni razlog, zakaj ljudje kadijo Spice, ker je skromen, in glede na to, kako je znano, da je&#8230; Obi\u010dajno se ta snov prodaja kot rastlinska snov. Ne glede na to, da prodajamo izjemen okus k2, je agregat na\u0161ih in\u017eenirskih me\u0161anic skladen z vsemi veljavnimi predpisi. Kupite zeli\u0161\u010dno kadilo na spletu V\u017egete svoja \u010dutila z mo\u010dnim zeli\u0161\u010dnim kadilom K2! Medtem ko drugi prodajajo mrtve me\u0161anice brez imitacije mo\u010di, ko kupite K2 pri nas, na\u0161a kakovost govori sama zase! Prodajamo izjemna zeli\u0161\u010dna kadila in smo edinstveni med trgovci z zeli\u0161\u010di. K2 sprej za prodajo, imenovan tudi K2, sinteti\u010dna marihuana in sprej za sinteti\u010dno plevel, je umetno uli\u010dno pomirjevalo, ki vsebuje na\u010drtovane snovi, razpr\u0161ene na arome. Na papirju teko\u010dina k2. Na spletu lahko kupite K2 Spray in teko\u010de kadilo. Kupite visokokakovosten papir K2 zing in ga dostavite na va\u0161a vrata. Pri\u0161li ste na pravo mesto, \u010de na spletu i\u0161\u010dete najbolj\u0161e K2 lokalne kadilne teko\u010dine in E-teko\u010dine. Ve\u010dino teko\u010dine K2 lokalno jezeno prodamo po najni\u017ejih mo\u017enih cenah, da bi izpolnili zahteve vseh strank v Zdru\u017eenih dr\u017eavah Amerike in po vsem svetu. Druga pomembna aplikacija je ustvarjanje tu\u0161a K2, ki se bo uporabljal lokalno na splo\u0161no. To je nujno potrebno. Proizvedeni kanabinoidi, ki se obi\u010dajno imenujejo &#8220;Okus&#8221; ali &#8220;K2&#8221;, so postali zakoniti v Zdru\u017eenih dr\u017eavah v zgodnjih 2000-ih. Originalni za\u010dimbni papir K2. Prodajamo najbolj\u0161i me\u0161ani papir K2, ki je na voljo na spletu. Kupite ga takoj. Kaj je ustvarjena marihuana (znana tudi kot sinteti\u010dni kanabinoidi, K2 ali za\u010dimba)? Na spletu imamo najbolj\u0161o izbiro lokalnih kadil.<\/p>\n","protected":false},"excerpt":{"rendered":"<div class=\"woocommerce-product-details__short-description\">\n<p>Kupite pr\u0161ilo za kadilo K2, pr\u0161ilo za kadilo brez vonja in barve. 25 ml zadostuje za pr\u0161enje celotnega lista papirja A4. Poleg tega prodajamo papir K2.<\/p>\n<p>k2 sprej za\u010dimb diablo amazon, k2 pr\u0161ilo na debelo, najmo\u010dnej\u0161i k2 pr\u0161ilo za prodajo, legal high k2 pr\u0161ilo za prodajo, k2 pr\u0161ilo za prodajo na spletu v Veliki Britaniji, teko\u010de pr\u0161ilo za kadilo, k2 papir sestavine, k2 listov za\u010dimbnega papirja<\/p>\n<\/p><\/div>\n","protected":false},"featured_media":4783,"comment_status":"open","ping_status":"closed","template":"","meta":[],"product_brand":[],"product_cat":[690],"product_tag":[695,697,694,696,698,700,699,701],"class_list":{"0":"post-4768","1":"product","2":"type-product","3":"status-publish","4":"has-post-thumbnail","6":"product_cat-kupite-papir-k2","7":"product_tag-k2-listovi-zaimbnega-papirja","8":"product_tag-k2-spray-for-sale-online-uk","9":"product_tag-k2-papir-sestavine","10":"product_tag-k2-spray-spray-diablo-amazon","11":"product_tag-legalno-visoko-zaimbno-spray-za-prodaj","12":"product_tag-strongest-k2-spray-for-sale","13":"product_tag-tekoina-spray-kadilo","14":"product_tag-wholesale-k2-spray","16":"first","17":"instock","18":"shipping-taxable","19":"purchasable","20":"product-type-variable","21":"has-default-attributes"},"yoast_head":"<!-- This site is optimized with the Yoast SEO plugin v27.3 - https:\/\/yoast.com\/product\/yoast-seo-wordpress\/ -->\n<title>Kupite K2 pr\u0161ilo za kadilo na spletu \u2013 najbolj\u0161a najbolj\u0161a zdravila na svetu<\/title>\n<meta name=\"description\" content=\"Kupite K2 pr\u0161ilo za kadilo, pr\u0161ilo K2 brez vonja in barve, ki je na voljo za prodajo. Za brizganje celega lista papirja A4 potrebujete 25 ml. Prodamo tudi papir K2.\" \/>\n<meta name=\"robots\" content=\"index, follow, max-snippet:-1, max-image-preview:large, max-video-preview:-1\" \/>\n<link rel=\"canonical\" href=\"https:\/\/medicinasinc.com\/sl\/product\/kupi-k2-sprej-za-kadilo\/\" \/>\n<meta property=\"og:locale\" content=\"en_US\" \/>\n<meta property=\"og:type\" content=\"article\" \/>\n<meta property=\"og:title\" content=\"Kupite K2 pr\u0161ilo za kadilo na spletu \u2013 najbolj\u0161a najbolj\u0161a zdravila na svetu\" \/>\n<meta property=\"og:description\" content=\"Kupite K2 pr\u0161ilo za kadilo, pr\u0161ilo K2 brez vonja in barve, ki je na voljo za prodajo. Za brizganje celega lista papirja A4 potrebujete 25 ml. Prodamo tudi papir K2.\" \/>\n<meta property=\"og:url\" content=\"https:\/\/medicinasinc.com\/sl\/product\/kupi-k2-sprej-za-kadilo\/\" \/>\n<meta property=\"og:site_name\" content=\"Medicinas Inc\" \/>\n<meta property=\"article:modified_time\" content=\"2022-03-19T00:54:11+00:00\" \/>\n<meta property=\"og:image\" content=\"https:\/\/medicinasinc.com\/sl\/wp-content\/uploads\/sites\/7\/2022\/02\/Buy-K2-Incense-Spray.png\" \/>\n\t<meta property=\"og:image:width\" content=\"873\" \/>\n\t<meta property=\"og:image:height\" content=\"433\" \/>\n\t<meta property=\"og:image:type\" content=\"image\/png\" \/>\n<meta name=\"twitter:card\" content=\"summary_large_image\" \/>\n<meta name=\"twitter:label1\" content=\"Est. reading time\" \/>\n\t<meta name=\"twitter:data1\" content=\"3 minutes\" \/>\n<script type=\"application\/ld+json\" class=\"yoast-schema-graph\">{\"@context\":\"https:\\\/\\\/schema.org\",\"@graph\":[{\"@type\":\"WebPage\",\"@id\":\"https:\\\/\\\/medicinasinc.com\\\/sl\\\/product\\\/kupi-k2-sprej-za-kadilo\\\/\",\"url\":\"https:\\\/\\\/medicinasinc.com\\\/sl\\\/product\\\/kupi-k2-sprej-za-kadilo\\\/\",\"name\":\"Kupite K2 pr\u0161ilo za kadilo na spletu \u2013 najbolj\u0161a najbolj\u0161a zdravila na svetu\",\"isPartOf\":{\"@id\":\"https:\\\/\\\/medicinasinc.com\\\/sl\\\/#website\"},\"primaryImageOfPage\":{\"@id\":\"https:\\\/\\\/medicinasinc.com\\\/sl\\\/product\\\/kupi-k2-sprej-za-kadilo\\\/#primaryimage\"},\"image\":{\"@id\":\"https:\\\/\\\/medicinasinc.com\\\/sl\\\/product\\\/kupi-k2-sprej-za-kadilo\\\/#primaryimage\"},\"thumbnailUrl\":\"https:\\\/\\\/medicinasinc.com\\\/sl\\\/wp-content\\\/uploads\\\/sites\\\/7\\\/2022\\\/02\\\/Buy-K2-Incense-Spray.png\",\"datePublished\":\"2022-02-20T15:46:58+00:00\",\"dateModified\":\"2022-03-19T00:54:11+00:00\",\"description\":\"Kupite K2 pr\u0161ilo za kadilo, pr\u0161ilo K2 brez vonja in barve, ki je na voljo za prodajo. Za brizganje celega lista papirja A4 potrebujete 25 ml. Prodamo tudi papir K2.\",\"breadcrumb\":{\"@id\":\"https:\\\/\\\/medicinasinc.com\\\/sl\\\/product\\\/kupi-k2-sprej-za-kadilo\\\/#breadcrumb\"},\"inLanguage\":\"en-US\",\"potentialAction\":[{\"@type\":\"ReadAction\",\"target\":[\"https:\\\/\\\/medicinasinc.com\\\/sl\\\/product\\\/kupi-k2-sprej-za-kadilo\\\/\"]}]},{\"@type\":\"ImageObject\",\"inLanguage\":\"en-US\",\"@id\":\"https:\\\/\\\/medicinasinc.com\\\/sl\\\/product\\\/kupi-k2-sprej-za-kadilo\\\/#primaryimage\",\"url\":\"https:\\\/\\\/medicinasinc.com\\\/sl\\\/wp-content\\\/uploads\\\/sites\\\/7\\\/2022\\\/02\\\/Buy-K2-Incense-Spray.png\",\"contentUrl\":\"https:\\\/\\\/medicinasinc.com\\\/sl\\\/wp-content\\\/uploads\\\/sites\\\/7\\\/2022\\\/02\\\/Buy-K2-Incense-Spray.png\",\"width\":873,\"height\":433},{\"@type\":\"BreadcrumbList\",\"@id\":\"https:\\\/\\\/medicinasinc.com\\\/sl\\\/product\\\/kupi-k2-sprej-za-kadilo\\\/#breadcrumb\",\"itemListElement\":[{\"@type\":\"ListItem\",\"position\":1,\"name\":\"Nakupujte\",\"item\":\"https:\\\/\\\/medicinasinc.com\\\/sl\\\/nakupujte\\\/\"},{\"@type\":\"ListItem\",\"position\":2,\"name\":\"Kupite pr\u0161ilo za kadilo K2\"}]},{\"@type\":\"WebSite\",\"@id\":\"https:\\\/\\\/medicinasinc.com\\\/sl\\\/#website\",\"url\":\"https:\\\/\\\/medicinasinc.com\\\/sl\\\/\",\"name\":\"Medicinas Inc\",\"description\":\"Health Medical Clinic\",\"potentialAction\":[{\"@type\":\"SearchAction\",\"target\":{\"@type\":\"EntryPoint\",\"urlTemplate\":\"https:\\\/\\\/medicinasinc.com\\\/sl\\\/?s={search_term_string}\"},\"query-input\":{\"@type\":\"PropertyValueSpecification\",\"valueRequired\":true,\"valueName\":\"search_term_string\"}}],\"inLanguage\":\"en-US\"}]}<\/script>\n<!-- \/ Yoast SEO plugin. -->","yoast_head_json":{"title":"Kupite K2 pr\u0161ilo za kadilo na spletu \u2013 najbolj\u0161a najbolj\u0161a zdravila na svetu","description":"Kupite K2 pr\u0161ilo za kadilo, pr\u0161ilo K2 brez vonja in barve, ki je na voljo za prodajo. Za brizganje celega lista papirja A4 potrebujete 25 ml. Prodamo tudi papir K2.","robots":{"index":"index","follow":"follow","max-snippet":"max-snippet:-1","max-image-preview":"max-image-preview:large","max-video-preview":"max-video-preview:-1"},"canonical":"https:\/\/medicinasinc.com\/sl\/product\/kupi-k2-sprej-za-kadilo\/","og_locale":"en_US","og_type":"article","og_title":"Kupite K2 pr\u0161ilo za kadilo na spletu \u2013 najbolj\u0161a najbolj\u0161a zdravila na svetu","og_description":"Kupite K2 pr\u0161ilo za kadilo, pr\u0161ilo K2 brez vonja in barve, ki je na voljo za prodajo. Za brizganje celega lista papirja A4 potrebujete 25 ml. Prodamo tudi papir K2.","og_url":"https:\/\/medicinasinc.com\/sl\/product\/kupi-k2-sprej-za-kadilo\/","og_site_name":"Medicinas Inc","article_modified_time":"2022-03-19T00:54:11+00:00","og_image":[{"width":873,"height":433,"url":"https:\/\/medicinasinc.com\/sl\/wp-content\/uploads\/sites\/7\/2022\/02\/Buy-K2-Incense-Spray.png","type":"image\/png"}],"twitter_card":"summary_large_image","twitter_misc":{"Est. reading time":"3 minutes"},"schema":{"@context":"https:\/\/schema.org","@graph":[{"@type":"WebPage","@id":"https:\/\/medicinasinc.com\/sl\/product\/kupi-k2-sprej-za-kadilo\/","url":"https:\/\/medicinasinc.com\/sl\/product\/kupi-k2-sprej-za-kadilo\/","name":"Kupite K2 pr\u0161ilo za kadilo na spletu \u2013 najbolj\u0161a najbolj\u0161a zdravila na svetu","isPartOf":{"@id":"https:\/\/medicinasinc.com\/sl\/#website"},"primaryImageOfPage":{"@id":"https:\/\/medicinasinc.com\/sl\/product\/kupi-k2-sprej-za-kadilo\/#primaryimage"},"image":{"@id":"https:\/\/medicinasinc.com\/sl\/product\/kupi-k2-sprej-za-kadilo\/#primaryimage"},"thumbnailUrl":"https:\/\/medicinasinc.com\/sl\/wp-content\/uploads\/sites\/7\/2022\/02\/Buy-K2-Incense-Spray.png","datePublished":"2022-02-20T15:46:58+00:00","dateModified":"2022-03-19T00:54:11+00:00","description":"Kupite K2 pr\u0161ilo za kadilo, pr\u0161ilo K2 brez vonja in barve, ki je na voljo za prodajo. Za brizganje celega lista papirja A4 potrebujete 25 ml. Prodamo tudi papir K2.","breadcrumb":{"@id":"https:\/\/medicinasinc.com\/sl\/product\/kupi-k2-sprej-za-kadilo\/#breadcrumb"},"inLanguage":"en-US","potentialAction":[{"@type":"ReadAction","target":["https:\/\/medicinasinc.com\/sl\/product\/kupi-k2-sprej-za-kadilo\/"]}]},{"@type":"ImageObject","inLanguage":"en-US","@id":"https:\/\/medicinasinc.com\/sl\/product\/kupi-k2-sprej-za-kadilo\/#primaryimage","url":"https:\/\/medicinasinc.com\/sl\/wp-content\/uploads\/sites\/7\/2022\/02\/Buy-K2-Incense-Spray.png","contentUrl":"https:\/\/medicinasinc.com\/sl\/wp-content\/uploads\/sites\/7\/2022\/02\/Buy-K2-Incense-Spray.png","width":873,"height":433},{"@type":"BreadcrumbList","@id":"https:\/\/medicinasinc.com\/sl\/product\/kupi-k2-sprej-za-kadilo\/#breadcrumb","itemListElement":[{"@type":"ListItem","position":1,"name":"Nakupujte","item":"https:\/\/medicinasinc.com\/sl\/nakupujte\/"},{"@type":"ListItem","position":2,"name":"Kupite pr\u0161ilo za kadilo K2"}]},{"@type":"WebSite","@id":"https:\/\/medicinasinc.com\/sl\/#website","url":"https:\/\/medicinasinc.com\/sl\/","name":"Medicinas Inc","description":"Health Medical Clinic","potentialAction":[{"@type":"SearchAction","target":{"@type":"EntryPoint","urlTemplate":"https:\/\/medicinasinc.com\/sl\/?s={search_term_string}"},"query-input":{"@type":"PropertyValueSpecification","valueRequired":true,"valueName":"search_term_string"}}],"inLanguage":"en-US"}]}},"_links":{"self":[{"href":"https:\/\/medicinasinc.com\/sl\/wp-json\/wp\/v2\/product\/4768","targetHints":{"allow":["GET"]}}],"collection":[{"href":"https:\/\/medicinasinc.com\/sl\/wp-json\/wp\/v2\/product"}],"about":[{"href":"https:\/\/medicinasinc.com\/sl\/wp-json\/wp\/v2\/types\/product"}],"replies":[{"embeddable":true,"href":"https:\/\/medicinasinc.com\/sl\/wp-json\/wp\/v2\/comments?post=4768"}],"wp:featuredmedia":[{"embeddable":true,"href":"https:\/\/medicinasinc.com\/sl\/wp-json\/wp\/v2\/media\/4783"}],"wp:attachment":[{"href":"https:\/\/medicinasinc.com\/sl\/wp-json\/wp\/v2\/media?parent=4768"}],"wp:term":[{"taxonomy":"product_brand","embeddable":true,"href":"https:\/\/medicinasinc.com\/sl\/wp-json\/wp\/v2\/product_brand?post=4768"},{"taxonomy":"product_cat","embeddable":true,"href":"https:\/\/medicinasinc.com\/sl\/wp-json\/wp\/v2\/product_cat?post=4768"},{"taxonomy":"product_tag","embeddable":true,"href":"https:\/\/medicinasinc.com\/sl\/wp-json\/wp\/v2\/product_tag?post=4768"}],"curies":[{"name":"wp","href":"https:\/\/api.w.org\/{rel}","templated":true}]}}