{"id":4767,"date":"2022-02-20T15:46:01","date_gmt":"2022-02-20T15:46:01","guid":{"rendered":"https:\/\/medicinasinc.com\/sl\/?post_type=product&#038;p=4767"},"modified":"2022-03-19T00:54:24","modified_gmt":"2022-03-19T00:54:24","slug":"kupi-k2-papir","status":"publish","type":"product","link":"https:\/\/medicinasinc.com\/sl\/product\/kupi-k2-papir\/","title":{"rendered":"Kupite papir K2"},"content":{"rendered":"<p>Pridobite nizkocenovne liste papirja K2, dostavljene neposredno na va\u0161a vrata.<\/p>\n<p>Sinteti\u010dna marihuana hitro pridobiva na priljubljenosti med potro\u0161niki marihuane. K2 infused papir je me\u0161anica zdrobljenih rastlinskih materialov in sinteti\u010dnih kemikalij s psihedeli\u010dnimi lastnostmi. Glede na raziskave se kemikalije ve\u017eejo na iste receptorje \u017eiv\u010dnih celic v mo\u017eganih kot THC, kar povzro\u010da ob\u010dutke dobrega po\u010dutja, spro\u0161\u010denosti, spremenjenega zaznavanja in psihoze. \u010ce i\u0161\u010dete ugledno spletno trgovino za nakup visokokakovostnega izdelka, ne i\u0161\u010dite dlje od na\u0161e ugledne spletne trgovine. Da bi zagotovili varnost na\u0161ih strank, zaloge pridobivamo pri uglednih proizvajalcih. Poskusite nam; zagotavljamo, da ne boste razo\u010darani.<\/p>\n<p>Kanabinoidi so kemi\u010dne spojine, ki jih naravno najdemo v rastlinah marihuane in slu\u017eijo kot osnova za razli\u010dne sinteti\u010dne droge. Kemi\u010dno je papir iz sinteti\u010dnega plevela K2 povezan z aktivno sestavino marihuane. U\u010dinki so intenzivnej\u0161i in ob zaklju\u010dku seje se lahko po\u010dutite spro\u0161\u010deno in povi\u0161ano. Ker se vse ve\u010d ljudi zaveda resni\u010dnih koristi marihuane, se ta izdelek uporablja kot varna alternativa za razli\u010dne medicinske in rekreacijske namene. Vendar pa morate biti previdni, saj lahko prekomerno u\u017eivanje povzro\u010di ne\u017eelene stranske u\u010dinke, kot so anksioznost, halucinacije, hipertenzija, bole\u010dine v prsnem ko\u0161u, kratka sapa, epilepti\u010dni napadi in bruhanje. Nekateri za\u010dimbni izdelki K2 na trgu lahko vsebujejo tudi strupene sestavine. Zato je klju\u010dnega pomena, da kupujete pri uglednem prodajalcu.<\/p>\n<p>Ali \u017eelite kupiti zeli\u0161\u010dne izdelke najvi\u0161je kakovosti? Z globalno bazo strank vam nudimo odli\u010dno prilo\u017enost za spletni nakup papirja K2 po konkuren\u010dnih cenah. Poleg najve\u010dje izbire nudimo varne na\u010dine pla\u010dila in diskretno po\u0161iljanje. Ni vam treba obiskati bli\u017enjih trgovin ali po\u010divali\u0161\u010d. Cilj podjetja je nenehno izbolj\u0161evanje kakovosti izdelkov in storitev za stranke, da bi ostali pred konkurenco. Na\u0161a prva prednostna naloga je va\u0161e zadovoljstvo, na voljo pa imamo izku\u0161eno ekipo, ki se lahko spopade s kakr\u0161nimi koli te\u017eavami. Prosimo, ne oklevajte in nas kontaktirajte, \u010de imate kakr\u0161na koli vpra\u0161anja ali pomisleke.<\/p>\n","protected":false},"excerpt":{"rendered":"<div class=\"woocommerce-product-details__short-description\">\n<p>Vsak list A4 je prepojen s\u00a0<em><strong>25 ml=0,845351 teko\u010dih oz<\/strong><\/em>\u00a0teko\u010dine K2. Prodam <strong>Papir brez vonja in barve<\/strong>\u00a0K2. <strong>Prodamo tudi K2 Spray<\/strong><\/p>\n<\/p><\/div>\n","protected":false},"featured_media":4781,"comment_status":"open","ping_status":"closed","template":"","meta":[],"product_brand":[],"product_cat":[690],"product_tag":[691,693,692],"class_list":{"0":"post-4767","1":"product","2":"type-product","3":"status-publish","4":"has-post-thumbnail","6":"product_cat-kupite-papir-k2","7":"product_tag-kupi-k2-papir-online-uk","8":"product_tag-kupi-k2-list-papirja","9":"product_tag-kupi-k2-papir","11":"first","12":"instock","13":"shipping-taxable","14":"purchasable","15":"product-type-variable","16":"has-default-attributes"},"yoast_head":"<!-- This site is optimized with the Yoast SEO plugin v27.3 - https:\/\/yoast.com\/product\/yoast-seo-wordpress\/ -->\n<title>Kupite papir K2 na spletu - Best Best Global Meds<\/title>\n<meta name=\"description\" content=\"Kupite papir K2 na spletu po ugodnih cenah Vsak list A4 je prepojen s 25 ml=0,845351 teko\u010de oz teko\u010dine K2. Prodam papir K2 brez vonja in barve. Prodamo tudi K2 Spray\" \/>\n<meta name=\"robots\" content=\"index, follow, max-snippet:-1, max-image-preview:large, max-video-preview:-1\" \/>\n<link rel=\"canonical\" href=\"https:\/\/medicinasinc.com\/sl\/product\/kupi-k2-papir\/\" \/>\n<meta property=\"og:locale\" content=\"en_US\" \/>\n<meta property=\"og:type\" content=\"article\" \/>\n<meta property=\"og:title\" content=\"Kupite papir K2 na spletu - Best Best Global Meds\" \/>\n<meta property=\"og:description\" content=\"Kupite papir K2 na spletu po ugodnih cenah Vsak list A4 je prepojen s 25 ml=0,845351 teko\u010de oz teko\u010dine K2. Prodam papir K2 brez vonja in barve. Prodamo tudi K2 Spray\" \/>\n<meta property=\"og:url\" content=\"https:\/\/medicinasinc.com\/sl\/product\/kupi-k2-papir\/\" \/>\n<meta property=\"og:site_name\" content=\"Medicinas Inc\" \/>\n<meta property=\"article:modified_time\" content=\"2022-03-19T00:54:24+00:00\" \/>\n<meta property=\"og:image\" content=\"https:\/\/medicinasinc.com\/sl\/wp-content\/uploads\/sites\/7\/2022\/02\/Buy-K2-paper-online.jpg\" \/>\n\t<meta property=\"og:image:width\" content=\"600\" \/>\n\t<meta property=\"og:image:height\" content=\"600\" \/>\n\t<meta property=\"og:image:type\" content=\"image\/jpeg\" \/>\n<meta name=\"twitter:card\" content=\"summary_large_image\" \/>\n<meta name=\"twitter:label1\" content=\"Est. reading time\" \/>\n\t<meta name=\"twitter:data1\" content=\"2 minutes\" \/>\n<script type=\"application\/ld+json\" class=\"yoast-schema-graph\">{\"@context\":\"https:\\\/\\\/schema.org\",\"@graph\":[{\"@type\":\"WebPage\",\"@id\":\"https:\\\/\\\/medicinasinc.com\\\/sl\\\/product\\\/kupi-k2-papir\\\/\",\"url\":\"https:\\\/\\\/medicinasinc.com\\\/sl\\\/product\\\/kupi-k2-papir\\\/\",\"name\":\"Kupite papir K2 na spletu - Best Best Global Meds\",\"isPartOf\":{\"@id\":\"https:\\\/\\\/medicinasinc.com\\\/sl\\\/#website\"},\"primaryImageOfPage\":{\"@id\":\"https:\\\/\\\/medicinasinc.com\\\/sl\\\/product\\\/kupi-k2-papir\\\/#primaryimage\"},\"image\":{\"@id\":\"https:\\\/\\\/medicinasinc.com\\\/sl\\\/product\\\/kupi-k2-papir\\\/#primaryimage\"},\"thumbnailUrl\":\"https:\\\/\\\/medicinasinc.com\\\/sl\\\/wp-content\\\/uploads\\\/sites\\\/7\\\/2022\\\/02\\\/Buy-K2-paper-online.jpg\",\"datePublished\":\"2022-02-20T15:46:01+00:00\",\"dateModified\":\"2022-03-19T00:54:24+00:00\",\"description\":\"Kupite papir K2 na spletu po ugodnih cenah Vsak list A4 je prepojen s 25 ml=0,845351 teko\u010de oz teko\u010dine K2. Prodam papir K2 brez vonja in barve. Prodamo tudi K2 Spray\",\"breadcrumb\":{\"@id\":\"https:\\\/\\\/medicinasinc.com\\\/sl\\\/product\\\/kupi-k2-papir\\\/#breadcrumb\"},\"inLanguage\":\"en-US\",\"potentialAction\":[{\"@type\":\"ReadAction\",\"target\":[\"https:\\\/\\\/medicinasinc.com\\\/sl\\\/product\\\/kupi-k2-papir\\\/\"]}]},{\"@type\":\"ImageObject\",\"inLanguage\":\"en-US\",\"@id\":\"https:\\\/\\\/medicinasinc.com\\\/sl\\\/product\\\/kupi-k2-papir\\\/#primaryimage\",\"url\":\"https:\\\/\\\/medicinasinc.com\\\/sl\\\/wp-content\\\/uploads\\\/sites\\\/7\\\/2022\\\/02\\\/Buy-K2-paper-online.jpg\",\"contentUrl\":\"https:\\\/\\\/medicinasinc.com\\\/sl\\\/wp-content\\\/uploads\\\/sites\\\/7\\\/2022\\\/02\\\/Buy-K2-paper-online.jpg\",\"width\":600,\"height\":600},{\"@type\":\"BreadcrumbList\",\"@id\":\"https:\\\/\\\/medicinasinc.com\\\/sl\\\/product\\\/kupi-k2-papir\\\/#breadcrumb\",\"itemListElement\":[{\"@type\":\"ListItem\",\"position\":1,\"name\":\"Nakupujte\",\"item\":\"https:\\\/\\\/medicinasinc.com\\\/sl\\\/nakupujte\\\/\"},{\"@type\":\"ListItem\",\"position\":2,\"name\":\"Kupite papir K2\"}]},{\"@type\":\"WebSite\",\"@id\":\"https:\\\/\\\/medicinasinc.com\\\/sl\\\/#website\",\"url\":\"https:\\\/\\\/medicinasinc.com\\\/sl\\\/\",\"name\":\"Medicinas Inc\",\"description\":\"Health Medical Clinic\",\"potentialAction\":[{\"@type\":\"SearchAction\",\"target\":{\"@type\":\"EntryPoint\",\"urlTemplate\":\"https:\\\/\\\/medicinasinc.com\\\/sl\\\/?s={search_term_string}\"},\"query-input\":{\"@type\":\"PropertyValueSpecification\",\"valueRequired\":true,\"valueName\":\"search_term_string\"}}],\"inLanguage\":\"en-US\"}]}<\/script>\n<!-- \/ Yoast SEO plugin. -->","yoast_head_json":{"title":"Kupite papir K2 na spletu - Best Best Global Meds","description":"Kupite papir K2 na spletu po ugodnih cenah Vsak list A4 je prepojen s 25 ml=0,845351 teko\u010de oz teko\u010dine K2. Prodam papir K2 brez vonja in barve. Prodamo tudi K2 Spray","robots":{"index":"index","follow":"follow","max-snippet":"max-snippet:-1","max-image-preview":"max-image-preview:large","max-video-preview":"max-video-preview:-1"},"canonical":"https:\/\/medicinasinc.com\/sl\/product\/kupi-k2-papir\/","og_locale":"en_US","og_type":"article","og_title":"Kupite papir K2 na spletu - Best Best Global Meds","og_description":"Kupite papir K2 na spletu po ugodnih cenah Vsak list A4 je prepojen s 25 ml=0,845351 teko\u010de oz teko\u010dine K2. Prodam papir K2 brez vonja in barve. Prodamo tudi K2 Spray","og_url":"https:\/\/medicinasinc.com\/sl\/product\/kupi-k2-papir\/","og_site_name":"Medicinas Inc","article_modified_time":"2022-03-19T00:54:24+00:00","og_image":[{"width":600,"height":600,"url":"https:\/\/medicinasinc.com\/sl\/wp-content\/uploads\/sites\/7\/2022\/02\/Buy-K2-paper-online.jpg","type":"image\/jpeg"}],"twitter_card":"summary_large_image","twitter_misc":{"Est. reading time":"2 minutes"},"schema":{"@context":"https:\/\/schema.org","@graph":[{"@type":"WebPage","@id":"https:\/\/medicinasinc.com\/sl\/product\/kupi-k2-papir\/","url":"https:\/\/medicinasinc.com\/sl\/product\/kupi-k2-papir\/","name":"Kupite papir K2 na spletu - Best Best Global Meds","isPartOf":{"@id":"https:\/\/medicinasinc.com\/sl\/#website"},"primaryImageOfPage":{"@id":"https:\/\/medicinasinc.com\/sl\/product\/kupi-k2-papir\/#primaryimage"},"image":{"@id":"https:\/\/medicinasinc.com\/sl\/product\/kupi-k2-papir\/#primaryimage"},"thumbnailUrl":"https:\/\/medicinasinc.com\/sl\/wp-content\/uploads\/sites\/7\/2022\/02\/Buy-K2-paper-online.jpg","datePublished":"2022-02-20T15:46:01+00:00","dateModified":"2022-03-19T00:54:24+00:00","description":"Kupite papir K2 na spletu po ugodnih cenah Vsak list A4 je prepojen s 25 ml=0,845351 teko\u010de oz teko\u010dine K2. Prodam papir K2 brez vonja in barve. Prodamo tudi K2 Spray","breadcrumb":{"@id":"https:\/\/medicinasinc.com\/sl\/product\/kupi-k2-papir\/#breadcrumb"},"inLanguage":"en-US","potentialAction":[{"@type":"ReadAction","target":["https:\/\/medicinasinc.com\/sl\/product\/kupi-k2-papir\/"]}]},{"@type":"ImageObject","inLanguage":"en-US","@id":"https:\/\/medicinasinc.com\/sl\/product\/kupi-k2-papir\/#primaryimage","url":"https:\/\/medicinasinc.com\/sl\/wp-content\/uploads\/sites\/7\/2022\/02\/Buy-K2-paper-online.jpg","contentUrl":"https:\/\/medicinasinc.com\/sl\/wp-content\/uploads\/sites\/7\/2022\/02\/Buy-K2-paper-online.jpg","width":600,"height":600},{"@type":"BreadcrumbList","@id":"https:\/\/medicinasinc.com\/sl\/product\/kupi-k2-papir\/#breadcrumb","itemListElement":[{"@type":"ListItem","position":1,"name":"Nakupujte","item":"https:\/\/medicinasinc.com\/sl\/nakupujte\/"},{"@type":"ListItem","position":2,"name":"Kupite papir K2"}]},{"@type":"WebSite","@id":"https:\/\/medicinasinc.com\/sl\/#website","url":"https:\/\/medicinasinc.com\/sl\/","name":"Medicinas Inc","description":"Health Medical Clinic","potentialAction":[{"@type":"SearchAction","target":{"@type":"EntryPoint","urlTemplate":"https:\/\/medicinasinc.com\/sl\/?s={search_term_string}"},"query-input":{"@type":"PropertyValueSpecification","valueRequired":true,"valueName":"search_term_string"}}],"inLanguage":"en-US"}]}},"_links":{"self":[{"href":"https:\/\/medicinasinc.com\/sl\/wp-json\/wp\/v2\/product\/4767","targetHints":{"allow":["GET"]}}],"collection":[{"href":"https:\/\/medicinasinc.com\/sl\/wp-json\/wp\/v2\/product"}],"about":[{"href":"https:\/\/medicinasinc.com\/sl\/wp-json\/wp\/v2\/types\/product"}],"replies":[{"embeddable":true,"href":"https:\/\/medicinasinc.com\/sl\/wp-json\/wp\/v2\/comments?post=4767"}],"wp:featuredmedia":[{"embeddable":true,"href":"https:\/\/medicinasinc.com\/sl\/wp-json\/wp\/v2\/media\/4781"}],"wp:attachment":[{"href":"https:\/\/medicinasinc.com\/sl\/wp-json\/wp\/v2\/media?parent=4767"}],"wp:term":[{"taxonomy":"product_brand","embeddable":true,"href":"https:\/\/medicinasinc.com\/sl\/wp-json\/wp\/v2\/product_brand?post=4767"},{"taxonomy":"product_cat","embeddable":true,"href":"https:\/\/medicinasinc.com\/sl\/wp-json\/wp\/v2\/product_cat?post=4767"},{"taxonomy":"product_tag","embeddable":true,"href":"https:\/\/medicinasinc.com\/sl\/wp-json\/wp\/v2\/product_tag?post=4767"}],"curies":[{"name":"wp","href":"https:\/\/api.w.org\/{rel}","templated":true}]}}