{"id":4761,"date":"2022-02-20T15:41:01","date_gmt":"2022-02-20T15:41:01","guid":{"rendered":"https:\/\/medicinasinc.com\/sl\/?post_type=product&#038;p=4761"},"modified":"2022-03-19T00:56:53","modified_gmt":"2022-03-19T00:56:53","slug":"kupi-kislo-dizel-cbd-konopljino-cvetje-online","status":"publish","type":"product","link":"https:\/\/medicinasinc.com\/sl\/product\/kupi-kislo-dizel-cbd-konopljino-cvetje-online\/","title":{"rendered":"Kupite Sour Diesel CBD konopljin cvet na spletu"},"content":{"rendered":"<div class=\"woocommerce-tabs wc-tabs-wrapper\">\n<div id=\"tab-description\" class=\"woocommerce-Tabs-panel woocommerce-Tabs-panel--description panel entry-content wc-tab\" role=\"tabpanel\" aria-labelledby=\"tab-title-description\">\n<p>Sour Diesel je legendarna sorta, ki izvira iz dveh klasikov. Zdru\u017euje premo\u010dno grenkobo bencina s \u0161\u010demenjem kislih citrusov. Ikoni\u010dna zeli\u0161\u010da je zaradi svoje vrhunske genetike in izrazitih u\u010dinkov ustvarila \u0161tevilne seve, zaradi \u010desar je priljubljena med kmeti, ki \u017eelijo gojiti naslednjo veliko stvar industrije konoplje.<\/p>\n<p>Sev Sour Diesel je hitro delujo\u010d. in zelo mo\u010dan, ki zagotavlja u\u010dinke, ki lahko preplavijo va\u0161 sistem z bistvenimi prednostmi seva sativa. To je mo\u017enost mo\u010dne budnosti, ki se ustavlja, zbuja in dviguje telo, ki lahko spodbuja energijo, produktivnost, motivacijo in ustvarjalnost.<\/p>\n<p>&nbsp;<\/p>\n<p>Zgodovina razvoja. Sour Diesel<\/p>\n<p>Sour Diesel pogosto velja za enega najpomembnej\u0161ih sevov konoplje, ki so na voljo. Vsak poznavalec konoplje vam bo povedal, da je kislo dizelsko gorivo obvezno poskusiti vsi, ki trdijo, da cenijo prednosti zeli\u0161\u010d. Ve\u010dinoma priljubljenost seva izvira iz ugleda njegovih star\u0161ev \u2013 Chemdog 91 in Super Skunk. Te legende o konoplji so povzdignile sloves seva Sour Diesel na nove vi\u0161ine in ga obdarile z neprimerljivo genetiko, ki je privedla do tega, da so potomci seva postali uspeh konoplje, kakr\u0161en je danes.<\/p>\n<p>Chemdog 91 je skrivnostna sorta, za katero se domneva, da je ta vrsta konoplje uspe\u0161na. so se na trgu pojavile leta 1991. Neidentificirana sorta oddaja ostro, skunkovito aromo, prepleteno z ostrimi notami bencina. Te zna\u010dilnosti so izrazite pri zeli\u0161\u010du Sour Diesel, s profilom okusa, ki je zelo podoben sevu Chemdog 91.<\/p>\n<p>Po drugi strani je Super Skunk sev, imenovan iz o\u010ditnih razlogov. Ultra-skunky kultivar proizvaja di\u0161avo (ali vonj, odvisno od va\u0161e stopnje tolerance), ki bo va\u0161e vohalne \u010dute pregnala iz parka. Kljub \u017ealjivi aromi seva prina\u0161a \u010dudovito presenetljivo, ob\u010dutljivo sladkost, ki prevle\u010de jezik v medu podobno dobroto.<\/p>\n<p>&nbsp;<\/p>\n<p>Estetika in aroma<\/p>\n<p>Va\u0161i prvi vtisi o sevu Sour Diesel so morda osupljivi. Navsezadnje je le del\u010dek zelene barve, drugi zelenkasti odtenki pa se \u0161irijo po notranjosti in ustvarjajo enobarvno paleto travnatih odtenkov. Jagodno blond dlake prepletajo liste na zunanji strani in ustvarjajo mre\u017eo rumenih vitic, ki so posute z ledeno prevleko sladkastih trihomov. Poleg tega o sorti ni treba omeniti le malo. Kar pa mu manjka v barvi, nadomesti s svojim vonjem.<\/p>\n<p>Ker imata oba star\u0161a izredno ostre di\u0161ave, ni presenetljivo, da ima Sour Diesel tako nenavadno aromo. Nenavadno di\u0161e\u010d sev napade va\u0161e vohalne receptorje kot tovorni vlak. Nekateri uporabniki trdijo, da so \u017ealjivi in \u200b\u200bprepri\u010dljivi, saj trdijo, da zaznajo ostre note sira, ki se me\u0161ajo z bencinom na vrhu skunkove arome, da ustvarijo izku\u0161njo s konopljo, ki si jo zapomnimo.<\/p>\n<p>&nbsp;<\/p>\n<p>Izku\u0161nje in posledice<\/p>\n<p>Za za\u010detek, Sour Diesel ni \u0161ala, ko gre za okus. Dim seva vsebuje izjemno mo\u010dan okus, ki zlahka prevzame novince in uporabnike z nizko toleranco. Zato menite, da je to po\u0161teno opozorilo \u2013 Sour Diesel vam bo zajebal drek, za\u010den\u0161i z njegovim okusom. Preprosto povedano, sev proizvaja okus, ki je skoraj enak njegovemu vonju. To je velika koli\u010dina skunka v kombinaciji z mo\u010dnimi udarci bencina.<\/p>\n<p>Med nepremagljivimi plimskimi valovi ostrega okusa valovi kislih citrusov zlomijo skunka. Ne\u017ene note dodajo izku\u0161nji dovolj u\u017eitka in jo spremenijo v resni\u010dno dinami\u010dno in zanimivo sre\u010danje okusov.<\/p>\n<p>Drugi vidik, ki prispeva k privla\u010dnosti Sour Diesel, je njegov takoj\u0161en u\u010dinek. U\u010dinki se za\u010dnejo v nekaj minutah po vdihu in zagotavljajo visoko lete\u010de u\u010dinke sative, ki spodbujajo \u010dute in prebudi svojo mo\u010d. Na ve\u010d na\u010dinov bi lahko rekli, da vam sev pomaga premagati va\u0161e zavore, zaradi \u010desar se po\u010dutite bolj drzne, drzne in samozavestne.<\/p>\n<p>Sev Sour Diesel, ki je sposoben ubla\u017eiti fizi\u010dne in kognitivne nelagodje, va\u0161emu sistemu napolni sistem s sevom Sour Diesel. dodatno energijo, ki vam daje mo\u010d in motivacijo, da prebrodite celodnevno delo in obveznosti. Vendar pa opozorilo \u2013 Sour Diesel ni za \u0161ibke. Preden zau\u017eijete to po\u0161astno sorto, se prepri\u010dajte, da imate toleranco za mo\u010dne u\u010dinke sative in mo\u010dan okus.<\/p>\n<p>&nbsp;<\/p>\n<p>Sajenje in predelava<\/p>\n<p> \u010ceprav je sev Sour Diesel zmerno te\u017eaven za pridelovalce za\u010detnike, je zaradi svoje edinstvene genetike odli\u010dna izbira za tiste, ki i\u0161\u010dejo mo\u010dne u\u010dinke z minimalnim naporom. Sevi z bolj specializiranimi rasto\u010dimi zahtevami so obi\u010dajno veliko bolj primerni za ekstrakcijo, kar daje mo\u010dnej\u0161e koncentrate polnega spektra za visokokakovostne izdelke iz konoplje. Tako se Sour Diesel kljub zmerni te\u017eavnosti izpla\u010da z vrhunsko konopljo, ki je idealna za razli\u010dne postopke po \u017eetvi.<\/p>\n<p>V pribli\u017eno 11 tednih, dajte ali vzemite teden, Sour Diesel cveti. Zmeren pridelek je omejen na 3 un\u010de na \u010develj vi\u0161ine rastline. Najve\u010d bo va\u0161e zeli\u0161\u010de doseglo vi\u0161ino ve\u010d kot 7 \u010devljev, zaradi \u010desar bo nekoliko vi\u0161je od ve\u010dine drugih sort.<\/p>\n<p>Zaradi prostorskih zahtev rastlin je lahko gojenje na prostem idealno, \u0161e posebej, \u010de ste &#8216; delati z omejenim prostorom. Vendar pa so razmere v zaprtih prostorih lahko ugodne za Sour Diesel, \u010de je zagotovljena ustrezna toplota, svetloba in nizka vla\u017enost. Z dodajanjem hranil, bogatih s fosforjem, proti koncu rastne dobe rastline in prenehanjem zalivanja pribli\u017eno tri dni pred spravilom pridelka, bi morali dose\u010di razjedljiv, oster vonj in gosto plast trihoma za odli\u010den izlet.<\/p>\n<p>&nbsp;<\/p>\n<p>Za koga je namenjen?<\/p>\n<p>Zaradi intenzivnega okusa in po\u0161astnih u\u010dinkov kislega dizla vsi ne bodo u\u017eivali v izku\u0161nji, ki jo ponuja. Uporabniki in za\u010detniki z nizko toleranco so lahko navdu\u0161eni ne le nad neverjetnim okusom, ampak tudi z izjemnimi u\u010dinki, ki lahko pri nekaterih povzro\u010dijo tesnobo in vznemirjenost.<\/p>\n<p>Kljub temu Sour Diesel ostaja legendarna sorta za veterane in puriste. ki cenijo mo\u010dno konopljo. Tistim z ve\u010d izku\u0161njami lahko brne\u010de ob\u010dutek pretoka energije brez primere, ki te\u010de skozi njihov sistem, zagotovi mo\u010d, motivacijo in miselnost, ki so potrebni za dokon\u010danje vsakodnevnih obveznosti \u2013 in \u0161e ve\u010d.<\/p>\n<\/p><\/div><\/div>\n<section class=\"sorodni izdelki\">\n<h2><\/h2>\n<\/section>\n<div class=\"product-next-previous\">\n<div class=\"product-prev\"><\/div><\/div>\n","protected":false},"excerpt":{"rendered":"<div class=\"woocommerce-product-details__short-description\">\n<p>Kupite cvet Sour Diesel CBD za prodajo v Zdru\u017eenem kraljestvu, Evropa je po\u017eivljajo\u010da sorta, v kateri prevladuje sativa, ki vam bo pomagala ostati osredoto\u010dena, produktivna in uravnote\u017eena dan.<\/p>\n<\/p><\/div>\n","protected":false},"featured_media":4775,"comment_status":"open","ping_status":"closed","template":"","meta":[],"product_brand":[],"product_cat":[689],"product_tag":[],"class_list":{"0":"post-4761","1":"product","2":"type-product","3":"status-publish","4":"has-post-thumbnail","6":"product_cat-kupite-konopljin-cvet","8":"first","9":"instock","10":"shipping-taxable","11":"purchasable","12":"product-type-variable","13":"has-default-attributes"},"yoast_head":"<!-- This site is optimized with the Yoast SEO plugin v27.3 - https:\/\/yoast.com\/product\/yoast-seo-wordpress\/ -->\n<title>Kupite Sour Diesel CBD konopljin cvet na spletu \u2013 najbolj\u0161a najbolj\u0161a zdravila na svetu<\/title>\n<meta name=\"description\" content=\"Kupite Sour Diesel CBD Flower UK, Europe je po\u017eivljajo\u010da sorta, v kateri prevladuje sativa, ki vam bo pomagal ostati osredoto\u010den, produktiven in uravnote\u017een skozi ves dan.\" \/>\n<meta name=\"robots\" content=\"index, follow, max-snippet:-1, max-image-preview:large, max-video-preview:-1\" \/>\n<link rel=\"canonical\" href=\"https:\/\/medicinasinc.com\/sl\/product\/kupi-kislo-dizel-cbd-konopljino-cvetje-online\/\" \/>\n<meta property=\"og:locale\" content=\"en_US\" \/>\n<meta property=\"og:type\" content=\"article\" \/>\n<meta property=\"og:title\" content=\"Kupite Sour Diesel CBD konopljin cvet na spletu \u2013 najbolj\u0161a najbolj\u0161a zdravila na svetu\" \/>\n<meta property=\"og:description\" content=\"Kupite Sour Diesel CBD Flower UK, Europe je po\u017eivljajo\u010da sorta, v kateri prevladuje sativa, ki vam bo pomagal ostati osredoto\u010den, produktiven in uravnote\u017een skozi ves dan.\" \/>\n<meta property=\"og:url\" content=\"https:\/\/medicinasinc.com\/sl\/product\/kupi-kislo-dizel-cbd-konopljino-cvetje-online\/\" \/>\n<meta property=\"og:site_name\" content=\"Medicinas Inc\" \/>\n<meta property=\"article:modified_time\" content=\"2022-03-19T00:56:53+00:00\" \/>\n<meta property=\"og:image\" content=\"https:\/\/medicinasinc.com\/sl\/wp-content\/uploads\/sites\/7\/2022\/02\/Buy-Sour-Diesel-CBD-Hemp-Flower-Online.jpg\" \/>\n\t<meta property=\"og:image:width\" content=\"600\" \/>\n\t<meta property=\"og:image:height\" content=\"600\" \/>\n\t<meta property=\"og:image:type\" content=\"image\/jpeg\" \/>\n<meta name=\"twitter:card\" content=\"summary_large_image\" \/>\n<meta name=\"twitter:label1\" content=\"Est. reading time\" \/>\n\t<meta name=\"twitter:data1\" content=\"5 minutes\" \/>\n<script type=\"application\/ld+json\" class=\"yoast-schema-graph\">{\"@context\":\"https:\\\/\\\/schema.org\",\"@graph\":[{\"@type\":\"WebPage\",\"@id\":\"https:\\\/\\\/medicinasinc.com\\\/sl\\\/product\\\/kupi-kislo-dizel-cbd-konopljino-cvetje-online\\\/\",\"url\":\"https:\\\/\\\/medicinasinc.com\\\/sl\\\/product\\\/kupi-kislo-dizel-cbd-konopljino-cvetje-online\\\/\",\"name\":\"Kupite Sour Diesel CBD konopljin cvet na spletu \u2013 najbolj\u0161a najbolj\u0161a zdravila na svetu\",\"isPartOf\":{\"@id\":\"https:\\\/\\\/medicinasinc.com\\\/sl\\\/#website\"},\"primaryImageOfPage\":{\"@id\":\"https:\\\/\\\/medicinasinc.com\\\/sl\\\/product\\\/kupi-kislo-dizel-cbd-konopljino-cvetje-online\\\/#primaryimage\"},\"image\":{\"@id\":\"https:\\\/\\\/medicinasinc.com\\\/sl\\\/product\\\/kupi-kislo-dizel-cbd-konopljino-cvetje-online\\\/#primaryimage\"},\"thumbnailUrl\":\"https:\\\/\\\/medicinasinc.com\\\/sl\\\/wp-content\\\/uploads\\\/sites\\\/7\\\/2022\\\/02\\\/Buy-Sour-Diesel-CBD-Hemp-Flower-Online.jpg\",\"datePublished\":\"2022-02-20T15:41:01+00:00\",\"dateModified\":\"2022-03-19T00:56:53+00:00\",\"description\":\"Kupite Sour Diesel CBD Flower UK, Europe je po\u017eivljajo\u010da sorta, v kateri prevladuje sativa, ki vam bo pomagal ostati osredoto\u010den, produktiven in uravnote\u017een skozi ves dan.\",\"breadcrumb\":{\"@id\":\"https:\\\/\\\/medicinasinc.com\\\/sl\\\/product\\\/kupi-kislo-dizel-cbd-konopljino-cvetje-online\\\/#breadcrumb\"},\"inLanguage\":\"en-US\",\"potentialAction\":[{\"@type\":\"ReadAction\",\"target\":[\"https:\\\/\\\/medicinasinc.com\\\/sl\\\/product\\\/kupi-kislo-dizel-cbd-konopljino-cvetje-online\\\/\"]}]},{\"@type\":\"ImageObject\",\"inLanguage\":\"en-US\",\"@id\":\"https:\\\/\\\/medicinasinc.com\\\/sl\\\/product\\\/kupi-kislo-dizel-cbd-konopljino-cvetje-online\\\/#primaryimage\",\"url\":\"https:\\\/\\\/medicinasinc.com\\\/sl\\\/wp-content\\\/uploads\\\/sites\\\/7\\\/2022\\\/02\\\/Buy-Sour-Diesel-CBD-Hemp-Flower-Online.jpg\",\"contentUrl\":\"https:\\\/\\\/medicinasinc.com\\\/sl\\\/wp-content\\\/uploads\\\/sites\\\/7\\\/2022\\\/02\\\/Buy-Sour-Diesel-CBD-Hemp-Flower-Online.jpg\",\"width\":600,\"height\":600},{\"@type\":\"BreadcrumbList\",\"@id\":\"https:\\\/\\\/medicinasinc.com\\\/sl\\\/product\\\/kupi-kislo-dizel-cbd-konopljino-cvetje-online\\\/#breadcrumb\",\"itemListElement\":[{\"@type\":\"ListItem\",\"position\":1,\"name\":\"Nakupujte\",\"item\":\"https:\\\/\\\/medicinasinc.com\\\/sl\\\/nakupujte\\\/\"},{\"@type\":\"ListItem\",\"position\":2,\"name\":\"Kupite Sour Diesel CBD konopljin cvet na spletu\"}]},{\"@type\":\"WebSite\",\"@id\":\"https:\\\/\\\/medicinasinc.com\\\/sl\\\/#website\",\"url\":\"https:\\\/\\\/medicinasinc.com\\\/sl\\\/\",\"name\":\"Medicinas Inc\",\"description\":\"Health Medical Clinic\",\"potentialAction\":[{\"@type\":\"SearchAction\",\"target\":{\"@type\":\"EntryPoint\",\"urlTemplate\":\"https:\\\/\\\/medicinasinc.com\\\/sl\\\/?s={search_term_string}\"},\"query-input\":{\"@type\":\"PropertyValueSpecification\",\"valueRequired\":true,\"valueName\":\"search_term_string\"}}],\"inLanguage\":\"en-US\"}]}<\/script>\n<!-- \/ Yoast SEO plugin. -->","yoast_head_json":{"title":"Kupite Sour Diesel CBD konopljin cvet na spletu \u2013 najbolj\u0161a najbolj\u0161a zdravila na svetu","description":"Kupite Sour Diesel CBD Flower UK, Europe je po\u017eivljajo\u010da sorta, v kateri prevladuje sativa, ki vam bo pomagal ostati osredoto\u010den, produktiven in uravnote\u017een skozi ves dan.","robots":{"index":"index","follow":"follow","max-snippet":"max-snippet:-1","max-image-preview":"max-image-preview:large","max-video-preview":"max-video-preview:-1"},"canonical":"https:\/\/medicinasinc.com\/sl\/product\/kupi-kislo-dizel-cbd-konopljino-cvetje-online\/","og_locale":"en_US","og_type":"article","og_title":"Kupite Sour Diesel CBD konopljin cvet na spletu \u2013 najbolj\u0161a najbolj\u0161a zdravila na svetu","og_description":"Kupite Sour Diesel CBD Flower UK, Europe je po\u017eivljajo\u010da sorta, v kateri prevladuje sativa, ki vam bo pomagal ostati osredoto\u010den, produktiven in uravnote\u017een skozi ves dan.","og_url":"https:\/\/medicinasinc.com\/sl\/product\/kupi-kislo-dizel-cbd-konopljino-cvetje-online\/","og_site_name":"Medicinas Inc","article_modified_time":"2022-03-19T00:56:53+00:00","og_image":[{"width":600,"height":600,"url":"https:\/\/medicinasinc.com\/sl\/wp-content\/uploads\/sites\/7\/2022\/02\/Buy-Sour-Diesel-CBD-Hemp-Flower-Online.jpg","type":"image\/jpeg"}],"twitter_card":"summary_large_image","twitter_misc":{"Est. reading time":"5 minutes"},"schema":{"@context":"https:\/\/schema.org","@graph":[{"@type":"WebPage","@id":"https:\/\/medicinasinc.com\/sl\/product\/kupi-kislo-dizel-cbd-konopljino-cvetje-online\/","url":"https:\/\/medicinasinc.com\/sl\/product\/kupi-kislo-dizel-cbd-konopljino-cvetje-online\/","name":"Kupite Sour Diesel CBD konopljin cvet na spletu \u2013 najbolj\u0161a najbolj\u0161a zdravila na svetu","isPartOf":{"@id":"https:\/\/medicinasinc.com\/sl\/#website"},"primaryImageOfPage":{"@id":"https:\/\/medicinasinc.com\/sl\/product\/kupi-kislo-dizel-cbd-konopljino-cvetje-online\/#primaryimage"},"image":{"@id":"https:\/\/medicinasinc.com\/sl\/product\/kupi-kislo-dizel-cbd-konopljino-cvetje-online\/#primaryimage"},"thumbnailUrl":"https:\/\/medicinasinc.com\/sl\/wp-content\/uploads\/sites\/7\/2022\/02\/Buy-Sour-Diesel-CBD-Hemp-Flower-Online.jpg","datePublished":"2022-02-20T15:41:01+00:00","dateModified":"2022-03-19T00:56:53+00:00","description":"Kupite Sour Diesel CBD Flower UK, Europe je po\u017eivljajo\u010da sorta, v kateri prevladuje sativa, ki vam bo pomagal ostati osredoto\u010den, produktiven in uravnote\u017een skozi ves dan.","breadcrumb":{"@id":"https:\/\/medicinasinc.com\/sl\/product\/kupi-kislo-dizel-cbd-konopljino-cvetje-online\/#breadcrumb"},"inLanguage":"en-US","potentialAction":[{"@type":"ReadAction","target":["https:\/\/medicinasinc.com\/sl\/product\/kupi-kislo-dizel-cbd-konopljino-cvetje-online\/"]}]},{"@type":"ImageObject","inLanguage":"en-US","@id":"https:\/\/medicinasinc.com\/sl\/product\/kupi-kislo-dizel-cbd-konopljino-cvetje-online\/#primaryimage","url":"https:\/\/medicinasinc.com\/sl\/wp-content\/uploads\/sites\/7\/2022\/02\/Buy-Sour-Diesel-CBD-Hemp-Flower-Online.jpg","contentUrl":"https:\/\/medicinasinc.com\/sl\/wp-content\/uploads\/sites\/7\/2022\/02\/Buy-Sour-Diesel-CBD-Hemp-Flower-Online.jpg","width":600,"height":600},{"@type":"BreadcrumbList","@id":"https:\/\/medicinasinc.com\/sl\/product\/kupi-kislo-dizel-cbd-konopljino-cvetje-online\/#breadcrumb","itemListElement":[{"@type":"ListItem","position":1,"name":"Nakupujte","item":"https:\/\/medicinasinc.com\/sl\/nakupujte\/"},{"@type":"ListItem","position":2,"name":"Kupite Sour Diesel CBD konopljin cvet na spletu"}]},{"@type":"WebSite","@id":"https:\/\/medicinasinc.com\/sl\/#website","url":"https:\/\/medicinasinc.com\/sl\/","name":"Medicinas Inc","description":"Health Medical Clinic","potentialAction":[{"@type":"SearchAction","target":{"@type":"EntryPoint","urlTemplate":"https:\/\/medicinasinc.com\/sl\/?s={search_term_string}"},"query-input":{"@type":"PropertyValueSpecification","valueRequired":true,"valueName":"search_term_string"}}],"inLanguage":"en-US"}]}},"_links":{"self":[{"href":"https:\/\/medicinasinc.com\/sl\/wp-json\/wp\/v2\/product\/4761","targetHints":{"allow":["GET"]}}],"collection":[{"href":"https:\/\/medicinasinc.com\/sl\/wp-json\/wp\/v2\/product"}],"about":[{"href":"https:\/\/medicinasinc.com\/sl\/wp-json\/wp\/v2\/types\/product"}],"replies":[{"embeddable":true,"href":"https:\/\/medicinasinc.com\/sl\/wp-json\/wp\/v2\/comments?post=4761"}],"wp:featuredmedia":[{"embeddable":true,"href":"https:\/\/medicinasinc.com\/sl\/wp-json\/wp\/v2\/media\/4775"}],"wp:attachment":[{"href":"https:\/\/medicinasinc.com\/sl\/wp-json\/wp\/v2\/media?parent=4761"}],"wp:term":[{"taxonomy":"product_brand","embeddable":true,"href":"https:\/\/medicinasinc.com\/sl\/wp-json\/wp\/v2\/product_brand?post=4761"},{"taxonomy":"product_cat","embeddable":true,"href":"https:\/\/medicinasinc.com\/sl\/wp-json\/wp\/v2\/product_cat?post=4761"},{"taxonomy":"product_tag","embeddable":true,"href":"https:\/\/medicinasinc.com\/sl\/wp-json\/wp\/v2\/product_tag?post=4761"}],"curies":[{"name":"wp","href":"https:\/\/api.w.org\/{rel}","templated":true}]}}