{"id":4759,"date":"2022-02-20T15:39:59","date_gmt":"2022-02-20T15:39:59","guid":{"rendered":"https:\/\/medicinasinc.com\/sl\/?post_type=product&#038;p=4759"},"modified":"2022-03-19T00:57:30","modified_gmt":"2022-03-19T00:57:30","slug":"kupi-suzy-q-cbd-konopljin-cvet","status":"publish","type":"product","link":"https:\/\/medicinasinc.com\/sl\/product\/kupi-suzy-q-cbd-konopljin-cvet\/","title":{"rendered":"Kupite cvet konoplje Suzy Q CBD"},"content":{"rendered":"<p>Suzy Q je srednje gosta, olivno zelena sorta s temnimi jantarnimi dla\u010dicami. Priporo\u010dljivo je za ljubitelje konoplje, ki i\u0161\u010dejo bister in po\u017eivljajo\u010d u\u010dinek. Za robusten okus te sorte so zna\u010dilne lesne note in pridih za\u010dimb. Suzy Q je dobro znana po svoji sladki, zemeljski aromi in terpenskem profilu borovih, pikantnih terpenov.<\/p>\n<p>Enakomerno uravnote\u017een hibrid vsebuje 50 % sative (bolj stimulativna sorta) in 50 % indica (bolj spro\u0161\u010dujo\u010de). sev), kar ima za posledico sinergijski u\u010dinek. Zaradi relativno visoke vsebnosti CBD-ja je odli\u010dna izbira za tiste, ki i\u0161\u010dejo pomirjujo\u010do izku\u0161njo. Na splo\u0161no velja za enega najbolj pomirjujo\u010dih sevov, ki so na voljo.<\/p>\n<p>Suzy Q vsebuje visoko koncentracijo CBD-ja in le sled THC-ja, kar je precej pod zakonsko mejo za konopljo. To razmerje pomeni, da bi morali pri\u010dakovati rahlo vznemirljivo izku\u0161njo.<\/p>\n<p>Zagotavljanje kakovosti konopljinega cvetja od kmetije do prodaje<\/p>\n<p>Cvetove konoplje Suzy Q gojijo na slikoviti kmetiji 100 hektarjev v severna Kalifornija. Idili\u010dno podnebje v severni Kaliforniji ustvarja iluzijo neskon\u010dnega poletja, ti suhi, svetli dnevi pa povzro\u010dijo mo\u010dne pridelke \u010dudovitih cvetov brez plesni ali pepelaste plesni.<\/p>\n<p>Na\u0161a kmetija je certificirana ekolo\u0161ka, \u200b\u200bkar pomeni, da ni kemikalij. se uporabljajo gnojila ali pesticidi. Zelo skrbimo za ustrezno permakulturo \u2013 gojenje samozadostnega in samozadostnega kmetijskega ekosistema. Eden od na\u010dinov, kako to naredimo, je s prehranjevanjem s krmo, ki korenine prisili, da si bolj prizadevajo za spodbujanje zdravega okolja v tleh, ki spodbuja rast rastlin.<\/p>\n<p>Ko na\u0161e rastline konoplje dose\u017eejo svoj polni potencial, jih obesijo na glavo. posu\u0161iti, nato posu\u0161iti in ro\u010dno obrezati. Konoplja je izjemno ob\u010dutljiva rastlina. Tudi manj\u0161e napake med gojenjem ali obiranjem lahko hitro poslab\u0161ajo kakovost brstov. Zahtevamo popolno preglednost in kontrolo kakovosti&#8230;in tudi vi bi morali. Od cvetov konoplje se ne zahteva ni\u010d manj.<\/p>\n<p>Na\u0161 cvet konoplje CBD je bil podvr\u017een neodvisnemu testiranju<\/p>\n<p>Vsak pridelek je testiran na \u010distost in mo\u010d pri DEA registrirani, ISO 17025 akreditirani, AHCA -akreditiran neodvisni laboratorij in CLIA akreditiran. Celotno testiranje preu\u010duje naslednje:<\/p>\n<p>CBD, THC in drugih kanabinoidov.<br \/> Kovine lurd (svinec, \u017eivo srebro, arzen, kadmij).<br \/> Bakterije, kot so E. coli, pa tudi drugi patogeni<br \/> Kontaminanti, kot so mikotoksini.<\/p>\n<p>Vsako naro\u010dilo je opremljeno s potrdilom o analizi, ki zagotavlja, da vedno natan\u010dno veste, kaj dobite, ko kupite cvet polmeseca .<\/p>\n","protected":false},"excerpt":{"rendered":"<p>Suzy Q CBD konopljin cvet polnega spektra konopljin cvet &#8211; Kupite Suzy Q CBD konopljin cvet polnega spektra. Suzy Q je sev z visoko vsebnostjo CBD in nizkim THC-jem z okusom borovine, ki pomaga pri zdravljenju simptomov, medtem ko povzro\u010da le malo ali ni\u010d evforije.<\/p>\n<p>Suzy Q je sev z visoko vsebnostjo CBD-ja in nizko vsebnostjo THC-ja in z njo ne povzro\u010da evforije. okus borovine, ki pomaga pri zdravljenju simptomov z malo ali brez psihoaktivnega u\u010dinka. To je odli\u010den sev, ki ga lahko dodate dru\u017eini CBD.<br \/> Cbd: 15%\u201317%<\/p>\n<p>0,2 odstotka thc<\/p>\n","protected":false},"featured_media":4773,"comment_status":"open","ping_status":"closed","template":"","meta":[],"product_brand":[],"product_cat":[689],"product_tag":[],"class_list":{"0":"post-4759","1":"product","2":"type-product","3":"status-publish","4":"has-post-thumbnail","6":"product_cat-kupite-konopljin-cvet","8":"first","9":"instock","10":"shipping-taxable","11":"purchasable","12":"product-type-variable","13":"has-default-attributes"},"yoast_head":"<!-- This site is optimized with the Yoast SEO plugin v27.3 - https:\/\/yoast.com\/product\/yoast-seo-wordpress\/ -->\n<title>Kupite Suzy Q CBD konopljin cvet - najbolj\u0161a najbolj\u0161a zdravila na svetu<\/title>\n<meta name=\"description\" content=\"Kupite Suzy Q CBD konopljin cvet polnega spektra. Suzy Q je sorta z visoko vsebnostjo CBD-ja in nizko vsebnostjo THC-ja z okusom po borovcih, ki pomaga pri zdravljenju simptomov z malo ali brez evfori\u010dnosti.\" \/>\n<meta name=\"robots\" content=\"index, follow, max-snippet:-1, max-image-preview:large, max-video-preview:-1\" \/>\n<link rel=\"canonical\" href=\"https:\/\/medicinasinc.com\/sl\/product\/kupi-suzy-q-cbd-konopljin-cvet\/\" \/>\n<meta property=\"og:locale\" content=\"en_US\" \/>\n<meta property=\"og:type\" content=\"article\" \/>\n<meta property=\"og:title\" content=\"Kupite Suzy Q CBD konopljin cvet - najbolj\u0161a najbolj\u0161a zdravila na svetu\" \/>\n<meta property=\"og:description\" content=\"Kupite Suzy Q CBD konopljin cvet polnega spektra. Suzy Q je sorta z visoko vsebnostjo CBD-ja in nizko vsebnostjo THC-ja z okusom po borovcih, ki pomaga pri zdravljenju simptomov z malo ali brez evfori\u010dnosti.\" \/>\n<meta property=\"og:url\" content=\"https:\/\/medicinasinc.com\/sl\/product\/kupi-suzy-q-cbd-konopljin-cvet\/\" \/>\n<meta property=\"og:site_name\" content=\"Medicinas Inc\" \/>\n<meta property=\"article:modified_time\" content=\"2022-03-19T00:57:30+00:00\" \/>\n<meta property=\"og:image\" content=\"https:\/\/medicinasinc.com\/sl\/wp-content\/uploads\/sites\/7\/2022\/02\/Buy-Suzy-Q-CBD-Hemp-Flower-Online.jpg\" \/>\n\t<meta property=\"og:image:width\" content=\"600\" \/>\n\t<meta property=\"og:image:height\" content=\"600\" \/>\n\t<meta property=\"og:image:type\" content=\"image\/jpeg\" \/>\n<meta name=\"twitter:card\" content=\"summary_large_image\" \/>\n<meta name=\"twitter:label1\" content=\"Est. reading time\" \/>\n\t<meta name=\"twitter:data1\" content=\"2 minutes\" \/>\n<script type=\"application\/ld+json\" class=\"yoast-schema-graph\">{\"@context\":\"https:\\\/\\\/schema.org\",\"@graph\":[{\"@type\":\"WebPage\",\"@id\":\"https:\\\/\\\/medicinasinc.com\\\/sl\\\/product\\\/kupi-suzy-q-cbd-konopljin-cvet\\\/\",\"url\":\"https:\\\/\\\/medicinasinc.com\\\/sl\\\/product\\\/kupi-suzy-q-cbd-konopljin-cvet\\\/\",\"name\":\"Kupite Suzy Q CBD konopljin cvet - najbolj\u0161a najbolj\u0161a zdravila na svetu\",\"isPartOf\":{\"@id\":\"https:\\\/\\\/medicinasinc.com\\\/sl\\\/#website\"},\"primaryImageOfPage\":{\"@id\":\"https:\\\/\\\/medicinasinc.com\\\/sl\\\/product\\\/kupi-suzy-q-cbd-konopljin-cvet\\\/#primaryimage\"},\"image\":{\"@id\":\"https:\\\/\\\/medicinasinc.com\\\/sl\\\/product\\\/kupi-suzy-q-cbd-konopljin-cvet\\\/#primaryimage\"},\"thumbnailUrl\":\"https:\\\/\\\/medicinasinc.com\\\/sl\\\/wp-content\\\/uploads\\\/sites\\\/7\\\/2022\\\/02\\\/Buy-Suzy-Q-CBD-Hemp-Flower-Online.jpg\",\"datePublished\":\"2022-02-20T15:39:59+00:00\",\"dateModified\":\"2022-03-19T00:57:30+00:00\",\"description\":\"Kupite Suzy Q CBD konopljin cvet polnega spektra. Suzy Q je sorta z visoko vsebnostjo CBD-ja in nizko vsebnostjo THC-ja z okusom po borovcih, ki pomaga pri zdravljenju simptomov z malo ali brez evfori\u010dnosti.\",\"breadcrumb\":{\"@id\":\"https:\\\/\\\/medicinasinc.com\\\/sl\\\/product\\\/kupi-suzy-q-cbd-konopljin-cvet\\\/#breadcrumb\"},\"inLanguage\":\"en-US\",\"potentialAction\":[{\"@type\":\"ReadAction\",\"target\":[\"https:\\\/\\\/medicinasinc.com\\\/sl\\\/product\\\/kupi-suzy-q-cbd-konopljin-cvet\\\/\"]}]},{\"@type\":\"ImageObject\",\"inLanguage\":\"en-US\",\"@id\":\"https:\\\/\\\/medicinasinc.com\\\/sl\\\/product\\\/kupi-suzy-q-cbd-konopljin-cvet\\\/#primaryimage\",\"url\":\"https:\\\/\\\/medicinasinc.com\\\/sl\\\/wp-content\\\/uploads\\\/sites\\\/7\\\/2022\\\/02\\\/Buy-Suzy-Q-CBD-Hemp-Flower-Online.jpg\",\"contentUrl\":\"https:\\\/\\\/medicinasinc.com\\\/sl\\\/wp-content\\\/uploads\\\/sites\\\/7\\\/2022\\\/02\\\/Buy-Suzy-Q-CBD-Hemp-Flower-Online.jpg\",\"width\":600,\"height\":600},{\"@type\":\"BreadcrumbList\",\"@id\":\"https:\\\/\\\/medicinasinc.com\\\/sl\\\/product\\\/kupi-suzy-q-cbd-konopljin-cvet\\\/#breadcrumb\",\"itemListElement\":[{\"@type\":\"ListItem\",\"position\":1,\"name\":\"Nakupujte\",\"item\":\"https:\\\/\\\/medicinasinc.com\\\/sl\\\/nakupujte\\\/\"},{\"@type\":\"ListItem\",\"position\":2,\"name\":\"Kupite cvet konoplje Suzy Q CBD\"}]},{\"@type\":\"WebSite\",\"@id\":\"https:\\\/\\\/medicinasinc.com\\\/sl\\\/#website\",\"url\":\"https:\\\/\\\/medicinasinc.com\\\/sl\\\/\",\"name\":\"Medicinas Inc\",\"description\":\"Health Medical Clinic\",\"potentialAction\":[{\"@type\":\"SearchAction\",\"target\":{\"@type\":\"EntryPoint\",\"urlTemplate\":\"https:\\\/\\\/medicinasinc.com\\\/sl\\\/?s={search_term_string}\"},\"query-input\":{\"@type\":\"PropertyValueSpecification\",\"valueRequired\":true,\"valueName\":\"search_term_string\"}}],\"inLanguage\":\"en-US\"}]}<\/script>\n<!-- \/ Yoast SEO plugin. -->","yoast_head_json":{"title":"Kupite Suzy Q CBD konopljin cvet - najbolj\u0161a najbolj\u0161a zdravila na svetu","description":"Kupite Suzy Q CBD konopljin cvet polnega spektra. Suzy Q je sorta z visoko vsebnostjo CBD-ja in nizko vsebnostjo THC-ja z okusom po borovcih, ki pomaga pri zdravljenju simptomov z malo ali brez evfori\u010dnosti.","robots":{"index":"index","follow":"follow","max-snippet":"max-snippet:-1","max-image-preview":"max-image-preview:large","max-video-preview":"max-video-preview:-1"},"canonical":"https:\/\/medicinasinc.com\/sl\/product\/kupi-suzy-q-cbd-konopljin-cvet\/","og_locale":"en_US","og_type":"article","og_title":"Kupite Suzy Q CBD konopljin cvet - najbolj\u0161a najbolj\u0161a zdravila na svetu","og_description":"Kupite Suzy Q CBD konopljin cvet polnega spektra. Suzy Q je sorta z visoko vsebnostjo CBD-ja in nizko vsebnostjo THC-ja z okusom po borovcih, ki pomaga pri zdravljenju simptomov z malo ali brez evfori\u010dnosti.","og_url":"https:\/\/medicinasinc.com\/sl\/product\/kupi-suzy-q-cbd-konopljin-cvet\/","og_site_name":"Medicinas Inc","article_modified_time":"2022-03-19T00:57:30+00:00","og_image":[{"width":600,"height":600,"url":"https:\/\/medicinasinc.com\/sl\/wp-content\/uploads\/sites\/7\/2022\/02\/Buy-Suzy-Q-CBD-Hemp-Flower-Online.jpg","type":"image\/jpeg"}],"twitter_card":"summary_large_image","twitter_misc":{"Est. reading time":"2 minutes"},"schema":{"@context":"https:\/\/schema.org","@graph":[{"@type":"WebPage","@id":"https:\/\/medicinasinc.com\/sl\/product\/kupi-suzy-q-cbd-konopljin-cvet\/","url":"https:\/\/medicinasinc.com\/sl\/product\/kupi-suzy-q-cbd-konopljin-cvet\/","name":"Kupite Suzy Q CBD konopljin cvet - najbolj\u0161a najbolj\u0161a zdravila na svetu","isPartOf":{"@id":"https:\/\/medicinasinc.com\/sl\/#website"},"primaryImageOfPage":{"@id":"https:\/\/medicinasinc.com\/sl\/product\/kupi-suzy-q-cbd-konopljin-cvet\/#primaryimage"},"image":{"@id":"https:\/\/medicinasinc.com\/sl\/product\/kupi-suzy-q-cbd-konopljin-cvet\/#primaryimage"},"thumbnailUrl":"https:\/\/medicinasinc.com\/sl\/wp-content\/uploads\/sites\/7\/2022\/02\/Buy-Suzy-Q-CBD-Hemp-Flower-Online.jpg","datePublished":"2022-02-20T15:39:59+00:00","dateModified":"2022-03-19T00:57:30+00:00","description":"Kupite Suzy Q CBD konopljin cvet polnega spektra. Suzy Q je sorta z visoko vsebnostjo CBD-ja in nizko vsebnostjo THC-ja z okusom po borovcih, ki pomaga pri zdravljenju simptomov z malo ali brez evfori\u010dnosti.","breadcrumb":{"@id":"https:\/\/medicinasinc.com\/sl\/product\/kupi-suzy-q-cbd-konopljin-cvet\/#breadcrumb"},"inLanguage":"en-US","potentialAction":[{"@type":"ReadAction","target":["https:\/\/medicinasinc.com\/sl\/product\/kupi-suzy-q-cbd-konopljin-cvet\/"]}]},{"@type":"ImageObject","inLanguage":"en-US","@id":"https:\/\/medicinasinc.com\/sl\/product\/kupi-suzy-q-cbd-konopljin-cvet\/#primaryimage","url":"https:\/\/medicinasinc.com\/sl\/wp-content\/uploads\/sites\/7\/2022\/02\/Buy-Suzy-Q-CBD-Hemp-Flower-Online.jpg","contentUrl":"https:\/\/medicinasinc.com\/sl\/wp-content\/uploads\/sites\/7\/2022\/02\/Buy-Suzy-Q-CBD-Hemp-Flower-Online.jpg","width":600,"height":600},{"@type":"BreadcrumbList","@id":"https:\/\/medicinasinc.com\/sl\/product\/kupi-suzy-q-cbd-konopljin-cvet\/#breadcrumb","itemListElement":[{"@type":"ListItem","position":1,"name":"Nakupujte","item":"https:\/\/medicinasinc.com\/sl\/nakupujte\/"},{"@type":"ListItem","position":2,"name":"Kupite cvet konoplje Suzy Q CBD"}]},{"@type":"WebSite","@id":"https:\/\/medicinasinc.com\/sl\/#website","url":"https:\/\/medicinasinc.com\/sl\/","name":"Medicinas Inc","description":"Health Medical Clinic","potentialAction":[{"@type":"SearchAction","target":{"@type":"EntryPoint","urlTemplate":"https:\/\/medicinasinc.com\/sl\/?s={search_term_string}"},"query-input":{"@type":"PropertyValueSpecification","valueRequired":true,"valueName":"search_term_string"}}],"inLanguage":"en-US"}]}},"_links":{"self":[{"href":"https:\/\/medicinasinc.com\/sl\/wp-json\/wp\/v2\/product\/4759","targetHints":{"allow":["GET"]}}],"collection":[{"href":"https:\/\/medicinasinc.com\/sl\/wp-json\/wp\/v2\/product"}],"about":[{"href":"https:\/\/medicinasinc.com\/sl\/wp-json\/wp\/v2\/types\/product"}],"replies":[{"embeddable":true,"href":"https:\/\/medicinasinc.com\/sl\/wp-json\/wp\/v2\/comments?post=4759"}],"wp:featuredmedia":[{"embeddable":true,"href":"https:\/\/medicinasinc.com\/sl\/wp-json\/wp\/v2\/media\/4773"}],"wp:attachment":[{"href":"https:\/\/medicinasinc.com\/sl\/wp-json\/wp\/v2\/media?parent=4759"}],"wp:term":[{"taxonomy":"product_brand","embeddable":true,"href":"https:\/\/medicinasinc.com\/sl\/wp-json\/wp\/v2\/product_brand?post=4759"},{"taxonomy":"product_cat","embeddable":true,"href":"https:\/\/medicinasinc.com\/sl\/wp-json\/wp\/v2\/product_cat?post=4759"},{"taxonomy":"product_tag","embeddable":true,"href":"https:\/\/medicinasinc.com\/sl\/wp-json\/wp\/v2\/product_tag?post=4759"}],"curies":[{"name":"wp","href":"https:\/\/api.w.org\/{rel}","templated":true}]}}