{"id":4748,"date":"2022-02-20T15:30:50","date_gmt":"2022-02-20T15:30:50","guid":{"rendered":"https:\/\/medicinasinc.com\/sl\/?post_type=product&#038;p=4748"},"modified":"2022-03-19T00:58:11","modified_gmt":"2022-03-19T00:58:11","slug":"kupi-havajski-bor-konopljin-cvet","status":"publish","type":"product","link":"https:\/\/medicinasinc.com\/sl\/product\/kupi-havajski-bor-konopljin-cvet\/","title":{"rendered":"Kupite cvet konoplje havajskega bora"},"content":{"rendered":"<div class=\"woocommerce-tabs wc-tabs-wrapper\">\n<div id=\"tab-description\" class=\"woocommerce-Tabs-panel woocommerce-Tabs-panel--description panel entry-content wc-tab\" role=\"tabpanel\" aria-labelledby=\"tab-title-description\">\n<p>Cvet konoplje s CBD havajskega bora<\/p>\n<p>Sev konopljinega cveta havajskega bora vsebuje manj kot 0,2 % Delta 9 THC, kar je zakonska meja THC-ja in \u010de ga zau\u017eijete v zmernih koli\u010dinah, vam ne bo padla na testu za droge, vendar ne dajemo nikakr\u0161nih jamstev.<\/p>\n<p>Pri Bud Chasers dajemo prednost kakovosti in varnosti, zato vsak od njih daje prednost kakovosti in varnosti. serijo cvetov CBD pred distribucijo testira in odobri Ministrstvo za kmetijstvo.<\/p>\n<p>Zdravila, bogata s CBD, lahko pomagajo pri vnetju in epilepti\u010dnih napadih, vendar imajo malo psihoaktivnih u\u010dinkov. Zaradi visoke vsebnosti odpornega alkohola priporo\u010damo, da ga polo\u017eite v stranski del ust (ob licu) in dr\u017eite 30-60 sekund. Tinkturo lahko razred\u010dite v soku ali \u010daju, vendar bo trajalo dlje, da za\u010dne u\u010dinkovati.<\/p>\n<p>CBD konopljin cvet iz havajskega bora je zdaj na voljo.<\/p>\n<p>Kupite konopljin cvet Hawaiian bora CBD iz konoplje. Trenutno na spletu; poleg tega lahko tukaj naro\u010dite in opravite takoj\u0161en nakup.<\/p>\n<p>CBD cvet iz havajskega bora<\/p>\n<\/p><\/div><\/div>\n","protected":false},"excerpt":{"rendered":"<div class=\"woocommerce-product-details__short-description\">\n<p>Kupite cvet CBD konoplje iz havajskega bora na spletu na bestglobalmeds.com. Nakupujte razli\u010dne izdelke, povezane z marihuano, in \u0161e ve\u010d. Dostava je brezpla\u010dna.<\/p>\n<p>Nudimo vrhunsko Hawaiian Pine CBD Konopljin cvet za medicinske ali rekreacijske namene.<\/p>\n<\/p><\/div>\n","protected":false},"featured_media":4760,"comment_status":"open","ping_status":"closed","template":"","meta":[],"product_brand":[],"product_cat":[689],"product_tag":[],"class_list":{"0":"post-4748","1":"product","2":"type-product","3":"status-publish","4":"has-post-thumbnail","6":"product_cat-kupite-konopljin-cvet","8":"first","9":"instock","10":"shipping-taxable","11":"purchasable","12":"product-type-variable","13":"has-default-attributes"},"yoast_head":"<!-- This site is optimized with the Yoast SEO plugin v27.3 - https:\/\/yoast.com\/product\/yoast-seo-wordpress\/ -->\n<title>Kupite cvet konoplje havajskega bora \u2013 najbolj\u0161a najbolj\u0161a zdravila na svetu<\/title>\n<meta name=\"description\" content=\"Kupite cvet konoplje havajskega bora CBD (1 funt) na spletu na bestglobalmeds.com. Nakupujte za \u0161irok izbor izdelkov iz marihuane in \u0161e ve\u010d. Brezpla\u010dna dostava.\" \/>\n<meta name=\"robots\" content=\"index, follow, max-snippet:-1, max-image-preview:large, max-video-preview:-1\" \/>\n<link rel=\"canonical\" href=\"https:\/\/medicinasinc.com\/sl\/product\/kupi-havajski-bor-konopljin-cvet\/\" \/>\n<meta property=\"og:locale\" content=\"en_US\" \/>\n<meta property=\"og:type\" content=\"article\" \/>\n<meta property=\"og:title\" content=\"Kupite cvet konoplje havajskega bora \u2013 najbolj\u0161a najbolj\u0161a zdravila na svetu\" \/>\n<meta property=\"og:description\" content=\"Kupite cvet konoplje havajskega bora CBD (1 funt) na spletu na bestglobalmeds.com. Nakupujte za \u0161irok izbor izdelkov iz marihuane in \u0161e ve\u010d. Brezpla\u010dna dostava.\" \/>\n<meta property=\"og:url\" content=\"https:\/\/medicinasinc.com\/sl\/product\/kupi-havajski-bor-konopljin-cvet\/\" \/>\n<meta property=\"og:site_name\" content=\"Medicinas Inc\" \/>\n<meta property=\"article:modified_time\" content=\"2022-03-19T00:58:11+00:00\" \/>\n<meta property=\"og:image\" content=\"https:\/\/medicinasinc.com\/sl\/wp-content\/uploads\/sites\/7\/2022\/02\/Buy-Hawaiian-Pine-Hemp-Flower-Onlin.jpg\" \/>\n\t<meta property=\"og:image:width\" content=\"600\" \/>\n\t<meta property=\"og:image:height\" content=\"600\" \/>\n\t<meta property=\"og:image:type\" content=\"image\/jpeg\" \/>\n<meta name=\"twitter:card\" content=\"summary_large_image\" \/>\n<meta name=\"twitter:label1\" content=\"Est. reading time\" \/>\n\t<meta name=\"twitter:data1\" content=\"1 minute\" \/>\n<script type=\"application\/ld+json\" class=\"yoast-schema-graph\">{\"@context\":\"https:\\\/\\\/schema.org\",\"@graph\":[{\"@type\":\"WebPage\",\"@id\":\"https:\\\/\\\/medicinasinc.com\\\/sl\\\/product\\\/kupi-havajski-bor-konopljin-cvet\\\/\",\"url\":\"https:\\\/\\\/medicinasinc.com\\\/sl\\\/product\\\/kupi-havajski-bor-konopljin-cvet\\\/\",\"name\":\"Kupite cvet konoplje havajskega bora \u2013 najbolj\u0161a najbolj\u0161a zdravila na svetu\",\"isPartOf\":{\"@id\":\"https:\\\/\\\/medicinasinc.com\\\/sl\\\/#website\"},\"primaryImageOfPage\":{\"@id\":\"https:\\\/\\\/medicinasinc.com\\\/sl\\\/product\\\/kupi-havajski-bor-konopljin-cvet\\\/#primaryimage\"},\"image\":{\"@id\":\"https:\\\/\\\/medicinasinc.com\\\/sl\\\/product\\\/kupi-havajski-bor-konopljin-cvet\\\/#primaryimage\"},\"thumbnailUrl\":\"https:\\\/\\\/medicinasinc.com\\\/sl\\\/wp-content\\\/uploads\\\/sites\\\/7\\\/2022\\\/02\\\/Buy-Hawaiian-Pine-Hemp-Flower-Onlin.jpg\",\"datePublished\":\"2022-02-20T15:30:50+00:00\",\"dateModified\":\"2022-03-19T00:58:11+00:00\",\"description\":\"Kupite cvet konoplje havajskega bora CBD (1 funt) na spletu na bestglobalmeds.com. Nakupujte za \u0161irok izbor izdelkov iz marihuane in \u0161e ve\u010d. Brezpla\u010dna dostava.\",\"breadcrumb\":{\"@id\":\"https:\\\/\\\/medicinasinc.com\\\/sl\\\/product\\\/kupi-havajski-bor-konopljin-cvet\\\/#breadcrumb\"},\"inLanguage\":\"en-US\",\"potentialAction\":[{\"@type\":\"ReadAction\",\"target\":[\"https:\\\/\\\/medicinasinc.com\\\/sl\\\/product\\\/kupi-havajski-bor-konopljin-cvet\\\/\"]}]},{\"@type\":\"ImageObject\",\"inLanguage\":\"en-US\",\"@id\":\"https:\\\/\\\/medicinasinc.com\\\/sl\\\/product\\\/kupi-havajski-bor-konopljin-cvet\\\/#primaryimage\",\"url\":\"https:\\\/\\\/medicinasinc.com\\\/sl\\\/wp-content\\\/uploads\\\/sites\\\/7\\\/2022\\\/02\\\/Buy-Hawaiian-Pine-Hemp-Flower-Onlin.jpg\",\"contentUrl\":\"https:\\\/\\\/medicinasinc.com\\\/sl\\\/wp-content\\\/uploads\\\/sites\\\/7\\\/2022\\\/02\\\/Buy-Hawaiian-Pine-Hemp-Flower-Onlin.jpg\",\"width\":600,\"height\":600},{\"@type\":\"BreadcrumbList\",\"@id\":\"https:\\\/\\\/medicinasinc.com\\\/sl\\\/product\\\/kupi-havajski-bor-konopljin-cvet\\\/#breadcrumb\",\"itemListElement\":[{\"@type\":\"ListItem\",\"position\":1,\"name\":\"Nakupujte\",\"item\":\"https:\\\/\\\/medicinasinc.com\\\/sl\\\/nakupujte\\\/\"},{\"@type\":\"ListItem\",\"position\":2,\"name\":\"Kupite cvet konoplje havajskega bora\"}]},{\"@type\":\"WebSite\",\"@id\":\"https:\\\/\\\/medicinasinc.com\\\/sl\\\/#website\",\"url\":\"https:\\\/\\\/medicinasinc.com\\\/sl\\\/\",\"name\":\"Medicinas Inc\",\"description\":\"Health Medical Clinic\",\"potentialAction\":[{\"@type\":\"SearchAction\",\"target\":{\"@type\":\"EntryPoint\",\"urlTemplate\":\"https:\\\/\\\/medicinasinc.com\\\/sl\\\/?s={search_term_string}\"},\"query-input\":{\"@type\":\"PropertyValueSpecification\",\"valueRequired\":true,\"valueName\":\"search_term_string\"}}],\"inLanguage\":\"en-US\"}]}<\/script>\n<!-- \/ Yoast SEO plugin. -->","yoast_head_json":{"title":"Kupite cvet konoplje havajskega bora \u2013 najbolj\u0161a najbolj\u0161a zdravila na svetu","description":"Kupite cvet konoplje havajskega bora CBD (1 funt) na spletu na bestglobalmeds.com. Nakupujte za \u0161irok izbor izdelkov iz marihuane in \u0161e ve\u010d. Brezpla\u010dna dostava.","robots":{"index":"index","follow":"follow","max-snippet":"max-snippet:-1","max-image-preview":"max-image-preview:large","max-video-preview":"max-video-preview:-1"},"canonical":"https:\/\/medicinasinc.com\/sl\/product\/kupi-havajski-bor-konopljin-cvet\/","og_locale":"en_US","og_type":"article","og_title":"Kupite cvet konoplje havajskega bora \u2013 najbolj\u0161a najbolj\u0161a zdravila na svetu","og_description":"Kupite cvet konoplje havajskega bora CBD (1 funt) na spletu na bestglobalmeds.com. Nakupujte za \u0161irok izbor izdelkov iz marihuane in \u0161e ve\u010d. Brezpla\u010dna dostava.","og_url":"https:\/\/medicinasinc.com\/sl\/product\/kupi-havajski-bor-konopljin-cvet\/","og_site_name":"Medicinas Inc","article_modified_time":"2022-03-19T00:58:11+00:00","og_image":[{"width":600,"height":600,"url":"https:\/\/medicinasinc.com\/sl\/wp-content\/uploads\/sites\/7\/2022\/02\/Buy-Hawaiian-Pine-Hemp-Flower-Onlin.jpg","type":"image\/jpeg"}],"twitter_card":"summary_large_image","twitter_misc":{"Est. reading time":"1 minute"},"schema":{"@context":"https:\/\/schema.org","@graph":[{"@type":"WebPage","@id":"https:\/\/medicinasinc.com\/sl\/product\/kupi-havajski-bor-konopljin-cvet\/","url":"https:\/\/medicinasinc.com\/sl\/product\/kupi-havajski-bor-konopljin-cvet\/","name":"Kupite cvet konoplje havajskega bora \u2013 najbolj\u0161a najbolj\u0161a zdravila na svetu","isPartOf":{"@id":"https:\/\/medicinasinc.com\/sl\/#website"},"primaryImageOfPage":{"@id":"https:\/\/medicinasinc.com\/sl\/product\/kupi-havajski-bor-konopljin-cvet\/#primaryimage"},"image":{"@id":"https:\/\/medicinasinc.com\/sl\/product\/kupi-havajski-bor-konopljin-cvet\/#primaryimage"},"thumbnailUrl":"https:\/\/medicinasinc.com\/sl\/wp-content\/uploads\/sites\/7\/2022\/02\/Buy-Hawaiian-Pine-Hemp-Flower-Onlin.jpg","datePublished":"2022-02-20T15:30:50+00:00","dateModified":"2022-03-19T00:58:11+00:00","description":"Kupite cvet konoplje havajskega bora CBD (1 funt) na spletu na bestglobalmeds.com. Nakupujte za \u0161irok izbor izdelkov iz marihuane in \u0161e ve\u010d. Brezpla\u010dna dostava.","breadcrumb":{"@id":"https:\/\/medicinasinc.com\/sl\/product\/kupi-havajski-bor-konopljin-cvet\/#breadcrumb"},"inLanguage":"en-US","potentialAction":[{"@type":"ReadAction","target":["https:\/\/medicinasinc.com\/sl\/product\/kupi-havajski-bor-konopljin-cvet\/"]}]},{"@type":"ImageObject","inLanguage":"en-US","@id":"https:\/\/medicinasinc.com\/sl\/product\/kupi-havajski-bor-konopljin-cvet\/#primaryimage","url":"https:\/\/medicinasinc.com\/sl\/wp-content\/uploads\/sites\/7\/2022\/02\/Buy-Hawaiian-Pine-Hemp-Flower-Onlin.jpg","contentUrl":"https:\/\/medicinasinc.com\/sl\/wp-content\/uploads\/sites\/7\/2022\/02\/Buy-Hawaiian-Pine-Hemp-Flower-Onlin.jpg","width":600,"height":600},{"@type":"BreadcrumbList","@id":"https:\/\/medicinasinc.com\/sl\/product\/kupi-havajski-bor-konopljin-cvet\/#breadcrumb","itemListElement":[{"@type":"ListItem","position":1,"name":"Nakupujte","item":"https:\/\/medicinasinc.com\/sl\/nakupujte\/"},{"@type":"ListItem","position":2,"name":"Kupite cvet konoplje havajskega bora"}]},{"@type":"WebSite","@id":"https:\/\/medicinasinc.com\/sl\/#website","url":"https:\/\/medicinasinc.com\/sl\/","name":"Medicinas Inc","description":"Health Medical Clinic","potentialAction":[{"@type":"SearchAction","target":{"@type":"EntryPoint","urlTemplate":"https:\/\/medicinasinc.com\/sl\/?s={search_term_string}"},"query-input":{"@type":"PropertyValueSpecification","valueRequired":true,"valueName":"search_term_string"}}],"inLanguage":"en-US"}]}},"_links":{"self":[{"href":"https:\/\/medicinasinc.com\/sl\/wp-json\/wp\/v2\/product\/4748","targetHints":{"allow":["GET"]}}],"collection":[{"href":"https:\/\/medicinasinc.com\/sl\/wp-json\/wp\/v2\/product"}],"about":[{"href":"https:\/\/medicinasinc.com\/sl\/wp-json\/wp\/v2\/types\/product"}],"replies":[{"embeddable":true,"href":"https:\/\/medicinasinc.com\/sl\/wp-json\/wp\/v2\/comments?post=4748"}],"wp:featuredmedia":[{"embeddable":true,"href":"https:\/\/medicinasinc.com\/sl\/wp-json\/wp\/v2\/media\/4760"}],"wp:attachment":[{"href":"https:\/\/medicinasinc.com\/sl\/wp-json\/wp\/v2\/media?parent=4748"}],"wp:term":[{"taxonomy":"product_brand","embeddable":true,"href":"https:\/\/medicinasinc.com\/sl\/wp-json\/wp\/v2\/product_brand?post=4748"},{"taxonomy":"product_cat","embeddable":true,"href":"https:\/\/medicinasinc.com\/sl\/wp-json\/wp\/v2\/product_cat?post=4748"},{"taxonomy":"product_tag","embeddable":true,"href":"https:\/\/medicinasinc.com\/sl\/wp-json\/wp\/v2\/product_tag?post=4748"}],"curies":[{"name":"wp","href":"https:\/\/api.w.org\/{rel}","templated":true}]}}