{"id":4733,"date":"2022-02-20T15:18:37","date_gmt":"2022-02-20T15:18:37","guid":{"rendered":"https:\/\/medicinasinc.com\/sl\/?post_type=product&#038;p=4733"},"modified":"2022-03-19T00:58:27","modified_gmt":"2022-03-19T00:58:27","slug":"kupi-roza-kush-hash","status":"publish","type":"product","link":"https:\/\/medicinasinc.com\/sl\/product\/kupi-roza-kush-hash\/","title":{"rendered":"Kupite Pink Kush Hash"},"content":{"rendered":"<p>Spletni nakup roza kush hasha<\/p>\n<p>Preden kupite legalni ha\u0161 na spletu, je klju\u010dnega pomena, da razumete, kaj je, kako je povezan s konopljo in po \u010dem se razlikuje od drugih izdelkov iz plevela. Ha\u0161, drugi izraz za &#8220;ha\u0161i\u0161&#8221;, je koncentrat konoplje, ki se prena\u0161a preko smole rastline marihuane. To dose\u017eemo z lo\u010ditvijo organov soka rastline konoplje, ki jih skupaj imenujemo trihomi, od njenih cvetov. Znano je, da ti trihomi vsebujejo najvi\u0161je koncentracije kanabinoidov in terpenov, ki so kemi\u010dne spojine, ki so odgovorne za edinstvene lastnosti in zna\u010dilnosti Maryjane. Zaradi visoke koncentracije kanabinoidov in terpenov v ha\u0161iju ima izjemno sposobnost ustvarjanja osupljivih psihoaktivnih in zdravilnih sre\u010danj za stranke konoplje. Hash olje je visoko koncentrirana oblika konoplje, ki jo lahko kadimo, uparimo, zau\u017eijemo ali razma\u017eemo po ko\u017ei. Ob\u010dasno se uporaba ha\u0161i\u0161nega olja imenuje &#8220;doseganje&#8221; ali &#8220;poraba&#8221;. Hash olje je pridobljeno iz rastlin konoplje in vsebuje THC (delta-9-tetrahidrokanabinol), enako revolucionarno spojino, ki jo najdemo v drugih izdelkih Maryjane.<\/p>\n<p>V vsakem primeru je ha\u0161i\u0161evo olje mo\u010dnej\u0161e, saj vsebuje do 90 % vsebnosti. \u010disti THC. Seveda je v drugih delih rastline konoplje tipi\u010dna koncentracija THC-ja okoli 12 %. Zaupanja vreden<\/p>\n<p>Ekstrakcija CO2 je trenutno naju\u010dinkovitej\u0161a metoda pridobivanja olja THC. Poleg tega je to najpogostej\u0161a in najvarnej\u0161a metoda za proizvodnjo konopljinega olja, destilata in tovornjakov z \u017eivimi gumi. Razlog, zakaj je danes tako raz\u0161irjeno, je, da to THC olje ne vsebuje dodatnih topil, kot sta teko\u010dina ali butan.<\/p>\n<p>Ve\u010dina olj THC vsebuje vrsto zmanj\u0161ane pripravljenosti. To je potrebno za zagotovitev, da olje ohranja idealno konsistenco za vaping. Naju\u010dinkovitej\u0161a redukcijska sredstva sta rastlinski glicerin in propilen glikol (VG in PG), ki ju pogosto najdemo v obi\u010dajnih e-teko\u010dinah. Nekaj \u200b\u200bjih vsebuje razli\u010dna polnila, kot je PEG, in bistveno v zadnjem \u010dasu, TEC Temper, ki je \u0161e en pogoj, ki izhaja iz obi\u010dajnih terpenov. Hash olje je na voljo za nakup.<\/p>\n","protected":false},"excerpt":{"rendered":"<p>Kupite Pink Kush Hash za prodajo v Zdru\u017eenem kraljestvu, Evropi na spletu. Pink Kush, tako za\u017eeleni kot njegov sorodnik OG Kush, je hibrid s prevladujo\u010do indico z mo\u010dnimi u\u010dinki, osredoto\u010denimi na telo. Naro\u010dite na spletu ZDAJ!<\/p>\n<ul>\n<li>Po\u0161iljanje po celem svetu<\/li>\n<li>Za ve\u010dja naro\u010dila nas kontaktirajte<\/li>\n<\/ul>\n","protected":false},"featured_media":4745,"comment_status":"open","ping_status":"closed","template":"","meta":[],"product_brand":[],"product_cat":[610],"product_tag":[],"class_list":{"0":"post-4733","1":"product","2":"type-product","3":"status-publish","4":"has-post-thumbnail","6":"product_cat-kupi-hash-hashish","8":"first","9":"instock","10":"shipping-taxable","11":"purchasable","12":"product-type-variable","13":"has-default-attributes"},"yoast_head":"<!-- This site is optimized with the Yoast SEO plugin v27.3 - https:\/\/yoast.com\/product\/yoast-seo-wordpress\/ -->\n<title>Kupite Pink Kush Hash na spletu \u2013 najbolj\u0161a najbolj\u0161a zdravila na svetu<\/title>\n<meta name=\"description\" content=\"Kupite Pink Kush Hash za prodajo UK, Evropa na spletu. Pink Kush, tako za\u017eeleni kot njegov sorodnik OG Kush, je hibrid s prevladujo\u010do indico z mo\u010dnimi u\u010dinki, osredoto\u010denimi na telo. Naro\u010dite na spletu ZDAJ!\" \/>\n<meta name=\"robots\" content=\"index, follow, max-snippet:-1, max-image-preview:large, max-video-preview:-1\" \/>\n<link rel=\"canonical\" href=\"https:\/\/medicinasinc.com\/sl\/product\/kupi-roza-kush-hash\/\" \/>\n<meta property=\"og:locale\" content=\"en_US\" \/>\n<meta property=\"og:type\" content=\"article\" \/>\n<meta property=\"og:title\" content=\"Kupite Pink Kush Hash na spletu \u2013 najbolj\u0161a najbolj\u0161a zdravila na svetu\" \/>\n<meta property=\"og:description\" content=\"Kupite Pink Kush Hash za prodajo UK, Evropa na spletu. Pink Kush, tako za\u017eeleni kot njegov sorodnik OG Kush, je hibrid s prevladujo\u010do indico z mo\u010dnimi u\u010dinki, osredoto\u010denimi na telo. Naro\u010dite na spletu ZDAJ!\" \/>\n<meta property=\"og:url\" content=\"https:\/\/medicinasinc.com\/sl\/product\/kupi-roza-kush-hash\/\" \/>\n<meta property=\"og:site_name\" content=\"Medicinas Inc\" \/>\n<meta property=\"article:modified_time\" content=\"2022-03-19T00:58:27+00:00\" \/>\n<meta property=\"og:image\" content=\"https:\/\/medicinasinc.com\/sl\/wp-content\/uploads\/sites\/7\/2022\/02\/buy-pink-kush-hash.jpg\" \/>\n\t<meta property=\"og:image:width\" content=\"600\" \/>\n\t<meta property=\"og:image:height\" content=\"600\" \/>\n\t<meta property=\"og:image:type\" content=\"image\/jpeg\" \/>\n<meta name=\"twitter:card\" content=\"summary_large_image\" \/>\n<meta name=\"twitter:label1\" content=\"Est. reading time\" \/>\n\t<meta name=\"twitter:data1\" content=\"2 minutes\" \/>\n<script type=\"application\/ld+json\" class=\"yoast-schema-graph\">{\"@context\":\"https:\\\/\\\/schema.org\",\"@graph\":[{\"@type\":\"WebPage\",\"@id\":\"https:\\\/\\\/medicinasinc.com\\\/sl\\\/product\\\/kupi-roza-kush-hash\\\/\",\"url\":\"https:\\\/\\\/medicinasinc.com\\\/sl\\\/product\\\/kupi-roza-kush-hash\\\/\",\"name\":\"Kupite Pink Kush Hash na spletu \u2013 najbolj\u0161a najbolj\u0161a zdravila na svetu\",\"isPartOf\":{\"@id\":\"https:\\\/\\\/medicinasinc.com\\\/sl\\\/#website\"},\"primaryImageOfPage\":{\"@id\":\"https:\\\/\\\/medicinasinc.com\\\/sl\\\/product\\\/kupi-roza-kush-hash\\\/#primaryimage\"},\"image\":{\"@id\":\"https:\\\/\\\/medicinasinc.com\\\/sl\\\/product\\\/kupi-roza-kush-hash\\\/#primaryimage\"},\"thumbnailUrl\":\"https:\\\/\\\/medicinasinc.com\\\/sl\\\/wp-content\\\/uploads\\\/sites\\\/7\\\/2022\\\/02\\\/buy-pink-kush-hash.jpg\",\"datePublished\":\"2022-02-20T15:18:37+00:00\",\"dateModified\":\"2022-03-19T00:58:27+00:00\",\"description\":\"Kupite Pink Kush Hash za prodajo UK, Evropa na spletu. Pink Kush, tako za\u017eeleni kot njegov sorodnik OG Kush, je hibrid s prevladujo\u010do indico z mo\u010dnimi u\u010dinki, osredoto\u010denimi na telo. Naro\u010dite na spletu ZDAJ!\",\"breadcrumb\":{\"@id\":\"https:\\\/\\\/medicinasinc.com\\\/sl\\\/product\\\/kupi-roza-kush-hash\\\/#breadcrumb\"},\"inLanguage\":\"en-US\",\"potentialAction\":[{\"@type\":\"ReadAction\",\"target\":[\"https:\\\/\\\/medicinasinc.com\\\/sl\\\/product\\\/kupi-roza-kush-hash\\\/\"]}]},{\"@type\":\"ImageObject\",\"inLanguage\":\"en-US\",\"@id\":\"https:\\\/\\\/medicinasinc.com\\\/sl\\\/product\\\/kupi-roza-kush-hash\\\/#primaryimage\",\"url\":\"https:\\\/\\\/medicinasinc.com\\\/sl\\\/wp-content\\\/uploads\\\/sites\\\/7\\\/2022\\\/02\\\/buy-pink-kush-hash.jpg\",\"contentUrl\":\"https:\\\/\\\/medicinasinc.com\\\/sl\\\/wp-content\\\/uploads\\\/sites\\\/7\\\/2022\\\/02\\\/buy-pink-kush-hash.jpg\",\"width\":600,\"height\":600},{\"@type\":\"BreadcrumbList\",\"@id\":\"https:\\\/\\\/medicinasinc.com\\\/sl\\\/product\\\/kupi-roza-kush-hash\\\/#breadcrumb\",\"itemListElement\":[{\"@type\":\"ListItem\",\"position\":1,\"name\":\"Nakupujte\",\"item\":\"https:\\\/\\\/medicinasinc.com\\\/sl\\\/nakupujte\\\/\"},{\"@type\":\"ListItem\",\"position\":2,\"name\":\"Kupite Pink Kush Hash\"}]},{\"@type\":\"WebSite\",\"@id\":\"https:\\\/\\\/medicinasinc.com\\\/sl\\\/#website\",\"url\":\"https:\\\/\\\/medicinasinc.com\\\/sl\\\/\",\"name\":\"Medicinas Inc\",\"description\":\"Health Medical Clinic\",\"potentialAction\":[{\"@type\":\"SearchAction\",\"target\":{\"@type\":\"EntryPoint\",\"urlTemplate\":\"https:\\\/\\\/medicinasinc.com\\\/sl\\\/?s={search_term_string}\"},\"query-input\":{\"@type\":\"PropertyValueSpecification\",\"valueRequired\":true,\"valueName\":\"search_term_string\"}}],\"inLanguage\":\"en-US\"}]}<\/script>\n<!-- \/ Yoast SEO plugin. -->","yoast_head_json":{"title":"Kupite Pink Kush Hash na spletu \u2013 najbolj\u0161a najbolj\u0161a zdravila na svetu","description":"Kupite Pink Kush Hash za prodajo UK, Evropa na spletu. Pink Kush, tako za\u017eeleni kot njegov sorodnik OG Kush, je hibrid s prevladujo\u010do indico z mo\u010dnimi u\u010dinki, osredoto\u010denimi na telo. Naro\u010dite na spletu ZDAJ!","robots":{"index":"index","follow":"follow","max-snippet":"max-snippet:-1","max-image-preview":"max-image-preview:large","max-video-preview":"max-video-preview:-1"},"canonical":"https:\/\/medicinasinc.com\/sl\/product\/kupi-roza-kush-hash\/","og_locale":"en_US","og_type":"article","og_title":"Kupite Pink Kush Hash na spletu \u2013 najbolj\u0161a najbolj\u0161a zdravila na svetu","og_description":"Kupite Pink Kush Hash za prodajo UK, Evropa na spletu. Pink Kush, tako za\u017eeleni kot njegov sorodnik OG Kush, je hibrid s prevladujo\u010do indico z mo\u010dnimi u\u010dinki, osredoto\u010denimi na telo. Naro\u010dite na spletu ZDAJ!","og_url":"https:\/\/medicinasinc.com\/sl\/product\/kupi-roza-kush-hash\/","og_site_name":"Medicinas Inc","article_modified_time":"2022-03-19T00:58:27+00:00","og_image":[{"width":600,"height":600,"url":"https:\/\/medicinasinc.com\/sl\/wp-content\/uploads\/sites\/7\/2022\/02\/buy-pink-kush-hash.jpg","type":"image\/jpeg"}],"twitter_card":"summary_large_image","twitter_misc":{"Est. reading time":"2 minutes"},"schema":{"@context":"https:\/\/schema.org","@graph":[{"@type":"WebPage","@id":"https:\/\/medicinasinc.com\/sl\/product\/kupi-roza-kush-hash\/","url":"https:\/\/medicinasinc.com\/sl\/product\/kupi-roza-kush-hash\/","name":"Kupite Pink Kush Hash na spletu \u2013 najbolj\u0161a najbolj\u0161a zdravila na svetu","isPartOf":{"@id":"https:\/\/medicinasinc.com\/sl\/#website"},"primaryImageOfPage":{"@id":"https:\/\/medicinasinc.com\/sl\/product\/kupi-roza-kush-hash\/#primaryimage"},"image":{"@id":"https:\/\/medicinasinc.com\/sl\/product\/kupi-roza-kush-hash\/#primaryimage"},"thumbnailUrl":"https:\/\/medicinasinc.com\/sl\/wp-content\/uploads\/sites\/7\/2022\/02\/buy-pink-kush-hash.jpg","datePublished":"2022-02-20T15:18:37+00:00","dateModified":"2022-03-19T00:58:27+00:00","description":"Kupite Pink Kush Hash za prodajo UK, Evropa na spletu. Pink Kush, tako za\u017eeleni kot njegov sorodnik OG Kush, je hibrid s prevladujo\u010do indico z mo\u010dnimi u\u010dinki, osredoto\u010denimi na telo. Naro\u010dite na spletu ZDAJ!","breadcrumb":{"@id":"https:\/\/medicinasinc.com\/sl\/product\/kupi-roza-kush-hash\/#breadcrumb"},"inLanguage":"en-US","potentialAction":[{"@type":"ReadAction","target":["https:\/\/medicinasinc.com\/sl\/product\/kupi-roza-kush-hash\/"]}]},{"@type":"ImageObject","inLanguage":"en-US","@id":"https:\/\/medicinasinc.com\/sl\/product\/kupi-roza-kush-hash\/#primaryimage","url":"https:\/\/medicinasinc.com\/sl\/wp-content\/uploads\/sites\/7\/2022\/02\/buy-pink-kush-hash.jpg","contentUrl":"https:\/\/medicinasinc.com\/sl\/wp-content\/uploads\/sites\/7\/2022\/02\/buy-pink-kush-hash.jpg","width":600,"height":600},{"@type":"BreadcrumbList","@id":"https:\/\/medicinasinc.com\/sl\/product\/kupi-roza-kush-hash\/#breadcrumb","itemListElement":[{"@type":"ListItem","position":1,"name":"Nakupujte","item":"https:\/\/medicinasinc.com\/sl\/nakupujte\/"},{"@type":"ListItem","position":2,"name":"Kupite Pink Kush Hash"}]},{"@type":"WebSite","@id":"https:\/\/medicinasinc.com\/sl\/#website","url":"https:\/\/medicinasinc.com\/sl\/","name":"Medicinas Inc","description":"Health Medical Clinic","potentialAction":[{"@type":"SearchAction","target":{"@type":"EntryPoint","urlTemplate":"https:\/\/medicinasinc.com\/sl\/?s={search_term_string}"},"query-input":{"@type":"PropertyValueSpecification","valueRequired":true,"valueName":"search_term_string"}}],"inLanguage":"en-US"}]}},"_links":{"self":[{"href":"https:\/\/medicinasinc.com\/sl\/wp-json\/wp\/v2\/product\/4733","targetHints":{"allow":["GET"]}}],"collection":[{"href":"https:\/\/medicinasinc.com\/sl\/wp-json\/wp\/v2\/product"}],"about":[{"href":"https:\/\/medicinasinc.com\/sl\/wp-json\/wp\/v2\/types\/product"}],"replies":[{"embeddable":true,"href":"https:\/\/medicinasinc.com\/sl\/wp-json\/wp\/v2\/comments?post=4733"}],"wp:featuredmedia":[{"embeddable":true,"href":"https:\/\/medicinasinc.com\/sl\/wp-json\/wp\/v2\/media\/4745"}],"wp:attachment":[{"href":"https:\/\/medicinasinc.com\/sl\/wp-json\/wp\/v2\/media?parent=4733"}],"wp:term":[{"taxonomy":"product_brand","embeddable":true,"href":"https:\/\/medicinasinc.com\/sl\/wp-json\/wp\/v2\/product_brand?post=4733"},{"taxonomy":"product_cat","embeddable":true,"href":"https:\/\/medicinasinc.com\/sl\/wp-json\/wp\/v2\/product_cat?post=4733"},{"taxonomy":"product_tag","embeddable":true,"href":"https:\/\/medicinasinc.com\/sl\/wp-json\/wp\/v2\/product_tag?post=4733"}],"curies":[{"name":"wp","href":"https:\/\/api.w.org\/{rel}","templated":true}]}}