{"id":4717,"date":"2022-02-20T15:05:15","date_gmt":"2022-02-20T15:05:15","guid":{"rendered":"https:\/\/medicinasinc.com\/sl\/?post_type=product&#038;p=4717"},"modified":"2022-03-19T00:58:37","modified_gmt":"2022-03-19T00:58:37","slug":"kupi-nepalsko-palico-has","status":"publish","type":"product","link":"https:\/\/medicinasinc.com\/sl\/product\/kupi-nepalsko-palico-has\/","title":{"rendered":"Kupite nepalsko palico Hash"},"content":{"rendered":"<p>Spletni nakup nepalske palice Hash<\/p>\n<p>Nepalska palica Hash je pripravljena na enak na\u010din kot Temple Balls. Te gojijo rastline konoplje. Konopljine popke ali cvetove najprej poberemo in poberemo. Te brstice podrgnite med roke, da izvle\u010dete smole ali trihome. Temple Balls so ustvarjene iz pridobljenih smol. Tempeljske kroglice se nato pritisne na debelo, trdo polico ali plo\u0161\u010do.<\/p>\n<p>Nepalska palica je \u010drna na zunanji strani in rjavkasta na notranji strani. Vsebujejo skoraj 15-20% THC. Te so zelo koncentrirane in imajo za\u010dinjen ali sladek okus.<\/p>\n<p>U\u010dinki:<\/p>\n<p>U\u010dinki Stick Hasha so obi\u010dajno odvisni od koncentracij THC-ja in smole. Nagnjeni so k dvigu telesne temperature in vas dvignejo na nevarno visoko raven, tudi v majhnih koli\u010dinah. Na splo\u0161no je varen za uporabo in ima razpolovno dobo 6-7 ur. Te Hash pal\u010dke so idealne za tiste, ki morajo ostati na visoki ravni dalj \u010dasa.<\/p>\n<p>Kako uporabljati:<\/p>\n<p>Nepalski Stick Hash je proizvod Nepala. Lahko jih kadimo, vlijemo v pipo, vklju\u010dimo v u\u017eitne izdelke ali jih vapemo. Ko se Stick Hash uporablja v u\u017eitnih izdelkih, traja pribli\u017eno 1-2 uri, da se spro\u017ei in poka\u017ee u\u010dinek.<\/p>\n<p>Kje lahko kupim nepalski stikalo Hash na internetu?<\/p>\n<p>Lahko ga kupite? Sve\u017ee pripravljena nepalska palica Hash na na\u0161i spletni strani, Nudimo vam visokokakovostne in izjemno mo\u010dne ha\u0161 pal\u010dke. Te se v Nepalu proizvajajo na naraven na\u010din. Lahko jih kupite po razumni ceni in jih hitro prejmete.<\/p>\n","protected":false},"excerpt":{"rendered":"<p>Nakup nepalskega palice Hash Online Nepalski se nana\u0161a na kateri koli sev, ki naivno raste v regiji Nepala. Naro\u010dite Weed Online, te avtohtone sorte.<\/p>\n","protected":false},"featured_media":4730,"comment_status":"open","ping_status":"closed","template":"","meta":[],"product_brand":[],"product_cat":[610],"product_tag":[],"class_list":{"0":"post-4717","1":"product","2":"type-product","3":"status-publish","4":"has-post-thumbnail","6":"product_cat-kupi-hash-hashish","8":"first","9":"instock","10":"shipping-taxable","11":"purchasable","12":"product-type-variable","13":"has-default-attributes"},"yoast_head":"<!-- This site is optimized with the Yoast SEO plugin v27.3 - https:\/\/yoast.com\/product\/yoast-seo-wordpress\/ -->\n<title>Kupite nepalsko palico Hash - najbolj\u0161a najbolj\u0161a globalna zdravila<\/title>\n<meta name=\"description\" content=\"Buy Nepalese Stick Hash Online Nepalski se nana\u0161a na kateri koli sev, ki naivno raste v regiji Nepala. Naro\u010dite Weed Online, te avtohtone sorte.\" \/>\n<meta name=\"robots\" content=\"index, follow, max-snippet:-1, max-image-preview:large, max-video-preview:-1\" \/>\n<link rel=\"canonical\" href=\"https:\/\/medicinasinc.com\/sl\/product\/kupi-nepalsko-palico-has\/\" \/>\n<meta property=\"og:locale\" content=\"en_US\" \/>\n<meta property=\"og:type\" content=\"article\" \/>\n<meta property=\"og:title\" content=\"Kupite nepalsko palico Hash - najbolj\u0161a najbolj\u0161a globalna zdravila\" \/>\n<meta property=\"og:description\" content=\"Buy Nepalese Stick Hash Online Nepalski se nana\u0161a na kateri koli sev, ki naivno raste v regiji Nepala. Naro\u010dite Weed Online, te avtohtone sorte.\" \/>\n<meta property=\"og:url\" content=\"https:\/\/medicinasinc.com\/sl\/product\/kupi-nepalsko-palico-has\/\" \/>\n<meta property=\"og:site_name\" content=\"Medicinas Inc\" \/>\n<meta property=\"article:modified_time\" content=\"2022-03-19T00:58:37+00:00\" \/>\n<meta property=\"og:image\" content=\"https:\/\/medicinasinc.com\/sl\/wp-content\/uploads\/sites\/7\/2022\/02\/Buy-Nepalese-Stick-Hash.jpg\" \/>\n\t<meta property=\"og:image:width\" content=\"600\" \/>\n\t<meta property=\"og:image:height\" content=\"600\" \/>\n\t<meta property=\"og:image:type\" content=\"image\/jpeg\" \/>\n<meta name=\"twitter:card\" content=\"summary_large_image\" \/>\n<meta name=\"twitter:label1\" content=\"Est. reading time\" \/>\n\t<meta name=\"twitter:data1\" content=\"2 minutes\" \/>\n<script type=\"application\/ld+json\" class=\"yoast-schema-graph\">{\"@context\":\"https:\\\/\\\/schema.org\",\"@graph\":[{\"@type\":\"WebPage\",\"@id\":\"https:\\\/\\\/medicinasinc.com\\\/sl\\\/product\\\/kupi-nepalsko-palico-has\\\/\",\"url\":\"https:\\\/\\\/medicinasinc.com\\\/sl\\\/product\\\/kupi-nepalsko-palico-has\\\/\",\"name\":\"Kupite nepalsko palico Hash - najbolj\u0161a najbolj\u0161a globalna zdravila\",\"isPartOf\":{\"@id\":\"https:\\\/\\\/medicinasinc.com\\\/sl\\\/#website\"},\"primaryImageOfPage\":{\"@id\":\"https:\\\/\\\/medicinasinc.com\\\/sl\\\/product\\\/kupi-nepalsko-palico-has\\\/#primaryimage\"},\"image\":{\"@id\":\"https:\\\/\\\/medicinasinc.com\\\/sl\\\/product\\\/kupi-nepalsko-palico-has\\\/#primaryimage\"},\"thumbnailUrl\":\"https:\\\/\\\/medicinasinc.com\\\/sl\\\/wp-content\\\/uploads\\\/sites\\\/7\\\/2022\\\/02\\\/Buy-Nepalese-Stick-Hash.jpg\",\"datePublished\":\"2022-02-20T15:05:15+00:00\",\"dateModified\":\"2022-03-19T00:58:37+00:00\",\"description\":\"Buy Nepalese Stick Hash Online Nepalski se nana\u0161a na kateri koli sev, ki naivno raste v regiji Nepala. Naro\u010dite Weed Online, te avtohtone sorte.\",\"breadcrumb\":{\"@id\":\"https:\\\/\\\/medicinasinc.com\\\/sl\\\/product\\\/kupi-nepalsko-palico-has\\\/#breadcrumb\"},\"inLanguage\":\"en-US\",\"potentialAction\":[{\"@type\":\"ReadAction\",\"target\":[\"https:\\\/\\\/medicinasinc.com\\\/sl\\\/product\\\/kupi-nepalsko-palico-has\\\/\"]}]},{\"@type\":\"ImageObject\",\"inLanguage\":\"en-US\",\"@id\":\"https:\\\/\\\/medicinasinc.com\\\/sl\\\/product\\\/kupi-nepalsko-palico-has\\\/#primaryimage\",\"url\":\"https:\\\/\\\/medicinasinc.com\\\/sl\\\/wp-content\\\/uploads\\\/sites\\\/7\\\/2022\\\/02\\\/Buy-Nepalese-Stick-Hash.jpg\",\"contentUrl\":\"https:\\\/\\\/medicinasinc.com\\\/sl\\\/wp-content\\\/uploads\\\/sites\\\/7\\\/2022\\\/02\\\/Buy-Nepalese-Stick-Hash.jpg\",\"width\":600,\"height\":600},{\"@type\":\"BreadcrumbList\",\"@id\":\"https:\\\/\\\/medicinasinc.com\\\/sl\\\/product\\\/kupi-nepalsko-palico-has\\\/#breadcrumb\",\"itemListElement\":[{\"@type\":\"ListItem\",\"position\":1,\"name\":\"Nakupujte\",\"item\":\"https:\\\/\\\/medicinasinc.com\\\/sl\\\/nakupujte\\\/\"},{\"@type\":\"ListItem\",\"position\":2,\"name\":\"Kupite nepalsko palico Hash\"}]},{\"@type\":\"WebSite\",\"@id\":\"https:\\\/\\\/medicinasinc.com\\\/sl\\\/#website\",\"url\":\"https:\\\/\\\/medicinasinc.com\\\/sl\\\/\",\"name\":\"Medicinas Inc\",\"description\":\"Health Medical Clinic\",\"potentialAction\":[{\"@type\":\"SearchAction\",\"target\":{\"@type\":\"EntryPoint\",\"urlTemplate\":\"https:\\\/\\\/medicinasinc.com\\\/sl\\\/?s={search_term_string}\"},\"query-input\":{\"@type\":\"PropertyValueSpecification\",\"valueRequired\":true,\"valueName\":\"search_term_string\"}}],\"inLanguage\":\"en-US\"}]}<\/script>\n<!-- \/ Yoast SEO plugin. -->","yoast_head_json":{"title":"Kupite nepalsko palico Hash - najbolj\u0161a najbolj\u0161a globalna zdravila","description":"Buy Nepalese Stick Hash Online Nepalski se nana\u0161a na kateri koli sev, ki naivno raste v regiji Nepala. Naro\u010dite Weed Online, te avtohtone sorte.","robots":{"index":"index","follow":"follow","max-snippet":"max-snippet:-1","max-image-preview":"max-image-preview:large","max-video-preview":"max-video-preview:-1"},"canonical":"https:\/\/medicinasinc.com\/sl\/product\/kupi-nepalsko-palico-has\/","og_locale":"en_US","og_type":"article","og_title":"Kupite nepalsko palico Hash - najbolj\u0161a najbolj\u0161a globalna zdravila","og_description":"Buy Nepalese Stick Hash Online Nepalski se nana\u0161a na kateri koli sev, ki naivno raste v regiji Nepala. Naro\u010dite Weed Online, te avtohtone sorte.","og_url":"https:\/\/medicinasinc.com\/sl\/product\/kupi-nepalsko-palico-has\/","og_site_name":"Medicinas Inc","article_modified_time":"2022-03-19T00:58:37+00:00","og_image":[{"width":600,"height":600,"url":"https:\/\/medicinasinc.com\/sl\/wp-content\/uploads\/sites\/7\/2022\/02\/Buy-Nepalese-Stick-Hash.jpg","type":"image\/jpeg"}],"twitter_card":"summary_large_image","twitter_misc":{"Est. reading time":"2 minutes"},"schema":{"@context":"https:\/\/schema.org","@graph":[{"@type":"WebPage","@id":"https:\/\/medicinasinc.com\/sl\/product\/kupi-nepalsko-palico-has\/","url":"https:\/\/medicinasinc.com\/sl\/product\/kupi-nepalsko-palico-has\/","name":"Kupite nepalsko palico Hash - najbolj\u0161a najbolj\u0161a globalna zdravila","isPartOf":{"@id":"https:\/\/medicinasinc.com\/sl\/#website"},"primaryImageOfPage":{"@id":"https:\/\/medicinasinc.com\/sl\/product\/kupi-nepalsko-palico-has\/#primaryimage"},"image":{"@id":"https:\/\/medicinasinc.com\/sl\/product\/kupi-nepalsko-palico-has\/#primaryimage"},"thumbnailUrl":"https:\/\/medicinasinc.com\/sl\/wp-content\/uploads\/sites\/7\/2022\/02\/Buy-Nepalese-Stick-Hash.jpg","datePublished":"2022-02-20T15:05:15+00:00","dateModified":"2022-03-19T00:58:37+00:00","description":"Buy Nepalese Stick Hash Online Nepalski se nana\u0161a na kateri koli sev, ki naivno raste v regiji Nepala. Naro\u010dite Weed Online, te avtohtone sorte.","breadcrumb":{"@id":"https:\/\/medicinasinc.com\/sl\/product\/kupi-nepalsko-palico-has\/#breadcrumb"},"inLanguage":"en-US","potentialAction":[{"@type":"ReadAction","target":["https:\/\/medicinasinc.com\/sl\/product\/kupi-nepalsko-palico-has\/"]}]},{"@type":"ImageObject","inLanguage":"en-US","@id":"https:\/\/medicinasinc.com\/sl\/product\/kupi-nepalsko-palico-has\/#primaryimage","url":"https:\/\/medicinasinc.com\/sl\/wp-content\/uploads\/sites\/7\/2022\/02\/Buy-Nepalese-Stick-Hash.jpg","contentUrl":"https:\/\/medicinasinc.com\/sl\/wp-content\/uploads\/sites\/7\/2022\/02\/Buy-Nepalese-Stick-Hash.jpg","width":600,"height":600},{"@type":"BreadcrumbList","@id":"https:\/\/medicinasinc.com\/sl\/product\/kupi-nepalsko-palico-has\/#breadcrumb","itemListElement":[{"@type":"ListItem","position":1,"name":"Nakupujte","item":"https:\/\/medicinasinc.com\/sl\/nakupujte\/"},{"@type":"ListItem","position":2,"name":"Kupite nepalsko palico Hash"}]},{"@type":"WebSite","@id":"https:\/\/medicinasinc.com\/sl\/#website","url":"https:\/\/medicinasinc.com\/sl\/","name":"Medicinas Inc","description":"Health Medical Clinic","potentialAction":[{"@type":"SearchAction","target":{"@type":"EntryPoint","urlTemplate":"https:\/\/medicinasinc.com\/sl\/?s={search_term_string}"},"query-input":{"@type":"PropertyValueSpecification","valueRequired":true,"valueName":"search_term_string"}}],"inLanguage":"en-US"}]}},"_links":{"self":[{"href":"https:\/\/medicinasinc.com\/sl\/wp-json\/wp\/v2\/product\/4717","targetHints":{"allow":["GET"]}}],"collection":[{"href":"https:\/\/medicinasinc.com\/sl\/wp-json\/wp\/v2\/product"}],"about":[{"href":"https:\/\/medicinasinc.com\/sl\/wp-json\/wp\/v2\/types\/product"}],"replies":[{"embeddable":true,"href":"https:\/\/medicinasinc.com\/sl\/wp-json\/wp\/v2\/comments?post=4717"}],"wp:featuredmedia":[{"embeddable":true,"href":"https:\/\/medicinasinc.com\/sl\/wp-json\/wp\/v2\/media\/4730"}],"wp:attachment":[{"href":"https:\/\/medicinasinc.com\/sl\/wp-json\/wp\/v2\/media?parent=4717"}],"wp:term":[{"taxonomy":"product_brand","embeddable":true,"href":"https:\/\/medicinasinc.com\/sl\/wp-json\/wp\/v2\/product_brand?post=4717"},{"taxonomy":"product_cat","embeddable":true,"href":"https:\/\/medicinasinc.com\/sl\/wp-json\/wp\/v2\/product_cat?post=4717"},{"taxonomy":"product_tag","embeddable":true,"href":"https:\/\/medicinasinc.com\/sl\/wp-json\/wp\/v2\/product_tag?post=4717"}],"curies":[{"name":"wp","href":"https:\/\/api.w.org\/{rel}","templated":true}]}}