{"id":4716,"date":"2022-02-20T15:05:01","date_gmt":"2022-02-20T15:05:01","guid":{"rendered":"https:\/\/medicinasinc.com\/sl\/?post_type=product&#038;p=4716"},"modified":"2022-03-19T00:58:51","modified_gmt":"2022-03-19T00:58:51","slug":"kupi-nederhas-hasis","status":"publish","type":"product","link":"https:\/\/medicinasinc.com\/sl\/product\/kupi-nederhas-hasis\/","title":{"rendered":"Kupite Nederhash Hashish"},"content":{"rendered":"<p>Spletni nakup ha\u0161i\u0161a Nederhash<\/p>\n<p>Kaj pravzaprav je ha\u0161i\u0161? Ha\u0161 se pridobiva iz rastlin konoplje, ki se gojijo na Nizozemskem. Rastline se obi\u010dajno gojijo v zaprtih prostorih, vendar obstaja tudi nekaj zunanjih in rastlinjakov. Generacija: Tehnike sestavljanja se razlikujejo glede na proizvajalca. Medtem ko se ve\u010dina Hasha dostavi prek presejanja, kot je to v Maroku, se majhna koli\u010dina ro\u010dno opranega Hasha proizvaja tudi z uporabo afganistanske strategije (ki je o\u010ditno mo\u010dno izbolj\u0161ana). V vsakem primeru je v ha\u0161i\u0161u spremenjena le koli\u010dina plevela v sledovih. Sen\u010denje: Na splo\u0161no zelo zeleno, vendar se to razlikuje glede na vrsto uporabljene trave in proizvajalca. Vonj: Obi\u010dajno travnat ali skunk, vendar je to odvisno od vrste plevela. Okus: Identi\u010den kot prej naveden. Konzistentnost: velik del nizozemskega ha\u0161i\u0161a ni natan\u010dno stisnjen (to je izdelava), gob\u010dki pa so obi\u010dajno preve\u010d u\u010dinkovito lo\u010deni. Vsekakor se je konsistenca v zadnjem \u010dasu izbolj\u0161ala in zdi se, da se hitro prilagajajo. O\u010ditno se prej\u0161nje ne nana\u0161a na ro\u010dno oprani Hash, ki je izjemno ob\u010dutljiv, podoben afganistanskemu. Obi\u010dajno je ha\u0161i\u0161 sestavljen iz \u017eenskih glav, ki so bile razbite in stisnjene pod ogromnimi obremenitvami, da bi ustvarile mo\u010dno nepravilnost, ki se popolnoma razblini. Vrsta High se razlikuje glede na uporabljeni sev Weeda, vendar je ve\u010dinoma high zelo dinami\u010den in mo\u017eganski. Intenzivnost: Od mo\u010dnega do mo\u010dnega, ta material preka\u0161a vse druge vrste Hash, ki so na voljo povpre\u010dnemu uporabniku. Preka\u0161a celo ve\u010dino Nepalcev in skoraj vsakega dobrohotnega Afganistanca. (Vsebuje do 59 odstotkov THC-ja) Razpolo\u017eljivost: izjemno redko zunaj Nizozemske in sosednjih dr\u017eav. Ne bi zadr\u017eeval diha, ko bi \u010dakal, da se to pojavi na britanskem trgu. Na splo\u0161no je kakovost razli\u010dna, vendar so stro\u0161ki vedno visoki. Za nizozemski Hash ni standardne klasifikacije. Sensi-Hash je ime, dano izjemnemu prahu, ki je v bistvu zelo gosto zapakiran THC dragulj.<\/p>\n<p>Kako nastane Hash?<\/p>\n<p>Ve\u010dino ha\u0161a proizvedemo z drgnjenjem posu\u0161enih rastlin. proti zelo fini mre\u017eici. Po tem trihomi padejo skozi sito in jih lo\u010dijo od rastlinskega materiala. Smolne \u017eleze se nato segrejejo in stisnejo, da tvorijo kohezivno maso ha\u0161i\u0161a.<\/p>\n<p>Ha\u0161i\u0161 proti marihuani?<\/p>\n<p>Za za\u010detek je o\u010ditna povezava med marihuano in ha\u0161i\u0161em ta, da sta oba izpeljana. iz iste rastline konoplje. Kot verjetno \u017ee veste, je lonec cvetni popek \u017eenske rastline konoplje. Hash plevel je sestavljen iz istih brstov kot marihuana, vendar je druga\u010de obdelan. Medtem ko je rastlina konoplje v polnem razcvetu, se poberejo cvetni brsti in kmet bo nato nadaljeval v eni od dveh smeri. V primeru ha\u0161i\u0161a bomo cvetove obesili, da se posu\u0161ijo. Nastali produkt je rastlina, ki jo vsi poznamo po odstranitvi vsakega semena, pomladi in odve\u010dnega lista. V celoti je odvisno od vas, ali imate raje marihuano ali ha\u0161i\u0161, a edini na\u010din za dostop do vseh prednosti konoplje je osebno izobra\u017eevanje. Izvedite raziskavo pred kajenjem in se kot vedno naro\u010dite na na\u0161e glasilo za dodatne nasvete in trike!<\/p>\n<p>Kaj pravzaprav je ha\u0161i\u0161?<\/p>\n<p>Kaj je snov ha\u0161i\u0161? Ha\u0161i\u0161, imenovan tudi &#8220;ha\u0161&#8221;, je vrsta popkov marihuane, ki nastane s stiskanjem in predelavo trihomov rastline konoplje. Obi\u010dajno se kadi v pipi, bongu, uparjalniku ali d\u017eointu, lahko pa ga u\u017eivamo tudi oralno. Kako se proizvaja ha\u0161i\u0161? Spletni nakup Nederhash Hashish, Hashish se proizvaja tako, da te trihome lo\u010dimo od rastlinskih popkov, listov in stebel ter jih segrejemo\/stisnemo, da ustvarimo mo\u010dno snov.<\/p>\n<p>Kako zviti d\u017eoint s ha\u0161inom?<\/p>\n<p> p&gt; <\/p>\n<p>Zdru\u017eite ga s travo in tobakom v \u0161opku. \u010ce imate suh blok, ga lahko preprosto zdrobite ali odlomite drobne kamen\u010dke in ga vstavite v fuge. Kombinirajte ga s tobakom ali marihuano. Druga metoda vklju\u010duje intenzivnej\u0161i dvig, ki ga boste verjetno iskali \u010de ste iskalec avanture. Najbolj\u0161i na\u010din za zvijanje ha\u0161i\u0161a je, da ga razbijete in zdru\u017eite s plevelom. To je res najbolj\u0161i na\u010din za kajenje ha\u0161i\u0161a, saj ga je enostavno deliti, okus po ha\u0161i\u0161u pa \u0161e pove\u010da doobie. Ali je ha\u0161i\u0161 zakonit v Zdru\u017eenih dr\u017eavah? \u010ceprav je bila prodaja konoplje leta 1989 prepovedana, se zakoni redko izvajajo, droga pa se odprto prodaja v mnogih delih dr\u017eave. Barbados, zakonito za duhovno uporabo registriranih verskih organizacij<\/p>\n<p>Kak\u0161ni so u\u010dinki ha\u0161i\u0161a?<\/p>\n<p>Kratkoro\u010dno lahko uporaba ha\u0161i\u0161a povzro\u010di te\u017eave s spominom in u\u010denjem; izkrivljeno zaznavanje (prizori, zvoki, \u010das, dotik); te\u017eave pri razmi\u0161ljanju in re\u0161evanju problemov; izguba koordinacije; in pove\u010dan sr\u010dni utrip, tesnoba in napadi panike. Zaradi visoke koncentracije THC-ja v ha\u0161i\u0161u in drugih koncentratih so u\u010dinki lahko intenzivnej\u0161i.<\/p>\n<p>Bubble hash je koncentrat konoplje, sestavljen iz na tiso\u010de trihomov ali smolnatih \u017elez, ki so bile ekstrahirane iz konoplje. rastline z ledeno vodo, me\u0161anjem in sitom. Izraz &#8220;bubble hash&#8221; se nana\u0161a na na\u010din, kako mehur\u010dka, ko je izpostavljen ognju. Poleg tega se vre\u010dke, ki se uporabljajo za izdelavo doma, imenujejo &#8220;vre\u010dke z mehur\u010dki.&#8221;<\/p>\n<p>Hash Plant, klasika Sensi Seeds, ostane kompaktna skozi svoje izjemno kratko obdobje cvetenja. Ta 90-odstotni indijski izdelek je rezultat natan\u010dne genetske selekcije, ki je vklju\u010devala kri\u017eanje skrivnostne rastline Hash iz Zdru\u017eenih dr\u017eav s severnim sijem.<\/p>\n","protected":false},"excerpt":{"rendered":"<p>Spletni nakup ha\u0161i\u0161a Nederhash,\u00a0 Kupite medicinsko marihuano v Nem\u010diji Kje lahko kupim prepovedane droge na spletu? Spletne lekarne v moji bli\u017eini Prodaja zdravil Dark web.<\/p>\n<p>&nbsp;<\/p>\n","protected":false},"featured_media":4728,"comment_status":"open","ping_status":"closed","template":"","meta":[],"product_brand":[],"product_cat":[610],"product_tag":[],"class_list":{"0":"post-4716","1":"product","2":"type-product","3":"status-publish","4":"has-post-thumbnail","6":"product_cat-kupi-hash-hashish","8":"first","9":"instock","10":"shipping-taxable","11":"purchasable","12":"product-type-variable","13":"has-default-attributes"},"yoast_head":"<!-- This site is optimized with the Yoast SEO plugin v27.3 - https:\/\/yoast.com\/product\/yoast-seo-wordpress\/ -->\n<title>Kupite Nederhash Hashish - Najbolj\u0161a najbolj\u0161a globalna zdravila<\/title>\n<meta name=\"description\" content=\"Kupite Nederhash Hashish na spletu Kupite medicinski plevel v Nem\u010diji Kje kupiti prepovedane droge na spletu Droge za prodajo na spletu blizu mene Droge iz temnega spleta.\" \/>\n<meta name=\"robots\" content=\"index, follow, max-snippet:-1, max-image-preview:large, max-video-preview:-1\" \/>\n<link rel=\"canonical\" href=\"https:\/\/medicinasinc.com\/sl\/product\/kupi-nederhas-hasis\/\" \/>\n<meta property=\"og:locale\" content=\"en_US\" \/>\n<meta property=\"og:type\" content=\"article\" \/>\n<meta property=\"og:title\" content=\"Kupite Nederhash Hashish - Najbolj\u0161a najbolj\u0161a globalna zdravila\" \/>\n<meta property=\"og:description\" content=\"Kupite Nederhash Hashish na spletu Kupite medicinski plevel v Nem\u010diji Kje kupiti prepovedane droge na spletu Droge za prodajo na spletu blizu mene Droge iz temnega spleta.\" \/>\n<meta property=\"og:url\" content=\"https:\/\/medicinasinc.com\/sl\/product\/kupi-nederhas-hasis\/\" \/>\n<meta property=\"og:site_name\" content=\"Medicinas Inc\" \/>\n<meta property=\"article:modified_time\" content=\"2022-03-19T00:58:51+00:00\" \/>\n<meta property=\"og:image\" content=\"https:\/\/medicinasinc.com\/sl\/wp-content\/uploads\/sites\/7\/2022\/02\/Buy-Nederhash-Hashish-Online.jpg\" \/>\n\t<meta property=\"og:image:width\" content=\"600\" \/>\n\t<meta property=\"og:image:height\" content=\"600\" \/>\n\t<meta property=\"og:image:type\" content=\"image\/jpeg\" \/>\n<meta name=\"twitter:card\" content=\"summary_large_image\" \/>\n<meta name=\"twitter:label1\" content=\"Est. reading time\" \/>\n\t<meta name=\"twitter:data1\" content=\"4 minutes\" \/>\n<script type=\"application\/ld+json\" class=\"yoast-schema-graph\">{\"@context\":\"https:\\\/\\\/schema.org\",\"@graph\":[{\"@type\":\"WebPage\",\"@id\":\"https:\\\/\\\/medicinasinc.com\\\/sl\\\/product\\\/kupi-nederhas-hasis\\\/\",\"url\":\"https:\\\/\\\/medicinasinc.com\\\/sl\\\/product\\\/kupi-nederhas-hasis\\\/\",\"name\":\"Kupite Nederhash Hashish - Najbolj\u0161a najbolj\u0161a globalna zdravila\",\"isPartOf\":{\"@id\":\"https:\\\/\\\/medicinasinc.com\\\/sl\\\/#website\"},\"primaryImageOfPage\":{\"@id\":\"https:\\\/\\\/medicinasinc.com\\\/sl\\\/product\\\/kupi-nederhas-hasis\\\/#primaryimage\"},\"image\":{\"@id\":\"https:\\\/\\\/medicinasinc.com\\\/sl\\\/product\\\/kupi-nederhas-hasis\\\/#primaryimage\"},\"thumbnailUrl\":\"https:\\\/\\\/medicinasinc.com\\\/sl\\\/wp-content\\\/uploads\\\/sites\\\/7\\\/2022\\\/02\\\/Buy-Nederhash-Hashish-Online.jpg\",\"datePublished\":\"2022-02-20T15:05:01+00:00\",\"dateModified\":\"2022-03-19T00:58:51+00:00\",\"description\":\"Kupite Nederhash Hashish na spletu Kupite medicinski plevel v Nem\u010diji Kje kupiti prepovedane droge na spletu Droge za prodajo na spletu blizu mene Droge iz temnega spleta.\",\"breadcrumb\":{\"@id\":\"https:\\\/\\\/medicinasinc.com\\\/sl\\\/product\\\/kupi-nederhas-hasis\\\/#breadcrumb\"},\"inLanguage\":\"en-US\",\"potentialAction\":[{\"@type\":\"ReadAction\",\"target\":[\"https:\\\/\\\/medicinasinc.com\\\/sl\\\/product\\\/kupi-nederhas-hasis\\\/\"]}]},{\"@type\":\"ImageObject\",\"inLanguage\":\"en-US\",\"@id\":\"https:\\\/\\\/medicinasinc.com\\\/sl\\\/product\\\/kupi-nederhas-hasis\\\/#primaryimage\",\"url\":\"https:\\\/\\\/medicinasinc.com\\\/sl\\\/wp-content\\\/uploads\\\/sites\\\/7\\\/2022\\\/02\\\/Buy-Nederhash-Hashish-Online.jpg\",\"contentUrl\":\"https:\\\/\\\/medicinasinc.com\\\/sl\\\/wp-content\\\/uploads\\\/sites\\\/7\\\/2022\\\/02\\\/Buy-Nederhash-Hashish-Online.jpg\",\"width\":600,\"height\":600},{\"@type\":\"BreadcrumbList\",\"@id\":\"https:\\\/\\\/medicinasinc.com\\\/sl\\\/product\\\/kupi-nederhas-hasis\\\/#breadcrumb\",\"itemListElement\":[{\"@type\":\"ListItem\",\"position\":1,\"name\":\"Nakupujte\",\"item\":\"https:\\\/\\\/medicinasinc.com\\\/sl\\\/nakupujte\\\/\"},{\"@type\":\"ListItem\",\"position\":2,\"name\":\"Kupite Nederhash Hashish\"}]},{\"@type\":\"WebSite\",\"@id\":\"https:\\\/\\\/medicinasinc.com\\\/sl\\\/#website\",\"url\":\"https:\\\/\\\/medicinasinc.com\\\/sl\\\/\",\"name\":\"Medicinas Inc\",\"description\":\"Health Medical Clinic\",\"potentialAction\":[{\"@type\":\"SearchAction\",\"target\":{\"@type\":\"EntryPoint\",\"urlTemplate\":\"https:\\\/\\\/medicinasinc.com\\\/sl\\\/?s={search_term_string}\"},\"query-input\":{\"@type\":\"PropertyValueSpecification\",\"valueRequired\":true,\"valueName\":\"search_term_string\"}}],\"inLanguage\":\"en-US\"}]}<\/script>\n<!-- \/ Yoast SEO plugin. -->","yoast_head_json":{"title":"Kupite Nederhash Hashish - Najbolj\u0161a najbolj\u0161a globalna zdravila","description":"Kupite Nederhash Hashish na spletu Kupite medicinski plevel v Nem\u010diji Kje kupiti prepovedane droge na spletu Droge za prodajo na spletu blizu mene Droge iz temnega spleta.","robots":{"index":"index","follow":"follow","max-snippet":"max-snippet:-1","max-image-preview":"max-image-preview:large","max-video-preview":"max-video-preview:-1"},"canonical":"https:\/\/medicinasinc.com\/sl\/product\/kupi-nederhas-hasis\/","og_locale":"en_US","og_type":"article","og_title":"Kupite Nederhash Hashish - Najbolj\u0161a najbolj\u0161a globalna zdravila","og_description":"Kupite Nederhash Hashish na spletu Kupite medicinski plevel v Nem\u010diji Kje kupiti prepovedane droge na spletu Droge za prodajo na spletu blizu mene Droge iz temnega spleta.","og_url":"https:\/\/medicinasinc.com\/sl\/product\/kupi-nederhas-hasis\/","og_site_name":"Medicinas Inc","article_modified_time":"2022-03-19T00:58:51+00:00","og_image":[{"width":600,"height":600,"url":"https:\/\/medicinasinc.com\/sl\/wp-content\/uploads\/sites\/7\/2022\/02\/Buy-Nederhash-Hashish-Online.jpg","type":"image\/jpeg"}],"twitter_card":"summary_large_image","twitter_misc":{"Est. reading time":"4 minutes"},"schema":{"@context":"https:\/\/schema.org","@graph":[{"@type":"WebPage","@id":"https:\/\/medicinasinc.com\/sl\/product\/kupi-nederhas-hasis\/","url":"https:\/\/medicinasinc.com\/sl\/product\/kupi-nederhas-hasis\/","name":"Kupite Nederhash Hashish - Najbolj\u0161a najbolj\u0161a globalna zdravila","isPartOf":{"@id":"https:\/\/medicinasinc.com\/sl\/#website"},"primaryImageOfPage":{"@id":"https:\/\/medicinasinc.com\/sl\/product\/kupi-nederhas-hasis\/#primaryimage"},"image":{"@id":"https:\/\/medicinasinc.com\/sl\/product\/kupi-nederhas-hasis\/#primaryimage"},"thumbnailUrl":"https:\/\/medicinasinc.com\/sl\/wp-content\/uploads\/sites\/7\/2022\/02\/Buy-Nederhash-Hashish-Online.jpg","datePublished":"2022-02-20T15:05:01+00:00","dateModified":"2022-03-19T00:58:51+00:00","description":"Kupite Nederhash Hashish na spletu Kupite medicinski plevel v Nem\u010diji Kje kupiti prepovedane droge na spletu Droge za prodajo na spletu blizu mene Droge iz temnega spleta.","breadcrumb":{"@id":"https:\/\/medicinasinc.com\/sl\/product\/kupi-nederhas-hasis\/#breadcrumb"},"inLanguage":"en-US","potentialAction":[{"@type":"ReadAction","target":["https:\/\/medicinasinc.com\/sl\/product\/kupi-nederhas-hasis\/"]}]},{"@type":"ImageObject","inLanguage":"en-US","@id":"https:\/\/medicinasinc.com\/sl\/product\/kupi-nederhas-hasis\/#primaryimage","url":"https:\/\/medicinasinc.com\/sl\/wp-content\/uploads\/sites\/7\/2022\/02\/Buy-Nederhash-Hashish-Online.jpg","contentUrl":"https:\/\/medicinasinc.com\/sl\/wp-content\/uploads\/sites\/7\/2022\/02\/Buy-Nederhash-Hashish-Online.jpg","width":600,"height":600},{"@type":"BreadcrumbList","@id":"https:\/\/medicinasinc.com\/sl\/product\/kupi-nederhas-hasis\/#breadcrumb","itemListElement":[{"@type":"ListItem","position":1,"name":"Nakupujte","item":"https:\/\/medicinasinc.com\/sl\/nakupujte\/"},{"@type":"ListItem","position":2,"name":"Kupite Nederhash Hashish"}]},{"@type":"WebSite","@id":"https:\/\/medicinasinc.com\/sl\/#website","url":"https:\/\/medicinasinc.com\/sl\/","name":"Medicinas Inc","description":"Health Medical Clinic","potentialAction":[{"@type":"SearchAction","target":{"@type":"EntryPoint","urlTemplate":"https:\/\/medicinasinc.com\/sl\/?s={search_term_string}"},"query-input":{"@type":"PropertyValueSpecification","valueRequired":true,"valueName":"search_term_string"}}],"inLanguage":"en-US"}]}},"_links":{"self":[{"href":"https:\/\/medicinasinc.com\/sl\/wp-json\/wp\/v2\/product\/4716","targetHints":{"allow":["GET"]}}],"collection":[{"href":"https:\/\/medicinasinc.com\/sl\/wp-json\/wp\/v2\/product"}],"about":[{"href":"https:\/\/medicinasinc.com\/sl\/wp-json\/wp\/v2\/types\/product"}],"replies":[{"embeddable":true,"href":"https:\/\/medicinasinc.com\/sl\/wp-json\/wp\/v2\/comments?post=4716"}],"wp:featuredmedia":[{"embeddable":true,"href":"https:\/\/medicinasinc.com\/sl\/wp-json\/wp\/v2\/media\/4728"}],"wp:attachment":[{"href":"https:\/\/medicinasinc.com\/sl\/wp-json\/wp\/v2\/media?parent=4716"}],"wp:term":[{"taxonomy":"product_brand","embeddable":true,"href":"https:\/\/medicinasinc.com\/sl\/wp-json\/wp\/v2\/product_brand?post=4716"},{"taxonomy":"product_cat","embeddable":true,"href":"https:\/\/medicinasinc.com\/sl\/wp-json\/wp\/v2\/product_cat?post=4716"},{"taxonomy":"product_tag","embeddable":true,"href":"https:\/\/medicinasinc.com\/sl\/wp-json\/wp\/v2\/product_tag?post=4716"}],"curies":[{"name":"wp","href":"https:\/\/api.w.org\/{rel}","templated":true}]}}