{"id":4701,"date":"2022-02-20T14:53:39","date_gmt":"2022-02-20T14:53:39","guid":{"rendered":"https:\/\/medicinasinc.com\/sl\/?post_type=product&#038;p=4701"},"modified":"2022-03-19T00:59:00","modified_gmt":"2022-03-19T00:59:00","slug":"kupi-maroski-karamelo-has","status":"publish","type":"product","link":"https:\/\/medicinasinc.com\/sl\/product\/kupi-maroski-karamelo-has\/","title":{"rendered":"Kupite maro\u0161ki karamelni ha\u0161"},"content":{"rendered":"<p>Kupite Caramello Hash iz Maroka<\/p>\n<p>Kupite Caramello Hash iz Maroka. Maro\u0161ki karamelni ha\u0161 je klon rastline ha\u0161i\u0161a. Na splo\u0161no je zakonito in bo ostalo zakonito do konca \u010dasov. Ne vsebuje THC-ja, izdelanih kanabinoidov in drugih raziskovalnih sinteti\u010dnih kanabinoidov (kot so JWH-018, JWH-073, JWH-250, AM-2209 in tako naprej). Skoraj zagotovo je najbolj\u0161i legalni hash, ki je na voljo. Uporabljamo samo naravne materiale, bogate s hranili. Zdi se, da je ha\u0161i\u0161 videti kot ha\u0161i\u0161, se po\u010duti kot ha\u0161i\u0161, di\u0161i po konoplji in ima na splo\u0161no odli\u010den okus. Maro\u0161ki karamelni ha\u0161i\u0161 je le nekoliko temnej\u0161i od ostalih na\u0161ih izdelkov. \u010ce vas zanimajo na\u0161i izdelki, vam priporo\u010damo, da najprej kupite vzor\u010dni paket. Kupite zakonita zdravila na spletu.<\/p>\n","protected":false},"excerpt":{"rendered":"<div class=\"woocommerce-product-details__short-description\">\n<p>Maro\u0161ki Caramello Hash je na voljo za nakup na spletu in vsebuje 5 g eteri\u010dnega konopljinega olja. Maro\u0161ki Caramello Hash je popolnoma naraven izdelek iz konoplje.<\/p>\n<p>SPREJEMAMO SAMO PLA\u010cILA PREKO WESTERN UNION, MONEY GRAM ALI BTC. \u010cas dostave je pribli\u017eno tri dni ali \u0161tiriindvajset ur.<\/p>\n<\/p><\/div>\n","protected":false},"featured_media":4714,"comment_status":"open","ping_status":"closed","template":"","meta":[],"product_brand":[],"product_cat":[610],"product_tag":[],"class_list":{"0":"post-4701","1":"product","2":"type-product","3":"status-publish","4":"has-post-thumbnail","6":"product_cat-kupi-hash-hashish","8":"first","9":"instock","10":"shipping-taxable","11":"purchasable","12":"product-type-variable","13":"has-default-attributes"},"yoast_head":"<!-- This site is optimized with the Yoast SEO plugin v27.3 - https:\/\/yoast.com\/product\/yoast-seo-wordpress\/ -->\n<title>Kupite maro\u0161ki karamelo Hash - najbolj\u0161a najbolj\u0161a zdravila na svetu<\/title>\n<meta name=\"description\" content=\"Kupite maro\u0161ki Caramello Hash na spletu, vsebuje 5 g eteri\u010dnega konopljinega olja. Maro\u0161ki karamelni ha\u0161 je 100% naravni izdelek iz ha\u0161i\u0161a.\" \/>\n<meta name=\"robots\" content=\"index, follow, max-snippet:-1, max-image-preview:large, max-video-preview:-1\" \/>\n<link rel=\"canonical\" href=\"https:\/\/medicinasinc.com\/sl\/product\/kupi-maroski-karamelo-has\/\" \/>\n<meta property=\"og:locale\" content=\"en_US\" \/>\n<meta property=\"og:type\" content=\"article\" \/>\n<meta property=\"og:title\" content=\"Kupite maro\u0161ki karamelo Hash - najbolj\u0161a najbolj\u0161a zdravila na svetu\" \/>\n<meta property=\"og:description\" content=\"Kupite maro\u0161ki Caramello Hash na spletu, vsebuje 5 g eteri\u010dnega konopljinega olja. Maro\u0161ki karamelni ha\u0161 je 100% naravni izdelek iz ha\u0161i\u0161a.\" \/>\n<meta property=\"og:url\" content=\"https:\/\/medicinasinc.com\/sl\/product\/kupi-maroski-karamelo-has\/\" \/>\n<meta property=\"og:site_name\" content=\"Medicinas Inc\" \/>\n<meta property=\"article:modified_time\" content=\"2022-03-19T00:59:00+00:00\" \/>\n<meta property=\"og:image\" content=\"https:\/\/medicinasinc.com\/sl\/wp-content\/uploads\/sites\/7\/2022\/02\/Buy-Moroccan-Caramello-Hash.jpg\" \/>\n\t<meta property=\"og:image:width\" content=\"600\" \/>\n\t<meta property=\"og:image:height\" content=\"600\" \/>\n\t<meta property=\"og:image:type\" content=\"image\/jpeg\" \/>\n<meta name=\"twitter:card\" content=\"summary_large_image\" \/>\n<meta name=\"twitter:label1\" content=\"Est. reading time\" \/>\n\t<meta name=\"twitter:data1\" content=\"1 minute\" \/>\n<script type=\"application\/ld+json\" class=\"yoast-schema-graph\">{\"@context\":\"https:\\\/\\\/schema.org\",\"@graph\":[{\"@type\":\"WebPage\",\"@id\":\"https:\\\/\\\/medicinasinc.com\\\/sl\\\/product\\\/kupi-maroski-karamelo-has\\\/\",\"url\":\"https:\\\/\\\/medicinasinc.com\\\/sl\\\/product\\\/kupi-maroski-karamelo-has\\\/\",\"name\":\"Kupite maro\u0161ki karamelo Hash - najbolj\u0161a najbolj\u0161a zdravila na svetu\",\"isPartOf\":{\"@id\":\"https:\\\/\\\/medicinasinc.com\\\/sl\\\/#website\"},\"primaryImageOfPage\":{\"@id\":\"https:\\\/\\\/medicinasinc.com\\\/sl\\\/product\\\/kupi-maroski-karamelo-has\\\/#primaryimage\"},\"image\":{\"@id\":\"https:\\\/\\\/medicinasinc.com\\\/sl\\\/product\\\/kupi-maroski-karamelo-has\\\/#primaryimage\"},\"thumbnailUrl\":\"https:\\\/\\\/medicinasinc.com\\\/sl\\\/wp-content\\\/uploads\\\/sites\\\/7\\\/2022\\\/02\\\/Buy-Moroccan-Caramello-Hash.jpg\",\"datePublished\":\"2022-02-20T14:53:39+00:00\",\"dateModified\":\"2022-03-19T00:59:00+00:00\",\"description\":\"Kupite maro\u0161ki Caramello Hash na spletu, vsebuje 5 g eteri\u010dnega konopljinega olja. Maro\u0161ki karamelni ha\u0161 je 100% naravni izdelek iz ha\u0161i\u0161a.\",\"breadcrumb\":{\"@id\":\"https:\\\/\\\/medicinasinc.com\\\/sl\\\/product\\\/kupi-maroski-karamelo-has\\\/#breadcrumb\"},\"inLanguage\":\"en-US\",\"potentialAction\":[{\"@type\":\"ReadAction\",\"target\":[\"https:\\\/\\\/medicinasinc.com\\\/sl\\\/product\\\/kupi-maroski-karamelo-has\\\/\"]}]},{\"@type\":\"ImageObject\",\"inLanguage\":\"en-US\",\"@id\":\"https:\\\/\\\/medicinasinc.com\\\/sl\\\/product\\\/kupi-maroski-karamelo-has\\\/#primaryimage\",\"url\":\"https:\\\/\\\/medicinasinc.com\\\/sl\\\/wp-content\\\/uploads\\\/sites\\\/7\\\/2022\\\/02\\\/Buy-Moroccan-Caramello-Hash.jpg\",\"contentUrl\":\"https:\\\/\\\/medicinasinc.com\\\/sl\\\/wp-content\\\/uploads\\\/sites\\\/7\\\/2022\\\/02\\\/Buy-Moroccan-Caramello-Hash.jpg\",\"width\":600,\"height\":600},{\"@type\":\"BreadcrumbList\",\"@id\":\"https:\\\/\\\/medicinasinc.com\\\/sl\\\/product\\\/kupi-maroski-karamelo-has\\\/#breadcrumb\",\"itemListElement\":[{\"@type\":\"ListItem\",\"position\":1,\"name\":\"Nakupujte\",\"item\":\"https:\\\/\\\/medicinasinc.com\\\/sl\\\/nakupujte\\\/\"},{\"@type\":\"ListItem\",\"position\":2,\"name\":\"Kupite maro\u0161ki karamelni ha\u0161\"}]},{\"@type\":\"WebSite\",\"@id\":\"https:\\\/\\\/medicinasinc.com\\\/sl\\\/#website\",\"url\":\"https:\\\/\\\/medicinasinc.com\\\/sl\\\/\",\"name\":\"Medicinas Inc\",\"description\":\"Health Medical Clinic\",\"potentialAction\":[{\"@type\":\"SearchAction\",\"target\":{\"@type\":\"EntryPoint\",\"urlTemplate\":\"https:\\\/\\\/medicinasinc.com\\\/sl\\\/?s={search_term_string}\"},\"query-input\":{\"@type\":\"PropertyValueSpecification\",\"valueRequired\":true,\"valueName\":\"search_term_string\"}}],\"inLanguage\":\"en-US\"}]}<\/script>\n<!-- \/ Yoast SEO plugin. -->","yoast_head_json":{"title":"Kupite maro\u0161ki karamelo Hash - najbolj\u0161a najbolj\u0161a zdravila na svetu","description":"Kupite maro\u0161ki Caramello Hash na spletu, vsebuje 5 g eteri\u010dnega konopljinega olja. Maro\u0161ki karamelni ha\u0161 je 100% naravni izdelek iz ha\u0161i\u0161a.","robots":{"index":"index","follow":"follow","max-snippet":"max-snippet:-1","max-image-preview":"max-image-preview:large","max-video-preview":"max-video-preview:-1"},"canonical":"https:\/\/medicinasinc.com\/sl\/product\/kupi-maroski-karamelo-has\/","og_locale":"en_US","og_type":"article","og_title":"Kupite maro\u0161ki karamelo Hash - najbolj\u0161a najbolj\u0161a zdravila na svetu","og_description":"Kupite maro\u0161ki Caramello Hash na spletu, vsebuje 5 g eteri\u010dnega konopljinega olja. Maro\u0161ki karamelni ha\u0161 je 100% naravni izdelek iz ha\u0161i\u0161a.","og_url":"https:\/\/medicinasinc.com\/sl\/product\/kupi-maroski-karamelo-has\/","og_site_name":"Medicinas Inc","article_modified_time":"2022-03-19T00:59:00+00:00","og_image":[{"width":600,"height":600,"url":"https:\/\/medicinasinc.com\/sl\/wp-content\/uploads\/sites\/7\/2022\/02\/Buy-Moroccan-Caramello-Hash.jpg","type":"image\/jpeg"}],"twitter_card":"summary_large_image","twitter_misc":{"Est. reading time":"1 minute"},"schema":{"@context":"https:\/\/schema.org","@graph":[{"@type":"WebPage","@id":"https:\/\/medicinasinc.com\/sl\/product\/kupi-maroski-karamelo-has\/","url":"https:\/\/medicinasinc.com\/sl\/product\/kupi-maroski-karamelo-has\/","name":"Kupite maro\u0161ki karamelo Hash - najbolj\u0161a najbolj\u0161a zdravila na svetu","isPartOf":{"@id":"https:\/\/medicinasinc.com\/sl\/#website"},"primaryImageOfPage":{"@id":"https:\/\/medicinasinc.com\/sl\/product\/kupi-maroski-karamelo-has\/#primaryimage"},"image":{"@id":"https:\/\/medicinasinc.com\/sl\/product\/kupi-maroski-karamelo-has\/#primaryimage"},"thumbnailUrl":"https:\/\/medicinasinc.com\/sl\/wp-content\/uploads\/sites\/7\/2022\/02\/Buy-Moroccan-Caramello-Hash.jpg","datePublished":"2022-02-20T14:53:39+00:00","dateModified":"2022-03-19T00:59:00+00:00","description":"Kupite maro\u0161ki Caramello Hash na spletu, vsebuje 5 g eteri\u010dnega konopljinega olja. Maro\u0161ki karamelni ha\u0161 je 100% naravni izdelek iz ha\u0161i\u0161a.","breadcrumb":{"@id":"https:\/\/medicinasinc.com\/sl\/product\/kupi-maroski-karamelo-has\/#breadcrumb"},"inLanguage":"en-US","potentialAction":[{"@type":"ReadAction","target":["https:\/\/medicinasinc.com\/sl\/product\/kupi-maroski-karamelo-has\/"]}]},{"@type":"ImageObject","inLanguage":"en-US","@id":"https:\/\/medicinasinc.com\/sl\/product\/kupi-maroski-karamelo-has\/#primaryimage","url":"https:\/\/medicinasinc.com\/sl\/wp-content\/uploads\/sites\/7\/2022\/02\/Buy-Moroccan-Caramello-Hash.jpg","contentUrl":"https:\/\/medicinasinc.com\/sl\/wp-content\/uploads\/sites\/7\/2022\/02\/Buy-Moroccan-Caramello-Hash.jpg","width":600,"height":600},{"@type":"BreadcrumbList","@id":"https:\/\/medicinasinc.com\/sl\/product\/kupi-maroski-karamelo-has\/#breadcrumb","itemListElement":[{"@type":"ListItem","position":1,"name":"Nakupujte","item":"https:\/\/medicinasinc.com\/sl\/nakupujte\/"},{"@type":"ListItem","position":2,"name":"Kupite maro\u0161ki karamelni ha\u0161"}]},{"@type":"WebSite","@id":"https:\/\/medicinasinc.com\/sl\/#website","url":"https:\/\/medicinasinc.com\/sl\/","name":"Medicinas Inc","description":"Health Medical Clinic","potentialAction":[{"@type":"SearchAction","target":{"@type":"EntryPoint","urlTemplate":"https:\/\/medicinasinc.com\/sl\/?s={search_term_string}"},"query-input":{"@type":"PropertyValueSpecification","valueRequired":true,"valueName":"search_term_string"}}],"inLanguage":"en-US"}]}},"_links":{"self":[{"href":"https:\/\/medicinasinc.com\/sl\/wp-json\/wp\/v2\/product\/4701","targetHints":{"allow":["GET"]}}],"collection":[{"href":"https:\/\/medicinasinc.com\/sl\/wp-json\/wp\/v2\/product"}],"about":[{"href":"https:\/\/medicinasinc.com\/sl\/wp-json\/wp\/v2\/types\/product"}],"replies":[{"embeddable":true,"href":"https:\/\/medicinasinc.com\/sl\/wp-json\/wp\/v2\/comments?post=4701"}],"wp:featuredmedia":[{"embeddable":true,"href":"https:\/\/medicinasinc.com\/sl\/wp-json\/wp\/v2\/media\/4714"}],"wp:attachment":[{"href":"https:\/\/medicinasinc.com\/sl\/wp-json\/wp\/v2\/media?parent=4701"}],"wp:term":[{"taxonomy":"product_brand","embeddable":true,"href":"https:\/\/medicinasinc.com\/sl\/wp-json\/wp\/v2\/product_brand?post=4701"},{"taxonomy":"product_cat","embeddable":true,"href":"https:\/\/medicinasinc.com\/sl\/wp-json\/wp\/v2\/product_cat?post=4701"},{"taxonomy":"product_tag","embeddable":true,"href":"https:\/\/medicinasinc.com\/sl\/wp-json\/wp\/v2\/product_tag?post=4701"}],"curies":[{"name":"wp","href":"https:\/\/api.w.org\/{rel}","templated":true}]}}