{"id":4667,"date":"2022-02-20T14:27:35","date_gmt":"2022-02-20T14:27:35","guid":{"rendered":"https:\/\/medicinasinc.com\/sl\/?post_type=product&#038;p=4667"},"modified":"2022-03-19T01:00:10","modified_gmt":"2022-03-19T01:00:10","slug":"buy-india-charas-black-hash","status":"publish","type":"product","link":"https:\/\/medicinasinc.com\/sl\/product\/buy-india-charas-black-hash\/","title":{"rendered":"Kupite India Charas Black Hash"},"content":{"rendered":"<p>Spletni nakup Indije Charas Black Hash| Spletni nakup India Charas Black Hash<\/p>\n<p>Spletni nakup India Charas Black Hash. Z njim je enostavno delati, ima ostro, za\u010dinjeno aromo in uporabnikom zagotavlja mo\u010dan hrup po celem telesu. Gojene in pridelane v dolini Parvati, ki je znana po edinstveni sorti Charas, imenovani Malana Cream, ki je cenjena zaradi visoke vsebnosti THC. Je odli\u010den spremljevalec \u010dez dan za izku\u0161ene kadilce, ki lahko prenesejo mo\u010dan dvig. Izraz &#8220;Indian Charas Black Hash&#8221; se nana\u0161a na ha\u0161i\u0161, ki je bil ro\u010dno izdelan v Indiji, Pakistanu ali Nepalu. Na zunanji strani je ha\u0161i\u0161 temno rjave barve. Ko se ha\u0161i\u0161 odpre, razkrije temno zelenkasto\/rjavo notranjost. Izrazita aroma sega od pikantne do izjemno za\u010dinjene. Proizvaja izjemno kamnito in fizi\u010dno visoko. India Charas Black Hash je na voljo za nakup na spletu.<\/p>\n<p>Prednosti<\/p>\n<p>Pomaga pri laj\u0161anju naslednjih te\u017eav:<\/p>\n<p>StresssDepressionsPainsHeadaches<br \/> Nespe\u010dnost<br \/> Kje kupiti v Indiji Online Charas Black Hash<\/p>\n<p>Na\u0161 cilj je zadovoljiti na\u0161e stranke in jim zagotoviti najbolj\u0161o mo\u017eno spletno nakupovalno izku\u0161njo. Zagotavljamo, da so vsi na\u0161i izdelki najvi\u0161je kakovosti, da lahko na\u0161e stranke dobijo le najbolj\u0161e. Nudimo pristen indijski Charas Black Hash. Na\u0161e cene so najni\u017eje, ki so na voljo na spletu. Kupite kakovost in odkrijte, o \u010dem vsi govorijo. Oddajte svoje naro\u010dilo za India Charas Black Hash prek spleta pri nas \u0161e danes in bodite prepri\u010dani o varnosti in najbolj\u0161ih storitvah dostave. Le nekaj klikov vas lo\u010di od spletnega nakupa India Charas Black Hash.<\/p>\n","protected":false},"excerpt":{"rendered":"<p>Kupite India Charas Black Hash na spletu. Enostaven za delo, ima ostro, za\u010dinjeno aromo in zagotavlja mo\u010dan ob\u010dutek za telo. Naro\u010dite \u010drni ha\u0161i\u0161 tukaj.<\/p>\n<ul>\n<li>Po\u0161iljanje po vsem svetu<\/li>\n<li><strong>Ocena: AAAAA<\/strong><\/li>\n<li>Za ve\u010dja naro\u010dila nas kontaktirajte<\/li>\n<\/ul>\n","protected":false},"featured_media":4681,"comment_status":"open","ping_status":"closed","template":"","meta":[],"product_brand":[],"product_cat":[610],"product_tag":[],"class_list":{"0":"post-4667","1":"product","2":"type-product","3":"status-publish","4":"has-post-thumbnail","6":"product_cat-kupi-hash-hashish","8":"first","9":"instock","10":"shipping-taxable","11":"purchasable","12":"product-type-variable","13":"has-default-attributes"},"yoast_head":"<!-- This site is optimized with the Yoast SEO plugin v27.3 - https:\/\/yoast.com\/product\/yoast-seo-wordpress\/ -->\n<title>Kupite India Charas Black Hash - najbolj\u0161a najbolj\u0161a zdravila na svetu<\/title>\n<meta name=\"description\" content=\"Kupite India Charas Black Hash na spletu. Enostaven za delo, ima ostro, za\u010dinjeno aromo in poskrbi za mo\u010dan ob\u010dutek za telo. \u010crni ha\u0161i\u0161 naro\u010dite tukaj.\" \/>\n<meta name=\"robots\" content=\"index, follow, max-snippet:-1, max-image-preview:large, max-video-preview:-1\" \/>\n<link rel=\"canonical\" href=\"https:\/\/medicinasinc.com\/sl\/product\/buy-india-charas-black-hash\/\" \/>\n<meta property=\"og:locale\" content=\"en_US\" \/>\n<meta property=\"og:type\" content=\"article\" \/>\n<meta property=\"og:title\" content=\"Kupite India Charas Black Hash - najbolj\u0161a najbolj\u0161a zdravila na svetu\" \/>\n<meta property=\"og:description\" content=\"Kupite India Charas Black Hash na spletu. Enostaven za delo, ima ostro, za\u010dinjeno aromo in poskrbi za mo\u010dan ob\u010dutek za telo. \u010crni ha\u0161i\u0161 naro\u010dite tukaj.\" \/>\n<meta property=\"og:url\" content=\"https:\/\/medicinasinc.com\/sl\/product\/buy-india-charas-black-hash\/\" \/>\n<meta property=\"og:site_name\" content=\"Medicinas Inc\" \/>\n<meta property=\"article:modified_time\" content=\"2022-03-19T01:00:10+00:00\" \/>\n<meta property=\"og:image\" content=\"https:\/\/medicinasinc.com\/sl\/wp-content\/uploads\/sites\/7\/2022\/02\/Buy-India-Charas-Black-Hash.jpg\" \/>\n\t<meta property=\"og:image:width\" content=\"600\" \/>\n\t<meta property=\"og:image:height\" content=\"600\" \/>\n\t<meta property=\"og:image:type\" content=\"image\/jpeg\" \/>\n<meta name=\"twitter:card\" content=\"summary_large_image\" \/>\n<meta name=\"twitter:label1\" content=\"Est. reading time\" \/>\n\t<meta name=\"twitter:data1\" content=\"2 minutes\" \/>\n<script type=\"application\/ld+json\" class=\"yoast-schema-graph\">{\"@context\":\"https:\\\/\\\/schema.org\",\"@graph\":[{\"@type\":\"WebPage\",\"@id\":\"https:\\\/\\\/medicinasinc.com\\\/sl\\\/product\\\/buy-india-charas-black-hash\\\/\",\"url\":\"https:\\\/\\\/medicinasinc.com\\\/sl\\\/product\\\/buy-india-charas-black-hash\\\/\",\"name\":\"Kupite India Charas Black Hash - najbolj\u0161a najbolj\u0161a zdravila na svetu\",\"isPartOf\":{\"@id\":\"https:\\\/\\\/medicinasinc.com\\\/sl\\\/#website\"},\"primaryImageOfPage\":{\"@id\":\"https:\\\/\\\/medicinasinc.com\\\/sl\\\/product\\\/buy-india-charas-black-hash\\\/#primaryimage\"},\"image\":{\"@id\":\"https:\\\/\\\/medicinasinc.com\\\/sl\\\/product\\\/buy-india-charas-black-hash\\\/#primaryimage\"},\"thumbnailUrl\":\"https:\\\/\\\/medicinasinc.com\\\/sl\\\/wp-content\\\/uploads\\\/sites\\\/7\\\/2022\\\/02\\\/Buy-India-Charas-Black-Hash.jpg\",\"datePublished\":\"2022-02-20T14:27:35+00:00\",\"dateModified\":\"2022-03-19T01:00:10+00:00\",\"description\":\"Kupite India Charas Black Hash na spletu. Enostaven za delo, ima ostro, za\u010dinjeno aromo in poskrbi za mo\u010dan ob\u010dutek za telo. \u010crni ha\u0161i\u0161 naro\u010dite tukaj.\",\"breadcrumb\":{\"@id\":\"https:\\\/\\\/medicinasinc.com\\\/sl\\\/product\\\/buy-india-charas-black-hash\\\/#breadcrumb\"},\"inLanguage\":\"en-US\",\"potentialAction\":[{\"@type\":\"ReadAction\",\"target\":[\"https:\\\/\\\/medicinasinc.com\\\/sl\\\/product\\\/buy-india-charas-black-hash\\\/\"]}]},{\"@type\":\"ImageObject\",\"inLanguage\":\"en-US\",\"@id\":\"https:\\\/\\\/medicinasinc.com\\\/sl\\\/product\\\/buy-india-charas-black-hash\\\/#primaryimage\",\"url\":\"https:\\\/\\\/medicinasinc.com\\\/sl\\\/wp-content\\\/uploads\\\/sites\\\/7\\\/2022\\\/02\\\/Buy-India-Charas-Black-Hash.jpg\",\"contentUrl\":\"https:\\\/\\\/medicinasinc.com\\\/sl\\\/wp-content\\\/uploads\\\/sites\\\/7\\\/2022\\\/02\\\/Buy-India-Charas-Black-Hash.jpg\",\"width\":600,\"height\":600},{\"@type\":\"BreadcrumbList\",\"@id\":\"https:\\\/\\\/medicinasinc.com\\\/sl\\\/product\\\/buy-india-charas-black-hash\\\/#breadcrumb\",\"itemListElement\":[{\"@type\":\"ListItem\",\"position\":1,\"name\":\"Nakupujte\",\"item\":\"https:\\\/\\\/medicinasinc.com\\\/sl\\\/nakupujte\\\/\"},{\"@type\":\"ListItem\",\"position\":2,\"name\":\"Kupite India Charas Black Hash\"}]},{\"@type\":\"WebSite\",\"@id\":\"https:\\\/\\\/medicinasinc.com\\\/sl\\\/#website\",\"url\":\"https:\\\/\\\/medicinasinc.com\\\/sl\\\/\",\"name\":\"Medicinas Inc\",\"description\":\"Health Medical Clinic\",\"potentialAction\":[{\"@type\":\"SearchAction\",\"target\":{\"@type\":\"EntryPoint\",\"urlTemplate\":\"https:\\\/\\\/medicinasinc.com\\\/sl\\\/?s={search_term_string}\"},\"query-input\":{\"@type\":\"PropertyValueSpecification\",\"valueRequired\":true,\"valueName\":\"search_term_string\"}}],\"inLanguage\":\"en-US\"}]}<\/script>\n<!-- \/ Yoast SEO plugin. -->","yoast_head_json":{"title":"Kupite India Charas Black Hash - najbolj\u0161a najbolj\u0161a zdravila na svetu","description":"Kupite India Charas Black Hash na spletu. Enostaven za delo, ima ostro, za\u010dinjeno aromo in poskrbi za mo\u010dan ob\u010dutek za telo. \u010crni ha\u0161i\u0161 naro\u010dite tukaj.","robots":{"index":"index","follow":"follow","max-snippet":"max-snippet:-1","max-image-preview":"max-image-preview:large","max-video-preview":"max-video-preview:-1"},"canonical":"https:\/\/medicinasinc.com\/sl\/product\/buy-india-charas-black-hash\/","og_locale":"en_US","og_type":"article","og_title":"Kupite India Charas Black Hash - najbolj\u0161a najbolj\u0161a zdravila na svetu","og_description":"Kupite India Charas Black Hash na spletu. Enostaven za delo, ima ostro, za\u010dinjeno aromo in poskrbi za mo\u010dan ob\u010dutek za telo. \u010crni ha\u0161i\u0161 naro\u010dite tukaj.","og_url":"https:\/\/medicinasinc.com\/sl\/product\/buy-india-charas-black-hash\/","og_site_name":"Medicinas Inc","article_modified_time":"2022-03-19T01:00:10+00:00","og_image":[{"width":600,"height":600,"url":"https:\/\/medicinasinc.com\/sl\/wp-content\/uploads\/sites\/7\/2022\/02\/Buy-India-Charas-Black-Hash.jpg","type":"image\/jpeg"}],"twitter_card":"summary_large_image","twitter_misc":{"Est. reading time":"2 minutes"},"schema":{"@context":"https:\/\/schema.org","@graph":[{"@type":"WebPage","@id":"https:\/\/medicinasinc.com\/sl\/product\/buy-india-charas-black-hash\/","url":"https:\/\/medicinasinc.com\/sl\/product\/buy-india-charas-black-hash\/","name":"Kupite India Charas Black Hash - najbolj\u0161a najbolj\u0161a zdravila na svetu","isPartOf":{"@id":"https:\/\/medicinasinc.com\/sl\/#website"},"primaryImageOfPage":{"@id":"https:\/\/medicinasinc.com\/sl\/product\/buy-india-charas-black-hash\/#primaryimage"},"image":{"@id":"https:\/\/medicinasinc.com\/sl\/product\/buy-india-charas-black-hash\/#primaryimage"},"thumbnailUrl":"https:\/\/medicinasinc.com\/sl\/wp-content\/uploads\/sites\/7\/2022\/02\/Buy-India-Charas-Black-Hash.jpg","datePublished":"2022-02-20T14:27:35+00:00","dateModified":"2022-03-19T01:00:10+00:00","description":"Kupite India Charas Black Hash na spletu. Enostaven za delo, ima ostro, za\u010dinjeno aromo in poskrbi za mo\u010dan ob\u010dutek za telo. \u010crni ha\u0161i\u0161 naro\u010dite tukaj.","breadcrumb":{"@id":"https:\/\/medicinasinc.com\/sl\/product\/buy-india-charas-black-hash\/#breadcrumb"},"inLanguage":"en-US","potentialAction":[{"@type":"ReadAction","target":["https:\/\/medicinasinc.com\/sl\/product\/buy-india-charas-black-hash\/"]}]},{"@type":"ImageObject","inLanguage":"en-US","@id":"https:\/\/medicinasinc.com\/sl\/product\/buy-india-charas-black-hash\/#primaryimage","url":"https:\/\/medicinasinc.com\/sl\/wp-content\/uploads\/sites\/7\/2022\/02\/Buy-India-Charas-Black-Hash.jpg","contentUrl":"https:\/\/medicinasinc.com\/sl\/wp-content\/uploads\/sites\/7\/2022\/02\/Buy-India-Charas-Black-Hash.jpg","width":600,"height":600},{"@type":"BreadcrumbList","@id":"https:\/\/medicinasinc.com\/sl\/product\/buy-india-charas-black-hash\/#breadcrumb","itemListElement":[{"@type":"ListItem","position":1,"name":"Nakupujte","item":"https:\/\/medicinasinc.com\/sl\/nakupujte\/"},{"@type":"ListItem","position":2,"name":"Kupite India Charas Black Hash"}]},{"@type":"WebSite","@id":"https:\/\/medicinasinc.com\/sl\/#website","url":"https:\/\/medicinasinc.com\/sl\/","name":"Medicinas Inc","description":"Health Medical Clinic","potentialAction":[{"@type":"SearchAction","target":{"@type":"EntryPoint","urlTemplate":"https:\/\/medicinasinc.com\/sl\/?s={search_term_string}"},"query-input":{"@type":"PropertyValueSpecification","valueRequired":true,"valueName":"search_term_string"}}],"inLanguage":"en-US"}]}},"_links":{"self":[{"href":"https:\/\/medicinasinc.com\/sl\/wp-json\/wp\/v2\/product\/4667","targetHints":{"allow":["GET"]}}],"collection":[{"href":"https:\/\/medicinasinc.com\/sl\/wp-json\/wp\/v2\/product"}],"about":[{"href":"https:\/\/medicinasinc.com\/sl\/wp-json\/wp\/v2\/types\/product"}],"replies":[{"embeddable":true,"href":"https:\/\/medicinasinc.com\/sl\/wp-json\/wp\/v2\/comments?post=4667"}],"wp:featuredmedia":[{"embeddable":true,"href":"https:\/\/medicinasinc.com\/sl\/wp-json\/wp\/v2\/media\/4681"}],"wp:attachment":[{"href":"https:\/\/medicinasinc.com\/sl\/wp-json\/wp\/v2\/media?parent=4667"}],"wp:term":[{"taxonomy":"product_brand","embeddable":true,"href":"https:\/\/medicinasinc.com\/sl\/wp-json\/wp\/v2\/product_brand?post=4667"},{"taxonomy":"product_cat","embeddable":true,"href":"https:\/\/medicinasinc.com\/sl\/wp-json\/wp\/v2\/product_cat?post=4667"},{"taxonomy":"product_tag","embeddable":true,"href":"https:\/\/medicinasinc.com\/sl\/wp-json\/wp\/v2\/product_tag?post=4667"}],"curies":[{"name":"wp","href":"https:\/\/api.w.org\/{rel}","templated":true}]}}