{"id":4666,"date":"2022-02-20T14:26:53","date_gmt":"2022-02-20T14:26:53","guid":{"rendered":"https:\/\/medicinasinc.com\/sl\/?post_type=product&#038;p=4666"},"modified":"2022-03-19T01:00:19","modified_gmt":"2022-03-19T01:00:19","slug":"kupi-led-hash-palcke","status":"publish","type":"product","link":"https:\/\/medicinasinc.com\/sl\/product\/kupi-led-hash-palcke\/","title":{"rendered":"Kupite pal\u010dke za led"},"content":{"rendered":"<p>Ice Hash hitro pridobiva na priljubljenosti kot metoda za proizvodnjo visokokakovostnega hasha z nizkim vzdr\u017eevanjem. Marihuano zme\u0161amo z vodo in nato filtriramo skozi razli\u010dne vrste krpe. Smola, ki nastane, je neverjetna. Hash pal\u010dke iz ledu. Obstaja veliko metod za ustvarjanje Ice Hash. Na spletu lahko kupite Ice-o-lators za ustvarjanje Ice Hash. Kupite pal\u010dke iz ledu<\/p>\n<p>Kako je ha\u0161i\u0161 opredeljen?<\/p>\n<p>&#8220;Ha\u0161i\u0161 je psihoaktivna snov, pridobljena iz smolnih \u017elez \u017eenske rastline konoplje (pestila). [\u2026 ] Cilj je izolirati (in s tem koncentrirati) smolo, ki vsebuje THC, da bi proizvedli ha\u0161i\u0161.&#8221; Hash pal\u010dke narejene iz ledu<\/p>\n<p>Kupite ledene pal\u010dke iz ledu | Kupite pal\u010dke za led | Kupite pal\u010dke za led<\/p>\n<p>Preprosto povedano, ha\u0161i\u0161 (ki ga bomo zdaj imenovali ha\u0161i\u0161) je izolirana smolna \u017eleza rastline konoplje. \u0160e enostavneje je ha\u0161i\u0161, ko se dobre lepljive snovi iz va\u0161e konoplje izvle\u010dejo popolnoma same. Hash je v nekem smislu destilirana konoplja! Hash pal\u010dke narejene iz ledu<\/p>\n<p>Izdelava ha\u0161i\u0161a s suhim ledom je najpreprostej\u0161a, najhitrej\u0161a in naju\u010dinkovitej\u0161a metoda pridobivanja smole iz konoplje. Na kratko, to je na\u0161e kolektivno mnenje. Dry Ice Hash je optimalna metoda za proizvodnjo ha\u0161i\u0161a. Hash pal\u010dke narejene iz ledu<\/p>\n<p>&nbsp;<\/p>\n<p>V \u010dem je Dry Ice Hash edinstven?<\/p>\n<p>\u010ceprav niso vsi hashi enaki, so si mnogi precej podobni.<\/p>\n<p> &gt; <\/p>\n<p>Vodni ha\u0161i\u0161 \u2013 alternativno ga imenujemo ledeni ha\u0161i\u0161, mehur\u010dki, gravitacijski (Gumby) in suhi led \u2013 vse proizvajajo izolirane smolne \u017eleze.<\/p>\n<p>Hash pal\u010dke narejene iz ledu<\/p>\n<p>Medtem ko \u0161tevilne metode proizvajajo enak ali podoben izdelek, ima uporaba suhega ledu \u0161tevilne prednosti pred drugimi metodami zbiranja smole:<\/p>\n<p>To je bolj smotrno kot alternativne metode.<br \/> Lahko dokon\u010dajte razpr\u0161itev suhega ledu v pribli\u017eno 1\/25 \u010dasa, ki je potreben za dokon\u010danje gravitacijskega hashiranja! \u010ceprav je ta primer ekstremen, priprava ha\u0161i\u0161a s suhim ledom traja le nekaj minut in je bistveno hitrej\u0161a od drugih metod. Hash pal\u010dke narejene iz ledu<br \/> Je sme\u0161no preprosta in ta preprostost se prevede v takoj\u0161nje zadovoljstvo. S stresanjem vedra in vre\u010dke dobite vrhunski ha\u0161i\u0161 za manj kot 15 minut.<br \/> Vlaga ni prisotna!<br \/> To pomeni, da je smola pripravljena takoj, ko jo stresemo!<\/p>\n","protected":false},"excerpt":{"rendered":"<div class=\"woocommerce-product-details__short-description\">\n<p>Ice Hash Sticks, znane tudi kot tajske pal\u010dke, so \u010dista sativa landrasa, ki izvira iz Tajske in se je v 70. letih 20. stoletja prebila v Zdru\u017eene dr\u017eave.<\/p>\n<p>Ice Hash hitro pridobiva na priljubljenosti kot metoda za proizvodnjo visokokakovostnega hasha z nizkim vzdr\u017eevanjem. Marihuano zme\u0161amo z vodo in nato filtriramo skozi razli\u010dne vrste krpe. Smola, ki nastane, je neverjetna. Hash pal\u010dke iz ledu. Obstaja veliko metod za ustvarjanje Ice Hash. Na spletu lahko kupite Ice-o-lators za ustvarjanje Ice Hash. Kupite Hash pal\u010dke iz ledu<\/p>\n<\/p><\/div>\n","protected":false},"featured_media":4679,"comment_status":"open","ping_status":"closed","template":"","meta":[],"product_brand":[],"product_cat":[610],"product_tag":[],"class_list":{"0":"post-4666","1":"product","2":"type-product","3":"status-publish","4":"has-post-thumbnail","6":"product_cat-kupi-hash-hashish","8":"first","9":"instock","10":"shipping-taxable","11":"purchasable","12":"product-type-variable","13":"has-default-attributes"},"yoast_head":"<!-- This site is optimized with the Yoast SEO plugin v27.3 - https:\/\/yoast.com\/product\/yoast-seo-wordpress\/ -->\n<title>Kupite Ice Hash Sticks - najbolj\u0161a najbolj\u0161a zdravila na svetu<\/title>\n<meta name=\"description\" content=\"Kupite Ice Hash Sticks za prodajo Zdru\u017eeno kraljestvo, Evropa na spletu, znana tudi kot Thai Sticks, je \u010dista sativa landrace, ki se je za\u010dela na Tajskem in se je v ZDA podala \u0161ele v 70. letih.\" \/>\n<meta name=\"robots\" content=\"index, follow, max-snippet:-1, max-image-preview:large, max-video-preview:-1\" \/>\n<link rel=\"canonical\" href=\"https:\/\/medicinasinc.com\/sl\/product\/kupi-led-hash-palcke\/\" \/>\n<meta property=\"og:locale\" content=\"en_US\" \/>\n<meta property=\"og:type\" content=\"article\" \/>\n<meta property=\"og:title\" content=\"Kupite Ice Hash Sticks - najbolj\u0161a najbolj\u0161a zdravila na svetu\" \/>\n<meta property=\"og:description\" content=\"Kupite Ice Hash Sticks za prodajo Zdru\u017eeno kraljestvo, Evropa na spletu, znana tudi kot Thai Sticks, je \u010dista sativa landrace, ki se je za\u010dela na Tajskem in se je v ZDA podala \u0161ele v 70. letih.\" \/>\n<meta property=\"og:url\" content=\"https:\/\/medicinasinc.com\/sl\/product\/kupi-led-hash-palcke\/\" \/>\n<meta property=\"og:site_name\" content=\"Medicinas Inc\" \/>\n<meta property=\"article:modified_time\" content=\"2022-03-19T01:00:19+00:00\" \/>\n<meta property=\"og:image\" content=\"https:\/\/medicinasinc.com\/sl\/wp-content\/uploads\/sites\/7\/2022\/02\/Buy-Ice-Hash-Sticks.jpg\" \/>\n\t<meta property=\"og:image:width\" content=\"600\" \/>\n\t<meta property=\"og:image:height\" content=\"600\" \/>\n\t<meta property=\"og:image:type\" content=\"image\/jpeg\" \/>\n<meta name=\"twitter:card\" content=\"summary_large_image\" \/>\n<meta name=\"twitter:label1\" content=\"Est. reading time\" \/>\n\t<meta name=\"twitter:data1\" content=\"2 minutes\" \/>\n<script type=\"application\/ld+json\" class=\"yoast-schema-graph\">{\"@context\":\"https:\\\/\\\/schema.org\",\"@graph\":[{\"@type\":\"WebPage\",\"@id\":\"https:\\\/\\\/medicinasinc.com\\\/sl\\\/product\\\/kupi-led-hash-palcke\\\/\",\"url\":\"https:\\\/\\\/medicinasinc.com\\\/sl\\\/product\\\/kupi-led-hash-palcke\\\/\",\"name\":\"Kupite Ice Hash Sticks - najbolj\u0161a najbolj\u0161a zdravila na svetu\",\"isPartOf\":{\"@id\":\"https:\\\/\\\/medicinasinc.com\\\/sl\\\/#website\"},\"primaryImageOfPage\":{\"@id\":\"https:\\\/\\\/medicinasinc.com\\\/sl\\\/product\\\/kupi-led-hash-palcke\\\/#primaryimage\"},\"image\":{\"@id\":\"https:\\\/\\\/medicinasinc.com\\\/sl\\\/product\\\/kupi-led-hash-palcke\\\/#primaryimage\"},\"thumbnailUrl\":\"https:\\\/\\\/medicinasinc.com\\\/sl\\\/wp-content\\\/uploads\\\/sites\\\/7\\\/2022\\\/02\\\/Buy-Ice-Hash-Sticks.jpg\",\"datePublished\":\"2022-02-20T14:26:53+00:00\",\"dateModified\":\"2022-03-19T01:00:19+00:00\",\"description\":\"Kupite Ice Hash Sticks za prodajo Zdru\u017eeno kraljestvo, Evropa na spletu, znana tudi kot Thai Sticks, je \u010dista sativa landrace, ki se je za\u010dela na Tajskem in se je v ZDA podala \u0161ele v 70. letih.\",\"breadcrumb\":{\"@id\":\"https:\\\/\\\/medicinasinc.com\\\/sl\\\/product\\\/kupi-led-hash-palcke\\\/#breadcrumb\"},\"inLanguage\":\"en-US\",\"potentialAction\":[{\"@type\":\"ReadAction\",\"target\":[\"https:\\\/\\\/medicinasinc.com\\\/sl\\\/product\\\/kupi-led-hash-palcke\\\/\"]}]},{\"@type\":\"ImageObject\",\"inLanguage\":\"en-US\",\"@id\":\"https:\\\/\\\/medicinasinc.com\\\/sl\\\/product\\\/kupi-led-hash-palcke\\\/#primaryimage\",\"url\":\"https:\\\/\\\/medicinasinc.com\\\/sl\\\/wp-content\\\/uploads\\\/sites\\\/7\\\/2022\\\/02\\\/Buy-Ice-Hash-Sticks.jpg\",\"contentUrl\":\"https:\\\/\\\/medicinasinc.com\\\/sl\\\/wp-content\\\/uploads\\\/sites\\\/7\\\/2022\\\/02\\\/Buy-Ice-Hash-Sticks.jpg\",\"width\":600,\"height\":600},{\"@type\":\"BreadcrumbList\",\"@id\":\"https:\\\/\\\/medicinasinc.com\\\/sl\\\/product\\\/kupi-led-hash-palcke\\\/#breadcrumb\",\"itemListElement\":[{\"@type\":\"ListItem\",\"position\":1,\"name\":\"Nakupujte\",\"item\":\"https:\\\/\\\/medicinasinc.com\\\/sl\\\/nakupujte\\\/\"},{\"@type\":\"ListItem\",\"position\":2,\"name\":\"Kupite pal\u010dke za led\"}]},{\"@type\":\"WebSite\",\"@id\":\"https:\\\/\\\/medicinasinc.com\\\/sl\\\/#website\",\"url\":\"https:\\\/\\\/medicinasinc.com\\\/sl\\\/\",\"name\":\"Medicinas Inc\",\"description\":\"Health Medical Clinic\",\"potentialAction\":[{\"@type\":\"SearchAction\",\"target\":{\"@type\":\"EntryPoint\",\"urlTemplate\":\"https:\\\/\\\/medicinasinc.com\\\/sl\\\/?s={search_term_string}\"},\"query-input\":{\"@type\":\"PropertyValueSpecification\",\"valueRequired\":true,\"valueName\":\"search_term_string\"}}],\"inLanguage\":\"en-US\"}]}<\/script>\n<!-- \/ Yoast SEO plugin. -->","yoast_head_json":{"title":"Kupite Ice Hash Sticks - najbolj\u0161a najbolj\u0161a zdravila na svetu","description":"Kupite Ice Hash Sticks za prodajo Zdru\u017eeno kraljestvo, Evropa na spletu, znana tudi kot Thai Sticks, je \u010dista sativa landrace, ki se je za\u010dela na Tajskem in se je v ZDA podala \u0161ele v 70. letih.","robots":{"index":"index","follow":"follow","max-snippet":"max-snippet:-1","max-image-preview":"max-image-preview:large","max-video-preview":"max-video-preview:-1"},"canonical":"https:\/\/medicinasinc.com\/sl\/product\/kupi-led-hash-palcke\/","og_locale":"en_US","og_type":"article","og_title":"Kupite Ice Hash Sticks - najbolj\u0161a najbolj\u0161a zdravila na svetu","og_description":"Kupite Ice Hash Sticks za prodajo Zdru\u017eeno kraljestvo, Evropa na spletu, znana tudi kot Thai Sticks, je \u010dista sativa landrace, ki se je za\u010dela na Tajskem in se je v ZDA podala \u0161ele v 70. letih.","og_url":"https:\/\/medicinasinc.com\/sl\/product\/kupi-led-hash-palcke\/","og_site_name":"Medicinas Inc","article_modified_time":"2022-03-19T01:00:19+00:00","og_image":[{"width":600,"height":600,"url":"https:\/\/medicinasinc.com\/sl\/wp-content\/uploads\/sites\/7\/2022\/02\/Buy-Ice-Hash-Sticks.jpg","type":"image\/jpeg"}],"twitter_card":"summary_large_image","twitter_misc":{"Est. reading time":"2 minutes"},"schema":{"@context":"https:\/\/schema.org","@graph":[{"@type":"WebPage","@id":"https:\/\/medicinasinc.com\/sl\/product\/kupi-led-hash-palcke\/","url":"https:\/\/medicinasinc.com\/sl\/product\/kupi-led-hash-palcke\/","name":"Kupite Ice Hash Sticks - najbolj\u0161a najbolj\u0161a zdravila na svetu","isPartOf":{"@id":"https:\/\/medicinasinc.com\/sl\/#website"},"primaryImageOfPage":{"@id":"https:\/\/medicinasinc.com\/sl\/product\/kupi-led-hash-palcke\/#primaryimage"},"image":{"@id":"https:\/\/medicinasinc.com\/sl\/product\/kupi-led-hash-palcke\/#primaryimage"},"thumbnailUrl":"https:\/\/medicinasinc.com\/sl\/wp-content\/uploads\/sites\/7\/2022\/02\/Buy-Ice-Hash-Sticks.jpg","datePublished":"2022-02-20T14:26:53+00:00","dateModified":"2022-03-19T01:00:19+00:00","description":"Kupite Ice Hash Sticks za prodajo Zdru\u017eeno kraljestvo, Evropa na spletu, znana tudi kot Thai Sticks, je \u010dista sativa landrace, ki se je za\u010dela na Tajskem in se je v ZDA podala \u0161ele v 70. letih.","breadcrumb":{"@id":"https:\/\/medicinasinc.com\/sl\/product\/kupi-led-hash-palcke\/#breadcrumb"},"inLanguage":"en-US","potentialAction":[{"@type":"ReadAction","target":["https:\/\/medicinasinc.com\/sl\/product\/kupi-led-hash-palcke\/"]}]},{"@type":"ImageObject","inLanguage":"en-US","@id":"https:\/\/medicinasinc.com\/sl\/product\/kupi-led-hash-palcke\/#primaryimage","url":"https:\/\/medicinasinc.com\/sl\/wp-content\/uploads\/sites\/7\/2022\/02\/Buy-Ice-Hash-Sticks.jpg","contentUrl":"https:\/\/medicinasinc.com\/sl\/wp-content\/uploads\/sites\/7\/2022\/02\/Buy-Ice-Hash-Sticks.jpg","width":600,"height":600},{"@type":"BreadcrumbList","@id":"https:\/\/medicinasinc.com\/sl\/product\/kupi-led-hash-palcke\/#breadcrumb","itemListElement":[{"@type":"ListItem","position":1,"name":"Nakupujte","item":"https:\/\/medicinasinc.com\/sl\/nakupujte\/"},{"@type":"ListItem","position":2,"name":"Kupite pal\u010dke za led"}]},{"@type":"WebSite","@id":"https:\/\/medicinasinc.com\/sl\/#website","url":"https:\/\/medicinasinc.com\/sl\/","name":"Medicinas Inc","description":"Health Medical Clinic","potentialAction":[{"@type":"SearchAction","target":{"@type":"EntryPoint","urlTemplate":"https:\/\/medicinasinc.com\/sl\/?s={search_term_string}"},"query-input":{"@type":"PropertyValueSpecification","valueRequired":true,"valueName":"search_term_string"}}],"inLanguage":"en-US"}]}},"_links":{"self":[{"href":"https:\/\/medicinasinc.com\/sl\/wp-json\/wp\/v2\/product\/4666","targetHints":{"allow":["GET"]}}],"collection":[{"href":"https:\/\/medicinasinc.com\/sl\/wp-json\/wp\/v2\/product"}],"about":[{"href":"https:\/\/medicinasinc.com\/sl\/wp-json\/wp\/v2\/types\/product"}],"replies":[{"embeddable":true,"href":"https:\/\/medicinasinc.com\/sl\/wp-json\/wp\/v2\/comments?post=4666"}],"wp:featuredmedia":[{"embeddable":true,"href":"https:\/\/medicinasinc.com\/sl\/wp-json\/wp\/v2\/media\/4679"}],"wp:attachment":[{"href":"https:\/\/medicinasinc.com\/sl\/wp-json\/wp\/v2\/media?parent=4666"}],"wp:term":[{"taxonomy":"product_brand","embeddable":true,"href":"https:\/\/medicinasinc.com\/sl\/wp-json\/wp\/v2\/product_brand?post=4666"},{"taxonomy":"product_cat","embeddable":true,"href":"https:\/\/medicinasinc.com\/sl\/wp-json\/wp\/v2\/product_cat?post=4666"},{"taxonomy":"product_tag","embeddable":true,"href":"https:\/\/medicinasinc.com\/sl\/wp-json\/wp\/v2\/product_tag?post=4666"}],"curies":[{"name":"wp","href":"https:\/\/api.w.org\/{rel}","templated":true}]}}