{"id":4627,"date":"2022-02-20T13:57:00","date_gmt":"2022-02-20T13:57:00","guid":{"rendered":"https:\/\/medicinasinc.com\/sl\/?post_type=product&#038;p=4627"},"modified":"2022-03-19T01:01:09","modified_gmt":"2022-03-19T01:01:09","slug":"buy-bc-hash","status":"publish","type":"product","link":"https:\/\/medicinasinc.com\/sl\/product\/buy-bc-hash\/","title":{"rendered":"Kupite BC Hash"},"content":{"rendered":"<div class=\"woocommerce-tabs wc-tabs-wrapper\">\n<div id=\"tab-description\" class=\"woocommerce-Tabs-panel woocommerce-Tabs-panel--description panel entry-content wc-tab\" role=\"tabpanel\" aria-labelledby=\"tab-title-description\">\n<p>BC-Hash je mogo\u010de kupiti na spletu.<\/p>\n<p>Ali \u017eelite danes preizkusiti nekaj novega? Na\u0161e priporo\u010dilo je, da si ogledate ta visokokakovosten hash, ki je priljubljen tako med za\u010detniki kot med izku\u0161enimi uporabniki marihuane. BC-Hash je mogo\u010de kupiti na spletu.<\/p>\n<p>BC Hash ima izrazito aromo in okus po borovcih.<\/p>\n<p>\u010ceprav mnogi ljudje pri\u010dakujejo mo\u010dan vonj, je v resnici ta precej blag, zaradi \u010desar je zelo blag. ta izdelek je tudi precej prakti\u010den. Najbolj\u0161i del je, da se vzpon ne za\u010dne takoj, zato si lahko vzamete \u010das in pri\u010dakujete, da bo trajalo dolgo. To je odli\u010dna mo\u017enost za tiste, ki i\u0161\u010dejo dan sprostitve, pa tudi za tiste, ki se \u017eelijo spopasti s tesnobo. Po\u0161iljamo v Zdru\u017eene dr\u017eave Amerike, Zdru\u017eeno kraljestvo, Avstralijo, Kanado in Evropo, pa tudi v tujino.<\/p>\n<\/p><\/div><\/div>\n","protected":false},"excerpt":{"rendered":"<p>Kupite BC Hash za prodajo v Zdru\u017eenem kraljestvu na spletu v najbolj\u0161em svetovnem neredu. Naro\u010dite izdelke iz ha\u0161i\u0161nega olja in BC hash. Kupite travo v spletu tukaj in si zagotovite hitro dostavo kamor koli v Evropi, Zdru\u017eenem kraljestvu.<\/p>\n<p>&nbsp;<\/p>\n<ul>\n<li>Po\u0161iljanje po vsem svetu<\/li>\n<li><strong>Razred: AAAA<\/p>\n<p> strong&gt;<\/li>\n<li><strong>Obrnite se na nas<\/strong>\u00a0za ve\u010dja naro\u010dila<\/li>\n<\/ul>\n","protected":false},"featured_media":4639,"comment_status":"open","ping_status":"closed","template":"","meta":[],"product_brand":[],"product_cat":[610],"product_tag":[611,612,614,615,616,617,621,624,625,454,455,627,631,632,635,461,640,642,643,645,646,647,648,649,650,651,652,654,655,620,622,623,628,629,630,633,459,634,637,618,644,470,475,473,641,639,638,636,626,619,656,657,658,659,660,661,662,665,664,613,653,663,666,667,668,669,670,671,672,673,674,675,676,677,678,679,680,681,682],"class_list":{"0":"post-4627","1":"product","2":"type-product","3":"status-publish","4":"has-post-thumbnail","6":"product_cat-kupi-hash-hashish","7":"product_tag-420-naroilo-marihuana-usa","8":"product_tag-420-mail-order-usa","9":"product_tag-best-online-dispensary","10":"product_tag-buy-cannabis-oil-online","11":"product_tag-buy-cannabis-online-kuwait","12":"product_tag-buy-cannabis-online-malaysia","13":"product_tag-buy-hash-oil-online-australia","14":"product_tag-buy-kush-online","15":"product_tag-buy-kush-online-usa","16":"product_tag-buy-marijuana-edibles-online","17":"product_tag-buy-marijuana-online","18":"product_tag-buy-marijuana-online-australia","19":"product_tag-buy-marijuana-online-latin-american","20":"product_tag-buy-marijuana-online-malaysia","21":"product_tag-buy-marijuana-online-with-worldwide-shipping","22":"product_tag-buy-medical-marijuana-online","23":"product_tag-buy-moon-rocks-online","24":"product_tag-buy-shatter-wax-online","25":"product_tag-buy-thc-oil-online","26":"product_tag-buy-wax-online-with-worldwide-shipping","27":"product_tag-buy-weed-edibles-online","28":"product_tag-buy-weed-online-asia","29":"product_tag-buy-weed-online-australia","30":"product_tag-buy-weed-online-usa","31":"product_tag-buy-weed-online-with-worldwide-shipping","32":"product_tag-buy-weed-wax-online-with-worldwide-shipping","33":"product_tag-buying-marijuana-online-usa","34":"product_tag-california-dispensary-shipping-worldwide","35":"product_tag-edibles-worldwide-shipping","36":"product_tag-buy-dabs-online-mail-order","37":"product_tag-buy-hash-online-uk","38":"product_tag-kupi-visoko-thc-konopljino-olje-na-spletu","39":"product_tag-kupi-marihuano-spletno-brazilija","40":"product_tag-kupi-marihuano-na-spletu-ca","41":"product_tag-kupi-marihuano-spletno-diskretno-embalao","42":"product_tag-kupi-marihuano-online-srednji-vzhod","43":"product_tag-kupi-marihuano-na-spletu-zda","44":"product_tag-kupi-marihuano-online-uk","45":"product_tag-kupi-marihuano-shatterwax-online-with-worldwide-shipping","46":"product_tag-kupi-poceni-plevel-online-usa","47":"product_tag-buy-thc-wax-online","48":"product_tag-kupi-plevel-online","49":"product_tag-buy-weed-online-uk","50":"product_tag-kupi-plevel-online-europe","51":"product_tag-kupite-pre-valjane-zglobe-online","52":"product_tag-buy-marijuana-wax-online-uk","53":"product_tag-kupi-marijuano-vosek-online-avstralija","54":"product_tag-kupi-marihuano-razbiti-vosek-online-s-potarilo-po-vsem-svetu","55":"product_tag-kupi-legal-plevel-online","56":"product_tag-buy-dabs-online","57":"product_tag-legalna-marihuana-za-prodaja-usa","58":"product_tag-legit-online-dispensary","59":"product_tag-legit-online-dispensary-shipping-usa","60":"product_tag-legit-online-dispensary-shipping-worldwide","61":"product_tag-mail-order-marijuana-online","62":"product_tag-mail-order-marijuana-online-usa","63":"product_tag-mail-order-marijuana-online-with-worldwide-shipping","64":"product_tag-marihuana-online-usa","65":"product_tag-marihuana-za-prodaja-zda","66":"product_tag-najbolja-spletna-trgovina-marihuane-zda","67":"product_tag-buying-weed-online-usa-reviews","68":"product_tag-mail-order-weed-online-with-worldwide-shipping","69":"product_tag-online-dispensary-shipping","70":"product_tag-online-dispensary-shipping-uk","71":"product_tag-online-dispensary-shipping-usa","72":"product_tag-online-dispensary-shipping-worldwide","73":"product_tag-online-dispensary-shipping-worldwide-reviews","74":"product_tag-order-kush-online-usa","75":"product_tag-order-marijuana-online","76":"product_tag-order-marijuana-online-europe","77":"product_tag-order-marijuana-online-france","78":"product_tag-order-marijuana-online-usa","79":"product_tag-order-marijuana-online-world-wide-shipping","80":"product_tag-order-shatter-online-usa","81":"product_tag-order-weed-online","82":"product_tag-order-weed-online-usa","83":"product_tag-ordering-weed-online-in-usa","84":"product_tag-weed-for-sale-online-usa","85":"product_tag-worldwide-cannabis-online-shop","87":"first","88":"instock","89":"shipping-taxable","90":"purchasable","91":"product-type-variable","92":"has-default-attributes"},"yoast_head":"<!-- This site is optimized with the Yoast SEO plugin v27.3 - https:\/\/yoast.com\/product\/yoast-seo-wordpress\/ -->\n<title>Kupite BC Hash na spletu \u2013 najbolj\u0161a najbolj\u0161a zdravila na svetu<\/title>\n<meta name=\"description\" content=\"Kupite BC Hash za prodajo v Zdru\u017eenem kraljestvu na spletu v najbolj\u0161i svetovni zme\u0161njavi. Naro\u010dite izdelke iz ha\u0161i\u0161nega olja in BC hash. Kupite travo na spletu tukaj in si zagotovite hitro dostavo kamor koli v Evropi, Zdru\u017eenem kraljestvu.\" \/>\n<meta name=\"robots\" content=\"index, follow, max-snippet:-1, max-image-preview:large, max-video-preview:-1\" \/>\n<link rel=\"canonical\" href=\"https:\/\/medicinasinc.com\/sl\/product\/buy-bc-hash\/\" \/>\n<meta property=\"og:locale\" content=\"en_US\" \/>\n<meta property=\"og:type\" content=\"article\" \/>\n<meta property=\"og:title\" content=\"Kupite BC Hash na spletu \u2013 najbolj\u0161a najbolj\u0161a zdravila na svetu\" \/>\n<meta property=\"og:description\" content=\"Kupite BC Hash za prodajo v Zdru\u017eenem kraljestvu na spletu v najbolj\u0161i svetovni zme\u0161njavi. Naro\u010dite izdelke iz ha\u0161i\u0161nega olja in BC hash. Kupite travo na spletu tukaj in si zagotovite hitro dostavo kamor koli v Evropi, Zdru\u017eenem kraljestvu.\" \/>\n<meta property=\"og:url\" content=\"https:\/\/medicinasinc.com\/sl\/product\/buy-bc-hash\/\" \/>\n<meta property=\"og:site_name\" content=\"Medicinas Inc\" \/>\n<meta property=\"article:modified_time\" content=\"2022-03-19T01:01:09+00:00\" \/>\n<meta property=\"og:image\" content=\"https:\/\/medicinasinc.com\/sl\/wp-content\/uploads\/sites\/7\/2022\/02\/Buy-BC-Hash.jpg\" \/>\n\t<meta property=\"og:image:width\" content=\"600\" \/>\n\t<meta property=\"og:image:height\" content=\"600\" \/>\n\t<meta property=\"og:image:type\" content=\"image\/jpeg\" \/>\n<meta name=\"twitter:card\" content=\"summary_large_image\" \/>\n<meta name=\"twitter:label1\" content=\"Est. reading time\" \/>\n\t<meta name=\"twitter:data1\" content=\"1 minute\" \/>\n<script type=\"application\/ld+json\" class=\"yoast-schema-graph\">{\"@context\":\"https:\\\/\\\/schema.org\",\"@graph\":[{\"@type\":\"WebPage\",\"@id\":\"https:\\\/\\\/medicinasinc.com\\\/sl\\\/product\\\/buy-bc-hash\\\/\",\"url\":\"https:\\\/\\\/medicinasinc.com\\\/sl\\\/product\\\/buy-bc-hash\\\/\",\"name\":\"Kupite BC Hash na spletu \u2013 najbolj\u0161a najbolj\u0161a zdravila na svetu\",\"isPartOf\":{\"@id\":\"https:\\\/\\\/medicinasinc.com\\\/sl\\\/#website\"},\"primaryImageOfPage\":{\"@id\":\"https:\\\/\\\/medicinasinc.com\\\/sl\\\/product\\\/buy-bc-hash\\\/#primaryimage\"},\"image\":{\"@id\":\"https:\\\/\\\/medicinasinc.com\\\/sl\\\/product\\\/buy-bc-hash\\\/#primaryimage\"},\"thumbnailUrl\":\"https:\\\/\\\/medicinasinc.com\\\/sl\\\/wp-content\\\/uploads\\\/sites\\\/7\\\/2022\\\/02\\\/Buy-BC-Hash.jpg\",\"datePublished\":\"2022-02-20T13:57:00+00:00\",\"dateModified\":\"2022-03-19T01:01:09+00:00\",\"description\":\"Kupite BC Hash za prodajo v Zdru\u017eenem kraljestvu na spletu v najbolj\u0161i svetovni zme\u0161njavi. Naro\u010dite izdelke iz ha\u0161i\u0161nega olja in BC hash. Kupite travo na spletu tukaj in si zagotovite hitro dostavo kamor koli v Evropi, Zdru\u017eenem kraljestvu.\",\"breadcrumb\":{\"@id\":\"https:\\\/\\\/medicinasinc.com\\\/sl\\\/product\\\/buy-bc-hash\\\/#breadcrumb\"},\"inLanguage\":\"en-US\",\"potentialAction\":[{\"@type\":\"ReadAction\",\"target\":[\"https:\\\/\\\/medicinasinc.com\\\/sl\\\/product\\\/buy-bc-hash\\\/\"]}]},{\"@type\":\"ImageObject\",\"inLanguage\":\"en-US\",\"@id\":\"https:\\\/\\\/medicinasinc.com\\\/sl\\\/product\\\/buy-bc-hash\\\/#primaryimage\",\"url\":\"https:\\\/\\\/medicinasinc.com\\\/sl\\\/wp-content\\\/uploads\\\/sites\\\/7\\\/2022\\\/02\\\/Buy-BC-Hash.jpg\",\"contentUrl\":\"https:\\\/\\\/medicinasinc.com\\\/sl\\\/wp-content\\\/uploads\\\/sites\\\/7\\\/2022\\\/02\\\/Buy-BC-Hash.jpg\",\"width\":600,\"height\":600},{\"@type\":\"BreadcrumbList\",\"@id\":\"https:\\\/\\\/medicinasinc.com\\\/sl\\\/product\\\/buy-bc-hash\\\/#breadcrumb\",\"itemListElement\":[{\"@type\":\"ListItem\",\"position\":1,\"name\":\"Nakupujte\",\"item\":\"https:\\\/\\\/medicinasinc.com\\\/sl\\\/nakupujte\\\/\"},{\"@type\":\"ListItem\",\"position\":2,\"name\":\"Kupite BC Hash\"}]},{\"@type\":\"WebSite\",\"@id\":\"https:\\\/\\\/medicinasinc.com\\\/sl\\\/#website\",\"url\":\"https:\\\/\\\/medicinasinc.com\\\/sl\\\/\",\"name\":\"Medicinas Inc\",\"description\":\"Health Medical Clinic\",\"potentialAction\":[{\"@type\":\"SearchAction\",\"target\":{\"@type\":\"EntryPoint\",\"urlTemplate\":\"https:\\\/\\\/medicinasinc.com\\\/sl\\\/?s={search_term_string}\"},\"query-input\":{\"@type\":\"PropertyValueSpecification\",\"valueRequired\":true,\"valueName\":\"search_term_string\"}}],\"inLanguage\":\"en-US\"}]}<\/script>\n<!-- \/ Yoast SEO plugin. -->","yoast_head_json":{"title":"Kupite BC Hash na spletu \u2013 najbolj\u0161a najbolj\u0161a zdravila na svetu","description":"Kupite BC Hash za prodajo v Zdru\u017eenem kraljestvu na spletu v najbolj\u0161i svetovni zme\u0161njavi. Naro\u010dite izdelke iz ha\u0161i\u0161nega olja in BC hash. Kupite travo na spletu tukaj in si zagotovite hitro dostavo kamor koli v Evropi, Zdru\u017eenem kraljestvu.","robots":{"index":"index","follow":"follow","max-snippet":"max-snippet:-1","max-image-preview":"max-image-preview:large","max-video-preview":"max-video-preview:-1"},"canonical":"https:\/\/medicinasinc.com\/sl\/product\/buy-bc-hash\/","og_locale":"en_US","og_type":"article","og_title":"Kupite BC Hash na spletu \u2013 najbolj\u0161a najbolj\u0161a zdravila na svetu","og_description":"Kupite BC Hash za prodajo v Zdru\u017eenem kraljestvu na spletu v najbolj\u0161i svetovni zme\u0161njavi. Naro\u010dite izdelke iz ha\u0161i\u0161nega olja in BC hash. Kupite travo na spletu tukaj in si zagotovite hitro dostavo kamor koli v Evropi, Zdru\u017eenem kraljestvu.","og_url":"https:\/\/medicinasinc.com\/sl\/product\/buy-bc-hash\/","og_site_name":"Medicinas Inc","article_modified_time":"2022-03-19T01:01:09+00:00","og_image":[{"width":600,"height":600,"url":"https:\/\/medicinasinc.com\/sl\/wp-content\/uploads\/sites\/7\/2022\/02\/Buy-BC-Hash.jpg","type":"image\/jpeg"}],"twitter_card":"summary_large_image","twitter_misc":{"Est. reading time":"1 minute"},"schema":{"@context":"https:\/\/schema.org","@graph":[{"@type":"WebPage","@id":"https:\/\/medicinasinc.com\/sl\/product\/buy-bc-hash\/","url":"https:\/\/medicinasinc.com\/sl\/product\/buy-bc-hash\/","name":"Kupite BC Hash na spletu \u2013 najbolj\u0161a najbolj\u0161a zdravila na svetu","isPartOf":{"@id":"https:\/\/medicinasinc.com\/sl\/#website"},"primaryImageOfPage":{"@id":"https:\/\/medicinasinc.com\/sl\/product\/buy-bc-hash\/#primaryimage"},"image":{"@id":"https:\/\/medicinasinc.com\/sl\/product\/buy-bc-hash\/#primaryimage"},"thumbnailUrl":"https:\/\/medicinasinc.com\/sl\/wp-content\/uploads\/sites\/7\/2022\/02\/Buy-BC-Hash.jpg","datePublished":"2022-02-20T13:57:00+00:00","dateModified":"2022-03-19T01:01:09+00:00","description":"Kupite BC Hash za prodajo v Zdru\u017eenem kraljestvu na spletu v najbolj\u0161i svetovni zme\u0161njavi. Naro\u010dite izdelke iz ha\u0161i\u0161nega olja in BC hash. Kupite travo na spletu tukaj in si zagotovite hitro dostavo kamor koli v Evropi, Zdru\u017eenem kraljestvu.","breadcrumb":{"@id":"https:\/\/medicinasinc.com\/sl\/product\/buy-bc-hash\/#breadcrumb"},"inLanguage":"en-US","potentialAction":[{"@type":"ReadAction","target":["https:\/\/medicinasinc.com\/sl\/product\/buy-bc-hash\/"]}]},{"@type":"ImageObject","inLanguage":"en-US","@id":"https:\/\/medicinasinc.com\/sl\/product\/buy-bc-hash\/#primaryimage","url":"https:\/\/medicinasinc.com\/sl\/wp-content\/uploads\/sites\/7\/2022\/02\/Buy-BC-Hash.jpg","contentUrl":"https:\/\/medicinasinc.com\/sl\/wp-content\/uploads\/sites\/7\/2022\/02\/Buy-BC-Hash.jpg","width":600,"height":600},{"@type":"BreadcrumbList","@id":"https:\/\/medicinasinc.com\/sl\/product\/buy-bc-hash\/#breadcrumb","itemListElement":[{"@type":"ListItem","position":1,"name":"Nakupujte","item":"https:\/\/medicinasinc.com\/sl\/nakupujte\/"},{"@type":"ListItem","position":2,"name":"Kupite BC Hash"}]},{"@type":"WebSite","@id":"https:\/\/medicinasinc.com\/sl\/#website","url":"https:\/\/medicinasinc.com\/sl\/","name":"Medicinas Inc","description":"Health Medical Clinic","potentialAction":[{"@type":"SearchAction","target":{"@type":"EntryPoint","urlTemplate":"https:\/\/medicinasinc.com\/sl\/?s={search_term_string}"},"query-input":{"@type":"PropertyValueSpecification","valueRequired":true,"valueName":"search_term_string"}}],"inLanguage":"en-US"}]}},"_links":{"self":[{"href":"https:\/\/medicinasinc.com\/sl\/wp-json\/wp\/v2\/product\/4627","targetHints":{"allow":["GET"]}}],"collection":[{"href":"https:\/\/medicinasinc.com\/sl\/wp-json\/wp\/v2\/product"}],"about":[{"href":"https:\/\/medicinasinc.com\/sl\/wp-json\/wp\/v2\/types\/product"}],"replies":[{"embeddable":true,"href":"https:\/\/medicinasinc.com\/sl\/wp-json\/wp\/v2\/comments?post=4627"}],"wp:featuredmedia":[{"embeddable":true,"href":"https:\/\/medicinasinc.com\/sl\/wp-json\/wp\/v2\/media\/4639"}],"wp:attachment":[{"href":"https:\/\/medicinasinc.com\/sl\/wp-json\/wp\/v2\/media?parent=4627"}],"wp:term":[{"taxonomy":"product_brand","embeddable":true,"href":"https:\/\/medicinasinc.com\/sl\/wp-json\/wp\/v2\/product_brand?post=4627"},{"taxonomy":"product_cat","embeddable":true,"href":"https:\/\/medicinasinc.com\/sl\/wp-json\/wp\/v2\/product_cat?post=4627"},{"taxonomy":"product_tag","embeddable":true,"href":"https:\/\/medicinasinc.com\/sl\/wp-json\/wp\/v2\/product_tag?post=4627"}],"curies":[{"name":"wp","href":"https:\/\/api.w.org\/{rel}","templated":true}]}}