{"id":4609,"date":"2022-02-20T13:44:35","date_gmt":"2022-02-20T13:44:35","guid":{"rendered":"https:\/\/medicinasinc.com\/sl\/?post_type=product&#038;p=4609"},"modified":"2022-03-19T01:01:32","modified_gmt":"2022-03-19T01:01:32","slug":"kupi-pravo-zeleno-jabolko-tablete-ekstazija","status":"publish","type":"product","link":"https:\/\/medicinasinc.com\/sl\/product\/kupi-pravo-zeleno-jabolko-tablete-ekstazija\/","title":{"rendered":"Kupite pravo tablete ekstazija iz zelenega jabolka"},"content":{"rendered":"<p>Kupite pristno zeleno jabolko ekstazi na spletu.<\/p>\n<p>Prepri\u010dan sem, da ste dobro poznani po tem aksiomu. &#8220;Jabolko na dan odganja specialista,&#8221; pravi pregovor. Glede na \u0161tevilne zdravstvene koristi, povezane z u\u017eivanjem jabolk, ta prehranski pregovor morda ni preve\u010d oddaljen. Tukaj je nekaj zdravstvenih koristi, povezanih z u\u017eivanjem zelenih jabolk.<\/p>\n<p>Dokazano je, da u\u017eivanje jabolk izbolj\u0161a zdravje srca in zmanj\u0161a tveganje za razvoj sr\u010dno-\u017eilnih bolezni.<\/p>\n<p>Natan\u010den mehanizem: katera jabolka izbolj\u0161ujejo zdravje srca je zmedeno. Ena od mo\u017enih razlag je, da jabolka vsebujejo veliko koli\u010dino prehranskih vlaknin, ki so povezane z zni\u017eevanjem holesterola LDL.<\/p>\n<p>Zmanj\u0161ajte tveganje za razvoj sladkorne bolezni tipa 2<\/p>\n<p>U\u017eivanje \u010dim manj kot en dan. nekaj zelenih jabolk na teden lahko zmanj\u0161a tveganje za razvoj sladkorne bolezni tipa 2, je pokazala ena \u0161tudija; vendar je treba izvesti dodatne raziskave. \u0160e vedno ni znano, ali spojine, ki jih najdemo v zelenih jabolkih, pomagajo posameznikom pri obvladovanju simptomov sladkorne bolezni.<\/p>\n<p>Ker ima zeleno jabolko \u0161tevilne prednosti, imajo zeleno jabolko tablete tudi \u0161tevilne prednosti. Morali bi se pogovoriti o tabletah zelenega jabolka.<br \/> \u010ce u\u017eivate v pitju sve\u017eega jabol\u010dnega soka v vro\u010dem poletnem dnevu, vam bodo tablete zelene in jabol\u010dne za nekaj stopenj izbolj\u0161ale va\u0161e izku\u0161nje in zadovoljstvo. Izdelana v Washingtonu s tabletami zelenega jabolka, je skupina te tablete prepojila z najbolj\u0161o konopljo v dr\u017eavi.<\/p>\n<p>THC je z vidika odmerjanja te\u017eko izgoreti, \u0161e posebej, \u010de imetniki niso posebej dobro ozna\u010deni. Tablete zelenega jabolka so vse to spremenile, saj zdaj ponujajo tri razli\u010dne seve svoje znane me\u0161anice 12 oz v razli\u010dnih stopnjah jakosti. Pomembni udarci bodo cenili njihovo najbolj utemeljeno me\u0161anico, ki vsebuje 100 mg na 12 oz.<\/p>\n<p>Zaradi dejstva, da tablete zelenega jabolka vsebujejo konopljo po novi metodi, stranke ostanejo brez zaznavnega vonja ali okusa po plevelu, zaradi \u010desar so idealni za posameznike, ki se \u017eelijo dvigniti, vendar se ne morejo premakniti dlje kot druge tablete. Poleg tega u\u017eivanje konoplje prispeva k napredku bolj zdravega na\u010dina \u017eivljenja, saj lahko dim iz cvetov ali vape \u010dez nekaj \u010dasa postane \u0161kodljiv. Tableta zelenega jabolka je koristna eno leto in vsebuje malo kalorij, zato je edina stvar, ki vas mora skrbeti, da se po zau\u017eitju zdravila vzdr\u017eite hrane.<\/p>\n<table style=\"height: 104px\" width=\"508\">\n<tbody>\n<tr>\n<th><span style=\"font-weight: 400\">Barva:<\/span><\/th>\n<td>Zelena<\/td>\n<\/tr>\n<tr>\n<th> <span style=\"font-weight: 400\">Velikost:<\/span><\/th>\n<td>279 mg<\/td>\n<\/tr>\n<\/tbody>\n<\/table>\n","protected":false},"excerpt":{"rendered":"<div class=\"woocommerce-product-details__short-description\">\n<p>Kupite pravo zeleno jabolko ekstazi tablete za prodajo na spletu v Zdru\u017eenem kraljestvu, Evropi po najbolj\u0161ih cenah pri najbolj\u0161em zanesljivem prodajalcu MDMA, zagotavljamo diskretno in varno dostavo po vsem svetu<\/p>\n<p><strong>Najmanj\u0161e naro\u010dilo<\/strong><strong> je 50 tablet.<\/strong><\/p>\n<\/p><\/div>\n","protected":false},"featured_media":4620,"comment_status":"open","ping_status":"closed","template":"","meta":[],"product_brand":[],"product_cat":[498],"product_tag":[596,601,602,603,604,593,595,594,600,607,609,598,597,608,606,605,599],"class_list":{"0":"post-4609","1":"product","2":"type-product","3":"status-publish","4":"has-post-thumbnail","6":"product_cat-kupi-ekstazi-tablete","7":"product_tag-e-pill-pink","8":"product_tag-green-apple-pills","9":"product_tag-green-ecstasy-pill","10":"product_tag-green-extacy-pills","11":"product_tag-green-pills","12":"product_tag-jabolna-droga","13":"product_tag-jabolne-tablete","14":"product_tag-jabolni-ekstazi","15":"product_tag-zeleno-jabolko-logo","16":"product_tag-zeleno-rolex-tabletka-poroilo","17":"product_tag-small-green-pills","18":"product_tag-zeleno-jabolko-droge","19":"product_tag-zeleno-jabolko-droga","20":"product_tag-zelena-tableta-tabletka","21":"product_tag-zelena-rolex-tabletka","22":"product_tag-zelene-tablete-zdravila","23":"product_tag-zeleno-jabolko-ekstazi","25":"first","26":"instock","27":"shipping-taxable","28":"purchasable","29":"product-type-variable","30":"has-default-attributes"},"yoast_head":"<!-- This site is optimized with the Yoast SEO plugin v27.3 - https:\/\/yoast.com\/product\/yoast-seo-wordpress\/ -->\n<title>Kupite tablete ekstazija pravega zelenega jabolka na spletu \u2013 najbolj\u0161a najbolj\u0161a zdravila na svetu<\/title>\n<meta name=\"description\" content=\"Kupite pravo zeleno jabolko tablete ekstazija za prodajo na spletu v Zdru\u017eenem kraljestvu, Evropi po najbolj\u0161ih cenah pri najbolj\u0161em zanesljivem prodajalcu MDMA, zagotavljamo diskretno in varno dostavo po vsem svetu\" \/>\n<meta name=\"robots\" content=\"index, follow, max-snippet:-1, max-image-preview:large, max-video-preview:-1\" \/>\n<link rel=\"canonical\" href=\"https:\/\/medicinasinc.com\/sl\/product\/kupi-pravo-zeleno-jabolko-tablete-ekstazija\/\" \/>\n<meta property=\"og:locale\" content=\"en_US\" \/>\n<meta property=\"og:type\" content=\"article\" \/>\n<meta property=\"og:title\" content=\"Kupite tablete ekstazija pravega zelenega jabolka na spletu \u2013 najbolj\u0161a najbolj\u0161a zdravila na svetu\" \/>\n<meta property=\"og:description\" content=\"Kupite pravo zeleno jabolko tablete ekstazija za prodajo na spletu v Zdru\u017eenem kraljestvu, Evropi po najbolj\u0161ih cenah pri najbolj\u0161em zanesljivem prodajalcu MDMA, zagotavljamo diskretno in varno dostavo po vsem svetu\" \/>\n<meta property=\"og:url\" content=\"https:\/\/medicinasinc.com\/sl\/product\/kupi-pravo-zeleno-jabolko-tablete-ekstazija\/\" \/>\n<meta property=\"og:site_name\" content=\"Medicinas Inc\" \/>\n<meta property=\"article:modified_time\" content=\"2022-03-19T01:01:32+00:00\" \/>\n<meta property=\"og:image\" content=\"https:\/\/medicinasinc.com\/sl\/wp-content\/uploads\/sites\/7\/2022\/02\/order-real-green-apple-ecstasy-pills-online.jpg\" \/>\n\t<meta property=\"og:image:width\" content=\"600\" \/>\n\t<meta property=\"og:image:height\" content=\"600\" \/>\n\t<meta property=\"og:image:type\" content=\"image\/jpeg\" \/>\n<meta name=\"twitter:card\" content=\"summary_large_image\" \/>\n<meta name=\"twitter:label1\" content=\"Est. reading time\" \/>\n\t<meta name=\"twitter:data1\" content=\"2 minutes\" \/>\n<script type=\"application\/ld+json\" class=\"yoast-schema-graph\">{\"@context\":\"https:\\\/\\\/schema.org\",\"@graph\":[{\"@type\":\"WebPage\",\"@id\":\"https:\\\/\\\/medicinasinc.com\\\/sl\\\/product\\\/kupi-pravo-zeleno-jabolko-tablete-ekstazija\\\/\",\"url\":\"https:\\\/\\\/medicinasinc.com\\\/sl\\\/product\\\/kupi-pravo-zeleno-jabolko-tablete-ekstazija\\\/\",\"name\":\"Kupite tablete ekstazija pravega zelenega jabolka na spletu \u2013 najbolj\u0161a najbolj\u0161a zdravila na svetu\",\"isPartOf\":{\"@id\":\"https:\\\/\\\/medicinasinc.com\\\/sl\\\/#website\"},\"primaryImageOfPage\":{\"@id\":\"https:\\\/\\\/medicinasinc.com\\\/sl\\\/product\\\/kupi-pravo-zeleno-jabolko-tablete-ekstazija\\\/#primaryimage\"},\"image\":{\"@id\":\"https:\\\/\\\/medicinasinc.com\\\/sl\\\/product\\\/kupi-pravo-zeleno-jabolko-tablete-ekstazija\\\/#primaryimage\"},\"thumbnailUrl\":\"https:\\\/\\\/medicinasinc.com\\\/sl\\\/wp-content\\\/uploads\\\/sites\\\/7\\\/2022\\\/02\\\/order-real-green-apple-ecstasy-pills-online.jpg\",\"datePublished\":\"2022-02-20T13:44:35+00:00\",\"dateModified\":\"2022-03-19T01:01:32+00:00\",\"description\":\"Kupite pravo zeleno jabolko tablete ekstazija za prodajo na spletu v Zdru\u017eenem kraljestvu, Evropi po najbolj\u0161ih cenah pri najbolj\u0161em zanesljivem prodajalcu MDMA, zagotavljamo diskretno in varno dostavo po vsem svetu\",\"breadcrumb\":{\"@id\":\"https:\\\/\\\/medicinasinc.com\\\/sl\\\/product\\\/kupi-pravo-zeleno-jabolko-tablete-ekstazija\\\/#breadcrumb\"},\"inLanguage\":\"en-US\",\"potentialAction\":[{\"@type\":\"ReadAction\",\"target\":[\"https:\\\/\\\/medicinasinc.com\\\/sl\\\/product\\\/kupi-pravo-zeleno-jabolko-tablete-ekstazija\\\/\"]}]},{\"@type\":\"ImageObject\",\"inLanguage\":\"en-US\",\"@id\":\"https:\\\/\\\/medicinasinc.com\\\/sl\\\/product\\\/kupi-pravo-zeleno-jabolko-tablete-ekstazija\\\/#primaryimage\",\"url\":\"https:\\\/\\\/medicinasinc.com\\\/sl\\\/wp-content\\\/uploads\\\/sites\\\/7\\\/2022\\\/02\\\/order-real-green-apple-ecstasy-pills-online.jpg\",\"contentUrl\":\"https:\\\/\\\/medicinasinc.com\\\/sl\\\/wp-content\\\/uploads\\\/sites\\\/7\\\/2022\\\/02\\\/order-real-green-apple-ecstasy-pills-online.jpg\",\"width\":600,\"height\":600},{\"@type\":\"BreadcrumbList\",\"@id\":\"https:\\\/\\\/medicinasinc.com\\\/sl\\\/product\\\/kupi-pravo-zeleno-jabolko-tablete-ekstazija\\\/#breadcrumb\",\"itemListElement\":[{\"@type\":\"ListItem\",\"position\":1,\"name\":\"Nakupujte\",\"item\":\"https:\\\/\\\/medicinasinc.com\\\/sl\\\/nakupujte\\\/\"},{\"@type\":\"ListItem\",\"position\":2,\"name\":\"Kupite pravo tablete ekstazija iz zelenega jabolka\"}]},{\"@type\":\"WebSite\",\"@id\":\"https:\\\/\\\/medicinasinc.com\\\/sl\\\/#website\",\"url\":\"https:\\\/\\\/medicinasinc.com\\\/sl\\\/\",\"name\":\"Medicinas Inc\",\"description\":\"Health Medical Clinic\",\"potentialAction\":[{\"@type\":\"SearchAction\",\"target\":{\"@type\":\"EntryPoint\",\"urlTemplate\":\"https:\\\/\\\/medicinasinc.com\\\/sl\\\/?s={search_term_string}\"},\"query-input\":{\"@type\":\"PropertyValueSpecification\",\"valueRequired\":true,\"valueName\":\"search_term_string\"}}],\"inLanguage\":\"en-US\"}]}<\/script>\n<!-- \/ Yoast SEO plugin. -->","yoast_head_json":{"title":"Kupite tablete ekstazija pravega zelenega jabolka na spletu \u2013 najbolj\u0161a najbolj\u0161a zdravila na svetu","description":"Kupite pravo zeleno jabolko tablete ekstazija za prodajo na spletu v Zdru\u017eenem kraljestvu, Evropi po najbolj\u0161ih cenah pri najbolj\u0161em zanesljivem prodajalcu MDMA, zagotavljamo diskretno in varno dostavo po vsem svetu","robots":{"index":"index","follow":"follow","max-snippet":"max-snippet:-1","max-image-preview":"max-image-preview:large","max-video-preview":"max-video-preview:-1"},"canonical":"https:\/\/medicinasinc.com\/sl\/product\/kupi-pravo-zeleno-jabolko-tablete-ekstazija\/","og_locale":"en_US","og_type":"article","og_title":"Kupite tablete ekstazija pravega zelenega jabolka na spletu \u2013 najbolj\u0161a najbolj\u0161a zdravila na svetu","og_description":"Kupite pravo zeleno jabolko tablete ekstazija za prodajo na spletu v Zdru\u017eenem kraljestvu, Evropi po najbolj\u0161ih cenah pri najbolj\u0161em zanesljivem prodajalcu MDMA, zagotavljamo diskretno in varno dostavo po vsem svetu","og_url":"https:\/\/medicinasinc.com\/sl\/product\/kupi-pravo-zeleno-jabolko-tablete-ekstazija\/","og_site_name":"Medicinas Inc","article_modified_time":"2022-03-19T01:01:32+00:00","og_image":[{"width":600,"height":600,"url":"https:\/\/medicinasinc.com\/sl\/wp-content\/uploads\/sites\/7\/2022\/02\/order-real-green-apple-ecstasy-pills-online.jpg","type":"image\/jpeg"}],"twitter_card":"summary_large_image","twitter_misc":{"Est. reading time":"2 minutes"},"schema":{"@context":"https:\/\/schema.org","@graph":[{"@type":"WebPage","@id":"https:\/\/medicinasinc.com\/sl\/product\/kupi-pravo-zeleno-jabolko-tablete-ekstazija\/","url":"https:\/\/medicinasinc.com\/sl\/product\/kupi-pravo-zeleno-jabolko-tablete-ekstazija\/","name":"Kupite tablete ekstazija pravega zelenega jabolka na spletu \u2013 najbolj\u0161a najbolj\u0161a zdravila na svetu","isPartOf":{"@id":"https:\/\/medicinasinc.com\/sl\/#website"},"primaryImageOfPage":{"@id":"https:\/\/medicinasinc.com\/sl\/product\/kupi-pravo-zeleno-jabolko-tablete-ekstazija\/#primaryimage"},"image":{"@id":"https:\/\/medicinasinc.com\/sl\/product\/kupi-pravo-zeleno-jabolko-tablete-ekstazija\/#primaryimage"},"thumbnailUrl":"https:\/\/medicinasinc.com\/sl\/wp-content\/uploads\/sites\/7\/2022\/02\/order-real-green-apple-ecstasy-pills-online.jpg","datePublished":"2022-02-20T13:44:35+00:00","dateModified":"2022-03-19T01:01:32+00:00","description":"Kupite pravo zeleno jabolko tablete ekstazija za prodajo na spletu v Zdru\u017eenem kraljestvu, Evropi po najbolj\u0161ih cenah pri najbolj\u0161em zanesljivem prodajalcu MDMA, zagotavljamo diskretno in varno dostavo po vsem svetu","breadcrumb":{"@id":"https:\/\/medicinasinc.com\/sl\/product\/kupi-pravo-zeleno-jabolko-tablete-ekstazija\/#breadcrumb"},"inLanguage":"en-US","potentialAction":[{"@type":"ReadAction","target":["https:\/\/medicinasinc.com\/sl\/product\/kupi-pravo-zeleno-jabolko-tablete-ekstazija\/"]}]},{"@type":"ImageObject","inLanguage":"en-US","@id":"https:\/\/medicinasinc.com\/sl\/product\/kupi-pravo-zeleno-jabolko-tablete-ekstazija\/#primaryimage","url":"https:\/\/medicinasinc.com\/sl\/wp-content\/uploads\/sites\/7\/2022\/02\/order-real-green-apple-ecstasy-pills-online.jpg","contentUrl":"https:\/\/medicinasinc.com\/sl\/wp-content\/uploads\/sites\/7\/2022\/02\/order-real-green-apple-ecstasy-pills-online.jpg","width":600,"height":600},{"@type":"BreadcrumbList","@id":"https:\/\/medicinasinc.com\/sl\/product\/kupi-pravo-zeleno-jabolko-tablete-ekstazija\/#breadcrumb","itemListElement":[{"@type":"ListItem","position":1,"name":"Nakupujte","item":"https:\/\/medicinasinc.com\/sl\/nakupujte\/"},{"@type":"ListItem","position":2,"name":"Kupite pravo tablete ekstazija iz zelenega jabolka"}]},{"@type":"WebSite","@id":"https:\/\/medicinasinc.com\/sl\/#website","url":"https:\/\/medicinasinc.com\/sl\/","name":"Medicinas Inc","description":"Health Medical Clinic","potentialAction":[{"@type":"SearchAction","target":{"@type":"EntryPoint","urlTemplate":"https:\/\/medicinasinc.com\/sl\/?s={search_term_string}"},"query-input":{"@type":"PropertyValueSpecification","valueRequired":true,"valueName":"search_term_string"}}],"inLanguage":"en-US"}]}},"_links":{"self":[{"href":"https:\/\/medicinasinc.com\/sl\/wp-json\/wp\/v2\/product\/4609","targetHints":{"allow":["GET"]}}],"collection":[{"href":"https:\/\/medicinasinc.com\/sl\/wp-json\/wp\/v2\/product"}],"about":[{"href":"https:\/\/medicinasinc.com\/sl\/wp-json\/wp\/v2\/types\/product"}],"replies":[{"embeddable":true,"href":"https:\/\/medicinasinc.com\/sl\/wp-json\/wp\/v2\/comments?post=4609"}],"wp:featuredmedia":[{"embeddable":true,"href":"https:\/\/medicinasinc.com\/sl\/wp-json\/wp\/v2\/media\/4620"}],"wp:attachment":[{"href":"https:\/\/medicinasinc.com\/sl\/wp-json\/wp\/v2\/media?parent=4609"}],"wp:term":[{"taxonomy":"product_brand","embeddable":true,"href":"https:\/\/medicinasinc.com\/sl\/wp-json\/wp\/v2\/product_brand?post=4609"},{"taxonomy":"product_cat","embeddable":true,"href":"https:\/\/medicinasinc.com\/sl\/wp-json\/wp\/v2\/product_cat?post=4609"},{"taxonomy":"product_tag","embeddable":true,"href":"https:\/\/medicinasinc.com\/sl\/wp-json\/wp\/v2\/product_tag?post=4609"}],"curies":[{"name":"wp","href":"https:\/\/api.w.org\/{rel}","templated":true}]}}