{"id":4592,"date":"2022-02-20T13:31:58","date_gmt":"2022-02-20T13:31:58","guid":{"rendered":"https:\/\/medicinasinc.com\/sl\/?post_type=product&#038;p=4592"},"modified":"2022-03-19T01:01:42","modified_gmt":"2022-03-19T01:01:42","slug":"buy-ecstasy-philipp-plein-blue-524-mg-mdma-tablete","status":"publish","type":"product","link":"https:\/\/medicinasinc.com\/sl\/product\/buy-ecstasy-philipp-plein-blue-524-mg-mdma-tablete\/","title":{"rendered":"Kupite tablete Ecstasy &#8211; Philipp Plein Blue &#8211; 524 mg MDMA"},"content":{"rendered":"<div class=\"woocommerce-tabs wc-tabs-wrapper\">\n<div id=\"tab-description\" class=\"woocommerce-Tabs-panel woocommerce-Tabs-panel--description panel entry-content wc-tab\" role=\"tabpanel\" aria-labelledby=\"tab-title-description\">\n<p>Spletni nakup tablet XTC- Philipp Plein Blue-524 mg MDMA.<\/p>\n<p>\u2013 Philipp Plein 524MG zagotavlja izjemno izku\u0161njo. Je popolnoma varen in higienski izdelek. Odli\u010dna kakovost po dostopni ceni. \u2013 U\u010dinki se za\u010dnejo pribli\u017eno 30 minut kasneje in trajajo pribli\u017eno 6 ur.<br \/> \u2013 Uporabite polovico te tablete naenkrat. Med jemanjem zdravil zau\u017eijte zadostno koli\u010dino vode.<\/p>\n<h1><a style=\"font-size: 16px\" href=\"https:\/\/merrydrug.com\/\">.<\/a><\/h1>\n<\/p><\/div><\/div>\n<div class=\"sorodni izdelki\"><\/div>\n","protected":false},"excerpt":{"rendered":"<div class=\"woocommerce-product-details__short-description\">\n<p>Kupite Philipp Plein Blue- 524 Mg MDMA v Zdru\u017eenem kraljestvu in Evropi po najbolj\u0161i tr\u017eni ceni. Vsi na\u0161i izdelki so narejeni iz popolnoma naravnih sestavin brez THC-ja. Naro\u010dite na spletu zdaj!<\/p>\n<p>Philipp Blue-524 je tableta za ekstremne zabave in zdravilo MDMA, ki se pogosto uporablja v Zdru\u017eenih dr\u017eavah Amerike in Koreji. Njegove psihoaktivne lastnosti so odkrili sredi 1750-ih. \u010ce nekdo \u017eeli izkusiti izjemno visoko raven, ne bo zapustil tega izdelka, potem ko ga je preizkusil. Philipp Blue se uporablja tudi pri verskih obredih in \u017ee leta ostaja visokokakovosten izdelek, saj se ljudje zavedajo njegovih prednosti in brez njega ne morejo \u017eiveti.<\/p>\n<p>Posamezniki ga zaradi mo\u010dnih u\u010dinkov in hitrih rezultatov preuredijo. Zaradi svoje u\u010dinkovitosti ne bo nikoli dlje \u010dasa na zalogi.<\/p>\n<p>Nakup tablet Philipp Plein Blue-524<\/p>\n<p>Najmanj\u0161a koli\u010dina za naro\u010dilo je petdeset tablet.<\/p>\n<\/p><\/div>\n","protected":false},"featured_media":4605,"comment_status":"open","ping_status":"closed","template":"","meta":[],"product_brand":[],"product_cat":[498],"product_tag":[501,584,586,587,589,585,583,590,512,591,588,592],"class_list":{"0":"post-4592","1":"product","2":"type-product","3":"status-publish","4":"has-post-thumbnail","6":"product_cat-kupi-ekstazi-tablete","7":"product_tag-buy-mdma-online","8":"product_tag-buy-xtc-pills-online","9":"product_tag-drugs","10":"product_tag-ecstasy","11":"product_tag-ghb","12":"product_tag-kupite-ecstasy-philipp-plein-blue-524-mg-mdma-tablete-na-spletu","13":"product_tag-kupi-ekstazi-tablete-na-spletu","14":"product_tag-ljubezenske-droge","15":"product_tag-mdma","16":"product_tag-mg-mdma","17":"product_tag-tablete-ekstazija","18":"product_tag-xtc-pills","20":"first","21":"instock","22":"shipping-taxable","23":"purchasable","24":"product-type-variable","25":"has-default-attributes"},"yoast_head":"<!-- This site is optimized with the Yoast SEO plugin v27.3 - https:\/\/yoast.com\/product\/yoast-seo-wordpress\/ -->\n<title>Kupite tablete ekstazija - Philipp Plein Blue - 524 mg MDMA - Global Medicina<\/title>\n<meta name=\"description\" content=\"Kupite Philipp Plein Blue- 524 Mg MDMA UK, Evropa po najbolj\u0161i tr\u017eni ceni. Vsi na\u0161i izdelki so narejeni iz \u010distih naravnih sestavin brez THC-ja. Naro\u010dite na spletu zdaj!\" \/>\n<meta name=\"robots\" content=\"index, follow, max-snippet:-1, max-image-preview:large, max-video-preview:-1\" \/>\n<link rel=\"canonical\" href=\"https:\/\/medicinasinc.com\/sl\/product\/buy-ecstasy-philipp-plein-blue-524-mg-mdma-tablete\/\" \/>\n<meta property=\"og:locale\" content=\"en_US\" \/>\n<meta property=\"og:type\" content=\"article\" \/>\n<meta property=\"og:title\" content=\"Kupite tablete ekstazija - Philipp Plein Blue - 524 mg MDMA - Global Medicina\" \/>\n<meta property=\"og:description\" content=\"Kupite Philipp Plein Blue- 524 Mg MDMA UK, Evropa po najbolj\u0161i tr\u017eni ceni. Vsi na\u0161i izdelki so narejeni iz \u010distih naravnih sestavin brez THC-ja. Naro\u010dite na spletu zdaj!\" \/>\n<meta property=\"og:url\" content=\"https:\/\/medicinasinc.com\/sl\/product\/buy-ecstasy-philipp-plein-blue-524-mg-mdma-tablete\/\" \/>\n<meta property=\"og:site_name\" content=\"Medicinas Inc\" \/>\n<meta property=\"article:modified_time\" content=\"2022-03-19T01:01:42+00:00\" \/>\n<meta property=\"og:image\" content=\"https:\/\/medicinasinc.com\/sl\/wp-content\/uploads\/sites\/7\/2022\/02\/buy-xtc-philipp-plein-blue-524-mg-mdma-pills-online.jpg\" \/>\n\t<meta property=\"og:image:width\" content=\"600\" \/>\n\t<meta property=\"og:image:height\" content=\"600\" \/>\n\t<meta property=\"og:image:type\" content=\"image\/jpeg\" \/>\n<meta name=\"twitter:card\" content=\"summary_large_image\" \/>\n<meta name=\"twitter:label1\" content=\"Est. reading time\" \/>\n\t<meta name=\"twitter:data1\" content=\"1 minute\" \/>\n<script type=\"application\/ld+json\" class=\"yoast-schema-graph\">{\"@context\":\"https:\\\/\\\/schema.org\",\"@graph\":[{\"@type\":\"WebPage\",\"@id\":\"https:\\\/\\\/medicinasinc.com\\\/sl\\\/product\\\/buy-ecstasy-philipp-plein-blue-524-mg-mdma-tablete\\\/\",\"url\":\"https:\\\/\\\/medicinasinc.com\\\/sl\\\/product\\\/buy-ecstasy-philipp-plein-blue-524-mg-mdma-tablete\\\/\",\"name\":\"Kupite tablete ekstazija - Philipp Plein Blue - 524 mg MDMA - Global Medicina\",\"isPartOf\":{\"@id\":\"https:\\\/\\\/medicinasinc.com\\\/sl\\\/#website\"},\"primaryImageOfPage\":{\"@id\":\"https:\\\/\\\/medicinasinc.com\\\/sl\\\/product\\\/buy-ecstasy-philipp-plein-blue-524-mg-mdma-tablete\\\/#primaryimage\"},\"image\":{\"@id\":\"https:\\\/\\\/medicinasinc.com\\\/sl\\\/product\\\/buy-ecstasy-philipp-plein-blue-524-mg-mdma-tablete\\\/#primaryimage\"},\"thumbnailUrl\":\"https:\\\/\\\/medicinasinc.com\\\/sl\\\/wp-content\\\/uploads\\\/sites\\\/7\\\/2022\\\/02\\\/buy-xtc-philipp-plein-blue-524-mg-mdma-pills-online.jpg\",\"datePublished\":\"2022-02-20T13:31:58+00:00\",\"dateModified\":\"2022-03-19T01:01:42+00:00\",\"description\":\"Kupite Philipp Plein Blue- 524 Mg MDMA UK, Evropa po najbolj\u0161i tr\u017eni ceni. Vsi na\u0161i izdelki so narejeni iz \u010distih naravnih sestavin brez THC-ja. Naro\u010dite na spletu zdaj!\",\"breadcrumb\":{\"@id\":\"https:\\\/\\\/medicinasinc.com\\\/sl\\\/product\\\/buy-ecstasy-philipp-plein-blue-524-mg-mdma-tablete\\\/#breadcrumb\"},\"inLanguage\":\"en-US\",\"potentialAction\":[{\"@type\":\"ReadAction\",\"target\":[\"https:\\\/\\\/medicinasinc.com\\\/sl\\\/product\\\/buy-ecstasy-philipp-plein-blue-524-mg-mdma-tablete\\\/\"]}]},{\"@type\":\"ImageObject\",\"inLanguage\":\"en-US\",\"@id\":\"https:\\\/\\\/medicinasinc.com\\\/sl\\\/product\\\/buy-ecstasy-philipp-plein-blue-524-mg-mdma-tablete\\\/#primaryimage\",\"url\":\"https:\\\/\\\/medicinasinc.com\\\/sl\\\/wp-content\\\/uploads\\\/sites\\\/7\\\/2022\\\/02\\\/buy-xtc-philipp-plein-blue-524-mg-mdma-pills-online.jpg\",\"contentUrl\":\"https:\\\/\\\/medicinasinc.com\\\/sl\\\/wp-content\\\/uploads\\\/sites\\\/7\\\/2022\\\/02\\\/buy-xtc-philipp-plein-blue-524-mg-mdma-pills-online.jpg\",\"width\":600,\"height\":600},{\"@type\":\"BreadcrumbList\",\"@id\":\"https:\\\/\\\/medicinasinc.com\\\/sl\\\/product\\\/buy-ecstasy-philipp-plein-blue-524-mg-mdma-tablete\\\/#breadcrumb\",\"itemListElement\":[{\"@type\":\"ListItem\",\"position\":1,\"name\":\"Nakupujte\",\"item\":\"https:\\\/\\\/medicinasinc.com\\\/sl\\\/nakupujte\\\/\"},{\"@type\":\"ListItem\",\"position\":2,\"name\":\"Kupite tablete Ecstasy &#8211; Philipp Plein Blue &#8211; 524 mg MDMA\"}]},{\"@type\":\"WebSite\",\"@id\":\"https:\\\/\\\/medicinasinc.com\\\/sl\\\/#website\",\"url\":\"https:\\\/\\\/medicinasinc.com\\\/sl\\\/\",\"name\":\"Medicinas Inc\",\"description\":\"Health Medical Clinic\",\"potentialAction\":[{\"@type\":\"SearchAction\",\"target\":{\"@type\":\"EntryPoint\",\"urlTemplate\":\"https:\\\/\\\/medicinasinc.com\\\/sl\\\/?s={search_term_string}\"},\"query-input\":{\"@type\":\"PropertyValueSpecification\",\"valueRequired\":true,\"valueName\":\"search_term_string\"}}],\"inLanguage\":\"en-US\"}]}<\/script>\n<!-- \/ Yoast SEO plugin. -->","yoast_head_json":{"title":"Kupite tablete ekstazija - Philipp Plein Blue - 524 mg MDMA - Global Medicina","description":"Kupite Philipp Plein Blue- 524 Mg MDMA UK, Evropa po najbolj\u0161i tr\u017eni ceni. Vsi na\u0161i izdelki so narejeni iz \u010distih naravnih sestavin brez THC-ja. Naro\u010dite na spletu zdaj!","robots":{"index":"index","follow":"follow","max-snippet":"max-snippet:-1","max-image-preview":"max-image-preview:large","max-video-preview":"max-video-preview:-1"},"canonical":"https:\/\/medicinasinc.com\/sl\/product\/buy-ecstasy-philipp-plein-blue-524-mg-mdma-tablete\/","og_locale":"en_US","og_type":"article","og_title":"Kupite tablete ekstazija - Philipp Plein Blue - 524 mg MDMA - Global Medicina","og_description":"Kupite Philipp Plein Blue- 524 Mg MDMA UK, Evropa po najbolj\u0161i tr\u017eni ceni. Vsi na\u0161i izdelki so narejeni iz \u010distih naravnih sestavin brez THC-ja. Naro\u010dite na spletu zdaj!","og_url":"https:\/\/medicinasinc.com\/sl\/product\/buy-ecstasy-philipp-plein-blue-524-mg-mdma-tablete\/","og_site_name":"Medicinas Inc","article_modified_time":"2022-03-19T01:01:42+00:00","og_image":[{"width":600,"height":600,"url":"https:\/\/medicinasinc.com\/sl\/wp-content\/uploads\/sites\/7\/2022\/02\/buy-xtc-philipp-plein-blue-524-mg-mdma-pills-online.jpg","type":"image\/jpeg"}],"twitter_card":"summary_large_image","twitter_misc":{"Est. reading time":"1 minute"},"schema":{"@context":"https:\/\/schema.org","@graph":[{"@type":"WebPage","@id":"https:\/\/medicinasinc.com\/sl\/product\/buy-ecstasy-philipp-plein-blue-524-mg-mdma-tablete\/","url":"https:\/\/medicinasinc.com\/sl\/product\/buy-ecstasy-philipp-plein-blue-524-mg-mdma-tablete\/","name":"Kupite tablete ekstazija - Philipp Plein Blue - 524 mg MDMA - Global Medicina","isPartOf":{"@id":"https:\/\/medicinasinc.com\/sl\/#website"},"primaryImageOfPage":{"@id":"https:\/\/medicinasinc.com\/sl\/product\/buy-ecstasy-philipp-plein-blue-524-mg-mdma-tablete\/#primaryimage"},"image":{"@id":"https:\/\/medicinasinc.com\/sl\/product\/buy-ecstasy-philipp-plein-blue-524-mg-mdma-tablete\/#primaryimage"},"thumbnailUrl":"https:\/\/medicinasinc.com\/sl\/wp-content\/uploads\/sites\/7\/2022\/02\/buy-xtc-philipp-plein-blue-524-mg-mdma-pills-online.jpg","datePublished":"2022-02-20T13:31:58+00:00","dateModified":"2022-03-19T01:01:42+00:00","description":"Kupite Philipp Plein Blue- 524 Mg MDMA UK, Evropa po najbolj\u0161i tr\u017eni ceni. Vsi na\u0161i izdelki so narejeni iz \u010distih naravnih sestavin brez THC-ja. Naro\u010dite na spletu zdaj!","breadcrumb":{"@id":"https:\/\/medicinasinc.com\/sl\/product\/buy-ecstasy-philipp-plein-blue-524-mg-mdma-tablete\/#breadcrumb"},"inLanguage":"en-US","potentialAction":[{"@type":"ReadAction","target":["https:\/\/medicinasinc.com\/sl\/product\/buy-ecstasy-philipp-plein-blue-524-mg-mdma-tablete\/"]}]},{"@type":"ImageObject","inLanguage":"en-US","@id":"https:\/\/medicinasinc.com\/sl\/product\/buy-ecstasy-philipp-plein-blue-524-mg-mdma-tablete\/#primaryimage","url":"https:\/\/medicinasinc.com\/sl\/wp-content\/uploads\/sites\/7\/2022\/02\/buy-xtc-philipp-plein-blue-524-mg-mdma-pills-online.jpg","contentUrl":"https:\/\/medicinasinc.com\/sl\/wp-content\/uploads\/sites\/7\/2022\/02\/buy-xtc-philipp-plein-blue-524-mg-mdma-pills-online.jpg","width":600,"height":600},{"@type":"BreadcrumbList","@id":"https:\/\/medicinasinc.com\/sl\/product\/buy-ecstasy-philipp-plein-blue-524-mg-mdma-tablete\/#breadcrumb","itemListElement":[{"@type":"ListItem","position":1,"name":"Nakupujte","item":"https:\/\/medicinasinc.com\/sl\/nakupujte\/"},{"@type":"ListItem","position":2,"name":"Kupite tablete Ecstasy &#8211; Philipp Plein Blue &#8211; 524 mg MDMA"}]},{"@type":"WebSite","@id":"https:\/\/medicinasinc.com\/sl\/#website","url":"https:\/\/medicinasinc.com\/sl\/","name":"Medicinas Inc","description":"Health Medical Clinic","potentialAction":[{"@type":"SearchAction","target":{"@type":"EntryPoint","urlTemplate":"https:\/\/medicinasinc.com\/sl\/?s={search_term_string}"},"query-input":{"@type":"PropertyValueSpecification","valueRequired":true,"valueName":"search_term_string"}}],"inLanguage":"en-US"}]}},"_links":{"self":[{"href":"https:\/\/medicinasinc.com\/sl\/wp-json\/wp\/v2\/product\/4592","targetHints":{"allow":["GET"]}}],"collection":[{"href":"https:\/\/medicinasinc.com\/sl\/wp-json\/wp\/v2\/product"}],"about":[{"href":"https:\/\/medicinasinc.com\/sl\/wp-json\/wp\/v2\/types\/product"}],"replies":[{"embeddable":true,"href":"https:\/\/medicinasinc.com\/sl\/wp-json\/wp\/v2\/comments?post=4592"}],"wp:featuredmedia":[{"embeddable":true,"href":"https:\/\/medicinasinc.com\/sl\/wp-json\/wp\/v2\/media\/4605"}],"wp:attachment":[{"href":"https:\/\/medicinasinc.com\/sl\/wp-json\/wp\/v2\/media?parent=4592"}],"wp:term":[{"taxonomy":"product_brand","embeddable":true,"href":"https:\/\/medicinasinc.com\/sl\/wp-json\/wp\/v2\/product_brand?post=4592"},{"taxonomy":"product_cat","embeddable":true,"href":"https:\/\/medicinasinc.com\/sl\/wp-json\/wp\/v2\/product_cat?post=4592"},{"taxonomy":"product_tag","embeddable":true,"href":"https:\/\/medicinasinc.com\/sl\/wp-json\/wp\/v2\/product_tag?post=4592"}],"curies":[{"name":"wp","href":"https:\/\/api.w.org\/{rel}","templated":true}]}}