{"id":4591,"date":"2022-02-20T13:30:56","date_gmt":"2022-02-20T13:30:56","guid":{"rendered":"https:\/\/medicinasinc.com\/sl\/?post_type=product&#038;p=4591"},"modified":"2022-03-19T01:01:52","modified_gmt":"2022-03-19T01:01:52","slug":"kupi-bele-rolex-tablete-ekstazija","status":"publish","type":"product","link":"https:\/\/medicinasinc.com\/sl\/product\/kupi-bele-rolex-tablete-ekstazija\/","title":{"rendered":"Kupite bele tablete ekstazija Rolex"},"content":{"rendered":"<h1>Kupite bele tablete ekstazija Rolex na spletu.<\/h1>\n<table style=\"height: 82px\" width=\"495\">\n<tbody>\n<tr>\n<th>Barva:<\/th>\n<td>Bela ali ugasnjena Bela<\/td>\n<\/tr>\n<tr>\n<th>Velikost:<\/th>\n<td>195 mg<\/td>\n<\/tr>\n<\/tbody>\n<\/table>\n","protected":false},"excerpt":{"rendered":"<div class=\"woocommerce-product-details__short-description\">\n<p>Kupite bele tablete ekstazija Rolex na spletu za prodajo v Zdru\u017eenem kraljestvu, Evropi od najbolj zanesljivega dobavitelja mdma po najbolj\u0161ih cenah, zagotavljamo diskretno in varno dostavo po vsem svetu<\/p>\n<p><strong>Najmanj\u0161e naro\u010dilo<\/strong><strong>je 50 tablet.<\/strong><\/p>\n<\/p><\/div>\n","protected":false},"featured_media":4603,"comment_status":"open","ping_status":"closed","template":"","meta":[],"product_brand":[],"product_cat":[498],"product_tag":[578,577,576,579,580,581,582],"class_list":{"0":"post-4591","1":"product","2":"type-product","3":"status-publish","4":"has-post-thumbnail","6":"product_cat-kupi-ekstazi-tablete","7":"product_tag-cheap-white-rolex-ecstasy-pills-for-sale","8":"product_tag-kupi-belo-rolex-ekstazi-tablete-na-spletu","9":"product_tag-buy-white-rolex-ecstasy-online","10":"product_tag-need-white-rolex-ecstasy-pills","11":"product_tag-order-white-rolex-ecstasy-pills","12":"product_tag-where-to-buy-white-rolex-ecstasy-pills","13":"product_tag-where-to-order-white-rolex-ecstasy-pills","15":"first","16":"instock","17":"shipping-taxable","18":"purchasable","19":"product-type-variable","20":"has-default-attributes"},"yoast_head":"<!-- This site is optimized with the Yoast SEO plugin v27.3 - https:\/\/yoast.com\/product\/yoast-seo-wordpress\/ -->\n<title>Kupite bele tablete ekstazija Rolex na spletu \u2013 najbolj\u0161a najbolj\u0161a zdravila na svetu<\/title>\n<meta name=\"description\" content=\"Kupite bele tablete ekstazija Rolex na spletu za prodajo v Zdru\u017eenem kraljestvu, Evropi od najbolj zanesljivega dobavitelja mdma po najbolj\u0161ih cenah, zagotavljamo diskretno in varno po\u0161iljanje po vsem svetu\" \/>\n<meta name=\"robots\" content=\"index, follow, max-snippet:-1, max-image-preview:large, max-video-preview:-1\" \/>\n<link rel=\"canonical\" href=\"https:\/\/medicinasinc.com\/sl\/product\/kupi-bele-rolex-tablete-ekstazija\/\" \/>\n<meta property=\"og:locale\" content=\"en_US\" \/>\n<meta property=\"og:type\" content=\"article\" \/>\n<meta property=\"og:title\" content=\"Kupite bele tablete ekstazija Rolex na spletu \u2013 najbolj\u0161a najbolj\u0161a zdravila na svetu\" \/>\n<meta property=\"og:description\" content=\"Kupite bele tablete ekstazija Rolex na spletu za prodajo v Zdru\u017eenem kraljestvu, Evropi od najbolj zanesljivega dobavitelja mdma po najbolj\u0161ih cenah, zagotavljamo diskretno in varno po\u0161iljanje po vsem svetu\" \/>\n<meta property=\"og:url\" content=\"https:\/\/medicinasinc.com\/sl\/product\/kupi-bele-rolex-tablete-ekstazija\/\" \/>\n<meta property=\"og:site_name\" content=\"Medicinas Inc\" \/>\n<meta property=\"article:modified_time\" content=\"2022-03-19T01:01:52+00:00\" \/>\n<meta property=\"og:image\" content=\"https:\/\/medicinasinc.com\/sl\/wp-content\/uploads\/sites\/7\/2022\/02\/buy-white-rolex-ecstasy-pills-online.jpg\" \/>\n\t<meta property=\"og:image:width\" content=\"600\" \/>\n\t<meta property=\"og:image:height\" content=\"600\" \/>\n\t<meta property=\"og:image:type\" content=\"image\/jpeg\" \/>\n<meta name=\"twitter:card\" content=\"summary_large_image\" \/>\n<meta name=\"twitter:label1\" content=\"Est. reading time\" \/>\n\t<meta name=\"twitter:data1\" content=\"1 minute\" \/>\n<script type=\"application\/ld+json\" class=\"yoast-schema-graph\">{\"@context\":\"https:\\\/\\\/schema.org\",\"@graph\":[{\"@type\":\"WebPage\",\"@id\":\"https:\\\/\\\/medicinasinc.com\\\/sl\\\/product\\\/kupi-bele-rolex-tablete-ekstazija\\\/\",\"url\":\"https:\\\/\\\/medicinasinc.com\\\/sl\\\/product\\\/kupi-bele-rolex-tablete-ekstazija\\\/\",\"name\":\"Kupite bele tablete ekstazija Rolex na spletu \u2013 najbolj\u0161a najbolj\u0161a zdravila na svetu\",\"isPartOf\":{\"@id\":\"https:\\\/\\\/medicinasinc.com\\\/sl\\\/#website\"},\"primaryImageOfPage\":{\"@id\":\"https:\\\/\\\/medicinasinc.com\\\/sl\\\/product\\\/kupi-bele-rolex-tablete-ekstazija\\\/#primaryimage\"},\"image\":{\"@id\":\"https:\\\/\\\/medicinasinc.com\\\/sl\\\/product\\\/kupi-bele-rolex-tablete-ekstazija\\\/#primaryimage\"},\"thumbnailUrl\":\"https:\\\/\\\/medicinasinc.com\\\/sl\\\/wp-content\\\/uploads\\\/sites\\\/7\\\/2022\\\/02\\\/buy-white-rolex-ecstasy-pills-online.jpg\",\"datePublished\":\"2022-02-20T13:30:56+00:00\",\"dateModified\":\"2022-03-19T01:01:52+00:00\",\"description\":\"Kupite bele tablete ekstazija Rolex na spletu za prodajo v Zdru\u017eenem kraljestvu, Evropi od najbolj zanesljivega dobavitelja mdma po najbolj\u0161ih cenah, zagotavljamo diskretno in varno po\u0161iljanje po vsem svetu\",\"breadcrumb\":{\"@id\":\"https:\\\/\\\/medicinasinc.com\\\/sl\\\/product\\\/kupi-bele-rolex-tablete-ekstazija\\\/#breadcrumb\"},\"inLanguage\":\"en-US\",\"potentialAction\":[{\"@type\":\"ReadAction\",\"target\":[\"https:\\\/\\\/medicinasinc.com\\\/sl\\\/product\\\/kupi-bele-rolex-tablete-ekstazija\\\/\"]}]},{\"@type\":\"ImageObject\",\"inLanguage\":\"en-US\",\"@id\":\"https:\\\/\\\/medicinasinc.com\\\/sl\\\/product\\\/kupi-bele-rolex-tablete-ekstazija\\\/#primaryimage\",\"url\":\"https:\\\/\\\/medicinasinc.com\\\/sl\\\/wp-content\\\/uploads\\\/sites\\\/7\\\/2022\\\/02\\\/buy-white-rolex-ecstasy-pills-online.jpg\",\"contentUrl\":\"https:\\\/\\\/medicinasinc.com\\\/sl\\\/wp-content\\\/uploads\\\/sites\\\/7\\\/2022\\\/02\\\/buy-white-rolex-ecstasy-pills-online.jpg\",\"width\":600,\"height\":600},{\"@type\":\"BreadcrumbList\",\"@id\":\"https:\\\/\\\/medicinasinc.com\\\/sl\\\/product\\\/kupi-bele-rolex-tablete-ekstazija\\\/#breadcrumb\",\"itemListElement\":[{\"@type\":\"ListItem\",\"position\":1,\"name\":\"Nakupujte\",\"item\":\"https:\\\/\\\/medicinasinc.com\\\/sl\\\/nakupujte\\\/\"},{\"@type\":\"ListItem\",\"position\":2,\"name\":\"Kupite bele tablete ekstazija Rolex\"}]},{\"@type\":\"WebSite\",\"@id\":\"https:\\\/\\\/medicinasinc.com\\\/sl\\\/#website\",\"url\":\"https:\\\/\\\/medicinasinc.com\\\/sl\\\/\",\"name\":\"Medicinas Inc\",\"description\":\"Health Medical Clinic\",\"potentialAction\":[{\"@type\":\"SearchAction\",\"target\":{\"@type\":\"EntryPoint\",\"urlTemplate\":\"https:\\\/\\\/medicinasinc.com\\\/sl\\\/?s={search_term_string}\"},\"query-input\":{\"@type\":\"PropertyValueSpecification\",\"valueRequired\":true,\"valueName\":\"search_term_string\"}}],\"inLanguage\":\"en-US\"}]}<\/script>\n<!-- \/ Yoast SEO plugin. -->","yoast_head_json":{"title":"Kupite bele tablete ekstazija Rolex na spletu \u2013 najbolj\u0161a najbolj\u0161a zdravila na svetu","description":"Kupite bele tablete ekstazija Rolex na spletu za prodajo v Zdru\u017eenem kraljestvu, Evropi od najbolj zanesljivega dobavitelja mdma po najbolj\u0161ih cenah, zagotavljamo diskretno in varno po\u0161iljanje po vsem svetu","robots":{"index":"index","follow":"follow","max-snippet":"max-snippet:-1","max-image-preview":"max-image-preview:large","max-video-preview":"max-video-preview:-1"},"canonical":"https:\/\/medicinasinc.com\/sl\/product\/kupi-bele-rolex-tablete-ekstazija\/","og_locale":"en_US","og_type":"article","og_title":"Kupite bele tablete ekstazija Rolex na spletu \u2013 najbolj\u0161a najbolj\u0161a zdravila na svetu","og_description":"Kupite bele tablete ekstazija Rolex na spletu za prodajo v Zdru\u017eenem kraljestvu, Evropi od najbolj zanesljivega dobavitelja mdma po najbolj\u0161ih cenah, zagotavljamo diskretno in varno po\u0161iljanje po vsem svetu","og_url":"https:\/\/medicinasinc.com\/sl\/product\/kupi-bele-rolex-tablete-ekstazija\/","og_site_name":"Medicinas Inc","article_modified_time":"2022-03-19T01:01:52+00:00","og_image":[{"width":600,"height":600,"url":"https:\/\/medicinasinc.com\/sl\/wp-content\/uploads\/sites\/7\/2022\/02\/buy-white-rolex-ecstasy-pills-online.jpg","type":"image\/jpeg"}],"twitter_card":"summary_large_image","twitter_misc":{"Est. reading time":"1 minute"},"schema":{"@context":"https:\/\/schema.org","@graph":[{"@type":"WebPage","@id":"https:\/\/medicinasinc.com\/sl\/product\/kupi-bele-rolex-tablete-ekstazija\/","url":"https:\/\/medicinasinc.com\/sl\/product\/kupi-bele-rolex-tablete-ekstazija\/","name":"Kupite bele tablete ekstazija Rolex na spletu \u2013 najbolj\u0161a najbolj\u0161a zdravila na svetu","isPartOf":{"@id":"https:\/\/medicinasinc.com\/sl\/#website"},"primaryImageOfPage":{"@id":"https:\/\/medicinasinc.com\/sl\/product\/kupi-bele-rolex-tablete-ekstazija\/#primaryimage"},"image":{"@id":"https:\/\/medicinasinc.com\/sl\/product\/kupi-bele-rolex-tablete-ekstazija\/#primaryimage"},"thumbnailUrl":"https:\/\/medicinasinc.com\/sl\/wp-content\/uploads\/sites\/7\/2022\/02\/buy-white-rolex-ecstasy-pills-online.jpg","datePublished":"2022-02-20T13:30:56+00:00","dateModified":"2022-03-19T01:01:52+00:00","description":"Kupite bele tablete ekstazija Rolex na spletu za prodajo v Zdru\u017eenem kraljestvu, Evropi od najbolj zanesljivega dobavitelja mdma po najbolj\u0161ih cenah, zagotavljamo diskretno in varno po\u0161iljanje po vsem svetu","breadcrumb":{"@id":"https:\/\/medicinasinc.com\/sl\/product\/kupi-bele-rolex-tablete-ekstazija\/#breadcrumb"},"inLanguage":"en-US","potentialAction":[{"@type":"ReadAction","target":["https:\/\/medicinasinc.com\/sl\/product\/kupi-bele-rolex-tablete-ekstazija\/"]}]},{"@type":"ImageObject","inLanguage":"en-US","@id":"https:\/\/medicinasinc.com\/sl\/product\/kupi-bele-rolex-tablete-ekstazija\/#primaryimage","url":"https:\/\/medicinasinc.com\/sl\/wp-content\/uploads\/sites\/7\/2022\/02\/buy-white-rolex-ecstasy-pills-online.jpg","contentUrl":"https:\/\/medicinasinc.com\/sl\/wp-content\/uploads\/sites\/7\/2022\/02\/buy-white-rolex-ecstasy-pills-online.jpg","width":600,"height":600},{"@type":"BreadcrumbList","@id":"https:\/\/medicinasinc.com\/sl\/product\/kupi-bele-rolex-tablete-ekstazija\/#breadcrumb","itemListElement":[{"@type":"ListItem","position":1,"name":"Nakupujte","item":"https:\/\/medicinasinc.com\/sl\/nakupujte\/"},{"@type":"ListItem","position":2,"name":"Kupite bele tablete ekstazija Rolex"}]},{"@type":"WebSite","@id":"https:\/\/medicinasinc.com\/sl\/#website","url":"https:\/\/medicinasinc.com\/sl\/","name":"Medicinas Inc","description":"Health Medical Clinic","potentialAction":[{"@type":"SearchAction","target":{"@type":"EntryPoint","urlTemplate":"https:\/\/medicinasinc.com\/sl\/?s={search_term_string}"},"query-input":{"@type":"PropertyValueSpecification","valueRequired":true,"valueName":"search_term_string"}}],"inLanguage":"en-US"}]}},"_links":{"self":[{"href":"https:\/\/medicinasinc.com\/sl\/wp-json\/wp\/v2\/product\/4591","targetHints":{"allow":["GET"]}}],"collection":[{"href":"https:\/\/medicinasinc.com\/sl\/wp-json\/wp\/v2\/product"}],"about":[{"href":"https:\/\/medicinasinc.com\/sl\/wp-json\/wp\/v2\/types\/product"}],"replies":[{"embeddable":true,"href":"https:\/\/medicinasinc.com\/sl\/wp-json\/wp\/v2\/comments?post=4591"}],"wp:featuredmedia":[{"embeddable":true,"href":"https:\/\/medicinasinc.com\/sl\/wp-json\/wp\/v2\/media\/4603"}],"wp:attachment":[{"href":"https:\/\/medicinasinc.com\/sl\/wp-json\/wp\/v2\/media?parent=4591"}],"wp:term":[{"taxonomy":"product_brand","embeddable":true,"href":"https:\/\/medicinasinc.com\/sl\/wp-json\/wp\/v2\/product_brand?post=4591"},{"taxonomy":"product_cat","embeddable":true,"href":"https:\/\/medicinasinc.com\/sl\/wp-json\/wp\/v2\/product_cat?post=4591"},{"taxonomy":"product_tag","embeddable":true,"href":"https:\/\/medicinasinc.com\/sl\/wp-json\/wp\/v2\/product_tag?post=4591"}],"curies":[{"name":"wp","href":"https:\/\/api.w.org\/{rel}","templated":true}]}}