{"id":4576,"date":"2022-02-20T13:20:42","date_gmt":"2022-02-20T13:20:42","guid":{"rendered":"https:\/\/medicinasinc.com\/sl\/?post_type=product&#038;p=4576"},"modified":"2022-03-19T01:02:05","modified_gmt":"2022-03-19T01:02:05","slug":"kupi-oranzna-tesla-tablete-ekstazija","status":"publish","type":"product","link":"https:\/\/medicinasinc.com\/sl\/product\/kupi-oranzna-tesla-tablete-ekstazija\/","title":{"rendered":"Kupite oran\u017ene tablete ekstazija Tesla"},"content":{"rendered":"<p>Orange Tesla Ecstasy tablete Kupite<\/p>\n<p>3,4 metilendioksi-metamfetamin je aktivna sestavina v tabletah ekstazija Orange Tesla (MDMA). Majhne oran\u017ene tablice so oblikovane kot \u0161\u010dit in imajo nad Teslim logotipom v obliki \u010drke t napis &#8220;Tesla&#8221;.<\/p>\n<p>Svetijo v temi, nekatere pa so posute z vijoli\u010dnimi ble\u0161\u010dicami.<\/p>\n<p> &gt; <\/p>\n<p>Priljubljeni so, ker so mo\u010dni, imajo zabaven dizajn in so povezani z dobro znano blagovno znamko s pozitivnim ugledom. Ve\u010dina ljudi je bolj verjetno, da bo kupila tableto ekstazija s prepoznavnim logotipom kot navadno belo tableto, ki jo je izdelal kdorkoli.<\/p>\n<p>Vendar oran\u017ene tablete Tesla nimajo ni\u010d opraviti s Teslo Elona Muska, ameri\u0161kim proizvajalcem avtomobilov in proizvajalcem avtomobilov. podjetje za \u010disto energijo.<\/p>\n<p>Znam\u010dena blagovna znamka ne pomeni, da so visokokakovostne ali celo dosledne kakovosti. Z uporabo podobne stiskalnice in barvila lahko vsak posnema oran\u017eno Teslo tableto ekstazija.<\/p>\n","protected":false},"excerpt":{"rendered":"<p>Kupite oran\u017ene Tesla tablete ekstazija za prodajo Evropa, Zdru\u017eeno kraljestvo. Kupite ekstazi na spletu, prodajalec ekstazija, naro\u010dite tablete ekstazija na spletu, imamo opravka z najbolj \u010distimi in najbolj\u0161imi izdelki.<\/p>\n<p>Pri Best global meds\u00a0lahko kupite originalne tablete ekstazija Tesla po dostopni ceni. Vsi izdelki so laboratorijsko testirani in najvi\u0161je kakovosti.<\/p>\n","protected":false},"featured_media":4589,"comment_status":"open","ping_status":"closed","template":"","meta":[],"product_brand":[],"product_cat":[498],"product_tag":[555,556,557,559,560,554,562,563,564,565,566,567,561,558,568,569,570,571,572,573,574,575],"class_list":{"0":"post-4576","1":"product","2":"type-product","3":"status-publish","4":"has-post-thumbnail","6":"product_cat-kupi-ekstazi-tablete","7":"product_tag-blue-tesla-pill-mg","8":"product_tag-bluelight-orange-tesla-ecstasy-vs-molly","9":"product_tag-different-extacy-pills-list","10":"product_tag-ecstasy-press-tablete-tesla","11":"product_tag-ekstazi-tesla","12":"product_tag-blue-tesla-ecstasy","13":"product_tag-orange-tesla-2021","14":"product_tag-orange-tesla-ecstasy-mg","15":"product_tag-orange-tesla-ecstasy-pills-los-angeles-2019","16":"product_tag-orange-tesla-pill-effects","17":"product_tag-peach-hard-tesla-ecstasy-with-score-on-back","18":"product_tag-reddit-ecstasy-tablet-rating-tesla-vs-punisher-vs","19":"product_tag-extacy-tabletke-slike","20":"product_tag-tablete-ekstazija-tesla-iga-iz-nizozemske","21":"product_tag-tesla-ecstasy","22":"product_tag-tesla-ecstasy-pill","23":"product_tag-tesla-ecstasy-review","24":"product_tag-tesla-ecstasy-tampa","25":"product_tag-tesla-pill-blue-effects","26":"product_tag-tesla-pill-warning","27":"product_tag-tesla-pills-blue","28":"product_tag-yellow-tesla-ecstasy-tampa","30":"first","31":"instock","32":"shipping-taxable","33":"purchasable","34":"product-type-variable","35":"has-default-attributes"},"yoast_head":"<!-- This site is optimized with the Yoast SEO plugin v27.3 - https:\/\/yoast.com\/product\/yoast-seo-wordpress\/ -->\n<title>Kupite oran\u017ene tablete ekstazija Tesla - najbolj\u0161a najbolj\u0161a zdravila na svetu<\/title>\n<meta name=\"description\" content=\"Kupite Orange Tesla Ecstasy tablete za prodajo Evropa, Velika Britanija. Kupite ekstazi na spletu, prodajalec ekstazija, naro\u010dite tablete ekstazija na spletu, ukvarjamo se z najbolj \u010distimi in najbolj\u0161imi izdelki.\" \/>\n<meta name=\"robots\" content=\"index, follow, max-snippet:-1, max-image-preview:large, max-video-preview:-1\" \/>\n<link rel=\"canonical\" href=\"https:\/\/medicinasinc.com\/sl\/product\/kupi-oranzna-tesla-tablete-ekstazija\/\" \/>\n<meta property=\"og:locale\" content=\"en_US\" \/>\n<meta property=\"og:type\" content=\"article\" \/>\n<meta property=\"og:title\" content=\"Kupite oran\u017ene tablete ekstazija Tesla - najbolj\u0161a najbolj\u0161a zdravila na svetu\" \/>\n<meta property=\"og:description\" content=\"Kupite Orange Tesla Ecstasy tablete za prodajo Evropa, Velika Britanija. Kupite ekstazi na spletu, prodajalec ekstazija, naro\u010dite tablete ekstazija na spletu, ukvarjamo se z najbolj \u010distimi in najbolj\u0161imi izdelki.\" \/>\n<meta property=\"og:url\" content=\"https:\/\/medicinasinc.com\/sl\/product\/kupi-oranzna-tesla-tablete-ekstazija\/\" \/>\n<meta property=\"og:site_name\" content=\"Medicinas Inc\" \/>\n<meta property=\"article:modified_time\" content=\"2022-03-19T01:02:05+00:00\" \/>\n<meta property=\"og:image\" content=\"https:\/\/medicinasinc.com\/sl\/wp-content\/uploads\/sites\/7\/2022\/02\/Buy-Orange-Tesla-Ecstasy-Pills.jpg\" \/>\n\t<meta property=\"og:image:width\" content=\"747\" \/>\n\t<meta property=\"og:image:height\" content=\"560\" \/>\n\t<meta property=\"og:image:type\" content=\"image\/jpeg\" \/>\n<meta name=\"twitter:card\" content=\"summary_large_image\" \/>\n<meta name=\"twitter:label1\" content=\"Est. reading time\" \/>\n\t<meta name=\"twitter:data1\" content=\"1 minute\" \/>\n<script type=\"application\/ld+json\" class=\"yoast-schema-graph\">{\"@context\":\"https:\\\/\\\/schema.org\",\"@graph\":[{\"@type\":\"WebPage\",\"@id\":\"https:\\\/\\\/medicinasinc.com\\\/sl\\\/product\\\/kupi-oranzna-tesla-tablete-ekstazija\\\/\",\"url\":\"https:\\\/\\\/medicinasinc.com\\\/sl\\\/product\\\/kupi-oranzna-tesla-tablete-ekstazija\\\/\",\"name\":\"Kupite oran\u017ene tablete ekstazija Tesla - najbolj\u0161a najbolj\u0161a zdravila na svetu\",\"isPartOf\":{\"@id\":\"https:\\\/\\\/medicinasinc.com\\\/sl\\\/#website\"},\"primaryImageOfPage\":{\"@id\":\"https:\\\/\\\/medicinasinc.com\\\/sl\\\/product\\\/kupi-oranzna-tesla-tablete-ekstazija\\\/#primaryimage\"},\"image\":{\"@id\":\"https:\\\/\\\/medicinasinc.com\\\/sl\\\/product\\\/kupi-oranzna-tesla-tablete-ekstazija\\\/#primaryimage\"},\"thumbnailUrl\":\"https:\\\/\\\/medicinasinc.com\\\/sl\\\/wp-content\\\/uploads\\\/sites\\\/7\\\/2022\\\/02\\\/Buy-Orange-Tesla-Ecstasy-Pills.jpg\",\"datePublished\":\"2022-02-20T13:20:42+00:00\",\"dateModified\":\"2022-03-19T01:02:05+00:00\",\"description\":\"Kupite Orange Tesla Ecstasy tablete za prodajo Evropa, Velika Britanija. Kupite ekstazi na spletu, prodajalec ekstazija, naro\u010dite tablete ekstazija na spletu, ukvarjamo se z najbolj \u010distimi in najbolj\u0161imi izdelki.\",\"breadcrumb\":{\"@id\":\"https:\\\/\\\/medicinasinc.com\\\/sl\\\/product\\\/kupi-oranzna-tesla-tablete-ekstazija\\\/#breadcrumb\"},\"inLanguage\":\"en-US\",\"potentialAction\":[{\"@type\":\"ReadAction\",\"target\":[\"https:\\\/\\\/medicinasinc.com\\\/sl\\\/product\\\/kupi-oranzna-tesla-tablete-ekstazija\\\/\"]}]},{\"@type\":\"ImageObject\",\"inLanguage\":\"en-US\",\"@id\":\"https:\\\/\\\/medicinasinc.com\\\/sl\\\/product\\\/kupi-oranzna-tesla-tablete-ekstazija\\\/#primaryimage\",\"url\":\"https:\\\/\\\/medicinasinc.com\\\/sl\\\/wp-content\\\/uploads\\\/sites\\\/7\\\/2022\\\/02\\\/Buy-Orange-Tesla-Ecstasy-Pills.jpg\",\"contentUrl\":\"https:\\\/\\\/medicinasinc.com\\\/sl\\\/wp-content\\\/uploads\\\/sites\\\/7\\\/2022\\\/02\\\/Buy-Orange-Tesla-Ecstasy-Pills.jpg\",\"width\":747,\"height\":560},{\"@type\":\"BreadcrumbList\",\"@id\":\"https:\\\/\\\/medicinasinc.com\\\/sl\\\/product\\\/kupi-oranzna-tesla-tablete-ekstazija\\\/#breadcrumb\",\"itemListElement\":[{\"@type\":\"ListItem\",\"position\":1,\"name\":\"Nakupujte\",\"item\":\"https:\\\/\\\/medicinasinc.com\\\/sl\\\/nakupujte\\\/\"},{\"@type\":\"ListItem\",\"position\":2,\"name\":\"Kupite oran\u017ene tablete ekstazija Tesla\"}]},{\"@type\":\"WebSite\",\"@id\":\"https:\\\/\\\/medicinasinc.com\\\/sl\\\/#website\",\"url\":\"https:\\\/\\\/medicinasinc.com\\\/sl\\\/\",\"name\":\"Medicinas Inc\",\"description\":\"Health Medical Clinic\",\"potentialAction\":[{\"@type\":\"SearchAction\",\"target\":{\"@type\":\"EntryPoint\",\"urlTemplate\":\"https:\\\/\\\/medicinasinc.com\\\/sl\\\/?s={search_term_string}\"},\"query-input\":{\"@type\":\"PropertyValueSpecification\",\"valueRequired\":true,\"valueName\":\"search_term_string\"}}],\"inLanguage\":\"en-US\"}]}<\/script>\n<!-- \/ Yoast SEO plugin. -->","yoast_head_json":{"title":"Kupite oran\u017ene tablete ekstazija Tesla - najbolj\u0161a najbolj\u0161a zdravila na svetu","description":"Kupite Orange Tesla Ecstasy tablete za prodajo Evropa, Velika Britanija. Kupite ekstazi na spletu, prodajalec ekstazija, naro\u010dite tablete ekstazija na spletu, ukvarjamo se z najbolj \u010distimi in najbolj\u0161imi izdelki.","robots":{"index":"index","follow":"follow","max-snippet":"max-snippet:-1","max-image-preview":"max-image-preview:large","max-video-preview":"max-video-preview:-1"},"canonical":"https:\/\/medicinasinc.com\/sl\/product\/kupi-oranzna-tesla-tablete-ekstazija\/","og_locale":"en_US","og_type":"article","og_title":"Kupite oran\u017ene tablete ekstazija Tesla - najbolj\u0161a najbolj\u0161a zdravila na svetu","og_description":"Kupite Orange Tesla Ecstasy tablete za prodajo Evropa, Velika Britanija. Kupite ekstazi na spletu, prodajalec ekstazija, naro\u010dite tablete ekstazija na spletu, ukvarjamo se z najbolj \u010distimi in najbolj\u0161imi izdelki.","og_url":"https:\/\/medicinasinc.com\/sl\/product\/kupi-oranzna-tesla-tablete-ekstazija\/","og_site_name":"Medicinas Inc","article_modified_time":"2022-03-19T01:02:05+00:00","og_image":[{"width":747,"height":560,"url":"https:\/\/medicinasinc.com\/sl\/wp-content\/uploads\/sites\/7\/2022\/02\/Buy-Orange-Tesla-Ecstasy-Pills.jpg","type":"image\/jpeg"}],"twitter_card":"summary_large_image","twitter_misc":{"Est. reading time":"1 minute"},"schema":{"@context":"https:\/\/schema.org","@graph":[{"@type":"WebPage","@id":"https:\/\/medicinasinc.com\/sl\/product\/kupi-oranzna-tesla-tablete-ekstazija\/","url":"https:\/\/medicinasinc.com\/sl\/product\/kupi-oranzna-tesla-tablete-ekstazija\/","name":"Kupite oran\u017ene tablete ekstazija Tesla - najbolj\u0161a najbolj\u0161a zdravila na svetu","isPartOf":{"@id":"https:\/\/medicinasinc.com\/sl\/#website"},"primaryImageOfPage":{"@id":"https:\/\/medicinasinc.com\/sl\/product\/kupi-oranzna-tesla-tablete-ekstazija\/#primaryimage"},"image":{"@id":"https:\/\/medicinasinc.com\/sl\/product\/kupi-oranzna-tesla-tablete-ekstazija\/#primaryimage"},"thumbnailUrl":"https:\/\/medicinasinc.com\/sl\/wp-content\/uploads\/sites\/7\/2022\/02\/Buy-Orange-Tesla-Ecstasy-Pills.jpg","datePublished":"2022-02-20T13:20:42+00:00","dateModified":"2022-03-19T01:02:05+00:00","description":"Kupite Orange Tesla Ecstasy tablete za prodajo Evropa, Velika Britanija. Kupite ekstazi na spletu, prodajalec ekstazija, naro\u010dite tablete ekstazija na spletu, ukvarjamo se z najbolj \u010distimi in najbolj\u0161imi izdelki.","breadcrumb":{"@id":"https:\/\/medicinasinc.com\/sl\/product\/kupi-oranzna-tesla-tablete-ekstazija\/#breadcrumb"},"inLanguage":"en-US","potentialAction":[{"@type":"ReadAction","target":["https:\/\/medicinasinc.com\/sl\/product\/kupi-oranzna-tesla-tablete-ekstazija\/"]}]},{"@type":"ImageObject","inLanguage":"en-US","@id":"https:\/\/medicinasinc.com\/sl\/product\/kupi-oranzna-tesla-tablete-ekstazija\/#primaryimage","url":"https:\/\/medicinasinc.com\/sl\/wp-content\/uploads\/sites\/7\/2022\/02\/Buy-Orange-Tesla-Ecstasy-Pills.jpg","contentUrl":"https:\/\/medicinasinc.com\/sl\/wp-content\/uploads\/sites\/7\/2022\/02\/Buy-Orange-Tesla-Ecstasy-Pills.jpg","width":747,"height":560},{"@type":"BreadcrumbList","@id":"https:\/\/medicinasinc.com\/sl\/product\/kupi-oranzna-tesla-tablete-ekstazija\/#breadcrumb","itemListElement":[{"@type":"ListItem","position":1,"name":"Nakupujte","item":"https:\/\/medicinasinc.com\/sl\/nakupujte\/"},{"@type":"ListItem","position":2,"name":"Kupite oran\u017ene tablete ekstazija Tesla"}]},{"@type":"WebSite","@id":"https:\/\/medicinasinc.com\/sl\/#website","url":"https:\/\/medicinasinc.com\/sl\/","name":"Medicinas Inc","description":"Health Medical Clinic","potentialAction":[{"@type":"SearchAction","target":{"@type":"EntryPoint","urlTemplate":"https:\/\/medicinasinc.com\/sl\/?s={search_term_string}"},"query-input":{"@type":"PropertyValueSpecification","valueRequired":true,"valueName":"search_term_string"}}],"inLanguage":"en-US"}]}},"_links":{"self":[{"href":"https:\/\/medicinasinc.com\/sl\/wp-json\/wp\/v2\/product\/4576","targetHints":{"allow":["GET"]}}],"collection":[{"href":"https:\/\/medicinasinc.com\/sl\/wp-json\/wp\/v2\/product"}],"about":[{"href":"https:\/\/medicinasinc.com\/sl\/wp-json\/wp\/v2\/types\/product"}],"replies":[{"embeddable":true,"href":"https:\/\/medicinasinc.com\/sl\/wp-json\/wp\/v2\/comments?post=4576"}],"wp:featuredmedia":[{"embeddable":true,"href":"https:\/\/medicinasinc.com\/sl\/wp-json\/wp\/v2\/media\/4589"}],"wp:attachment":[{"href":"https:\/\/medicinasinc.com\/sl\/wp-json\/wp\/v2\/media?parent=4576"}],"wp:term":[{"taxonomy":"product_brand","embeddable":true,"href":"https:\/\/medicinasinc.com\/sl\/wp-json\/wp\/v2\/product_brand?post=4576"},{"taxonomy":"product_cat","embeddable":true,"href":"https:\/\/medicinasinc.com\/sl\/wp-json\/wp\/v2\/product_cat?post=4576"},{"taxonomy":"product_tag","embeddable":true,"href":"https:\/\/medicinasinc.com\/sl\/wp-json\/wp\/v2\/product_tag?post=4576"}],"curies":[{"name":"wp","href":"https:\/\/api.w.org\/{rel}","templated":true}]}}