{"id":4575,"date":"2022-02-20T13:20:33","date_gmt":"2022-02-20T13:20:33","guid":{"rendered":"https:\/\/medicinasinc.com\/sl\/?post_type=product&#038;p=4575"},"modified":"2022-03-19T01:02:15","modified_gmt":"2022-03-19T01:02:15","slug":"kupi-modre-rolex-tablete-ekstazija","status":"publish","type":"product","link":"https:\/\/medicinasinc.com\/sl\/product\/kupi-modre-rolex-tablete-ekstazija\/","title":{"rendered":"Kupite tablete ekstazija Blue Rolex"},"content":{"rendered":"<p>Kupite tablete ekstazija Blue Rolex v razsutem stanju na spletu.<\/p>\n<p>Kupite tablete ekstazija Blue Rolex v razsutem stanju na spletu.<\/p>\n<p>Ecstasy je leta 1912 izumil Merckov odnos do drog. Zaradi svoje nove strukture so ga poimenovali &#8220;MDMA&#8221;. Ameri\u0161ke oboro\u017eene sile so ga prvi\u010d uporabile leta 1953 za teste umske anga\u017eiranosti, na kratko pa se je vrnila v \u0161estdesetih letih prej\u0161njega stoletja kot psihoterapevtska re\u0161itev za &#8220;ni\u017eje zavore&#8221;. 1 MDMA se kot recept za zbiranje uporablja \u0161ele v sedemdesetih letih prej\u0161njega stoletja.<\/p>\n<p>Sredi osemdesetih je bil MDMA promoviran kot &#8220;najbolj penasta stvar v tehniki z nalogo ugajati ljudem skozi znanost&#8221; in &#8220;v re\u0161itvi&#8221; za dolgotrajne zabave. MDMA je bil leta 1984 \u0161e vedno \u0161iroko dostopen pod blagovno znamko &#8220;Joy&#8221;, vendar je bilo do leta 1985 zdravilo omejeno zaradi varnostnih pomislekov.<br \/> Modra tabletka Rolex je lahko \u0161e posebej koristna za posameznike, ki imajo te\u017eave s komponentami po osupljivem drobljenju. (PTSD). \u0160tevilni bolniki ne morejo razpravljati o nevarnih dogodkih, ki so povzro\u010dili njihove te\u017eave. \u0160pekulira se, da bi izpolnitev lahko pomagala posameznikom pri pove\u010danju teh ran.<\/p>\n<p>Doblin, 50, resni\u010dno ni pripravljen sposoben ali nadzornik; vendar ima veliko odgovornost za droge, saj jih je ve\u010dkrat zau\u017eil. &#8220;To je bistveno spremenilo moje \u017eivljenje,&#8221; je pojasnil. V zadnjih nekaj letih je vlagal v \u0161irjenje sporo\u010dila, da imajo Joy in druge energijske droge temeljni uspeh v idealnih pogojih.<br \/> \u010ce resni\u010dno i\u0161\u010dete partnerstvo, ki vam lahko zagotovi izdelke najbolj\u0161e kakovosti, imate pridite na pravo mesto. Pri na\u0161i fundaciji lahko izberete najbolj\u0161e artikle, ki vam bodo pomagali zgraditi va\u0161e zaupanje in vzpostaviti razumen odnos z nami zaradi mo\u017enosti na\u0161ih artiklov. Nakup opravite zdaj in prejmite modre modre tablete Rolex na svojem pragu v petih delovnih dneh.<\/p>\n","protected":false},"excerpt":{"rendered":"<div class=\"woocommerce-product-details__short-description\">\n<p>Kupite Blue Rolex tablete ekstazija v Zdru\u017eenem kraljestvu, Evropi na spletu od Zaupanja vrednega dobavitelja. Obi\u0161\u010dite na\u0161o trgovino in si zagotovite vrhunske tablete in raziskovalne kemikalije po neverjetnih cenah.<\/p>\n<\/p><\/div>\n","protected":false},"featured_media":4587,"comment_status":"open","ping_status":"closed","template":"","meta":[],"product_brand":[],"product_cat":[498],"product_tag":[],"class_list":{"0":"post-4575","1":"product","2":"type-product","3":"status-publish","4":"has-post-thumbnail","6":"product_cat-kupi-ekstazi-tablete","8":"first","9":"instock","10":"shipping-taxable","11":"purchasable","12":"product-type-variable","13":"has-default-attributes"},"yoast_head":"<!-- This site is optimized with the Yoast SEO plugin v27.3 - https:\/\/yoast.com\/product\/yoast-seo-wordpress\/ -->\n<title>Kupite tablete ekstazija Blue Rolex - Best Best Global Meds<\/title>\n<meta name=\"description\" content=\"Kupite tablete ekstazija Blue Rolex v Zdru\u017eenem kraljestvu, Evropi na spletu od Zaupanja vrednega dobavitelja. Obi\u0161\u010dite na\u0161o trgovino in si zagotovite vrhunske tablete in raziskovalne kemikalije po neverjetnih cenah.\" \/>\n<meta name=\"robots\" content=\"index, follow, max-snippet:-1, max-image-preview:large, max-video-preview:-1\" \/>\n<link rel=\"canonical\" href=\"https:\/\/medicinasinc.com\/sl\/product\/kupi-modre-rolex-tablete-ekstazija\/\" \/>\n<meta property=\"og:locale\" content=\"en_US\" \/>\n<meta property=\"og:type\" content=\"article\" \/>\n<meta property=\"og:title\" content=\"Kupite tablete ekstazija Blue Rolex - Best Best Global Meds\" \/>\n<meta property=\"og:description\" content=\"Kupite tablete ekstazija Blue Rolex v Zdru\u017eenem kraljestvu, Evropi na spletu od Zaupanja vrednega dobavitelja. Obi\u0161\u010dite na\u0161o trgovino in si zagotovite vrhunske tablete in raziskovalne kemikalije po neverjetnih cenah.\" \/>\n<meta property=\"og:url\" content=\"https:\/\/medicinasinc.com\/sl\/product\/kupi-modre-rolex-tablete-ekstazija\/\" \/>\n<meta property=\"og:site_name\" content=\"Medicinas Inc\" \/>\n<meta property=\"article:modified_time\" content=\"2022-03-19T01:02:15+00:00\" \/>\n<meta property=\"og:image\" content=\"https:\/\/medicinasinc.com\/sl\/wp-content\/uploads\/sites\/7\/2022\/02\/buy-quality-blue-rolex-ecstasy-pills-online.jpg\" \/>\n\t<meta property=\"og:image:width\" content=\"600\" \/>\n\t<meta property=\"og:image:height\" content=\"600\" \/>\n\t<meta property=\"og:image:type\" content=\"image\/jpeg\" \/>\n<meta name=\"twitter:card\" content=\"summary_large_image\" \/>\n<script type=\"application\/ld+json\" class=\"yoast-schema-graph\">{\"@context\":\"https:\\\/\\\/schema.org\",\"@graph\":[{\"@type\":\"WebPage\",\"@id\":\"https:\\\/\\\/medicinasinc.com\\\/sl\\\/product\\\/kupi-modre-rolex-tablete-ekstazija\\\/\",\"url\":\"https:\\\/\\\/medicinasinc.com\\\/sl\\\/product\\\/kupi-modre-rolex-tablete-ekstazija\\\/\",\"name\":\"Kupite tablete ekstazija Blue Rolex - Best Best Global Meds\",\"isPartOf\":{\"@id\":\"https:\\\/\\\/medicinasinc.com\\\/sl\\\/#website\"},\"primaryImageOfPage\":{\"@id\":\"https:\\\/\\\/medicinasinc.com\\\/sl\\\/product\\\/kupi-modre-rolex-tablete-ekstazija\\\/#primaryimage\"},\"image\":{\"@id\":\"https:\\\/\\\/medicinasinc.com\\\/sl\\\/product\\\/kupi-modre-rolex-tablete-ekstazija\\\/#primaryimage\"},\"thumbnailUrl\":\"https:\\\/\\\/medicinasinc.com\\\/sl\\\/wp-content\\\/uploads\\\/sites\\\/7\\\/2022\\\/02\\\/buy-quality-blue-rolex-ecstasy-pills-online.jpg\",\"datePublished\":\"2022-02-20T13:20:33+00:00\",\"dateModified\":\"2022-03-19T01:02:15+00:00\",\"description\":\"Kupite tablete ekstazija Blue Rolex v Zdru\u017eenem kraljestvu, Evropi na spletu od Zaupanja vrednega dobavitelja. Obi\u0161\u010dite na\u0161o trgovino in si zagotovite vrhunske tablete in raziskovalne kemikalije po neverjetnih cenah.\",\"breadcrumb\":{\"@id\":\"https:\\\/\\\/medicinasinc.com\\\/sl\\\/product\\\/kupi-modre-rolex-tablete-ekstazija\\\/#breadcrumb\"},\"inLanguage\":\"en-US\",\"potentialAction\":[{\"@type\":\"ReadAction\",\"target\":[\"https:\\\/\\\/medicinasinc.com\\\/sl\\\/product\\\/kupi-modre-rolex-tablete-ekstazija\\\/\"]}]},{\"@type\":\"ImageObject\",\"inLanguage\":\"en-US\",\"@id\":\"https:\\\/\\\/medicinasinc.com\\\/sl\\\/product\\\/kupi-modre-rolex-tablete-ekstazija\\\/#primaryimage\",\"url\":\"https:\\\/\\\/medicinasinc.com\\\/sl\\\/wp-content\\\/uploads\\\/sites\\\/7\\\/2022\\\/02\\\/buy-quality-blue-rolex-ecstasy-pills-online.jpg\",\"contentUrl\":\"https:\\\/\\\/medicinasinc.com\\\/sl\\\/wp-content\\\/uploads\\\/sites\\\/7\\\/2022\\\/02\\\/buy-quality-blue-rolex-ecstasy-pills-online.jpg\",\"width\":600,\"height\":600},{\"@type\":\"BreadcrumbList\",\"@id\":\"https:\\\/\\\/medicinasinc.com\\\/sl\\\/product\\\/kupi-modre-rolex-tablete-ekstazija\\\/#breadcrumb\",\"itemListElement\":[{\"@type\":\"ListItem\",\"position\":1,\"name\":\"Nakupujte\",\"item\":\"https:\\\/\\\/medicinasinc.com\\\/sl\\\/nakupujte\\\/\"},{\"@type\":\"ListItem\",\"position\":2,\"name\":\"Kupite tablete ekstazija Blue Rolex\"}]},{\"@type\":\"WebSite\",\"@id\":\"https:\\\/\\\/medicinasinc.com\\\/sl\\\/#website\",\"url\":\"https:\\\/\\\/medicinasinc.com\\\/sl\\\/\",\"name\":\"Medicinas Inc\",\"description\":\"Health Medical Clinic\",\"potentialAction\":[{\"@type\":\"SearchAction\",\"target\":{\"@type\":\"EntryPoint\",\"urlTemplate\":\"https:\\\/\\\/medicinasinc.com\\\/sl\\\/?s={search_term_string}\"},\"query-input\":{\"@type\":\"PropertyValueSpecification\",\"valueRequired\":true,\"valueName\":\"search_term_string\"}}],\"inLanguage\":\"en-US\"}]}<\/script>\n<!-- \/ Yoast SEO plugin. -->","yoast_head_json":{"title":"Kupite tablete ekstazija Blue Rolex - Best Best Global Meds","description":"Kupite tablete ekstazija Blue Rolex v Zdru\u017eenem kraljestvu, Evropi na spletu od Zaupanja vrednega dobavitelja. Obi\u0161\u010dite na\u0161o trgovino in si zagotovite vrhunske tablete in raziskovalne kemikalije po neverjetnih cenah.","robots":{"index":"index","follow":"follow","max-snippet":"max-snippet:-1","max-image-preview":"max-image-preview:large","max-video-preview":"max-video-preview:-1"},"canonical":"https:\/\/medicinasinc.com\/sl\/product\/kupi-modre-rolex-tablete-ekstazija\/","og_locale":"en_US","og_type":"article","og_title":"Kupite tablete ekstazija Blue Rolex - Best Best Global Meds","og_description":"Kupite tablete ekstazija Blue Rolex v Zdru\u017eenem kraljestvu, Evropi na spletu od Zaupanja vrednega dobavitelja. Obi\u0161\u010dite na\u0161o trgovino in si zagotovite vrhunske tablete in raziskovalne kemikalije po neverjetnih cenah.","og_url":"https:\/\/medicinasinc.com\/sl\/product\/kupi-modre-rolex-tablete-ekstazija\/","og_site_name":"Medicinas Inc","article_modified_time":"2022-03-19T01:02:15+00:00","og_image":[{"width":600,"height":600,"url":"https:\/\/medicinasinc.com\/sl\/wp-content\/uploads\/sites\/7\/2022\/02\/buy-quality-blue-rolex-ecstasy-pills-online.jpg","type":"image\/jpeg"}],"twitter_card":"summary_large_image","schema":{"@context":"https:\/\/schema.org","@graph":[{"@type":"WebPage","@id":"https:\/\/medicinasinc.com\/sl\/product\/kupi-modre-rolex-tablete-ekstazija\/","url":"https:\/\/medicinasinc.com\/sl\/product\/kupi-modre-rolex-tablete-ekstazija\/","name":"Kupite tablete ekstazija Blue Rolex - Best Best Global Meds","isPartOf":{"@id":"https:\/\/medicinasinc.com\/sl\/#website"},"primaryImageOfPage":{"@id":"https:\/\/medicinasinc.com\/sl\/product\/kupi-modre-rolex-tablete-ekstazija\/#primaryimage"},"image":{"@id":"https:\/\/medicinasinc.com\/sl\/product\/kupi-modre-rolex-tablete-ekstazija\/#primaryimage"},"thumbnailUrl":"https:\/\/medicinasinc.com\/sl\/wp-content\/uploads\/sites\/7\/2022\/02\/buy-quality-blue-rolex-ecstasy-pills-online.jpg","datePublished":"2022-02-20T13:20:33+00:00","dateModified":"2022-03-19T01:02:15+00:00","description":"Kupite tablete ekstazija Blue Rolex v Zdru\u017eenem kraljestvu, Evropi na spletu od Zaupanja vrednega dobavitelja. Obi\u0161\u010dite na\u0161o trgovino in si zagotovite vrhunske tablete in raziskovalne kemikalije po neverjetnih cenah.","breadcrumb":{"@id":"https:\/\/medicinasinc.com\/sl\/product\/kupi-modre-rolex-tablete-ekstazija\/#breadcrumb"},"inLanguage":"en-US","potentialAction":[{"@type":"ReadAction","target":["https:\/\/medicinasinc.com\/sl\/product\/kupi-modre-rolex-tablete-ekstazija\/"]}]},{"@type":"ImageObject","inLanguage":"en-US","@id":"https:\/\/medicinasinc.com\/sl\/product\/kupi-modre-rolex-tablete-ekstazija\/#primaryimage","url":"https:\/\/medicinasinc.com\/sl\/wp-content\/uploads\/sites\/7\/2022\/02\/buy-quality-blue-rolex-ecstasy-pills-online.jpg","contentUrl":"https:\/\/medicinasinc.com\/sl\/wp-content\/uploads\/sites\/7\/2022\/02\/buy-quality-blue-rolex-ecstasy-pills-online.jpg","width":600,"height":600},{"@type":"BreadcrumbList","@id":"https:\/\/medicinasinc.com\/sl\/product\/kupi-modre-rolex-tablete-ekstazija\/#breadcrumb","itemListElement":[{"@type":"ListItem","position":1,"name":"Nakupujte","item":"https:\/\/medicinasinc.com\/sl\/nakupujte\/"},{"@type":"ListItem","position":2,"name":"Kupite tablete ekstazija Blue Rolex"}]},{"@type":"WebSite","@id":"https:\/\/medicinasinc.com\/sl\/#website","url":"https:\/\/medicinasinc.com\/sl\/","name":"Medicinas Inc","description":"Health Medical Clinic","potentialAction":[{"@type":"SearchAction","target":{"@type":"EntryPoint","urlTemplate":"https:\/\/medicinasinc.com\/sl\/?s={search_term_string}"},"query-input":{"@type":"PropertyValueSpecification","valueRequired":true,"valueName":"search_term_string"}}],"inLanguage":"en-US"}]}},"_links":{"self":[{"href":"https:\/\/medicinasinc.com\/sl\/wp-json\/wp\/v2\/product\/4575","targetHints":{"allow":["GET"]}}],"collection":[{"href":"https:\/\/medicinasinc.com\/sl\/wp-json\/wp\/v2\/product"}],"about":[{"href":"https:\/\/medicinasinc.com\/sl\/wp-json\/wp\/v2\/types\/product"}],"replies":[{"embeddable":true,"href":"https:\/\/medicinasinc.com\/sl\/wp-json\/wp\/v2\/comments?post=4575"}],"wp:featuredmedia":[{"embeddable":true,"href":"https:\/\/medicinasinc.com\/sl\/wp-json\/wp\/v2\/media\/4587"}],"wp:attachment":[{"href":"https:\/\/medicinasinc.com\/sl\/wp-json\/wp\/v2\/media?parent=4575"}],"wp:term":[{"taxonomy":"product_brand","embeddable":true,"href":"https:\/\/medicinasinc.com\/sl\/wp-json\/wp\/v2\/product_brand?post=4575"},{"taxonomy":"product_cat","embeddable":true,"href":"https:\/\/medicinasinc.com\/sl\/wp-json\/wp\/v2\/product_cat?post=4575"},{"taxonomy":"product_tag","embeddable":true,"href":"https:\/\/medicinasinc.com\/sl\/wp-json\/wp\/v2\/product_tag?post=4575"}],"curies":[{"name":"wp","href":"https:\/\/api.w.org\/{rel}","templated":true}]}}