{"id":4535,"date":"2022-02-20T10:31:14","date_gmt":"2022-02-20T10:31:14","guid":{"rendered":"https:\/\/medicinasinc.com\/sl\/?post_type=product&#038;p=4535"},"modified":"2022-03-19T01:02:48","modified_gmt":"2022-03-19T01:02:48","slug":"kupi-grey-bugatti-mdma-tablete","status":"publish","type":"product","link":"https:\/\/medicinasinc.com\/sl\/product\/kupi-grey-bugatti-mdma-tablete\/","title":{"rendered":"Kupite tablete Gray Bugatti MDMA"},"content":{"rendered":"<p>SPLETNI KUPI SIVI BUGATTI MDMA TABLETE<\/p>\n<p>MDMA (metamfetamin-metilendioksimetamfetamin) je sinteti\u010dni stimulans, ki spreminja zaznavanje in razpolo\u017eenje (zavedanje okoli\u0161kih razmer in predmetov). Kemi\u010dno je podoben halucinogenom in stimulansom, saj povzro\u010da ob\u010dutke pove\u010danega u\u017eitka, energije, \u010dustvene topline, zaznavanja \u010dasa in izkrivljenega \u010dutnega zaznavanja. Kupite \u010disto mdma na spletu.<\/p>\n<p>MDMA je bil sprva priljubljen na celono\u010dnih plesnih zabavah in v no\u010dnih klubih, zdaj pa droga vpliva na raznoliko skupino ljudi, ki jo imenujejo Molly ali ekstazi. Spletni nakup tablet Gray Bugatti MDMA<\/p>\n<p>Ecstasy je po\u017eivilo, ki lahko povzro\u010di halucinacije. Posameznike imenujemo oblikovalska droga, ker povzro\u010dijo, da se oseba po\u010duti spro\u0161\u010deno, polno energije in vznemirjeno. Droga je \u0161e posebej priljubljena med mladimi odraslimi in najstniki, ki obiskujejo koncerte, klube in &#8220;rave&#8221; zabave. Kupite mdma na spletu<\/p>\n<p>Ecstasy se pogosto imenuje &#8220;ljubezenska tabletka&#8221;, ker izbolj\u0161a zaznavanje zvoka in barv ter domnevno okrepi ob\u010dutke, ko se nekdo bo\u017ea ali dotakne drugega, predvsem med seksom. Prav tako lahko kupite Viagro za izbolj\u0161anje spolne u\u010dinkovitosti.<\/p>\n<p>Uporabniki verjamejo, da se bodo zaradi zdravila po\u010dutili spro\u0161\u010deno in dobro ter da bodo delali ve\u010d dni brez po\u010ditka. Posamezniki, ki uporabljajo ekstazi, se ne zavedajo nevarnosti, povezanih s tem zdravilom. Kje lahko kupim \u010disto mdma na spletu?<\/p>\n<p>Ecstasy je postal ena najbolj raz\u0161irjenih uli\u010dnih drog. Ecstasy nas je v zadnjih nekaj letih zaradi nevarnih stranskih u\u010dinkov poslal \u0161tevilne na urgenco. Naro\u010dite MDMA v Evropski uniji, ali lahko kupim MDMA na spletu, veleprodaja MDMA na spletu, \u010dista MDMA za spletno prodajo, prava mdma za spletno prodajo v Zdru\u017eenih dr\u017eavah Amerike<\/p>\n","protected":false},"excerpt":{"rendered":"<p>Kupite tablete Gray Bugatti MDMA za prodajo na spletu po najbolj\u0161i ceni. Zagotavljamo varno in varno po\u0161iljanje po vsem svetu. Naro\u010dite MDMA v EU, ali lahko kupim MDMA na spletu, MDMA na debelo na spletu<\/p>\n<p><em>Kupite tablete Gray Bugatti MDMA<\/em>\u00a0na spletu po najbolj\u0161i ceni. Zagotavljamo varno in varno po\u0161iljanje po vsem svetu. WhatsApp nas zdaj<\/p>\n","protected":false},"featured_media":4558,"comment_status":"open","ping_status":"closed","template":"","meta":[],"product_brand":[],"product_cat":[498],"product_tag":[499,501,502,503,506,508,542,510,500,504,505,507,512,513,514,515,516,517,518,519,520,521,522,524,523,525,527,530,531,532,534,535,526,528,533,536,537,538,539,540,543,511,509,541,529,544,545,546,547],"class_list":{"0":"post-4535","1":"product","2":"type-product","3":"status-publish","4":"has-post-thumbnail","6":"product_cat-kupi-ekstazi-tablete","7":"product_tag-buy-gray-bugatti-mdma-pills-online","8":"product_tag-buy-mdma-online","9":"product_tag-buy-mdma-pills","10":"product_tag-buy-mdma-pills-online","11":"product_tag-buy-pure-mdma-online","12":"product_tag-can-i-order-mdma-online","13":"product_tag-ista-mdma-za-prodaja-online","14":"product_tag-kako-naro-c4-8diti-mdma","15":"product_tag-kupi-mdma","16":"product_tag-kupi-molly-online","17":"product_tag-buy-mollymdma-online","18":"product_tag-nakup-raziskave-kemikalije-na-spletu","19":"product_tag-mdma","20":"product_tag-mdma-100mg","21":"product_tag-mdma-1g","22":"product_tag-mdma-3-4-metilendioksi-n-metilamfetamin","23":"product_tag-mdma-3g","24":"product_tag-mdma-for-sale","25":"product_tag-mdma-for-sale-online","26":"product_tag-mdma-for-sale-online-usa","27":"product_tag-mdma-for-sale-order-online","28":"product_tag-mdma-molly","29":"product_tag-mdma-molly-crystals","30":"product_tag-mdma-molly-prah","31":"product_tag-mdma-molly-na-prodaj","32":"product_tag-mdma-online-order","33":"product_tag-mdma-online-sales","34":"product_tag-mdma-order-online","35":"product_tag-mdma-pics","36":"product_tag-mdma-pill","37":"product_tag-mdma-razprodaja","38":"product_tag-mdma-prodaja","39":"product_tag-mdma-spletna-prodaja","40":"product_tag-mdma-online-prodaja-prodajalci","41":"product_tag-mdma-tablete-za-prodaja-spletna","42":"product_tag-molly-mdma-powder","43":"product_tag-online","44":"product_tag-online-mdma-sales","45":"product_tag-order-mdma-online","46":"product_tag-order-pure-mdma-online","47":"product_tag-real-mdma-za-prodaja-online","48":"product_tag-nezakonite-droge-za-prodaja-online-mdma","49":"product_tag-get-mdma-online","50":"product_tag-pure-mdma","51":"product_tag-mdma-spletna-trgovina","52":"product_tag-where-to-buy-mdma-pills","53":"product_tag-where-to-buy-mdma-pills-online","54":"product_tag-where-to-buy-pure-mdma-online","55":"product_tag-where-to-buy-pure-molly-online","57":"first","58":"instock","59":"shipping-taxable","60":"purchasable","61":"product-type-variable","62":"has-default-attributes"},"yoast_head":"<!-- This site is optimized with the Yoast SEO plugin v27.3 - https:\/\/yoast.com\/product\/yoast-seo-wordpress\/ -->\n<title>Kupite tablete Gray Bugatti MDMA - najbolj\u0161a najbolj\u0161a zdravila na svetu<\/title>\n<meta name=\"description\" content=\"Kupite tablete Gray Bugatti MDMA za prodajo na spletu po najbolj\u0161i ceni. Zagotavljamo varno in varno po\u0161iljanje po vsem svetu. Naro\u010dite MDMA v EU, ali lahko MDMA kupim na spletu, veleprodaja MDMA na spletu\" \/>\n<meta name=\"robots\" content=\"index, follow, max-snippet:-1, max-image-preview:large, max-video-preview:-1\" \/>\n<link rel=\"canonical\" href=\"https:\/\/medicinasinc.com\/sl\/product\/kupi-grey-bugatti-mdma-tablete\/\" \/>\n<meta property=\"og:locale\" content=\"en_US\" \/>\n<meta property=\"og:type\" content=\"article\" \/>\n<meta property=\"og:title\" content=\"Kupite tablete Gray Bugatti MDMA - najbolj\u0161a najbolj\u0161a zdravila na svetu\" \/>\n<meta property=\"og:description\" content=\"Kupite tablete Gray Bugatti MDMA za prodajo na spletu po najbolj\u0161i ceni. Zagotavljamo varno in varno po\u0161iljanje po vsem svetu. Naro\u010dite MDMA v EU, ali lahko MDMA kupim na spletu, veleprodaja MDMA na spletu\" \/>\n<meta property=\"og:url\" content=\"https:\/\/medicinasinc.com\/sl\/product\/kupi-grey-bugatti-mdma-tablete\/\" \/>\n<meta property=\"og:site_name\" content=\"Medicinas Inc\" \/>\n<meta property=\"article:modified_time\" content=\"2022-03-19T01:02:48+00:00\" \/>\n<meta property=\"og:image\" content=\"https:\/\/medicinasinc.com\/sl\/wp-content\/uploads\/sites\/7\/2022\/02\/buy-gray-bugatti-mdma-pills-online.jpg\" \/>\n\t<meta property=\"og:image:width\" content=\"600\" \/>\n\t<meta property=\"og:image:height\" content=\"600\" \/>\n\t<meta property=\"og:image:type\" content=\"image\/jpeg\" \/>\n<meta name=\"twitter:card\" content=\"summary_large_image\" \/>\n<meta name=\"twitter:label1\" content=\"Est. reading time\" \/>\n\t<meta name=\"twitter:data1\" content=\"2 minutes\" \/>\n<script type=\"application\/ld+json\" class=\"yoast-schema-graph\">{\"@context\":\"https:\\\/\\\/schema.org\",\"@graph\":[{\"@type\":\"WebPage\",\"@id\":\"https:\\\/\\\/medicinasinc.com\\\/sl\\\/product\\\/kupi-grey-bugatti-mdma-tablete\\\/\",\"url\":\"https:\\\/\\\/medicinasinc.com\\\/sl\\\/product\\\/kupi-grey-bugatti-mdma-tablete\\\/\",\"name\":\"Kupite tablete Gray Bugatti MDMA - najbolj\u0161a najbolj\u0161a zdravila na svetu\",\"isPartOf\":{\"@id\":\"https:\\\/\\\/medicinasinc.com\\\/sl\\\/#website\"},\"primaryImageOfPage\":{\"@id\":\"https:\\\/\\\/medicinasinc.com\\\/sl\\\/product\\\/kupi-grey-bugatti-mdma-tablete\\\/#primaryimage\"},\"image\":{\"@id\":\"https:\\\/\\\/medicinasinc.com\\\/sl\\\/product\\\/kupi-grey-bugatti-mdma-tablete\\\/#primaryimage\"},\"thumbnailUrl\":\"https:\\\/\\\/medicinasinc.com\\\/sl\\\/wp-content\\\/uploads\\\/sites\\\/7\\\/2022\\\/02\\\/buy-gray-bugatti-mdma-pills-online.jpg\",\"datePublished\":\"2022-02-20T10:31:14+00:00\",\"dateModified\":\"2022-03-19T01:02:48+00:00\",\"description\":\"Kupite tablete Gray Bugatti MDMA za prodajo na spletu po najbolj\u0161i ceni. Zagotavljamo varno in varno po\u0161iljanje po vsem svetu. Naro\u010dite MDMA v EU, ali lahko MDMA kupim na spletu, veleprodaja MDMA na spletu\",\"breadcrumb\":{\"@id\":\"https:\\\/\\\/medicinasinc.com\\\/sl\\\/product\\\/kupi-grey-bugatti-mdma-tablete\\\/#breadcrumb\"},\"inLanguage\":\"en-US\",\"potentialAction\":[{\"@type\":\"ReadAction\",\"target\":[\"https:\\\/\\\/medicinasinc.com\\\/sl\\\/product\\\/kupi-grey-bugatti-mdma-tablete\\\/\"]}]},{\"@type\":\"ImageObject\",\"inLanguage\":\"en-US\",\"@id\":\"https:\\\/\\\/medicinasinc.com\\\/sl\\\/product\\\/kupi-grey-bugatti-mdma-tablete\\\/#primaryimage\",\"url\":\"https:\\\/\\\/medicinasinc.com\\\/sl\\\/wp-content\\\/uploads\\\/sites\\\/7\\\/2022\\\/02\\\/buy-gray-bugatti-mdma-pills-online.jpg\",\"contentUrl\":\"https:\\\/\\\/medicinasinc.com\\\/sl\\\/wp-content\\\/uploads\\\/sites\\\/7\\\/2022\\\/02\\\/buy-gray-bugatti-mdma-pills-online.jpg\",\"width\":600,\"height\":600},{\"@type\":\"BreadcrumbList\",\"@id\":\"https:\\\/\\\/medicinasinc.com\\\/sl\\\/product\\\/kupi-grey-bugatti-mdma-tablete\\\/#breadcrumb\",\"itemListElement\":[{\"@type\":\"ListItem\",\"position\":1,\"name\":\"Nakupujte\",\"item\":\"https:\\\/\\\/medicinasinc.com\\\/sl\\\/nakupujte\\\/\"},{\"@type\":\"ListItem\",\"position\":2,\"name\":\"Kupite tablete Gray Bugatti MDMA\"}]},{\"@type\":\"WebSite\",\"@id\":\"https:\\\/\\\/medicinasinc.com\\\/sl\\\/#website\",\"url\":\"https:\\\/\\\/medicinasinc.com\\\/sl\\\/\",\"name\":\"Medicinas Inc\",\"description\":\"Health Medical Clinic\",\"potentialAction\":[{\"@type\":\"SearchAction\",\"target\":{\"@type\":\"EntryPoint\",\"urlTemplate\":\"https:\\\/\\\/medicinasinc.com\\\/sl\\\/?s={search_term_string}\"},\"query-input\":{\"@type\":\"PropertyValueSpecification\",\"valueRequired\":true,\"valueName\":\"search_term_string\"}}],\"inLanguage\":\"en-US\"}]}<\/script>\n<!-- \/ Yoast SEO plugin. -->","yoast_head_json":{"title":"Kupite tablete Gray Bugatti MDMA - najbolj\u0161a najbolj\u0161a zdravila na svetu","description":"Kupite tablete Gray Bugatti MDMA za prodajo na spletu po najbolj\u0161i ceni. Zagotavljamo varno in varno po\u0161iljanje po vsem svetu. Naro\u010dite MDMA v EU, ali lahko MDMA kupim na spletu, veleprodaja MDMA na spletu","robots":{"index":"index","follow":"follow","max-snippet":"max-snippet:-1","max-image-preview":"max-image-preview:large","max-video-preview":"max-video-preview:-1"},"canonical":"https:\/\/medicinasinc.com\/sl\/product\/kupi-grey-bugatti-mdma-tablete\/","og_locale":"en_US","og_type":"article","og_title":"Kupite tablete Gray Bugatti MDMA - najbolj\u0161a najbolj\u0161a zdravila na svetu","og_description":"Kupite tablete Gray Bugatti MDMA za prodajo na spletu po najbolj\u0161i ceni. Zagotavljamo varno in varno po\u0161iljanje po vsem svetu. Naro\u010dite MDMA v EU, ali lahko MDMA kupim na spletu, veleprodaja MDMA na spletu","og_url":"https:\/\/medicinasinc.com\/sl\/product\/kupi-grey-bugatti-mdma-tablete\/","og_site_name":"Medicinas Inc","article_modified_time":"2022-03-19T01:02:48+00:00","og_image":[{"width":600,"height":600,"url":"https:\/\/medicinasinc.com\/sl\/wp-content\/uploads\/sites\/7\/2022\/02\/buy-gray-bugatti-mdma-pills-online.jpg","type":"image\/jpeg"}],"twitter_card":"summary_large_image","twitter_misc":{"Est. reading time":"2 minutes"},"schema":{"@context":"https:\/\/schema.org","@graph":[{"@type":"WebPage","@id":"https:\/\/medicinasinc.com\/sl\/product\/kupi-grey-bugatti-mdma-tablete\/","url":"https:\/\/medicinasinc.com\/sl\/product\/kupi-grey-bugatti-mdma-tablete\/","name":"Kupite tablete Gray Bugatti MDMA - najbolj\u0161a najbolj\u0161a zdravila na svetu","isPartOf":{"@id":"https:\/\/medicinasinc.com\/sl\/#website"},"primaryImageOfPage":{"@id":"https:\/\/medicinasinc.com\/sl\/product\/kupi-grey-bugatti-mdma-tablete\/#primaryimage"},"image":{"@id":"https:\/\/medicinasinc.com\/sl\/product\/kupi-grey-bugatti-mdma-tablete\/#primaryimage"},"thumbnailUrl":"https:\/\/medicinasinc.com\/sl\/wp-content\/uploads\/sites\/7\/2022\/02\/buy-gray-bugatti-mdma-pills-online.jpg","datePublished":"2022-02-20T10:31:14+00:00","dateModified":"2022-03-19T01:02:48+00:00","description":"Kupite tablete Gray Bugatti MDMA za prodajo na spletu po najbolj\u0161i ceni. Zagotavljamo varno in varno po\u0161iljanje po vsem svetu. Naro\u010dite MDMA v EU, ali lahko MDMA kupim na spletu, veleprodaja MDMA na spletu","breadcrumb":{"@id":"https:\/\/medicinasinc.com\/sl\/product\/kupi-grey-bugatti-mdma-tablete\/#breadcrumb"},"inLanguage":"en-US","potentialAction":[{"@type":"ReadAction","target":["https:\/\/medicinasinc.com\/sl\/product\/kupi-grey-bugatti-mdma-tablete\/"]}]},{"@type":"ImageObject","inLanguage":"en-US","@id":"https:\/\/medicinasinc.com\/sl\/product\/kupi-grey-bugatti-mdma-tablete\/#primaryimage","url":"https:\/\/medicinasinc.com\/sl\/wp-content\/uploads\/sites\/7\/2022\/02\/buy-gray-bugatti-mdma-pills-online.jpg","contentUrl":"https:\/\/medicinasinc.com\/sl\/wp-content\/uploads\/sites\/7\/2022\/02\/buy-gray-bugatti-mdma-pills-online.jpg","width":600,"height":600},{"@type":"BreadcrumbList","@id":"https:\/\/medicinasinc.com\/sl\/product\/kupi-grey-bugatti-mdma-tablete\/#breadcrumb","itemListElement":[{"@type":"ListItem","position":1,"name":"Nakupujte","item":"https:\/\/medicinasinc.com\/sl\/nakupujte\/"},{"@type":"ListItem","position":2,"name":"Kupite tablete Gray Bugatti MDMA"}]},{"@type":"WebSite","@id":"https:\/\/medicinasinc.com\/sl\/#website","url":"https:\/\/medicinasinc.com\/sl\/","name":"Medicinas Inc","description":"Health Medical Clinic","potentialAction":[{"@type":"SearchAction","target":{"@type":"EntryPoint","urlTemplate":"https:\/\/medicinasinc.com\/sl\/?s={search_term_string}"},"query-input":{"@type":"PropertyValueSpecification","valueRequired":true,"valueName":"search_term_string"}}],"inLanguage":"en-US"}]}},"_links":{"self":[{"href":"https:\/\/medicinasinc.com\/sl\/wp-json\/wp\/v2\/product\/4535","targetHints":{"allow":["GET"]}}],"collection":[{"href":"https:\/\/medicinasinc.com\/sl\/wp-json\/wp\/v2\/product"}],"about":[{"href":"https:\/\/medicinasinc.com\/sl\/wp-json\/wp\/v2\/types\/product"}],"replies":[{"embeddable":true,"href":"https:\/\/medicinasinc.com\/sl\/wp-json\/wp\/v2\/comments?post=4535"}],"wp:featuredmedia":[{"embeddable":true,"href":"https:\/\/medicinasinc.com\/sl\/wp-json\/wp\/v2\/media\/4558"}],"wp:attachment":[{"href":"https:\/\/medicinasinc.com\/sl\/wp-json\/wp\/v2\/media?parent=4535"}],"wp:term":[{"taxonomy":"product_brand","embeddable":true,"href":"https:\/\/medicinasinc.com\/sl\/wp-json\/wp\/v2\/product_brand?post=4535"},{"taxonomy":"product_cat","embeddable":true,"href":"https:\/\/medicinasinc.com\/sl\/wp-json\/wp\/v2\/product_cat?post=4535"},{"taxonomy":"product_tag","embeddable":true,"href":"https:\/\/medicinasinc.com\/sl\/wp-json\/wp\/v2\/product_tag?post=4535"}],"curies":[{"name":"wp","href":"https:\/\/api.w.org\/{rel}","templated":true}]}}