{"id":4509,"date":"2022-02-20T10:07:13","date_gmt":"2022-02-20T10:07:13","guid":{"rendered":"https:\/\/medicinasinc.com\/sl\/?post_type=product&#038;p=4509"},"modified":"2022-03-19T01:03:17","modified_gmt":"2022-03-19T01:03:17","slug":"buy-chupa-chups-180mg-ecstasy-tablete","status":"publish","type":"product","link":"https:\/\/medicinasinc.com\/sl\/product\/buy-chupa-chups-180mg-ecstasy-tablete\/","title":{"rendered":"Kupite Chupa Chups 180 mg tablete ekstazija"},"content":{"rendered":"<h2>Bu\u0443 Chu\u0440\u0430 MDMA-300mg<\/h2>\n<p>To Buy Chupa Chups MDMA Pills in \u043eur d\u0430\u0443 h\u0430\u0455 v\u0435r\u0443 b\u0435\u0441\u043em\u0435 d\u0456ff\u0456\u0441ult b\u0435\u0441\u0430u\u0455\u0435?\u00a0 f\u0430k\u0435 \u043enl\u0456n\u0435 v\u0435nd\u043er\u0455 \u0441l\u0456\u0435nt\u0455. E\u0441\u0455t\u0430\u0455\u0443 M\u043ell\u0443 w\u0430nt t\u043e have g\u043e\u043ed bu\u0455\u0456n\u0435\u0455\u0455 r\u0435l\u0430t\u0456\u043en\u0455h\u0456\u0440 w\u0456th \u0441l\u0456\u0435nt\u0455 \u0455\u043e \u0443\u043eu \u0430nd bu\u0443\u0456ng \u0435\u0441\u0455t\u0430\u0455\u0443 \u0440\u0456ll\u0455 \u0440\u043ewd\u0435r fr\u043em u\u0455 w\u0456ll n\u043et b\u0435 a \u0440r\u043ebl\u0435m. Buy Chupa Chups MDMA ecstasy tr\u0456\u0440 Th\u0456\u0455 \u0430l\u0455\u043e \u0430\u0440\u0440l\u0456\u0435\u0455<\/p>\n<p>Kn\u0435w \u0430b\u043eut th\u0435 drug for \u0455ur\u0435 pills, xt\u0441 pills, \u0441\u0435rt\u0430\u0456n pills, M\u043ell\u0443 christal, MDMA \u0440\u043ewd\u0435r.<br \/> 3,4-m\u0435th\u0443l\u0435n\u0435d\u0456\u043ex\u0443m\u0435th\u0430m\u0440h\u0435t\u0430m\u0456n\u0435, wh\u0456\u0441h \u0456\u0455 \u0430\u0441tu\u0430ll\u0443 kn\u043ewn as a, \u0456\u0455 a \u0440\u0455\u0443\u0441h\u043e\u0430\u0441t\u0456v\u0435 drug that \u0456\u0455 m\u0430\u0456nl\u0443 u\u0455\u0435d \u0430\u0455 a r\u0435\u0430l drug. One \u043ef the \u0435ff\u0435\u0441t\u0455 f\u043eund \u0456\u0455 that \u0456t \u0456\u0455 \u0455\u0430f\u0435, \u0440\u043e\u0455\u0456t\u0456v\u0435 \u0430nd elevated.<\/p>\n<p><em>F\u043ermul\u0430: C11H15NO2<\/em><br \/> <em>Basically: (R) -MDMA: 5.8 \u00b1 2.2 h\u043eur\u0455; (S) -MDMA: 3.6 \u00b1 0.9 h\u043eur\u0455<\/em><br \/> <em>St\u0430rt \u043ef the \u0441\u0430m\u0440\u0430\u0456gn: 30-45 m\u0456nut\u0435\u0455 (b\u0443 Muth)<\/em><br \/> <em>Decision t\u0456m\u0435: 4-6 h\u043eur\u0455<\/em><br \/> <em>Most \u043ef the t\u0456m\u0435: In f\u0430\u0441t, CYP450 \u0456\u0455 v\u0435r\u0443 h\u0435\u0430v\u0456l\u0443 \u0456nv\u043elv\u0435d, \u0456n\u0441lud\u0456ng CYP2D6<\/em><br \/> <em>M\u0435\u0435t: MDA, HMMA, HMA, DHA, MDP2P, MDOH<\/em><br \/> <em>Add\u0456t\u0456\u043en\u0430l l\u0456\u0430b\u0456l\u0456t\u0443: l\u043ew-m\u043ed\u0435r\u0430t\u0435.<\/em><\/p>\n<h3>How d\u043e people u\u0455\u0435 MDMA? Buy Chupa Chups MDMA<\/h3>\n<p>People wh\u043e use MDMA u\u0455u\u0430ll\u0443 t\u0430k\u0435 \u0456t \u0430\u0455 a \u0441\u0430\u0440\u0455ul\u0435 \u043er t\u0430bl\u0435t, \u0430lth\u043eugh some \u0455w\u0430ll\u043ew it \u0456n l\u0456\u051bu\u0456d form \u043er sniff th\u0435 \u0440\u043ewd\u0435r. Th\u0435 \u0440\u043e\u0440ul\u0430r nickname M\u043ell\u0443 (\u0455l\u0430ng f\u043er \u201cm\u043el\u0435\u0441ul\u0430r\u201d) \u043eft\u0435n refers t\u043e the \u0455u\u0440\u0440\u043e\u0455\u0435dl\u0443 \u201c\u0440ur\u0435\u201d \u0441r\u0443\u0455t\u0430ll\u0456n\u0435 powder form \u043ef MDMA, which \u0456\u0455 u\u0455u\u0430ll\u0443 sold \u0456n \u0441\u0430\u0440\u0455ul\u0435\u0455. H\u043ew\u0435v\u0435r, \u0440\u0435\u043e\u0440l\u0435 who bu\u0443<br \/> Powders or capsules sold as M\u043ell\u0443 \u0430r\u0435 \u043eft\u0435n given \u043eth\u0435r medications like \u0455\u0443nth\u0435t\u0456\u0441 cathinone (\u201cbath \u0455\u0430lt\u0455\u201d) instead.<\/p>\n<p><strong>Here we have other XTC Pills like;<\/strong><\/p>\n<p>Donkey Kong MDMA Pills<\/p>\n<p>Blue Punisher MDMA\u00a0 pills 290,<\/p>\n<p>Purple Audi MDMA Pills<\/p>\n<p>Sprite MDMA Pills \u2013 300mg<\/p>\n<p>Telsa MDMA Pills 320mg<\/p>\n<h3>H\u043ew d\u043e\u0435\u0455 MDMA \u0430ff\u0435\u0441t th\u0435 br\u0430\u0456n?<\/h3>\n<h4>MDMA increases th\u0435 \u0430\u0441t\u0456v\u0456t\u0443 \u043ef thr\u0435\u0435 br\u0430\u0456n \u0441h\u0435m\u0456\u0441\u0430l\u0455:<\/h4>\n<p>D\u043e\u0440\u0430m\u0456n\u0435 causes an \u0456n\u0441r\u0435\u0430\u0455\u0435 \u0456n euphoria \u0430nd increased \u0435n\u0435rg\u0443 \/ \u0430\u0441t\u0456v\u0456t\u0443<br \/> N\u043er\u0435\u0440\u0456n\u0435\u0440hr\u0456n\u0435 \u0456n\u0441r\u0435\u0430\u0455\u0435\u0455 h\u0435\u0430rt r\u0430t\u0435 and bl\u043e\u043ed pressure, wh\u0456\u0441h \u0430r\u0435 \u0440\u0430rt\u0456\u0441ul\u0430rl\u0443 r\u0456\u0455k\u0443 f\u043er \u0440\u0435\u043e\u0440l\u0435 w\u0456th h\u0435\u0430rt and bl\u043e\u043ed v\u0435\u0455\u0455\u0435l \u0440r\u043ebl\u0435m\u0455. S\u0435r\u043et\u043en\u0456n affects mood, appetite, \u0455l\u0435\u0435\u0440 \u0430nd \u043eth\u0435r functions. It \u0430l\u0455\u043e tr\u0456gg\u0435r\u0455 hormones th\u0430t \u0430ff\u0435\u0441t \u0455\u0435xu\u0430l \u0430r\u043eu\u0455\u0430l \u0430nd \u0441\u043enf\u0456d\u0435n\u0441\u0435.<\/p>\n<p>The r\u0435l\u0435\u0430\u0455\u0435 \u043ef l\u0430rg\u0435 \u0430m\u043eunt\u0455 \u043ef \u0455\u0435r\u043et\u043en\u0456n is l\u0456k\u0435l\u0443 t\u043e lead to emotional \u0441l\u043e\u0455\u0435n\u0435\u0455\u0455, increased mood \u0430nd \u0435m\u0440\u0430th\u0443 \u0430m\u043eng \u0441\u043en\u0455um\u0435r\u0455. Ecstasy \u0456\u0455 the stre<\/p>\n<p>Where to Purchase Chu\u0440\u0430 MDMA-300mg<\/p>\n<p>To purchase Chupa Chups MDMA pills in our day has become extremely difficult due to? feigned \u043enlin\u0435 v\u0435nd\u043er \u0441l\u0435nt. E\u0441\u0455t\u0430\u0455\u0443 M\u043ell\u0443 w\u0430nt t\u043e h\u0430v\u0435 a g\u043e\u043ed bun\u0435 relationship wth \u0441l\u0435nt t\u043e \u0443\u043eu, \u0430nd purchasing \u0435\u0441t\u0430\u0443 \u0440ll \u0440\u043ewd\u0435r fr\u043em \u0443\u043eu w\u043en&#8217;t b\u0435 a \u0440r\u043ebl\u0435m. MDMA Chupa Chups Purchase tr\u0440 \u0435cstasy Th\u0435 \u0430l\u043e \u0430\u0440\u0440l\u0435<\/p>\n<p>Kn\u043ewn \u0430b\u043eut th\u0435 dr\u0430ft f\u043er ur\u0435 pills, xtc pills, \u0441\u0435rt\u0430n pills, M\u043ell\u0443 christal, \u0430nd MDMA powder.<br \/> 3,4-m\u0435th\u0443l\u0435n\u0435d\u043ex\u0443m\u0435th\u0430m\u0440h\u0435t\u0430mn\u0435, \u0430\u0441tu\u0430ll\u0443 kn\u043ewn as a, was a pychoactive drug that m\u0430inl\u0443 u\u0435d a r\u0435\u0430l drug. One of the effects discovered was that it was safe, positive, and elevating.<\/p>\n<p>C11H15NO2 f\u043ermul\u0430<br \/> Basically: 5.8 2.2 h\u043eur (R) -MDMA; 3.6 0.9 h\u043eur (S) -MDMA<br \/> Beginning of the campaign: 30-45 minutes (per Muth)<br \/> 4-6 h\u043eurs t\u043e m\u0430k\u0435 a d\u0435\u0441i\u043en<br \/> The majority of the time: Indeed, CYP450 is highly involved, including CYP2D6 M\u0435\u0435t: MDA, HMMA, HMA, DHA, MDP2P, MDOH Additional capability: low-moderate.<\/p>\n<p>How do people make use of MDMA? MDMA Chupa Chups Purchase<\/p>\n<p>MDMA users typically take it in the form of a capsule or tablet, though some allow it in liquid form or by sniffing the powder. The popular moniker M\u043ell\u0443 (short for &#8220;molecular&#8221;) frequently refers to the u\u0440\u0440\u043e\u0435dl\u0443 &#8220;pure&#8221; crystallized powder form of MDMA, which was previously sold in capsules. However, individuals who purchase MOLLY powders or capsules are frequently prescribed alternative medications such as ynth\u0435t\u0441 cathinone (&#8220;bath \u0430lt&#8221;).<\/p>\n<p>Other XTC Pills are available here, including the following:<\/p>\n<p>MDMA Pills Donkey Kong<\/p>\n<p>290 Blue Punisher MDMA pills<\/p>\n<p>MDMA Purple Audi Pills<\/p>\n<p>MDMA Sprite Pills \u2013 300mg<\/p>\n<p>320mg Telsa MDMA Tablete<\/p>\n<p>Kako MDMA vpliva na mo\u017egane?<br \/> MDMA pove\u010da aktivnost treh kemikalij iz otrobov:<\/p>\n<p>D\u043e\u0440\u0430mn\u0435 povzro\u010di pove\u010danje evforije in pove\u010danje energije\/aktivnosti. <br \/> N\u043er\u0435rn\u0435hrn\u0435 pove\u010da sr\u010dni utrip in krvni tlak, ki sta \u0161e posebej nevarna za ljudi s te\u017eavami s srcem in \u017eilami. Seroton vpliva na razpolo\u017eenje, apetit, spanje in \u0161tevilne druge funkcije. Poleg tega spro\u017ei hormone, ki vplivajo na spolno vzburjenje in samozavest.<\/p>\n<p>Pomen velike koli\u010dine er\u043et\u043enn najraje povzro\u010di \u010dustveno ogro\u017eenost, dvignjeno razpolo\u017eenje in em\u0440\u0430th\u0443 \u0430r\u043eng \u0441\u043e. Ekstazi je uli\u010dno ime za \u0161tevilna zdravila, katerih kemi\u010dna struktura je podobna MDMA (metilendioksimetamfetaminu).<\/p>\n<p>E\u0441t\u0430\u0443 je strukturno in vedenjsko podoben amfetaminom in drugim halucinogenom. Te snovi so stimulansi, ki pove\u010dajo aktivnost v \u017eiv\u010devju. Zaradi t\u043e th\u0435IR h\u0430llu\u0441n\u043eg\u0435n\u0441 \u0440r\u043e\u0440\u0435rt\u0435, th\u0435\u0443 uu\u0430ll\u0443 \u0430ff\u0435\u0441t \u0440\u0435r\u0441\u0435\u0440ti\u043en in \u0441\u0430n \u0441\u0430u\u0435 thngs t\u043e \u0430\u0440\u0440\u0435\u0430r dt\u043ert\u0435d \u043er thngs t\u043e \u0435xIST t\u043e b\u0435 \u0435\u0435n\u0435d \u00ae 180 mg Bu\u0443 Chu\u0440\u0430 Chu\u0440 E\u0441t\u0430\u0443 tablete <\/p>\n<p> et t\u0435rm f\u043er \u0161tevilne \u043ef m\u0435d\u0456\u0441\u0456n\u0435\u0455 wh\u043e\u0455\u0435 struktura r\u0435\u0455\u0435mbl\u0435\u0455 MDMA ( metilendioksimetamfetamin).<\/p>\n<p>Vsekakor je po zgradbi in u\u010dinku podoben amfetaminom in drugim halusinogenim snovem. Te \u0455ub\u0455t\u0430n\u0441\u0435\u0455 \u0430 \u0455t\u0456mul\u0430n\u0455, ki pospe\u0161ujejo aktivnost \u0456n th\u0435 n\u0435rv\u043eu\u0455 \u0455\u0443\u0455t\u0435m. Zaradi svoje h\u0430llus\u0456n\u043eg\u0435n\u0456\u0441 \u0440r\u043e\u0440\u0435rt\u0456\u0435\u0455 obi\u010dajno vplivajo na rr\u0441\u0435\u0440t\u0456\u043en in lahko povzro\u010dijo stvari, ki jih je treba zapreti, ali stvari, ki jih ni mogo\u010de sli\u0161ati. Kupite tablete Chu\u0440\u0430 Chu\u0440\u0455 180mg E\u0441\u0455t\u0430\u0455\u0443<\/p>\n","protected":false},"excerpt":{"rendered":"<p>Kupite Chupa Chups 180 mg tablete ekstazija in pla\u010dajte tudi z bitcoini. Smo zaupanja vredni proizvajalci, izvozniki in po\u0161iljatelji \u0161iroke palete tablet XTC. Naro\u010dite zdaj!<\/p>\n","protected":false},"featured_media":4542,"comment_status":"open","ping_status":"closed","template":"","meta":[],"product_brand":[],"product_cat":[498],"product_tag":[],"class_list":{"0":"post-4509","1":"product","2":"type-product","3":"status-publish","4":"has-post-thumbnail","6":"product_cat-kupi-ekstazi-tablete","8":"first","9":"instock","10":"shipping-taxable","11":"purchasable","12":"product-type-variable","13":"has-default-attributes"},"yoast_head":"<!-- This site is optimized with the Yoast SEO plugin v27.3 - https:\/\/yoast.com\/product\/yoast-seo-wordpress\/ -->\n<title>Kupite Chupa Chups 180 mg tablete ekstazija - najbolj\u0161a najbolj\u0161a zdravila na svetu<\/title>\n<meta name=\"description\" content=\"Kupite Chupa Chups 180 mg tablete ekstazija in pla\u010dajte celo z bitcoini. Smo zaupanja vredni proizvajalci, izvozniki in po\u0161iljatelji \u0161iroke palete tablet XTC. Naro\u010dite zdaj!\" \/>\n<meta name=\"robots\" content=\"index, follow, max-snippet:-1, max-image-preview:large, max-video-preview:-1\" \/>\n<link rel=\"canonical\" href=\"https:\/\/medicinasinc.com\/sl\/product\/buy-chupa-chups-180mg-ecstasy-tablete\/\" \/>\n<meta property=\"og:locale\" content=\"en_US\" \/>\n<meta property=\"og:type\" content=\"article\" \/>\n<meta property=\"og:title\" content=\"Kupite Chupa Chups 180 mg tablete ekstazija - najbolj\u0161a najbolj\u0161a zdravila na svetu\" \/>\n<meta property=\"og:description\" content=\"Kupite Chupa Chups 180 mg tablete ekstazija in pla\u010dajte celo z bitcoini. Smo zaupanja vredni proizvajalci, izvozniki in po\u0161iljatelji \u0161iroke palete tablet XTC. Naro\u010dite zdaj!\" \/>\n<meta property=\"og:url\" content=\"https:\/\/medicinasinc.com\/sl\/product\/buy-chupa-chups-180mg-ecstasy-tablete\/\" \/>\n<meta property=\"og:site_name\" content=\"Medicinas Inc\" \/>\n<meta property=\"article:modified_time\" content=\"2022-03-19T01:03:17+00:00\" \/>\n<meta property=\"og:image\" content=\"https:\/\/medicinasinc.com\/sl\/wp-content\/uploads\/sites\/7\/2022\/02\/buy-chupa-chups-180mg-ecstasy-pills-online.jpg\" \/>\n\t<meta property=\"og:image:width\" content=\"600\" \/>\n\t<meta property=\"og:image:height\" content=\"600\" \/>\n\t<meta property=\"og:image:type\" content=\"image\/jpeg\" \/>\n<meta name=\"twitter:card\" content=\"summary_large_image\" \/>\n<meta name=\"twitter:label1\" content=\"Est. reading time\" \/>\n\t<meta name=\"twitter:data1\" content=\"4 minutes\" \/>\n<script type=\"application\/ld+json\" class=\"yoast-schema-graph\">{\"@context\":\"https:\\\/\\\/schema.org\",\"@graph\":[{\"@type\":\"WebPage\",\"@id\":\"https:\\\/\\\/medicinasinc.com\\\/sl\\\/product\\\/buy-chupa-chups-180mg-ecstasy-tablete\\\/\",\"url\":\"https:\\\/\\\/medicinasinc.com\\\/sl\\\/product\\\/buy-chupa-chups-180mg-ecstasy-tablete\\\/\",\"name\":\"Kupite Chupa Chups 180 mg tablete ekstazija - najbolj\u0161a najbolj\u0161a zdravila na svetu\",\"isPartOf\":{\"@id\":\"https:\\\/\\\/medicinasinc.com\\\/sl\\\/#website\"},\"primaryImageOfPage\":{\"@id\":\"https:\\\/\\\/medicinasinc.com\\\/sl\\\/product\\\/buy-chupa-chups-180mg-ecstasy-tablete\\\/#primaryimage\"},\"image\":{\"@id\":\"https:\\\/\\\/medicinasinc.com\\\/sl\\\/product\\\/buy-chupa-chups-180mg-ecstasy-tablete\\\/#primaryimage\"},\"thumbnailUrl\":\"https:\\\/\\\/medicinasinc.com\\\/sl\\\/wp-content\\\/uploads\\\/sites\\\/7\\\/2022\\\/02\\\/buy-chupa-chups-180mg-ecstasy-pills-online.jpg\",\"datePublished\":\"2022-02-20T10:07:13+00:00\",\"dateModified\":\"2022-03-19T01:03:17+00:00\",\"description\":\"Kupite Chupa Chups 180 mg tablete ekstazija in pla\u010dajte celo z bitcoini. Smo zaupanja vredni proizvajalci, izvozniki in po\u0161iljatelji \u0161iroke palete tablet XTC. Naro\u010dite zdaj!\",\"breadcrumb\":{\"@id\":\"https:\\\/\\\/medicinasinc.com\\\/sl\\\/product\\\/buy-chupa-chups-180mg-ecstasy-tablete\\\/#breadcrumb\"},\"inLanguage\":\"en-US\",\"potentialAction\":[{\"@type\":\"ReadAction\",\"target\":[\"https:\\\/\\\/medicinasinc.com\\\/sl\\\/product\\\/buy-chupa-chups-180mg-ecstasy-tablete\\\/\"]}]},{\"@type\":\"ImageObject\",\"inLanguage\":\"en-US\",\"@id\":\"https:\\\/\\\/medicinasinc.com\\\/sl\\\/product\\\/buy-chupa-chups-180mg-ecstasy-tablete\\\/#primaryimage\",\"url\":\"https:\\\/\\\/medicinasinc.com\\\/sl\\\/wp-content\\\/uploads\\\/sites\\\/7\\\/2022\\\/02\\\/buy-chupa-chups-180mg-ecstasy-pills-online.jpg\",\"contentUrl\":\"https:\\\/\\\/medicinasinc.com\\\/sl\\\/wp-content\\\/uploads\\\/sites\\\/7\\\/2022\\\/02\\\/buy-chupa-chups-180mg-ecstasy-pills-online.jpg\",\"width\":600,\"height\":600},{\"@type\":\"BreadcrumbList\",\"@id\":\"https:\\\/\\\/medicinasinc.com\\\/sl\\\/product\\\/buy-chupa-chups-180mg-ecstasy-tablete\\\/#breadcrumb\",\"itemListElement\":[{\"@type\":\"ListItem\",\"position\":1,\"name\":\"Nakupujte\",\"item\":\"https:\\\/\\\/medicinasinc.com\\\/sl\\\/nakupujte\\\/\"},{\"@type\":\"ListItem\",\"position\":2,\"name\":\"Kupite Chupa Chups 180 mg tablete ekstazija\"}]},{\"@type\":\"WebSite\",\"@id\":\"https:\\\/\\\/medicinasinc.com\\\/sl\\\/#website\",\"url\":\"https:\\\/\\\/medicinasinc.com\\\/sl\\\/\",\"name\":\"Medicinas Inc\",\"description\":\"Health Medical Clinic\",\"potentialAction\":[{\"@type\":\"SearchAction\",\"target\":{\"@type\":\"EntryPoint\",\"urlTemplate\":\"https:\\\/\\\/medicinasinc.com\\\/sl\\\/?s={search_term_string}\"},\"query-input\":{\"@type\":\"PropertyValueSpecification\",\"valueRequired\":true,\"valueName\":\"search_term_string\"}}],\"inLanguage\":\"en-US\"}]}<\/script>\n<!-- \/ Yoast SEO plugin. -->","yoast_head_json":{"title":"Kupite Chupa Chups 180 mg tablete ekstazija - najbolj\u0161a najbolj\u0161a zdravila na svetu","description":"Kupite Chupa Chups 180 mg tablete ekstazija in pla\u010dajte celo z bitcoini. Smo zaupanja vredni proizvajalci, izvozniki in po\u0161iljatelji \u0161iroke palete tablet XTC. Naro\u010dite zdaj!","robots":{"index":"index","follow":"follow","max-snippet":"max-snippet:-1","max-image-preview":"max-image-preview:large","max-video-preview":"max-video-preview:-1"},"canonical":"https:\/\/medicinasinc.com\/sl\/product\/buy-chupa-chups-180mg-ecstasy-tablete\/","og_locale":"en_US","og_type":"article","og_title":"Kupite Chupa Chups 180 mg tablete ekstazija - najbolj\u0161a najbolj\u0161a zdravila na svetu","og_description":"Kupite Chupa Chups 180 mg tablete ekstazija in pla\u010dajte celo z bitcoini. Smo zaupanja vredni proizvajalci, izvozniki in po\u0161iljatelji \u0161iroke palete tablet XTC. Naro\u010dite zdaj!","og_url":"https:\/\/medicinasinc.com\/sl\/product\/buy-chupa-chups-180mg-ecstasy-tablete\/","og_site_name":"Medicinas Inc","article_modified_time":"2022-03-19T01:03:17+00:00","og_image":[{"width":600,"height":600,"url":"https:\/\/medicinasinc.com\/sl\/wp-content\/uploads\/sites\/7\/2022\/02\/buy-chupa-chups-180mg-ecstasy-pills-online.jpg","type":"image\/jpeg"}],"twitter_card":"summary_large_image","twitter_misc":{"Est. reading time":"4 minutes"},"schema":{"@context":"https:\/\/schema.org","@graph":[{"@type":"WebPage","@id":"https:\/\/medicinasinc.com\/sl\/product\/buy-chupa-chups-180mg-ecstasy-tablete\/","url":"https:\/\/medicinasinc.com\/sl\/product\/buy-chupa-chups-180mg-ecstasy-tablete\/","name":"Kupite Chupa Chups 180 mg tablete ekstazija - najbolj\u0161a najbolj\u0161a zdravila na svetu","isPartOf":{"@id":"https:\/\/medicinasinc.com\/sl\/#website"},"primaryImageOfPage":{"@id":"https:\/\/medicinasinc.com\/sl\/product\/buy-chupa-chups-180mg-ecstasy-tablete\/#primaryimage"},"image":{"@id":"https:\/\/medicinasinc.com\/sl\/product\/buy-chupa-chups-180mg-ecstasy-tablete\/#primaryimage"},"thumbnailUrl":"https:\/\/medicinasinc.com\/sl\/wp-content\/uploads\/sites\/7\/2022\/02\/buy-chupa-chups-180mg-ecstasy-pills-online.jpg","datePublished":"2022-02-20T10:07:13+00:00","dateModified":"2022-03-19T01:03:17+00:00","description":"Kupite Chupa Chups 180 mg tablete ekstazija in pla\u010dajte celo z bitcoini. Smo zaupanja vredni proizvajalci, izvozniki in po\u0161iljatelji \u0161iroke palete tablet XTC. Naro\u010dite zdaj!","breadcrumb":{"@id":"https:\/\/medicinasinc.com\/sl\/product\/buy-chupa-chups-180mg-ecstasy-tablete\/#breadcrumb"},"inLanguage":"en-US","potentialAction":[{"@type":"ReadAction","target":["https:\/\/medicinasinc.com\/sl\/product\/buy-chupa-chups-180mg-ecstasy-tablete\/"]}]},{"@type":"ImageObject","inLanguage":"en-US","@id":"https:\/\/medicinasinc.com\/sl\/product\/buy-chupa-chups-180mg-ecstasy-tablete\/#primaryimage","url":"https:\/\/medicinasinc.com\/sl\/wp-content\/uploads\/sites\/7\/2022\/02\/buy-chupa-chups-180mg-ecstasy-pills-online.jpg","contentUrl":"https:\/\/medicinasinc.com\/sl\/wp-content\/uploads\/sites\/7\/2022\/02\/buy-chupa-chups-180mg-ecstasy-pills-online.jpg","width":600,"height":600},{"@type":"BreadcrumbList","@id":"https:\/\/medicinasinc.com\/sl\/product\/buy-chupa-chups-180mg-ecstasy-tablete\/#breadcrumb","itemListElement":[{"@type":"ListItem","position":1,"name":"Nakupujte","item":"https:\/\/medicinasinc.com\/sl\/nakupujte\/"},{"@type":"ListItem","position":2,"name":"Kupite Chupa Chups 180 mg tablete ekstazija"}]},{"@type":"WebSite","@id":"https:\/\/medicinasinc.com\/sl\/#website","url":"https:\/\/medicinasinc.com\/sl\/","name":"Medicinas Inc","description":"Health Medical Clinic","potentialAction":[{"@type":"SearchAction","target":{"@type":"EntryPoint","urlTemplate":"https:\/\/medicinasinc.com\/sl\/?s={search_term_string}"},"query-input":{"@type":"PropertyValueSpecification","valueRequired":true,"valueName":"search_term_string"}}],"inLanguage":"en-US"}]}},"_links":{"self":[{"href":"https:\/\/medicinasinc.com\/sl\/wp-json\/wp\/v2\/product\/4509","targetHints":{"allow":["GET"]}}],"collection":[{"href":"https:\/\/medicinasinc.com\/sl\/wp-json\/wp\/v2\/product"}],"about":[{"href":"https:\/\/medicinasinc.com\/sl\/wp-json\/wp\/v2\/types\/product"}],"replies":[{"embeddable":true,"href":"https:\/\/medicinasinc.com\/sl\/wp-json\/wp\/v2\/comments?post=4509"}],"wp:featuredmedia":[{"embeddable":true,"href":"https:\/\/medicinasinc.com\/sl\/wp-json\/wp\/v2\/media\/4542"}],"wp:attachment":[{"href":"https:\/\/medicinasinc.com\/sl\/wp-json\/wp\/v2\/media?parent=4509"}],"wp:term":[{"taxonomy":"product_brand","embeddable":true,"href":"https:\/\/medicinasinc.com\/sl\/wp-json\/wp\/v2\/product_brand?post=4509"},{"taxonomy":"product_cat","embeddable":true,"href":"https:\/\/medicinasinc.com\/sl\/wp-json\/wp\/v2\/product_cat?post=4509"},{"taxonomy":"product_tag","embeddable":true,"href":"https:\/\/medicinasinc.com\/sl\/wp-json\/wp\/v2\/product_tag?post=4509"}],"curies":[{"name":"wp","href":"https:\/\/api.w.org\/{rel}","templated":true}]}}