{"id":4479,"date":"2022-02-20T09:44:15","date_gmt":"2022-02-20T09:44:15","guid":{"rendered":"https:\/\/medicinasinc.com\/sl\/?post_type=product&#038;p=4479"},"modified":"2022-03-19T01:03:48","modified_gmt":"2022-03-19T01:03:48","slug":"kupi-tablete-modri-delfin-ekstazi","status":"publish","type":"product","link":"https:\/\/medicinasinc.com\/sl\/product\/kupi-tablete-modri-delfin-ekstazi\/","title":{"rendered":"Kupite tablete ekstazija Blue Dolphin"},"content":{"rendered":"<p>Kupite tablete ekstazija Blue Dolphin 295 mg na spletu.<\/p>\n<p>Snov Blue Dolphin<\/p>\n<p>Ecstasy je leta 1912 izumila dru\u017eba Merck med drogami. Zaradi svoje nove strukture so ga poimenovali &#8220;MDMA&#8221;. Ameri\u0161ke oboro\u017eene sile so ga prvi\u010d uporabile leta 1953 za teste umske anga\u017eiranosti, na kratko pa se je vrnila v \u0161estdesetih letih prej\u0161njega stoletja kot psihoterapevtska re\u0161itev za &#8220;ni\u017eje zavore&#8221;. 1 MDMA se kot recept za zbiranje uporablja \u0161ele v sedemdesetih letih prej\u0161njega stoletja.<\/p>\n<p>Sredi osemdesetih je bil MDMA promoviran kot &#8220;najbolj penasta stvar v tehniki z nalogo ugajati ljudem skozi znanost&#8221; in &#8220;v re\u0161itvi&#8221; za dolgotrajne zabave. MDMA je bil leta 1984 \u0161e vedno \u0161iroko dostopen pod blagovno znamko &#8220;Joy&#8221;, vendar je bilo do leta 1985 zdravilo omejeno zaradi varnostnih pomislekov.<br \/> Zdravila za modre delfine so lahko \u0161e posebej koristna za posameznike, ki imajo te\u017eave s komponentami po osupljivem drobljenju ( PTSD). \u0160tevilni bolniki ne morejo razpravljati o nevarnih dogodkih, ki so povzro\u010dili njihove te\u017eave. \u0160pekulira se, da lahko izpolnitev pomaga posameznikom pri pove\u010danju teh ran.<\/p>\n<p>Ecstasy of the Blue Delphin<\/p>\n<p>Doblin, 50, resni\u010dno ni pripravljen sposoben ali monitor; vendar ima veliko odgovornost za droge, saj jih je ve\u010dkrat zau\u017eil. &#8220;To je bistveno spremenilo moje \u017eivljenje,&#8221; je pojasnil. V zadnjih nekaj letih je vlagal v \u0161irjenje sporo\u010dila, da imajo Joy in druge energijske droge temeljni uspeh v idealnih pogojih.<br \/> \u010ce resni\u010dno i\u0161\u010dete partnerstvo, ki vam lahko zagotovi izdelke najbolj\u0161e kakovosti, imate pridite na pravo mesto. Pri na\u0161i fundaciji lahko izberete najbolj\u0161e artikle, ki vam bodo pomagali zgraditi va\u0161e zaupanje in vzpostaviti razumen odnos z nami zaradi mo\u017enosti na\u0161ih artiklov. Naro\u010dite zdaj in prejmite ekstazi Blue dolphin na svojem pragu v petih delovnih dneh. Ecstacy, modri delfin<\/p>\n<p>Ecstacy je razvil Merckova zveza z drogami leta 1912. Zaradi nove strukture so ga poimenovali &#8220;MDMA&#8221;. Ameri\u0161ke oboro\u017eene sile so ga prvi\u010d uporabile leta 1953 za teste umske anga\u017eiranosti, na kratko pa se je vrnila v \u0161estdesetih letih prej\u0161njega stoletja kot psihoterapevtska re\u0161itev za &#8220;ni\u017eje zavore&#8221;. 1 MDMA se kot recept za zbiranje uporablja \u0161ele v sedemdesetih letih prej\u0161njega stoletja.<\/p>\n<p>Sredi osemdesetih je bil MDMA promoviran kot &#8220;najbolj penasta stvar v tehniki z nalogo ugajati ljudem skozi znanost&#8221; in &#8220;v re\u0161itvi&#8221; za dolgotrajne zabave. MDMA je bil leta 1984 \u0161e vedno \u0161iroko dostopen pod blagovno znamko &#8220;Joy&#8221;, vendar je bilo do leta 1985 zdravilo omejeno zaradi varnostnih razlogov.<\/p>\n<p>modri delfin ekstazi, zdravila modri delfin, ekstazi modri delfin<\/p>\n<table>\n<tbody>\n<tr>\n<th><span style=\"font-weight: 400\">Barva:<\/span><\/th>\n<td>Modra<\/td>\n<\/tr>\n<tr>\n<th><span style=\"font-weight: 400\">Velikost:<\/span><\/th>\n<td>295 mg<\/td>\n<\/tr>\n<\/tbody>\n<\/table>\n","protected":false},"excerpt":{"rendered":"<p>Kupite tablete ekstazija na spletu. Kupite tablete ekstazija Blue Dolphin za prodajo uk, evropa po odli\u010dnih cenah pri nas. Pakiranje izvajajo strokovnjaki, dostava pa je 100% zagotovljena.<\/p>\n","protected":false},"featured_media":4516,"comment_status":"open","ping_status":"closed","template":"","meta":[],"product_brand":[],"product_cat":[498],"product_tag":[],"class_list":{"0":"post-4479","1":"product","2":"type-product","3":"status-publish","4":"has-post-thumbnail","6":"product_cat-kupi-ekstazi-tablete","8":"first","9":"instock","10":"shipping-taxable","11":"purchasable","12":"product-type-variable","13":"has-default-attributes"},"yoast_head":"<!-- This site is optimized with the Yoast SEO plugin v27.3 - https:\/\/yoast.com\/product\/yoast-seo-wordpress\/ -->\n<title>Kupite tablete ekstazija Blue Dolphin na spletu \u2013 najbolj\u0161a najbolj\u0161a zdravila na svetu<\/title>\n<meta name=\"description\" content=\"Kupite tablete ekstazija na spletu. Kupite tablete ekstazija Blue Dolphin za prodajo uk, evropa po odli\u010dnih cenah pri nas. Pakiranje opravijo profesionalci in dostava je 100% zagotovljena.\" \/>\n<meta name=\"robots\" content=\"index, follow, max-snippet:-1, max-image-preview:large, max-video-preview:-1\" \/>\n<link rel=\"canonical\" href=\"https:\/\/medicinasinc.com\/sl\/product\/kupi-tablete-modri-delfin-ekstazi\/\" \/>\n<meta property=\"og:locale\" content=\"en_US\" \/>\n<meta property=\"og:type\" content=\"article\" \/>\n<meta property=\"og:title\" content=\"Kupite tablete ekstazija Blue Dolphin na spletu \u2013 najbolj\u0161a najbolj\u0161a zdravila na svetu\" \/>\n<meta property=\"og:description\" content=\"Kupite tablete ekstazija na spletu. Kupite tablete ekstazija Blue Dolphin za prodajo uk, evropa po odli\u010dnih cenah pri nas. Pakiranje opravijo profesionalci in dostava je 100% zagotovljena.\" \/>\n<meta property=\"og:url\" content=\"https:\/\/medicinasinc.com\/sl\/product\/kupi-tablete-modri-delfin-ekstazi\/\" \/>\n<meta property=\"og:site_name\" content=\"Medicinas Inc\" \/>\n<meta property=\"article:modified_time\" content=\"2022-03-19T01:03:48+00:00\" \/>\n<meta property=\"og:image\" content=\"https:\/\/medicinasinc.com\/sl\/wp-content\/uploads\/sites\/7\/2022\/02\/buy-blue-dolphin-ecstasy-pills-online.jpg\" \/>\n\t<meta property=\"og:image:width\" content=\"600\" \/>\n\t<meta property=\"og:image:height\" content=\"600\" \/>\n\t<meta property=\"og:image:type\" content=\"image\/jpeg\" \/>\n<meta name=\"twitter:card\" content=\"summary_large_image\" \/>\n<meta name=\"twitter:label1\" content=\"Est. reading time\" \/>\n\t<meta name=\"twitter:data1\" content=\"2 minutes\" \/>\n<script type=\"application\/ld+json\" class=\"yoast-schema-graph\">{\"@context\":\"https:\\\/\\\/schema.org\",\"@graph\":[{\"@type\":\"WebPage\",\"@id\":\"https:\\\/\\\/medicinasinc.com\\\/sl\\\/product\\\/kupi-tablete-modri-delfin-ekstazi\\\/\",\"url\":\"https:\\\/\\\/medicinasinc.com\\\/sl\\\/product\\\/kupi-tablete-modri-delfin-ekstazi\\\/\",\"name\":\"Kupite tablete ekstazija Blue Dolphin na spletu \u2013 najbolj\u0161a najbolj\u0161a zdravila na svetu\",\"isPartOf\":{\"@id\":\"https:\\\/\\\/medicinasinc.com\\\/sl\\\/#website\"},\"primaryImageOfPage\":{\"@id\":\"https:\\\/\\\/medicinasinc.com\\\/sl\\\/product\\\/kupi-tablete-modri-delfin-ekstazi\\\/#primaryimage\"},\"image\":{\"@id\":\"https:\\\/\\\/medicinasinc.com\\\/sl\\\/product\\\/kupi-tablete-modri-delfin-ekstazi\\\/#primaryimage\"},\"thumbnailUrl\":\"https:\\\/\\\/medicinasinc.com\\\/sl\\\/wp-content\\\/uploads\\\/sites\\\/7\\\/2022\\\/02\\\/buy-blue-dolphin-ecstasy-pills-online.jpg\",\"datePublished\":\"2022-02-20T09:44:15+00:00\",\"dateModified\":\"2022-03-19T01:03:48+00:00\",\"description\":\"Kupite tablete ekstazija na spletu. Kupite tablete ekstazija Blue Dolphin za prodajo uk, evropa po odli\u010dnih cenah pri nas. Pakiranje opravijo profesionalci in dostava je 100% zagotovljena.\",\"breadcrumb\":{\"@id\":\"https:\\\/\\\/medicinasinc.com\\\/sl\\\/product\\\/kupi-tablete-modri-delfin-ekstazi\\\/#breadcrumb\"},\"inLanguage\":\"en-US\",\"potentialAction\":[{\"@type\":\"ReadAction\",\"target\":[\"https:\\\/\\\/medicinasinc.com\\\/sl\\\/product\\\/kupi-tablete-modri-delfin-ekstazi\\\/\"]}]},{\"@type\":\"ImageObject\",\"inLanguage\":\"en-US\",\"@id\":\"https:\\\/\\\/medicinasinc.com\\\/sl\\\/product\\\/kupi-tablete-modri-delfin-ekstazi\\\/#primaryimage\",\"url\":\"https:\\\/\\\/medicinasinc.com\\\/sl\\\/wp-content\\\/uploads\\\/sites\\\/7\\\/2022\\\/02\\\/buy-blue-dolphin-ecstasy-pills-online.jpg\",\"contentUrl\":\"https:\\\/\\\/medicinasinc.com\\\/sl\\\/wp-content\\\/uploads\\\/sites\\\/7\\\/2022\\\/02\\\/buy-blue-dolphin-ecstasy-pills-online.jpg\",\"width\":600,\"height\":600},{\"@type\":\"BreadcrumbList\",\"@id\":\"https:\\\/\\\/medicinasinc.com\\\/sl\\\/product\\\/kupi-tablete-modri-delfin-ekstazi\\\/#breadcrumb\",\"itemListElement\":[{\"@type\":\"ListItem\",\"position\":1,\"name\":\"Nakupujte\",\"item\":\"https:\\\/\\\/medicinasinc.com\\\/sl\\\/nakupujte\\\/\"},{\"@type\":\"ListItem\",\"position\":2,\"name\":\"Kupite tablete ekstazija Blue Dolphin\"}]},{\"@type\":\"WebSite\",\"@id\":\"https:\\\/\\\/medicinasinc.com\\\/sl\\\/#website\",\"url\":\"https:\\\/\\\/medicinasinc.com\\\/sl\\\/\",\"name\":\"Medicinas Inc\",\"description\":\"Health Medical Clinic\",\"potentialAction\":[{\"@type\":\"SearchAction\",\"target\":{\"@type\":\"EntryPoint\",\"urlTemplate\":\"https:\\\/\\\/medicinasinc.com\\\/sl\\\/?s={search_term_string}\"},\"query-input\":{\"@type\":\"PropertyValueSpecification\",\"valueRequired\":true,\"valueName\":\"search_term_string\"}}],\"inLanguage\":\"en-US\"}]}<\/script>\n<!-- \/ Yoast SEO plugin. -->","yoast_head_json":{"title":"Kupite tablete ekstazija Blue Dolphin na spletu \u2013 najbolj\u0161a najbolj\u0161a zdravila na svetu","description":"Kupite tablete ekstazija na spletu. Kupite tablete ekstazija Blue Dolphin za prodajo uk, evropa po odli\u010dnih cenah pri nas. Pakiranje opravijo profesionalci in dostava je 100% zagotovljena.","robots":{"index":"index","follow":"follow","max-snippet":"max-snippet:-1","max-image-preview":"max-image-preview:large","max-video-preview":"max-video-preview:-1"},"canonical":"https:\/\/medicinasinc.com\/sl\/product\/kupi-tablete-modri-delfin-ekstazi\/","og_locale":"en_US","og_type":"article","og_title":"Kupite tablete ekstazija Blue Dolphin na spletu \u2013 najbolj\u0161a najbolj\u0161a zdravila na svetu","og_description":"Kupite tablete ekstazija na spletu. Kupite tablete ekstazija Blue Dolphin za prodajo uk, evropa po odli\u010dnih cenah pri nas. Pakiranje opravijo profesionalci in dostava je 100% zagotovljena.","og_url":"https:\/\/medicinasinc.com\/sl\/product\/kupi-tablete-modri-delfin-ekstazi\/","og_site_name":"Medicinas Inc","article_modified_time":"2022-03-19T01:03:48+00:00","og_image":[{"width":600,"height":600,"url":"https:\/\/medicinasinc.com\/sl\/wp-content\/uploads\/sites\/7\/2022\/02\/buy-blue-dolphin-ecstasy-pills-online.jpg","type":"image\/jpeg"}],"twitter_card":"summary_large_image","twitter_misc":{"Est. reading time":"2 minutes"},"schema":{"@context":"https:\/\/schema.org","@graph":[{"@type":"WebPage","@id":"https:\/\/medicinasinc.com\/sl\/product\/kupi-tablete-modri-delfin-ekstazi\/","url":"https:\/\/medicinasinc.com\/sl\/product\/kupi-tablete-modri-delfin-ekstazi\/","name":"Kupite tablete ekstazija Blue Dolphin na spletu \u2013 najbolj\u0161a najbolj\u0161a zdravila na svetu","isPartOf":{"@id":"https:\/\/medicinasinc.com\/sl\/#website"},"primaryImageOfPage":{"@id":"https:\/\/medicinasinc.com\/sl\/product\/kupi-tablete-modri-delfin-ekstazi\/#primaryimage"},"image":{"@id":"https:\/\/medicinasinc.com\/sl\/product\/kupi-tablete-modri-delfin-ekstazi\/#primaryimage"},"thumbnailUrl":"https:\/\/medicinasinc.com\/sl\/wp-content\/uploads\/sites\/7\/2022\/02\/buy-blue-dolphin-ecstasy-pills-online.jpg","datePublished":"2022-02-20T09:44:15+00:00","dateModified":"2022-03-19T01:03:48+00:00","description":"Kupite tablete ekstazija na spletu. Kupite tablete ekstazija Blue Dolphin za prodajo uk, evropa po odli\u010dnih cenah pri nas. Pakiranje opravijo profesionalci in dostava je 100% zagotovljena.","breadcrumb":{"@id":"https:\/\/medicinasinc.com\/sl\/product\/kupi-tablete-modri-delfin-ekstazi\/#breadcrumb"},"inLanguage":"en-US","potentialAction":[{"@type":"ReadAction","target":["https:\/\/medicinasinc.com\/sl\/product\/kupi-tablete-modri-delfin-ekstazi\/"]}]},{"@type":"ImageObject","inLanguage":"en-US","@id":"https:\/\/medicinasinc.com\/sl\/product\/kupi-tablete-modri-delfin-ekstazi\/#primaryimage","url":"https:\/\/medicinasinc.com\/sl\/wp-content\/uploads\/sites\/7\/2022\/02\/buy-blue-dolphin-ecstasy-pills-online.jpg","contentUrl":"https:\/\/medicinasinc.com\/sl\/wp-content\/uploads\/sites\/7\/2022\/02\/buy-blue-dolphin-ecstasy-pills-online.jpg","width":600,"height":600},{"@type":"BreadcrumbList","@id":"https:\/\/medicinasinc.com\/sl\/product\/kupi-tablete-modri-delfin-ekstazi\/#breadcrumb","itemListElement":[{"@type":"ListItem","position":1,"name":"Nakupujte","item":"https:\/\/medicinasinc.com\/sl\/nakupujte\/"},{"@type":"ListItem","position":2,"name":"Kupite tablete ekstazija Blue Dolphin"}]},{"@type":"WebSite","@id":"https:\/\/medicinasinc.com\/sl\/#website","url":"https:\/\/medicinasinc.com\/sl\/","name":"Medicinas Inc","description":"Health Medical Clinic","potentialAction":[{"@type":"SearchAction","target":{"@type":"EntryPoint","urlTemplate":"https:\/\/medicinasinc.com\/sl\/?s={search_term_string}"},"query-input":{"@type":"PropertyValueSpecification","valueRequired":true,"valueName":"search_term_string"}}],"inLanguage":"en-US"}]}},"_links":{"self":[{"href":"https:\/\/medicinasinc.com\/sl\/wp-json\/wp\/v2\/product\/4479","targetHints":{"allow":["GET"]}}],"collection":[{"href":"https:\/\/medicinasinc.com\/sl\/wp-json\/wp\/v2\/product"}],"about":[{"href":"https:\/\/medicinasinc.com\/sl\/wp-json\/wp\/v2\/types\/product"}],"replies":[{"embeddable":true,"href":"https:\/\/medicinasinc.com\/sl\/wp-json\/wp\/v2\/comments?post=4479"}],"wp:featuredmedia":[{"embeddable":true,"href":"https:\/\/medicinasinc.com\/sl\/wp-json\/wp\/v2\/media\/4516"}],"wp:attachment":[{"href":"https:\/\/medicinasinc.com\/sl\/wp-json\/wp\/v2\/media?parent=4479"}],"wp:term":[{"taxonomy":"product_brand","embeddable":true,"href":"https:\/\/medicinasinc.com\/sl\/wp-json\/wp\/v2\/product_brand?post=4479"},{"taxonomy":"product_cat","embeddable":true,"href":"https:\/\/medicinasinc.com\/sl\/wp-json\/wp\/v2\/product_cat?post=4479"},{"taxonomy":"product_tag","embeddable":true,"href":"https:\/\/medicinasinc.com\/sl\/wp-json\/wp\/v2\/product_tag?post=4479"}],"curies":[{"name":"wp","href":"https:\/\/api.w.org\/{rel}","templated":true}]}}