{"id":4468,"date":"2022-02-20T09:37:05","date_gmt":"2022-02-20T09:37:05","guid":{"rendered":"https:\/\/medicinasinc.com\/sl\/?post_type=product&#038;p=4468"},"modified":"2022-03-19T01:04:58","modified_gmt":"2022-03-19T01:04:58","slug":"buy-rexcof-sirup-za-kaselj","status":"publish","type":"product","link":"https:\/\/medicinasinc.com\/sl\/product\/buy-rexcof-sirup-za-kaselj\/","title":{"rendered":"Kupite sirup proti ka\u0161lju Rexcof"},"content":{"rendered":"<h1>Kupite sirup proti ka\u0161lju Rexcof.<\/h1>\n<p>Kupite sirup proti ka\u0161lju Rexcof. Prodamo tudi Actavis. Kupite kokain na spletu.<\/p>\n","protected":false},"excerpt":{"rendered":"<p>Kupite rexcof sirup proti ka\u0161lju. Kodein ali metilmorfin je opiat, ki se uporablja zaradi svojih analgeti\u010dnih, antitusi\u010dnih in antidiarei\u010dnih lastnosti. Nudimo brezpla\u010dno dostavo za veleprodajna naro\u010dila<\/p>\n","protected":false},"featured_media":4503,"comment_status":"open","ping_status":"closed","template":"","meta":[],"product_brand":[],"product_cat":[497],"product_tag":[],"class_list":{"0":"post-4468","1":"product","2":"type-product","3":"status-publish","4":"has-post-thumbnail","6":"product_cat-kupi-sirup-za-ka-c5-a1elj","8":"first","9":"instock","10":"shipping-taxable","11":"purchasable","12":"product-type-variable"},"yoast_head":"<!-- This site is optimized with the Yoast SEO plugin v27.3 - https:\/\/yoast.com\/product\/yoast-seo-wordpress\/ -->\n<title>Kupite sirup proti ka\u0161lju Rexcof - najbolj\u0161a najbolj\u0161a zdravila na svetu<\/title>\n<meta name=\"description\" content=\"Kupite sirup za ka\u0161elj rexcof za prodajo Velika Britanija, Evropa. Kodein ali metilmorfin je opiat, ki se uporablja zaradi svojih analgeti\u010dnih, antitusi\u010dnih in antidiarei\u010dnih lastnosti. Za naro\u010dila na debelo nudimo brezpla\u010dno dostavo\" \/>\n<meta name=\"robots\" content=\"index, follow, max-snippet:-1, max-image-preview:large, max-video-preview:-1\" \/>\n<link rel=\"canonical\" href=\"https:\/\/medicinasinc.com\/sl\/product\/buy-rexcof-sirup-za-kaselj\/\" \/>\n<meta property=\"og:locale\" content=\"en_US\" \/>\n<meta property=\"og:type\" content=\"article\" \/>\n<meta property=\"og:title\" content=\"Kupite sirup proti ka\u0161lju Rexcof - najbolj\u0161a najbolj\u0161a zdravila na svetu\" \/>\n<meta property=\"og:description\" content=\"Kupite sirup za ka\u0161elj rexcof za prodajo Velika Britanija, Evropa. Kodein ali metilmorfin je opiat, ki se uporablja zaradi svojih analgeti\u010dnih, antitusi\u010dnih in antidiarei\u010dnih lastnosti. Za naro\u010dila na debelo nudimo brezpla\u010dno dostavo\" \/>\n<meta property=\"og:url\" content=\"https:\/\/medicinasinc.com\/sl\/product\/buy-rexcof-sirup-za-kaselj\/\" \/>\n<meta property=\"og:site_name\" content=\"Medicinas Inc\" \/>\n<meta property=\"article:modified_time\" content=\"2022-03-19T01:04:58+00:00\" \/>\n<meta property=\"og:image\" content=\"https:\/\/medicinasinc.com\/sl\/wp-content\/uploads\/sites\/7\/2022\/02\/buy-rexcof-cough-syrup.jpg\" \/>\n\t<meta property=\"og:image:width\" content=\"600\" \/>\n\t<meta property=\"og:image:height\" content=\"600\" \/>\n\t<meta property=\"og:image:type\" content=\"image\/jpeg\" \/>\n<meta name=\"twitter:card\" content=\"summary_large_image\" \/>\n<meta name=\"twitter:label1\" content=\"Est. reading time\" \/>\n\t<meta name=\"twitter:data1\" content=\"1 minute\" \/>\n<script type=\"application\/ld+json\" class=\"yoast-schema-graph\">{\"@context\":\"https:\\\/\\\/schema.org\",\"@graph\":[{\"@type\":\"WebPage\",\"@id\":\"https:\\\/\\\/medicinasinc.com\\\/sl\\\/product\\\/buy-rexcof-sirup-za-kaselj\\\/\",\"url\":\"https:\\\/\\\/medicinasinc.com\\\/sl\\\/product\\\/buy-rexcof-sirup-za-kaselj\\\/\",\"name\":\"Kupite sirup proti ka\u0161lju Rexcof - najbolj\u0161a najbolj\u0161a zdravila na svetu\",\"isPartOf\":{\"@id\":\"https:\\\/\\\/medicinasinc.com\\\/sl\\\/#website\"},\"primaryImageOfPage\":{\"@id\":\"https:\\\/\\\/medicinasinc.com\\\/sl\\\/product\\\/buy-rexcof-sirup-za-kaselj\\\/#primaryimage\"},\"image\":{\"@id\":\"https:\\\/\\\/medicinasinc.com\\\/sl\\\/product\\\/buy-rexcof-sirup-za-kaselj\\\/#primaryimage\"},\"thumbnailUrl\":\"https:\\\/\\\/medicinasinc.com\\\/sl\\\/wp-content\\\/uploads\\\/sites\\\/7\\\/2022\\\/02\\\/buy-rexcof-cough-syrup.jpg\",\"datePublished\":\"2022-02-20T09:37:05+00:00\",\"dateModified\":\"2022-03-19T01:04:58+00:00\",\"description\":\"Kupite sirup za ka\u0161elj rexcof za prodajo Velika Britanija, Evropa. Kodein ali metilmorfin je opiat, ki se uporablja zaradi svojih analgeti\u010dnih, antitusi\u010dnih in antidiarei\u010dnih lastnosti. Za naro\u010dila na debelo nudimo brezpla\u010dno dostavo\",\"breadcrumb\":{\"@id\":\"https:\\\/\\\/medicinasinc.com\\\/sl\\\/product\\\/buy-rexcof-sirup-za-kaselj\\\/#breadcrumb\"},\"inLanguage\":\"en-US\",\"potentialAction\":[{\"@type\":\"ReadAction\",\"target\":[\"https:\\\/\\\/medicinasinc.com\\\/sl\\\/product\\\/buy-rexcof-sirup-za-kaselj\\\/\"]}]},{\"@type\":\"ImageObject\",\"inLanguage\":\"en-US\",\"@id\":\"https:\\\/\\\/medicinasinc.com\\\/sl\\\/product\\\/buy-rexcof-sirup-za-kaselj\\\/#primaryimage\",\"url\":\"https:\\\/\\\/medicinasinc.com\\\/sl\\\/wp-content\\\/uploads\\\/sites\\\/7\\\/2022\\\/02\\\/buy-rexcof-cough-syrup.jpg\",\"contentUrl\":\"https:\\\/\\\/medicinasinc.com\\\/sl\\\/wp-content\\\/uploads\\\/sites\\\/7\\\/2022\\\/02\\\/buy-rexcof-cough-syrup.jpg\",\"width\":600,\"height\":600},{\"@type\":\"BreadcrumbList\",\"@id\":\"https:\\\/\\\/medicinasinc.com\\\/sl\\\/product\\\/buy-rexcof-sirup-za-kaselj\\\/#breadcrumb\",\"itemListElement\":[{\"@type\":\"ListItem\",\"position\":1,\"name\":\"Nakupujte\",\"item\":\"https:\\\/\\\/medicinasinc.com\\\/sl\\\/nakupujte\\\/\"},{\"@type\":\"ListItem\",\"position\":2,\"name\":\"Kupite sirup proti ka\u0161lju Rexcof\"}]},{\"@type\":\"WebSite\",\"@id\":\"https:\\\/\\\/medicinasinc.com\\\/sl\\\/#website\",\"url\":\"https:\\\/\\\/medicinasinc.com\\\/sl\\\/\",\"name\":\"Medicinas Inc\",\"description\":\"Health Medical Clinic\",\"potentialAction\":[{\"@type\":\"SearchAction\",\"target\":{\"@type\":\"EntryPoint\",\"urlTemplate\":\"https:\\\/\\\/medicinasinc.com\\\/sl\\\/?s={search_term_string}\"},\"query-input\":{\"@type\":\"PropertyValueSpecification\",\"valueRequired\":true,\"valueName\":\"search_term_string\"}}],\"inLanguage\":\"en-US\"}]}<\/script>\n<!-- \/ Yoast SEO plugin. -->","yoast_head_json":{"title":"Kupite sirup proti ka\u0161lju Rexcof - najbolj\u0161a najbolj\u0161a zdravila na svetu","description":"Kupite sirup za ka\u0161elj rexcof za prodajo Velika Britanija, Evropa. Kodein ali metilmorfin je opiat, ki se uporablja zaradi svojih analgeti\u010dnih, antitusi\u010dnih in antidiarei\u010dnih lastnosti. Za naro\u010dila na debelo nudimo brezpla\u010dno dostavo","robots":{"index":"index","follow":"follow","max-snippet":"max-snippet:-1","max-image-preview":"max-image-preview:large","max-video-preview":"max-video-preview:-1"},"canonical":"https:\/\/medicinasinc.com\/sl\/product\/buy-rexcof-sirup-za-kaselj\/","og_locale":"en_US","og_type":"article","og_title":"Kupite sirup proti ka\u0161lju Rexcof - najbolj\u0161a najbolj\u0161a zdravila na svetu","og_description":"Kupite sirup za ka\u0161elj rexcof za prodajo Velika Britanija, Evropa. Kodein ali metilmorfin je opiat, ki se uporablja zaradi svojih analgeti\u010dnih, antitusi\u010dnih in antidiarei\u010dnih lastnosti. Za naro\u010dila na debelo nudimo brezpla\u010dno dostavo","og_url":"https:\/\/medicinasinc.com\/sl\/product\/buy-rexcof-sirup-za-kaselj\/","og_site_name":"Medicinas Inc","article_modified_time":"2022-03-19T01:04:58+00:00","og_image":[{"width":600,"height":600,"url":"https:\/\/medicinasinc.com\/sl\/wp-content\/uploads\/sites\/7\/2022\/02\/buy-rexcof-cough-syrup.jpg","type":"image\/jpeg"}],"twitter_card":"summary_large_image","twitter_misc":{"Est. reading time":"1 minute"},"schema":{"@context":"https:\/\/schema.org","@graph":[{"@type":"WebPage","@id":"https:\/\/medicinasinc.com\/sl\/product\/buy-rexcof-sirup-za-kaselj\/","url":"https:\/\/medicinasinc.com\/sl\/product\/buy-rexcof-sirup-za-kaselj\/","name":"Kupite sirup proti ka\u0161lju Rexcof - najbolj\u0161a najbolj\u0161a zdravila na svetu","isPartOf":{"@id":"https:\/\/medicinasinc.com\/sl\/#website"},"primaryImageOfPage":{"@id":"https:\/\/medicinasinc.com\/sl\/product\/buy-rexcof-sirup-za-kaselj\/#primaryimage"},"image":{"@id":"https:\/\/medicinasinc.com\/sl\/product\/buy-rexcof-sirup-za-kaselj\/#primaryimage"},"thumbnailUrl":"https:\/\/medicinasinc.com\/sl\/wp-content\/uploads\/sites\/7\/2022\/02\/buy-rexcof-cough-syrup.jpg","datePublished":"2022-02-20T09:37:05+00:00","dateModified":"2022-03-19T01:04:58+00:00","description":"Kupite sirup za ka\u0161elj rexcof za prodajo Velika Britanija, Evropa. Kodein ali metilmorfin je opiat, ki se uporablja zaradi svojih analgeti\u010dnih, antitusi\u010dnih in antidiarei\u010dnih lastnosti. Za naro\u010dila na debelo nudimo brezpla\u010dno dostavo","breadcrumb":{"@id":"https:\/\/medicinasinc.com\/sl\/product\/buy-rexcof-sirup-za-kaselj\/#breadcrumb"},"inLanguage":"en-US","potentialAction":[{"@type":"ReadAction","target":["https:\/\/medicinasinc.com\/sl\/product\/buy-rexcof-sirup-za-kaselj\/"]}]},{"@type":"ImageObject","inLanguage":"en-US","@id":"https:\/\/medicinasinc.com\/sl\/product\/buy-rexcof-sirup-za-kaselj\/#primaryimage","url":"https:\/\/medicinasinc.com\/sl\/wp-content\/uploads\/sites\/7\/2022\/02\/buy-rexcof-cough-syrup.jpg","contentUrl":"https:\/\/medicinasinc.com\/sl\/wp-content\/uploads\/sites\/7\/2022\/02\/buy-rexcof-cough-syrup.jpg","width":600,"height":600},{"@type":"BreadcrumbList","@id":"https:\/\/medicinasinc.com\/sl\/product\/buy-rexcof-sirup-za-kaselj\/#breadcrumb","itemListElement":[{"@type":"ListItem","position":1,"name":"Nakupujte","item":"https:\/\/medicinasinc.com\/sl\/nakupujte\/"},{"@type":"ListItem","position":2,"name":"Kupite sirup proti ka\u0161lju Rexcof"}]},{"@type":"WebSite","@id":"https:\/\/medicinasinc.com\/sl\/#website","url":"https:\/\/medicinasinc.com\/sl\/","name":"Medicinas Inc","description":"Health Medical Clinic","potentialAction":[{"@type":"SearchAction","target":{"@type":"EntryPoint","urlTemplate":"https:\/\/medicinasinc.com\/sl\/?s={search_term_string}"},"query-input":{"@type":"PropertyValueSpecification","valueRequired":true,"valueName":"search_term_string"}}],"inLanguage":"en-US"}]}},"_links":{"self":[{"href":"https:\/\/medicinasinc.com\/sl\/wp-json\/wp\/v2\/product\/4468","targetHints":{"allow":["GET"]}}],"collection":[{"href":"https:\/\/medicinasinc.com\/sl\/wp-json\/wp\/v2\/product"}],"about":[{"href":"https:\/\/medicinasinc.com\/sl\/wp-json\/wp\/v2\/types\/product"}],"replies":[{"embeddable":true,"href":"https:\/\/medicinasinc.com\/sl\/wp-json\/wp\/v2\/comments?post=4468"}],"wp:featuredmedia":[{"embeddable":true,"href":"https:\/\/medicinasinc.com\/sl\/wp-json\/wp\/v2\/media\/4503"}],"wp:attachment":[{"href":"https:\/\/medicinasinc.com\/sl\/wp-json\/wp\/v2\/media?parent=4468"}],"wp:term":[{"taxonomy":"product_brand","embeddable":true,"href":"https:\/\/medicinasinc.com\/sl\/wp-json\/wp\/v2\/product_brand?post=4468"},{"taxonomy":"product_cat","embeddable":true,"href":"https:\/\/medicinasinc.com\/sl\/wp-json\/wp\/v2\/product_cat?post=4468"},{"taxonomy":"product_tag","embeddable":true,"href":"https:\/\/medicinasinc.com\/sl\/wp-json\/wp\/v2\/product_tag?post=4468"}],"curies":[{"name":"wp","href":"https:\/\/api.w.org\/{rel}","templated":true}]}}