{"id":4458,"date":"2022-02-20T09:30:17","date_gmt":"2022-02-20T09:30:17","guid":{"rendered":"https:\/\/medicinasinc.com\/sl\/?post_type=product&#038;p=4458"},"modified":"2022-03-19T01:05:20","modified_gmt":"2022-03-19T01:05:20","slug":"kupi-ketof-sirup-za-kaselj","status":"publish","type":"product","link":"https:\/\/medicinasinc.com\/sl\/product\/kupi-ketof-sirup-za-kaselj\/","title":{"rendered":"Kupite Ketof sirup za ka\u0161elj"},"content":{"rendered":"<h1>Kupite Keto sirup za ka\u0161elj na spletu<\/h1>\n<p>Kupite Keto sirup za ka\u0161elj na spletu. Heroin lahko kupite tudi na spletu po ugodnih cenah. Tukaj imamo na voljo \u0161iroko paleto narkotikov za prodajo, kot so kokain, kristalni met in \u0161e veliko ve\u010d.<\/p>\n","protected":false},"excerpt":{"rendered":"<p>Kupite Ketof sirup proti ka\u0161lju za prodajo v Zdru\u017eenem kraljestvu, Evropi na spletu. Aktivne sestavine: ketotifen. Nudimo posebne popuste pri veleprodajnih naro\u010dilih. Upo\u0161tevajte, da imamo tudi brezpla\u010dno dostavo, ko ste ta izdelek in tudi actavis naprodaj.<\/p>\n","protected":false},"featured_media":4493,"comment_status":"open","ping_status":"closed","template":"","meta":[],"product_brand":[],"product_cat":[497],"product_tag":[],"class_list":{"0":"post-4458","1":"product","2":"type-product","3":"status-publish","4":"has-post-thumbnail","6":"product_cat-kupi-sirup-za-ka-c5-a1elj","8":"first","9":"instock","10":"shipping-taxable","11":"purchasable","12":"product-type-variable","13":"has-default-attributes"},"yoast_head":"<!-- This site is optimized with the Yoast SEO plugin v27.3 - https:\/\/yoast.com\/product\/yoast-seo-wordpress\/ -->\n<title>Kupite Ketof sirup proti ka\u0161lju - najbolj\u0161a najbolj\u0161a zdravila na svetu<\/title>\n<meta name=\"description\" content=\"Kupite Ketof sirup proti ka\u0161lju za prodajo UK, Evropa na spletu. Aktivne sestavine: ketotifen. Nudimo posebne popuste pri veleprodajnih naro\u010dilih. Upo\u0161tevajte, da imamo tudi brezpla\u010dno po\u0161tnino, ko prodajate ta izdelek in tudi actavis.\" \/>\n<meta name=\"robots\" content=\"index, follow, max-snippet:-1, max-image-preview:large, max-video-preview:-1\" \/>\n<link rel=\"canonical\" href=\"https:\/\/medicinasinc.com\/sl\/product\/kupi-ketof-sirup-za-kaselj\/\" \/>\n<meta property=\"og:locale\" content=\"en_US\" \/>\n<meta property=\"og:type\" content=\"article\" \/>\n<meta property=\"og:title\" content=\"Kupite Ketof sirup proti ka\u0161lju - najbolj\u0161a najbolj\u0161a zdravila na svetu\" \/>\n<meta property=\"og:description\" content=\"Kupite Ketof sirup proti ka\u0161lju za prodajo UK, Evropa na spletu. Aktivne sestavine: ketotifen. Nudimo posebne popuste pri veleprodajnih naro\u010dilih. Upo\u0161tevajte, da imamo tudi brezpla\u010dno po\u0161tnino, ko prodajate ta izdelek in tudi actavis.\" \/>\n<meta property=\"og:url\" content=\"https:\/\/medicinasinc.com\/sl\/product\/kupi-ketof-sirup-za-kaselj\/\" \/>\n<meta property=\"og:site_name\" content=\"Medicinas Inc\" \/>\n<meta property=\"article:modified_time\" content=\"2022-03-19T01:05:20+00:00\" \/>\n<meta property=\"og:image\" content=\"https:\/\/medicinasinc.com\/sl\/wp-content\/uploads\/sites\/7\/2022\/02\/buy-ketof-cough-syrup-online.jpg\" \/>\n\t<meta property=\"og:image:width\" content=\"600\" \/>\n\t<meta property=\"og:image:height\" content=\"600\" \/>\n\t<meta property=\"og:image:type\" content=\"image\/jpeg\" \/>\n<meta name=\"twitter:card\" content=\"summary_large_image\" \/>\n<meta name=\"twitter:label1\" content=\"Est. reading time\" \/>\n\t<meta name=\"twitter:data1\" content=\"1 minute\" \/>\n<script type=\"application\/ld+json\" class=\"yoast-schema-graph\">{\"@context\":\"https:\\\/\\\/schema.org\",\"@graph\":[{\"@type\":\"WebPage\",\"@id\":\"https:\\\/\\\/medicinasinc.com\\\/sl\\\/product\\\/kupi-ketof-sirup-za-kaselj\\\/\",\"url\":\"https:\\\/\\\/medicinasinc.com\\\/sl\\\/product\\\/kupi-ketof-sirup-za-kaselj\\\/\",\"name\":\"Kupite Ketof sirup proti ka\u0161lju - najbolj\u0161a najbolj\u0161a zdravila na svetu\",\"isPartOf\":{\"@id\":\"https:\\\/\\\/medicinasinc.com\\\/sl\\\/#website\"},\"primaryImageOfPage\":{\"@id\":\"https:\\\/\\\/medicinasinc.com\\\/sl\\\/product\\\/kupi-ketof-sirup-za-kaselj\\\/#primaryimage\"},\"image\":{\"@id\":\"https:\\\/\\\/medicinasinc.com\\\/sl\\\/product\\\/kupi-ketof-sirup-za-kaselj\\\/#primaryimage\"},\"thumbnailUrl\":\"https:\\\/\\\/medicinasinc.com\\\/sl\\\/wp-content\\\/uploads\\\/sites\\\/7\\\/2022\\\/02\\\/buy-ketof-cough-syrup-online.jpg\",\"datePublished\":\"2022-02-20T09:30:17+00:00\",\"dateModified\":\"2022-03-19T01:05:20+00:00\",\"description\":\"Kupite Ketof sirup proti ka\u0161lju za prodajo UK, Evropa na spletu. Aktivne sestavine: ketotifen. Nudimo posebne popuste pri veleprodajnih naro\u010dilih. Upo\u0161tevajte, da imamo tudi brezpla\u010dno po\u0161tnino, ko prodajate ta izdelek in tudi actavis.\",\"breadcrumb\":{\"@id\":\"https:\\\/\\\/medicinasinc.com\\\/sl\\\/product\\\/kupi-ketof-sirup-za-kaselj\\\/#breadcrumb\"},\"inLanguage\":\"en-US\",\"potentialAction\":[{\"@type\":\"ReadAction\",\"target\":[\"https:\\\/\\\/medicinasinc.com\\\/sl\\\/product\\\/kupi-ketof-sirup-za-kaselj\\\/\"]}]},{\"@type\":\"ImageObject\",\"inLanguage\":\"en-US\",\"@id\":\"https:\\\/\\\/medicinasinc.com\\\/sl\\\/product\\\/kupi-ketof-sirup-za-kaselj\\\/#primaryimage\",\"url\":\"https:\\\/\\\/medicinasinc.com\\\/sl\\\/wp-content\\\/uploads\\\/sites\\\/7\\\/2022\\\/02\\\/buy-ketof-cough-syrup-online.jpg\",\"contentUrl\":\"https:\\\/\\\/medicinasinc.com\\\/sl\\\/wp-content\\\/uploads\\\/sites\\\/7\\\/2022\\\/02\\\/buy-ketof-cough-syrup-online.jpg\",\"width\":600,\"height\":600},{\"@type\":\"BreadcrumbList\",\"@id\":\"https:\\\/\\\/medicinasinc.com\\\/sl\\\/product\\\/kupi-ketof-sirup-za-kaselj\\\/#breadcrumb\",\"itemListElement\":[{\"@type\":\"ListItem\",\"position\":1,\"name\":\"Nakupujte\",\"item\":\"https:\\\/\\\/medicinasinc.com\\\/sl\\\/nakupujte\\\/\"},{\"@type\":\"ListItem\",\"position\":2,\"name\":\"Kupite Ketof sirup za ka\u0161elj\"}]},{\"@type\":\"WebSite\",\"@id\":\"https:\\\/\\\/medicinasinc.com\\\/sl\\\/#website\",\"url\":\"https:\\\/\\\/medicinasinc.com\\\/sl\\\/\",\"name\":\"Medicinas Inc\",\"description\":\"Health Medical Clinic\",\"potentialAction\":[{\"@type\":\"SearchAction\",\"target\":{\"@type\":\"EntryPoint\",\"urlTemplate\":\"https:\\\/\\\/medicinasinc.com\\\/sl\\\/?s={search_term_string}\"},\"query-input\":{\"@type\":\"PropertyValueSpecification\",\"valueRequired\":true,\"valueName\":\"search_term_string\"}}],\"inLanguage\":\"en-US\"}]}<\/script>\n<!-- \/ Yoast SEO plugin. -->","yoast_head_json":{"title":"Kupite Ketof sirup proti ka\u0161lju - najbolj\u0161a najbolj\u0161a zdravila na svetu","description":"Kupite Ketof sirup proti ka\u0161lju za prodajo UK, Evropa na spletu. Aktivne sestavine: ketotifen. Nudimo posebne popuste pri veleprodajnih naro\u010dilih. Upo\u0161tevajte, da imamo tudi brezpla\u010dno po\u0161tnino, ko prodajate ta izdelek in tudi actavis.","robots":{"index":"index","follow":"follow","max-snippet":"max-snippet:-1","max-image-preview":"max-image-preview:large","max-video-preview":"max-video-preview:-1"},"canonical":"https:\/\/medicinasinc.com\/sl\/product\/kupi-ketof-sirup-za-kaselj\/","og_locale":"en_US","og_type":"article","og_title":"Kupite Ketof sirup proti ka\u0161lju - najbolj\u0161a najbolj\u0161a zdravila na svetu","og_description":"Kupite Ketof sirup proti ka\u0161lju za prodajo UK, Evropa na spletu. Aktivne sestavine: ketotifen. Nudimo posebne popuste pri veleprodajnih naro\u010dilih. Upo\u0161tevajte, da imamo tudi brezpla\u010dno po\u0161tnino, ko prodajate ta izdelek in tudi actavis.","og_url":"https:\/\/medicinasinc.com\/sl\/product\/kupi-ketof-sirup-za-kaselj\/","og_site_name":"Medicinas Inc","article_modified_time":"2022-03-19T01:05:20+00:00","og_image":[{"width":600,"height":600,"url":"https:\/\/medicinasinc.com\/sl\/wp-content\/uploads\/sites\/7\/2022\/02\/buy-ketof-cough-syrup-online.jpg","type":"image\/jpeg"}],"twitter_card":"summary_large_image","twitter_misc":{"Est. reading time":"1 minute"},"schema":{"@context":"https:\/\/schema.org","@graph":[{"@type":"WebPage","@id":"https:\/\/medicinasinc.com\/sl\/product\/kupi-ketof-sirup-za-kaselj\/","url":"https:\/\/medicinasinc.com\/sl\/product\/kupi-ketof-sirup-za-kaselj\/","name":"Kupite Ketof sirup proti ka\u0161lju - najbolj\u0161a najbolj\u0161a zdravila na svetu","isPartOf":{"@id":"https:\/\/medicinasinc.com\/sl\/#website"},"primaryImageOfPage":{"@id":"https:\/\/medicinasinc.com\/sl\/product\/kupi-ketof-sirup-za-kaselj\/#primaryimage"},"image":{"@id":"https:\/\/medicinasinc.com\/sl\/product\/kupi-ketof-sirup-za-kaselj\/#primaryimage"},"thumbnailUrl":"https:\/\/medicinasinc.com\/sl\/wp-content\/uploads\/sites\/7\/2022\/02\/buy-ketof-cough-syrup-online.jpg","datePublished":"2022-02-20T09:30:17+00:00","dateModified":"2022-03-19T01:05:20+00:00","description":"Kupite Ketof sirup proti ka\u0161lju za prodajo UK, Evropa na spletu. Aktivne sestavine: ketotifen. Nudimo posebne popuste pri veleprodajnih naro\u010dilih. Upo\u0161tevajte, da imamo tudi brezpla\u010dno po\u0161tnino, ko prodajate ta izdelek in tudi actavis.","breadcrumb":{"@id":"https:\/\/medicinasinc.com\/sl\/product\/kupi-ketof-sirup-za-kaselj\/#breadcrumb"},"inLanguage":"en-US","potentialAction":[{"@type":"ReadAction","target":["https:\/\/medicinasinc.com\/sl\/product\/kupi-ketof-sirup-za-kaselj\/"]}]},{"@type":"ImageObject","inLanguage":"en-US","@id":"https:\/\/medicinasinc.com\/sl\/product\/kupi-ketof-sirup-za-kaselj\/#primaryimage","url":"https:\/\/medicinasinc.com\/sl\/wp-content\/uploads\/sites\/7\/2022\/02\/buy-ketof-cough-syrup-online.jpg","contentUrl":"https:\/\/medicinasinc.com\/sl\/wp-content\/uploads\/sites\/7\/2022\/02\/buy-ketof-cough-syrup-online.jpg","width":600,"height":600},{"@type":"BreadcrumbList","@id":"https:\/\/medicinasinc.com\/sl\/product\/kupi-ketof-sirup-za-kaselj\/#breadcrumb","itemListElement":[{"@type":"ListItem","position":1,"name":"Nakupujte","item":"https:\/\/medicinasinc.com\/sl\/nakupujte\/"},{"@type":"ListItem","position":2,"name":"Kupite Ketof sirup za ka\u0161elj"}]},{"@type":"WebSite","@id":"https:\/\/medicinasinc.com\/sl\/#website","url":"https:\/\/medicinasinc.com\/sl\/","name":"Medicinas Inc","description":"Health Medical Clinic","potentialAction":[{"@type":"SearchAction","target":{"@type":"EntryPoint","urlTemplate":"https:\/\/medicinasinc.com\/sl\/?s={search_term_string}"},"query-input":{"@type":"PropertyValueSpecification","valueRequired":true,"valueName":"search_term_string"}}],"inLanguage":"en-US"}]}},"_links":{"self":[{"href":"https:\/\/medicinasinc.com\/sl\/wp-json\/wp\/v2\/product\/4458","targetHints":{"allow":["GET"]}}],"collection":[{"href":"https:\/\/medicinasinc.com\/sl\/wp-json\/wp\/v2\/product"}],"about":[{"href":"https:\/\/medicinasinc.com\/sl\/wp-json\/wp\/v2\/types\/product"}],"replies":[{"embeddable":true,"href":"https:\/\/medicinasinc.com\/sl\/wp-json\/wp\/v2\/comments?post=4458"}],"wp:featuredmedia":[{"embeddable":true,"href":"https:\/\/medicinasinc.com\/sl\/wp-json\/wp\/v2\/media\/4493"}],"wp:attachment":[{"href":"https:\/\/medicinasinc.com\/sl\/wp-json\/wp\/v2\/media?parent=4458"}],"wp:term":[{"taxonomy":"product_brand","embeddable":true,"href":"https:\/\/medicinasinc.com\/sl\/wp-json\/wp\/v2\/product_brand?post=4458"},{"taxonomy":"product_cat","embeddable":true,"href":"https:\/\/medicinasinc.com\/sl\/wp-json\/wp\/v2\/product_cat?post=4458"},{"taxonomy":"product_tag","embeddable":true,"href":"https:\/\/medicinasinc.com\/sl\/wp-json\/wp\/v2\/product_tag?post=4458"}],"curies":[{"name":"wp","href":"https:\/\/api.w.org\/{rel}","templated":true}]}}