{"id":4455,"date":"2022-02-20T09:28:05","date_gmt":"2022-02-20T09:28:05","guid":{"rendered":"https:\/\/medicinasinc.com\/sl\/?post_type=product&#038;p=4455"},"modified":"2022-03-19T01:05:33","modified_gmt":"2022-03-19T01:05:33","slug":"kupi-hi-tech-sirup-za-kaselj","status":"publish","type":"product","link":"https:\/\/medicinasinc.com\/sl\/product\/kupi-hi-tech-sirup-za-kaselj\/","title":{"rendered":"Kupite visokotehnolo\u0161ki sirup proti ka\u0161lju"},"content":{"rendered":"<p>Spletni nakup Hi-Tech sirupa za ka\u0161elj.<\/p>\n<p>Kupite Hi-Tech sirup za ka\u0161elj na spletu po izjemno nizkih cenah. poleg tega nakup kokaina za nadaljnjo prodajo. Prodajamo razli\u010dne stimulanse in narkotike, vklju\u010dno z GHB.<\/p>\n<p>\u010ceprav cenim dober okus, menim, da traja veliko predolgo, da za\u010dnejo delovati. Zaradi svoje mo\u010di in okusa lahko THC sirup postane va\u0161 novi pojdite na snov za pomo\u010d.<\/p>\n<p>Konopljin sirup je fantasti\u010den za restavrativne in rekreativne stranke. Je mo\u010dan in u\u010dinkovit \u2013 pogosto za\u010dne u\u010dinkovati v 20 do 30 minutah \u2013 in preudaren za uporabo. Preprosto dodajte svojo porcijo kateri koli hrani ali pija\u010di in kon\u010dali ste. Lahko pa pijete majhno mero brez incidentov. To je vse!<\/p>\n<p>sirup za ka\u0161elj naprodaj, visokotehnolo\u0161ki thc sirup, sirup za ka\u0161elj na spletu, hi-tech pusto ceno, visokotehnolo\u0161ki sirup za ka\u0161elj na spletu, hi-tech na spletu. Tisti, ki ne prenesejo misli na kajenje trave (ali pa so morda preve\u010d nesposobni, da bi razmi\u0161ljali o tem), a kljub temu \u017eelijo izkoristiti prednosti te resni\u010dno \u010dudovite rastline, se spodbuja, da razmislijo o THC sirupu kot alternativnem na\u010dinu u\u017eivanja. Strogo terapevtske stranke bodo z veseljem izvedele, da je na voljo tudi CBD sirup. To pa je tema drugega \u010dlanka!<\/p>\n<p>NAPRAVITE THC SIRUP: NAVODILA KORAK ZA KORAKOM<\/p>\n<p>\u010ce i\u0161\u010dete preprost recept za THC sirup, ne i\u0161\u010dite ve\u010d. Nedvomno lahko doma pripravite teko\u010d THC sirup z le nekaj sestavinami in minimalno strojno opremo. Verjetno je to najpreprostej\u0161i izdelek, ki ga lahko naredite sami, saj se ne pri\u010dakuje, da bi potencialno nevarna sintetika izlo\u010dila THC iz rastlinskega materiala.<\/p>\n<p>\u010ce \u017eelite ustvariti svoj sirup, prepojen s THC-jem, boste potrebovali&#8230;.<\/p>\n<p>Voda. Pribli\u017eno 200 ml bo dalo primerno koli\u010dino sirupa. Ker je formula tako preprosta, lahko kasneje na splo\u0161no naredite toliko, kot \u017eelite.<\/p>\n<p>Sladkor. Koli\u010dina sladkorja, ki jo uporabite, bo vplivala na \u010das skladi\u0161\u010denja konopljinega sirupa. Sirup iz dveh delov sladkorja in enega dela vode lahko shranjujemo pribli\u017eno \u010detrt leta). Prav tako je mogo\u010de pripraviti sirup 1:1, \u010deprav ne bo trajal tako dolgo.<\/p>\n<p>Razli\u010dne oblike surovo dekarboksiliranega THC-ja (cvetenje, obrezovanje, stresanje, ha\u0161i\u0161, olje, prelom, vosek, v resni\u010dnem smislu vse je mogo\u010de uporabiti).<\/p>\n<p>ODMEREK THC SIRUPA<\/p>\n<p>Koli\u010dina zau\u017eitega THC sirupa se med posamezniki mo\u010dno razlikuje. Klju\u010dnega pomena je, da ste previdni in pretehtate svojo zmogljivost glede na mo\u010d katerega koli predmeta, ki vsebuje THC. sirup za ka\u0161elj na spletu, visokotehnolo\u0161ki thc sirup, hi-tech pusto ceno, visokotehnolo\u0161ki sirup za ka\u0161elj na spletu, hi-tech na spletu, sirup za ka\u0161elj naprodaj<\/p>\n<p>Te\u017eava z doma\u010dimi me\u0161animi sirupi THC je v tem, da mo\u010d koncentrata je pogosto neznana. \u010ce ste zaradi tega zaskrbljeni ali se preprosto ne \u017eelite ukvarjati z (nepomembnimi) te\u017eavami pri ustvarjanju lastne, spodaj poi\u0161\u010dite na\u0161e najbolj\u0161e izbire na trgu danes.<\/p>\n","protected":false},"excerpt":{"rendered":"<p>Kupite Hi-Tech sirup za ka\u0161elj za prodajo v Zdru\u017eenem kraljestvu, Evropi na spletu. Hi-Tech Prometazin hidroklorid in kodein fosfatni sirup\u2026 vsakih 5 ml vsebuje: Prometazin hidroklorid 6,25 mg; kodein fosfat 10 mg. Alkohol 7% Indikacija: Zaviralec ka\u0161lja<\/p>\n","protected":false},"featured_media":4489,"comment_status":"open","ping_status":"closed","template":"","meta":[],"product_brand":[],"product_cat":[497],"product_tag":[],"class_list":{"0":"post-4455","1":"product","2":"type-product","3":"status-publish","4":"has-post-thumbnail","6":"product_cat-kupi-sirup-za-ka-c5-a1elj","8":"first","9":"instock","10":"shipping-taxable","11":"purchasable","12":"product-type-variable","13":"has-default-attributes"},"yoast_head":"<!-- This site is optimized with the Yoast SEO plugin v27.3 - https:\/\/yoast.com\/product\/yoast-seo-wordpress\/ -->\n<title>Kupite visokotehnolo\u0161ki sirup proti ka\u0161lju - najbolj\u0161a najbolj\u0161a zdravila na svetu<\/title>\n<meta name=\"description\" content=\"Kupite Hi-Tech sirup za ka\u0161elj za prodajo UK, Evropa na spletu. Hi-Tech Prometazin hidroklorid in kodein fosfatni sirup\u2026 vsakih 5 ml vsebuje: Prometazin hidroklorid 6,25 mg; kodein fosfat 10 mg. Alkohol 7% Indikacija: Zaviralec ka\u0161lja\" \/>\n<meta name=\"robots\" content=\"index, follow, max-snippet:-1, max-image-preview:large, max-video-preview:-1\" \/>\n<link rel=\"canonical\" href=\"https:\/\/medicinasinc.com\/sl\/product\/kupi-hi-tech-sirup-za-kaselj\/\" \/>\n<meta property=\"og:locale\" content=\"en_US\" \/>\n<meta property=\"og:type\" content=\"article\" \/>\n<meta property=\"og:title\" content=\"Kupite visokotehnolo\u0161ki sirup proti ka\u0161lju - najbolj\u0161a najbolj\u0161a zdravila na svetu\" \/>\n<meta property=\"og:description\" content=\"Kupite Hi-Tech sirup za ka\u0161elj za prodajo UK, Evropa na spletu. Hi-Tech Prometazin hidroklorid in kodein fosfatni sirup\u2026 vsakih 5 ml vsebuje: Prometazin hidroklorid 6,25 mg; kodein fosfat 10 mg. Alkohol 7% Indikacija: Zaviralec ka\u0161lja\" \/>\n<meta property=\"og:url\" content=\"https:\/\/medicinasinc.com\/sl\/product\/kupi-hi-tech-sirup-za-kaselj\/\" \/>\n<meta property=\"og:site_name\" content=\"Medicinas Inc\" \/>\n<meta property=\"article:modified_time\" content=\"2022-03-19T01:05:33+00:00\" \/>\n<meta property=\"og:image\" content=\"https:\/\/medicinasinc.com\/sl\/wp-content\/uploads\/sites\/7\/2022\/02\/buy-hi-tech-cough-syrup-online.jpg\" \/>\n\t<meta property=\"og:image:width\" content=\"600\" \/>\n\t<meta property=\"og:image:height\" content=\"600\" \/>\n\t<meta property=\"og:image:type\" content=\"image\/jpeg\" \/>\n<meta name=\"twitter:card\" content=\"summary_large_image\" \/>\n<meta name=\"twitter:label1\" content=\"Est. reading time\" \/>\n\t<meta name=\"twitter:data1\" content=\"3 minutes\" \/>\n<script type=\"application\/ld+json\" class=\"yoast-schema-graph\">{\"@context\":\"https:\\\/\\\/schema.org\",\"@graph\":[{\"@type\":\"WebPage\",\"@id\":\"https:\\\/\\\/medicinasinc.com\\\/sl\\\/product\\\/kupi-hi-tech-sirup-za-kaselj\\\/\",\"url\":\"https:\\\/\\\/medicinasinc.com\\\/sl\\\/product\\\/kupi-hi-tech-sirup-za-kaselj\\\/\",\"name\":\"Kupite visokotehnolo\u0161ki sirup proti ka\u0161lju - najbolj\u0161a najbolj\u0161a zdravila na svetu\",\"isPartOf\":{\"@id\":\"https:\\\/\\\/medicinasinc.com\\\/sl\\\/#website\"},\"primaryImageOfPage\":{\"@id\":\"https:\\\/\\\/medicinasinc.com\\\/sl\\\/product\\\/kupi-hi-tech-sirup-za-kaselj\\\/#primaryimage\"},\"image\":{\"@id\":\"https:\\\/\\\/medicinasinc.com\\\/sl\\\/product\\\/kupi-hi-tech-sirup-za-kaselj\\\/#primaryimage\"},\"thumbnailUrl\":\"https:\\\/\\\/medicinasinc.com\\\/sl\\\/wp-content\\\/uploads\\\/sites\\\/7\\\/2022\\\/02\\\/buy-hi-tech-cough-syrup-online.jpg\",\"datePublished\":\"2022-02-20T09:28:05+00:00\",\"dateModified\":\"2022-03-19T01:05:33+00:00\",\"description\":\"Kupite Hi-Tech sirup za ka\u0161elj za prodajo UK, Evropa na spletu. Hi-Tech Prometazin hidroklorid in kodein fosfatni sirup\u2026 vsakih 5 ml vsebuje: Prometazin hidroklorid 6,25 mg; kodein fosfat 10 mg. Alkohol 7% Indikacija: Zaviralec ka\u0161lja\",\"breadcrumb\":{\"@id\":\"https:\\\/\\\/medicinasinc.com\\\/sl\\\/product\\\/kupi-hi-tech-sirup-za-kaselj\\\/#breadcrumb\"},\"inLanguage\":\"en-US\",\"potentialAction\":[{\"@type\":\"ReadAction\",\"target\":[\"https:\\\/\\\/medicinasinc.com\\\/sl\\\/product\\\/kupi-hi-tech-sirup-za-kaselj\\\/\"]}]},{\"@type\":\"ImageObject\",\"inLanguage\":\"en-US\",\"@id\":\"https:\\\/\\\/medicinasinc.com\\\/sl\\\/product\\\/kupi-hi-tech-sirup-za-kaselj\\\/#primaryimage\",\"url\":\"https:\\\/\\\/medicinasinc.com\\\/sl\\\/wp-content\\\/uploads\\\/sites\\\/7\\\/2022\\\/02\\\/buy-hi-tech-cough-syrup-online.jpg\",\"contentUrl\":\"https:\\\/\\\/medicinasinc.com\\\/sl\\\/wp-content\\\/uploads\\\/sites\\\/7\\\/2022\\\/02\\\/buy-hi-tech-cough-syrup-online.jpg\",\"width\":600,\"height\":600},{\"@type\":\"BreadcrumbList\",\"@id\":\"https:\\\/\\\/medicinasinc.com\\\/sl\\\/product\\\/kupi-hi-tech-sirup-za-kaselj\\\/#breadcrumb\",\"itemListElement\":[{\"@type\":\"ListItem\",\"position\":1,\"name\":\"Nakupujte\",\"item\":\"https:\\\/\\\/medicinasinc.com\\\/sl\\\/nakupujte\\\/\"},{\"@type\":\"ListItem\",\"position\":2,\"name\":\"Kupite visokotehnolo\u0161ki sirup proti ka\u0161lju\"}]},{\"@type\":\"WebSite\",\"@id\":\"https:\\\/\\\/medicinasinc.com\\\/sl\\\/#website\",\"url\":\"https:\\\/\\\/medicinasinc.com\\\/sl\\\/\",\"name\":\"Medicinas Inc\",\"description\":\"Health Medical Clinic\",\"potentialAction\":[{\"@type\":\"SearchAction\",\"target\":{\"@type\":\"EntryPoint\",\"urlTemplate\":\"https:\\\/\\\/medicinasinc.com\\\/sl\\\/?s={search_term_string}\"},\"query-input\":{\"@type\":\"PropertyValueSpecification\",\"valueRequired\":true,\"valueName\":\"search_term_string\"}}],\"inLanguage\":\"en-US\"}]}<\/script>\n<!-- \/ Yoast SEO plugin. -->","yoast_head_json":{"title":"Kupite visokotehnolo\u0161ki sirup proti ka\u0161lju - najbolj\u0161a najbolj\u0161a zdravila na svetu","description":"Kupite Hi-Tech sirup za ka\u0161elj za prodajo UK, Evropa na spletu. Hi-Tech Prometazin hidroklorid in kodein fosfatni sirup\u2026 vsakih 5 ml vsebuje: Prometazin hidroklorid 6,25 mg; kodein fosfat 10 mg. Alkohol 7% Indikacija: Zaviralec ka\u0161lja","robots":{"index":"index","follow":"follow","max-snippet":"max-snippet:-1","max-image-preview":"max-image-preview:large","max-video-preview":"max-video-preview:-1"},"canonical":"https:\/\/medicinasinc.com\/sl\/product\/kupi-hi-tech-sirup-za-kaselj\/","og_locale":"en_US","og_type":"article","og_title":"Kupite visokotehnolo\u0161ki sirup proti ka\u0161lju - najbolj\u0161a najbolj\u0161a zdravila na svetu","og_description":"Kupite Hi-Tech sirup za ka\u0161elj za prodajo UK, Evropa na spletu. Hi-Tech Prometazin hidroklorid in kodein fosfatni sirup\u2026 vsakih 5 ml vsebuje: Prometazin hidroklorid 6,25 mg; kodein fosfat 10 mg. Alkohol 7% Indikacija: Zaviralec ka\u0161lja","og_url":"https:\/\/medicinasinc.com\/sl\/product\/kupi-hi-tech-sirup-za-kaselj\/","og_site_name":"Medicinas Inc","article_modified_time":"2022-03-19T01:05:33+00:00","og_image":[{"width":600,"height":600,"url":"https:\/\/medicinasinc.com\/sl\/wp-content\/uploads\/sites\/7\/2022\/02\/buy-hi-tech-cough-syrup-online.jpg","type":"image\/jpeg"}],"twitter_card":"summary_large_image","twitter_misc":{"Est. reading time":"3 minutes"},"schema":{"@context":"https:\/\/schema.org","@graph":[{"@type":"WebPage","@id":"https:\/\/medicinasinc.com\/sl\/product\/kupi-hi-tech-sirup-za-kaselj\/","url":"https:\/\/medicinasinc.com\/sl\/product\/kupi-hi-tech-sirup-za-kaselj\/","name":"Kupite visokotehnolo\u0161ki sirup proti ka\u0161lju - najbolj\u0161a najbolj\u0161a zdravila na svetu","isPartOf":{"@id":"https:\/\/medicinasinc.com\/sl\/#website"},"primaryImageOfPage":{"@id":"https:\/\/medicinasinc.com\/sl\/product\/kupi-hi-tech-sirup-za-kaselj\/#primaryimage"},"image":{"@id":"https:\/\/medicinasinc.com\/sl\/product\/kupi-hi-tech-sirup-za-kaselj\/#primaryimage"},"thumbnailUrl":"https:\/\/medicinasinc.com\/sl\/wp-content\/uploads\/sites\/7\/2022\/02\/buy-hi-tech-cough-syrup-online.jpg","datePublished":"2022-02-20T09:28:05+00:00","dateModified":"2022-03-19T01:05:33+00:00","description":"Kupite Hi-Tech sirup za ka\u0161elj za prodajo UK, Evropa na spletu. Hi-Tech Prometazin hidroklorid in kodein fosfatni sirup\u2026 vsakih 5 ml vsebuje: Prometazin hidroklorid 6,25 mg; kodein fosfat 10 mg. Alkohol 7% Indikacija: Zaviralec ka\u0161lja","breadcrumb":{"@id":"https:\/\/medicinasinc.com\/sl\/product\/kupi-hi-tech-sirup-za-kaselj\/#breadcrumb"},"inLanguage":"en-US","potentialAction":[{"@type":"ReadAction","target":["https:\/\/medicinasinc.com\/sl\/product\/kupi-hi-tech-sirup-za-kaselj\/"]}]},{"@type":"ImageObject","inLanguage":"en-US","@id":"https:\/\/medicinasinc.com\/sl\/product\/kupi-hi-tech-sirup-za-kaselj\/#primaryimage","url":"https:\/\/medicinasinc.com\/sl\/wp-content\/uploads\/sites\/7\/2022\/02\/buy-hi-tech-cough-syrup-online.jpg","contentUrl":"https:\/\/medicinasinc.com\/sl\/wp-content\/uploads\/sites\/7\/2022\/02\/buy-hi-tech-cough-syrup-online.jpg","width":600,"height":600},{"@type":"BreadcrumbList","@id":"https:\/\/medicinasinc.com\/sl\/product\/kupi-hi-tech-sirup-za-kaselj\/#breadcrumb","itemListElement":[{"@type":"ListItem","position":1,"name":"Nakupujte","item":"https:\/\/medicinasinc.com\/sl\/nakupujte\/"},{"@type":"ListItem","position":2,"name":"Kupite visokotehnolo\u0161ki sirup proti ka\u0161lju"}]},{"@type":"WebSite","@id":"https:\/\/medicinasinc.com\/sl\/#website","url":"https:\/\/medicinasinc.com\/sl\/","name":"Medicinas Inc","description":"Health Medical Clinic","potentialAction":[{"@type":"SearchAction","target":{"@type":"EntryPoint","urlTemplate":"https:\/\/medicinasinc.com\/sl\/?s={search_term_string}"},"query-input":{"@type":"PropertyValueSpecification","valueRequired":true,"valueName":"search_term_string"}}],"inLanguage":"en-US"}]}},"_links":{"self":[{"href":"https:\/\/medicinasinc.com\/sl\/wp-json\/wp\/v2\/product\/4455","targetHints":{"allow":["GET"]}}],"collection":[{"href":"https:\/\/medicinasinc.com\/sl\/wp-json\/wp\/v2\/product"}],"about":[{"href":"https:\/\/medicinasinc.com\/sl\/wp-json\/wp\/v2\/types\/product"}],"replies":[{"embeddable":true,"href":"https:\/\/medicinasinc.com\/sl\/wp-json\/wp\/v2\/comments?post=4455"}],"wp:featuredmedia":[{"embeddable":true,"href":"https:\/\/medicinasinc.com\/sl\/wp-json\/wp\/v2\/media\/4489"}],"wp:attachment":[{"href":"https:\/\/medicinasinc.com\/sl\/wp-json\/wp\/v2\/media?parent=4455"}],"wp:term":[{"taxonomy":"product_brand","embeddable":true,"href":"https:\/\/medicinasinc.com\/sl\/wp-json\/wp\/v2\/product_brand?post=4455"},{"taxonomy":"product_cat","embeddable":true,"href":"https:\/\/medicinasinc.com\/sl\/wp-json\/wp\/v2\/product_cat?post=4455"},{"taxonomy":"product_tag","embeddable":true,"href":"https:\/\/medicinasinc.com\/sl\/wp-json\/wp\/v2\/product_tag?post=4455"}],"curies":[{"name":"wp","href":"https:\/\/api.w.org\/{rel}","templated":true}]}}