{"id":4431,"date":"2022-02-20T09:14:34","date_gmt":"2022-02-20T09:14:34","guid":{"rendered":"https:\/\/medicinasinc.com\/sl\/?post_type=product&#038;p=4431"},"modified":"2022-03-19T01:06:01","modified_gmt":"2022-03-19T01:06:01","slug":"kupi-thc-destilat-superior-ekstrakt","status":"publish","type":"product","link":"https:\/\/medicinasinc.com\/sl\/product\/kupi-thc-destilat-superior-ekstrakt\/","title":{"rendered":"Kupite THC destilat \u2013 vrhunski ekstrakt"},"content":{"rendered":"<p>Kupite THC destilat \u2013 vrhunski izvle\u010dek<\/p>\n<p>Premium THC destilat je koncentrat konoplje, proizveden v Kanadi. Ta izdelek je bil laboratorijsko testiran in ugotovljeno je bilo, da vsebuje visoko koncentracijo THC-ja, ki se giblje od 95 do 98 odstotkov. Na\u0161 THC destilat je izjemno stabilen pri sobni temperaturi in ne postane teko\u010d. Poleg tega je izjemne kakovosti, brez topil, kristalno \u010dist in prozoren. Destilat je vrsta ekstrakta, ki se uporablja na razli\u010dne na\u010dine. \u010ce na\u0161tejemo le nekaj, ti vklju\u010dujejo ponovno polnjenje kartu\u0161 za vape, ustvarjanje u\u017eitnih izdelkov in brisanje v napravi.<\/p>\n","protected":false},"excerpt":{"rendered":"<ul>\n<li>Dostava po celem svetu<\/li>\n<li>Najmanj\u0161a koli\u010dina naro\u010dila je <strong>2<\/strong><\/li>\n<li><strong>Za ve\u010dja naro\u010dila nas kontaktirajte<\/strong>\u00a0.<\/li>\n<\/ul>\n","protected":false},"featured_media":4465,"comment_status":"open","ping_status":"closed","template":"","meta":[],"product_brand":[],"product_cat":[440],"product_tag":[],"class_list":{"0":"post-4431","1":"product","2":"type-product","3":"status-publish","4":"has-post-thumbnail","6":"product_cat-kupi-konopljino-cbd-olje","8":"first","9":"instock","10":"shipping-taxable","11":"purchasable","12":"product-type-variable","13":"has-default-attributes"},"yoast_head":"<!-- This site is optimized with the Yoast SEO plugin v27.3 - https:\/\/yoast.com\/product\/yoast-seo-wordpress\/ -->\n<title>Kupite THC destilat \u2013 vrhunski izvle\u010dek \u2013 najbolj\u0161a globalna zdravila<\/title>\n<meta name=\"description\" content=\"Kupite THC destilat Superior Extract in THC koncentrate za prodajo v Zdru\u017eenem kraljestvu, najbolj\u0161i spletni ambulanti v Evropi. Naro\u010dite zdaj in prejmite brezpla\u010dno dostavo za nakupe nad 150 $!\" \/>\n<meta name=\"robots\" content=\"index, follow, max-snippet:-1, max-image-preview:large, max-video-preview:-1\" \/>\n<link rel=\"canonical\" href=\"https:\/\/medicinasinc.com\/sl\/product\/kupi-thc-destilat-superior-ekstrakt\/\" \/>\n<meta property=\"og:locale\" content=\"en_US\" \/>\n<meta property=\"og:type\" content=\"article\" \/>\n<meta property=\"og:title\" content=\"Kupite THC destilat \u2013 vrhunski izvle\u010dek \u2013 najbolj\u0161a globalna zdravila\" \/>\n<meta property=\"og:description\" content=\"Kupite THC destilat Superior Extract in THC koncentrate za prodajo v Zdru\u017eenem kraljestvu, najbolj\u0161i spletni ambulanti v Evropi. Naro\u010dite zdaj in prejmite brezpla\u010dno dostavo za nakupe nad 150 $!\" \/>\n<meta property=\"og:url\" content=\"https:\/\/medicinasinc.com\/sl\/product\/kupi-thc-destilat-superior-ekstrakt\/\" \/>\n<meta property=\"og:site_name\" content=\"Medicinas Inc\" \/>\n<meta property=\"article:modified_time\" content=\"2022-03-19T01:06:01+00:00\" \/>\n<meta property=\"og:image\" content=\"https:\/\/medicinasinc.com\/sl\/wp-content\/uploads\/sites\/7\/2022\/02\/Buy-THC-DISTILLATE-1.jpg\" \/>\n\t<meta property=\"og:image:width\" content=\"800\" \/>\n\t<meta property=\"og:image:height\" content=\"800\" \/>\n\t<meta property=\"og:image:type\" content=\"image\/jpeg\" \/>\n<meta name=\"twitter:card\" content=\"summary_large_image\" \/>\n<meta name=\"twitter:label1\" content=\"Est. reading time\" \/>\n\t<meta name=\"twitter:data1\" content=\"1 minute\" \/>\n<script type=\"application\/ld+json\" class=\"yoast-schema-graph\">{\"@context\":\"https:\\\/\\\/schema.org\",\"@graph\":[{\"@type\":\"WebPage\",\"@id\":\"https:\\\/\\\/medicinasinc.com\\\/sl\\\/product\\\/kupi-thc-destilat-superior-ekstrakt\\\/\",\"url\":\"https:\\\/\\\/medicinasinc.com\\\/sl\\\/product\\\/kupi-thc-destilat-superior-ekstrakt\\\/\",\"name\":\"Kupite THC destilat \u2013 vrhunski izvle\u010dek \u2013 najbolj\u0161a globalna zdravila\",\"isPartOf\":{\"@id\":\"https:\\\/\\\/medicinasinc.com\\\/sl\\\/#website\"},\"primaryImageOfPage\":{\"@id\":\"https:\\\/\\\/medicinasinc.com\\\/sl\\\/product\\\/kupi-thc-destilat-superior-ekstrakt\\\/#primaryimage\"},\"image\":{\"@id\":\"https:\\\/\\\/medicinasinc.com\\\/sl\\\/product\\\/kupi-thc-destilat-superior-ekstrakt\\\/#primaryimage\"},\"thumbnailUrl\":\"https:\\\/\\\/medicinasinc.com\\\/sl\\\/wp-content\\\/uploads\\\/sites\\\/7\\\/2022\\\/02\\\/Buy-THC-DISTILLATE-1.jpg\",\"datePublished\":\"2022-02-20T09:14:34+00:00\",\"dateModified\":\"2022-03-19T01:06:01+00:00\",\"description\":\"Kupite THC destilat Superior Extract in THC koncentrate za prodajo v Zdru\u017eenem kraljestvu, najbolj\u0161i spletni ambulanti v Evropi. Naro\u010dite zdaj in prejmite brezpla\u010dno dostavo za nakupe nad 150 $!\",\"breadcrumb\":{\"@id\":\"https:\\\/\\\/medicinasinc.com\\\/sl\\\/product\\\/kupi-thc-destilat-superior-ekstrakt\\\/#breadcrumb\"},\"inLanguage\":\"en-US\",\"potentialAction\":[{\"@type\":\"ReadAction\",\"target\":[\"https:\\\/\\\/medicinasinc.com\\\/sl\\\/product\\\/kupi-thc-destilat-superior-ekstrakt\\\/\"]}]},{\"@type\":\"ImageObject\",\"inLanguage\":\"en-US\",\"@id\":\"https:\\\/\\\/medicinasinc.com\\\/sl\\\/product\\\/kupi-thc-destilat-superior-ekstrakt\\\/#primaryimage\",\"url\":\"https:\\\/\\\/medicinasinc.com\\\/sl\\\/wp-content\\\/uploads\\\/sites\\\/7\\\/2022\\\/02\\\/Buy-THC-DISTILLATE-1.jpg\",\"contentUrl\":\"https:\\\/\\\/medicinasinc.com\\\/sl\\\/wp-content\\\/uploads\\\/sites\\\/7\\\/2022\\\/02\\\/Buy-THC-DISTILLATE-1.jpg\",\"width\":800,\"height\":800},{\"@type\":\"BreadcrumbList\",\"@id\":\"https:\\\/\\\/medicinasinc.com\\\/sl\\\/product\\\/kupi-thc-destilat-superior-ekstrakt\\\/#breadcrumb\",\"itemListElement\":[{\"@type\":\"ListItem\",\"position\":1,\"name\":\"Nakupujte\",\"item\":\"https:\\\/\\\/medicinasinc.com\\\/sl\\\/nakupujte\\\/\"},{\"@type\":\"ListItem\",\"position\":2,\"name\":\"Kupite THC destilat \u2013 vrhunski ekstrakt\"}]},{\"@type\":\"WebSite\",\"@id\":\"https:\\\/\\\/medicinasinc.com\\\/sl\\\/#website\",\"url\":\"https:\\\/\\\/medicinasinc.com\\\/sl\\\/\",\"name\":\"Medicinas Inc\",\"description\":\"Health Medical Clinic\",\"potentialAction\":[{\"@type\":\"SearchAction\",\"target\":{\"@type\":\"EntryPoint\",\"urlTemplate\":\"https:\\\/\\\/medicinasinc.com\\\/sl\\\/?s={search_term_string}\"},\"query-input\":{\"@type\":\"PropertyValueSpecification\",\"valueRequired\":true,\"valueName\":\"search_term_string\"}}],\"inLanguage\":\"en-US\"}]}<\/script>\n<!-- \/ Yoast SEO plugin. -->","yoast_head_json":{"title":"Kupite THC destilat \u2013 vrhunski izvle\u010dek \u2013 najbolj\u0161a globalna zdravila","description":"Kupite THC destilat Superior Extract in THC koncentrate za prodajo v Zdru\u017eenem kraljestvu, najbolj\u0161i spletni ambulanti v Evropi. Naro\u010dite zdaj in prejmite brezpla\u010dno dostavo za nakupe nad 150 $!","robots":{"index":"index","follow":"follow","max-snippet":"max-snippet:-1","max-image-preview":"max-image-preview:large","max-video-preview":"max-video-preview:-1"},"canonical":"https:\/\/medicinasinc.com\/sl\/product\/kupi-thc-destilat-superior-ekstrakt\/","og_locale":"en_US","og_type":"article","og_title":"Kupite THC destilat \u2013 vrhunski izvle\u010dek \u2013 najbolj\u0161a globalna zdravila","og_description":"Kupite THC destilat Superior Extract in THC koncentrate za prodajo v Zdru\u017eenem kraljestvu, najbolj\u0161i spletni ambulanti v Evropi. Naro\u010dite zdaj in prejmite brezpla\u010dno dostavo za nakupe nad 150 $!","og_url":"https:\/\/medicinasinc.com\/sl\/product\/kupi-thc-destilat-superior-ekstrakt\/","og_site_name":"Medicinas Inc","article_modified_time":"2022-03-19T01:06:01+00:00","og_image":[{"width":800,"height":800,"url":"https:\/\/medicinasinc.com\/sl\/wp-content\/uploads\/sites\/7\/2022\/02\/Buy-THC-DISTILLATE-1.jpg","type":"image\/jpeg"}],"twitter_card":"summary_large_image","twitter_misc":{"Est. reading time":"1 minute"},"schema":{"@context":"https:\/\/schema.org","@graph":[{"@type":"WebPage","@id":"https:\/\/medicinasinc.com\/sl\/product\/kupi-thc-destilat-superior-ekstrakt\/","url":"https:\/\/medicinasinc.com\/sl\/product\/kupi-thc-destilat-superior-ekstrakt\/","name":"Kupite THC destilat \u2013 vrhunski izvle\u010dek \u2013 najbolj\u0161a globalna zdravila","isPartOf":{"@id":"https:\/\/medicinasinc.com\/sl\/#website"},"primaryImageOfPage":{"@id":"https:\/\/medicinasinc.com\/sl\/product\/kupi-thc-destilat-superior-ekstrakt\/#primaryimage"},"image":{"@id":"https:\/\/medicinasinc.com\/sl\/product\/kupi-thc-destilat-superior-ekstrakt\/#primaryimage"},"thumbnailUrl":"https:\/\/medicinasinc.com\/sl\/wp-content\/uploads\/sites\/7\/2022\/02\/Buy-THC-DISTILLATE-1.jpg","datePublished":"2022-02-20T09:14:34+00:00","dateModified":"2022-03-19T01:06:01+00:00","description":"Kupite THC destilat Superior Extract in THC koncentrate za prodajo v Zdru\u017eenem kraljestvu, najbolj\u0161i spletni ambulanti v Evropi. Naro\u010dite zdaj in prejmite brezpla\u010dno dostavo za nakupe nad 150 $!","breadcrumb":{"@id":"https:\/\/medicinasinc.com\/sl\/product\/kupi-thc-destilat-superior-ekstrakt\/#breadcrumb"},"inLanguage":"en-US","potentialAction":[{"@type":"ReadAction","target":["https:\/\/medicinasinc.com\/sl\/product\/kupi-thc-destilat-superior-ekstrakt\/"]}]},{"@type":"ImageObject","inLanguage":"en-US","@id":"https:\/\/medicinasinc.com\/sl\/product\/kupi-thc-destilat-superior-ekstrakt\/#primaryimage","url":"https:\/\/medicinasinc.com\/sl\/wp-content\/uploads\/sites\/7\/2022\/02\/Buy-THC-DISTILLATE-1.jpg","contentUrl":"https:\/\/medicinasinc.com\/sl\/wp-content\/uploads\/sites\/7\/2022\/02\/Buy-THC-DISTILLATE-1.jpg","width":800,"height":800},{"@type":"BreadcrumbList","@id":"https:\/\/medicinasinc.com\/sl\/product\/kupi-thc-destilat-superior-ekstrakt\/#breadcrumb","itemListElement":[{"@type":"ListItem","position":1,"name":"Nakupujte","item":"https:\/\/medicinasinc.com\/sl\/nakupujte\/"},{"@type":"ListItem","position":2,"name":"Kupite THC destilat \u2013 vrhunski ekstrakt"}]},{"@type":"WebSite","@id":"https:\/\/medicinasinc.com\/sl\/#website","url":"https:\/\/medicinasinc.com\/sl\/","name":"Medicinas Inc","description":"Health Medical Clinic","potentialAction":[{"@type":"SearchAction","target":{"@type":"EntryPoint","urlTemplate":"https:\/\/medicinasinc.com\/sl\/?s={search_term_string}"},"query-input":{"@type":"PropertyValueSpecification","valueRequired":true,"valueName":"search_term_string"}}],"inLanguage":"en-US"}]}},"_links":{"self":[{"href":"https:\/\/medicinasinc.com\/sl\/wp-json\/wp\/v2\/product\/4431","targetHints":{"allow":["GET"]}}],"collection":[{"href":"https:\/\/medicinasinc.com\/sl\/wp-json\/wp\/v2\/product"}],"about":[{"href":"https:\/\/medicinasinc.com\/sl\/wp-json\/wp\/v2\/types\/product"}],"replies":[{"embeddable":true,"href":"https:\/\/medicinasinc.com\/sl\/wp-json\/wp\/v2\/comments?post=4431"}],"wp:featuredmedia":[{"embeddable":true,"href":"https:\/\/medicinasinc.com\/sl\/wp-json\/wp\/v2\/media\/4465"}],"wp:attachment":[{"href":"https:\/\/medicinasinc.com\/sl\/wp-json\/wp\/v2\/media?parent=4431"}],"wp:term":[{"taxonomy":"product_brand","embeddable":true,"href":"https:\/\/medicinasinc.com\/sl\/wp-json\/wp\/v2\/product_brand?post=4431"},{"taxonomy":"product_cat","embeddable":true,"href":"https:\/\/medicinasinc.com\/sl\/wp-json\/wp\/v2\/product_cat?post=4431"},{"taxonomy":"product_tag","embeddable":true,"href":"https:\/\/medicinasinc.com\/sl\/wp-json\/wp\/v2\/product_tag?post=4431"}],"curies":[{"name":"wp","href":"https:\/\/api.w.org\/{rel}","templated":true}]}}