{"id":4425,"date":"2022-02-20T09:10:27","date_gmt":"2022-02-20T09:10:27","guid":{"rendered":"https:\/\/medicinasinc.com\/sl\/?post_type=product&#038;p=4425"},"modified":"2022-03-19T01:06:14","modified_gmt":"2022-03-19T01:06:14","slug":"buy-skywalker-og-thc-destillate-kosher-extract","status":"publish","type":"product","link":"https:\/\/medicinasinc.com\/sl\/product\/buy-skywalker-og-thc-destillate-kosher-extract\/","title":{"rendered":"Kupite Skywalker OG THC destilat \u2013 izvle\u010dek ko\u0161er"},"content":{"rendered":"<p>THC destilat izvle\u010dek ko\u0161er<\/p>\n<p>THC destilat je eden naj\u010distej\u0161ih in najmo\u010dnej\u0161ih izvle\u010dkov konoplje na trgu, ki zagotavlja \u0161iroko paleto zdravilnih koristi in lastnosti. Konoplja se razgradi z molekularno destilacijo po kratki poti, dokler se prakti\u010dno vsaka komponenta ne lo\u010di od THC-ja (to vklju\u010duje: terpene, rastlinske lipide, pesticide in druge onesna\u017eevalce). Ta metoda proizvaja izjemno \u010dist ekstrakt konoplje brez uporabe topil za ekstrakcijo THC-ja. Poleg te \u010distosti se z destilacijo proizvede izdelek, ki je bistveno mo\u010dnej\u0161i od suhih zeli\u0161\u010d ali drugih izvle\u010dkov konoplje. THC destilat lahko vsebuje od 85 do 99 odstotkov THC-ja!<\/p>\n","protected":false},"excerpt":{"rendered":"<p><em>Kupite Skywalker OG destilat<\/em>\u00a0Brezga je spro\u0161\u010dujo\u010de olje Indica, ki pomirja um, spro\u0161\u010da telo in vas spravi v stanje popolne evforije.<\/p>\n<p><em>Kupite. Skywalker OG THC destilat<\/em>\u00a0&#8211; Ko\u0161er ekstrakt na spletu Kanada iz najve\u010dje spletne ambulante, Buy My Weed Online.<\/p>\n<ul>\n<li><\/li>\n<li>Dostava po vsem svetu<\/li>\n<li>Najmanj\u0161a koli\u010dina naro\u010dila je 5<\/li>\n<li><strong>Za ve\u010dja naro\u010dila nas kontaktirajte<\/strong>\u00a0.<\/li>\n<\/ul>\n","protected":false},"featured_media":4459,"comment_status":"open","ping_status":"closed","template":"","meta":[],"product_brand":[],"product_cat":[440],"product_tag":[],"class_list":{"0":"post-4425","1":"product","2":"type-product","3":"status-publish","4":"has-post-thumbnail","6":"product_cat-kupi-konopljino-cbd-olje","8":"first","9":"instock","10":"shipping-taxable","11":"purchasable","12":"product-type-variable","13":"has-default-attributes"},"yoast_head":"<!-- This site is optimized with the Yoast SEO plugin v27.3 - https:\/\/yoast.com\/product\/yoast-seo-wordpress\/ -->\n<title>Kupite Skywalker OG THC destilat \u2013 ko\u0161er ekstrakt \u2013 Best Global MedsMeta predogled opisa:<\/title>\n<meta name=\"description\" content=\"Kupite Skywalker OG THC destilat razprodaja - ko\u0161er ekstrakt na spletu v Evropi iz najve\u010dje spletne ambulante, Buy My Weed Online.\" \/>\n<meta name=\"robots\" content=\"index, follow, max-snippet:-1, max-image-preview:large, max-video-preview:-1\" \/>\n<link rel=\"canonical\" href=\"https:\/\/medicinasinc.com\/sl\/product\/buy-skywalker-og-thc-destillate-kosher-extract\/\" \/>\n<meta property=\"og:locale\" content=\"en_US\" \/>\n<meta property=\"og:type\" content=\"article\" \/>\n<meta property=\"og:title\" content=\"Kupite Skywalker OG THC destilat \u2013 ko\u0161er ekstrakt \u2013 Best Global MedsMeta predogled opisa:\" \/>\n<meta property=\"og:description\" content=\"Kupite Skywalker OG THC destilat razprodaja - ko\u0161er ekstrakt na spletu v Evropi iz najve\u010dje spletne ambulante, Buy My Weed Online.\" \/>\n<meta property=\"og:url\" content=\"https:\/\/medicinasinc.com\/sl\/product\/buy-skywalker-og-thc-destillate-kosher-extract\/\" \/>\n<meta property=\"og:site_name\" content=\"Medicinas Inc\" \/>\n<meta property=\"article:modified_time\" content=\"2022-03-19T01:06:14+00:00\" \/>\n<meta property=\"og:image\" content=\"https:\/\/medicinasinc.com\/sl\/wp-content\/uploads\/sites\/7\/2022\/02\/Buy-Skywalker-OG-THC-Distillate.jpg\" \/>\n\t<meta property=\"og:image:width\" content=\"980\" \/>\n\t<meta property=\"og:image:height\" content=\"980\" \/>\n\t<meta property=\"og:image:type\" content=\"image\/jpeg\" \/>\n<meta name=\"twitter:card\" content=\"summary_large_image\" \/>\n<meta name=\"twitter:label1\" content=\"Est. reading time\" \/>\n\t<meta name=\"twitter:data1\" content=\"1 minute\" \/>\n<script type=\"application\/ld+json\" class=\"yoast-schema-graph\">{\"@context\":\"https:\\\/\\\/schema.org\",\"@graph\":[{\"@type\":\"WebPage\",\"@id\":\"https:\\\/\\\/medicinasinc.com\\\/sl\\\/product\\\/buy-skywalker-og-thc-destillate-kosher-extract\\\/\",\"url\":\"https:\\\/\\\/medicinasinc.com\\\/sl\\\/product\\\/buy-skywalker-og-thc-destillate-kosher-extract\\\/\",\"name\":\"Kupite Skywalker OG THC destilat \u2013 ko\u0161er ekstrakt \u2013 Best Global MedsMeta predogled opisa:\",\"isPartOf\":{\"@id\":\"https:\\\/\\\/medicinasinc.com\\\/sl\\\/#website\"},\"primaryImageOfPage\":{\"@id\":\"https:\\\/\\\/medicinasinc.com\\\/sl\\\/product\\\/buy-skywalker-og-thc-destillate-kosher-extract\\\/#primaryimage\"},\"image\":{\"@id\":\"https:\\\/\\\/medicinasinc.com\\\/sl\\\/product\\\/buy-skywalker-og-thc-destillate-kosher-extract\\\/#primaryimage\"},\"thumbnailUrl\":\"https:\\\/\\\/medicinasinc.com\\\/sl\\\/wp-content\\\/uploads\\\/sites\\\/7\\\/2022\\\/02\\\/Buy-Skywalker-OG-THC-Distillate.jpg\",\"datePublished\":\"2022-02-20T09:10:27+00:00\",\"dateModified\":\"2022-03-19T01:06:14+00:00\",\"description\":\"Kupite Skywalker OG THC destilat razprodaja - ko\u0161er ekstrakt na spletu v Evropi iz najve\u010dje spletne ambulante, Buy My Weed Online.\",\"breadcrumb\":{\"@id\":\"https:\\\/\\\/medicinasinc.com\\\/sl\\\/product\\\/buy-skywalker-og-thc-destillate-kosher-extract\\\/#breadcrumb\"},\"inLanguage\":\"en-US\",\"potentialAction\":[{\"@type\":\"ReadAction\",\"target\":[\"https:\\\/\\\/medicinasinc.com\\\/sl\\\/product\\\/buy-skywalker-og-thc-destillate-kosher-extract\\\/\"]}]},{\"@type\":\"ImageObject\",\"inLanguage\":\"en-US\",\"@id\":\"https:\\\/\\\/medicinasinc.com\\\/sl\\\/product\\\/buy-skywalker-og-thc-destillate-kosher-extract\\\/#primaryimage\",\"url\":\"https:\\\/\\\/medicinasinc.com\\\/sl\\\/wp-content\\\/uploads\\\/sites\\\/7\\\/2022\\\/02\\\/Buy-Skywalker-OG-THC-Distillate.jpg\",\"contentUrl\":\"https:\\\/\\\/medicinasinc.com\\\/sl\\\/wp-content\\\/uploads\\\/sites\\\/7\\\/2022\\\/02\\\/Buy-Skywalker-OG-THC-Distillate.jpg\",\"width\":980,\"height\":980},{\"@type\":\"BreadcrumbList\",\"@id\":\"https:\\\/\\\/medicinasinc.com\\\/sl\\\/product\\\/buy-skywalker-og-thc-destillate-kosher-extract\\\/#breadcrumb\",\"itemListElement\":[{\"@type\":\"ListItem\",\"position\":1,\"name\":\"Nakupujte\",\"item\":\"https:\\\/\\\/medicinasinc.com\\\/sl\\\/nakupujte\\\/\"},{\"@type\":\"ListItem\",\"position\":2,\"name\":\"Kupite Skywalker OG THC destilat \u2013 izvle\u010dek ko\u0161er\"}]},{\"@type\":\"WebSite\",\"@id\":\"https:\\\/\\\/medicinasinc.com\\\/sl\\\/#website\",\"url\":\"https:\\\/\\\/medicinasinc.com\\\/sl\\\/\",\"name\":\"Medicinas Inc\",\"description\":\"Health Medical Clinic\",\"potentialAction\":[{\"@type\":\"SearchAction\",\"target\":{\"@type\":\"EntryPoint\",\"urlTemplate\":\"https:\\\/\\\/medicinasinc.com\\\/sl\\\/?s={search_term_string}\"},\"query-input\":{\"@type\":\"PropertyValueSpecification\",\"valueRequired\":true,\"valueName\":\"search_term_string\"}}],\"inLanguage\":\"en-US\"}]}<\/script>\n<!-- \/ Yoast SEO plugin. -->","yoast_head_json":{"title":"Kupite Skywalker OG THC destilat \u2013 ko\u0161er ekstrakt \u2013 Best Global MedsMeta predogled opisa:","description":"Kupite Skywalker OG THC destilat razprodaja - ko\u0161er ekstrakt na spletu v Evropi iz najve\u010dje spletne ambulante, Buy My Weed Online.","robots":{"index":"index","follow":"follow","max-snippet":"max-snippet:-1","max-image-preview":"max-image-preview:large","max-video-preview":"max-video-preview:-1"},"canonical":"https:\/\/medicinasinc.com\/sl\/product\/buy-skywalker-og-thc-destillate-kosher-extract\/","og_locale":"en_US","og_type":"article","og_title":"Kupite Skywalker OG THC destilat \u2013 ko\u0161er ekstrakt \u2013 Best Global MedsMeta predogled opisa:","og_description":"Kupite Skywalker OG THC destilat razprodaja - ko\u0161er ekstrakt na spletu v Evropi iz najve\u010dje spletne ambulante, Buy My Weed Online.","og_url":"https:\/\/medicinasinc.com\/sl\/product\/buy-skywalker-og-thc-destillate-kosher-extract\/","og_site_name":"Medicinas Inc","article_modified_time":"2022-03-19T01:06:14+00:00","og_image":[{"width":980,"height":980,"url":"https:\/\/medicinasinc.com\/sl\/wp-content\/uploads\/sites\/7\/2022\/02\/Buy-Skywalker-OG-THC-Distillate.jpg","type":"image\/jpeg"}],"twitter_card":"summary_large_image","twitter_misc":{"Est. reading time":"1 minute"},"schema":{"@context":"https:\/\/schema.org","@graph":[{"@type":"WebPage","@id":"https:\/\/medicinasinc.com\/sl\/product\/buy-skywalker-og-thc-destillate-kosher-extract\/","url":"https:\/\/medicinasinc.com\/sl\/product\/buy-skywalker-og-thc-destillate-kosher-extract\/","name":"Kupite Skywalker OG THC destilat \u2013 ko\u0161er ekstrakt \u2013 Best Global MedsMeta predogled opisa:","isPartOf":{"@id":"https:\/\/medicinasinc.com\/sl\/#website"},"primaryImageOfPage":{"@id":"https:\/\/medicinasinc.com\/sl\/product\/buy-skywalker-og-thc-destillate-kosher-extract\/#primaryimage"},"image":{"@id":"https:\/\/medicinasinc.com\/sl\/product\/buy-skywalker-og-thc-destillate-kosher-extract\/#primaryimage"},"thumbnailUrl":"https:\/\/medicinasinc.com\/sl\/wp-content\/uploads\/sites\/7\/2022\/02\/Buy-Skywalker-OG-THC-Distillate.jpg","datePublished":"2022-02-20T09:10:27+00:00","dateModified":"2022-03-19T01:06:14+00:00","description":"Kupite Skywalker OG THC destilat razprodaja - ko\u0161er ekstrakt na spletu v Evropi iz najve\u010dje spletne ambulante, Buy My Weed Online.","breadcrumb":{"@id":"https:\/\/medicinasinc.com\/sl\/product\/buy-skywalker-og-thc-destillate-kosher-extract\/#breadcrumb"},"inLanguage":"en-US","potentialAction":[{"@type":"ReadAction","target":["https:\/\/medicinasinc.com\/sl\/product\/buy-skywalker-og-thc-destillate-kosher-extract\/"]}]},{"@type":"ImageObject","inLanguage":"en-US","@id":"https:\/\/medicinasinc.com\/sl\/product\/buy-skywalker-og-thc-destillate-kosher-extract\/#primaryimage","url":"https:\/\/medicinasinc.com\/sl\/wp-content\/uploads\/sites\/7\/2022\/02\/Buy-Skywalker-OG-THC-Distillate.jpg","contentUrl":"https:\/\/medicinasinc.com\/sl\/wp-content\/uploads\/sites\/7\/2022\/02\/Buy-Skywalker-OG-THC-Distillate.jpg","width":980,"height":980},{"@type":"BreadcrumbList","@id":"https:\/\/medicinasinc.com\/sl\/product\/buy-skywalker-og-thc-destillate-kosher-extract\/#breadcrumb","itemListElement":[{"@type":"ListItem","position":1,"name":"Nakupujte","item":"https:\/\/medicinasinc.com\/sl\/nakupujte\/"},{"@type":"ListItem","position":2,"name":"Kupite Skywalker OG THC destilat \u2013 izvle\u010dek ko\u0161er"}]},{"@type":"WebSite","@id":"https:\/\/medicinasinc.com\/sl\/#website","url":"https:\/\/medicinasinc.com\/sl\/","name":"Medicinas Inc","description":"Health Medical Clinic","potentialAction":[{"@type":"SearchAction","target":{"@type":"EntryPoint","urlTemplate":"https:\/\/medicinasinc.com\/sl\/?s={search_term_string}"},"query-input":{"@type":"PropertyValueSpecification","valueRequired":true,"valueName":"search_term_string"}}],"inLanguage":"en-US"}]}},"_links":{"self":[{"href":"https:\/\/medicinasinc.com\/sl\/wp-json\/wp\/v2\/product\/4425","targetHints":{"allow":["GET"]}}],"collection":[{"href":"https:\/\/medicinasinc.com\/sl\/wp-json\/wp\/v2\/product"}],"about":[{"href":"https:\/\/medicinasinc.com\/sl\/wp-json\/wp\/v2\/types\/product"}],"replies":[{"embeddable":true,"href":"https:\/\/medicinasinc.com\/sl\/wp-json\/wp\/v2\/comments?post=4425"}],"wp:featuredmedia":[{"embeddable":true,"href":"https:\/\/medicinasinc.com\/sl\/wp-json\/wp\/v2\/media\/4459"}],"wp:attachment":[{"href":"https:\/\/medicinasinc.com\/sl\/wp-json\/wp\/v2\/media?parent=4425"}],"wp:term":[{"taxonomy":"product_brand","embeddable":true,"href":"https:\/\/medicinasinc.com\/sl\/wp-json\/wp\/v2\/product_brand?post=4425"},{"taxonomy":"product_cat","embeddable":true,"href":"https:\/\/medicinasinc.com\/sl\/wp-json\/wp\/v2\/product_cat?post=4425"},{"taxonomy":"product_tag","embeddable":true,"href":"https:\/\/medicinasinc.com\/sl\/wp-json\/wp\/v2\/product_tag?post=4425"}],"curies":[{"name":"wp","href":"https:\/\/api.w.org\/{rel}","templated":true}]}}