{"id":4413,"date":"2022-02-20T09:01:25","date_gmt":"2022-02-20T09:01:25","guid":{"rendered":"https:\/\/medicinasinc.com\/sl\/?post_type=product&#038;p=4413"},"modified":"2022-03-19T01:06:22","modified_gmt":"2022-03-19T01:06:22","slug":"rso-roza-kush-oil-5ml","status":"publish","type":"product","link":"https:\/\/medicinasinc.com\/sl\/product\/rso-roza-kush-oil-5ml\/","title":{"rendered":"RSO | Pink Kush olje &#8211; 5 ml"},"content":{"rendered":"<p>Kush Pink (olje Ricka Simpsona)<\/p>\n<p>5 ml v razpr\u0161ilniku &#8216;Eos&#8217; iz polipropilena z zeleno nitjo za natan\u010dno odmerjanje.<\/p>\n<p>To olje Ricka Simpsona je pridobljeno iz ro\u017enate barve. Cvetje Kush, vzgojeno v bujni notranjosti Britanske Kolumbije!<\/p>\n<p>Pink Kush naj bi bil daljni sorodnik legendarnega OG Kusha (ene najbolj priljubljenih sort konoplje v zgodovini). Pink Kush nadaljuje tradicijo, saj zagotavlja mo\u010dno telo, zaradi \u010desar je eden najbolj zdravilnih sevov, ki so na voljo. U\u010dinki te vrste so skoraj takoj\u0161nji. Uporabnika preplavi ob\u010dutek segrevanja telesa, ki ga spremlja intenzivno evfori\u010dno mo\u017egansko brnenje. Hibrid s prevladujo\u010do sativo, ki zagotavlja intenzivno telesno osredoto\u010denost. Pink Kush je zato u\u010dinkovito zdravilo za anksioznost, depresijo, vnetja, kroni\u010dne bole\u010dine, glavobole, nespe\u010dnost in izgubo apetita.<\/p>\n<p>Neodvisno testiranje v laboratorijih MB je pokazalo, da ta vrhunski RSO vsebuje ve\u010d kot 73,27 odstotkov kanabinoidov, vklju\u010dno z 68,80 kanabinoidov. odstotek THC!<\/p>\n<p>Ugotovili smo, da ta izdelek vsebuje 90% indica.<\/p>\n<p>1) Delta-9 THC = 68,80%<br \/> 2) CBG = 1,80%<br \/> 3) CBC = 0,96 %<br \/> 4) CBN = 0,89 %<br \/> 5) CBD = 0,44 %<\/p>\n<div class=\"product-next-previous\">\n<div class=\"product-prev \"><\/div><\/div>\n","protected":false},"excerpt":{"rendered":"<p>Nakup RSO | Pink Kush olje &#8211; 5ml za prodajo na spletu ZDA, Evropa iz najve\u010dje spletne ambulante,Kupite My Weed Online za prodajo.<\/p>\n<p><em>Kupite<\/em>\u00a0Viridesco&#8217;s\u00a0<em>RSO Pink Kush 5ml<\/em>\u00a0danes iz udobja svojega doma. <em>Kupite RSO<\/em>\u00a0varno in diskretno iz katere koli province v Kanadi. Naro\u010dite prek spleta \u0161e danes!<\/p>\n<ul>\n<li><\/li>\n<li>Po\u0161iljanje po celem svetu<\/li>\n<li>Najmanj\u0161a koli\u010dina naro\u010dila je 5<\/li>\n<li><strong>Pi\u0161ite nam<\/li>\n<p> mo\u010dno&gt;\u00a0za ve\u010dja naro\u010dila<\/li>\n<\/ul>\n","protected":false},"featured_media":4447,"comment_status":"open","ping_status":"closed","template":"","meta":[],"product_brand":[],"product_cat":[440],"product_tag":[],"class_list":{"0":"post-4413","1":"product","2":"type-product","3":"status-publish","4":"has-post-thumbnail","6":"product_cat-kupi-konopljino-cbd-olje","8":"first","9":"instock","10":"shipping-taxable","11":"purchasable","12":"product-type-variable","13":"has-default-attributes"},"yoast_head":"<!-- This site is optimized with the Yoast SEO plugin v27.3 - https:\/\/yoast.com\/product\/yoast-seo-wordpress\/ -->\n<title>RSO | Olje Pink Kush - 5 ml - Kupite My Weed na spletu - Global Medicnas<\/title>\n<meta name=\"description\" content=\"Kupi RSO | Pink Kush Oil - 5ml za prodajo na spletu ZDA, Evropa iz najve\u010dje spletne ambulante, Buy My Weed Online za prodajo.\" \/>\n<meta name=\"robots\" content=\"index, follow, max-snippet:-1, max-image-preview:large, max-video-preview:-1\" \/>\n<link rel=\"canonical\" href=\"https:\/\/medicinasinc.com\/sl\/product\/rso-roza-kush-oil-5ml\/\" \/>\n<meta property=\"og:locale\" content=\"en_US\" \/>\n<meta property=\"og:type\" content=\"article\" \/>\n<meta property=\"og:title\" content=\"RSO | Olje Pink Kush - 5 ml - Kupite My Weed na spletu - Global Medicnas\" \/>\n<meta property=\"og:description\" content=\"Kupi RSO | Pink Kush Oil - 5ml za prodajo na spletu ZDA, Evropa iz najve\u010dje spletne ambulante, Buy My Weed Online za prodajo.\" \/>\n<meta property=\"og:url\" content=\"https:\/\/medicinasinc.com\/sl\/product\/rso-roza-kush-oil-5ml\/\" \/>\n<meta property=\"og:site_name\" content=\"Medicinas Inc\" \/>\n<meta property=\"article:modified_time\" content=\"2022-03-19T01:06:22+00:00\" \/>\n<meta property=\"og:image\" content=\"https:\/\/medicinasinc.com\/sl\/wp-content\/uploads\/sites\/7\/2022\/02\/Buy-RSO-Pink-Kush-Oil-\u2013-5ml.jpg\" \/>\n\t<meta property=\"og:image:width\" content=\"800\" \/>\n\t<meta property=\"og:image:height\" content=\"800\" \/>\n\t<meta property=\"og:image:type\" content=\"image\/jpeg\" \/>\n<meta name=\"twitter:card\" content=\"summary_large_image\" \/>\n<meta name=\"twitter:label1\" content=\"Est. reading time\" \/>\n\t<meta name=\"twitter:data1\" content=\"1 minute\" \/>\n<script type=\"application\/ld+json\" class=\"yoast-schema-graph\">{\"@context\":\"https:\\\/\\\/schema.org\",\"@graph\":[{\"@type\":\"WebPage\",\"@id\":\"https:\\\/\\\/medicinasinc.com\\\/sl\\\/product\\\/rso-roza-kush-oil-5ml\\\/\",\"url\":\"https:\\\/\\\/medicinasinc.com\\\/sl\\\/product\\\/rso-roza-kush-oil-5ml\\\/\",\"name\":\"RSO | Olje Pink Kush - 5 ml - Kupite My Weed na spletu - Global Medicnas\",\"isPartOf\":{\"@id\":\"https:\\\/\\\/medicinasinc.com\\\/sl\\\/#website\"},\"primaryImageOfPage\":{\"@id\":\"https:\\\/\\\/medicinasinc.com\\\/sl\\\/product\\\/rso-roza-kush-oil-5ml\\\/#primaryimage\"},\"image\":{\"@id\":\"https:\\\/\\\/medicinasinc.com\\\/sl\\\/product\\\/rso-roza-kush-oil-5ml\\\/#primaryimage\"},\"thumbnailUrl\":\"https:\\\/\\\/medicinasinc.com\\\/sl\\\/wp-content\\\/uploads\\\/sites\\\/7\\\/2022\\\/02\\\/Buy-RSO-Pink-Kush-Oil-\u2013-5ml.jpg\",\"datePublished\":\"2022-02-20T09:01:25+00:00\",\"dateModified\":\"2022-03-19T01:06:22+00:00\",\"description\":\"Kupi RSO | Pink Kush Oil - 5ml za prodajo na spletu ZDA, Evropa iz najve\u010dje spletne ambulante, Buy My Weed Online za prodajo.\",\"breadcrumb\":{\"@id\":\"https:\\\/\\\/medicinasinc.com\\\/sl\\\/product\\\/rso-roza-kush-oil-5ml\\\/#breadcrumb\"},\"inLanguage\":\"en-US\",\"potentialAction\":[{\"@type\":\"ReadAction\",\"target\":[\"https:\\\/\\\/medicinasinc.com\\\/sl\\\/product\\\/rso-roza-kush-oil-5ml\\\/\"]}]},{\"@type\":\"ImageObject\",\"inLanguage\":\"en-US\",\"@id\":\"https:\\\/\\\/medicinasinc.com\\\/sl\\\/product\\\/rso-roza-kush-oil-5ml\\\/#primaryimage\",\"url\":\"https:\\\/\\\/medicinasinc.com\\\/sl\\\/wp-content\\\/uploads\\\/sites\\\/7\\\/2022\\\/02\\\/Buy-RSO-Pink-Kush-Oil-\u2013-5ml.jpg\",\"contentUrl\":\"https:\\\/\\\/medicinasinc.com\\\/sl\\\/wp-content\\\/uploads\\\/sites\\\/7\\\/2022\\\/02\\\/Buy-RSO-Pink-Kush-Oil-\u2013-5ml.jpg\",\"width\":800,\"height\":800},{\"@type\":\"BreadcrumbList\",\"@id\":\"https:\\\/\\\/medicinasinc.com\\\/sl\\\/product\\\/rso-roza-kush-oil-5ml\\\/#breadcrumb\",\"itemListElement\":[{\"@type\":\"ListItem\",\"position\":1,\"name\":\"Nakupujte\",\"item\":\"https:\\\/\\\/medicinasinc.com\\\/sl\\\/nakupujte\\\/\"},{\"@type\":\"ListItem\",\"position\":2,\"name\":\"RSO | Pink Kush olje &#8211; 5 ml\"}]},{\"@type\":\"WebSite\",\"@id\":\"https:\\\/\\\/medicinasinc.com\\\/sl\\\/#website\",\"url\":\"https:\\\/\\\/medicinasinc.com\\\/sl\\\/\",\"name\":\"Medicinas Inc\",\"description\":\"Health Medical Clinic\",\"potentialAction\":[{\"@type\":\"SearchAction\",\"target\":{\"@type\":\"EntryPoint\",\"urlTemplate\":\"https:\\\/\\\/medicinasinc.com\\\/sl\\\/?s={search_term_string}\"},\"query-input\":{\"@type\":\"PropertyValueSpecification\",\"valueRequired\":true,\"valueName\":\"search_term_string\"}}],\"inLanguage\":\"en-US\"}]}<\/script>\n<!-- \/ Yoast SEO plugin. -->","yoast_head_json":{"title":"RSO | Olje Pink Kush - 5 ml - Kupite My Weed na spletu - Global Medicnas","description":"Kupi RSO | Pink Kush Oil - 5ml za prodajo na spletu ZDA, Evropa iz najve\u010dje spletne ambulante, Buy My Weed Online za prodajo.","robots":{"index":"index","follow":"follow","max-snippet":"max-snippet:-1","max-image-preview":"max-image-preview:large","max-video-preview":"max-video-preview:-1"},"canonical":"https:\/\/medicinasinc.com\/sl\/product\/rso-roza-kush-oil-5ml\/","og_locale":"en_US","og_type":"article","og_title":"RSO | Olje Pink Kush - 5 ml - Kupite My Weed na spletu - Global Medicnas","og_description":"Kupi RSO | Pink Kush Oil - 5ml za prodajo na spletu ZDA, Evropa iz najve\u010dje spletne ambulante, Buy My Weed Online za prodajo.","og_url":"https:\/\/medicinasinc.com\/sl\/product\/rso-roza-kush-oil-5ml\/","og_site_name":"Medicinas Inc","article_modified_time":"2022-03-19T01:06:22+00:00","og_image":[{"width":800,"height":800,"url":"https:\/\/medicinasinc.com\/sl\/wp-content\/uploads\/sites\/7\/2022\/02\/Buy-RSO-Pink-Kush-Oil-\u2013-5ml.jpg","type":"image\/jpeg"}],"twitter_card":"summary_large_image","twitter_misc":{"Est. reading time":"1 minute"},"schema":{"@context":"https:\/\/schema.org","@graph":[{"@type":"WebPage","@id":"https:\/\/medicinasinc.com\/sl\/product\/rso-roza-kush-oil-5ml\/","url":"https:\/\/medicinasinc.com\/sl\/product\/rso-roza-kush-oil-5ml\/","name":"RSO | Olje Pink Kush - 5 ml - Kupite My Weed na spletu - Global Medicnas","isPartOf":{"@id":"https:\/\/medicinasinc.com\/sl\/#website"},"primaryImageOfPage":{"@id":"https:\/\/medicinasinc.com\/sl\/product\/rso-roza-kush-oil-5ml\/#primaryimage"},"image":{"@id":"https:\/\/medicinasinc.com\/sl\/product\/rso-roza-kush-oil-5ml\/#primaryimage"},"thumbnailUrl":"https:\/\/medicinasinc.com\/sl\/wp-content\/uploads\/sites\/7\/2022\/02\/Buy-RSO-Pink-Kush-Oil-\u2013-5ml.jpg","datePublished":"2022-02-20T09:01:25+00:00","dateModified":"2022-03-19T01:06:22+00:00","description":"Kupi RSO | Pink Kush Oil - 5ml za prodajo na spletu ZDA, Evropa iz najve\u010dje spletne ambulante, Buy My Weed Online za prodajo.","breadcrumb":{"@id":"https:\/\/medicinasinc.com\/sl\/product\/rso-roza-kush-oil-5ml\/#breadcrumb"},"inLanguage":"en-US","potentialAction":[{"@type":"ReadAction","target":["https:\/\/medicinasinc.com\/sl\/product\/rso-roza-kush-oil-5ml\/"]}]},{"@type":"ImageObject","inLanguage":"en-US","@id":"https:\/\/medicinasinc.com\/sl\/product\/rso-roza-kush-oil-5ml\/#primaryimage","url":"https:\/\/medicinasinc.com\/sl\/wp-content\/uploads\/sites\/7\/2022\/02\/Buy-RSO-Pink-Kush-Oil-\u2013-5ml.jpg","contentUrl":"https:\/\/medicinasinc.com\/sl\/wp-content\/uploads\/sites\/7\/2022\/02\/Buy-RSO-Pink-Kush-Oil-\u2013-5ml.jpg","width":800,"height":800},{"@type":"BreadcrumbList","@id":"https:\/\/medicinasinc.com\/sl\/product\/rso-roza-kush-oil-5ml\/#breadcrumb","itemListElement":[{"@type":"ListItem","position":1,"name":"Nakupujte","item":"https:\/\/medicinasinc.com\/sl\/nakupujte\/"},{"@type":"ListItem","position":2,"name":"RSO | Pink Kush olje &#8211; 5 ml"}]},{"@type":"WebSite","@id":"https:\/\/medicinasinc.com\/sl\/#website","url":"https:\/\/medicinasinc.com\/sl\/","name":"Medicinas Inc","description":"Health Medical Clinic","potentialAction":[{"@type":"SearchAction","target":{"@type":"EntryPoint","urlTemplate":"https:\/\/medicinasinc.com\/sl\/?s={search_term_string}"},"query-input":{"@type":"PropertyValueSpecification","valueRequired":true,"valueName":"search_term_string"}}],"inLanguage":"en-US"}]}},"_links":{"self":[{"href":"https:\/\/medicinasinc.com\/sl\/wp-json\/wp\/v2\/product\/4413","targetHints":{"allow":["GET"]}}],"collection":[{"href":"https:\/\/medicinasinc.com\/sl\/wp-json\/wp\/v2\/product"}],"about":[{"href":"https:\/\/medicinasinc.com\/sl\/wp-json\/wp\/v2\/types\/product"}],"replies":[{"embeddable":true,"href":"https:\/\/medicinasinc.com\/sl\/wp-json\/wp\/v2\/comments?post=4413"}],"wp:featuredmedia":[{"embeddable":true,"href":"https:\/\/medicinasinc.com\/sl\/wp-json\/wp\/v2\/media\/4447"}],"wp:attachment":[{"href":"https:\/\/medicinasinc.com\/sl\/wp-json\/wp\/v2\/media?parent=4413"}],"wp:term":[{"taxonomy":"product_brand","embeddable":true,"href":"https:\/\/medicinasinc.com\/sl\/wp-json\/wp\/v2\/product_brand?post=4413"},{"taxonomy":"product_cat","embeddable":true,"href":"https:\/\/medicinasinc.com\/sl\/wp-json\/wp\/v2\/product_cat?post=4413"},{"taxonomy":"product_tag","embeddable":true,"href":"https:\/\/medicinasinc.com\/sl\/wp-json\/wp\/v2\/product_tag?post=4413"}],"curies":[{"name":"wp","href":"https:\/\/api.w.org\/{rel}","templated":true}]}}