{"id":4412,"date":"2022-02-20T09:00:17","date_gmt":"2022-02-20T09:00:17","guid":{"rendered":"https:\/\/medicinasinc.com\/sl\/?post_type=product&#038;p=4412"},"modified":"2022-03-19T01:06:30","modified_gmt":"2022-03-19T01:06:30","slug":"kupi-rick-simpson-oil","status":"publish","type":"product","link":"https:\/\/medicinasinc.com\/sl\/product\/kupi-rick-simpson-oil\/","title":{"rendered":"Kupite olje Rick Simpson"},"content":{"rendered":"<p><strong>Kupite olje Ricka Simpsona<\/strong><\/p>\n<div class=\"woocommerce-tabs wc-tabs-wrapper\">\n<div id=\"tab-description\" class=\"woocommerce-Tabs-panel woocommerce-Tabs-panel--description panel entry-content wc-tab\" role=\"tabpanel\" aria-labelledby=\"tab-title-description\">\n<p><strong>RSO je olje, pridobljeno iz topil, pridobljeno s pranjem konoplje brsti v topilu, kot je \u010dista lahka nafta, in nato prekuhanje topila, da se ekstrahira olje.<\/strong><br \/> <strong>RSO je generi\u010dni izdelek. To pomeni, da ni &#8220;Rick Simpson Oil&#8221; na voljo za nakup. Simpson na svoji spletni strani poka\u017ee, kako narediti njegovo istoimensko olje. Vendar od olja nima koristi.<\/strong><\/p>\n<\/p><\/div><\/div>\n<div class=\"related products\">\n<div class=\"woocommerce-tabs wc-tabs-wrapper\">\n<div id=\"tab-description\" class=\"woocommerce-Tabs-panel woocommerce-Tabs-panel--description panel entry-content wc-tab\" role=\"tabpanel\" aria-labelledby=\"tab-title-description\">\n<p>&nbsp;<\/p>\n<\/p><\/div><\/div><\/div>\n<p>&nbsp;<\/p>\n","protected":false},"excerpt":{"rendered":"<p>Kupite olje Rick Simpson (RSO) za prodajo UK, Evropa Naro\u010dite prek spleta. Imamo najvi\u0161jo kakovost olja Rick Simpson za prodajo. Ponujamo RSO originalno visoko THC formulo.<\/p>\n<p><em>Kupite<\/em>\u00a0na\u0161e\u00a0<em>olje Rick Simpson<\/em>\u00a0za prodajo in ga pravilno uporabite. Klasi\u010dni\u00a0<em>RSO<\/em>\u00a0na splo\u0161no je narejen iz sevov, v katerih prevladuje Indica, ker vsebujejo vi\u0161je ravni\u00a0<em>CBD<\/em>.<\/p>\n<ul>\n<li>Po\u0161iljanje po vsem svetu<\/li>\n<li>Najmanj\u0161a koli\u010dina naro\u010dila je 5<\/li>\n<li><strong>Za ve\u010dja naro\u010dila nas kontaktirajte<\/strong>\u00a0.<\/li>\n<\/ul>\n","protected":false},"featured_media":4445,"comment_status":"open","ping_status":"closed","template":"","meta":[],"product_brand":[],"product_cat":[440],"product_tag":[490,489,491,492,493,494,495,496],"class_list":{"0":"post-4412","1":"product","2":"type-product","3":"status-publish","4":"has-post-thumbnail","6":"product_cat-kupi-konopljino-cbd-olje","7":"product_tag-high-cbd-rso","8":"product_tag-bulk-cbd-rso","9":"product_tag-rick-simpson-oil-california","10":"product_tag-rick-simpson-oil-wiki","11":"product_tag-rso-cbd-oil-for-anxiety","12":"product_tag-rso-oil-for-pain","13":"product_tag-rso-oil-for-sale-in-ohio","14":"product_tag-rso-oil-price-colorado","16":"first","17":"instock","18":"shipping-taxable","19":"purchasable","20":"product-type-variable","21":"has-default-attributes"},"yoast_head":"<!-- This site is optimized with the Yoast SEO plugin v27.3 - https:\/\/yoast.com\/product\/yoast-seo-wordpress\/ -->\n<title>Kupite olje Ricka Simpsona - ZDA - Evropa - Najbolj\u0161a zdravila na svetu<\/title>\n<meta name=\"description\" content=\"Kupite Rick Simpson Oil (RSO) za prodajo UK, Evropa Naro\u010dite na spletu. Imamo najvi\u0161jo kakovost olja Rick Simpson za prodajo. Ponujamo RSO originalno visoko THC formulo.\" \/>\n<meta name=\"robots\" content=\"index, follow, max-snippet:-1, max-image-preview:large, max-video-preview:-1\" \/>\n<link rel=\"canonical\" href=\"https:\/\/medicinasinc.com\/sl\/product\/kupi-rick-simpson-oil\/\" \/>\n<meta property=\"og:locale\" content=\"en_US\" \/>\n<meta property=\"og:type\" content=\"article\" \/>\n<meta property=\"og:title\" content=\"Kupite olje Ricka Simpsona - ZDA - Evropa - Najbolj\u0161a zdravila na svetu\" \/>\n<meta property=\"og:description\" content=\"Kupite Rick Simpson Oil (RSO) za prodajo UK, Evropa Naro\u010dite na spletu. Imamo najvi\u0161jo kakovost olja Rick Simpson za prodajo. Ponujamo RSO originalno visoko THC formulo.\" \/>\n<meta property=\"og:url\" content=\"https:\/\/medicinasinc.com\/sl\/product\/kupi-rick-simpson-oil\/\" \/>\n<meta property=\"og:site_name\" content=\"Medicinas Inc\" \/>\n<meta property=\"article:modified_time\" content=\"2022-03-19T01:06:30+00:00\" \/>\n<meta property=\"og:image\" content=\"https:\/\/medicinasinc.com\/sl\/wp-content\/uploads\/sites\/7\/2022\/02\/Buy-Rick-Simpson-Oil.jpg\" \/>\n\t<meta property=\"og:image:width\" content=\"1170\" \/>\n\t<meta property=\"og:image:height\" content=\"658\" \/>\n\t<meta property=\"og:image:type\" content=\"image\/jpeg\" \/>\n<meta name=\"twitter:card\" content=\"summary_large_image\" \/>\n<meta name=\"twitter:label1\" content=\"Est. reading time\" \/>\n\t<meta name=\"twitter:data1\" content=\"1 minute\" \/>\n<script type=\"application\/ld+json\" class=\"yoast-schema-graph\">{\"@context\":\"https:\\\/\\\/schema.org\",\"@graph\":[{\"@type\":\"WebPage\",\"@id\":\"https:\\\/\\\/medicinasinc.com\\\/sl\\\/product\\\/kupi-rick-simpson-oil\\\/\",\"url\":\"https:\\\/\\\/medicinasinc.com\\\/sl\\\/product\\\/kupi-rick-simpson-oil\\\/\",\"name\":\"Kupite olje Ricka Simpsona - ZDA - Evropa - Najbolj\u0161a zdravila na svetu\",\"isPartOf\":{\"@id\":\"https:\\\/\\\/medicinasinc.com\\\/sl\\\/#website\"},\"primaryImageOfPage\":{\"@id\":\"https:\\\/\\\/medicinasinc.com\\\/sl\\\/product\\\/kupi-rick-simpson-oil\\\/#primaryimage\"},\"image\":{\"@id\":\"https:\\\/\\\/medicinasinc.com\\\/sl\\\/product\\\/kupi-rick-simpson-oil\\\/#primaryimage\"},\"thumbnailUrl\":\"https:\\\/\\\/medicinasinc.com\\\/sl\\\/wp-content\\\/uploads\\\/sites\\\/7\\\/2022\\\/02\\\/Buy-Rick-Simpson-Oil.jpg\",\"datePublished\":\"2022-02-20T09:00:17+00:00\",\"dateModified\":\"2022-03-19T01:06:30+00:00\",\"description\":\"Kupite Rick Simpson Oil (RSO) za prodajo UK, Evropa Naro\u010dite na spletu. Imamo najvi\u0161jo kakovost olja Rick Simpson za prodajo. Ponujamo RSO originalno visoko THC formulo.\",\"breadcrumb\":{\"@id\":\"https:\\\/\\\/medicinasinc.com\\\/sl\\\/product\\\/kupi-rick-simpson-oil\\\/#breadcrumb\"},\"inLanguage\":\"en-US\",\"potentialAction\":[{\"@type\":\"ReadAction\",\"target\":[\"https:\\\/\\\/medicinasinc.com\\\/sl\\\/product\\\/kupi-rick-simpson-oil\\\/\"]}]},{\"@type\":\"ImageObject\",\"inLanguage\":\"en-US\",\"@id\":\"https:\\\/\\\/medicinasinc.com\\\/sl\\\/product\\\/kupi-rick-simpson-oil\\\/#primaryimage\",\"url\":\"https:\\\/\\\/medicinasinc.com\\\/sl\\\/wp-content\\\/uploads\\\/sites\\\/7\\\/2022\\\/02\\\/Buy-Rick-Simpson-Oil.jpg\",\"contentUrl\":\"https:\\\/\\\/medicinasinc.com\\\/sl\\\/wp-content\\\/uploads\\\/sites\\\/7\\\/2022\\\/02\\\/Buy-Rick-Simpson-Oil.jpg\",\"width\":1170,\"height\":658},{\"@type\":\"BreadcrumbList\",\"@id\":\"https:\\\/\\\/medicinasinc.com\\\/sl\\\/product\\\/kupi-rick-simpson-oil\\\/#breadcrumb\",\"itemListElement\":[{\"@type\":\"ListItem\",\"position\":1,\"name\":\"Nakupujte\",\"item\":\"https:\\\/\\\/medicinasinc.com\\\/sl\\\/nakupujte\\\/\"},{\"@type\":\"ListItem\",\"position\":2,\"name\":\"Kupite olje Rick Simpson\"}]},{\"@type\":\"WebSite\",\"@id\":\"https:\\\/\\\/medicinasinc.com\\\/sl\\\/#website\",\"url\":\"https:\\\/\\\/medicinasinc.com\\\/sl\\\/\",\"name\":\"Medicinas Inc\",\"description\":\"Health Medical Clinic\",\"potentialAction\":[{\"@type\":\"SearchAction\",\"target\":{\"@type\":\"EntryPoint\",\"urlTemplate\":\"https:\\\/\\\/medicinasinc.com\\\/sl\\\/?s={search_term_string}\"},\"query-input\":{\"@type\":\"PropertyValueSpecification\",\"valueRequired\":true,\"valueName\":\"search_term_string\"}}],\"inLanguage\":\"en-US\"}]}<\/script>\n<!-- \/ Yoast SEO plugin. -->","yoast_head_json":{"title":"Kupite olje Ricka Simpsona - ZDA - Evropa - Najbolj\u0161a zdravila na svetu","description":"Kupite Rick Simpson Oil (RSO) za prodajo UK, Evropa Naro\u010dite na spletu. Imamo najvi\u0161jo kakovost olja Rick Simpson za prodajo. Ponujamo RSO originalno visoko THC formulo.","robots":{"index":"index","follow":"follow","max-snippet":"max-snippet:-1","max-image-preview":"max-image-preview:large","max-video-preview":"max-video-preview:-1"},"canonical":"https:\/\/medicinasinc.com\/sl\/product\/kupi-rick-simpson-oil\/","og_locale":"en_US","og_type":"article","og_title":"Kupite olje Ricka Simpsona - ZDA - Evropa - Najbolj\u0161a zdravila na svetu","og_description":"Kupite Rick Simpson Oil (RSO) za prodajo UK, Evropa Naro\u010dite na spletu. Imamo najvi\u0161jo kakovost olja Rick Simpson za prodajo. Ponujamo RSO originalno visoko THC formulo.","og_url":"https:\/\/medicinasinc.com\/sl\/product\/kupi-rick-simpson-oil\/","og_site_name":"Medicinas Inc","article_modified_time":"2022-03-19T01:06:30+00:00","og_image":[{"width":1170,"height":658,"url":"https:\/\/medicinasinc.com\/sl\/wp-content\/uploads\/sites\/7\/2022\/02\/Buy-Rick-Simpson-Oil.jpg","type":"image\/jpeg"}],"twitter_card":"summary_large_image","twitter_misc":{"Est. reading time":"1 minute"},"schema":{"@context":"https:\/\/schema.org","@graph":[{"@type":"WebPage","@id":"https:\/\/medicinasinc.com\/sl\/product\/kupi-rick-simpson-oil\/","url":"https:\/\/medicinasinc.com\/sl\/product\/kupi-rick-simpson-oil\/","name":"Kupite olje Ricka Simpsona - ZDA - Evropa - Najbolj\u0161a zdravila na svetu","isPartOf":{"@id":"https:\/\/medicinasinc.com\/sl\/#website"},"primaryImageOfPage":{"@id":"https:\/\/medicinasinc.com\/sl\/product\/kupi-rick-simpson-oil\/#primaryimage"},"image":{"@id":"https:\/\/medicinasinc.com\/sl\/product\/kupi-rick-simpson-oil\/#primaryimage"},"thumbnailUrl":"https:\/\/medicinasinc.com\/sl\/wp-content\/uploads\/sites\/7\/2022\/02\/Buy-Rick-Simpson-Oil.jpg","datePublished":"2022-02-20T09:00:17+00:00","dateModified":"2022-03-19T01:06:30+00:00","description":"Kupite Rick Simpson Oil (RSO) za prodajo UK, Evropa Naro\u010dite na spletu. Imamo najvi\u0161jo kakovost olja Rick Simpson za prodajo. Ponujamo RSO originalno visoko THC formulo.","breadcrumb":{"@id":"https:\/\/medicinasinc.com\/sl\/product\/kupi-rick-simpson-oil\/#breadcrumb"},"inLanguage":"en-US","potentialAction":[{"@type":"ReadAction","target":["https:\/\/medicinasinc.com\/sl\/product\/kupi-rick-simpson-oil\/"]}]},{"@type":"ImageObject","inLanguage":"en-US","@id":"https:\/\/medicinasinc.com\/sl\/product\/kupi-rick-simpson-oil\/#primaryimage","url":"https:\/\/medicinasinc.com\/sl\/wp-content\/uploads\/sites\/7\/2022\/02\/Buy-Rick-Simpson-Oil.jpg","contentUrl":"https:\/\/medicinasinc.com\/sl\/wp-content\/uploads\/sites\/7\/2022\/02\/Buy-Rick-Simpson-Oil.jpg","width":1170,"height":658},{"@type":"BreadcrumbList","@id":"https:\/\/medicinasinc.com\/sl\/product\/kupi-rick-simpson-oil\/#breadcrumb","itemListElement":[{"@type":"ListItem","position":1,"name":"Nakupujte","item":"https:\/\/medicinasinc.com\/sl\/nakupujte\/"},{"@type":"ListItem","position":2,"name":"Kupite olje Rick Simpson"}]},{"@type":"WebSite","@id":"https:\/\/medicinasinc.com\/sl\/#website","url":"https:\/\/medicinasinc.com\/sl\/","name":"Medicinas Inc","description":"Health Medical Clinic","potentialAction":[{"@type":"SearchAction","target":{"@type":"EntryPoint","urlTemplate":"https:\/\/medicinasinc.com\/sl\/?s={search_term_string}"},"query-input":{"@type":"PropertyValueSpecification","valueRequired":true,"valueName":"search_term_string"}}],"inLanguage":"en-US"}]}},"_links":{"self":[{"href":"https:\/\/medicinasinc.com\/sl\/wp-json\/wp\/v2\/product\/4412","targetHints":{"allow":["GET"]}}],"collection":[{"href":"https:\/\/medicinasinc.com\/sl\/wp-json\/wp\/v2\/product"}],"about":[{"href":"https:\/\/medicinasinc.com\/sl\/wp-json\/wp\/v2\/types\/product"}],"replies":[{"embeddable":true,"href":"https:\/\/medicinasinc.com\/sl\/wp-json\/wp\/v2\/comments?post=4412"}],"wp:featuredmedia":[{"embeddable":true,"href":"https:\/\/medicinasinc.com\/sl\/wp-json\/wp\/v2\/media\/4445"}],"wp:attachment":[{"href":"https:\/\/medicinasinc.com\/sl\/wp-json\/wp\/v2\/media?parent=4412"}],"wp:term":[{"taxonomy":"product_brand","embeddable":true,"href":"https:\/\/medicinasinc.com\/sl\/wp-json\/wp\/v2\/product_brand?post=4412"},{"taxonomy":"product_cat","embeddable":true,"href":"https:\/\/medicinasinc.com\/sl\/wp-json\/wp\/v2\/product_cat?post=4412"},{"taxonomy":"product_tag","embeddable":true,"href":"https:\/\/medicinasinc.com\/sl\/wp-json\/wp\/v2\/product_tag?post=4412"}],"curies":[{"name":"wp","href":"https:\/\/api.w.org\/{rel}","templated":true}]}}