{"id":4404,"date":"2022-02-20T08:55:28","date_gmt":"2022-02-20T08:55:28","guid":{"rendered":"https:\/\/medicinasinc.com\/sl\/?post_type=product&#038;p=4404"},"modified":"2022-03-19T01:06:40","modified_gmt":"2022-03-19T01:06:40","slug":"kupi-roza-kush-thc-destilat-dabeast","status":"publish","type":"product","link":"https:\/\/medicinasinc.com\/sl\/product\/kupi-roza-kush-thc-destilat-dabeast\/","title":{"rendered":"Kupite Pink Kush THC destilat \u2013 Dabeast"},"content":{"rendered":"<p>Pink Kush THC destilat za prodajo \u2013 Dabeast<\/p>\n<p>Sabre Vape Pen z Pink Kush THC destilatom \u2013 Dabeast<\/p>\n<p>1 x Sabre elektronska cigareta<br \/> 1 x Pink Kush pred- napolnjena kapsula<br \/> 1 x Micro USB kabel IN\/ALI 1 x Pink Kush napolnjena kapsula<\/p>\n<p>Vstavite kapsulo v Sabre Pen in takoj za\u010dnite vaditi. Celoten u\u010dinek lahko traja do petnajst minut, da se ob\u010duti. Za bolnike, ki \u017ee nekaj \u010dasa niso jedli, se priporo\u010dajo dva do \u0161tirje vdihi, za tiste, ki u\u017eivajo pogosteje, pa naj bi zadostovalo do deset vpihov.<\/p>\n<p>Kush Pink<br \/> Genska linija Pink Kusha ni znana \u2013 toda splo\u0161no velja, da je sorodnik legendarnega OG Kusha. Ta hibrid s prevladujo\u010do indico daje mo\u010dno fizi\u010dno mo\u010d, zaradi \u010desar je eden najbolj zdravilnih sevov, ki so na voljo. Pink Kush ima sladko aromo, ki spominja na vanilijo ali sladke bonbone, s podtoni sve\u017eega bora. Pink Kush zagotavlja dolgotrajen, na telo osredoto\u010den vzpon, ki ga spremljajo evfori\u010dni in po\u017eivljajo\u010di u\u010dinki. Pri velikih odmerkih lahko nekateri uporabniki ob\u010dutijo hudo mravljin\u010denje, zaradi \u010desar je Pink Kush odli\u010den sev za spodbujanje izgube apetita. Pink Kush je vsestransko zdravilo, ki se lahko uporablja za zdravljenje depresije, tesnobe, vnetja, kroni\u010dne bole\u010dine, migrene, glavobola, nespe\u010dnosti in izgube apetita.<\/p>\n","protected":false},"excerpt":{"rendered":"<p>Kupite Pink Kush THC Distillate Sabre Vape pisala za prodajo v Zdru\u017eenem kraljestvu, Evropi in Zdru\u017eenih dr\u017eavah Amerike v najve\u010dji spletni ambulanti na svetu, Buy My Weed na spletu.<\/p>\n<p>Nakup. Pink Kush THC Indica destilatne brizge s spletnega mesta z najbolj zaupanja vrednimi po\u0161tnimi naro\u010dili marihuane &#8211; Najbolj\u0161a zeli\u0161\u010dna zdravila z brezpla\u010dno dostavo! Ve\u010d kot 150 USD.<\/p>\n<p>&nbsp;<\/p>\n<ul>\n<li>Dostava po celem svetu<\/li>\n<li>Najmanj\u0161a koli\u010dina naro\u010dila je 5 kartu\u0161<\/li>\n<li><strong>Pi\u0161ite nam <\/strong>\u00a0za ve\u010dja naro\u010dila<\/li>\n<\/ul>\n","protected":false},"featured_media":4438,"comment_status":"open","ping_status":"closed","template":"","meta":[],"product_brand":[],"product_cat":[440],"product_tag":[],"class_list":{"0":"post-4404","1":"product","2":"type-product","3":"status-publish","4":"has-post-thumbnail","6":"product_cat-kupi-konopljino-cbd-olje","8":"first","9":"instock","10":"shipping-taxable","11":"purchasable","12":"product-type-simple"},"yoast_head":"<!-- This site is optimized with the Yoast SEO plugin v27.3 - https:\/\/yoast.com\/product\/yoast-seo-wordpress\/ -->\n<title>Kupite Pink Kush THC destilat \u2013 Dabeast \u2013 najbolj\u0161a zdravila na svetu<\/title>\n<meta name=\"description\" content=\"Kupite Pink Kush THC Distillate Sabre Vape Pen za prodajo UK, EuropE- Dabeast online ZDA v najve\u010dji spletni ambulanti, Buy My Weed Online.\" \/>\n<meta name=\"robots\" content=\"index, follow, max-snippet:-1, max-image-preview:large, max-video-preview:-1\" \/>\n<link rel=\"canonical\" href=\"https:\/\/medicinasinc.com\/sl\/product\/kupi-roza-kush-thc-destilat-dabeast\/\" \/>\n<meta property=\"og:locale\" content=\"en_US\" \/>\n<meta property=\"og:type\" content=\"article\" \/>\n<meta property=\"og:title\" content=\"Kupite Pink Kush THC destilat \u2013 Dabeast \u2013 najbolj\u0161a zdravila na svetu\" \/>\n<meta property=\"og:description\" content=\"Kupite Pink Kush THC Distillate Sabre Vape Pen za prodajo UK, EuropE- Dabeast online ZDA v najve\u010dji spletni ambulanti, Buy My Weed Online.\" \/>\n<meta property=\"og:url\" content=\"https:\/\/medicinasinc.com\/sl\/product\/kupi-roza-kush-thc-destilat-dabeast\/\" \/>\n<meta property=\"og:site_name\" content=\"Medicinas Inc\" \/>\n<meta property=\"article:modified_time\" content=\"2022-03-19T01:06:40+00:00\" \/>\n<meta property=\"og:image\" content=\"https:\/\/medicinasinc.com\/sl\/wp-content\/uploads\/sites\/7\/2022\/02\/Buy-Pink-Kush-THC-Distillate-\u2013-Dabeast.jpg\" \/>\n\t<meta property=\"og:image:width\" content=\"600\" \/>\n\t<meta property=\"og:image:height\" content=\"600\" \/>\n\t<meta property=\"og:image:type\" content=\"image\/jpeg\" \/>\n<meta name=\"twitter:card\" content=\"summary_large_image\" \/>\n<meta name=\"twitter:label1\" content=\"Est. reading time\" \/>\n\t<meta name=\"twitter:data1\" content=\"1 minute\" \/>\n<script type=\"application\/ld+json\" class=\"yoast-schema-graph\">{\"@context\":\"https:\\\/\\\/schema.org\",\"@graph\":[{\"@type\":\"WebPage\",\"@id\":\"https:\\\/\\\/medicinasinc.com\\\/sl\\\/product\\\/kupi-roza-kush-thc-destilat-dabeast\\\/\",\"url\":\"https:\\\/\\\/medicinasinc.com\\\/sl\\\/product\\\/kupi-roza-kush-thc-destilat-dabeast\\\/\",\"name\":\"Kupite Pink Kush THC destilat \u2013 Dabeast \u2013 najbolj\u0161a zdravila na svetu\",\"isPartOf\":{\"@id\":\"https:\\\/\\\/medicinasinc.com\\\/sl\\\/#website\"},\"primaryImageOfPage\":{\"@id\":\"https:\\\/\\\/medicinasinc.com\\\/sl\\\/product\\\/kupi-roza-kush-thc-destilat-dabeast\\\/#primaryimage\"},\"image\":{\"@id\":\"https:\\\/\\\/medicinasinc.com\\\/sl\\\/product\\\/kupi-roza-kush-thc-destilat-dabeast\\\/#primaryimage\"},\"thumbnailUrl\":\"https:\\\/\\\/medicinasinc.com\\\/sl\\\/wp-content\\\/uploads\\\/sites\\\/7\\\/2022\\\/02\\\/Buy-Pink-Kush-THC-Distillate-\u2013-Dabeast.jpg\",\"datePublished\":\"2022-02-20T08:55:28+00:00\",\"dateModified\":\"2022-03-19T01:06:40+00:00\",\"description\":\"Kupite Pink Kush THC Distillate Sabre Vape Pen za prodajo UK, EuropE- Dabeast online ZDA v najve\u010dji spletni ambulanti, Buy My Weed Online.\",\"breadcrumb\":{\"@id\":\"https:\\\/\\\/medicinasinc.com\\\/sl\\\/product\\\/kupi-roza-kush-thc-destilat-dabeast\\\/#breadcrumb\"},\"inLanguage\":\"en-US\",\"potentialAction\":[{\"@type\":\"ReadAction\",\"target\":[\"https:\\\/\\\/medicinasinc.com\\\/sl\\\/product\\\/kupi-roza-kush-thc-destilat-dabeast\\\/\"]}]},{\"@type\":\"ImageObject\",\"inLanguage\":\"en-US\",\"@id\":\"https:\\\/\\\/medicinasinc.com\\\/sl\\\/product\\\/kupi-roza-kush-thc-destilat-dabeast\\\/#primaryimage\",\"url\":\"https:\\\/\\\/medicinasinc.com\\\/sl\\\/wp-content\\\/uploads\\\/sites\\\/7\\\/2022\\\/02\\\/Buy-Pink-Kush-THC-Distillate-\u2013-Dabeast.jpg\",\"contentUrl\":\"https:\\\/\\\/medicinasinc.com\\\/sl\\\/wp-content\\\/uploads\\\/sites\\\/7\\\/2022\\\/02\\\/Buy-Pink-Kush-THC-Distillate-\u2013-Dabeast.jpg\",\"width\":600,\"height\":600},{\"@type\":\"BreadcrumbList\",\"@id\":\"https:\\\/\\\/medicinasinc.com\\\/sl\\\/product\\\/kupi-roza-kush-thc-destilat-dabeast\\\/#breadcrumb\",\"itemListElement\":[{\"@type\":\"ListItem\",\"position\":1,\"name\":\"Nakupujte\",\"item\":\"https:\\\/\\\/medicinasinc.com\\\/sl\\\/nakupujte\\\/\"},{\"@type\":\"ListItem\",\"position\":2,\"name\":\"Kupite Pink Kush THC destilat \u2013 Dabeast\"}]},{\"@type\":\"WebSite\",\"@id\":\"https:\\\/\\\/medicinasinc.com\\\/sl\\\/#website\",\"url\":\"https:\\\/\\\/medicinasinc.com\\\/sl\\\/\",\"name\":\"Medicinas Inc\",\"description\":\"Health Medical Clinic\",\"potentialAction\":[{\"@type\":\"SearchAction\",\"target\":{\"@type\":\"EntryPoint\",\"urlTemplate\":\"https:\\\/\\\/medicinasinc.com\\\/sl\\\/?s={search_term_string}\"},\"query-input\":{\"@type\":\"PropertyValueSpecification\",\"valueRequired\":true,\"valueName\":\"search_term_string\"}}],\"inLanguage\":\"en-US\"}]}<\/script>\n<!-- \/ Yoast SEO plugin. -->","yoast_head_json":{"title":"Kupite Pink Kush THC destilat \u2013 Dabeast \u2013 najbolj\u0161a zdravila na svetu","description":"Kupite Pink Kush THC Distillate Sabre Vape Pen za prodajo UK, EuropE- Dabeast online ZDA v najve\u010dji spletni ambulanti, Buy My Weed Online.","robots":{"index":"index","follow":"follow","max-snippet":"max-snippet:-1","max-image-preview":"max-image-preview:large","max-video-preview":"max-video-preview:-1"},"canonical":"https:\/\/medicinasinc.com\/sl\/product\/kupi-roza-kush-thc-destilat-dabeast\/","og_locale":"en_US","og_type":"article","og_title":"Kupite Pink Kush THC destilat \u2013 Dabeast \u2013 najbolj\u0161a zdravila na svetu","og_description":"Kupite Pink Kush THC Distillate Sabre Vape Pen za prodajo UK, EuropE- Dabeast online ZDA v najve\u010dji spletni ambulanti, Buy My Weed Online.","og_url":"https:\/\/medicinasinc.com\/sl\/product\/kupi-roza-kush-thc-destilat-dabeast\/","og_site_name":"Medicinas Inc","article_modified_time":"2022-03-19T01:06:40+00:00","og_image":[{"width":600,"height":600,"url":"https:\/\/medicinasinc.com\/sl\/wp-content\/uploads\/sites\/7\/2022\/02\/Buy-Pink-Kush-THC-Distillate-\u2013-Dabeast.jpg","type":"image\/jpeg"}],"twitter_card":"summary_large_image","twitter_misc":{"Est. reading time":"1 minute"},"schema":{"@context":"https:\/\/schema.org","@graph":[{"@type":"WebPage","@id":"https:\/\/medicinasinc.com\/sl\/product\/kupi-roza-kush-thc-destilat-dabeast\/","url":"https:\/\/medicinasinc.com\/sl\/product\/kupi-roza-kush-thc-destilat-dabeast\/","name":"Kupite Pink Kush THC destilat \u2013 Dabeast \u2013 najbolj\u0161a zdravila na svetu","isPartOf":{"@id":"https:\/\/medicinasinc.com\/sl\/#website"},"primaryImageOfPage":{"@id":"https:\/\/medicinasinc.com\/sl\/product\/kupi-roza-kush-thc-destilat-dabeast\/#primaryimage"},"image":{"@id":"https:\/\/medicinasinc.com\/sl\/product\/kupi-roza-kush-thc-destilat-dabeast\/#primaryimage"},"thumbnailUrl":"https:\/\/medicinasinc.com\/sl\/wp-content\/uploads\/sites\/7\/2022\/02\/Buy-Pink-Kush-THC-Distillate-\u2013-Dabeast.jpg","datePublished":"2022-02-20T08:55:28+00:00","dateModified":"2022-03-19T01:06:40+00:00","description":"Kupite Pink Kush THC Distillate Sabre Vape Pen za prodajo UK, EuropE- Dabeast online ZDA v najve\u010dji spletni ambulanti, Buy My Weed Online.","breadcrumb":{"@id":"https:\/\/medicinasinc.com\/sl\/product\/kupi-roza-kush-thc-destilat-dabeast\/#breadcrumb"},"inLanguage":"en-US","potentialAction":[{"@type":"ReadAction","target":["https:\/\/medicinasinc.com\/sl\/product\/kupi-roza-kush-thc-destilat-dabeast\/"]}]},{"@type":"ImageObject","inLanguage":"en-US","@id":"https:\/\/medicinasinc.com\/sl\/product\/kupi-roza-kush-thc-destilat-dabeast\/#primaryimage","url":"https:\/\/medicinasinc.com\/sl\/wp-content\/uploads\/sites\/7\/2022\/02\/Buy-Pink-Kush-THC-Distillate-\u2013-Dabeast.jpg","contentUrl":"https:\/\/medicinasinc.com\/sl\/wp-content\/uploads\/sites\/7\/2022\/02\/Buy-Pink-Kush-THC-Distillate-\u2013-Dabeast.jpg","width":600,"height":600},{"@type":"BreadcrumbList","@id":"https:\/\/medicinasinc.com\/sl\/product\/kupi-roza-kush-thc-destilat-dabeast\/#breadcrumb","itemListElement":[{"@type":"ListItem","position":1,"name":"Nakupujte","item":"https:\/\/medicinasinc.com\/sl\/nakupujte\/"},{"@type":"ListItem","position":2,"name":"Kupite Pink Kush THC destilat \u2013 Dabeast"}]},{"@type":"WebSite","@id":"https:\/\/medicinasinc.com\/sl\/#website","url":"https:\/\/medicinasinc.com\/sl\/","name":"Medicinas Inc","description":"Health Medical Clinic","potentialAction":[{"@type":"SearchAction","target":{"@type":"EntryPoint","urlTemplate":"https:\/\/medicinasinc.com\/sl\/?s={search_term_string}"},"query-input":{"@type":"PropertyValueSpecification","valueRequired":true,"valueName":"search_term_string"}}],"inLanguage":"en-US"}]}},"_links":{"self":[{"href":"https:\/\/medicinasinc.com\/sl\/wp-json\/wp\/v2\/product\/4404","targetHints":{"allow":["GET"]}}],"collection":[{"href":"https:\/\/medicinasinc.com\/sl\/wp-json\/wp\/v2\/product"}],"about":[{"href":"https:\/\/medicinasinc.com\/sl\/wp-json\/wp\/v2\/types\/product"}],"replies":[{"embeddable":true,"href":"https:\/\/medicinasinc.com\/sl\/wp-json\/wp\/v2\/comments?post=4404"}],"wp:featuredmedia":[{"embeddable":true,"href":"https:\/\/medicinasinc.com\/sl\/wp-json\/wp\/v2\/media\/4438"}],"wp:attachment":[{"href":"https:\/\/medicinasinc.com\/sl\/wp-json\/wp\/v2\/media?parent=4404"}],"wp:term":[{"taxonomy":"product_brand","embeddable":true,"href":"https:\/\/medicinasinc.com\/sl\/wp-json\/wp\/v2\/product_brand?post=4404"},{"taxonomy":"product_cat","embeddable":true,"href":"https:\/\/medicinasinc.com\/sl\/wp-json\/wp\/v2\/product_cat?post=4404"},{"taxonomy":"product_tag","embeddable":true,"href":"https:\/\/medicinasinc.com\/sl\/wp-json\/wp\/v2\/product_tag?post=4404"}],"curies":[{"name":"wp","href":"https:\/\/api.w.org\/{rel}","templated":true}]}}