{"id":4390,"date":"2022-02-20T08:47:42","date_gmt":"2022-02-20T08:47:42","guid":{"rendered":"https:\/\/medicinasinc.com\/sl\/?post_type=product&#038;p=4390"},"modified":"2022-03-19T01:07:02","modified_gmt":"2022-03-19T01:07:02","slug":"buy-lemon-haze-co2-1g-vape-cartridge","status":"publish","type":"product","link":"https:\/\/medicinasinc.com\/sl\/product\/buy-lemon-haze-co2-1g-vape-cartridge\/","title":{"rendered":"Kupite kartu\u0161o za vape Lemon Haze CO2 1g"},"content":{"rendered":"<p>Lemon Haze CO2 1g vape kartu\u0161o naprodaj.<\/p>\n<p>Lemon Haze CO2 1g vape kartu\u0161o naprodaj.<\/p>\n<p>Vape kartu\u0161e Lemon Haze CO2 naprodaj. Pri Pure si prizadevamo zagotoviti naj\u010distej\u0161e, najvarnej\u0161e in najbolj dosledno olje, ki je na voljo. Na\u0161i okusi so v celoti narejeni iz naravno prisotnih sadnih terpenov. 1 gram neponarejenega konopljinega olja<br \/> Lemon Skunk Super Silver Haze Green House Seeds je hibrid Lemon Skunk in Super Silver Haze, v katerem prevladuje sativa, ki je osvojil dva Cannabis Cups. Super Lemon Haze je ve\u010dbarvni kief-caked \u010dude\u017e. Kot je razvidno iz imena, ima ta sorta zna\u010dilne lastnosti limone. Aroma je citrusna, peko\u010da in rahlo sladka. Okus je to\u010dno tak\u0161en, kot bi pri\u010dakovali od soimenjaka; pikanten in sladek, podoben sladkarijam Lemonheads \u2013 \u010deprav ne tako ostri, kot bi lahko pri\u010dakovali.<\/p>\n<p>Vsebnost THC: 65,22 % vsebnost CBD: 2,86 %<\/p>\n","protected":false},"excerpt":{"rendered":"<p>Co2 Vape Cartridge Super Lemon Haze<\/p>\n<p>Kupite Super Lemon Haze Cannabis Oil Vape Cartridge Strain v Zdru\u017eenem kraljestvu in Evropi. Metoda ekstrakcije SativaOil: podkriti\u010dni CO2. Vape Cartridge za Super Lemon Haze Cannabis Oil.<\/p>\n<p>Ena najbolj\u0161ih Co2 Vape kartu\u0161 na trgu je Super Lemon Haze. Natan\u010dneje, aroma je peko\u010da, citrusna in rahlo sladka. Okus je kiselkast in sladek, spominja na sladkarije limonine glave. X-trates CO2 vape kartu\u0161e vsebujejo samo \u010disto konopljino olje, ki vsebuje \u0161irok spekter organskih kanabinoidov in terpenov. Dodatno so na voljo 1g in 0,5ml kartu\u0161e.<\/p>\n<p>Cena izdelka je naslednja: za 1g vlo\u017eek<br \/> Zahtevana je najmanj\u0161a koli\u010dina naro\u010dila 5 kartu\u0161.<\/p>\n","protected":false},"featured_media":4423,"comment_status":"open","ping_status":"closed","template":"","meta":[],"product_brand":[],"product_cat":[440],"product_tag":[481,482,483,484,485,486,487,488],"class_list":{"0":"post-4390","1":"product","2":"type-product","3":"status-publish","4":"has-post-thumbnail","6":"product_cat-kupi-konopljino-cbd-olje","7":"product_tag-pre-filled-vape-cartridges-europe-tags-super-lemon-haze-allbud","8":"product_tag-super-lemon-haze-cartridge","9":"product_tag-super-lemon-haze-co2-vape-cartridge","10":"product_tag-super-lemon-haze-kingpen","11":"product_tag-super-lemon-haze-oil-cartridge","12":"product_tag-super-lemon-haze-price","13":"product_tag-super-lemon-haze-seeds","14":"product_tag-super-lemon-haze-yield-description-reviews-0","16":"first","17":"instock","18":"shipping-taxable","19":"purchasable","20":"product-type-variable","21":"has-default-attributes"},"yoast_head":"<!-- This site is optimized with the Yoast SEO plugin v27.3 - https:\/\/yoast.com\/product\/yoast-seo-wordpress\/ -->\n<title>Kupite kartu\u0161o za vape Lemon Haze CO2 - Best Global Meds<\/title>\n<meta name=\"description\" content=\"Kupi Super Lemon Haze Cannabis Oil Vape Cartridge Strain za prodajo UK,Evropa. Metoda ekstrakcije SativaOil: podkriti\u010dni CO2. Super Lemon Haze Cannabis Oil Vape kartu\u0161a.\" \/>\n<meta name=\"robots\" content=\"index, follow, max-snippet:-1, max-image-preview:large, max-video-preview:-1\" \/>\n<link rel=\"canonical\" href=\"https:\/\/medicinasinc.com\/sl\/product\/buy-lemon-haze-co2-1g-vape-cartridge\/\" \/>\n<meta property=\"og:locale\" content=\"en_US\" \/>\n<meta property=\"og:type\" content=\"article\" \/>\n<meta property=\"og:title\" content=\"Kupite kartu\u0161o za vape Lemon Haze CO2 - Best Global Meds\" \/>\n<meta property=\"og:description\" content=\"Kupi Super Lemon Haze Cannabis Oil Vape Cartridge Strain za prodajo UK,Evropa. Metoda ekstrakcije SativaOil: podkriti\u010dni CO2. Super Lemon Haze Cannabis Oil Vape kartu\u0161a.\" \/>\n<meta property=\"og:url\" content=\"https:\/\/medicinasinc.com\/sl\/product\/buy-lemon-haze-co2-1g-vape-cartridge\/\" \/>\n<meta property=\"og:site_name\" content=\"Medicinas Inc\" \/>\n<meta property=\"article:modified_time\" content=\"2022-03-19T01:07:02+00:00\" \/>\n<meta property=\"og:image\" content=\"https:\/\/medicinasinc.com\/sl\/wp-content\/uploads\/sites\/7\/2022\/02\/Buy-High-THC-Cannabis-Oil-1g-cartridge-online.jpg\" \/>\n\t<meta property=\"og:image:width\" content=\"600\" \/>\n\t<meta property=\"og:image:height\" content=\"600\" \/>\n\t<meta property=\"og:image:type\" content=\"image\/jpeg\" \/>\n<meta name=\"twitter:card\" content=\"summary_large_image\" \/>\n<meta name=\"twitter:label1\" content=\"Est. reading time\" \/>\n\t<meta name=\"twitter:data1\" content=\"1 minute\" \/>\n<script type=\"application\/ld+json\" class=\"yoast-schema-graph\">{\"@context\":\"https:\\\/\\\/schema.org\",\"@graph\":[{\"@type\":\"WebPage\",\"@id\":\"https:\\\/\\\/medicinasinc.com\\\/sl\\\/product\\\/buy-lemon-haze-co2-1g-vape-cartridge\\\/\",\"url\":\"https:\\\/\\\/medicinasinc.com\\\/sl\\\/product\\\/buy-lemon-haze-co2-1g-vape-cartridge\\\/\",\"name\":\"Kupite kartu\u0161o za vape Lemon Haze CO2 - Best Global Meds\",\"isPartOf\":{\"@id\":\"https:\\\/\\\/medicinasinc.com\\\/sl\\\/#website\"},\"primaryImageOfPage\":{\"@id\":\"https:\\\/\\\/medicinasinc.com\\\/sl\\\/product\\\/buy-lemon-haze-co2-1g-vape-cartridge\\\/#primaryimage\"},\"image\":{\"@id\":\"https:\\\/\\\/medicinasinc.com\\\/sl\\\/product\\\/buy-lemon-haze-co2-1g-vape-cartridge\\\/#primaryimage\"},\"thumbnailUrl\":\"https:\\\/\\\/medicinasinc.com\\\/sl\\\/wp-content\\\/uploads\\\/sites\\\/7\\\/2022\\\/02\\\/Buy-High-THC-Cannabis-Oil-1g-cartridge-online.jpg\",\"datePublished\":\"2022-02-20T08:47:42+00:00\",\"dateModified\":\"2022-03-19T01:07:02+00:00\",\"description\":\"Kupi Super Lemon Haze Cannabis Oil Vape Cartridge Strain za prodajo UK,Evropa. Metoda ekstrakcije SativaOil: podkriti\u010dni CO2. Super Lemon Haze Cannabis Oil Vape kartu\u0161a.\",\"breadcrumb\":{\"@id\":\"https:\\\/\\\/medicinasinc.com\\\/sl\\\/product\\\/buy-lemon-haze-co2-1g-vape-cartridge\\\/#breadcrumb\"},\"inLanguage\":\"en-US\",\"potentialAction\":[{\"@type\":\"ReadAction\",\"target\":[\"https:\\\/\\\/medicinasinc.com\\\/sl\\\/product\\\/buy-lemon-haze-co2-1g-vape-cartridge\\\/\"]}]},{\"@type\":\"ImageObject\",\"inLanguage\":\"en-US\",\"@id\":\"https:\\\/\\\/medicinasinc.com\\\/sl\\\/product\\\/buy-lemon-haze-co2-1g-vape-cartridge\\\/#primaryimage\",\"url\":\"https:\\\/\\\/medicinasinc.com\\\/sl\\\/wp-content\\\/uploads\\\/sites\\\/7\\\/2022\\\/02\\\/Buy-High-THC-Cannabis-Oil-1g-cartridge-online.jpg\",\"contentUrl\":\"https:\\\/\\\/medicinasinc.com\\\/sl\\\/wp-content\\\/uploads\\\/sites\\\/7\\\/2022\\\/02\\\/Buy-High-THC-Cannabis-Oil-1g-cartridge-online.jpg\",\"width\":600,\"height\":600},{\"@type\":\"BreadcrumbList\",\"@id\":\"https:\\\/\\\/medicinasinc.com\\\/sl\\\/product\\\/buy-lemon-haze-co2-1g-vape-cartridge\\\/#breadcrumb\",\"itemListElement\":[{\"@type\":\"ListItem\",\"position\":1,\"name\":\"Nakupujte\",\"item\":\"https:\\\/\\\/medicinasinc.com\\\/sl\\\/nakupujte\\\/\"},{\"@type\":\"ListItem\",\"position\":2,\"name\":\"Kupite kartu\u0161o za vape Lemon Haze CO2 1g\"}]},{\"@type\":\"WebSite\",\"@id\":\"https:\\\/\\\/medicinasinc.com\\\/sl\\\/#website\",\"url\":\"https:\\\/\\\/medicinasinc.com\\\/sl\\\/\",\"name\":\"Medicinas Inc\",\"description\":\"Health Medical Clinic\",\"potentialAction\":[{\"@type\":\"SearchAction\",\"target\":{\"@type\":\"EntryPoint\",\"urlTemplate\":\"https:\\\/\\\/medicinasinc.com\\\/sl\\\/?s={search_term_string}\"},\"query-input\":{\"@type\":\"PropertyValueSpecification\",\"valueRequired\":true,\"valueName\":\"search_term_string\"}}],\"inLanguage\":\"en-US\"}]}<\/script>\n<!-- \/ Yoast SEO plugin. -->","yoast_head_json":{"title":"Kupite kartu\u0161o za vape Lemon Haze CO2 - Best Global Meds","description":"Kupi Super Lemon Haze Cannabis Oil Vape Cartridge Strain za prodajo UK,Evropa. Metoda ekstrakcije SativaOil: podkriti\u010dni CO2. Super Lemon Haze Cannabis Oil Vape kartu\u0161a.","robots":{"index":"index","follow":"follow","max-snippet":"max-snippet:-1","max-image-preview":"max-image-preview:large","max-video-preview":"max-video-preview:-1"},"canonical":"https:\/\/medicinasinc.com\/sl\/product\/buy-lemon-haze-co2-1g-vape-cartridge\/","og_locale":"en_US","og_type":"article","og_title":"Kupite kartu\u0161o za vape Lemon Haze CO2 - Best Global Meds","og_description":"Kupi Super Lemon Haze Cannabis Oil Vape Cartridge Strain za prodajo UK,Evropa. Metoda ekstrakcije SativaOil: podkriti\u010dni CO2. Super Lemon Haze Cannabis Oil Vape kartu\u0161a.","og_url":"https:\/\/medicinasinc.com\/sl\/product\/buy-lemon-haze-co2-1g-vape-cartridge\/","og_site_name":"Medicinas Inc","article_modified_time":"2022-03-19T01:07:02+00:00","og_image":[{"width":600,"height":600,"url":"https:\/\/medicinasinc.com\/sl\/wp-content\/uploads\/sites\/7\/2022\/02\/Buy-High-THC-Cannabis-Oil-1g-cartridge-online.jpg","type":"image\/jpeg"}],"twitter_card":"summary_large_image","twitter_misc":{"Est. reading time":"1 minute"},"schema":{"@context":"https:\/\/schema.org","@graph":[{"@type":"WebPage","@id":"https:\/\/medicinasinc.com\/sl\/product\/buy-lemon-haze-co2-1g-vape-cartridge\/","url":"https:\/\/medicinasinc.com\/sl\/product\/buy-lemon-haze-co2-1g-vape-cartridge\/","name":"Kupite kartu\u0161o za vape Lemon Haze CO2 - Best Global Meds","isPartOf":{"@id":"https:\/\/medicinasinc.com\/sl\/#website"},"primaryImageOfPage":{"@id":"https:\/\/medicinasinc.com\/sl\/product\/buy-lemon-haze-co2-1g-vape-cartridge\/#primaryimage"},"image":{"@id":"https:\/\/medicinasinc.com\/sl\/product\/buy-lemon-haze-co2-1g-vape-cartridge\/#primaryimage"},"thumbnailUrl":"https:\/\/medicinasinc.com\/sl\/wp-content\/uploads\/sites\/7\/2022\/02\/Buy-High-THC-Cannabis-Oil-1g-cartridge-online.jpg","datePublished":"2022-02-20T08:47:42+00:00","dateModified":"2022-03-19T01:07:02+00:00","description":"Kupi Super Lemon Haze Cannabis Oil Vape Cartridge Strain za prodajo UK,Evropa. Metoda ekstrakcije SativaOil: podkriti\u010dni CO2. Super Lemon Haze Cannabis Oil Vape kartu\u0161a.","breadcrumb":{"@id":"https:\/\/medicinasinc.com\/sl\/product\/buy-lemon-haze-co2-1g-vape-cartridge\/#breadcrumb"},"inLanguage":"en-US","potentialAction":[{"@type":"ReadAction","target":["https:\/\/medicinasinc.com\/sl\/product\/buy-lemon-haze-co2-1g-vape-cartridge\/"]}]},{"@type":"ImageObject","inLanguage":"en-US","@id":"https:\/\/medicinasinc.com\/sl\/product\/buy-lemon-haze-co2-1g-vape-cartridge\/#primaryimage","url":"https:\/\/medicinasinc.com\/sl\/wp-content\/uploads\/sites\/7\/2022\/02\/Buy-High-THC-Cannabis-Oil-1g-cartridge-online.jpg","contentUrl":"https:\/\/medicinasinc.com\/sl\/wp-content\/uploads\/sites\/7\/2022\/02\/Buy-High-THC-Cannabis-Oil-1g-cartridge-online.jpg","width":600,"height":600},{"@type":"BreadcrumbList","@id":"https:\/\/medicinasinc.com\/sl\/product\/buy-lemon-haze-co2-1g-vape-cartridge\/#breadcrumb","itemListElement":[{"@type":"ListItem","position":1,"name":"Nakupujte","item":"https:\/\/medicinasinc.com\/sl\/nakupujte\/"},{"@type":"ListItem","position":2,"name":"Kupite kartu\u0161o za vape Lemon Haze CO2 1g"}]},{"@type":"WebSite","@id":"https:\/\/medicinasinc.com\/sl\/#website","url":"https:\/\/medicinasinc.com\/sl\/","name":"Medicinas Inc","description":"Health Medical Clinic","potentialAction":[{"@type":"SearchAction","target":{"@type":"EntryPoint","urlTemplate":"https:\/\/medicinasinc.com\/sl\/?s={search_term_string}"},"query-input":{"@type":"PropertyValueSpecification","valueRequired":true,"valueName":"search_term_string"}}],"inLanguage":"en-US"}]}},"_links":{"self":[{"href":"https:\/\/medicinasinc.com\/sl\/wp-json\/wp\/v2\/product\/4390","targetHints":{"allow":["GET"]}}],"collection":[{"href":"https:\/\/medicinasinc.com\/sl\/wp-json\/wp\/v2\/product"}],"about":[{"href":"https:\/\/medicinasinc.com\/sl\/wp-json\/wp\/v2\/types\/product"}],"replies":[{"embeddable":true,"href":"https:\/\/medicinasinc.com\/sl\/wp-json\/wp\/v2\/comments?post=4390"}],"wp:featuredmedia":[{"embeddable":true,"href":"https:\/\/medicinasinc.com\/sl\/wp-json\/wp\/v2\/media\/4423"}],"wp:attachment":[{"href":"https:\/\/medicinasinc.com\/sl\/wp-json\/wp\/v2\/media?parent=4390"}],"wp:term":[{"taxonomy":"product_brand","embeddable":true,"href":"https:\/\/medicinasinc.com\/sl\/wp-json\/wp\/v2\/product_brand?post=4390"},{"taxonomy":"product_cat","embeddable":true,"href":"https:\/\/medicinasinc.com\/sl\/wp-json\/wp\/v2\/product_cat?post=4390"},{"taxonomy":"product_tag","embeddable":true,"href":"https:\/\/medicinasinc.com\/sl\/wp-json\/wp\/v2\/product_tag?post=4390"}],"curies":[{"name":"wp","href":"https:\/\/api.w.org\/{rel}","templated":true}]}}