{"id":4388,"date":"2022-02-20T08:46:53","date_gmt":"2022-02-20T08:46:53","guid":{"rendered":"https:\/\/medicinasinc.com\/sl\/?post_type=product&#038;p=4388"},"modified":"2022-03-19T01:07:12","modified_gmt":"2022-03-19T01:07:12","slug":"kupite-visoko-thc-konopljino-olje-1g-kartuso-na-spletu","status":"publish","type":"product","link":"https:\/\/medicinasinc.com\/sl\/product\/kupite-visoko-thc-konopljino-olje-1g-kartuso-na-spletu\/","title":{"rendered":"Kupite kartu\u0161o za konopljino olje z visoko vsebnostjo THC 1g na spletu"},"content":{"rendered":"<p>Kupite 1 g vlo\u017eek konopljinega olja z visoko vsebnostjo THC-ja na spletu.<\/p>\n<p>Namesto me\u0161anja na\u0161e konoplje ponujamo vlo\u017eke v 18 razli\u010dnih vrstah. Ne uporabljamo nobenih dodatkov. Na\u0161a konoplja je naravno pridelana v vrhunskem obmo\u010dju konoplje v severni Kaliforniji in nato \u010disto ekstrahirana s patentirano metodo superkriti\u010dnega CO2.<\/p>\n<p>Konopljino olje za medicinsko uporabo. Hybrid, Sativa in Indica<\/p>\n<p>Zdravinske koristi konopljinega olja<br \/> Za\u0161\u010dita imunskega sistema Znatno pove\u010da va\u0161e mo\u017enosti za remisijo<br \/> Pomaga pri stabilizaciji in odpravi akutne ali kroni\u010dne bole\u010dine<br \/> Odpravlja potencialno \u0161kodljivi farmacevtski protokoli<br \/> Zmanj\u0161a ali odpravi rast malignih celic. Zmanj\u0161uje ali odpravlja slabost.<\/p>\n<p>Konoplja je v preteklosti vsebovala koncentracije THC-ja med 12 in 21%.<\/p>\n<p>Koncentracije CBD-ja v ve\u010dini rastlin konoplje se gibljejo med 0,1 in 0,3 odstotka. Vendar pa so zdaj na voljo vi\u0161ji sevi konoplje, ki vsebujejo CBD, zaradi \u010desar so konopljina olja, bogata s CBD, bolj dostopna. Ta konopljina olja so na voljo za nakup in jih lahko varno naro\u010dite prek spleta pri nas. Hash olje naprodaj na spletu, kako kupiti hash olje na spletu, visoko thc olje naprodaj, naro\u010dite hash olje na spletu, kupite hash olje na spletu, kartu\u0161o za hash olje naprodaj, kje lahko kupim thc olje na spletu, thc hash olje naprodaj, hash oljne kartu\u0161e za prodajo na spletu, kje kupiti thc olje na spletu, kupiti vlo\u017eke z oljnim oljem na spletu<\/p>\n<p>Poleg tega so olja, bogata s CBD, prednostna za stanja, kot so epilepsija, tesnoba, stres in slabost. CBD olja vam bodo prav tako pomagala pri sprostitvi in \u200b\u200bvam bodo pomagala pri zdravljenju nespe\u010dnosti, napetostnih glavobolov, motenj razpolo\u017eenja in motnje pomanjkanja pozornosti.<\/p>\n<p>Preden kupite ha\u0161i\u0161 na spletu, je klju\u010dnega pomena razumeti u\u010dinek in kako je povezan z njim. na konopljo in kaj jo lo\u010di od drugih izdelkov iz plevela. Ha\u0161, drugi izraz za &#8220;ha\u0161i\u0161&#8221; v dr\u017eavi, je koncentrat konoplje, ki se prena\u0161a preko smole rastline marihuane. To dose\u017eemo z lo\u010ditvijo organov soka rastline konoplje, ki jih skupaj imenujemo trihomi, od njenih cvetov. Znano je, da ti trihomi vsebujejo najvi\u0161je koncentracije kanabinoidov in terpenov, ki so kemi\u010dne spojine, ki so odgovorne za edinstvene lastnosti in zna\u010dilnosti Maryjane. Zaradi visoke koncentracije kanabinoidov in terpenov v ha\u0161iju ima izjemno sposobnost ustvarjanja osupljivih psihoaktivnih in zdravilnih sre\u010danj za stranke konoplje. Hash olje je visoko koncentrirana oblika konoplje, ki jo lahko kadimo, uparimo, zau\u017eijemo ali razma\u017eemo po ko\u017ei. Ob\u010dasno se uporaba ha\u0161i\u0161nega olja imenuje &#8220;doseganje&#8221; ali &#8220;poraba&#8221;. Hash olje je pridobljeno iz rastlin konoplje in vsebuje THC (delta-9-tetrahidrokanabinol), enako revolucionarno spojino, ki jo najdemo v drugih izdelkih Maryjane. Kljub temu je ha\u0161i\u0161evo olje mo\u010dnej\u0161e, saj vsebuje do 90 % \u010distega THC-ja. Seveda je v drugih delih rastline konoplje vsebnost THC obi\u010dajno okoli 12 %. Zaupanja vredna ekstrakcija CO2 je trenutno naju\u010dinkovitej\u0161a metoda pridobivanja olja THC. Poleg tega je to najpogostej\u0161a in najvarnej\u0161a metoda za proizvodnjo konopljinega olja, destilata in tovornjakov z \u017eivimi gumi. Razlog, da je danes tako raz\u0161irjeno, je, da to THC olje ne vsebuje dodatnih topil, kot sta alkohol ali butan. Ve\u010dina THC olj vsebuje vrsto zmanj\u0161ane pripravljenosti. To je potrebno za zagotovitev, da olje ohranja idealno konsistenco za vaping. Najbolj opazna strokovnjaka za upadanje sta rastlinski glicerin in propilen glikol (VG in PG), ki ju obi\u010dajno najdemo v standardni e-teko\u010dini. Nekateri vsebujejo razli\u010dna polnila, kot sta PEG in v zadnjem \u010dasu TEC Temper, ki je \u0161e en pogoj, ki izhaja iz naravnih terpenov. Hash olje je na voljo za nakup.<\/p>\n","protected":false},"excerpt":{"rendered":"<p>Kupite olje marihuane z visoko vsebnostjo THC za prodajo v Zdru\u017eenem kraljestvu, Evropi na spletu. Kupite 100% \u010disto thc konopljino olje za prodajo ZDA. Konopljino olje polnega spektra. THC oljni rak naprodaj.Potenca: 85 % THC &amp; 15% CBD<\/p>\n<p>cena izdelka je kot: za 5 kartu\u0161<\/p>\n<p>Najmanj\u0161a koli\u010dina naro\u010dila je: 5 kartu\u0161<\/p>\n","protected":false},"featured_media":4423,"comment_status":"open","ping_status":"closed","template":"","meta":[],"product_brand":[],"product_cat":[440],"product_tag":[],"class_list":{"0":"post-4388","1":"product","2":"type-product","3":"status-publish","4":"has-post-thumbnail","6":"product_cat-kupi-konopljino-cbd-olje","8":"first","9":"instock","10":"shipping-taxable","11":"purchasable","12":"product-type-variable","13":"has-default-attributes"},"yoast_head":"<!-- This site is optimized with the Yoast SEO plugin v27.3 - https:\/\/yoast.com\/product\/yoast-seo-wordpress\/ -->\n<title>Kupite 1 g kartu\u0161o za konopljino olje z visoko vsebnostjo THC - najbolj\u0161a zdravila na svetu<\/title>\n<meta name=\"description\" content=\"Kupite marihuano olje z visoko vsebnostjo THC za prodajo UK, Evropa na spletu. Kupite 100% \u010disto thc konopljino olje za prodajo ZDA. Konopljino olje polnega spektra. THC oljni rak naprodaj.Potenca: 85 % THC &amp; 15 % CBD\" \/>\n<meta name=\"robots\" content=\"index, follow, max-snippet:-1, max-image-preview:large, max-video-preview:-1\" \/>\n<link rel=\"canonical\" href=\"https:\/\/medicinasinc.com\/sl\/product\/kupite-visoko-thc-konopljino-olje-1g-kartuso-na-spletu\/\" \/>\n<meta property=\"og:locale\" content=\"en_US\" \/>\n<meta property=\"og:type\" content=\"article\" \/>\n<meta property=\"og:title\" content=\"Kupite 1 g kartu\u0161o za konopljino olje z visoko vsebnostjo THC - najbolj\u0161a zdravila na svetu\" \/>\n<meta property=\"og:description\" content=\"Kupite marihuano olje z visoko vsebnostjo THC za prodajo UK, Evropa na spletu. Kupite 100% \u010disto thc konopljino olje za prodajo ZDA. Konopljino olje polnega spektra. THC oljni rak naprodaj.Potenca: 85 % THC &amp; 15 % CBD\" \/>\n<meta property=\"og:url\" content=\"https:\/\/medicinasinc.com\/sl\/product\/kupite-visoko-thc-konopljino-olje-1g-kartuso-na-spletu\/\" \/>\n<meta property=\"og:site_name\" content=\"Medicinas Inc\" \/>\n<meta property=\"article:modified_time\" content=\"2022-03-19T01:07:12+00:00\" \/>\n<meta property=\"og:image\" content=\"https:\/\/medicinasinc.com\/sl\/wp-content\/uploads\/sites\/7\/2022\/02\/Buy-High-THC-Cannabis-Oil-1g-cartridge-online.jpg\" \/>\n\t<meta property=\"og:image:width\" content=\"600\" \/>\n\t<meta property=\"og:image:height\" content=\"600\" \/>\n\t<meta property=\"og:image:type\" content=\"image\/jpeg\" \/>\n<meta name=\"twitter:card\" content=\"summary_large_image\" \/>\n<meta name=\"twitter:label1\" content=\"Est. reading time\" \/>\n\t<meta name=\"twitter:data1\" content=\"3 minutes\" \/>\n<script type=\"application\/ld+json\" class=\"yoast-schema-graph\">{\"@context\":\"https:\\\/\\\/schema.org\",\"@graph\":[{\"@type\":\"WebPage\",\"@id\":\"https:\\\/\\\/medicinasinc.com\\\/sl\\\/product\\\/kupite-visoko-thc-konopljino-olje-1g-kartuso-na-spletu\\\/\",\"url\":\"https:\\\/\\\/medicinasinc.com\\\/sl\\\/product\\\/kupite-visoko-thc-konopljino-olje-1g-kartuso-na-spletu\\\/\",\"name\":\"Kupite 1 g kartu\u0161o za konopljino olje z visoko vsebnostjo THC - najbolj\u0161a zdravila na svetu\",\"isPartOf\":{\"@id\":\"https:\\\/\\\/medicinasinc.com\\\/sl\\\/#website\"},\"primaryImageOfPage\":{\"@id\":\"https:\\\/\\\/medicinasinc.com\\\/sl\\\/product\\\/kupite-visoko-thc-konopljino-olje-1g-kartuso-na-spletu\\\/#primaryimage\"},\"image\":{\"@id\":\"https:\\\/\\\/medicinasinc.com\\\/sl\\\/product\\\/kupite-visoko-thc-konopljino-olje-1g-kartuso-na-spletu\\\/#primaryimage\"},\"thumbnailUrl\":\"https:\\\/\\\/medicinasinc.com\\\/sl\\\/wp-content\\\/uploads\\\/sites\\\/7\\\/2022\\\/02\\\/Buy-High-THC-Cannabis-Oil-1g-cartridge-online.jpg\",\"datePublished\":\"2022-02-20T08:46:53+00:00\",\"dateModified\":\"2022-03-19T01:07:12+00:00\",\"description\":\"Kupite marihuano olje z visoko vsebnostjo THC za prodajo UK, Evropa na spletu. Kupite 100% \u010disto thc konopljino olje za prodajo ZDA. Konopljino olje polnega spektra. THC oljni rak naprodaj.Potenca: 85 % THC &amp; 15 % CBD\",\"breadcrumb\":{\"@id\":\"https:\\\/\\\/medicinasinc.com\\\/sl\\\/product\\\/kupite-visoko-thc-konopljino-olje-1g-kartuso-na-spletu\\\/#breadcrumb\"},\"inLanguage\":\"en-US\",\"potentialAction\":[{\"@type\":\"ReadAction\",\"target\":[\"https:\\\/\\\/medicinasinc.com\\\/sl\\\/product\\\/kupite-visoko-thc-konopljino-olje-1g-kartuso-na-spletu\\\/\"]}]},{\"@type\":\"ImageObject\",\"inLanguage\":\"en-US\",\"@id\":\"https:\\\/\\\/medicinasinc.com\\\/sl\\\/product\\\/kupite-visoko-thc-konopljino-olje-1g-kartuso-na-spletu\\\/#primaryimage\",\"url\":\"https:\\\/\\\/medicinasinc.com\\\/sl\\\/wp-content\\\/uploads\\\/sites\\\/7\\\/2022\\\/02\\\/Buy-High-THC-Cannabis-Oil-1g-cartridge-online.jpg\",\"contentUrl\":\"https:\\\/\\\/medicinasinc.com\\\/sl\\\/wp-content\\\/uploads\\\/sites\\\/7\\\/2022\\\/02\\\/Buy-High-THC-Cannabis-Oil-1g-cartridge-online.jpg\",\"width\":600,\"height\":600},{\"@type\":\"BreadcrumbList\",\"@id\":\"https:\\\/\\\/medicinasinc.com\\\/sl\\\/product\\\/kupite-visoko-thc-konopljino-olje-1g-kartuso-na-spletu\\\/#breadcrumb\",\"itemListElement\":[{\"@type\":\"ListItem\",\"position\":1,\"name\":\"Nakupujte\",\"item\":\"https:\\\/\\\/medicinasinc.com\\\/sl\\\/nakupujte\\\/\"},{\"@type\":\"ListItem\",\"position\":2,\"name\":\"Kupite kartu\u0161o za konopljino olje z visoko vsebnostjo THC 1g na spletu\"}]},{\"@type\":\"WebSite\",\"@id\":\"https:\\\/\\\/medicinasinc.com\\\/sl\\\/#website\",\"url\":\"https:\\\/\\\/medicinasinc.com\\\/sl\\\/\",\"name\":\"Medicinas Inc\",\"description\":\"Health Medical Clinic\",\"potentialAction\":[{\"@type\":\"SearchAction\",\"target\":{\"@type\":\"EntryPoint\",\"urlTemplate\":\"https:\\\/\\\/medicinasinc.com\\\/sl\\\/?s={search_term_string}\"},\"query-input\":{\"@type\":\"PropertyValueSpecification\",\"valueRequired\":true,\"valueName\":\"search_term_string\"}}],\"inLanguage\":\"en-US\"}]}<\/script>\n<!-- \/ Yoast SEO plugin. -->","yoast_head_json":{"title":"Kupite 1 g kartu\u0161o za konopljino olje z visoko vsebnostjo THC - najbolj\u0161a zdravila na svetu","description":"Kupite marihuano olje z visoko vsebnostjo THC za prodajo UK, Evropa na spletu. Kupite 100% \u010disto thc konopljino olje za prodajo ZDA. Konopljino olje polnega spektra. THC oljni rak naprodaj.Potenca: 85 % THC &amp; 15 % CBD","robots":{"index":"index","follow":"follow","max-snippet":"max-snippet:-1","max-image-preview":"max-image-preview:large","max-video-preview":"max-video-preview:-1"},"canonical":"https:\/\/medicinasinc.com\/sl\/product\/kupite-visoko-thc-konopljino-olje-1g-kartuso-na-spletu\/","og_locale":"en_US","og_type":"article","og_title":"Kupite 1 g kartu\u0161o za konopljino olje z visoko vsebnostjo THC - najbolj\u0161a zdravila na svetu","og_description":"Kupite marihuano olje z visoko vsebnostjo THC za prodajo UK, Evropa na spletu. Kupite 100% \u010disto thc konopljino olje za prodajo ZDA. Konopljino olje polnega spektra. THC oljni rak naprodaj.Potenca: 85 % THC &amp; 15 % CBD","og_url":"https:\/\/medicinasinc.com\/sl\/product\/kupite-visoko-thc-konopljino-olje-1g-kartuso-na-spletu\/","og_site_name":"Medicinas Inc","article_modified_time":"2022-03-19T01:07:12+00:00","og_image":[{"width":600,"height":600,"url":"https:\/\/medicinasinc.com\/sl\/wp-content\/uploads\/sites\/7\/2022\/02\/Buy-High-THC-Cannabis-Oil-1g-cartridge-online.jpg","type":"image\/jpeg"}],"twitter_card":"summary_large_image","twitter_misc":{"Est. reading time":"3 minutes"},"schema":{"@context":"https:\/\/schema.org","@graph":[{"@type":"WebPage","@id":"https:\/\/medicinasinc.com\/sl\/product\/kupite-visoko-thc-konopljino-olje-1g-kartuso-na-spletu\/","url":"https:\/\/medicinasinc.com\/sl\/product\/kupite-visoko-thc-konopljino-olje-1g-kartuso-na-spletu\/","name":"Kupite 1 g kartu\u0161o za konopljino olje z visoko vsebnostjo THC - najbolj\u0161a zdravila na svetu","isPartOf":{"@id":"https:\/\/medicinasinc.com\/sl\/#website"},"primaryImageOfPage":{"@id":"https:\/\/medicinasinc.com\/sl\/product\/kupite-visoko-thc-konopljino-olje-1g-kartuso-na-spletu\/#primaryimage"},"image":{"@id":"https:\/\/medicinasinc.com\/sl\/product\/kupite-visoko-thc-konopljino-olje-1g-kartuso-na-spletu\/#primaryimage"},"thumbnailUrl":"https:\/\/medicinasinc.com\/sl\/wp-content\/uploads\/sites\/7\/2022\/02\/Buy-High-THC-Cannabis-Oil-1g-cartridge-online.jpg","datePublished":"2022-02-20T08:46:53+00:00","dateModified":"2022-03-19T01:07:12+00:00","description":"Kupite marihuano olje z visoko vsebnostjo THC za prodajo UK, Evropa na spletu. Kupite 100% \u010disto thc konopljino olje za prodajo ZDA. Konopljino olje polnega spektra. THC oljni rak naprodaj.Potenca: 85 % THC &amp; 15 % CBD","breadcrumb":{"@id":"https:\/\/medicinasinc.com\/sl\/product\/kupite-visoko-thc-konopljino-olje-1g-kartuso-na-spletu\/#breadcrumb"},"inLanguage":"en-US","potentialAction":[{"@type":"ReadAction","target":["https:\/\/medicinasinc.com\/sl\/product\/kupite-visoko-thc-konopljino-olje-1g-kartuso-na-spletu\/"]}]},{"@type":"ImageObject","inLanguage":"en-US","@id":"https:\/\/medicinasinc.com\/sl\/product\/kupite-visoko-thc-konopljino-olje-1g-kartuso-na-spletu\/#primaryimage","url":"https:\/\/medicinasinc.com\/sl\/wp-content\/uploads\/sites\/7\/2022\/02\/Buy-High-THC-Cannabis-Oil-1g-cartridge-online.jpg","contentUrl":"https:\/\/medicinasinc.com\/sl\/wp-content\/uploads\/sites\/7\/2022\/02\/Buy-High-THC-Cannabis-Oil-1g-cartridge-online.jpg","width":600,"height":600},{"@type":"BreadcrumbList","@id":"https:\/\/medicinasinc.com\/sl\/product\/kupite-visoko-thc-konopljino-olje-1g-kartuso-na-spletu\/#breadcrumb","itemListElement":[{"@type":"ListItem","position":1,"name":"Nakupujte","item":"https:\/\/medicinasinc.com\/sl\/nakupujte\/"},{"@type":"ListItem","position":2,"name":"Kupite kartu\u0161o za konopljino olje z visoko vsebnostjo THC 1g na spletu"}]},{"@type":"WebSite","@id":"https:\/\/medicinasinc.com\/sl\/#website","url":"https:\/\/medicinasinc.com\/sl\/","name":"Medicinas Inc","description":"Health Medical Clinic","potentialAction":[{"@type":"SearchAction","target":{"@type":"EntryPoint","urlTemplate":"https:\/\/medicinasinc.com\/sl\/?s={search_term_string}"},"query-input":{"@type":"PropertyValueSpecification","valueRequired":true,"valueName":"search_term_string"}}],"inLanguage":"en-US"}]}},"_links":{"self":[{"href":"https:\/\/medicinasinc.com\/sl\/wp-json\/wp\/v2\/product\/4388","targetHints":{"allow":["GET"]}}],"collection":[{"href":"https:\/\/medicinasinc.com\/sl\/wp-json\/wp\/v2\/product"}],"about":[{"href":"https:\/\/medicinasinc.com\/sl\/wp-json\/wp\/v2\/types\/product"}],"replies":[{"embeddable":true,"href":"https:\/\/medicinasinc.com\/sl\/wp-json\/wp\/v2\/comments?post=4388"}],"wp:featuredmedia":[{"embeddable":true,"href":"https:\/\/medicinasinc.com\/sl\/wp-json\/wp\/v2\/media\/4423"}],"wp:attachment":[{"href":"https:\/\/medicinasinc.com\/sl\/wp-json\/wp\/v2\/media?parent=4388"}],"wp:term":[{"taxonomy":"product_brand","embeddable":true,"href":"https:\/\/medicinasinc.com\/sl\/wp-json\/wp\/v2\/product_brand?post=4388"},{"taxonomy":"product_cat","embeddable":true,"href":"https:\/\/medicinasinc.com\/sl\/wp-json\/wp\/v2\/product_cat?post=4388"},{"taxonomy":"product_tag","embeddable":true,"href":"https:\/\/medicinasinc.com\/sl\/wp-json\/wp\/v2\/product_tag?post=4388"}],"curies":[{"name":"wp","href":"https:\/\/api.w.org\/{rel}","templated":true}]}}