{"id":4375,"date":"2022-02-20T08:40:25","date_gmt":"2022-02-20T08:40:25","guid":{"rendered":"https:\/\/medicinasinc.com\/sl\/?post_type=product&#038;p=4375"},"modified":"2022-03-19T01:07:21","modified_gmt":"2022-03-19T01:07:21","slug":"kupi-visoko-cbd-premium-co2-izvleceno-olje","status":"publish","type":"product","link":"https:\/\/medicinasinc.com\/sl\/product\/kupi-visoko-cbd-premium-co2-izvleceno-olje\/","title":{"rendered":"Kupite visoko CBD Premium CO2 ekstrahirano olje"},"content":{"rendered":"<p>Kupite ekstrahirano olje z visoko vsebnostjo CBD Premium CO2 na spletu v Zdru\u017eenih dr\u017eavah Amerike.<\/p>\n<p>Kupite ekstrahirano olje z visoko vsebnostjo CBD Premium CO2 na spletu v Zdru\u017eenih dr\u017eavah Amerike.<\/p>\n<p>Kanabinoidi so ekstrahirano z uporabo CO2. Zdi se, da ima za posledico olje, ki je veliko prijetnej\u0161e za vdihavanje in brez trposti.<br \/> Ta serija zdravila je pridobljena iz ACDC, seva konoplje, znane po visoki vsebnosti CBD.<\/p>\n","protected":false},"excerpt":{"rendered":"<p>Kupite ekstrahirano olje z visoko vsebnostjo CBD Premium CO2 za prodajo v Zdru\u017eenem kraljestvu, Evropi na spletu. Skupaj aktivni kanabinoidi 80 % THC: 24 % CBD: 56 % CO2 kartu\u0161a za ekstrakcijo marihuane.<\/p>\n<h3>Kupite kartu\u0161e s konopljinim oljem THC<\/h3>\n<p>cena izdelka je: za 5 kartu\u0161<br \/> <strong>Najmanj\u0161a koli\u010dina naro\u010dila je: 5 kartu\u0161<\/strong><\/p>\n","protected":false},"featured_media":4411,"comment_status":"open","ping_status":"closed","template":"","meta":[],"product_brand":[],"product_cat":[440],"product_tag":[],"class_list":{"0":"post-4375","1":"product","2":"type-product","3":"status-publish","4":"has-post-thumbnail","6":"product_cat-kupi-konopljino-cbd-olje","8":"first","9":"instock","10":"shipping-taxable","11":"purchasable","12":"product-type-variable","13":"has-default-attributes"},"yoast_head":"<!-- This site is optimized with the Yoast SEO plugin v27.3 - https:\/\/yoast.com\/product\/yoast-seo-wordpress\/ -->\n<title>Kupite ekstrahirano olje z visoko vsebnostjo CBD Premium CO2 \u2013 najbolj\u0161a zdravila na svetu<\/title>\n<meta name=\"description\" content=\"Kupite ekstrahirano olje z visoko vsebnostjo CBD Premium CO2 za prodajo UK, Europe na spletu. Skupaj aktivni kanabinoidi 80 % THC: 24 % CBD: 56 % CO2 kartu\u0161a za ekstrakcijo marihuane.\" \/>\n<meta name=\"robots\" content=\"index, follow, max-snippet:-1, max-image-preview:large, max-video-preview:-1\" \/>\n<link rel=\"canonical\" href=\"https:\/\/medicinasinc.com\/sl\/product\/kupi-visoko-cbd-premium-co2-izvleceno-olje\/\" \/>\n<meta property=\"og:locale\" content=\"en_US\" \/>\n<meta property=\"og:type\" content=\"article\" \/>\n<meta property=\"og:title\" content=\"Kupite ekstrahirano olje z visoko vsebnostjo CBD Premium CO2 \u2013 najbolj\u0161a zdravila na svetu\" \/>\n<meta property=\"og:description\" content=\"Kupite ekstrahirano olje z visoko vsebnostjo CBD Premium CO2 za prodajo UK, Europe na spletu. Skupaj aktivni kanabinoidi 80 % THC: 24 % CBD: 56 % CO2 kartu\u0161a za ekstrakcijo marihuane.\" \/>\n<meta property=\"og:url\" content=\"https:\/\/medicinasinc.com\/sl\/product\/kupi-visoko-cbd-premium-co2-izvleceno-olje\/\" \/>\n<meta property=\"og:site_name\" content=\"Medicinas Inc\" \/>\n<meta property=\"article:modified_time\" content=\"2022-03-19T01:07:21+00:00\" \/>\n<meta property=\"og:image\" content=\"https:\/\/medicinasinc.com\/sl\/wp-content\/uploads\/sites\/7\/2022\/02\/Buy-High-CBD-Premium-CO2-Extracted-Oil.jpg\" \/>\n\t<meta property=\"og:image:width\" content=\"770\" \/>\n\t<meta property=\"og:image:height\" content=\"686\" \/>\n\t<meta property=\"og:image:type\" content=\"image\/jpeg\" \/>\n<meta name=\"twitter:card\" content=\"summary_large_image\" \/>\n<meta name=\"twitter:label1\" content=\"Est. reading time\" \/>\n\t<meta name=\"twitter:data1\" content=\"1 minute\" \/>\n<script type=\"application\/ld+json\" class=\"yoast-schema-graph\">{\"@context\":\"https:\\\/\\\/schema.org\",\"@graph\":[{\"@type\":\"WebPage\",\"@id\":\"https:\\\/\\\/medicinasinc.com\\\/sl\\\/product\\\/kupi-visoko-cbd-premium-co2-izvleceno-olje\\\/\",\"url\":\"https:\\\/\\\/medicinasinc.com\\\/sl\\\/product\\\/kupi-visoko-cbd-premium-co2-izvleceno-olje\\\/\",\"name\":\"Kupite ekstrahirano olje z visoko vsebnostjo CBD Premium CO2 \u2013 najbolj\u0161a zdravila na svetu\",\"isPartOf\":{\"@id\":\"https:\\\/\\\/medicinasinc.com\\\/sl\\\/#website\"},\"primaryImageOfPage\":{\"@id\":\"https:\\\/\\\/medicinasinc.com\\\/sl\\\/product\\\/kupi-visoko-cbd-premium-co2-izvleceno-olje\\\/#primaryimage\"},\"image\":{\"@id\":\"https:\\\/\\\/medicinasinc.com\\\/sl\\\/product\\\/kupi-visoko-cbd-premium-co2-izvleceno-olje\\\/#primaryimage\"},\"thumbnailUrl\":\"https:\\\/\\\/medicinasinc.com\\\/sl\\\/wp-content\\\/uploads\\\/sites\\\/7\\\/2022\\\/02\\\/Buy-High-CBD-Premium-CO2-Extracted-Oil.jpg\",\"datePublished\":\"2022-02-20T08:40:25+00:00\",\"dateModified\":\"2022-03-19T01:07:21+00:00\",\"description\":\"Kupite ekstrahirano olje z visoko vsebnostjo CBD Premium CO2 za prodajo UK, Europe na spletu. Skupaj aktivni kanabinoidi 80 % THC: 24 % CBD: 56 % CO2 kartu\u0161a za ekstrakcijo marihuane.\",\"breadcrumb\":{\"@id\":\"https:\\\/\\\/medicinasinc.com\\\/sl\\\/product\\\/kupi-visoko-cbd-premium-co2-izvleceno-olje\\\/#breadcrumb\"},\"inLanguage\":\"en-US\",\"potentialAction\":[{\"@type\":\"ReadAction\",\"target\":[\"https:\\\/\\\/medicinasinc.com\\\/sl\\\/product\\\/kupi-visoko-cbd-premium-co2-izvleceno-olje\\\/\"]}]},{\"@type\":\"ImageObject\",\"inLanguage\":\"en-US\",\"@id\":\"https:\\\/\\\/medicinasinc.com\\\/sl\\\/product\\\/kupi-visoko-cbd-premium-co2-izvleceno-olje\\\/#primaryimage\",\"url\":\"https:\\\/\\\/medicinasinc.com\\\/sl\\\/wp-content\\\/uploads\\\/sites\\\/7\\\/2022\\\/02\\\/Buy-High-CBD-Premium-CO2-Extracted-Oil.jpg\",\"contentUrl\":\"https:\\\/\\\/medicinasinc.com\\\/sl\\\/wp-content\\\/uploads\\\/sites\\\/7\\\/2022\\\/02\\\/Buy-High-CBD-Premium-CO2-Extracted-Oil.jpg\",\"width\":770,\"height\":686},{\"@type\":\"BreadcrumbList\",\"@id\":\"https:\\\/\\\/medicinasinc.com\\\/sl\\\/product\\\/kupi-visoko-cbd-premium-co2-izvleceno-olje\\\/#breadcrumb\",\"itemListElement\":[{\"@type\":\"ListItem\",\"position\":1,\"name\":\"Nakupujte\",\"item\":\"https:\\\/\\\/medicinasinc.com\\\/sl\\\/nakupujte\\\/\"},{\"@type\":\"ListItem\",\"position\":2,\"name\":\"Kupite visoko CBD Premium CO2 ekstrahirano olje\"}]},{\"@type\":\"WebSite\",\"@id\":\"https:\\\/\\\/medicinasinc.com\\\/sl\\\/#website\",\"url\":\"https:\\\/\\\/medicinasinc.com\\\/sl\\\/\",\"name\":\"Medicinas Inc\",\"description\":\"Health Medical Clinic\",\"potentialAction\":[{\"@type\":\"SearchAction\",\"target\":{\"@type\":\"EntryPoint\",\"urlTemplate\":\"https:\\\/\\\/medicinasinc.com\\\/sl\\\/?s={search_term_string}\"},\"query-input\":{\"@type\":\"PropertyValueSpecification\",\"valueRequired\":true,\"valueName\":\"search_term_string\"}}],\"inLanguage\":\"en-US\"}]}<\/script>\n<!-- \/ Yoast SEO plugin. -->","yoast_head_json":{"title":"Kupite ekstrahirano olje z visoko vsebnostjo CBD Premium CO2 \u2013 najbolj\u0161a zdravila na svetu","description":"Kupite ekstrahirano olje z visoko vsebnostjo CBD Premium CO2 za prodajo UK, Europe na spletu. Skupaj aktivni kanabinoidi 80 % THC: 24 % CBD: 56 % CO2 kartu\u0161a za ekstrakcijo marihuane.","robots":{"index":"index","follow":"follow","max-snippet":"max-snippet:-1","max-image-preview":"max-image-preview:large","max-video-preview":"max-video-preview:-1"},"canonical":"https:\/\/medicinasinc.com\/sl\/product\/kupi-visoko-cbd-premium-co2-izvleceno-olje\/","og_locale":"en_US","og_type":"article","og_title":"Kupite ekstrahirano olje z visoko vsebnostjo CBD Premium CO2 \u2013 najbolj\u0161a zdravila na svetu","og_description":"Kupite ekstrahirano olje z visoko vsebnostjo CBD Premium CO2 za prodajo UK, Europe na spletu. Skupaj aktivni kanabinoidi 80 % THC: 24 % CBD: 56 % CO2 kartu\u0161a za ekstrakcijo marihuane.","og_url":"https:\/\/medicinasinc.com\/sl\/product\/kupi-visoko-cbd-premium-co2-izvleceno-olje\/","og_site_name":"Medicinas Inc","article_modified_time":"2022-03-19T01:07:21+00:00","og_image":[{"width":770,"height":686,"url":"https:\/\/medicinasinc.com\/sl\/wp-content\/uploads\/sites\/7\/2022\/02\/Buy-High-CBD-Premium-CO2-Extracted-Oil.jpg","type":"image\/jpeg"}],"twitter_card":"summary_large_image","twitter_misc":{"Est. reading time":"1 minute"},"schema":{"@context":"https:\/\/schema.org","@graph":[{"@type":"WebPage","@id":"https:\/\/medicinasinc.com\/sl\/product\/kupi-visoko-cbd-premium-co2-izvleceno-olje\/","url":"https:\/\/medicinasinc.com\/sl\/product\/kupi-visoko-cbd-premium-co2-izvleceno-olje\/","name":"Kupite ekstrahirano olje z visoko vsebnostjo CBD Premium CO2 \u2013 najbolj\u0161a zdravila na svetu","isPartOf":{"@id":"https:\/\/medicinasinc.com\/sl\/#website"},"primaryImageOfPage":{"@id":"https:\/\/medicinasinc.com\/sl\/product\/kupi-visoko-cbd-premium-co2-izvleceno-olje\/#primaryimage"},"image":{"@id":"https:\/\/medicinasinc.com\/sl\/product\/kupi-visoko-cbd-premium-co2-izvleceno-olje\/#primaryimage"},"thumbnailUrl":"https:\/\/medicinasinc.com\/sl\/wp-content\/uploads\/sites\/7\/2022\/02\/Buy-High-CBD-Premium-CO2-Extracted-Oil.jpg","datePublished":"2022-02-20T08:40:25+00:00","dateModified":"2022-03-19T01:07:21+00:00","description":"Kupite ekstrahirano olje z visoko vsebnostjo CBD Premium CO2 za prodajo UK, Europe na spletu. Skupaj aktivni kanabinoidi 80 % THC: 24 % CBD: 56 % CO2 kartu\u0161a za ekstrakcijo marihuane.","breadcrumb":{"@id":"https:\/\/medicinasinc.com\/sl\/product\/kupi-visoko-cbd-premium-co2-izvleceno-olje\/#breadcrumb"},"inLanguage":"en-US","potentialAction":[{"@type":"ReadAction","target":["https:\/\/medicinasinc.com\/sl\/product\/kupi-visoko-cbd-premium-co2-izvleceno-olje\/"]}]},{"@type":"ImageObject","inLanguage":"en-US","@id":"https:\/\/medicinasinc.com\/sl\/product\/kupi-visoko-cbd-premium-co2-izvleceno-olje\/#primaryimage","url":"https:\/\/medicinasinc.com\/sl\/wp-content\/uploads\/sites\/7\/2022\/02\/Buy-High-CBD-Premium-CO2-Extracted-Oil.jpg","contentUrl":"https:\/\/medicinasinc.com\/sl\/wp-content\/uploads\/sites\/7\/2022\/02\/Buy-High-CBD-Premium-CO2-Extracted-Oil.jpg","width":770,"height":686},{"@type":"BreadcrumbList","@id":"https:\/\/medicinasinc.com\/sl\/product\/kupi-visoko-cbd-premium-co2-izvleceno-olje\/#breadcrumb","itemListElement":[{"@type":"ListItem","position":1,"name":"Nakupujte","item":"https:\/\/medicinasinc.com\/sl\/nakupujte\/"},{"@type":"ListItem","position":2,"name":"Kupite visoko CBD Premium CO2 ekstrahirano olje"}]},{"@type":"WebSite","@id":"https:\/\/medicinasinc.com\/sl\/#website","url":"https:\/\/medicinasinc.com\/sl\/","name":"Medicinas Inc","description":"Health Medical Clinic","potentialAction":[{"@type":"SearchAction","target":{"@type":"EntryPoint","urlTemplate":"https:\/\/medicinasinc.com\/sl\/?s={search_term_string}"},"query-input":{"@type":"PropertyValueSpecification","valueRequired":true,"valueName":"search_term_string"}}],"inLanguage":"en-US"}]}},"_links":{"self":[{"href":"https:\/\/medicinasinc.com\/sl\/wp-json\/wp\/v2\/product\/4375","targetHints":{"allow":["GET"]}}],"collection":[{"href":"https:\/\/medicinasinc.com\/sl\/wp-json\/wp\/v2\/product"}],"about":[{"href":"https:\/\/medicinasinc.com\/sl\/wp-json\/wp\/v2\/types\/product"}],"replies":[{"embeddable":true,"href":"https:\/\/medicinasinc.com\/sl\/wp-json\/wp\/v2\/comments?post=4375"}],"wp:featuredmedia":[{"embeddable":true,"href":"https:\/\/medicinasinc.com\/sl\/wp-json\/wp\/v2\/media\/4411"}],"wp:attachment":[{"href":"https:\/\/medicinasinc.com\/sl\/wp-json\/wp\/v2\/media?parent=4375"}],"wp:term":[{"taxonomy":"product_brand","embeddable":true,"href":"https:\/\/medicinasinc.com\/sl\/wp-json\/wp\/v2\/product_brand?post=4375"},{"taxonomy":"product_cat","embeddable":true,"href":"https:\/\/medicinasinc.com\/sl\/wp-json\/wp\/v2\/product_cat?post=4375"},{"taxonomy":"product_tag","embeddable":true,"href":"https:\/\/medicinasinc.com\/sl\/wp-json\/wp\/v2\/product_tag?post=4375"}],"curies":[{"name":"wp","href":"https:\/\/api.w.org\/{rel}","templated":true}]}}