{"id":4374,"date":"2022-02-20T08:40:15","date_gmt":"2022-02-20T08:40:15","guid":{"rendered":"https:\/\/medicinasinc.com\/sl\/?post_type=product&#038;p=4374"},"modified":"2022-03-19T01:07:34","modified_gmt":"2022-03-19T01:07:34","slug":"kupi-harlekin-co2-olje-1g-vlozek","status":"publish","type":"product","link":"https:\/\/medicinasinc.com\/sl\/product\/kupi-harlekin-co2-olje-1g-vlozek\/","title":{"rendered":"Kupite Harlequin CO2 olje 1g kartu\u0161o"},"content":{"rendered":"<p>Spletni nakup Harlequin CO2 Oil 1g Cartridge.<\/p>\n<p>Spletni nakup Harlequin CO2 Oil 1g Cartridge.<\/p>\n<p>Spletni nakup vlo\u017ekov za Harlequin CO2 olje. 13,02 odstotka THCA | 6,54 odstotka THC | 49,10 odstotkov CBDA | 5,35-odstotni CBD<\/p>\n<p>Harlequin je blago psihoaktivna sorta, v kateri prevladuje sativa, s pra\u017eenimi ore\u0161\u010dki, \u010dokolado in predvsem cvetovi, ki di\u0161ijo po \u010de\u0161njah. Harlekin je sev z visoko vsebnostjo CBD z zanemarljivo psihoaktivnostjo in analgeti\u010dnimi lastnostmi. Harlekin se pogosto uporablja za laj\u0161anje bole\u010din in je primeren za dnevno uporabo zaradi visoke vsebnosti CBD-ja in jasnih u\u010dinkov.<\/p>\n<p>KOLUMBJSKO ZLATO + NEPALSKO + TAJSKA + \u0160VICA\u0160KA LIJEPA LANDRACE<\/p>\n<p>ZEMLJA \u2013 PAKET \u2013 LESEN \u2013 OKUSI MANGA<\/p>\n<p>BOLE\u010cINA \u2013 STRES \u2013 VNETJE \u2013 DEPRESIJA \u2013 Slabost \u2013 ZDRAVSTVO<\/p>\n<p>VZDOBLJENO \u2013 SPRO\u0160\u010cENO \u2013 BLA\u017dNO \u2013 Osredoto\u010deno \u2013 NA SPLO\u0160NO SRE\u010cNO\/p<\/p>\n","protected":false},"excerpt":{"rendered":"<p>Kupite kartu\u0161e Harlequin Co2 za prodajo, harlequin vape kartu\u0161e, harlequin cbd vape kartu\u0161e, &#8230; Kupite oljne kartu\u0161e THC Vape Pen, THC kartu\u0161e za prodajo na spletu. Kupite kartu\u0161o Harlequin CO2 Oil 1g na spletu. UK THC kartu\u0161e za prodajo. Kupite vlo\u017eke olja co2 Vape.<\/p>\n<h2>Kupite kartu\u0161e THC Cannabis Oil<\/h2>\n<p>cena izdelka je naslednja: za 1g kartu\u0161o<br \/> <strong>Najmanj\u0161a koli\u010dina naro\u010dila je: 5 kartu\u0161<\/p>\n","protected":false},"featured_media":4409,"comment_status":"open","ping_status":"closed","template":"","meta":[],"product_brand":[],"product_cat":[440],"product_tag":[],"class_list":{"0":"post-4374","1":"product","2":"type-product","3":"status-publish","4":"has-post-thumbnail","6":"product_cat-kupi-konopljino-cbd-olje","8":"first","9":"instock","10":"shipping-taxable","11":"purchasable","12":"product-type-variable","13":"has-default-attributes"},"yoast_head":"<!-- This site is optimized with the Yoast SEO plugin v27.3 - https:\/\/yoast.com\/product\/yoast-seo-wordpress\/ -->\n<title>Kupite kartu\u0161o Harlequin CO2 Oil 1g na spletu \u2013 najbolj\u0161a zdravila na svetu<\/title>\n<meta name=\"description\" content=\"Kupite kartu\u0161e Harlequin Co2 za prodajo, kartu\u0161e za vape harlequin, kartu\u0161e za vape harlequin cbd, ... Kupite oljne kartu\u0161e THC Vape Pen, THC kartu\u0161e za prodajo na spletu. Kupite kartu\u0161o Harlequin CO2 Oil 1g na spletu. UK THC kartu\u0161e za prodajo. Kupite oljne kartu\u0161e co2 Vape.\" \/>\n<meta name=\"robots\" content=\"index, follow, max-snippet:-1, max-image-preview:large, max-video-preview:-1\" \/>\n<link rel=\"canonical\" href=\"https:\/\/medicinasinc.com\/sl\/product\/kupi-harlekin-co2-olje-1g-vlozek\/\" \/>\n<meta property=\"og:locale\" content=\"en_US\" \/>\n<meta property=\"og:type\" content=\"article\" \/>\n<meta property=\"og:title\" content=\"Kupite kartu\u0161o Harlequin CO2 Oil 1g na spletu \u2013 najbolj\u0161a zdravila na svetu\" \/>\n<meta property=\"og:description\" content=\"Kupite kartu\u0161e Harlequin Co2 za prodajo, kartu\u0161e za vape harlequin, kartu\u0161e za vape harlequin cbd, ... Kupite oljne kartu\u0161e THC Vape Pen, THC kartu\u0161e za prodajo na spletu. Kupite kartu\u0161o Harlequin CO2 Oil 1g na spletu. UK THC kartu\u0161e za prodajo. Kupite oljne kartu\u0161e co2 Vape.\" \/>\n<meta property=\"og:url\" content=\"https:\/\/medicinasinc.com\/sl\/product\/kupi-harlekin-co2-olje-1g-vlozek\/\" \/>\n<meta property=\"og:site_name\" content=\"Medicinas Inc\" \/>\n<meta property=\"article:modified_time\" content=\"2022-03-19T01:07:34+00:00\" \/>\n<meta property=\"og:image\" content=\"https:\/\/medicinasinc.com\/sl\/wp-content\/uploads\/sites\/7\/2022\/02\/Buy-Harlequin-CO2-Oil-1g-Cartridge-Online.jpg\" \/>\n\t<meta property=\"og:image:width\" content=\"600\" \/>\n\t<meta property=\"og:image:height\" content=\"600\" \/>\n\t<meta property=\"og:image:type\" content=\"image\/jpeg\" \/>\n<meta name=\"twitter:card\" content=\"summary_large_image\" \/>\n<meta name=\"twitter:label1\" content=\"Est. reading time\" \/>\n\t<meta name=\"twitter:data1\" content=\"1 minute\" \/>\n<script type=\"application\/ld+json\" class=\"yoast-schema-graph\">{\"@context\":\"https:\\\/\\\/schema.org\",\"@graph\":[{\"@type\":\"WebPage\",\"@id\":\"https:\\\/\\\/medicinasinc.com\\\/sl\\\/product\\\/kupi-harlekin-co2-olje-1g-vlozek\\\/\",\"url\":\"https:\\\/\\\/medicinasinc.com\\\/sl\\\/product\\\/kupi-harlekin-co2-olje-1g-vlozek\\\/\",\"name\":\"Kupite kartu\u0161o Harlequin CO2 Oil 1g na spletu \u2013 najbolj\u0161a zdravila na svetu\",\"isPartOf\":{\"@id\":\"https:\\\/\\\/medicinasinc.com\\\/sl\\\/#website\"},\"primaryImageOfPage\":{\"@id\":\"https:\\\/\\\/medicinasinc.com\\\/sl\\\/product\\\/kupi-harlekin-co2-olje-1g-vlozek\\\/#primaryimage\"},\"image\":{\"@id\":\"https:\\\/\\\/medicinasinc.com\\\/sl\\\/product\\\/kupi-harlekin-co2-olje-1g-vlozek\\\/#primaryimage\"},\"thumbnailUrl\":\"https:\\\/\\\/medicinasinc.com\\\/sl\\\/wp-content\\\/uploads\\\/sites\\\/7\\\/2022\\\/02\\\/Buy-Harlequin-CO2-Oil-1g-Cartridge-Online.jpg\",\"datePublished\":\"2022-02-20T08:40:15+00:00\",\"dateModified\":\"2022-03-19T01:07:34+00:00\",\"description\":\"Kupite kartu\u0161e Harlequin Co2 za prodajo, kartu\u0161e za vape harlequin, kartu\u0161e za vape harlequin cbd, ... Kupite oljne kartu\u0161e THC Vape Pen, THC kartu\u0161e za prodajo na spletu. Kupite kartu\u0161o Harlequin CO2 Oil 1g na spletu. UK THC kartu\u0161e za prodajo. Kupite oljne kartu\u0161e co2 Vape.\",\"breadcrumb\":{\"@id\":\"https:\\\/\\\/medicinasinc.com\\\/sl\\\/product\\\/kupi-harlekin-co2-olje-1g-vlozek\\\/#breadcrumb\"},\"inLanguage\":\"en-US\",\"potentialAction\":[{\"@type\":\"ReadAction\",\"target\":[\"https:\\\/\\\/medicinasinc.com\\\/sl\\\/product\\\/kupi-harlekin-co2-olje-1g-vlozek\\\/\"]}]},{\"@type\":\"ImageObject\",\"inLanguage\":\"en-US\",\"@id\":\"https:\\\/\\\/medicinasinc.com\\\/sl\\\/product\\\/kupi-harlekin-co2-olje-1g-vlozek\\\/#primaryimage\",\"url\":\"https:\\\/\\\/medicinasinc.com\\\/sl\\\/wp-content\\\/uploads\\\/sites\\\/7\\\/2022\\\/02\\\/Buy-Harlequin-CO2-Oil-1g-Cartridge-Online.jpg\",\"contentUrl\":\"https:\\\/\\\/medicinasinc.com\\\/sl\\\/wp-content\\\/uploads\\\/sites\\\/7\\\/2022\\\/02\\\/Buy-Harlequin-CO2-Oil-1g-Cartridge-Online.jpg\",\"width\":600,\"height\":600},{\"@type\":\"BreadcrumbList\",\"@id\":\"https:\\\/\\\/medicinasinc.com\\\/sl\\\/product\\\/kupi-harlekin-co2-olje-1g-vlozek\\\/#breadcrumb\",\"itemListElement\":[{\"@type\":\"ListItem\",\"position\":1,\"name\":\"Nakupujte\",\"item\":\"https:\\\/\\\/medicinasinc.com\\\/sl\\\/nakupujte\\\/\"},{\"@type\":\"ListItem\",\"position\":2,\"name\":\"Kupite Harlequin CO2 olje 1g kartu\u0161o\"}]},{\"@type\":\"WebSite\",\"@id\":\"https:\\\/\\\/medicinasinc.com\\\/sl\\\/#website\",\"url\":\"https:\\\/\\\/medicinasinc.com\\\/sl\\\/\",\"name\":\"Medicinas Inc\",\"description\":\"Health Medical Clinic\",\"potentialAction\":[{\"@type\":\"SearchAction\",\"target\":{\"@type\":\"EntryPoint\",\"urlTemplate\":\"https:\\\/\\\/medicinasinc.com\\\/sl\\\/?s={search_term_string}\"},\"query-input\":{\"@type\":\"PropertyValueSpecification\",\"valueRequired\":true,\"valueName\":\"search_term_string\"}}],\"inLanguage\":\"en-US\"}]}<\/script>\n<!-- \/ Yoast SEO plugin. -->","yoast_head_json":{"title":"Kupite kartu\u0161o Harlequin CO2 Oil 1g na spletu \u2013 najbolj\u0161a zdravila na svetu","description":"Kupite kartu\u0161e Harlequin Co2 za prodajo, kartu\u0161e za vape harlequin, kartu\u0161e za vape harlequin cbd, ... Kupite oljne kartu\u0161e THC Vape Pen, THC kartu\u0161e za prodajo na spletu. Kupite kartu\u0161o Harlequin CO2 Oil 1g na spletu. UK THC kartu\u0161e za prodajo. Kupite oljne kartu\u0161e co2 Vape.","robots":{"index":"index","follow":"follow","max-snippet":"max-snippet:-1","max-image-preview":"max-image-preview:large","max-video-preview":"max-video-preview:-1"},"canonical":"https:\/\/medicinasinc.com\/sl\/product\/kupi-harlekin-co2-olje-1g-vlozek\/","og_locale":"en_US","og_type":"article","og_title":"Kupite kartu\u0161o Harlequin CO2 Oil 1g na spletu \u2013 najbolj\u0161a zdravila na svetu","og_description":"Kupite kartu\u0161e Harlequin Co2 za prodajo, kartu\u0161e za vape harlequin, kartu\u0161e za vape harlequin cbd, ... Kupite oljne kartu\u0161e THC Vape Pen, THC kartu\u0161e za prodajo na spletu. Kupite kartu\u0161o Harlequin CO2 Oil 1g na spletu. UK THC kartu\u0161e za prodajo. Kupite oljne kartu\u0161e co2 Vape.","og_url":"https:\/\/medicinasinc.com\/sl\/product\/kupi-harlekin-co2-olje-1g-vlozek\/","og_site_name":"Medicinas Inc","article_modified_time":"2022-03-19T01:07:34+00:00","og_image":[{"width":600,"height":600,"url":"https:\/\/medicinasinc.com\/sl\/wp-content\/uploads\/sites\/7\/2022\/02\/Buy-Harlequin-CO2-Oil-1g-Cartridge-Online.jpg","type":"image\/jpeg"}],"twitter_card":"summary_large_image","twitter_misc":{"Est. reading time":"1 minute"},"schema":{"@context":"https:\/\/schema.org","@graph":[{"@type":"WebPage","@id":"https:\/\/medicinasinc.com\/sl\/product\/kupi-harlekin-co2-olje-1g-vlozek\/","url":"https:\/\/medicinasinc.com\/sl\/product\/kupi-harlekin-co2-olje-1g-vlozek\/","name":"Kupite kartu\u0161o Harlequin CO2 Oil 1g na spletu \u2013 najbolj\u0161a zdravila na svetu","isPartOf":{"@id":"https:\/\/medicinasinc.com\/sl\/#website"},"primaryImageOfPage":{"@id":"https:\/\/medicinasinc.com\/sl\/product\/kupi-harlekin-co2-olje-1g-vlozek\/#primaryimage"},"image":{"@id":"https:\/\/medicinasinc.com\/sl\/product\/kupi-harlekin-co2-olje-1g-vlozek\/#primaryimage"},"thumbnailUrl":"https:\/\/medicinasinc.com\/sl\/wp-content\/uploads\/sites\/7\/2022\/02\/Buy-Harlequin-CO2-Oil-1g-Cartridge-Online.jpg","datePublished":"2022-02-20T08:40:15+00:00","dateModified":"2022-03-19T01:07:34+00:00","description":"Kupite kartu\u0161e Harlequin Co2 za prodajo, kartu\u0161e za vape harlequin, kartu\u0161e za vape harlequin cbd, ... Kupite oljne kartu\u0161e THC Vape Pen, THC kartu\u0161e za prodajo na spletu. Kupite kartu\u0161o Harlequin CO2 Oil 1g na spletu. UK THC kartu\u0161e za prodajo. Kupite oljne kartu\u0161e co2 Vape.","breadcrumb":{"@id":"https:\/\/medicinasinc.com\/sl\/product\/kupi-harlekin-co2-olje-1g-vlozek\/#breadcrumb"},"inLanguage":"en-US","potentialAction":[{"@type":"ReadAction","target":["https:\/\/medicinasinc.com\/sl\/product\/kupi-harlekin-co2-olje-1g-vlozek\/"]}]},{"@type":"ImageObject","inLanguage":"en-US","@id":"https:\/\/medicinasinc.com\/sl\/product\/kupi-harlekin-co2-olje-1g-vlozek\/#primaryimage","url":"https:\/\/medicinasinc.com\/sl\/wp-content\/uploads\/sites\/7\/2022\/02\/Buy-Harlequin-CO2-Oil-1g-Cartridge-Online.jpg","contentUrl":"https:\/\/medicinasinc.com\/sl\/wp-content\/uploads\/sites\/7\/2022\/02\/Buy-Harlequin-CO2-Oil-1g-Cartridge-Online.jpg","width":600,"height":600},{"@type":"BreadcrumbList","@id":"https:\/\/medicinasinc.com\/sl\/product\/kupi-harlekin-co2-olje-1g-vlozek\/#breadcrumb","itemListElement":[{"@type":"ListItem","position":1,"name":"Nakupujte","item":"https:\/\/medicinasinc.com\/sl\/nakupujte\/"},{"@type":"ListItem","position":2,"name":"Kupite Harlequin CO2 olje 1g kartu\u0161o"}]},{"@type":"WebSite","@id":"https:\/\/medicinasinc.com\/sl\/#website","url":"https:\/\/medicinasinc.com\/sl\/","name":"Medicinas Inc","description":"Health Medical Clinic","potentialAction":[{"@type":"SearchAction","target":{"@type":"EntryPoint","urlTemplate":"https:\/\/medicinasinc.com\/sl\/?s={search_term_string}"},"query-input":{"@type":"PropertyValueSpecification","valueRequired":true,"valueName":"search_term_string"}}],"inLanguage":"en-US"}]}},"_links":{"self":[{"href":"https:\/\/medicinasinc.com\/sl\/wp-json\/wp\/v2\/product\/4374","targetHints":{"allow":["GET"]}}],"collection":[{"href":"https:\/\/medicinasinc.com\/sl\/wp-json\/wp\/v2\/product"}],"about":[{"href":"https:\/\/medicinasinc.com\/sl\/wp-json\/wp\/v2\/types\/product"}],"replies":[{"embeddable":true,"href":"https:\/\/medicinasinc.com\/sl\/wp-json\/wp\/v2\/comments?post=4374"}],"wp:featuredmedia":[{"embeddable":true,"href":"https:\/\/medicinasinc.com\/sl\/wp-json\/wp\/v2\/media\/4409"}],"wp:attachment":[{"href":"https:\/\/medicinasinc.com\/sl\/wp-json\/wp\/v2\/media?parent=4374"}],"wp:term":[{"taxonomy":"product_brand","embeddable":true,"href":"https:\/\/medicinasinc.com\/sl\/wp-json\/wp\/v2\/product_brand?post=4374"},{"taxonomy":"product_cat","embeddable":true,"href":"https:\/\/medicinasinc.com\/sl\/wp-json\/wp\/v2\/product_cat?post=4374"},{"taxonomy":"product_tag","embeddable":true,"href":"https:\/\/medicinasinc.com\/sl\/wp-json\/wp\/v2\/product_tag?post=4374"}],"curies":[{"name":"wp","href":"https:\/\/api.w.org\/{rel}","templated":true}]}}