{"id":4367,"date":"2022-02-20T08:35:49","date_gmt":"2022-02-20T08:35:49","guid":{"rendered":"https:\/\/medicinasinc.com\/sl\/?post_type=product&#038;p=4367"},"modified":"2022-03-19T01:07:44","modified_gmt":"2022-03-19T01:07:44","slug":"kupi-kanatonsko-co2-oljno-kartuso","status":"publish","type":"product","link":"https:\/\/medicinasinc.com\/sl\/product\/kupi-kanatonsko-co2-oljno-kartuso\/","title":{"rendered":"Kupite Cannatonic CO2 oljno kartu\u0161o"},"content":{"rendered":"<p>Kupite kartu\u0161e Rick Simpson Cannabis Oil 1g na spletu v Zdru\u017eenih dr\u017eavah Amerike.<\/p>\n<p>Kupite kartu\u0161e Rick Simpson Cannabis Oil 1g na spletu v Zdru\u017eenih dr\u017eavah Amerike.<\/p>\n<p>Po namakanju namo\u010dite. najbolj fino konopljo v \u010disti nafte ali izopropil alkoholu, se iz rastline ekstrahirajo terapevtske spojine, ki pu\u0161\u010dajo katranu podobno teko\u010dino, ko topilo popolnoma izhlapi. Pridobivamo visokokakovostno olje iz konoplje Rick Simpson. To lahko jemljete peroralno ali nanesete neposredno na ko\u017eo.<\/p>\n<p>Washington, DC, olje Ricka Simpsona<\/p>\n<p>Olje Ricka Simpsona je uparjena raztopina, pridobljena iz konoplje. Za mnoge ljudi je bil to izhod iz raka. Poleg tega se olje imenuje konopljino olje Rick Simpson in olje konoplje Rick Simpson.<\/p>\n<p>\u010ce ste marihuano iskali v medicinske namene, ste morda naleteli na olje Ricka Simpsona. RSO je edinstven izvle\u010dek konoplje, ki si je svoje ime prislu\u017eil po \u010dloveku po imenu, uganili ste, Rick Simpson.<\/p>\n<p>Je izjemno mo\u010dan izvle\u010dek konoplje z visoko koncentracijo THC-ja, psihoaktivne snovi. sestavina konoplje. Olje se pridobiva s koncentriranjem vsebnosti THC-ja v posu\u0161enih indikatorskih cvetovih z uporabo raztopine. Indica ima prednost pred drugimi sevi zaradi pomirjevalnih u\u010dinkov. Zaradi visoke koncentracije rastlinskega materiala in odsotnosti transportnih olj je nastalo olje temno zemeljske barve in gosto, v nasprotju s \u0161tevilnimi koncentrati, ki smo jih navajeni videti.<\/p>\n<p>Olje so odkrili v 2003. Ricku Simpsonu je bila diagnosticirana vrsta ko\u017enega raka in se je za zdravljenje obrnil na konopljo. Pred kratkim se je spra\u0161eval, ali bi konoplja lahko pomagala pri njegovih razli\u010dnih tegobah, a je naletel na nezadovoljstvo. Rastlino je poiskal sam in je verjel, da pomirja njegove znake. Ko je ugotovil, da ima raka, je pregledal raziskavo, ki je odkrila, da lahko konoplja zmanj\u0161a tumorje pri mi\u0161ih, in se odlo\u010dil poskusiti u\u010dinkovito ureditev konoplje.<\/p>\n<p>\u0160tiri dni je koncentrate konoplje nana\u0161al na gazo in prekrival svoje tumorje. Ko je odstranil odseke, so tumorji izginili. To razkritje je spodbudilo ustanovitev podjetja Rick Simpson Oil. Svoj vpogled je v vsakem primeru za\u010del deliti z nabiranjem konoplje in proizvodnjo olja za druge, ki so bili prikraj\u0161ani, preden so naleteli na pravne te\u017eave. Trenutno Rick Simpson spodbuja druge, da izdelajo svoje olje, in daje smernice.<\/p>\n<p>\u010ce i\u0161\u010dete najbolj\u0161e olje na svetu, je Rick Simpson oil Washington va\u0161a najbolj\u0161a izbira. Washingtonu zagotavljamo \u010disto olje Ricka Simpsona. Naro\u010dite zdaj in v nekaj dneh bo dostavljeno na va\u0161 prag.<\/p>\n<p>Zdravilo, ki je hkrati varno in u\u010dinkovito<br \/> Konopljino olje Rick Simpson je v svojem razredu zaradi ne &#8211; strupene narave. \u010ce i\u0161\u010dete varen na\u010din za zdravljenje raka ali \u0161tevilnih drugih bolezni, je konopljino olje Rick Simpson morda pravi odgovor. Za uporabo tega olja niti ne potrebujete nadzora zdravnika.<\/p>\n","protected":false},"excerpt":{"rendered":"<p>Kupite Cannatonic CO2 Oil Cartridges varno in ugodno na spletu. Odkrijte pester izbor visokokakovostnih izdelkov iz marihuane za prodajo v Zdru\u017eenih dr\u017eavah Amerike, Evropi in Zdru\u017eenem kraljestvu!<\/p>\n<p>Kupite kartu\u0161e Rick Simpson Cannabis Oil 1g na spletu v Zdru\u017eenih dr\u017eavah Amerike.<\/p>\n<p> p&gt; <\/p>\n<p>Konopljino olje Rick Simpson je na voljo v razli\u010dnih sevih. Razli\u010dni CBD &amp; Koncentracije THC za raka &amp; ve\u010d.<\/p>\n<p>Kupite Rick Simpson 1g Cartridges of Cannabis Oil<\/p>\n<p>Cena izdelka je naslednja: za 1g vlo\u017eek<br \/> Zahtevana je minimalna koli\u010dina naro\u010dila 5 kartu\u0161. <\/p>\n","protected":false},"featured_media":4402,"comment_status":"open","ping_status":"closed","template":"","meta":[],"product_brand":[],"product_cat":[440],"product_tag":[454,455,456,457,458,460,461,462,463,464,465,466,471,474,476,472,452,453,459,467,470,475,473,468,469,451,478,477,479,480],"class_list":{"0":"post-4367","1":"product","2":"type-product","3":"status-publish","4":"has-post-thumbnail","6":"product_cat-kupi-konopljino-cbd-olje","7":"product_tag-buy-marijuana-edibles-online","8":"product_tag-buy-marijuana-online","9":"product_tag-buy-marijuana-online-bitcoin","10":"product_tag-buy-marijuana-online-europe","11":"product_tag-buy-marijuana-online-in-usa","12":"product_tag-buy-marijuana-wax-online-usa","13":"product_tag-buy-medical-marijuana-online","14":"product_tag-buy-moonrock-online-bitcoin","15":"product_tag-buy-moonrock-online-uk","16":"product_tag-buy-moonrocks-online","17":"product_tag-buy-weed-in-australia","18":"product_tag-buy-weed-in-france","19":"product_tag-buy-weed-online-bitcoin","20":"product_tag-buy-weed-online-legally","21":"product_tag-buying-marijuana-online","22":"product_tag-kupi-plevel-online-diskretno","23":"product_tag-kupi-kanatonsko-co2-oljno-kartuo","24":"product_tag-kupite-kannatonic-co2-oil-cartridge-online","25":"product_tag-kupi-marihuano-na-spletu-zda","26":"product_tag-buy-weed-in-ireland","27":"product_tag-kupi-plevel-online","28":"product_tag-buy-weed-online-uk","29":"product_tag-kupi-plevel-online-europe","30":"product_tag-kupi-plevel-v-vici","31":"product_tag-kupi-travo-v-zda","32":"product_tag-kupi-konopljo-z-bitcoinom","33":"product_tag-kush-na-prodaj","34":"product_tag-spletno-nakupovanje-trave","35":"product_tag-marihuana-za-prodajo","36":"product_tag-where-to-buy-marijuana-online","38":"first","39":"instock","40":"shipping-taxable","41":"purchasable","42":"product-type-variable","43":"has-default-attributes"},"yoast_head":"<!-- This site is optimized with the Yoast SEO plugin v27.3 - https:\/\/yoast.com\/product\/yoast-seo-wordpress\/ -->\n<title>Kupite kartu\u0161o Cannatonic CO2 Oil 1g na spletu (Kopija) - Best Global Meds<\/title>\n<meta name=\"description\" content=\"Kupite Cannatonic CO2 Oil Cartridge za varno spletno prodajo po dostopnih cenah. Odkrijte \u0161iroko paleto kakovostnih izdelkov iz plevela za prodajo ZDA, EU, UK!\" \/>\n<meta name=\"robots\" content=\"index, follow, max-snippet:-1, max-image-preview:large, max-video-preview:-1\" \/>\n<link rel=\"canonical\" href=\"https:\/\/medicinasinc.com\/sl\/product\/kupi-kanatonsko-co2-oljno-kartuso\/\" \/>\n<meta property=\"og:locale\" content=\"en_US\" \/>\n<meta property=\"og:type\" content=\"article\" \/>\n<meta property=\"og:title\" content=\"Kupite kartu\u0161o Cannatonic CO2 Oil 1g na spletu (Kopija) - Best Global Meds\" \/>\n<meta property=\"og:description\" content=\"Kupite Cannatonic CO2 Oil Cartridge za varno spletno prodajo po dostopnih cenah. Odkrijte \u0161iroko paleto kakovostnih izdelkov iz plevela za prodajo ZDA, EU, UK!\" \/>\n<meta property=\"og:url\" content=\"https:\/\/medicinasinc.com\/sl\/product\/kupi-kanatonsko-co2-oljno-kartuso\/\" \/>\n<meta property=\"og:site_name\" content=\"Medicinas Inc\" \/>\n<meta property=\"article:modified_time\" content=\"2022-03-19T01:07:44+00:00\" \/>\n<meta property=\"og:image\" content=\"https:\/\/medicinasinc.com\/sl\/wp-content\/uploads\/sites\/7\/2022\/02\/Buy-Cannatonic-CO2-Oil-Cartridge.png\" \/>\n\t<meta property=\"og:image:width\" content=\"542\" \/>\n\t<meta property=\"og:image:height\" content=\"420\" \/>\n\t<meta property=\"og:image:type\" content=\"image\/png\" \/>\n<meta name=\"twitter:card\" content=\"summary_large_image\" \/>\n<meta name=\"twitter:label1\" content=\"Est. reading time\" \/>\n\t<meta name=\"twitter:data1\" content=\"3 minutes\" \/>\n<script type=\"application\/ld+json\" class=\"yoast-schema-graph\">{\"@context\":\"https:\\\/\\\/schema.org\",\"@graph\":[{\"@type\":\"WebPage\",\"@id\":\"https:\\\/\\\/medicinasinc.com\\\/sl\\\/product\\\/kupi-kanatonsko-co2-oljno-kartuso\\\/\",\"url\":\"https:\\\/\\\/medicinasinc.com\\\/sl\\\/product\\\/kupi-kanatonsko-co2-oljno-kartuso\\\/\",\"name\":\"Kupite kartu\u0161o Cannatonic CO2 Oil 1g na spletu (Kopija) - Best Global Meds\",\"isPartOf\":{\"@id\":\"https:\\\/\\\/medicinasinc.com\\\/sl\\\/#website\"},\"primaryImageOfPage\":{\"@id\":\"https:\\\/\\\/medicinasinc.com\\\/sl\\\/product\\\/kupi-kanatonsko-co2-oljno-kartuso\\\/#primaryimage\"},\"image\":{\"@id\":\"https:\\\/\\\/medicinasinc.com\\\/sl\\\/product\\\/kupi-kanatonsko-co2-oljno-kartuso\\\/#primaryimage\"},\"thumbnailUrl\":\"https:\\\/\\\/medicinasinc.com\\\/sl\\\/wp-content\\\/uploads\\\/sites\\\/7\\\/2022\\\/02\\\/Buy-Cannatonic-CO2-Oil-Cartridge.png\",\"datePublished\":\"2022-02-20T08:35:49+00:00\",\"dateModified\":\"2022-03-19T01:07:44+00:00\",\"description\":\"Kupite Cannatonic CO2 Oil Cartridge za varno spletno prodajo po dostopnih cenah. Odkrijte \u0161iroko paleto kakovostnih izdelkov iz plevela za prodajo ZDA, EU, UK!\",\"breadcrumb\":{\"@id\":\"https:\\\/\\\/medicinasinc.com\\\/sl\\\/product\\\/kupi-kanatonsko-co2-oljno-kartuso\\\/#breadcrumb\"},\"inLanguage\":\"en-US\",\"potentialAction\":[{\"@type\":\"ReadAction\",\"target\":[\"https:\\\/\\\/medicinasinc.com\\\/sl\\\/product\\\/kupi-kanatonsko-co2-oljno-kartuso\\\/\"]}]},{\"@type\":\"ImageObject\",\"inLanguage\":\"en-US\",\"@id\":\"https:\\\/\\\/medicinasinc.com\\\/sl\\\/product\\\/kupi-kanatonsko-co2-oljno-kartuso\\\/#primaryimage\",\"url\":\"https:\\\/\\\/medicinasinc.com\\\/sl\\\/wp-content\\\/uploads\\\/sites\\\/7\\\/2022\\\/02\\\/Buy-Cannatonic-CO2-Oil-Cartridge.png\",\"contentUrl\":\"https:\\\/\\\/medicinasinc.com\\\/sl\\\/wp-content\\\/uploads\\\/sites\\\/7\\\/2022\\\/02\\\/Buy-Cannatonic-CO2-Oil-Cartridge.png\",\"width\":542,\"height\":420},{\"@type\":\"BreadcrumbList\",\"@id\":\"https:\\\/\\\/medicinasinc.com\\\/sl\\\/product\\\/kupi-kanatonsko-co2-oljno-kartuso\\\/#breadcrumb\",\"itemListElement\":[{\"@type\":\"ListItem\",\"position\":1,\"name\":\"Nakupujte\",\"item\":\"https:\\\/\\\/medicinasinc.com\\\/sl\\\/nakupujte\\\/\"},{\"@type\":\"ListItem\",\"position\":2,\"name\":\"Kupite Cannatonic CO2 oljno kartu\u0161o\"}]},{\"@type\":\"WebSite\",\"@id\":\"https:\\\/\\\/medicinasinc.com\\\/sl\\\/#website\",\"url\":\"https:\\\/\\\/medicinasinc.com\\\/sl\\\/\",\"name\":\"Medicinas Inc\",\"description\":\"Health Medical Clinic\",\"potentialAction\":[{\"@type\":\"SearchAction\",\"target\":{\"@type\":\"EntryPoint\",\"urlTemplate\":\"https:\\\/\\\/medicinasinc.com\\\/sl\\\/?s={search_term_string}\"},\"query-input\":{\"@type\":\"PropertyValueSpecification\",\"valueRequired\":true,\"valueName\":\"search_term_string\"}}],\"inLanguage\":\"en-US\"}]}<\/script>\n<!-- \/ Yoast SEO plugin. -->","yoast_head_json":{"title":"Kupite kartu\u0161o Cannatonic CO2 Oil 1g na spletu (Kopija) - Best Global Meds","description":"Kupite Cannatonic CO2 Oil Cartridge za varno spletno prodajo po dostopnih cenah. Odkrijte \u0161iroko paleto kakovostnih izdelkov iz plevela za prodajo ZDA, EU, UK!","robots":{"index":"index","follow":"follow","max-snippet":"max-snippet:-1","max-image-preview":"max-image-preview:large","max-video-preview":"max-video-preview:-1"},"canonical":"https:\/\/medicinasinc.com\/sl\/product\/kupi-kanatonsko-co2-oljno-kartuso\/","og_locale":"en_US","og_type":"article","og_title":"Kupite kartu\u0161o Cannatonic CO2 Oil 1g na spletu (Kopija) - Best Global Meds","og_description":"Kupite Cannatonic CO2 Oil Cartridge za varno spletno prodajo po dostopnih cenah. Odkrijte \u0161iroko paleto kakovostnih izdelkov iz plevela za prodajo ZDA, EU, UK!","og_url":"https:\/\/medicinasinc.com\/sl\/product\/kupi-kanatonsko-co2-oljno-kartuso\/","og_site_name":"Medicinas Inc","article_modified_time":"2022-03-19T01:07:44+00:00","og_image":[{"width":542,"height":420,"url":"https:\/\/medicinasinc.com\/sl\/wp-content\/uploads\/sites\/7\/2022\/02\/Buy-Cannatonic-CO2-Oil-Cartridge.png","type":"image\/png"}],"twitter_card":"summary_large_image","twitter_misc":{"Est. reading time":"3 minutes"},"schema":{"@context":"https:\/\/schema.org","@graph":[{"@type":"WebPage","@id":"https:\/\/medicinasinc.com\/sl\/product\/kupi-kanatonsko-co2-oljno-kartuso\/","url":"https:\/\/medicinasinc.com\/sl\/product\/kupi-kanatonsko-co2-oljno-kartuso\/","name":"Kupite kartu\u0161o Cannatonic CO2 Oil 1g na spletu (Kopija) - Best Global Meds","isPartOf":{"@id":"https:\/\/medicinasinc.com\/sl\/#website"},"primaryImageOfPage":{"@id":"https:\/\/medicinasinc.com\/sl\/product\/kupi-kanatonsko-co2-oljno-kartuso\/#primaryimage"},"image":{"@id":"https:\/\/medicinasinc.com\/sl\/product\/kupi-kanatonsko-co2-oljno-kartuso\/#primaryimage"},"thumbnailUrl":"https:\/\/medicinasinc.com\/sl\/wp-content\/uploads\/sites\/7\/2022\/02\/Buy-Cannatonic-CO2-Oil-Cartridge.png","datePublished":"2022-02-20T08:35:49+00:00","dateModified":"2022-03-19T01:07:44+00:00","description":"Kupite Cannatonic CO2 Oil Cartridge za varno spletno prodajo po dostopnih cenah. Odkrijte \u0161iroko paleto kakovostnih izdelkov iz plevela za prodajo ZDA, EU, UK!","breadcrumb":{"@id":"https:\/\/medicinasinc.com\/sl\/product\/kupi-kanatonsko-co2-oljno-kartuso\/#breadcrumb"},"inLanguage":"en-US","potentialAction":[{"@type":"ReadAction","target":["https:\/\/medicinasinc.com\/sl\/product\/kupi-kanatonsko-co2-oljno-kartuso\/"]}]},{"@type":"ImageObject","inLanguage":"en-US","@id":"https:\/\/medicinasinc.com\/sl\/product\/kupi-kanatonsko-co2-oljno-kartuso\/#primaryimage","url":"https:\/\/medicinasinc.com\/sl\/wp-content\/uploads\/sites\/7\/2022\/02\/Buy-Cannatonic-CO2-Oil-Cartridge.png","contentUrl":"https:\/\/medicinasinc.com\/sl\/wp-content\/uploads\/sites\/7\/2022\/02\/Buy-Cannatonic-CO2-Oil-Cartridge.png","width":542,"height":420},{"@type":"BreadcrumbList","@id":"https:\/\/medicinasinc.com\/sl\/product\/kupi-kanatonsko-co2-oljno-kartuso\/#breadcrumb","itemListElement":[{"@type":"ListItem","position":1,"name":"Nakupujte","item":"https:\/\/medicinasinc.com\/sl\/nakupujte\/"},{"@type":"ListItem","position":2,"name":"Kupite Cannatonic CO2 oljno kartu\u0161o"}]},{"@type":"WebSite","@id":"https:\/\/medicinasinc.com\/sl\/#website","url":"https:\/\/medicinasinc.com\/sl\/","name":"Medicinas Inc","description":"Health Medical Clinic","potentialAction":[{"@type":"SearchAction","target":{"@type":"EntryPoint","urlTemplate":"https:\/\/medicinasinc.com\/sl\/?s={search_term_string}"},"query-input":{"@type":"PropertyValueSpecification","valueRequired":true,"valueName":"search_term_string"}}],"inLanguage":"en-US"}]}},"_links":{"self":[{"href":"https:\/\/medicinasinc.com\/sl\/wp-json\/wp\/v2\/product\/4367","targetHints":{"allow":["GET"]}}],"collection":[{"href":"https:\/\/medicinasinc.com\/sl\/wp-json\/wp\/v2\/product"}],"about":[{"href":"https:\/\/medicinasinc.com\/sl\/wp-json\/wp\/v2\/types\/product"}],"replies":[{"embeddable":true,"href":"https:\/\/medicinasinc.com\/sl\/wp-json\/wp\/v2\/comments?post=4367"}],"wp:featuredmedia":[{"embeddable":true,"href":"https:\/\/medicinasinc.com\/sl\/wp-json\/wp\/v2\/media\/4402"}],"wp:attachment":[{"href":"https:\/\/medicinasinc.com\/sl\/wp-json\/wp\/v2\/media?parent=4367"}],"wp:term":[{"taxonomy":"product_brand","embeddable":true,"href":"https:\/\/medicinasinc.com\/sl\/wp-json\/wp\/v2\/product_brand?post=4367"},{"taxonomy":"product_cat","embeddable":true,"href":"https:\/\/medicinasinc.com\/sl\/wp-json\/wp\/v2\/product_cat?post=4367"},{"taxonomy":"product_tag","embeddable":true,"href":"https:\/\/medicinasinc.com\/sl\/wp-json\/wp\/v2\/product_tag?post=4367"}],"curies":[{"name":"wp","href":"https:\/\/api.w.org\/{rel}","templated":true}]}}