{"id":4359,"date":"2022-02-20T08:31:50","date_gmt":"2022-02-20T08:31:50","guid":{"rendered":"https:\/\/medicinasinc.com\/sl\/?post_type=product&#038;p=4359"},"modified":"2022-03-19T01:07:54","modified_gmt":"2022-03-19T01:07:54","slug":"buy-fab-cbd-oil-300mg-600mg-1200mg","status":"publish","type":"product","link":"https:\/\/medicinasinc.com\/sl\/product\/buy-fab-cbd-oil-300mg-600mg-1200mg\/","title":{"rendered":"Kupite Fab CBD olje 300 mg, 600 mg, 1200 mg"},"content":{"rendered":"<p>CBD oljne kapljice so odli\u010den na\u010din za spodbujanje splo\u0161nega dobrega po\u010dutja in vitalnosti. Ponujamo razli\u010dne okuse konopljinega olja CBD, ki so priljubljene pri na\u0161ih strankah, vklju\u010dno s citrusi, meto, naravnimi, jagodi\u010dji in vanilijo. FAB CBD Oil aroma je pridobljena iz najbolj\u0161ih sestavin. U\u017eivajte v slastnem okusu in aromi teh aromatiziranih CBD olj ali tradicionalnega okusa na\u0161ega naravnega CBD olja.<\/p>\n","protected":false},"excerpt":{"rendered":"<p>Kupite Fab CBD olje 300 mg, kupite Fab CBD olje 600 mg, kupite fab cbd 2400 mg, cbd olje, ki vas osre\u010di, najbolj\u0161e cbd izolacijsko olje, kupite cbd tinkturo na spletu, gnc cbd olje za tesnobo, cbd olje, jedilne kapljice olja fab cbd,fab cbd bela etiketa,<\/p>\n<p><strong>Najmanj\u0161a koli\u010dina naro\u010dila je: 5 kartu\u0161<\/strong><\/p>\n","protected":false},"featured_media":4394,"comment_status":"open","ping_status":"closed","template":"","meta":[],"product_brand":[],"product_cat":[440],"product_tag":[441,442,443,447,448,449,450,444,445,446],"class_list":{"0":"post-4359","1":"product","2":"type-product","3":"status-publish","4":"has-post-thumbnail","6":"product_cat-kupi-konopljino-cbd-olje","7":"product_tag-amazon-fab-cbd","8":"product_tag-best-cbd-isolate-oil","9":"product_tag-buy-cbd-tincture-online","10":"product_tag-cbd-oil-uitne-kapljice","11":"product_tag-cbd-oil-ki-te-osreujete","12":"product_tag-fab-cbd-white-label","13":"product_tag-gnc-cbd-oil-for-anksioznost","14":"product_tag-kupi-fab-cbd-2400-mg","15":"product_tag-buy-fab-cbd-oil-300mg","16":"product_tag-buy-fab-cbd-oil-600mg","18":"first","19":"instock","20":"shipping-taxable","21":"purchasable","22":"product-type-variable","23":"has-default-attributes"},"yoast_head":"<!-- This site is optimized with the Yoast SEO plugin v27.3 - https:\/\/yoast.com\/product\/yoast-seo-wordpress\/ -->\n<title>Kupite Fab CBD olje 300 mg, 600 mg, 1200 mg - najbolj\u0161a zdravila v svetu<\/title>\n<meta name=\"description\" content=\"Kupite Fab CBD olje 300 mg, kupite Fab CBD olje 600 mg, kupite fab cbd 2400 mg, cbd olje, ki vas osre\u010di, najbolj\u0161e cbd izolacijsko olje, kupite cbd tinkturo na spletu, gnc cbd olje za tesnobo, cbd olje, jedilne kapljice cbd, fab cbd bela etiketa,\" \/>\n<meta name=\"robots\" content=\"index, follow, max-snippet:-1, max-image-preview:large, max-video-preview:-1\" \/>\n<link rel=\"canonical\" href=\"https:\/\/medicinasinc.com\/sl\/product\/buy-fab-cbd-oil-300mg-600mg-1200mg\/\" \/>\n<meta property=\"og:locale\" content=\"en_US\" \/>\n<meta property=\"og:type\" content=\"article\" \/>\n<meta property=\"og:title\" content=\"Kupite Fab CBD olje 300 mg, 600 mg, 1200 mg - najbolj\u0161a zdravila v svetu\" \/>\n<meta property=\"og:description\" content=\"Kupite Fab CBD olje 300 mg, kupite Fab CBD olje 600 mg, kupite fab cbd 2400 mg, cbd olje, ki vas osre\u010di, najbolj\u0161e cbd izolacijsko olje, kupite cbd tinkturo na spletu, gnc cbd olje za tesnobo, cbd olje, jedilne kapljice cbd, fab cbd bela etiketa,\" \/>\n<meta property=\"og:url\" content=\"https:\/\/medicinasinc.com\/sl\/product\/buy-fab-cbd-oil-300mg-600mg-1200mg\/\" \/>\n<meta property=\"og:site_name\" content=\"Medicinas Inc\" \/>\n<meta property=\"article:modified_time\" content=\"2022-03-19T01:07:54+00:00\" \/>\n<meta property=\"og:image\" content=\"https:\/\/medicinasinc.com\/sl\/wp-content\/uploads\/sites\/7\/2022\/02\/Buy-Fab-CBD-Oil.jpg\" \/>\n\t<meta property=\"og:image:width\" content=\"600\" \/>\n\t<meta property=\"og:image:height\" content=\"600\" \/>\n\t<meta property=\"og:image:type\" content=\"image\/jpeg\" \/>\n<meta name=\"twitter:card\" content=\"summary_large_image\" \/>\n<meta name=\"twitter:label1\" content=\"Est. reading time\" \/>\n\t<meta name=\"twitter:data1\" content=\"1 minute\" \/>\n<script type=\"application\/ld+json\" class=\"yoast-schema-graph\">{\"@context\":\"https:\\\/\\\/schema.org\",\"@graph\":[{\"@type\":\"WebPage\",\"@id\":\"https:\\\/\\\/medicinasinc.com\\\/sl\\\/product\\\/buy-fab-cbd-oil-300mg-600mg-1200mg\\\/\",\"url\":\"https:\\\/\\\/medicinasinc.com\\\/sl\\\/product\\\/buy-fab-cbd-oil-300mg-600mg-1200mg\\\/\",\"name\":\"Kupite Fab CBD olje 300 mg, 600 mg, 1200 mg - najbolj\u0161a zdravila v svetu\",\"isPartOf\":{\"@id\":\"https:\\\/\\\/medicinasinc.com\\\/sl\\\/#website\"},\"primaryImageOfPage\":{\"@id\":\"https:\\\/\\\/medicinasinc.com\\\/sl\\\/product\\\/buy-fab-cbd-oil-300mg-600mg-1200mg\\\/#primaryimage\"},\"image\":{\"@id\":\"https:\\\/\\\/medicinasinc.com\\\/sl\\\/product\\\/buy-fab-cbd-oil-300mg-600mg-1200mg\\\/#primaryimage\"},\"thumbnailUrl\":\"https:\\\/\\\/medicinasinc.com\\\/sl\\\/wp-content\\\/uploads\\\/sites\\\/7\\\/2022\\\/02\\\/Buy-Fab-CBD-Oil.jpg\",\"datePublished\":\"2022-02-20T08:31:50+00:00\",\"dateModified\":\"2022-03-19T01:07:54+00:00\",\"description\":\"Kupite Fab CBD olje 300 mg, kupite Fab CBD olje 600 mg, kupite fab cbd 2400 mg, cbd olje, ki vas osre\u010di, najbolj\u0161e cbd izolacijsko olje, kupite cbd tinkturo na spletu, gnc cbd olje za tesnobo, cbd olje, jedilne kapljice cbd, fab cbd bela etiketa,\",\"breadcrumb\":{\"@id\":\"https:\\\/\\\/medicinasinc.com\\\/sl\\\/product\\\/buy-fab-cbd-oil-300mg-600mg-1200mg\\\/#breadcrumb\"},\"inLanguage\":\"en-US\",\"potentialAction\":[{\"@type\":\"ReadAction\",\"target\":[\"https:\\\/\\\/medicinasinc.com\\\/sl\\\/product\\\/buy-fab-cbd-oil-300mg-600mg-1200mg\\\/\"]}]},{\"@type\":\"ImageObject\",\"inLanguage\":\"en-US\",\"@id\":\"https:\\\/\\\/medicinasinc.com\\\/sl\\\/product\\\/buy-fab-cbd-oil-300mg-600mg-1200mg\\\/#primaryimage\",\"url\":\"https:\\\/\\\/medicinasinc.com\\\/sl\\\/wp-content\\\/uploads\\\/sites\\\/7\\\/2022\\\/02\\\/Buy-Fab-CBD-Oil.jpg\",\"contentUrl\":\"https:\\\/\\\/medicinasinc.com\\\/sl\\\/wp-content\\\/uploads\\\/sites\\\/7\\\/2022\\\/02\\\/Buy-Fab-CBD-Oil.jpg\",\"width\":600,\"height\":600},{\"@type\":\"BreadcrumbList\",\"@id\":\"https:\\\/\\\/medicinasinc.com\\\/sl\\\/product\\\/buy-fab-cbd-oil-300mg-600mg-1200mg\\\/#breadcrumb\",\"itemListElement\":[{\"@type\":\"ListItem\",\"position\":1,\"name\":\"Nakupujte\",\"item\":\"https:\\\/\\\/medicinasinc.com\\\/sl\\\/nakupujte\\\/\"},{\"@type\":\"ListItem\",\"position\":2,\"name\":\"Kupite Fab CBD olje 300 mg, 600 mg, 1200 mg\"}]},{\"@type\":\"WebSite\",\"@id\":\"https:\\\/\\\/medicinasinc.com\\\/sl\\\/#website\",\"url\":\"https:\\\/\\\/medicinasinc.com\\\/sl\\\/\",\"name\":\"Medicinas Inc\",\"description\":\"Health Medical Clinic\",\"potentialAction\":[{\"@type\":\"SearchAction\",\"target\":{\"@type\":\"EntryPoint\",\"urlTemplate\":\"https:\\\/\\\/medicinasinc.com\\\/sl\\\/?s={search_term_string}\"},\"query-input\":{\"@type\":\"PropertyValueSpecification\",\"valueRequired\":true,\"valueName\":\"search_term_string\"}}],\"inLanguage\":\"en-US\"}]}<\/script>\n<!-- \/ Yoast SEO plugin. -->","yoast_head_json":{"title":"Kupite Fab CBD olje 300 mg, 600 mg, 1200 mg - najbolj\u0161a zdravila v svetu","description":"Kupite Fab CBD olje 300 mg, kupite Fab CBD olje 600 mg, kupite fab cbd 2400 mg, cbd olje, ki vas osre\u010di, najbolj\u0161e cbd izolacijsko olje, kupite cbd tinkturo na spletu, gnc cbd olje za tesnobo, cbd olje, jedilne kapljice cbd, fab cbd bela etiketa,","robots":{"index":"index","follow":"follow","max-snippet":"max-snippet:-1","max-image-preview":"max-image-preview:large","max-video-preview":"max-video-preview:-1"},"canonical":"https:\/\/medicinasinc.com\/sl\/product\/buy-fab-cbd-oil-300mg-600mg-1200mg\/","og_locale":"en_US","og_type":"article","og_title":"Kupite Fab CBD olje 300 mg, 600 mg, 1200 mg - najbolj\u0161a zdravila v svetu","og_description":"Kupite Fab CBD olje 300 mg, kupite Fab CBD olje 600 mg, kupite fab cbd 2400 mg, cbd olje, ki vas osre\u010di, najbolj\u0161e cbd izolacijsko olje, kupite cbd tinkturo na spletu, gnc cbd olje za tesnobo, cbd olje, jedilne kapljice cbd, fab cbd bela etiketa,","og_url":"https:\/\/medicinasinc.com\/sl\/product\/buy-fab-cbd-oil-300mg-600mg-1200mg\/","og_site_name":"Medicinas Inc","article_modified_time":"2022-03-19T01:07:54+00:00","og_image":[{"width":600,"height":600,"url":"https:\/\/medicinasinc.com\/sl\/wp-content\/uploads\/sites\/7\/2022\/02\/Buy-Fab-CBD-Oil.jpg","type":"image\/jpeg"}],"twitter_card":"summary_large_image","twitter_misc":{"Est. reading time":"1 minute"},"schema":{"@context":"https:\/\/schema.org","@graph":[{"@type":"WebPage","@id":"https:\/\/medicinasinc.com\/sl\/product\/buy-fab-cbd-oil-300mg-600mg-1200mg\/","url":"https:\/\/medicinasinc.com\/sl\/product\/buy-fab-cbd-oil-300mg-600mg-1200mg\/","name":"Kupite Fab CBD olje 300 mg, 600 mg, 1200 mg - najbolj\u0161a zdravila v svetu","isPartOf":{"@id":"https:\/\/medicinasinc.com\/sl\/#website"},"primaryImageOfPage":{"@id":"https:\/\/medicinasinc.com\/sl\/product\/buy-fab-cbd-oil-300mg-600mg-1200mg\/#primaryimage"},"image":{"@id":"https:\/\/medicinasinc.com\/sl\/product\/buy-fab-cbd-oil-300mg-600mg-1200mg\/#primaryimage"},"thumbnailUrl":"https:\/\/medicinasinc.com\/sl\/wp-content\/uploads\/sites\/7\/2022\/02\/Buy-Fab-CBD-Oil.jpg","datePublished":"2022-02-20T08:31:50+00:00","dateModified":"2022-03-19T01:07:54+00:00","description":"Kupite Fab CBD olje 300 mg, kupite Fab CBD olje 600 mg, kupite fab cbd 2400 mg, cbd olje, ki vas osre\u010di, najbolj\u0161e cbd izolacijsko olje, kupite cbd tinkturo na spletu, gnc cbd olje za tesnobo, cbd olje, jedilne kapljice cbd, fab cbd bela etiketa,","breadcrumb":{"@id":"https:\/\/medicinasinc.com\/sl\/product\/buy-fab-cbd-oil-300mg-600mg-1200mg\/#breadcrumb"},"inLanguage":"en-US","potentialAction":[{"@type":"ReadAction","target":["https:\/\/medicinasinc.com\/sl\/product\/buy-fab-cbd-oil-300mg-600mg-1200mg\/"]}]},{"@type":"ImageObject","inLanguage":"en-US","@id":"https:\/\/medicinasinc.com\/sl\/product\/buy-fab-cbd-oil-300mg-600mg-1200mg\/#primaryimage","url":"https:\/\/medicinasinc.com\/sl\/wp-content\/uploads\/sites\/7\/2022\/02\/Buy-Fab-CBD-Oil.jpg","contentUrl":"https:\/\/medicinasinc.com\/sl\/wp-content\/uploads\/sites\/7\/2022\/02\/Buy-Fab-CBD-Oil.jpg","width":600,"height":600},{"@type":"BreadcrumbList","@id":"https:\/\/medicinasinc.com\/sl\/product\/buy-fab-cbd-oil-300mg-600mg-1200mg\/#breadcrumb","itemListElement":[{"@type":"ListItem","position":1,"name":"Nakupujte","item":"https:\/\/medicinasinc.com\/sl\/nakupujte\/"},{"@type":"ListItem","position":2,"name":"Kupite Fab CBD olje 300 mg, 600 mg, 1200 mg"}]},{"@type":"WebSite","@id":"https:\/\/medicinasinc.com\/sl\/#website","url":"https:\/\/medicinasinc.com\/sl\/","name":"Medicinas Inc","description":"Health Medical Clinic","potentialAction":[{"@type":"SearchAction","target":{"@type":"EntryPoint","urlTemplate":"https:\/\/medicinasinc.com\/sl\/?s={search_term_string}"},"query-input":{"@type":"PropertyValueSpecification","valueRequired":true,"valueName":"search_term_string"}}],"inLanguage":"en-US"}]}},"_links":{"self":[{"href":"https:\/\/medicinasinc.com\/sl\/wp-json\/wp\/v2\/product\/4359","targetHints":{"allow":["GET"]}}],"collection":[{"href":"https:\/\/medicinasinc.com\/sl\/wp-json\/wp\/v2\/product"}],"about":[{"href":"https:\/\/medicinasinc.com\/sl\/wp-json\/wp\/v2\/types\/product"}],"replies":[{"embeddable":true,"href":"https:\/\/medicinasinc.com\/sl\/wp-json\/wp\/v2\/comments?post=4359"}],"wp:featuredmedia":[{"embeddable":true,"href":"https:\/\/medicinasinc.com\/sl\/wp-json\/wp\/v2\/media\/4394"}],"wp:attachment":[{"href":"https:\/\/medicinasinc.com\/sl\/wp-json\/wp\/v2\/media?parent=4359"}],"wp:term":[{"taxonomy":"product_brand","embeddable":true,"href":"https:\/\/medicinasinc.com\/sl\/wp-json\/wp\/v2\/product_brand?post=4359"},{"taxonomy":"product_cat","embeddable":true,"href":"https:\/\/medicinasinc.com\/sl\/wp-json\/wp\/v2\/product_cat?post=4359"},{"taxonomy":"product_tag","embeddable":true,"href":"https:\/\/medicinasinc.com\/sl\/wp-json\/wp\/v2\/product_tag?post=4359"}],"curies":[{"name":"wp","href":"https:\/\/api.w.org\/{rel}","templated":true}]}}