{"id":4348,"date":"2022-02-20T08:28:43","date_gmt":"2022-02-20T08:28:43","guid":{"rendered":"https:\/\/medicinasinc.com\/sl\/?post_type=product&#038;p=4348"},"modified":"2022-03-19T01:08:16","modified_gmt":"2022-03-19T01:08:16","slug":"kupi-41-tinktura-30ml-okus-mete-zelena-boginja","status":"publish","type":"product","link":"https:\/\/medicinasinc.com\/sl\/product\/kupi-41-tinktura-30ml-okus-mete-zelena-boginja\/","title":{"rendered":"Kupite 4:1 tinkturo (30 ml) zelena boginja z okusom mete"},"content":{"rendered":"<p>Nakup zelene tinkture boginje 4:1 (30 ml) z okusom mete<\/p>\n<p>Tinkturne kapljice imajo pomembne prednosti pred drugimi metodami dajanja medicinskih kanabinoidov: 30 ml kozarec z enostavnim nanosom kapljic omogo\u010da natan\u010den odmerek, ki ga dajemo sublingvalno v usta. Absorpcija v krvni obtok preko ustne sluznice je hitra in dosledna. Tinktura se ne pretvori v presnovek v prebavnem sistemu ali jetrih, kot je to v primeru peroralno zau\u017eitih kanabinoidov v u\u017eitnih izdelkih.<\/p>\n<p>Formulirano z izvle\u010dkom celotne rastline konoplje. Dodali smo popolnoma naravno olje C8+C10, ki je v celoti pridobljeno iz kokosovih orehov in je odli\u010den vir mo\u010dnih srednjeveri\u017enih ma\u0161\u010dobnih kislin, ki pomagajo ohranjati optimalno delovanje telesa in duha.<\/p>\n<p>13 miligramov na kapalko. 400 miligramov CBD 100 miligramov THC<\/p>\n<p>Sestavine:<\/p>\n<p>MCT olje z aromo mete izvle\u010dek cele rastline konoplje (CBD)<\/p>\n","protected":false},"excerpt":{"rendered":"<p>Kupite 4:1 tinkturo (30 ml) zelena boginja z okusom mete za prodajo v Zdru\u017eenem kraljestvu, Evropi na spletu ZDA v najve\u010dji spletni ambulanti, Buy My Weed na spletu.<\/p>\n<ul>\n<li>Dostava po vsem svetu<\/li>\n<li>Navedena kapalka za 30 ml<\/li>\n<li>400 mg CBD : 100 mg tinkture THC<\/li>\n<li>Okus mete<\/li>\n<li>Najmanj\u0161a koli\u010dina za naro\u010dilo je 5<\/li>\n<\/ul>\n","protected":false},"featured_media":4383,"comment_status":"open","ping_status":"closed","template":"","meta":[],"product_brand":[],"product_cat":[440],"product_tag":[],"class_list":{"0":"post-4348","1":"product","2":"type-product","3":"status-publish","4":"has-post-thumbnail","6":"product_cat-kupi-konopljino-cbd-olje","8":"first","9":"instock","10":"shipping-taxable","11":"purchasable","12":"product-type-variable","13":"has-default-attributes"},"yoast_head":"<!-- This site is optimized with the Yoast SEO plugin v27.3 - https:\/\/yoast.com\/product\/yoast-seo-wordpress\/ -->\n<title>Kupite 4:1 tinkturo (30 ml) zelena boginja z okusom mete \u2013 najbolj\u0161a globalna zdravila<\/title>\n<meta name=\"description\" content=\"Kupite tinkturo 4:1 (30 ml) Zelena boginja z okusom mete za prodajo UK, Evropa na spletu ZDA v najve\u010dji spletni ambulanti, Kupite My Weed Online.\" \/>\n<meta name=\"robots\" content=\"index, follow, max-snippet:-1, max-image-preview:large, max-video-preview:-1\" \/>\n<link rel=\"canonical\" href=\"https:\/\/medicinasinc.com\/sl\/product\/kupi-41-tinktura-30ml-okus-mete-zelena-boginja\/\" \/>\n<meta property=\"og:locale\" content=\"en_US\" \/>\n<meta property=\"og:type\" content=\"article\" \/>\n<meta property=\"og:title\" content=\"Kupite 4:1 tinkturo (30 ml) zelena boginja z okusom mete \u2013 najbolj\u0161a globalna zdravila\" \/>\n<meta property=\"og:description\" content=\"Kupite tinkturo 4:1 (30 ml) Zelena boginja z okusom mete za prodajo UK, Evropa na spletu ZDA v najve\u010dji spletni ambulanti, Kupite My Weed Online.\" \/>\n<meta property=\"og:url\" content=\"https:\/\/medicinasinc.com\/sl\/product\/kupi-41-tinktura-30ml-okus-mete-zelena-boginja\/\" \/>\n<meta property=\"og:site_name\" content=\"Medicinas Inc\" \/>\n<meta property=\"article:modified_time\" content=\"2022-03-19T01:08:16+00:00\" \/>\n<meta property=\"og:image\" content=\"https:\/\/medicinasinc.com\/sl\/wp-content\/uploads\/sites\/7\/2022\/02\/Spearmint-Flavour-Green-Goddess.jpg\" \/>\n\t<meta property=\"og:image:width\" content=\"483\" \/>\n\t<meta property=\"og:image:height\" content=\"483\" \/>\n\t<meta property=\"og:image:type\" content=\"image\/jpeg\" \/>\n<meta name=\"twitter:card\" content=\"summary_large_image\" \/>\n<meta name=\"twitter:label1\" content=\"Est. reading time\" \/>\n\t<meta name=\"twitter:data1\" content=\"1 minute\" \/>\n<script type=\"application\/ld+json\" class=\"yoast-schema-graph\">{\"@context\":\"https:\\\/\\\/schema.org\",\"@graph\":[{\"@type\":\"WebPage\",\"@id\":\"https:\\\/\\\/medicinasinc.com\\\/sl\\\/product\\\/kupi-41-tinktura-30ml-okus-mete-zelena-boginja\\\/\",\"url\":\"https:\\\/\\\/medicinasinc.com\\\/sl\\\/product\\\/kupi-41-tinktura-30ml-okus-mete-zelena-boginja\\\/\",\"name\":\"Kupite 4:1 tinkturo (30 ml) zelena boginja z okusom mete \u2013 najbolj\u0161a globalna zdravila\",\"isPartOf\":{\"@id\":\"https:\\\/\\\/medicinasinc.com\\\/sl\\\/#website\"},\"primaryImageOfPage\":{\"@id\":\"https:\\\/\\\/medicinasinc.com\\\/sl\\\/product\\\/kupi-41-tinktura-30ml-okus-mete-zelena-boginja\\\/#primaryimage\"},\"image\":{\"@id\":\"https:\\\/\\\/medicinasinc.com\\\/sl\\\/product\\\/kupi-41-tinktura-30ml-okus-mete-zelena-boginja\\\/#primaryimage\"},\"thumbnailUrl\":\"https:\\\/\\\/medicinasinc.com\\\/sl\\\/wp-content\\\/uploads\\\/sites\\\/7\\\/2022\\\/02\\\/Spearmint-Flavour-Green-Goddess.jpg\",\"datePublished\":\"2022-02-20T08:28:43+00:00\",\"dateModified\":\"2022-03-19T01:08:16+00:00\",\"description\":\"Kupite tinkturo 4:1 (30 ml) Zelena boginja z okusom mete za prodajo UK, Evropa na spletu ZDA v najve\u010dji spletni ambulanti, Kupite My Weed Online.\",\"breadcrumb\":{\"@id\":\"https:\\\/\\\/medicinasinc.com\\\/sl\\\/product\\\/kupi-41-tinktura-30ml-okus-mete-zelena-boginja\\\/#breadcrumb\"},\"inLanguage\":\"en-US\",\"potentialAction\":[{\"@type\":\"ReadAction\",\"target\":[\"https:\\\/\\\/medicinasinc.com\\\/sl\\\/product\\\/kupi-41-tinktura-30ml-okus-mete-zelena-boginja\\\/\"]}]},{\"@type\":\"ImageObject\",\"inLanguage\":\"en-US\",\"@id\":\"https:\\\/\\\/medicinasinc.com\\\/sl\\\/product\\\/kupi-41-tinktura-30ml-okus-mete-zelena-boginja\\\/#primaryimage\",\"url\":\"https:\\\/\\\/medicinasinc.com\\\/sl\\\/wp-content\\\/uploads\\\/sites\\\/7\\\/2022\\\/02\\\/Spearmint-Flavour-Green-Goddess.jpg\",\"contentUrl\":\"https:\\\/\\\/medicinasinc.com\\\/sl\\\/wp-content\\\/uploads\\\/sites\\\/7\\\/2022\\\/02\\\/Spearmint-Flavour-Green-Goddess.jpg\",\"width\":483,\"height\":483},{\"@type\":\"BreadcrumbList\",\"@id\":\"https:\\\/\\\/medicinasinc.com\\\/sl\\\/product\\\/kupi-41-tinktura-30ml-okus-mete-zelena-boginja\\\/#breadcrumb\",\"itemListElement\":[{\"@type\":\"ListItem\",\"position\":1,\"name\":\"Nakupujte\",\"item\":\"https:\\\/\\\/medicinasinc.com\\\/sl\\\/nakupujte\\\/\"},{\"@type\":\"ListItem\",\"position\":2,\"name\":\"Kupite 4:1 tinkturo (30 ml) zelena boginja z okusom mete\"}]},{\"@type\":\"WebSite\",\"@id\":\"https:\\\/\\\/medicinasinc.com\\\/sl\\\/#website\",\"url\":\"https:\\\/\\\/medicinasinc.com\\\/sl\\\/\",\"name\":\"Medicinas Inc\",\"description\":\"Health Medical Clinic\",\"potentialAction\":[{\"@type\":\"SearchAction\",\"target\":{\"@type\":\"EntryPoint\",\"urlTemplate\":\"https:\\\/\\\/medicinasinc.com\\\/sl\\\/?s={search_term_string}\"},\"query-input\":{\"@type\":\"PropertyValueSpecification\",\"valueRequired\":true,\"valueName\":\"search_term_string\"}}],\"inLanguage\":\"en-US\"}]}<\/script>\n<!-- \/ Yoast SEO plugin. -->","yoast_head_json":{"title":"Kupite 4:1 tinkturo (30 ml) zelena boginja z okusom mete \u2013 najbolj\u0161a globalna zdravila","description":"Kupite tinkturo 4:1 (30 ml) Zelena boginja z okusom mete za prodajo UK, Evropa na spletu ZDA v najve\u010dji spletni ambulanti, Kupite My Weed Online.","robots":{"index":"index","follow":"follow","max-snippet":"max-snippet:-1","max-image-preview":"max-image-preview:large","max-video-preview":"max-video-preview:-1"},"canonical":"https:\/\/medicinasinc.com\/sl\/product\/kupi-41-tinktura-30ml-okus-mete-zelena-boginja\/","og_locale":"en_US","og_type":"article","og_title":"Kupite 4:1 tinkturo (30 ml) zelena boginja z okusom mete \u2013 najbolj\u0161a globalna zdravila","og_description":"Kupite tinkturo 4:1 (30 ml) Zelena boginja z okusom mete za prodajo UK, Evropa na spletu ZDA v najve\u010dji spletni ambulanti, Kupite My Weed Online.","og_url":"https:\/\/medicinasinc.com\/sl\/product\/kupi-41-tinktura-30ml-okus-mete-zelena-boginja\/","og_site_name":"Medicinas Inc","article_modified_time":"2022-03-19T01:08:16+00:00","og_image":[{"width":483,"height":483,"url":"https:\/\/medicinasinc.com\/sl\/wp-content\/uploads\/sites\/7\/2022\/02\/Spearmint-Flavour-Green-Goddess.jpg","type":"image\/jpeg"}],"twitter_card":"summary_large_image","twitter_misc":{"Est. reading time":"1 minute"},"schema":{"@context":"https:\/\/schema.org","@graph":[{"@type":"WebPage","@id":"https:\/\/medicinasinc.com\/sl\/product\/kupi-41-tinktura-30ml-okus-mete-zelena-boginja\/","url":"https:\/\/medicinasinc.com\/sl\/product\/kupi-41-tinktura-30ml-okus-mete-zelena-boginja\/","name":"Kupite 4:1 tinkturo (30 ml) zelena boginja z okusom mete \u2013 najbolj\u0161a globalna zdravila","isPartOf":{"@id":"https:\/\/medicinasinc.com\/sl\/#website"},"primaryImageOfPage":{"@id":"https:\/\/medicinasinc.com\/sl\/product\/kupi-41-tinktura-30ml-okus-mete-zelena-boginja\/#primaryimage"},"image":{"@id":"https:\/\/medicinasinc.com\/sl\/product\/kupi-41-tinktura-30ml-okus-mete-zelena-boginja\/#primaryimage"},"thumbnailUrl":"https:\/\/medicinasinc.com\/sl\/wp-content\/uploads\/sites\/7\/2022\/02\/Spearmint-Flavour-Green-Goddess.jpg","datePublished":"2022-02-20T08:28:43+00:00","dateModified":"2022-03-19T01:08:16+00:00","description":"Kupite tinkturo 4:1 (30 ml) Zelena boginja z okusom mete za prodajo UK, Evropa na spletu ZDA v najve\u010dji spletni ambulanti, Kupite My Weed Online.","breadcrumb":{"@id":"https:\/\/medicinasinc.com\/sl\/product\/kupi-41-tinktura-30ml-okus-mete-zelena-boginja\/#breadcrumb"},"inLanguage":"en-US","potentialAction":[{"@type":"ReadAction","target":["https:\/\/medicinasinc.com\/sl\/product\/kupi-41-tinktura-30ml-okus-mete-zelena-boginja\/"]}]},{"@type":"ImageObject","inLanguage":"en-US","@id":"https:\/\/medicinasinc.com\/sl\/product\/kupi-41-tinktura-30ml-okus-mete-zelena-boginja\/#primaryimage","url":"https:\/\/medicinasinc.com\/sl\/wp-content\/uploads\/sites\/7\/2022\/02\/Spearmint-Flavour-Green-Goddess.jpg","contentUrl":"https:\/\/medicinasinc.com\/sl\/wp-content\/uploads\/sites\/7\/2022\/02\/Spearmint-Flavour-Green-Goddess.jpg","width":483,"height":483},{"@type":"BreadcrumbList","@id":"https:\/\/medicinasinc.com\/sl\/product\/kupi-41-tinktura-30ml-okus-mete-zelena-boginja\/#breadcrumb","itemListElement":[{"@type":"ListItem","position":1,"name":"Nakupujte","item":"https:\/\/medicinasinc.com\/sl\/nakupujte\/"},{"@type":"ListItem","position":2,"name":"Kupite 4:1 tinkturo (30 ml) zelena boginja z okusom mete"}]},{"@type":"WebSite","@id":"https:\/\/medicinasinc.com\/sl\/#website","url":"https:\/\/medicinasinc.com\/sl\/","name":"Medicinas Inc","description":"Health Medical Clinic","potentialAction":[{"@type":"SearchAction","target":{"@type":"EntryPoint","urlTemplate":"https:\/\/medicinasinc.com\/sl\/?s={search_term_string}"},"query-input":{"@type":"PropertyValueSpecification","valueRequired":true,"valueName":"search_term_string"}}],"inLanguage":"en-US"}]}},"_links":{"self":[{"href":"https:\/\/medicinasinc.com\/sl\/wp-json\/wp\/v2\/product\/4348","targetHints":{"allow":["GET"]}}],"collection":[{"href":"https:\/\/medicinasinc.com\/sl\/wp-json\/wp\/v2\/product"}],"about":[{"href":"https:\/\/medicinasinc.com\/sl\/wp-json\/wp\/v2\/types\/product"}],"replies":[{"embeddable":true,"href":"https:\/\/medicinasinc.com\/sl\/wp-json\/wp\/v2\/comments?post=4348"}],"wp:featuredmedia":[{"embeddable":true,"href":"https:\/\/medicinasinc.com\/sl\/wp-json\/wp\/v2\/media\/4383"}],"wp:attachment":[{"href":"https:\/\/medicinasinc.com\/sl\/wp-json\/wp\/v2\/media?parent=4348"}],"wp:term":[{"taxonomy":"product_brand","embeddable":true,"href":"https:\/\/medicinasinc.com\/sl\/wp-json\/wp\/v2\/product_brand?post=4348"},{"taxonomy":"product_cat","embeddable":true,"href":"https:\/\/medicinasinc.com\/sl\/wp-json\/wp\/v2\/product_cat?post=4348"},{"taxonomy":"product_tag","embeddable":true,"href":"https:\/\/medicinasinc.com\/sl\/wp-json\/wp\/v2\/product_tag?post=4348"}],"curies":[{"name":"wp","href":"https:\/\/api.w.org\/{rel}","templated":true}]}}