{"id":4338,"date":"2022-02-20T08:27:22","date_gmt":"2022-02-20T08:27:22","guid":{"rendered":"https:\/\/medicinasinc.com\/sl\/?post_type=product&#038;p=4338"},"modified":"2022-03-19T01:08:34","modified_gmt":"2022-03-19T01:08:34","slug":"buy-250mg-thc-mist-spray-10ml-ease","status":"publish","type":"product","link":"https:\/\/medicinasinc.com\/sl\/product\/buy-250mg-thc-mist-spray-10ml-ease\/","title":{"rendered":"Kupite 250 mg THC meglice v spreju 10 ml \u2013 Ease"},"content":{"rendered":"<p>Kupite 10 ml 250 mg THC meglice v pr\u0161ilu \u2013 Ease<\/p>\n<p>Z na\u0161im okusnim razpr\u0161ilom za dihanje, napolnjenim s konopljo, Ease sublingual Spray dvigne tradicionalni koncept tinkture na povsem novo raven. Ease Spray vam omogo\u010da odmerjanje po potrebi, ne glede na lokacijo, brez strahu pred stigmo, ki je tradicionalno povezana z ve\u010dino izdelkov iz konoplje. Ease Spray vsebuje ogromnih 5 mg zdravila na razpr\u0161ilo, kar vam omogo\u010da natan\u010dno zdravljenje do ravni, ki ustreza va\u0161im potrebam. Spray Ease ne vsebuje alkohola, topil ali petrokemi\u010dnih snovi v svoji povsem naravni formuli izvle\u010dkov kokosa, terpenov in izvle\u010dkov konoplje.<\/p>\n<p>Ta izdelek poenostavlja zdravljenje na poti! S popolnoma novim Ease Shake n Spray Extra Strength!<\/p>\n<p>DOZIRKI ZA PODJEZI\u010cNE STEKLENI\u010cKE ZA PR\u0160ILJO<\/p>\n<p>250 \u200b\u200bmg THC v 10 ml steklenici<\/p>\n<p>Vsaka steklenica vsebuje 50 -60 pr\u0161il.<\/p>\n","protected":false},"excerpt":{"rendered":"<p>Kupite 250mg THC Mist Spray UK 10ml za prodajo v Evropi na spletu. Ease Spray vam daje svobodo pri odmerjanju po potrebi kjer koli \u017ee ste, brez skrbi za tradicionalno stigmo.<\/p>\n<ul>\n<li>Po\u0161iljanje po vsem svetu<\/li>\n<li>EXTRA MO\u010cNI THC MIST SPRAY<\/li>\n<li>10 ml stekleni\u010dka 250 mg THC-ja<\/li>\n<li>Najmanj\u0161a koli\u010dina naro\u010dila je 5<\/li>\n<li><strong>Za ve\u010dja naro\u010dila nas kontaktirajte<\/strong>\u00a0.<\/li>\n<\/ul>\n","protected":false},"featured_media":4371,"comment_status":"open","ping_status":"closed","template":"","meta":[],"product_brand":[],"product_cat":[440],"product_tag":[],"class_list":{"0":"post-4338","1":"product","2":"type-product","3":"status-publish","4":"has-post-thumbnail","6":"product_cat-kupi-konopljino-cbd-olje","8":"first","9":"instock","10":"shipping-taxable","11":"purchasable","12":"product-type-variable","13":"has-default-attributes"},"yoast_head":"<!-- This site is optimized with the Yoast SEO plugin v27.3 - https:\/\/yoast.com\/product\/yoast-seo-wordpress\/ -->\n<title>Kupite 250 mg THC meglice v spreju 10 ml \u2013 Ease \u2013 Best Global Meds<\/title>\n<meta name=\"description\" content=\"Kupite 250mg THC Mist Spray UK 10ml za prodajo v Evropi na spletu. Ease Spray vam daje svobodo pri odmerjanju po potrebi kjer koli \u017ee ste, ne da bi vas tradicionalno skrbelo za stigmo\" \/>\n<meta name=\"robots\" content=\"index, follow, max-snippet:-1, max-image-preview:large, max-video-preview:-1\" \/>\n<link rel=\"canonical\" href=\"https:\/\/medicinasinc.com\/sl\/product\/buy-250mg-thc-mist-spray-10ml-ease\/\" \/>\n<meta property=\"og:locale\" content=\"en_US\" \/>\n<meta property=\"og:type\" content=\"article\" \/>\n<meta property=\"og:title\" content=\"Kupite 250 mg THC meglice v spreju 10 ml \u2013 Ease \u2013 Best Global Meds\" \/>\n<meta property=\"og:description\" content=\"Kupite 250mg THC Mist Spray UK 10ml za prodajo v Evropi na spletu. Ease Spray vam daje svobodo pri odmerjanju po potrebi kjer koli \u017ee ste, ne da bi vas tradicionalno skrbelo za stigmo\" \/>\n<meta property=\"og:url\" content=\"https:\/\/medicinasinc.com\/sl\/product\/buy-250mg-thc-mist-spray-10ml-ease\/\" \/>\n<meta property=\"og:site_name\" content=\"Medicinas Inc\" \/>\n<meta property=\"article:modified_time\" content=\"2022-03-19T01:08:34+00:00\" \/>\n<meta property=\"og:image\" content=\"https:\/\/medicinasinc.com\/sl\/wp-content\/uploads\/sites\/7\/2022\/02\/Buy-250mg-THC-Mist-Spray-10ml.jpg\" \/>\n\t<meta property=\"og:image:width\" content=\"1500\" \/>\n\t<meta property=\"og:image:height\" content=\"1500\" \/>\n\t<meta property=\"og:image:type\" content=\"image\/jpeg\" \/>\n<meta name=\"twitter:card\" content=\"summary_large_image\" \/>\n<meta name=\"twitter:label1\" content=\"Est. reading time\" \/>\n\t<meta name=\"twitter:data1\" content=\"1 minute\" \/>\n<script type=\"application\/ld+json\" class=\"yoast-schema-graph\">{\"@context\":\"https:\\\/\\\/schema.org\",\"@graph\":[{\"@type\":\"WebPage\",\"@id\":\"https:\\\/\\\/medicinasinc.com\\\/sl\\\/product\\\/buy-250mg-thc-mist-spray-10ml-ease\\\/\",\"url\":\"https:\\\/\\\/medicinasinc.com\\\/sl\\\/product\\\/buy-250mg-thc-mist-spray-10ml-ease\\\/\",\"name\":\"Kupite 250 mg THC meglice v spreju 10 ml \u2013 Ease \u2013 Best Global Meds\",\"isPartOf\":{\"@id\":\"https:\\\/\\\/medicinasinc.com\\\/sl\\\/#website\"},\"primaryImageOfPage\":{\"@id\":\"https:\\\/\\\/medicinasinc.com\\\/sl\\\/product\\\/buy-250mg-thc-mist-spray-10ml-ease\\\/#primaryimage\"},\"image\":{\"@id\":\"https:\\\/\\\/medicinasinc.com\\\/sl\\\/product\\\/buy-250mg-thc-mist-spray-10ml-ease\\\/#primaryimage\"},\"thumbnailUrl\":\"https:\\\/\\\/medicinasinc.com\\\/sl\\\/wp-content\\\/uploads\\\/sites\\\/7\\\/2022\\\/02\\\/Buy-250mg-THC-Mist-Spray-10ml.jpg\",\"datePublished\":\"2022-02-20T08:27:22+00:00\",\"dateModified\":\"2022-03-19T01:08:34+00:00\",\"description\":\"Kupite 250mg THC Mist Spray UK 10ml za prodajo v Evropi na spletu. Ease Spray vam daje svobodo pri odmerjanju po potrebi kjer koli \u017ee ste, ne da bi vas tradicionalno skrbelo za stigmo\",\"breadcrumb\":{\"@id\":\"https:\\\/\\\/medicinasinc.com\\\/sl\\\/product\\\/buy-250mg-thc-mist-spray-10ml-ease\\\/#breadcrumb\"},\"inLanguage\":\"en-US\",\"potentialAction\":[{\"@type\":\"ReadAction\",\"target\":[\"https:\\\/\\\/medicinasinc.com\\\/sl\\\/product\\\/buy-250mg-thc-mist-spray-10ml-ease\\\/\"]}]},{\"@type\":\"ImageObject\",\"inLanguage\":\"en-US\",\"@id\":\"https:\\\/\\\/medicinasinc.com\\\/sl\\\/product\\\/buy-250mg-thc-mist-spray-10ml-ease\\\/#primaryimage\",\"url\":\"https:\\\/\\\/medicinasinc.com\\\/sl\\\/wp-content\\\/uploads\\\/sites\\\/7\\\/2022\\\/02\\\/Buy-250mg-THC-Mist-Spray-10ml.jpg\",\"contentUrl\":\"https:\\\/\\\/medicinasinc.com\\\/sl\\\/wp-content\\\/uploads\\\/sites\\\/7\\\/2022\\\/02\\\/Buy-250mg-THC-Mist-Spray-10ml.jpg\",\"width\":1500,\"height\":1500},{\"@type\":\"BreadcrumbList\",\"@id\":\"https:\\\/\\\/medicinasinc.com\\\/sl\\\/product\\\/buy-250mg-thc-mist-spray-10ml-ease\\\/#breadcrumb\",\"itemListElement\":[{\"@type\":\"ListItem\",\"position\":1,\"name\":\"Nakupujte\",\"item\":\"https:\\\/\\\/medicinasinc.com\\\/sl\\\/nakupujte\\\/\"},{\"@type\":\"ListItem\",\"position\":2,\"name\":\"Kupite 250 mg THC meglice v spreju 10 ml \u2013 Ease\"}]},{\"@type\":\"WebSite\",\"@id\":\"https:\\\/\\\/medicinasinc.com\\\/sl\\\/#website\",\"url\":\"https:\\\/\\\/medicinasinc.com\\\/sl\\\/\",\"name\":\"Medicinas Inc\",\"description\":\"Health Medical Clinic\",\"potentialAction\":[{\"@type\":\"SearchAction\",\"target\":{\"@type\":\"EntryPoint\",\"urlTemplate\":\"https:\\\/\\\/medicinasinc.com\\\/sl\\\/?s={search_term_string}\"},\"query-input\":{\"@type\":\"PropertyValueSpecification\",\"valueRequired\":true,\"valueName\":\"search_term_string\"}}],\"inLanguage\":\"en-US\"}]}<\/script>\n<!-- \/ Yoast SEO plugin. -->","yoast_head_json":{"title":"Kupite 250 mg THC meglice v spreju 10 ml \u2013 Ease \u2013 Best Global Meds","description":"Kupite 250mg THC Mist Spray UK 10ml za prodajo v Evropi na spletu. Ease Spray vam daje svobodo pri odmerjanju po potrebi kjer koli \u017ee ste, ne da bi vas tradicionalno skrbelo za stigmo","robots":{"index":"index","follow":"follow","max-snippet":"max-snippet:-1","max-image-preview":"max-image-preview:large","max-video-preview":"max-video-preview:-1"},"canonical":"https:\/\/medicinasinc.com\/sl\/product\/buy-250mg-thc-mist-spray-10ml-ease\/","og_locale":"en_US","og_type":"article","og_title":"Kupite 250 mg THC meglice v spreju 10 ml \u2013 Ease \u2013 Best Global Meds","og_description":"Kupite 250mg THC Mist Spray UK 10ml za prodajo v Evropi na spletu. Ease Spray vam daje svobodo pri odmerjanju po potrebi kjer koli \u017ee ste, ne da bi vas tradicionalno skrbelo za stigmo","og_url":"https:\/\/medicinasinc.com\/sl\/product\/buy-250mg-thc-mist-spray-10ml-ease\/","og_site_name":"Medicinas Inc","article_modified_time":"2022-03-19T01:08:34+00:00","og_image":[{"width":1500,"height":1500,"url":"https:\/\/medicinasinc.com\/sl\/wp-content\/uploads\/sites\/7\/2022\/02\/Buy-250mg-THC-Mist-Spray-10ml.jpg","type":"image\/jpeg"}],"twitter_card":"summary_large_image","twitter_misc":{"Est. reading time":"1 minute"},"schema":{"@context":"https:\/\/schema.org","@graph":[{"@type":"WebPage","@id":"https:\/\/medicinasinc.com\/sl\/product\/buy-250mg-thc-mist-spray-10ml-ease\/","url":"https:\/\/medicinasinc.com\/sl\/product\/buy-250mg-thc-mist-spray-10ml-ease\/","name":"Kupite 250 mg THC meglice v spreju 10 ml \u2013 Ease \u2013 Best Global Meds","isPartOf":{"@id":"https:\/\/medicinasinc.com\/sl\/#website"},"primaryImageOfPage":{"@id":"https:\/\/medicinasinc.com\/sl\/product\/buy-250mg-thc-mist-spray-10ml-ease\/#primaryimage"},"image":{"@id":"https:\/\/medicinasinc.com\/sl\/product\/buy-250mg-thc-mist-spray-10ml-ease\/#primaryimage"},"thumbnailUrl":"https:\/\/medicinasinc.com\/sl\/wp-content\/uploads\/sites\/7\/2022\/02\/Buy-250mg-THC-Mist-Spray-10ml.jpg","datePublished":"2022-02-20T08:27:22+00:00","dateModified":"2022-03-19T01:08:34+00:00","description":"Kupite 250mg THC Mist Spray UK 10ml za prodajo v Evropi na spletu. Ease Spray vam daje svobodo pri odmerjanju po potrebi kjer koli \u017ee ste, ne da bi vas tradicionalno skrbelo za stigmo","breadcrumb":{"@id":"https:\/\/medicinasinc.com\/sl\/product\/buy-250mg-thc-mist-spray-10ml-ease\/#breadcrumb"},"inLanguage":"en-US","potentialAction":[{"@type":"ReadAction","target":["https:\/\/medicinasinc.com\/sl\/product\/buy-250mg-thc-mist-spray-10ml-ease\/"]}]},{"@type":"ImageObject","inLanguage":"en-US","@id":"https:\/\/medicinasinc.com\/sl\/product\/buy-250mg-thc-mist-spray-10ml-ease\/#primaryimage","url":"https:\/\/medicinasinc.com\/sl\/wp-content\/uploads\/sites\/7\/2022\/02\/Buy-250mg-THC-Mist-Spray-10ml.jpg","contentUrl":"https:\/\/medicinasinc.com\/sl\/wp-content\/uploads\/sites\/7\/2022\/02\/Buy-250mg-THC-Mist-Spray-10ml.jpg","width":1500,"height":1500},{"@type":"BreadcrumbList","@id":"https:\/\/medicinasinc.com\/sl\/product\/buy-250mg-thc-mist-spray-10ml-ease\/#breadcrumb","itemListElement":[{"@type":"ListItem","position":1,"name":"Nakupujte","item":"https:\/\/medicinasinc.com\/sl\/nakupujte\/"},{"@type":"ListItem","position":2,"name":"Kupite 250 mg THC meglice v spreju 10 ml \u2013 Ease"}]},{"@type":"WebSite","@id":"https:\/\/medicinasinc.com\/sl\/#website","url":"https:\/\/medicinasinc.com\/sl\/","name":"Medicinas Inc","description":"Health Medical Clinic","potentialAction":[{"@type":"SearchAction","target":{"@type":"EntryPoint","urlTemplate":"https:\/\/medicinasinc.com\/sl\/?s={search_term_string}"},"query-input":{"@type":"PropertyValueSpecification","valueRequired":true,"valueName":"search_term_string"}}],"inLanguage":"en-US"}]}},"_links":{"self":[{"href":"https:\/\/medicinasinc.com\/sl\/wp-json\/wp\/v2\/product\/4338","targetHints":{"allow":["GET"]}}],"collection":[{"href":"https:\/\/medicinasinc.com\/sl\/wp-json\/wp\/v2\/product"}],"about":[{"href":"https:\/\/medicinasinc.com\/sl\/wp-json\/wp\/v2\/types\/product"}],"replies":[{"embeddable":true,"href":"https:\/\/medicinasinc.com\/sl\/wp-json\/wp\/v2\/comments?post=4338"}],"wp:featuredmedia":[{"embeddable":true,"href":"https:\/\/medicinasinc.com\/sl\/wp-json\/wp\/v2\/media\/4371"}],"wp:attachment":[{"href":"https:\/\/medicinasinc.com\/sl\/wp-json\/wp\/v2\/media?parent=4338"}],"wp:term":[{"taxonomy":"product_brand","embeddable":true,"href":"https:\/\/medicinasinc.com\/sl\/wp-json\/wp\/v2\/product_brand?post=4338"},{"taxonomy":"product_cat","embeddable":true,"href":"https:\/\/medicinasinc.com\/sl\/wp-json\/wp\/v2\/product_cat?post=4338"},{"taxonomy":"product_tag","embeddable":true,"href":"https:\/\/medicinasinc.com\/sl\/wp-json\/wp\/v2\/product_tag?post=4338"}],"curies":[{"name":"wp","href":"https:\/\/api.w.org\/{rel}","templated":true}]}}