{"id":4333,"date":"2022-02-20T08:26:46","date_gmt":"2022-02-20T08:26:46","guid":{"rendered":"https:\/\/medicinasinc.com\/sl\/?post_type=product&#038;p=4333"},"modified":"2022-03-19T01:08:44","modified_gmt":"2022-03-19T01:08:44","slug":"kupi-100mg-thc-konopljino-olje-kapsule","status":"publish","type":"product","link":"https:\/\/medicinasinc.com\/sl\/product\/kupi-100mg-thc-konopljino-olje-kapsule\/","title":{"rendered":"Kupite 100 mg THC konopljinega olja v kapsulah"},"content":{"rendered":"<p>Kupite kapsule konopljinega olja 100 mg THC<\/p>\n<p>Da bi te kapsule razlikovali od \u0161iroko dostopnih, a slab\u0161ih kapsul THC v prahu, vsaka kapsula vsebuje 100 mg THC olja konopljinega semena.<\/p>\n<p>Prodano. v treh pakiranjih<\/p>\n<p>Na\u0161e oljne kapsule THC so pridobljene iz celotne rastline konoplje in imajo izjemno veliko terpenov. Te kapsule vsebujejo naj\u010distej\u0161i THC in olje iz konopljinih semen. Konopljino olje vsebuje razmerje omega 6 proti omega 3 ma\u0161\u010dobnim kislinam 3:1, kar ustreza optimalnim zahtevam za dolgotrajno zdravje. Vsaka serija olja THC je laboratorijsko testirana, da se zagotovi njegova \u010distost in varnost.<\/p>\n","protected":false},"excerpt":{"rendered":"<p>Kupite 100mg THC konopljino olje v kapsulah za prodajo, so formulirane iz celotne rastline konoplje in so bogate s terpeni. Te kapsule vsebujejo najkakovostnej\u0161i THC in olje konopljinih semen.<\/p>\n<ul>\n<li>Po\u0161iljanje po celem svetu<\/li>\n<li>Vsaka kapsula vsebuje 100 mg THC-ja.<\/li>\n<li>Vsaka stekleni\u010dka vsebuje 3 kapsule. kapsule.<\/li>\n<li>Najmanj\u0161a koli\u010dina za naro\u010dilo je 5<strong><em>\u00a0steklenic<\/em><\/strong><\/li>\n<li>Za ve\u010dja naro\u010dila nas kontaktirajte<\/li>\n<\/ul>\n","protected":false},"featured_media":4365,"comment_status":"open","ping_status":"closed","template":"","meta":[],"product_brand":[],"product_cat":[440],"product_tag":[],"class_list":{"0":"post-4333","1":"product","2":"type-product","3":"status-publish","4":"has-post-thumbnail","6":"product_cat-kupi-konopljino-cbd-olje","8":"first","9":"instock","10":"shipping-taxable","11":"purchasable","12":"product-type-variable","13":"has-default-attributes"},"yoast_head":"<!-- This site is optimized with the Yoast SEO plugin v27.3 - https:\/\/yoast.com\/product\/yoast-seo-wordpress\/ -->\n<title>Kupite 100 mg THC konopljinega olja v kapsulah - najbolj\u0161a zdravila v svetu<\/title>\n<meta name=\"description\" content=\"Kupite 100 mg THC kapsule olja konopljinega semena za prodajo so formulirane iz celotne rastline konoplje in so bogate s terpeni. Te kapsule vsebujejo najkakovostnej\u0161i THC in olje konopljinih semen.\" \/>\n<meta name=\"robots\" content=\"index, follow, max-snippet:-1, max-image-preview:large, max-video-preview:-1\" \/>\n<link rel=\"canonical\" href=\"https:\/\/medicinasinc.com\/sl\/product\/kupi-100mg-thc-konopljino-olje-kapsule\/\" \/>\n<meta property=\"og:locale\" content=\"en_US\" \/>\n<meta property=\"og:type\" content=\"article\" \/>\n<meta property=\"og:title\" content=\"Kupite 100 mg THC konopljinega olja v kapsulah - najbolj\u0161a zdravila v svetu\" \/>\n<meta property=\"og:description\" content=\"Kupite 100 mg THC kapsule olja konopljinega semena za prodajo so formulirane iz celotne rastline konoplje in so bogate s terpeni. Te kapsule vsebujejo najkakovostnej\u0161i THC in olje konopljinih semen.\" \/>\n<meta property=\"og:url\" content=\"https:\/\/medicinasinc.com\/sl\/product\/kupi-100mg-thc-konopljino-olje-kapsule\/\" \/>\n<meta property=\"og:site_name\" content=\"Medicinas Inc\" \/>\n<meta property=\"article:modified_time\" content=\"2022-03-19T01:08:44+00:00\" \/>\n<meta property=\"og:image\" content=\"https:\/\/medicinasinc.com\/sl\/wp-content\/uploads\/sites\/7\/2022\/02\/Buy-100mg-THC-Hemp-Seed-Oil-Capsules-2.jpg\" \/>\n\t<meta property=\"og:image:width\" content=\"344\" \/>\n\t<meta property=\"og:image:height\" content=\"400\" \/>\n\t<meta property=\"og:image:type\" content=\"image\/jpeg\" \/>\n<meta name=\"twitter:card\" content=\"summary_large_image\" \/>\n<meta name=\"twitter:label1\" content=\"Est. reading time\" \/>\n\t<meta name=\"twitter:data1\" content=\"1 minute\" \/>\n<script type=\"application\/ld+json\" class=\"yoast-schema-graph\">{\"@context\":\"https:\\\/\\\/schema.org\",\"@graph\":[{\"@type\":\"WebPage\",\"@id\":\"https:\\\/\\\/medicinasinc.com\\\/sl\\\/product\\\/kupi-100mg-thc-konopljino-olje-kapsule\\\/\",\"url\":\"https:\\\/\\\/medicinasinc.com\\\/sl\\\/product\\\/kupi-100mg-thc-konopljino-olje-kapsule\\\/\",\"name\":\"Kupite 100 mg THC konopljinega olja v kapsulah - najbolj\u0161a zdravila v svetu\",\"isPartOf\":{\"@id\":\"https:\\\/\\\/medicinasinc.com\\\/sl\\\/#website\"},\"primaryImageOfPage\":{\"@id\":\"https:\\\/\\\/medicinasinc.com\\\/sl\\\/product\\\/kupi-100mg-thc-konopljino-olje-kapsule\\\/#primaryimage\"},\"image\":{\"@id\":\"https:\\\/\\\/medicinasinc.com\\\/sl\\\/product\\\/kupi-100mg-thc-konopljino-olje-kapsule\\\/#primaryimage\"},\"thumbnailUrl\":\"https:\\\/\\\/medicinasinc.com\\\/sl\\\/wp-content\\\/uploads\\\/sites\\\/7\\\/2022\\\/02\\\/Buy-100mg-THC-Hemp-Seed-Oil-Capsules-2.jpg\",\"datePublished\":\"2022-02-20T08:26:46+00:00\",\"dateModified\":\"2022-03-19T01:08:44+00:00\",\"description\":\"Kupite 100 mg THC kapsule olja konopljinega semena za prodajo so formulirane iz celotne rastline konoplje in so bogate s terpeni. Te kapsule vsebujejo najkakovostnej\u0161i THC in olje konopljinih semen.\",\"breadcrumb\":{\"@id\":\"https:\\\/\\\/medicinasinc.com\\\/sl\\\/product\\\/kupi-100mg-thc-konopljino-olje-kapsule\\\/#breadcrumb\"},\"inLanguage\":\"en-US\",\"potentialAction\":[{\"@type\":\"ReadAction\",\"target\":[\"https:\\\/\\\/medicinasinc.com\\\/sl\\\/product\\\/kupi-100mg-thc-konopljino-olje-kapsule\\\/\"]}]},{\"@type\":\"ImageObject\",\"inLanguage\":\"en-US\",\"@id\":\"https:\\\/\\\/medicinasinc.com\\\/sl\\\/product\\\/kupi-100mg-thc-konopljino-olje-kapsule\\\/#primaryimage\",\"url\":\"https:\\\/\\\/medicinasinc.com\\\/sl\\\/wp-content\\\/uploads\\\/sites\\\/7\\\/2022\\\/02\\\/Buy-100mg-THC-Hemp-Seed-Oil-Capsules-2.jpg\",\"contentUrl\":\"https:\\\/\\\/medicinasinc.com\\\/sl\\\/wp-content\\\/uploads\\\/sites\\\/7\\\/2022\\\/02\\\/Buy-100mg-THC-Hemp-Seed-Oil-Capsules-2.jpg\",\"width\":344,\"height\":400},{\"@type\":\"BreadcrumbList\",\"@id\":\"https:\\\/\\\/medicinasinc.com\\\/sl\\\/product\\\/kupi-100mg-thc-konopljino-olje-kapsule\\\/#breadcrumb\",\"itemListElement\":[{\"@type\":\"ListItem\",\"position\":1,\"name\":\"Nakupujte\",\"item\":\"https:\\\/\\\/medicinasinc.com\\\/sl\\\/nakupujte\\\/\"},{\"@type\":\"ListItem\",\"position\":2,\"name\":\"Kupite 100 mg THC konopljinega olja v kapsulah\"}]},{\"@type\":\"WebSite\",\"@id\":\"https:\\\/\\\/medicinasinc.com\\\/sl\\\/#website\",\"url\":\"https:\\\/\\\/medicinasinc.com\\\/sl\\\/\",\"name\":\"Medicinas Inc\",\"description\":\"Health Medical Clinic\",\"potentialAction\":[{\"@type\":\"SearchAction\",\"target\":{\"@type\":\"EntryPoint\",\"urlTemplate\":\"https:\\\/\\\/medicinasinc.com\\\/sl\\\/?s={search_term_string}\"},\"query-input\":{\"@type\":\"PropertyValueSpecification\",\"valueRequired\":true,\"valueName\":\"search_term_string\"}}],\"inLanguage\":\"en-US\"}]}<\/script>\n<!-- \/ Yoast SEO plugin. -->","yoast_head_json":{"title":"Kupite 100 mg THC konopljinega olja v kapsulah - najbolj\u0161a zdravila v svetu","description":"Kupite 100 mg THC kapsule olja konopljinega semena za prodajo so formulirane iz celotne rastline konoplje in so bogate s terpeni. Te kapsule vsebujejo najkakovostnej\u0161i THC in olje konopljinih semen.","robots":{"index":"index","follow":"follow","max-snippet":"max-snippet:-1","max-image-preview":"max-image-preview:large","max-video-preview":"max-video-preview:-1"},"canonical":"https:\/\/medicinasinc.com\/sl\/product\/kupi-100mg-thc-konopljino-olje-kapsule\/","og_locale":"en_US","og_type":"article","og_title":"Kupite 100 mg THC konopljinega olja v kapsulah - najbolj\u0161a zdravila v svetu","og_description":"Kupite 100 mg THC kapsule olja konopljinega semena za prodajo so formulirane iz celotne rastline konoplje in so bogate s terpeni. Te kapsule vsebujejo najkakovostnej\u0161i THC in olje konopljinih semen.","og_url":"https:\/\/medicinasinc.com\/sl\/product\/kupi-100mg-thc-konopljino-olje-kapsule\/","og_site_name":"Medicinas Inc","article_modified_time":"2022-03-19T01:08:44+00:00","og_image":[{"width":344,"height":400,"url":"https:\/\/medicinasinc.com\/sl\/wp-content\/uploads\/sites\/7\/2022\/02\/Buy-100mg-THC-Hemp-Seed-Oil-Capsules-2.jpg","type":"image\/jpeg"}],"twitter_card":"summary_large_image","twitter_misc":{"Est. reading time":"1 minute"},"schema":{"@context":"https:\/\/schema.org","@graph":[{"@type":"WebPage","@id":"https:\/\/medicinasinc.com\/sl\/product\/kupi-100mg-thc-konopljino-olje-kapsule\/","url":"https:\/\/medicinasinc.com\/sl\/product\/kupi-100mg-thc-konopljino-olje-kapsule\/","name":"Kupite 100 mg THC konopljinega olja v kapsulah - najbolj\u0161a zdravila v svetu","isPartOf":{"@id":"https:\/\/medicinasinc.com\/sl\/#website"},"primaryImageOfPage":{"@id":"https:\/\/medicinasinc.com\/sl\/product\/kupi-100mg-thc-konopljino-olje-kapsule\/#primaryimage"},"image":{"@id":"https:\/\/medicinasinc.com\/sl\/product\/kupi-100mg-thc-konopljino-olje-kapsule\/#primaryimage"},"thumbnailUrl":"https:\/\/medicinasinc.com\/sl\/wp-content\/uploads\/sites\/7\/2022\/02\/Buy-100mg-THC-Hemp-Seed-Oil-Capsules-2.jpg","datePublished":"2022-02-20T08:26:46+00:00","dateModified":"2022-03-19T01:08:44+00:00","description":"Kupite 100 mg THC kapsule olja konopljinega semena za prodajo so formulirane iz celotne rastline konoplje in so bogate s terpeni. Te kapsule vsebujejo najkakovostnej\u0161i THC in olje konopljinih semen.","breadcrumb":{"@id":"https:\/\/medicinasinc.com\/sl\/product\/kupi-100mg-thc-konopljino-olje-kapsule\/#breadcrumb"},"inLanguage":"en-US","potentialAction":[{"@type":"ReadAction","target":["https:\/\/medicinasinc.com\/sl\/product\/kupi-100mg-thc-konopljino-olje-kapsule\/"]}]},{"@type":"ImageObject","inLanguage":"en-US","@id":"https:\/\/medicinasinc.com\/sl\/product\/kupi-100mg-thc-konopljino-olje-kapsule\/#primaryimage","url":"https:\/\/medicinasinc.com\/sl\/wp-content\/uploads\/sites\/7\/2022\/02\/Buy-100mg-THC-Hemp-Seed-Oil-Capsules-2.jpg","contentUrl":"https:\/\/medicinasinc.com\/sl\/wp-content\/uploads\/sites\/7\/2022\/02\/Buy-100mg-THC-Hemp-Seed-Oil-Capsules-2.jpg","width":344,"height":400},{"@type":"BreadcrumbList","@id":"https:\/\/medicinasinc.com\/sl\/product\/kupi-100mg-thc-konopljino-olje-kapsule\/#breadcrumb","itemListElement":[{"@type":"ListItem","position":1,"name":"Nakupujte","item":"https:\/\/medicinasinc.com\/sl\/nakupujte\/"},{"@type":"ListItem","position":2,"name":"Kupite 100 mg THC konopljinega olja v kapsulah"}]},{"@type":"WebSite","@id":"https:\/\/medicinasinc.com\/sl\/#website","url":"https:\/\/medicinasinc.com\/sl\/","name":"Medicinas Inc","description":"Health Medical Clinic","potentialAction":[{"@type":"SearchAction","target":{"@type":"EntryPoint","urlTemplate":"https:\/\/medicinasinc.com\/sl\/?s={search_term_string}"},"query-input":{"@type":"PropertyValueSpecification","valueRequired":true,"valueName":"search_term_string"}}],"inLanguage":"en-US"}]}},"_links":{"self":[{"href":"https:\/\/medicinasinc.com\/sl\/wp-json\/wp\/v2\/product\/4333","targetHints":{"allow":["GET"]}}],"collection":[{"href":"https:\/\/medicinasinc.com\/sl\/wp-json\/wp\/v2\/product"}],"about":[{"href":"https:\/\/medicinasinc.com\/sl\/wp-json\/wp\/v2\/types\/product"}],"replies":[{"embeddable":true,"href":"https:\/\/medicinasinc.com\/sl\/wp-json\/wp\/v2\/comments?post=4333"}],"wp:featuredmedia":[{"embeddable":true,"href":"https:\/\/medicinasinc.com\/sl\/wp-json\/wp\/v2\/media\/4365"}],"wp:attachment":[{"href":"https:\/\/medicinasinc.com\/sl\/wp-json\/wp\/v2\/media?parent=4333"}],"wp:term":[{"taxonomy":"product_brand","embeddable":true,"href":"https:\/\/medicinasinc.com\/sl\/wp-json\/wp\/v2\/product_brand?post=4333"},{"taxonomy":"product_cat","embeddable":true,"href":"https:\/\/medicinasinc.com\/sl\/wp-json\/wp\/v2\/product_cat?post=4333"},{"taxonomy":"product_tag","embeddable":true,"href":"https:\/\/medicinasinc.com\/sl\/wp-json\/wp\/v2\/product_tag?post=4333"}],"curies":[{"name":"wp","href":"https:\/\/api.w.org\/{rel}","templated":true}]}}